{"id":89,"date":"2013-09-09T09:48:18","date_gmt":"2013-09-09T09:48:18","guid":{"rendered":"http:\/\/aligator.cristaleria-aligator.com\/?page_id=89"},"modified":"2019-12-18T17:13:16","modified_gmt":"2019-12-18T15:13:16","slug":"toldos-aligator","status":"publish","type":"page","link":"https:\/\/grupo-aligator.com\/es\/toldos-aligator\/","title":{"rendered":"Toldos Aligator"},"content":{"rendered":"<div id=\"aligator-logo-es\"><\/div>\n<div id=\"toldos-aligator-description\">\n<p>Toldos Aligator es una divisi\u00f3n del Grupo Aligator y ofrece productos de alta calidad para la protecci\u00f3n contra el sol y <span class=\"tlid-translation translation\" lang=\"es\"><span class=\"\" title=\"\">Jard\u00edn de invierno<\/span><\/span> en Marbella, Mijas and Fuengirola.<\/p>\n<p>Ofrecemos \u00fanicamente productos de calidad que proceden principalmente de Alemania. S\u00f3lo trabajamos con empresas l\u00edderes en su segmento de mercado.<\/p>\n<p>Encontrar\u00e1 la mayor selecci\u00f3n de productos para la protecci\u00f3n contra el sol y Jard\u00edn de invierno en todo el sur de Espa\u00f1a. Si desea el mejor asesoramiento y planificaci\u00f3n as\u00ed como la realizaci\u00f3n de sus deseos, por favor no dude en contactar con nosotros.<\/p>\n<\/div>\n<div id=\"toldos-menu-content\">\n<div id=\"toldos-menu-line-1\">\n<div class=\"toldos-menu\"><a id=\"toldos-menu-item-1\" href=\"http:\/\/grupo-aligator.com\/es\/toldos-marbella\/\">Toldos<\/a><\/div>\n<div class=\"toldos-menu\"><a id=\"toldos-menu-item-2\" href=\"http:\/\/grupo-aligator.com\/es\/contraventanas-enrollables\/\">Contraventanas<\/a><\/div>\n<div class=\"toldos-menu\"><a id=\"toldos-menu-item-3\" href=\"http:\/\/grupo-aligator.com\/es\/contacto\/\">Contacto<\/a><\/div>\n<\/div>\n<div id=\"toldos-menu-line-2\">\n<div class=\"toldos-menu\"><a id=\"toldos-menu-item-4\" href=\"http:\/\/grupo-aligator.com\/es\/persianas-venecianas-marbella\/\">Persiana<\/a><\/div>\n<div class=\"toldos-menu\"><a id=\"toldos-menu-item-5\" href=\"http:\/\/grupo-aligator.com\/es\/velas-solares-marbella\/\">Marquesina<\/a><\/div>\n<\/div>\n<div id=\"toldos-menu-line-3\">\n<div class=\"toldos-menu\"><a id=\"toldos-menu-item-6\" style=\"font-size: 13px;\" href=\"http:\/\/grupo-aligator.com\/es\/tecnologa-control-toldos-mijas\/\">Mecanismo de control<\/a><\/div>\n<\/div>\n<div id=\"toldos-menu-line-4\">\n<div class=\"toldos-menu\"><a id=\"toldos-menu-item-7\" href=\"http:\/\/grupo-aligator.com\/es\/persiana-interna-mijas-costa\/\">Persiana interna<\/a><\/div>\n<div class=\"toldos-menu\"><a id=\"toldos-menu-item-8\" href=\"http:\/\/grupo-aligator.com\/es\/mosquiteras-mijas\/\">Mosquitero<\/a><\/div>\n<\/div>\n<\/div>\n<div class=\"toldos-menu-images\">\n<p><img decoding=\"async\" id=\"toldos-menu-item-1-img\" src=\"\/wp-content\/uploads\/2013\/09\/markisen-cat.jpg\" \/><\/p>\n<p><img decoding=\"async\" id=\"toldos-menu-item-2-img\" src=\"\/wp-content\/uploads\/2013\/09\/rolladen-cat.jpg\" \/><\/p>\n<p><img decoding=\"async\" id=\"toldos-menu-item-3-img\" src=\"\/wp-content\/uploads\/2013\/09\/contact-us.jpg\" \/><\/p>\n<p><img decoding=\"async\" id=\"toldos-menu-item-4-img\" src=\"\/wp-content\/uploads\/2013\/09\/raffstore-cat.jpg\" \/><\/p>\n<p><img decoding=\"async\" id=\"toldos-menu-item-5-img\" src=\"\/wp-content\/uploads\/2013\/09\/sonnensegel-cat.jpg\" \/><\/p>\n<p><img decoding=\"async\" id=\"toldos-menu-item-6-img\" src=\"\/wp-content\/uploads\/2013\/09\/steuerungstechnik-cat.jpg\" \/><\/p>\n<p><img decoding=\"async\" id=\"toldos-menu-item-7-img\" src=\"\/wp-content\/uploads\/2013\/09\/innenliegende-beschattung-cat.jpg\" \/><\/p>\n<p><img decoding=\"async\" id=\"toldos-menu-item-8-img\" src=\"\/wp-content\/uploads\/2014\/07\/insektenschutz-drehrahmen.jpg\" \/><\/p>\n<\/div>\n<p><script type=\"text\/javascript\">\n$(function() {\n    $('#toldos-menu-item-1').hover(function() { \n        $('#toldos-menu-item-1-img').show(); \n    }, function() { \n        $('#toldos-menu-item-1-img').hide(); \n    });\n    $('#toldos-menu-item-2').hover(function() { \n        $('#toldos-menu-item-2-img').show(); \n    }, function() { \n        $('#toldos-menu-item-2-img').hide(); \n    });\n    $('#toldos-menu-item-3').hover(function() { \n        $('#toldos-menu-item-3-img').show(); \n    }, function() { \n        $('#toldos-menu-item-3-img').hide(); \n    });\n    $('#toldos-menu-item-4').hover(function() { \n        $('#toldos-menu-item-4-img').show(); \n    }, function() { \n        $('#toldos-menu-item-4-img').hide(); \n    });\n    $('#toldos-menu-item-5').hover(function() { \n        $('#toldos-menu-item-5-img').show(); \n    }, function() { \n        $('#toldos-menu-item-5-img').hide(); \n    });\n    $('#toldos-menu-item-6').hover(function() { \n        $('#toldos-menu-item-6-img').show(); \n    }, function() { \n        $('#toldos-menu-item-6-img').hide(); \n    });\n    $('#toldos-menu-item-7').hover(function() { \n        $('#toldos-menu-item-7-img').show(); \n    }, function() { \n        $('#toldos-menu-item-7-img').hide(); \n    });\n    $('#toldos-menu-item-8').hover(function() { \n        $('#toldos-menu-item-8-img').show(); \n    }, function() { \n        $('#toldos-menu-item-8-img').hide(); \n    });\n});\n<\/script><\/p>\n","protected":false},"excerpt":{"rendered":"<p>Toldos Aligator es una divisi\u00f3n del Grupo Aligator y ofrece productos de alta calidad para la protecci\u00f3n contra el sol y Jard\u00edn de invierno en Marbella, Mijas and Fuengirola. Ofrecemos \u00fanicamente productos de calidad que proceden principalmente de Alemania. S\u00f3lo trabajamos con empresas l\u00edderes en su segmento de mercado. Encontrar\u00e1 la mayor selecci\u00f3n de productos para la protecci\u00f3n contra el sol y Jard\u00edn de invierno en todo el sur<span class=\"ellipsis\">&hellip;<\/span><\/p>\n<div class=\"read-more\"><a href=\"https:\/\/grupo-aligator.com\/es\/toldos-aligator\/\">Read More&#8230;<\/a><\/div>\n<p><!-- end of .read-more --><\/p>\n","protected":false},"author":1,"featured_media":0,"parent":0,"menu_order":0,"comment_status":"closed","ping_status":"closed","template":"category-page.php","meta":[],"yoast_head":"<!-- This site is optimized with the Yoast SEO plugin v19.11 - https:\/\/yoast.com\/wordpress\/plugins\/seo\/ -->\n<title>Jard\u00edn de invierno protecci\u00f3n solar como toldos, vela sol - Toldos Alligator<\/title>\n<meta name=\"description\" content=\"Jard\u00edn de invierno protecci\u00f3n solar como toldos, vela sol, Mosquiteras Toldos Alligator ofrece productos de protecci\u00f3n solar Costa del Sol Mijas Fuengirola.\" \/>\n<meta name=\"robots\" content=\"index, follow, max-snippet:-1, max-image-preview:large, max-video-preview:-1\" \/>\n<link rel=\"canonical\" href=\"https:\/\/grupo-aligator.com\/es\/toldos-aligator\/\" \/>\n<meta property=\"og:locale\" content=\"es_ES\" \/>\n<meta property=\"og:type\" content=\"article\" \/>\n<meta property=\"og:title\" content=\"Jard\u00edn de invierno protecci\u00f3n solar como toldos, vela sol - Toldos Alligator\" \/>\n<meta property=\"og:description\" content=\"Jard\u00edn de invierno protecci\u00f3n solar como toldos, vela sol, Mosquiteras Toldos Alligator ofrece productos de protecci\u00f3n solar Costa del Sol Mijas Fuengirola.\" \/>\n<meta property=\"og:url\" content=\"https:\/\/grupo-aligator.com\/es\/toldos-aligator\/\" \/>\n<meta property=\"article:modified_time\" content=\"2019-12-18T15:13:16+00:00\" \/>\n<meta name=\"twitter:card\" content=\"summary_large_image\" \/>\n<meta name=\"twitter:label1\" content=\"Tiempo de lectura\" \/>\n\t<meta name=\"twitter:data1\" content=\"1 minuto\" \/>\n<script type=\"application\/ld+json\" class=\"yoast-schema-graph\">{\"@context\":\"https:\/\/schema.org\",\"@graph\":[{\"@type\":\"WebPage\",\"@id\":\"https:\/\/grupo-aligator.com\/es\/toldos-aligator\/\",\"url\":\"https:\/\/grupo-aligator.com\/es\/toldos-aligator\/\",\"name\":\"Jard\u00edn de invierno protecci\u00f3n solar como toldos, vela sol - Toldos Alligator\",\"isPartOf\":{\"@id\":\"https:\/\/grupo-aligator.com\/es\/#website\"},\"datePublished\":\"2013-09-09T09:48:18+00:00\",\"dateModified\":\"2019-12-18T15:13:16+00:00\",\"description\":\"Jard\u00edn de invierno protecci\u00f3n solar como toldos, vela sol, Mosquiteras Toldos Alligator ofrece productos de protecci\u00f3n solar Costa del Sol Mijas Fuengirola.\",\"breadcrumb\":{\"@id\":\"https:\/\/grupo-aligator.com\/es\/toldos-aligator\/#breadcrumb\"},\"inLanguage\":\"es\",\"potentialAction\":[{\"@type\":\"ReadAction\",\"target\":[\"https:\/\/grupo-aligator.com\/es\/toldos-aligator\/\"]}]},{\"@type\":\"BreadcrumbList\",\"@id\":\"https:\/\/grupo-aligator.com\/es\/toldos-aligator\/#breadcrumb\",\"itemListElement\":[{\"@type\":\"ListItem\",\"position\":1,\"name\":\"Home\",\"item\":\"https:\/\/grupo-aligator.com\/es\/\"},{\"@type\":\"ListItem\",\"position\":2,\"name\":\"Toldos Aligator\"}]},{\"@type\":\"WebSite\",\"@id\":\"https:\/\/grupo-aligator.com\/es\/#website\",\"url\":\"https:\/\/grupo-aligator.com\/es\/\",\"name\":\"\",\"description\":\"\",\"publisher\":{\"@id\":\"https:\/\/grupo-aligator.com\/es\/#organization\"},\"potentialAction\":[{\"@type\":\"SearchAction\",\"target\":{\"@type\":\"EntryPoint\",\"urlTemplate\":\"https:\/\/grupo-aligator.com\/es\/?s={search_term_string}\"},\"query-input\":\"required name=search_term_string\"}],\"inLanguage\":\"es\"},{\"@type\":\"Organization\",\"@id\":\"https:\/\/grupo-aligator.com\/es\/#organization\",\"name\":\"Cristaleria Aligator S.L.\",\"url\":\"https:\/\/grupo-aligator.com\/es\/\",\"logo\":{\"@type\":\"ImageObject\",\"inLanguage\":\"es\",\"@id\":\"https:\/\/grupo-aligator.com\/es\/#\/schema\/logo\/image\/\",\"url\":\"http:\/\/grupo-aligator.com\/wp-content\/uploads\/2019\/11\/aligator-logo-de.png\",\"contentUrl\":\"http:\/\/grupo-aligator.com\/wp-content\/uploads\/2019\/11\/aligator-logo-de.png\",\"width\":150,\"height\":160,\"caption\":\"Cristaleria Aligator S.L.\"},\"image\":{\"@id\":\"https:\/\/grupo-aligator.com\/es\/#\/schema\/logo\/image\/\"}}]}<\/script>\n<!-- \/ Yoast SEO plugin. -->","yoast_head_json":{"title":"Jard\u00edn de invierno protecci\u00f3n solar como toldos, vela sol - Toldos Alligator","description":"Jard\u00edn de invierno protecci\u00f3n solar como toldos, vela sol, Mosquiteras Toldos Alligator ofrece productos de protecci\u00f3n solar Costa del Sol Mijas Fuengirola.","robots":{"index":"index","follow":"follow","max-snippet":"max-snippet:-1","max-image-preview":"max-image-preview:large","max-video-preview":"max-video-preview:-1"},"canonical":"https:\/\/grupo-aligator.com\/es\/toldos-aligator\/","og_locale":"es_ES","og_type":"article","og_title":"Jard\u00edn de invierno protecci\u00f3n solar como toldos, vela sol - Toldos Alligator","og_description":"Jard\u00edn de invierno protecci\u00f3n solar como toldos, vela sol, Mosquiteras Toldos Alligator ofrece productos de protecci\u00f3n solar Costa del Sol Mijas Fuengirola.","og_url":"https:\/\/grupo-aligator.com\/es\/toldos-aligator\/","article_modified_time":"2019-12-18T15:13:16+00:00","twitter_card":"summary_large_image","twitter_misc":{"Tiempo de lectura":"1 minuto"},"schema":{"@context":"https:\/\/schema.org","@graph":[{"@type":"WebPage","@id":"https:\/\/grupo-aligator.com\/es\/toldos-aligator\/","url":"https:\/\/grupo-aligator.com\/es\/toldos-aligator\/","name":"Jard\u00edn de invierno protecci\u00f3n solar como toldos, vela sol - Toldos Alligator","isPartOf":{"@id":"https:\/\/grupo-aligator.com\/es\/#website"},"datePublished":"2013-09-09T09:48:18+00:00","dateModified":"2019-12-18T15:13:16+00:00","description":"Jard\u00edn de invierno protecci\u00f3n solar como toldos, vela sol, Mosquiteras Toldos Alligator ofrece productos de protecci\u00f3n solar Costa del Sol Mijas Fuengirola.","breadcrumb":{"@id":"https:\/\/grupo-aligator.com\/es\/toldos-aligator\/#breadcrumb"},"inLanguage":"es","potentialAction":[{"@type":"ReadAction","target":["https:\/\/grupo-aligator.com\/es\/toldos-aligator\/"]}]},{"@type":"BreadcrumbList","@id":"https:\/\/grupo-aligator.com\/es\/toldos-aligator\/#breadcrumb","itemListElement":[{"@type":"ListItem","position":1,"name":"Home","item":"https:\/\/grupo-aligator.com\/es\/"},{"@type":"ListItem","position":2,"name":"Toldos Aligator"}]},{"@type":"WebSite","@id":"https:\/\/grupo-aligator.com\/es\/#website","url":"https:\/\/grupo-aligator.com\/es\/","name":"","description":"","publisher":{"@id":"https:\/\/grupo-aligator.com\/es\/#organization"},"potentialAction":[{"@type":"SearchAction","target":{"@type":"EntryPoint","urlTemplate":"https:\/\/grupo-aligator.com\/es\/?s={search_term_string}"},"query-input":"required name=search_term_string"}],"inLanguage":"es"},{"@type":"Organization","@id":"https:\/\/grupo-aligator.com\/es\/#organization","name":"Cristaleria Aligator S.L.","url":"https:\/\/grupo-aligator.com\/es\/","logo":{"@type":"ImageObject","inLanguage":"es","@id":"https:\/\/grupo-aligator.com\/es\/#\/schema\/logo\/image\/","url":"http:\/\/grupo-aligator.com\/wp-content\/uploads\/2019\/11\/aligator-logo-de.png","contentUrl":"http:\/\/grupo-aligator.com\/wp-content\/uploads\/2019\/11\/aligator-logo-de.png","width":150,"height":160,"caption":"Cristaleria Aligator S.L."},"image":{"@id":"https:\/\/grupo-aligator.com\/es\/#\/schema\/logo\/image\/"}}]}},"_links":{"self":[{"href":"https:\/\/grupo-aligator.com\/es\/wp-json\/wp\/v2\/pages\/89"}],"collection":[{"href":"https:\/\/grupo-aligator.com\/es\/wp-json\/wp\/v2\/pages"}],"about":[{"href":"https:\/\/grupo-aligator.com\/es\/wp-json\/wp\/v2\/types\/page"}],"author":[{"embeddable":true,"href":"https:\/\/grupo-aligator.com\/es\/wp-json\/wp\/v2\/users\/1"}],"replies":[{"embeddable":true,"href":"https:\/\/grupo-aligator.com\/es\/wp-json\/wp\/v2\/comments?post=89"}],"version-history":[{"count":27,"href":"https:\/\/grupo-aligator.com\/es\/wp-json\/wp\/v2\/pages\/89\/revisions"}],"predecessor-version":[{"id":7378,"href":"https:\/\/grupo-aligator.com\/es\/wp-json\/wp\/v2\/pages\/89\/revisions\/7378"}],"wp:attachment":[{"href":"https:\/\/grupo-aligator.com\/es\/wp-json\/wp\/v2\/media?parent=89"}],"curies":[{"name":"wp","href":"https:\/\/api.w.org\/{rel}","templated":true}]}}