{"id":3600,"date":"2014-12-03T14:59:23","date_gmt":"2014-12-03T14:59:23","guid":{"rendered":"http:\/\/aligator.cristaleria-aligator.com\/?page_id=3600"},"modified":"2015-09-18T08:18:53","modified_gmt":"2015-09-18T08:18:53","slug":"wohnwerte-schaffen-mit-schuco-aluminium-fenster-systemen","status":"publish","type":"page","link":"https:\/\/grupo-aligator.com\/es\/wohnwerte-schaffen-mit-schuco-aluminium-fenster-systemen\/","title":{"rendered":"Wohnwerte schaffen-<br\/ > mit Sch\u00fcco Aluminium Fenster-Systemen"},"content":{"rendered":"<div id=\"aligator-logo-es\" style=\"margin: -74px 0 0 742px;\"><\/div>\n<div class=\"toldos-top-logo\"><\/div>\n<div id=\"toldos-aligator-description\">\n<p style=\"font-size: 14px;\">Vielf\u00e4ltige Gestaltungsm\u00f6glichkeiten. Hohe Stabilit\u00e4t und Langlebigkeit.<br \/>\nAluminium erm\u00f6glicht Fenster in gro\u00dfen Dimensionen &#8211; und mit optimaler W\u00e4rmed\u00e4mmung.<br \/>\nF\u00fcr einen individuellen Charakter des Geb\u00e4udes. F\u00fcr lichtdurchflutete R\u00e4ume.<br \/>\nUnd beste Aussichten f\u00fcr den Klimaschutz. Aluminium: ein Werkstoff der Zukunft baut.<\/p>\n<\/div>\n<div class=\"toldos-gallery\"><div class=\"DOPThumbnailGalleryContainer\" id=\"DOPThumbnailGallery194\">\n                                 <a href=\"https:\/\/grupo-aligator.com\/wp-content\/plugins\/_doptg\/frontend-ajax.php\" class=\"Settings\"><\/a>\n                                 <ul class=\"Content\" style=\"display:none;\"><li>\n                                                    <img class=\"Image\" src=\"https:\/\/grupo-aligator.com\/wp-content\/plugins\/_doptg\/uploads\/Rfe9snHSSFseWtpBbgNLhAY5bybbe9fsOYqOOK33LqOGbpFBQqAEfHM7RWGPdmGLL.jpg\" alt=\"\" title=\"\" \/>\n                                                    <img class=\"Thumb\" src=\"https:\/\/grupo-aligator.com\/wp-content\/plugins\/_doptg\/uploads\/thumbs\/Rfe9snHSSFseWtpBbgNLhAY5bybbe9fsOYqOOK33LqOGbpFBQqAEfHM7RWGPdmGLL.jpg\" alt=\"\" title=\"\" \/>\n                                                    <span class=\"CaptionTitle\"><\/span>\n                                                    <span class=\"CaptionText\"><\/span>\n                                                    <span class=\"Media\"><\/span>\n                                                    <span class=\"LightboxMedia\"><\/span>\n                                                 <\/li><li>\n                                                    <img class=\"Image\" src=\"https:\/\/grupo-aligator.com\/wp-content\/plugins\/_doptg\/uploads\/m3K31ArgMOxygf15bEAphWTP2s4yCL9Dc1dT3OpGHhTeX8KbaOytkss1XNkcwHf7Y.jpg\" alt=\"\" title=\"\" \/>\n                                                    <img class=\"Thumb\" src=\"https:\/\/grupo-aligator.com\/wp-content\/plugins\/_doptg\/uploads\/thumbs\/m3K31ArgMOxygf15bEAphWTP2s4yCL9Dc1dT3OpGHhTeX8KbaOytkss1XNkcwHf7Y.jpg\" alt=\"\" title=\"\" \/>\n                                                    <span class=\"CaptionTitle\"><\/span>\n                                                    <span class=\"CaptionText\"><\/span>\n                                                    <span class=\"Media\"><\/span>\n                                                    <span class=\"LightboxMedia\"><\/span>\n                                                 <\/li><li>\n                                                    <img class=\"Image\" src=\"https:\/\/grupo-aligator.com\/wp-content\/plugins\/_doptg\/uploads\/EZF1zg1y1OOhSxw7Hhsa3hkP7AGDmx2KTFA9s9YbrzLP8sQzXG5k2AThbGEK3tRTs.jpg\" alt=\"\" title=\"\" \/>\n                                                    <img class=\"Thumb\" src=\"https:\/\/grupo-aligator.com\/wp-content\/plugins\/_doptg\/uploads\/thumbs\/EZF1zg1y1OOhSxw7Hhsa3hkP7AGDmx2KTFA9s9YbrzLP8sQzXG5k2AThbGEK3tRTs.jpg\" alt=\"\" title=\"\" \/>\n                                                    <span class=\"CaptionTitle\"><\/span>\n                                                    <span class=\"CaptionText\"><\/span>\n                                                    <span class=\"Media\"><\/span>\n                                                    <span class=\"LightboxMedia\"><\/span>\n                                                 <\/li><li>\n                                                    <img class=\"Image\" src=\"https:\/\/grupo-aligator.com\/wp-content\/plugins\/_doptg\/uploads\/nwtMNaT7O6GB8LdSsNC5Sby6bBZb9Eg2cw6gWF3PQXDW4K6OcSmrTPECMQtEfZk1H.jpeg\" alt=\"\" title=\"\" \/>\n                                                    <img class=\"Thumb\" src=\"https:\/\/grupo-aligator.com\/wp-content\/plugins\/_doptg\/uploads\/thumbs\/nwtMNaT7O6GB8LdSsNC5Sby6bBZb9Eg2cw6gWF3PQXDW4K6OcSmrTPECMQtEfZk1H.jpeg\" alt=\"\" title=\"\" \/>\n                                                    <span class=\"CaptionTitle\"><\/span>\n                                                    <span class=\"CaptionText\"><\/span>\n                                                    <span class=\"Media\"><\/span>\n                                                    <span class=\"LightboxMedia\"><\/span>\n                                                 <\/li><li>\n                                                    <img class=\"Image\" src=\"https:\/\/grupo-aligator.com\/wp-content\/plugins\/_doptg\/uploads\/AYgdgRwk1xYMF98eQOHz7Mb54DX42bNCLObXzanpExyggF9sKmtkNgapEqqjYrBdX.jpg\" alt=\"\" title=\"\" \/>\n                                                    <img class=\"Thumb\" src=\"https:\/\/grupo-aligator.com\/wp-content\/plugins\/_doptg\/uploads\/thumbs\/AYgdgRwk1xYMF98eQOHz7Mb54DX42bNCLObXzanpExyggF9sKmtkNgapEqqjYrBdX.jpg\" alt=\"\" title=\"\" \/>\n                                                    <span class=\"CaptionTitle\"><\/span>\n                                                    <span class=\"CaptionText\"><\/span>\n                                                    <span class=\"Media\"><\/span>\n                                                    <span class=\"LightboxMedia\"><\/span>\n                                                 <\/li><li>\n                                                    <img class=\"Image\" src=\"https:\/\/grupo-aligator.com\/wp-content\/plugins\/_doptg\/uploads\/n8ehrOpRaCgcHKcwHAP5CGDw3BZXzXOEffTpHLgBKH8DA2Xs9cYNrZQKBO8OOxcTA.jpg\" alt=\"\" title=\"\" \/>\n                                                    <img class=\"Thumb\" src=\"https:\/\/grupo-aligator.com\/wp-content\/plugins\/_doptg\/uploads\/thumbs\/n8ehrOpRaCgcHKcwHAP5CGDw3BZXzXOEffTpHLgBKH8DA2Xs9cYNrZQKBO8OOxcTA.jpg\" alt=\"\" title=\"\" \/>\n                                                    <span class=\"CaptionTitle\"><\/span>\n                                                    <span class=\"CaptionText\"><\/span>\n                                                    <span class=\"Media\"><\/span>\n                                                    <span class=\"LightboxMedia\"><\/span>\n                                                 <\/li><li>\n                                                    <img class=\"Image\" src=\"https:\/\/grupo-aligator.com\/wp-content\/plugins\/_doptg\/uploads\/6ZPkeYxhncM4p68e4prkQkWhyqM47nrCDMLya5sL4DONzPfp4Z9aWtcp9Sr1et5Hz.jpg\" alt=\"\" title=\"\" \/>\n                                                    <img class=\"Thumb\" src=\"https:\/\/grupo-aligator.com\/wp-content\/plugins\/_doptg\/uploads\/thumbs\/6ZPkeYxhncM4p68e4prkQkWhyqM47nrCDMLya5sL4DONzPfp4Z9aWtcp9Sr1et5Hz.jpg\" alt=\"\" title=\"\" \/>\n                                                    <span class=\"CaptionTitle\"><\/span>\n                                                    <span class=\"CaptionText\"><\/span>\n                                                    <span class=\"Media\"><\/span>\n                                                    <span class=\"LightboxMedia\"><\/span>\n                                                 <\/li><li>\n                                                    <img class=\"Image\" src=\"https:\/\/grupo-aligator.com\/wp-content\/plugins\/_doptg\/uploads\/YKLmaf9jKxFkFDrCdzgCKLmPatc3fbbbKKFKsRagMrYF1zOdQCC4CAf57bcXOHccT.jpg\" alt=\"\" title=\"\" \/>\n                                                    <img class=\"Thumb\" src=\"https:\/\/grupo-aligator.com\/wp-content\/plugins\/_doptg\/uploads\/thumbs\/YKLmaf9jKxFkFDrCdzgCKLmPatc3fbbbKKFKsRagMrYF1zOdQCC4CAf57bcXOHccT.jpg\" alt=\"\" title=\"\" \/>\n                                                    <span class=\"CaptionTitle\"><\/span>\n                                                    <span class=\"CaptionText\"><\/span>\n                                                    <span class=\"Media\"><\/span>\n                                                    <span class=\"LightboxMedia\"><\/span>\n                                                 <\/li><li>\n                                                    <img class=\"Image\" src=\"https:\/\/grupo-aligator.com\/wp-content\/plugins\/_doptg\/uploads\/bp1BB8qTXWD4NGhYCMS8Ej57z2mbwzggzGsYM8maP6CBASKxPBpWgtS9qTmtBqL8F.jpg\" alt=\"\" title=\"\" \/>\n                                                    <img class=\"Thumb\" src=\"https:\/\/grupo-aligator.com\/wp-content\/plugins\/_doptg\/uploads\/thumbs\/bp1BB8qTXWD4NGhYCMS8Ej57z2mbwzggzGsYM8maP6CBASKxPBpWgtS9qTmtBqL8F.jpg\" alt=\"\" title=\"\" \/>\n                                                    <span class=\"CaptionTitle\"><\/span>\n                                                    <span class=\"CaptionText\"><\/span>\n                                                    <span class=\"Media\"><\/span>\n                                                    <span class=\"LightboxMedia\"><\/span>\n                                                 <\/li><\/ul>\n                             <\/div>\n                             <script type=\"text\/JavaScript\">\n                                 jQuery(document).ready(function(){\n                                     jQuery('#DOPThumbnailGallery194').DOPThumbnailGallery();\n                                 });\n                             <\/script><\/div>\n","protected":false},"excerpt":{"rendered":"<p>Vielf\u00e4ltige Gestaltungsm\u00f6glichkeiten. Hohe Stabilit\u00e4t und Langlebigkeit. Aluminium erm\u00f6glicht Fenster in gro\u00dfen Dimensionen &#8211; und mit optimaler W\u00e4rmed\u00e4mmung. F\u00fcr einen individuellen Charakter des Geb\u00e4udes. F\u00fcr lichtdurchflutete R\u00e4ume. Und beste Aussichten f\u00fcr den Klimaschutz. Aluminium: ein Werkstoff der Zukunft baut.<\/p>\n","protected":false},"author":1,"featured_media":0,"parent":0,"menu_order":0,"comment_status":"open","ping_status":"open","template":"content-page.php","meta":[],"yoast_head":"<!-- This site is optimized with the Yoast SEO plugin v19.11 - https:\/\/yoast.com\/wordpress\/plugins\/seo\/ -->\n<title>Wohnwerte schaffen- mit Sch\u00fcco Aluminium Fenster-Systemen Mijas, Tarifa, Malaga, Marbella, Torrox - Cristaleria Aligator<\/title>\n<meta name=\"description\" content=\"Wohnwerte schaffen- mit Sch\u00fcco Aluminium Fenster-Systemen Mijas, Tarifa, Malaga, Marbella, Torrox - Cristaleria Aligator tambi\u00e9n instala jard\u00edn de invierno, cortinas de vidrio en Sotogrande Costa del Sol\" \/>\n<meta name=\"robots\" content=\"index, follow, max-snippet:-1, max-image-preview:large, max-video-preview:-1\" \/>\n<link rel=\"canonical\" href=\"https:\/\/grupo-aligator.com\/es\/wohnwerte-schaffen-mit-schuco-aluminium-fenster-systemen\/\" \/>\n<meta property=\"og:locale\" content=\"es_ES\" \/>\n<meta property=\"og:type\" content=\"article\" \/>\n<meta property=\"og:title\" content=\"Wohnwerte schaffen- mit Sch\u00fcco Aluminium Fenster-Systemen Mijas, Tarifa, Malaga, Marbella, Torrox - Cristaleria Aligator\" \/>\n<meta property=\"og:description\" content=\"Wohnwerte schaffen- mit Sch\u00fcco Aluminium Fenster-Systemen Mijas, Tarifa, Malaga, Marbella, Torrox - Cristaleria Aligator tambi\u00e9n instala jard\u00edn de invierno, cortinas de vidrio en Sotogrande Costa del Sol\" \/>\n<meta property=\"og:url\" content=\"https:\/\/grupo-aligator.com\/es\/wohnwerte-schaffen-mit-schuco-aluminium-fenster-systemen\/\" \/>\n<meta property=\"article:modified_time\" content=\"2015-09-18T08:18:53+00:00\" \/>\n<meta name=\"twitter:card\" content=\"summary_large_image\" \/>\n<script type=\"application\/ld+json\" class=\"yoast-schema-graph\">{\"@context\":\"https:\/\/schema.org\",\"@graph\":[{\"@type\":\"WebPage\",\"@id\":\"https:\/\/grupo-aligator.com\/es\/wohnwerte-schaffen-mit-schuco-aluminium-fenster-systemen\/\",\"url\":\"https:\/\/grupo-aligator.com\/es\/wohnwerte-schaffen-mit-schuco-aluminium-fenster-systemen\/\",\"name\":\"Wohnwerte schaffen- mit Sch\u00fcco Aluminium Fenster-Systemen Mijas, Tarifa, Malaga, Marbella, Torrox - Cristaleria Aligator\",\"isPartOf\":{\"@id\":\"https:\/\/grupo-aligator.com\/es\/#website\"},\"datePublished\":\"2014-12-03T14:59:23+00:00\",\"dateModified\":\"2015-09-18T08:18:53+00:00\",\"description\":\"Wohnwerte schaffen- mit Sch\u00fcco Aluminium Fenster-Systemen Mijas, Tarifa, Malaga, Marbella, Torrox - Cristaleria Aligator tambi\u00e9n instala jard\u00edn de invierno, cortinas de vidrio en Sotogrande Costa del Sol\",\"breadcrumb\":{\"@id\":\"https:\/\/grupo-aligator.com\/es\/wohnwerte-schaffen-mit-schuco-aluminium-fenster-systemen\/#breadcrumb\"},\"inLanguage\":\"es\",\"potentialAction\":[{\"@type\":\"ReadAction\",\"target\":[\"https:\/\/grupo-aligator.com\/es\/wohnwerte-schaffen-mit-schuco-aluminium-fenster-systemen\/\"]}]},{\"@type\":\"BreadcrumbList\",\"@id\":\"https:\/\/grupo-aligator.com\/es\/wohnwerte-schaffen-mit-schuco-aluminium-fenster-systemen\/#breadcrumb\",\"itemListElement\":[{\"@type\":\"ListItem\",\"position\":1,\"name\":\"Home\",\"item\":\"https:\/\/grupo-aligator.com\/es\/\"},{\"@type\":\"ListItem\",\"position\":2,\"name\":\"Wohnwerte schaffen- mit Sch\u00fcco Aluminium Fenster-Systemen\"}]},{\"@type\":\"WebSite\",\"@id\":\"https:\/\/grupo-aligator.com\/es\/#website\",\"url\":\"https:\/\/grupo-aligator.com\/es\/\",\"name\":\"\",\"description\":\"\",\"publisher\":{\"@id\":\"https:\/\/grupo-aligator.com\/es\/#organization\"},\"potentialAction\":[{\"@type\":\"SearchAction\",\"target\":{\"@type\":\"EntryPoint\",\"urlTemplate\":\"https:\/\/grupo-aligator.com\/es\/?s={search_term_string}\"},\"query-input\":\"required name=search_term_string\"}],\"inLanguage\":\"es\"},{\"@type\":\"Organization\",\"@id\":\"https:\/\/grupo-aligator.com\/es\/#organization\",\"name\":\"Cristaleria Aligator S.L.\",\"url\":\"https:\/\/grupo-aligator.com\/es\/\",\"logo\":{\"@type\":\"ImageObject\",\"inLanguage\":\"es\",\"@id\":\"https:\/\/grupo-aligator.com\/es\/#\/schema\/logo\/image\/\",\"url\":\"http:\/\/grupo-aligator.com\/wp-content\/uploads\/2019\/11\/aligator-logo-de.png\",\"contentUrl\":\"http:\/\/grupo-aligator.com\/wp-content\/uploads\/2019\/11\/aligator-logo-de.png\",\"width\":150,\"height\":160,\"caption\":\"Cristaleria Aligator S.L.\"},\"image\":{\"@id\":\"https:\/\/grupo-aligator.com\/es\/#\/schema\/logo\/image\/\"}}]}<\/script>\n<!-- \/ Yoast SEO plugin. -->","yoast_head_json":{"title":"Wohnwerte schaffen- mit Sch\u00fcco Aluminium Fenster-Systemen Mijas, Tarifa, Malaga, Marbella, Torrox - Cristaleria Aligator","description":"Wohnwerte schaffen- mit Sch\u00fcco Aluminium Fenster-Systemen Mijas, Tarifa, Malaga, Marbella, Torrox - Cristaleria Aligator tambi\u00e9n instala jard\u00edn de invierno, cortinas de vidrio en Sotogrande Costa del Sol","robots":{"index":"index","follow":"follow","max-snippet":"max-snippet:-1","max-image-preview":"max-image-preview:large","max-video-preview":"max-video-preview:-1"},"canonical":"https:\/\/grupo-aligator.com\/es\/wohnwerte-schaffen-mit-schuco-aluminium-fenster-systemen\/","og_locale":"es_ES","og_type":"article","og_title":"Wohnwerte schaffen- mit Sch\u00fcco Aluminium Fenster-Systemen Mijas, Tarifa, Malaga, Marbella, Torrox - Cristaleria Aligator","og_description":"Wohnwerte schaffen- mit Sch\u00fcco Aluminium Fenster-Systemen Mijas, Tarifa, Malaga, Marbella, Torrox - Cristaleria Aligator tambi\u00e9n instala jard\u00edn de invierno, cortinas de vidrio en Sotogrande Costa del Sol","og_url":"https:\/\/grupo-aligator.com\/es\/wohnwerte-schaffen-mit-schuco-aluminium-fenster-systemen\/","article_modified_time":"2015-09-18T08:18:53+00:00","twitter_card":"summary_large_image","schema":{"@context":"https:\/\/schema.org","@graph":[{"@type":"WebPage","@id":"https:\/\/grupo-aligator.com\/es\/wohnwerte-schaffen-mit-schuco-aluminium-fenster-systemen\/","url":"https:\/\/grupo-aligator.com\/es\/wohnwerte-schaffen-mit-schuco-aluminium-fenster-systemen\/","name":"Wohnwerte schaffen- mit Sch\u00fcco Aluminium Fenster-Systemen Mijas, Tarifa, Malaga, Marbella, Torrox - Cristaleria Aligator","isPartOf":{"@id":"https:\/\/grupo-aligator.com\/es\/#website"},"datePublished":"2014-12-03T14:59:23+00:00","dateModified":"2015-09-18T08:18:53+00:00","description":"Wohnwerte schaffen- mit Sch\u00fcco Aluminium Fenster-Systemen Mijas, Tarifa, Malaga, Marbella, Torrox - Cristaleria Aligator tambi\u00e9n instala jard\u00edn de invierno, cortinas de vidrio en Sotogrande Costa del Sol","breadcrumb":{"@id":"https:\/\/grupo-aligator.com\/es\/wohnwerte-schaffen-mit-schuco-aluminium-fenster-systemen\/#breadcrumb"},"inLanguage":"es","potentialAction":[{"@type":"ReadAction","target":["https:\/\/grupo-aligator.com\/es\/wohnwerte-schaffen-mit-schuco-aluminium-fenster-systemen\/"]}]},{"@type":"BreadcrumbList","@id":"https:\/\/grupo-aligator.com\/es\/wohnwerte-schaffen-mit-schuco-aluminium-fenster-systemen\/#breadcrumb","itemListElement":[{"@type":"ListItem","position":1,"name":"Home","item":"https:\/\/grupo-aligator.com\/es\/"},{"@type":"ListItem","position":2,"name":"Wohnwerte schaffen- mit Sch\u00fcco Aluminium Fenster-Systemen"}]},{"@type":"WebSite","@id":"https:\/\/grupo-aligator.com\/es\/#website","url":"https:\/\/grupo-aligator.com\/es\/","name":"","description":"","publisher":{"@id":"https:\/\/grupo-aligator.com\/es\/#organization"},"potentialAction":[{"@type":"SearchAction","target":{"@type":"EntryPoint","urlTemplate":"https:\/\/grupo-aligator.com\/es\/?s={search_term_string}"},"query-input":"required name=search_term_string"}],"inLanguage":"es"},{"@type":"Organization","@id":"https:\/\/grupo-aligator.com\/es\/#organization","name":"Cristaleria Aligator S.L.","url":"https:\/\/grupo-aligator.com\/es\/","logo":{"@type":"ImageObject","inLanguage":"es","@id":"https:\/\/grupo-aligator.com\/es\/#\/schema\/logo\/image\/","url":"http:\/\/grupo-aligator.com\/wp-content\/uploads\/2019\/11\/aligator-logo-de.png","contentUrl":"http:\/\/grupo-aligator.com\/wp-content\/uploads\/2019\/11\/aligator-logo-de.png","width":150,"height":160,"caption":"Cristaleria Aligator S.L."},"image":{"@id":"https:\/\/grupo-aligator.com\/es\/#\/schema\/logo\/image\/"}}]}},"_links":{"self":[{"href":"https:\/\/grupo-aligator.com\/es\/wp-json\/wp\/v2\/pages\/3600"}],"collection":[{"href":"https:\/\/grupo-aligator.com\/es\/wp-json\/wp\/v2\/pages"}],"about":[{"href":"https:\/\/grupo-aligator.com\/es\/wp-json\/wp\/v2\/types\/page"}],"author":[{"embeddable":true,"href":"https:\/\/grupo-aligator.com\/es\/wp-json\/wp\/v2\/users\/1"}],"replies":[{"embeddable":true,"href":"https:\/\/grupo-aligator.com\/es\/wp-json\/wp\/v2\/comments?post=3600"}],"version-history":[{"count":2,"href":"https:\/\/grupo-aligator.com\/es\/wp-json\/wp\/v2\/pages\/3600\/revisions"}],"predecessor-version":[{"id":5212,"href":"https:\/\/grupo-aligator.com\/es\/wp-json\/wp\/v2\/pages\/3600\/revisions\/5212"}],"wp:attachment":[{"href":"https:\/\/grupo-aligator.com\/es\/wp-json\/wp\/v2\/media?parent=3600"}],"curies":[{"name":"wp","href":"https:\/\/api.w.org\/{rel}","templated":true}]}}