{"id":3501,"date":"2014-10-09T10:39:54","date_gmt":"2014-10-09T10:39:54","guid":{"rendered":"http:\/\/aligator.cristaleria-aligator.com\/?page_id=3501"},"modified":"2019-12-18T14:55:28","modified_gmt":"2019-12-18T12:55:28","slug":"toldos-para-techos","status":"publish","type":"page","link":"https:\/\/grupo-aligator.com\/es\/toldos-para-techos\/","title":{"rendered":"Toldos para techos"},"content":{"rendered":"<div id=\"aligator-logo-es\"><\/div>\n<div id=\"toldos-aligator-description\">\n<p>El cl\u00e1sico jard\u00edn de invierno, el porche acristalado, un balc\u00f3n cubierto o una p\u00e9rgola: un toldo en la azotea crea un conductor de luz que presenta sea el invierno que el verano de su lado m\u00e1s agradable.<\/p>\n<\/div>\n<div id=\"toldos-columns\">\n<div class=\"toldos-column\">\n<div class=\"toldos-column-logo\"><a href=\"http:\/\/grupo-aligator.com\/es\/dach-markisen-model-7000\/\"><img decoding=\"async\" src=\"\/wp-content\/uploads\/2013\/09\/llaza-logo.png\" \/><\/a><\/div>\n<div class=\"toldos-column-logo-text\"><\/div>\n<div class=\"toldos-column-image\"><a href=\"http:\/\/grupo-aligator.com\/es\/dach-markisen-model-7000\/\"><img decoding=\"async\" loading=\"lazy\" src=\"\/wp-content\/uploads\/2013\/10\/dach-markisen-model-7000.jpg\" width=\"220\" height=\"260\" \/><\/a><br \/>\n<img decoding=\"async\" class=\"toldos-column-image-watermark\" src=\"\/wp-content\/uploads\/2013\/09\/toldos-column-image-watermark.png\" \/><\/div>\n<\/div>\n<div class=\"toldos-column\">\n<div class=\"toldos-column-logo\"><a href=\"http:\/\/grupo-aligator.com\/es\/dach-markisen-warema\/\"><img decoding=\"async\" src=\"\/wp-content\/uploads\/2013\/09\/warema-logo.png\" \/><\/a><\/div>\n<div class=\"toldos-column-logo-text\"><\/div>\n<div class=\"toldos-column-image\"><a href=\"http:\/\/grupo-aligator.com\/es\/dach-markisen-warema\/\"><img decoding=\"async\" loading=\"lazy\" src=\"\/wp-content\/uploads\/2013\/10\/dach-markisen-model-d2.jpg\" width=\"220\" height=\"260\" \/><\/a><br \/>\n<img decoding=\"async\" class=\"toldos-column-image-watermark\" src=\"\/wp-content\/uploads\/2013\/09\/toldos-column-image-watermark.png\" \/><\/div>\n<\/div>\n<\/div>\n","protected":false},"excerpt":{"rendered":"<p>El cl\u00e1sico jard\u00edn de invierno, el porche acristalado, un balc\u00f3n cubierto o una p\u00e9rgola: un toldo en la azotea crea un conductor de luz que presenta sea el invierno que el verano de su lado m\u00e1s agradable.<\/p>\n","protected":false},"author":1,"featured_media":0,"parent":0,"menu_order":0,"comment_status":"closed","ping_status":"closed","template":"content-page.php","meta":[],"yoast_head":"<!-- This site is optimized with the Yoast SEO plugin v19.11 - https:\/\/yoast.com\/wordpress\/plugins\/seo\/ -->\n<title>Toldos para techos Mijas, Tarifa, Malaga, Marbella, Torrox - Cristaleria Aligator<\/title>\n<meta name=\"description\" content=\"Toldos para techos Mijas, Tarifa, Malaga, Marbella, Torrox - Cristaleria Aligator tambi\u00e9n instala jard\u00edn de invierno, cortinas de vidrio en Sotogrande Costa del Sol\" \/>\n<meta name=\"robots\" content=\"index, follow, max-snippet:-1, max-image-preview:large, max-video-preview:-1\" \/>\n<link rel=\"canonical\" href=\"https:\/\/grupo-aligator.com\/es\/toldos-para-techos\/\" \/>\n<meta property=\"og:locale\" content=\"es_ES\" \/>\n<meta property=\"og:type\" content=\"article\" \/>\n<meta property=\"og:title\" content=\"Toldos para techos Mijas, Tarifa, Malaga, Marbella, Torrox - Cristaleria Aligator\" \/>\n<meta property=\"og:description\" content=\"Toldos para techos Mijas, Tarifa, Malaga, Marbella, Torrox - Cristaleria Aligator tambi\u00e9n instala jard\u00edn de invierno, cortinas de vidrio en Sotogrande Costa del Sol\" \/>\n<meta property=\"og:url\" content=\"https:\/\/grupo-aligator.com\/es\/toldos-para-techos\/\" \/>\n<meta property=\"article:modified_time\" content=\"2019-12-18T12:55:28+00:00\" \/>\n<meta name=\"twitter:card\" content=\"summary_large_image\" \/>\n<script type=\"application\/ld+json\" class=\"yoast-schema-graph\">{\"@context\":\"https:\/\/schema.org\",\"@graph\":[{\"@type\":\"WebPage\",\"@id\":\"https:\/\/grupo-aligator.com\/es\/toldos-para-techos\/\",\"url\":\"https:\/\/grupo-aligator.com\/es\/toldos-para-techos\/\",\"name\":\"Toldos para techos Mijas, Tarifa, Malaga, Marbella, Torrox - Cristaleria Aligator\",\"isPartOf\":{\"@id\":\"https:\/\/grupo-aligator.com\/es\/#website\"},\"datePublished\":\"2014-10-09T10:39:54+00:00\",\"dateModified\":\"2019-12-18T12:55:28+00:00\",\"description\":\"Toldos para techos Mijas, Tarifa, Malaga, Marbella, Torrox - Cristaleria Aligator tambi\u00e9n instala jard\u00edn de invierno, cortinas de vidrio en Sotogrande Costa del Sol\",\"breadcrumb\":{\"@id\":\"https:\/\/grupo-aligator.com\/es\/toldos-para-techos\/#breadcrumb\"},\"inLanguage\":\"es\",\"potentialAction\":[{\"@type\":\"ReadAction\",\"target\":[\"https:\/\/grupo-aligator.com\/es\/toldos-para-techos\/\"]}]},{\"@type\":\"BreadcrumbList\",\"@id\":\"https:\/\/grupo-aligator.com\/es\/toldos-para-techos\/#breadcrumb\",\"itemListElement\":[{\"@type\":\"ListItem\",\"position\":1,\"name\":\"Home\",\"item\":\"https:\/\/grupo-aligator.com\/es\/\"},{\"@type\":\"ListItem\",\"position\":2,\"name\":\"Toldos para techos\"}]},{\"@type\":\"WebSite\",\"@id\":\"https:\/\/grupo-aligator.com\/es\/#website\",\"url\":\"https:\/\/grupo-aligator.com\/es\/\",\"name\":\"\",\"description\":\"\",\"publisher\":{\"@id\":\"https:\/\/grupo-aligator.com\/es\/#organization\"},\"potentialAction\":[{\"@type\":\"SearchAction\",\"target\":{\"@type\":\"EntryPoint\",\"urlTemplate\":\"https:\/\/grupo-aligator.com\/es\/?s={search_term_string}\"},\"query-input\":\"required name=search_term_string\"}],\"inLanguage\":\"es\"},{\"@type\":\"Organization\",\"@id\":\"https:\/\/grupo-aligator.com\/es\/#organization\",\"name\":\"Cristaleria Aligator S.L.\",\"url\":\"https:\/\/grupo-aligator.com\/es\/\",\"logo\":{\"@type\":\"ImageObject\",\"inLanguage\":\"es\",\"@id\":\"https:\/\/grupo-aligator.com\/es\/#\/schema\/logo\/image\/\",\"url\":\"http:\/\/grupo-aligator.com\/wp-content\/uploads\/2019\/11\/aligator-logo-de.png\",\"contentUrl\":\"http:\/\/grupo-aligator.com\/wp-content\/uploads\/2019\/11\/aligator-logo-de.png\",\"width\":150,\"height\":160,\"caption\":\"Cristaleria Aligator S.L.\"},\"image\":{\"@id\":\"https:\/\/grupo-aligator.com\/es\/#\/schema\/logo\/image\/\"}}]}<\/script>\n<!-- \/ Yoast SEO plugin. -->","yoast_head_json":{"title":"Toldos para techos Mijas, Tarifa, Malaga, Marbella, Torrox - Cristaleria Aligator","description":"Toldos para techos Mijas, Tarifa, Malaga, Marbella, Torrox - Cristaleria Aligator tambi\u00e9n instala jard\u00edn de invierno, cortinas de vidrio en Sotogrande Costa del Sol","robots":{"index":"index","follow":"follow","max-snippet":"max-snippet:-1","max-image-preview":"max-image-preview:large","max-video-preview":"max-video-preview:-1"},"canonical":"https:\/\/grupo-aligator.com\/es\/toldos-para-techos\/","og_locale":"es_ES","og_type":"article","og_title":"Toldos para techos Mijas, Tarifa, Malaga, Marbella, Torrox - Cristaleria Aligator","og_description":"Toldos para techos Mijas, Tarifa, Malaga, Marbella, Torrox - Cristaleria Aligator tambi\u00e9n instala jard\u00edn de invierno, cortinas de vidrio en Sotogrande Costa del Sol","og_url":"https:\/\/grupo-aligator.com\/es\/toldos-para-techos\/","article_modified_time":"2019-12-18T12:55:28+00:00","twitter_card":"summary_large_image","schema":{"@context":"https:\/\/schema.org","@graph":[{"@type":"WebPage","@id":"https:\/\/grupo-aligator.com\/es\/toldos-para-techos\/","url":"https:\/\/grupo-aligator.com\/es\/toldos-para-techos\/","name":"Toldos para techos Mijas, Tarifa, Malaga, Marbella, Torrox - Cristaleria Aligator","isPartOf":{"@id":"https:\/\/grupo-aligator.com\/es\/#website"},"datePublished":"2014-10-09T10:39:54+00:00","dateModified":"2019-12-18T12:55:28+00:00","description":"Toldos para techos Mijas, Tarifa, Malaga, Marbella, Torrox - Cristaleria Aligator tambi\u00e9n instala jard\u00edn de invierno, cortinas de vidrio en Sotogrande Costa del Sol","breadcrumb":{"@id":"https:\/\/grupo-aligator.com\/es\/toldos-para-techos\/#breadcrumb"},"inLanguage":"es","potentialAction":[{"@type":"ReadAction","target":["https:\/\/grupo-aligator.com\/es\/toldos-para-techos\/"]}]},{"@type":"BreadcrumbList","@id":"https:\/\/grupo-aligator.com\/es\/toldos-para-techos\/#breadcrumb","itemListElement":[{"@type":"ListItem","position":1,"name":"Home","item":"https:\/\/grupo-aligator.com\/es\/"},{"@type":"ListItem","position":2,"name":"Toldos para techos"}]},{"@type":"WebSite","@id":"https:\/\/grupo-aligator.com\/es\/#website","url":"https:\/\/grupo-aligator.com\/es\/","name":"","description":"","publisher":{"@id":"https:\/\/grupo-aligator.com\/es\/#organization"},"potentialAction":[{"@type":"SearchAction","target":{"@type":"EntryPoint","urlTemplate":"https:\/\/grupo-aligator.com\/es\/?s={search_term_string}"},"query-input":"required name=search_term_string"}],"inLanguage":"es"},{"@type":"Organization","@id":"https:\/\/grupo-aligator.com\/es\/#organization","name":"Cristaleria Aligator S.L.","url":"https:\/\/grupo-aligator.com\/es\/","logo":{"@type":"ImageObject","inLanguage":"es","@id":"https:\/\/grupo-aligator.com\/es\/#\/schema\/logo\/image\/","url":"http:\/\/grupo-aligator.com\/wp-content\/uploads\/2019\/11\/aligator-logo-de.png","contentUrl":"http:\/\/grupo-aligator.com\/wp-content\/uploads\/2019\/11\/aligator-logo-de.png","width":150,"height":160,"caption":"Cristaleria Aligator S.L."},"image":{"@id":"https:\/\/grupo-aligator.com\/es\/#\/schema\/logo\/image\/"}}]}},"_links":{"self":[{"href":"https:\/\/grupo-aligator.com\/es\/wp-json\/wp\/v2\/pages\/3501"}],"collection":[{"href":"https:\/\/grupo-aligator.com\/es\/wp-json\/wp\/v2\/pages"}],"about":[{"href":"https:\/\/grupo-aligator.com\/es\/wp-json\/wp\/v2\/types\/page"}],"author":[{"embeddable":true,"href":"https:\/\/grupo-aligator.com\/es\/wp-json\/wp\/v2\/users\/1"}],"replies":[{"embeddable":true,"href":"https:\/\/grupo-aligator.com\/es\/wp-json\/wp\/v2\/comments?post=3501"}],"version-history":[{"count":7,"href":"https:\/\/grupo-aligator.com\/es\/wp-json\/wp\/v2\/pages\/3501\/revisions"}],"predecessor-version":[{"id":6265,"href":"https:\/\/grupo-aligator.com\/es\/wp-json\/wp\/v2\/pages\/3501\/revisions\/6265"}],"wp:attachment":[{"href":"https:\/\/grupo-aligator.com\/es\/wp-json\/wp\/v2\/media?parent=3501"}],"curies":[{"name":"wp","href":"https:\/\/api.w.org\/{rel}","templated":true}]}}