{"id":3208,"date":"2014-09-16T10:28:07","date_gmt":"2014-09-16T10:28:07","guid":{"rendered":"http:\/\/aligator.cristaleria-aligator.com\/?page_id=3208"},"modified":"2019-12-16T15:23:23","modified_gmt":"2019-12-16T13:23:23","slug":"pozo-de-luz-mosquitera","status":"publish","type":"page","link":"https:\/\/grupo-aligator.com\/es\/pozo-de-luz-mosquitera\/","title":{"rendered":"Pozo de luz NEHER\u00ae"},"content":{"rendered":"<div id=\"aligator-logo-es\"><\/div>\n<div class=\"toldos-top-logo\" style=\"margin: 3px 0 0 590px;\"><img decoding=\"async\" src=\"\/wp-content\/uploads\/2014\/07\/neher-logo.png\" \/><\/div>\n<div id=\"toldos-aligator-description\" style=\"font-size: 12px;\">\n<p>Pozos de luz para s\u00f3tanos, servicios p\u00fablicos y cuartos de hobby se convierten demasiado a menudo en un dep\u00f3sito para insectos, hojas y suciedad. Esto no tiene por qu\u00e9 ser! Las protecciones de NEHER\u00ae son simples y seguras de pisar garantizando que los bichos y la suciedad permanezcan fuera \u2013 robustas, bien dise\u00f1adas, antideslizantes y resistentes frente a roturas. Esto le permite poder disfrutar de su tiempo de una forma m\u00e1s placentera que limpiando la suciedad de su pozo luz. M\u00e1xima estabilidad gracias a sus perfiles en aluminio y a una malla estable en acero inoxidable. De forma opcional se puede implementar con una malla de metal expandido que garantiza su transitabilidad. Dise\u00f1o que evita los tropiezos gracias a su perfil plano y al sellado para las \u00e1reas adyacente a los suelos y las paredes. Cuenta con un perfil achaflanado hacia el exterior para la conexi\u00f3n de un marco auxiliar vertical. Cuatro dise\u00f1os diferentes ofrecen la imagen adecuada para cada situaci\u00f3n.<\/p>\n<\/div>\n<div class=\"toldos-gallery\"><div class=\"DOPThumbnailGalleryContainer\" id=\"DOPThumbnailGallery189\">\n                                 <a href=\"https:\/\/grupo-aligator.com\/wp-content\/plugins\/_doptg\/frontend-ajax.php\" class=\"Settings\"><\/a>\n                                 <ul class=\"Content\" style=\"display:none;\"><li>\n                                                    <img class=\"Image\" src=\"https:\/\/grupo-aligator.com\/wp-content\/plugins\/_doptg\/uploads\/Lk851nRkcPfeBmFRke1AHjkrZDKp2MPh1SC3GHBcgSS3f4h1EgDsSBPTLndggCN9K.jpg\" alt=\"\" title=\"\" \/>\n                                                    <img class=\"Thumb\" src=\"https:\/\/grupo-aligator.com\/wp-content\/plugins\/_doptg\/uploads\/thumbs\/Lk851nRkcPfeBmFRke1AHjkrZDKp2MPh1SC3GHBcgSS3f4h1EgDsSBPTLndggCN9K.jpg\" alt=\"\" title=\"\" \/>\n                                                    <span class=\"CaptionTitle\"><\/span>\n                                                    <span class=\"CaptionText\"><\/span>\n                                                    <span class=\"Media\"><\/span>\n                                                    <span class=\"LightboxMedia\"><\/span>\n                                                 <\/li><li>\n                                                    <img class=\"Image\" src=\"https:\/\/grupo-aligator.com\/wp-content\/plugins\/_doptg\/uploads\/tAH6LsCP1EMt86xG8MEPQ5ddWxpeD6xGstM4s2crrc9RCBMpXps1Hkkwgz8tq1AhP.jpg\" alt=\"\" title=\"\" \/>\n                                                    <img class=\"Thumb\" src=\"https:\/\/grupo-aligator.com\/wp-content\/plugins\/_doptg\/uploads\/thumbs\/tAH6LsCP1EMt86xG8MEPQ5ddWxpeD6xGstM4s2crrc9RCBMpXps1Hkkwgz8tq1AhP.jpg\" alt=\"\" title=\"\" \/>\n                                                    <span class=\"CaptionTitle\"><\/span>\n                                                    <span class=\"CaptionText\"><\/span>\n                                                    <span class=\"Media\"><\/span>\n                                                    <span class=\"LightboxMedia\"><\/span>\n                                                 <\/li><li>\n                                                    <img class=\"Image\" src=\"https:\/\/grupo-aligator.com\/wp-content\/plugins\/_doptg\/uploads\/pfTCEZTfbNySAck8Sc4zwZRzHBmWjtLCdYYkgQLehOmjOy9N59sK1q5G58ZbYK2QN.jpg\" alt=\"\" title=\"\" \/>\n                                                    <img class=\"Thumb\" src=\"https:\/\/grupo-aligator.com\/wp-content\/plugins\/_doptg\/uploads\/thumbs\/pfTCEZTfbNySAck8Sc4zwZRzHBmWjtLCdYYkgQLehOmjOy9N59sK1q5G58ZbYK2QN.jpg\" alt=\"\" title=\"\" \/>\n                                                    <span class=\"CaptionTitle\"><\/span>\n                                                    <span class=\"CaptionText\"><\/span>\n                                                    <span class=\"Media\"><\/span>\n                                                    <span class=\"LightboxMedia\"><\/span>\n                                                 <\/li><li>\n                                                    <img class=\"Image\" src=\"https:\/\/grupo-aligator.com\/wp-content\/plugins\/_doptg\/uploads\/FFXTXe2KaK3CykpfxD32SXz5W5tAmsa2XfbjXmh4x2khFDApAEA1Kq15K4wLdez1N.jpg\" alt=\"\" title=\"\" \/>\n                                                    <img class=\"Thumb\" src=\"https:\/\/grupo-aligator.com\/wp-content\/plugins\/_doptg\/uploads\/thumbs\/FFXTXe2KaK3CykpfxD32SXz5W5tAmsa2XfbjXmh4x2khFDApAEA1Kq15K4wLdez1N.jpg\" alt=\"\" title=\"\" \/>\n                                                    <span class=\"CaptionTitle\"><\/span>\n                                                    <span class=\"CaptionText\"><\/span>\n                                                    <span class=\"Media\"><\/span>\n                                                    <span class=\"LightboxMedia\"><\/span>\n                                                 <\/li><li>\n                                                    <img class=\"Image\" src=\"https:\/\/grupo-aligator.com\/wp-content\/plugins\/_doptg\/uploads\/a3hdrjNAP9RpgGnLNRNBdtyO9WLmaAQYajFe861Xgqkm8BcZ7bdGq2PBfF6mgj6A4.jpg\" alt=\"\" title=\"\" \/>\n                                                    <img class=\"Thumb\" src=\"https:\/\/grupo-aligator.com\/wp-content\/plugins\/_doptg\/uploads\/thumbs\/a3hdrjNAP9RpgGnLNRNBdtyO9WLmaAQYajFe861Xgqkm8BcZ7bdGq2PBfF6mgj6A4.jpg\" alt=\"\" title=\"\" \/>\n                                                    <span class=\"CaptionTitle\"><\/span>\n                                                    <span class=\"CaptionText\"><\/span>\n                                                    <span class=\"Media\"><\/span>\n                                                    <span class=\"LightboxMedia\"><\/span>\n                                                 <\/li><li>\n                                                    <img class=\"Image\" src=\"https:\/\/grupo-aligator.com\/wp-content\/plugins\/_doptg\/uploads\/wrck29BbDSW5xn1RGGdre2PeM14OAkp1EyBD8WFO3pLYa4zGtDc2dt4CwjMpqqxbz.jpg\" alt=\"\" title=\"\" \/>\n                                                    <img class=\"Thumb\" src=\"https:\/\/grupo-aligator.com\/wp-content\/plugins\/_doptg\/uploads\/thumbs\/wrck29BbDSW5xn1RGGdre2PeM14OAkp1EyBD8WFO3pLYa4zGtDc2dt4CwjMpqqxbz.jpg\" alt=\"\" title=\"\" \/>\n                                                    <span class=\"CaptionTitle\"><\/span>\n                                                    <span class=\"CaptionText\"><\/span>\n                                                    <span class=\"Media\"><\/span>\n                                                    <span class=\"LightboxMedia\"><\/span>\n                                                 <\/li><li>\n                                                    <img class=\"Image\" src=\"https:\/\/grupo-aligator.com\/wp-content\/plugins\/_doptg\/uploads\/6CjY9WpxROKE8H49PQqY4DCBbKnf76Lm5exHCjZ466TzAbA7LLNA4fp8h15NWfMsP.jpg\" alt=\"\" title=\"\" \/>\n                                                    <img class=\"Thumb\" src=\"https:\/\/grupo-aligator.com\/wp-content\/plugins\/_doptg\/uploads\/thumbs\/6CjY9WpxROKE8H49PQqY4DCBbKnf76Lm5exHCjZ466TzAbA7LLNA4fp8h15NWfMsP.jpg\" alt=\"\" title=\"\" \/>\n                                                    <span class=\"CaptionTitle\"><\/span>\n                                                    <span class=\"CaptionText\"><\/span>\n                                                    <span class=\"Media\"><\/span>\n                                                    <span class=\"LightboxMedia\"><\/span>\n                                                 <\/li><li>\n                                                    <img class=\"Image\" src=\"https:\/\/grupo-aligator.com\/wp-content\/plugins\/_doptg\/uploads\/OBEqsykHPZwdYfrfePz5LYey9C2pNqKbnxppbatsdPeqcpC8C3qxKyW6YSQhDpF4g.jpg\" alt=\"\" title=\"\" \/>\n                                                    <img class=\"Thumb\" src=\"https:\/\/grupo-aligator.com\/wp-content\/plugins\/_doptg\/uploads\/thumbs\/OBEqsykHPZwdYfrfePz5LYey9C2pNqKbnxppbatsdPeqcpC8C3qxKyW6YSQhDpF4g.jpg\" alt=\"\" title=\"\" \/>\n                                                    <span class=\"CaptionTitle\"><\/span>\n                                                    <span class=\"CaptionText\"><\/span>\n                                                    <span class=\"Media\"><\/span>\n                                                    <span class=\"LightboxMedia\"><\/span>\n                                                 <\/li><li>\n                                                    <img class=\"Image\" src=\"https:\/\/grupo-aligator.com\/wp-content\/plugins\/_doptg\/uploads\/e4xz8OqNCqPAdZ6E134dkKjFHm2cz6OEO1R9beFP7RywXntxSnwNaHfYBKreXFFs9.jpg\" alt=\"\" title=\"\" \/>\n                                                    <img class=\"Thumb\" src=\"https:\/\/grupo-aligator.com\/wp-content\/plugins\/_doptg\/uploads\/thumbs\/e4xz8OqNCqPAdZ6E134dkKjFHm2cz6OEO1R9beFP7RywXntxSnwNaHfYBKreXFFs9.jpg\" alt=\"\" title=\"\" \/>\n                                                    <span class=\"CaptionTitle\"><\/span>\n                                                    <span class=\"CaptionText\"><\/span>\n                                                    <span class=\"Media\"><\/span>\n                                                    <span class=\"LightboxMedia\"><\/span>\n                                                 <\/li><li>\n                                                    <img class=\"Image\" src=\"https:\/\/grupo-aligator.com\/wp-content\/plugins\/_doptg\/uploads\/mBfdk87n5jYhBs9WnP863nR3B9EwTmZntqW6wFfkXfFDR2WLsHmpcqBqm51bwjK2O.jpg\" alt=\"\" title=\"\" \/>\n                                                    <img class=\"Thumb\" src=\"https:\/\/grupo-aligator.com\/wp-content\/plugins\/_doptg\/uploads\/thumbs\/mBfdk87n5jYhBs9WnP863nR3B9EwTmZntqW6wFfkXfFDR2WLsHmpcqBqm51bwjK2O.jpg\" alt=\"\" title=\"\" \/>\n                                                    <span class=\"CaptionTitle\"><\/span>\n                                                    <span class=\"CaptionText\"><\/span>\n                                                    <span class=\"Media\"><\/span>\n                                                    <span class=\"LightboxMedia\"><\/span>\n                                                 <\/li><li>\n                                                    <img class=\"Image\" src=\"https:\/\/grupo-aligator.com\/wp-content\/plugins\/_doptg\/uploads\/PQx1e7Za4GcOMm8gm2MSDhthgWAZ1NqrGspfN6k9znWbTc9NqDy6NtxjNT9dmdjjM.jpg\" alt=\"\" title=\"\" \/>\n                                                    <img class=\"Thumb\" src=\"https:\/\/grupo-aligator.com\/wp-content\/plugins\/_doptg\/uploads\/thumbs\/PQx1e7Za4GcOMm8gm2MSDhthgWAZ1NqrGspfN6k9znWbTc9NqDy6NtxjNT9dmdjjM.jpg\" alt=\"\" title=\"\" \/>\n                                                    <span class=\"CaptionTitle\"><\/span>\n                                                    <span class=\"CaptionText\"><\/span>\n                                                    <span class=\"Media\"><\/span>\n                                                    <span class=\"LightboxMedia\"><\/span>\n                                                 <\/li><li>\n                                                    <img class=\"Image\" src=\"https:\/\/grupo-aligator.com\/wp-content\/plugins\/_doptg\/uploads\/6MSmPYSP4nNWzCGfq65Nxy1fALX3GkZBepgbS64HwfNTfbYgBDsS3yWnsDta2QF7y.jpg\" alt=\"\" title=\"\" \/>\n                                                    <img class=\"Thumb\" src=\"https:\/\/grupo-aligator.com\/wp-content\/plugins\/_doptg\/uploads\/thumbs\/6MSmPYSP4nNWzCGfq65Nxy1fALX3GkZBepgbS64HwfNTfbYgBDsS3yWnsDta2QF7y.jpg\" alt=\"\" title=\"\" \/>\n                                                    <span class=\"CaptionTitle\"><\/span>\n                                                    <span class=\"CaptionText\"><\/span>\n                                                    <span class=\"Media\"><\/span>\n                                                    <span class=\"LightboxMedia\"><\/span>\n                                                 <\/li><li>\n                                                    <img class=\"Image\" src=\"https:\/\/grupo-aligator.com\/wp-content\/plugins\/_doptg\/uploads\/sGRYTF7fM45c7QgzOCTKHHfNfOQe7f12EkbHjQAZFwO8TtCShSb7CcaRcxdjjOCSZ.jpg\" alt=\"\" title=\"\" \/>\n                                                    <img class=\"Thumb\" src=\"https:\/\/grupo-aligator.com\/wp-content\/plugins\/_doptg\/uploads\/thumbs\/sGRYTF7fM45c7QgzOCTKHHfNfOQe7f12EkbHjQAZFwO8TtCShSb7CcaRcxdjjOCSZ.jpg\" alt=\"\" title=\"\" \/>\n                                                    <span class=\"CaptionTitle\"><\/span>\n                                                    <span class=\"CaptionText\"><\/span>\n                                                    <span class=\"Media\"><\/span>\n                                                    <span class=\"LightboxMedia\"><\/span>\n                                                 <\/li><\/ul>\n                             <\/div>\n                             <script type=\"text\/JavaScript\">\n                                 jQuery(document).ready(function(){\n                                     jQuery('#DOPThumbnailGallery189').DOPThumbnailGallery();\n                                 });\n                             <\/script><\/div>\n","protected":false},"excerpt":{"rendered":"<p>Pozos de luz para s\u00f3tanos, servicios p\u00fablicos y cuartos de hobby se convierten demasiado a menudo en un dep\u00f3sito para insectos, hojas y suciedad. Esto no tiene por qu\u00e9 ser! Las protecciones de NEHER\u00ae son simples y seguras de pisar garantizando que los bichos y la suciedad permanezcan fuera \u2013 robustas, bien dise\u00f1adas, antideslizantes y resistentes frente a roturas. Esto le permite poder disfrutar de su tiempo de una<span class=\"ellipsis\">&hellip;<\/span><\/p>\n<div class=\"read-more\"><a href=\"https:\/\/grupo-aligator.com\/es\/pozo-de-luz-mosquitera\/\">Read More&#8230;<\/a><\/div>\n<p><!-- end of .read-more --><\/p>\n","protected":false},"author":1,"featured_media":0,"parent":0,"menu_order":0,"comment_status":"closed","ping_status":"closed","template":"content-page.php","meta":[],"yoast_head":"<!-- This site is optimized with the Yoast SEO plugin v19.11 - https:\/\/yoast.com\/wordpress\/plugins\/seo\/ -->\n<title>Pozo de luz NEHER\u00ae Mijas, Tarifa, Malaga, Marbella, Torrox - Cristaleria Aligator<\/title>\n<meta name=\"description\" content=\"Pozo de luz NEHER\u00ae Mijas, Tarifa, Malaga, Marbella, Torrox - Cristaleria Aligator tambi\u00e9n instala jard\u00edn de invierno, cortinas de vidrio en Sotogrande Costa del Sol\" \/>\n<meta name=\"robots\" content=\"index, follow, max-snippet:-1, max-image-preview:large, max-video-preview:-1\" \/>\n<link rel=\"canonical\" href=\"https:\/\/grupo-aligator.com\/es\/pozo-de-luz-mosquitera\/\" \/>\n<meta property=\"og:locale\" content=\"es_ES\" \/>\n<meta property=\"og:type\" content=\"article\" \/>\n<meta property=\"og:title\" content=\"Pozo de luz NEHER\u00ae Mijas, Tarifa, Malaga, Marbella, Torrox - Cristaleria Aligator\" \/>\n<meta property=\"og:description\" content=\"Pozo de luz NEHER\u00ae Mijas, Tarifa, Malaga, Marbella, Torrox - Cristaleria Aligator tambi\u00e9n instala jard\u00edn de invierno, cortinas de vidrio en Sotogrande Costa del Sol\" \/>\n<meta property=\"og:url\" content=\"https:\/\/grupo-aligator.com\/es\/pozo-de-luz-mosquitera\/\" \/>\n<meta property=\"article:modified_time\" content=\"2019-12-16T13:23:23+00:00\" \/>\n<meta name=\"twitter:card\" content=\"summary_large_image\" \/>\n<meta name=\"twitter:label1\" content=\"Tiempo de lectura\" \/>\n\t<meta name=\"twitter:data1\" content=\"1 minuto\" \/>\n<script type=\"application\/ld+json\" class=\"yoast-schema-graph\">{\"@context\":\"https:\/\/schema.org\",\"@graph\":[{\"@type\":\"WebPage\",\"@id\":\"https:\/\/grupo-aligator.com\/es\/pozo-de-luz-mosquitera\/\",\"url\":\"https:\/\/grupo-aligator.com\/es\/pozo-de-luz-mosquitera\/\",\"name\":\"Pozo de luz NEHER\u00ae Mijas, Tarifa, Malaga, Marbella, Torrox - Cristaleria Aligator\",\"isPartOf\":{\"@id\":\"https:\/\/grupo-aligator.com\/es\/#website\"},\"datePublished\":\"2014-09-16T10:28:07+00:00\",\"dateModified\":\"2019-12-16T13:23:23+00:00\",\"description\":\"Pozo de luz NEHER\u00ae Mijas, Tarifa, Malaga, Marbella, Torrox - Cristaleria Aligator tambi\u00e9n instala jard\u00edn de invierno, cortinas de vidrio en Sotogrande Costa del Sol\",\"breadcrumb\":{\"@id\":\"https:\/\/grupo-aligator.com\/es\/pozo-de-luz-mosquitera\/#breadcrumb\"},\"inLanguage\":\"es\",\"potentialAction\":[{\"@type\":\"ReadAction\",\"target\":[\"https:\/\/grupo-aligator.com\/es\/pozo-de-luz-mosquitera\/\"]}]},{\"@type\":\"BreadcrumbList\",\"@id\":\"https:\/\/grupo-aligator.com\/es\/pozo-de-luz-mosquitera\/#breadcrumb\",\"itemListElement\":[{\"@type\":\"ListItem\",\"position\":1,\"name\":\"Home\",\"item\":\"https:\/\/grupo-aligator.com\/es\/\"},{\"@type\":\"ListItem\",\"position\":2,\"name\":\"Pozo de luz NEHER\u00ae\"}]},{\"@type\":\"WebSite\",\"@id\":\"https:\/\/grupo-aligator.com\/es\/#website\",\"url\":\"https:\/\/grupo-aligator.com\/es\/\",\"name\":\"\",\"description\":\"\",\"publisher\":{\"@id\":\"https:\/\/grupo-aligator.com\/es\/#organization\"},\"potentialAction\":[{\"@type\":\"SearchAction\",\"target\":{\"@type\":\"EntryPoint\",\"urlTemplate\":\"https:\/\/grupo-aligator.com\/es\/?s={search_term_string}\"},\"query-input\":\"required name=search_term_string\"}],\"inLanguage\":\"es\"},{\"@type\":\"Organization\",\"@id\":\"https:\/\/grupo-aligator.com\/es\/#organization\",\"name\":\"Cristaleria Aligator S.L.\",\"url\":\"https:\/\/grupo-aligator.com\/es\/\",\"logo\":{\"@type\":\"ImageObject\",\"inLanguage\":\"es\",\"@id\":\"https:\/\/grupo-aligator.com\/es\/#\/schema\/logo\/image\/\",\"url\":\"http:\/\/grupo-aligator.com\/wp-content\/uploads\/2019\/11\/aligator-logo-de.png\",\"contentUrl\":\"http:\/\/grupo-aligator.com\/wp-content\/uploads\/2019\/11\/aligator-logo-de.png\",\"width\":150,\"height\":160,\"caption\":\"Cristaleria Aligator S.L.\"},\"image\":{\"@id\":\"https:\/\/grupo-aligator.com\/es\/#\/schema\/logo\/image\/\"}}]}<\/script>\n<!-- \/ Yoast SEO plugin. -->","yoast_head_json":{"title":"Pozo de luz NEHER\u00ae Mijas, Tarifa, Malaga, Marbella, Torrox - Cristaleria Aligator","description":"Pozo de luz NEHER\u00ae Mijas, Tarifa, Malaga, Marbella, Torrox - Cristaleria Aligator tambi\u00e9n instala jard\u00edn de invierno, cortinas de vidrio en Sotogrande Costa del Sol","robots":{"index":"index","follow":"follow","max-snippet":"max-snippet:-1","max-image-preview":"max-image-preview:large","max-video-preview":"max-video-preview:-1"},"canonical":"https:\/\/grupo-aligator.com\/es\/pozo-de-luz-mosquitera\/","og_locale":"es_ES","og_type":"article","og_title":"Pozo de luz NEHER\u00ae Mijas, Tarifa, Malaga, Marbella, Torrox - Cristaleria Aligator","og_description":"Pozo de luz NEHER\u00ae Mijas, Tarifa, Malaga, Marbella, Torrox - Cristaleria Aligator tambi\u00e9n instala jard\u00edn de invierno, cortinas de vidrio en Sotogrande Costa del Sol","og_url":"https:\/\/grupo-aligator.com\/es\/pozo-de-luz-mosquitera\/","article_modified_time":"2019-12-16T13:23:23+00:00","twitter_card":"summary_large_image","twitter_misc":{"Tiempo de lectura":"1 minuto"},"schema":{"@context":"https:\/\/schema.org","@graph":[{"@type":"WebPage","@id":"https:\/\/grupo-aligator.com\/es\/pozo-de-luz-mosquitera\/","url":"https:\/\/grupo-aligator.com\/es\/pozo-de-luz-mosquitera\/","name":"Pozo de luz NEHER\u00ae Mijas, Tarifa, Malaga, Marbella, Torrox - Cristaleria Aligator","isPartOf":{"@id":"https:\/\/grupo-aligator.com\/es\/#website"},"datePublished":"2014-09-16T10:28:07+00:00","dateModified":"2019-12-16T13:23:23+00:00","description":"Pozo de luz NEHER\u00ae Mijas, Tarifa, Malaga, Marbella, Torrox - Cristaleria Aligator tambi\u00e9n instala jard\u00edn de invierno, cortinas de vidrio en Sotogrande Costa del Sol","breadcrumb":{"@id":"https:\/\/grupo-aligator.com\/es\/pozo-de-luz-mosquitera\/#breadcrumb"},"inLanguage":"es","potentialAction":[{"@type":"ReadAction","target":["https:\/\/grupo-aligator.com\/es\/pozo-de-luz-mosquitera\/"]}]},{"@type":"BreadcrumbList","@id":"https:\/\/grupo-aligator.com\/es\/pozo-de-luz-mosquitera\/#breadcrumb","itemListElement":[{"@type":"ListItem","position":1,"name":"Home","item":"https:\/\/grupo-aligator.com\/es\/"},{"@type":"ListItem","position":2,"name":"Pozo de luz NEHER\u00ae"}]},{"@type":"WebSite","@id":"https:\/\/grupo-aligator.com\/es\/#website","url":"https:\/\/grupo-aligator.com\/es\/","name":"","description":"","publisher":{"@id":"https:\/\/grupo-aligator.com\/es\/#organization"},"potentialAction":[{"@type":"SearchAction","target":{"@type":"EntryPoint","urlTemplate":"https:\/\/grupo-aligator.com\/es\/?s={search_term_string}"},"query-input":"required name=search_term_string"}],"inLanguage":"es"},{"@type":"Organization","@id":"https:\/\/grupo-aligator.com\/es\/#organization","name":"Cristaleria Aligator S.L.","url":"https:\/\/grupo-aligator.com\/es\/","logo":{"@type":"ImageObject","inLanguage":"es","@id":"https:\/\/grupo-aligator.com\/es\/#\/schema\/logo\/image\/","url":"http:\/\/grupo-aligator.com\/wp-content\/uploads\/2019\/11\/aligator-logo-de.png","contentUrl":"http:\/\/grupo-aligator.com\/wp-content\/uploads\/2019\/11\/aligator-logo-de.png","width":150,"height":160,"caption":"Cristaleria Aligator S.L."},"image":{"@id":"https:\/\/grupo-aligator.com\/es\/#\/schema\/logo\/image\/"}}]}},"_links":{"self":[{"href":"https:\/\/grupo-aligator.com\/es\/wp-json\/wp\/v2\/pages\/3208"}],"collection":[{"href":"https:\/\/grupo-aligator.com\/es\/wp-json\/wp\/v2\/pages"}],"about":[{"href":"https:\/\/grupo-aligator.com\/es\/wp-json\/wp\/v2\/types\/page"}],"author":[{"embeddable":true,"href":"https:\/\/grupo-aligator.com\/es\/wp-json\/wp\/v2\/users\/1"}],"replies":[{"embeddable":true,"href":"https:\/\/grupo-aligator.com\/es\/wp-json\/wp\/v2\/comments?post=3208"}],"version-history":[{"count":9,"href":"https:\/\/grupo-aligator.com\/es\/wp-json\/wp\/v2\/pages\/3208\/revisions"}],"predecessor-version":[{"id":5353,"href":"https:\/\/grupo-aligator.com\/es\/wp-json\/wp\/v2\/pages\/3208\/revisions\/5353"}],"wp:attachment":[{"href":"https:\/\/grupo-aligator.com\/es\/wp-json\/wp\/v2\/media?parent=3208"}],"curies":[{"name":"wp","href":"https:\/\/api.w.org\/{rel}","templated":true}]}}