{"id":3003,"date":"2014-07-28T10:07:08","date_gmt":"2014-07-28T10:07:08","guid":{"rendered":"http:\/\/aligator.cristaleria-aligator.com\/?page_id=3003"},"modified":"2019-12-16T15:56:26","modified_gmt":"2019-12-16T13:56:26","slug":"ventanas-de-madera-y-aluminio","status":"publish","type":"page","link":"https:\/\/grupo-aligator.com\/es\/ventanas-de-madera-y-aluminio\/","title":{"rendered":"Ventanas de madera y aluminio de alta<br \/>  calidad \u201cMade in Germany\u201d"},"content":{"rendered":"<div id=\"aligator-logo-es\" style=\"margin: -74px 0 0 742px;\"><\/div>\n<div class=\"toldos-top-logo\"><\/div>\n<div id=\"toldos-aligator-description\" style=\"font-size: 12px;\">\n<p>Materiales exquisitos, elegancia sobria, dise\u00f1o con visi\u00f3n futur\u00edstica. En el interior una madera ex\u00f3tica semisatinada y delicada, y en el exterior una robusta carcasa de aluminio: Una combinaci\u00f3n \u00fanica entre naturaleza y tecnolog\u00eda. El t\u00e9rmino \u00ablujo\u00bb adquiere un nuevo significado.<br \/>\n&#8211; En el interior tintes naturales c\u00e1lidos y tonos opacos de una madera satinada<br \/>\n&#8211; Otra novedad para un bonito ambiente son las especies de maderas preciadas disponibles tales como el cerezo, roble, teca, aliso, arce o nogal<br \/>\n&#8211; En el exterior una carcasa de aluminio con revestimiento en polvo ofrece una apariencia esbelta protegiendo las valiosas ventanas frente a la intemperie<br \/>\n&#8211; Libertad de dise\u00f1o para el interior y el exterior gracias a una amplia gama de colores<\/p>\n<\/div>\n<div id=\"content-page\" style=\"margin: -20px 0 0 0;\">\n<a href=\"http:\/\/grupo-aligator.com\/es\/dreh-dreh-kipp-systeme-holz-aluminium-fenster\/\"><\/p>\n<div id=\"page-category-left-text\">\n<div class=\"page-category-text-title\">Rotaci\u00f3n, inclinar y girar sistemas<\/div>\n<\/div>\n<p><\/a><\/p>\n<p><a href=\"http:\/\/grupo-aligator.com\/es\/dreh-dreh-kipp-systeme-holz-aluminium-fenster\/\"><\/p>\n<div id=\"image-1\"><img decoding=\"async\" loading=\"lazy\" src=\"\/wp-content\/uploads\/2014\/07\/Preview-Pic-Dreh-Dreh-Kipp.jpg\" alt=\"Rotaci\u00f3n, inclinar y girar sistemas\" style=\"opacity: 1;\" width=\"325\" height=\"320\" \/><\/div>\n<p><\/a><\/p>\n<p><a href=\"http:\/\/grupo-aligator.com\/es\/holz-aluminium-system-schiebe-elemente\/\"><\/p>\n<div id=\"page-category-right-text\">\n<div class=\"page-category-text-title\">Sistemas de correderas<\/div>\n<\/div>\n<p><\/a><\/p>\n<p><a href=\"http:\/\/grupo-aligator.com\/es\/holz-aluminium-system-schiebe-elemente\/\"><\/p>\n<div id=\"image-2\"><img decoding=\"async\" loading=\"lazy\" src=\"\/wp-content\/uploads\/2014\/07\/Preview-Pic-Schiebe-Systeme1.jpg\" alt=\"Sistemas de correderas\" style=\"opacity: 1;\" width=\"325\" height=\"320\" \/><\/div>\n<p><\/a>\n<\/div>\n","protected":false},"excerpt":{"rendered":"<p>Materiales exquisitos, elegancia sobria, dise\u00f1o con visi\u00f3n futur\u00edstica. En el interior una madera ex\u00f3tica semisatinada y delicada, y en el exterior una robusta carcasa de aluminio: Una combinaci\u00f3n \u00fanica entre naturaleza y tecnolog\u00eda. El t\u00e9rmino \u00ablujo\u00bb adquiere un nuevo significado. &#8211; En el interior tintes naturales c\u00e1lidos y tonos opacos de una madera satinada &#8211; Otra novedad para un bonito ambiente son las especies de maderas preciadas disponibles tales<span class=\"ellipsis\">&hellip;<\/span><\/p>\n<div class=\"read-more\"><a href=\"https:\/\/grupo-aligator.com\/es\/ventanas-de-madera-y-aluminio\/\">Read More&#8230;<\/a><\/div>\n<p><!-- end of .read-more --><\/p>\n","protected":false},"author":1,"featured_media":0,"parent":0,"menu_order":0,"comment_status":"closed","ping_status":"closed","template":"content-page.php","meta":[],"yoast_head":"<!-- This site is optimized with the Yoast SEO plugin v19.11 - https:\/\/yoast.com\/wordpress\/plugins\/seo\/ -->\n<title>Ventanas de madera y aluminio de alta calidad \u201cMade in Germany\u201d Mijas, Tarifa, Malaga, Marbella, Torrox - Cristaleria Aligator<\/title>\n<meta name=\"description\" content=\"Ventanas de madera y aluminio de alta calidad \u201cMade in Germany\u201d Mijas, Tarifa, Malaga, Marbella, Torrox - Cristaleria Aligator tambi\u00e9n instala jard\u00edn de invierno, cortinas de vidrio en Sotogrande Costa del Sol\" \/>\n<meta name=\"robots\" content=\"index, follow, max-snippet:-1, max-image-preview:large, max-video-preview:-1\" \/>\n<link rel=\"canonical\" href=\"https:\/\/grupo-aligator.com\/es\/ventanas-de-madera-y-aluminio\/\" \/>\n<meta property=\"og:locale\" content=\"es_ES\" \/>\n<meta property=\"og:type\" content=\"article\" \/>\n<meta property=\"og:title\" content=\"Ventanas de madera y aluminio de alta calidad \u201cMade in Germany\u201d Mijas, Tarifa, Malaga, Marbella, Torrox - Cristaleria Aligator\" \/>\n<meta property=\"og:description\" content=\"Ventanas de madera y aluminio de alta calidad \u201cMade in Germany\u201d Mijas, Tarifa, Malaga, Marbella, Torrox - Cristaleria Aligator tambi\u00e9n instala jard\u00edn de invierno, cortinas de vidrio en Sotogrande Costa del Sol\" \/>\n<meta property=\"og:url\" content=\"https:\/\/grupo-aligator.com\/es\/ventanas-de-madera-y-aluminio\/\" \/>\n<meta property=\"article:modified_time\" content=\"2019-12-16T13:56:26+00:00\" \/>\n<meta name=\"twitter:card\" content=\"summary_large_image\" \/>\n<meta name=\"twitter:label1\" content=\"Tiempo de lectura\" \/>\n\t<meta name=\"twitter:data1\" content=\"1 minuto\" \/>\n<script type=\"application\/ld+json\" class=\"yoast-schema-graph\">{\"@context\":\"https:\/\/schema.org\",\"@graph\":[{\"@type\":\"WebPage\",\"@id\":\"https:\/\/grupo-aligator.com\/es\/ventanas-de-madera-y-aluminio\/\",\"url\":\"https:\/\/grupo-aligator.com\/es\/ventanas-de-madera-y-aluminio\/\",\"name\":\"Ventanas de madera y aluminio de alta calidad \u201cMade in Germany\u201d Mijas, Tarifa, Malaga, Marbella, Torrox - Cristaleria Aligator\",\"isPartOf\":{\"@id\":\"https:\/\/grupo-aligator.com\/es\/#website\"},\"datePublished\":\"2014-07-28T10:07:08+00:00\",\"dateModified\":\"2019-12-16T13:56:26+00:00\",\"description\":\"Ventanas de madera y aluminio de alta calidad \u201cMade in Germany\u201d Mijas, Tarifa, Malaga, Marbella, Torrox - Cristaleria Aligator tambi\u00e9n instala jard\u00edn de invierno, cortinas de vidrio en Sotogrande Costa del Sol\",\"breadcrumb\":{\"@id\":\"https:\/\/grupo-aligator.com\/es\/ventanas-de-madera-y-aluminio\/#breadcrumb\"},\"inLanguage\":\"es\",\"potentialAction\":[{\"@type\":\"ReadAction\",\"target\":[\"https:\/\/grupo-aligator.com\/es\/ventanas-de-madera-y-aluminio\/\"]}]},{\"@type\":\"BreadcrumbList\",\"@id\":\"https:\/\/grupo-aligator.com\/es\/ventanas-de-madera-y-aluminio\/#breadcrumb\",\"itemListElement\":[{\"@type\":\"ListItem\",\"position\":1,\"name\":\"Home\",\"item\":\"https:\/\/grupo-aligator.com\/es\/\"},{\"@type\":\"ListItem\",\"position\":2,\"name\":\"Ventanas de madera y aluminio de alta calidad \u201cMade in Germany\u201d\"}]},{\"@type\":\"WebSite\",\"@id\":\"https:\/\/grupo-aligator.com\/es\/#website\",\"url\":\"https:\/\/grupo-aligator.com\/es\/\",\"name\":\"\",\"description\":\"\",\"publisher\":{\"@id\":\"https:\/\/grupo-aligator.com\/es\/#organization\"},\"potentialAction\":[{\"@type\":\"SearchAction\",\"target\":{\"@type\":\"EntryPoint\",\"urlTemplate\":\"https:\/\/grupo-aligator.com\/es\/?s={search_term_string}\"},\"query-input\":\"required name=search_term_string\"}],\"inLanguage\":\"es\"},{\"@type\":\"Organization\",\"@id\":\"https:\/\/grupo-aligator.com\/es\/#organization\",\"name\":\"Cristaleria Aligator S.L.\",\"url\":\"https:\/\/grupo-aligator.com\/es\/\",\"logo\":{\"@type\":\"ImageObject\",\"inLanguage\":\"es\",\"@id\":\"https:\/\/grupo-aligator.com\/es\/#\/schema\/logo\/image\/\",\"url\":\"http:\/\/grupo-aligator.com\/wp-content\/uploads\/2019\/11\/aligator-logo-de.png\",\"contentUrl\":\"http:\/\/grupo-aligator.com\/wp-content\/uploads\/2019\/11\/aligator-logo-de.png\",\"width\":150,\"height\":160,\"caption\":\"Cristaleria Aligator S.L.\"},\"image\":{\"@id\":\"https:\/\/grupo-aligator.com\/es\/#\/schema\/logo\/image\/\"}}]}<\/script>\n<!-- \/ Yoast SEO plugin. -->","yoast_head_json":{"title":"Ventanas de madera y aluminio de alta calidad \u201cMade in Germany\u201d Mijas, Tarifa, Malaga, Marbella, Torrox - Cristaleria Aligator","description":"Ventanas de madera y aluminio de alta calidad \u201cMade in Germany\u201d Mijas, Tarifa, Malaga, Marbella, Torrox - Cristaleria Aligator tambi\u00e9n instala jard\u00edn de invierno, cortinas de vidrio en Sotogrande Costa del Sol","robots":{"index":"index","follow":"follow","max-snippet":"max-snippet:-1","max-image-preview":"max-image-preview:large","max-video-preview":"max-video-preview:-1"},"canonical":"https:\/\/grupo-aligator.com\/es\/ventanas-de-madera-y-aluminio\/","og_locale":"es_ES","og_type":"article","og_title":"Ventanas de madera y aluminio de alta calidad \u201cMade in Germany\u201d Mijas, Tarifa, Malaga, Marbella, Torrox - Cristaleria Aligator","og_description":"Ventanas de madera y aluminio de alta calidad \u201cMade in Germany\u201d Mijas, Tarifa, Malaga, Marbella, Torrox - Cristaleria Aligator tambi\u00e9n instala jard\u00edn de invierno, cortinas de vidrio en Sotogrande Costa del Sol","og_url":"https:\/\/grupo-aligator.com\/es\/ventanas-de-madera-y-aluminio\/","article_modified_time":"2019-12-16T13:56:26+00:00","twitter_card":"summary_large_image","twitter_misc":{"Tiempo de lectura":"1 minuto"},"schema":{"@context":"https:\/\/schema.org","@graph":[{"@type":"WebPage","@id":"https:\/\/grupo-aligator.com\/es\/ventanas-de-madera-y-aluminio\/","url":"https:\/\/grupo-aligator.com\/es\/ventanas-de-madera-y-aluminio\/","name":"Ventanas de madera y aluminio de alta calidad \u201cMade in Germany\u201d Mijas, Tarifa, Malaga, Marbella, Torrox - Cristaleria Aligator","isPartOf":{"@id":"https:\/\/grupo-aligator.com\/es\/#website"},"datePublished":"2014-07-28T10:07:08+00:00","dateModified":"2019-12-16T13:56:26+00:00","description":"Ventanas de madera y aluminio de alta calidad \u201cMade in Germany\u201d Mijas, Tarifa, Malaga, Marbella, Torrox - Cristaleria Aligator tambi\u00e9n instala jard\u00edn de invierno, cortinas de vidrio en Sotogrande Costa del Sol","breadcrumb":{"@id":"https:\/\/grupo-aligator.com\/es\/ventanas-de-madera-y-aluminio\/#breadcrumb"},"inLanguage":"es","potentialAction":[{"@type":"ReadAction","target":["https:\/\/grupo-aligator.com\/es\/ventanas-de-madera-y-aluminio\/"]}]},{"@type":"BreadcrumbList","@id":"https:\/\/grupo-aligator.com\/es\/ventanas-de-madera-y-aluminio\/#breadcrumb","itemListElement":[{"@type":"ListItem","position":1,"name":"Home","item":"https:\/\/grupo-aligator.com\/es\/"},{"@type":"ListItem","position":2,"name":"Ventanas de madera y aluminio de alta calidad \u201cMade in Germany\u201d"}]},{"@type":"WebSite","@id":"https:\/\/grupo-aligator.com\/es\/#website","url":"https:\/\/grupo-aligator.com\/es\/","name":"","description":"","publisher":{"@id":"https:\/\/grupo-aligator.com\/es\/#organization"},"potentialAction":[{"@type":"SearchAction","target":{"@type":"EntryPoint","urlTemplate":"https:\/\/grupo-aligator.com\/es\/?s={search_term_string}"},"query-input":"required name=search_term_string"}],"inLanguage":"es"},{"@type":"Organization","@id":"https:\/\/grupo-aligator.com\/es\/#organization","name":"Cristaleria Aligator S.L.","url":"https:\/\/grupo-aligator.com\/es\/","logo":{"@type":"ImageObject","inLanguage":"es","@id":"https:\/\/grupo-aligator.com\/es\/#\/schema\/logo\/image\/","url":"http:\/\/grupo-aligator.com\/wp-content\/uploads\/2019\/11\/aligator-logo-de.png","contentUrl":"http:\/\/grupo-aligator.com\/wp-content\/uploads\/2019\/11\/aligator-logo-de.png","width":150,"height":160,"caption":"Cristaleria Aligator S.L."},"image":{"@id":"https:\/\/grupo-aligator.com\/es\/#\/schema\/logo\/image\/"}}]}},"_links":{"self":[{"href":"https:\/\/grupo-aligator.com\/es\/wp-json\/wp\/v2\/pages\/3003"}],"collection":[{"href":"https:\/\/grupo-aligator.com\/es\/wp-json\/wp\/v2\/pages"}],"about":[{"href":"https:\/\/grupo-aligator.com\/es\/wp-json\/wp\/v2\/types\/page"}],"author":[{"embeddable":true,"href":"https:\/\/grupo-aligator.com\/es\/wp-json\/wp\/v2\/users\/1"}],"replies":[{"embeddable":true,"href":"https:\/\/grupo-aligator.com\/es\/wp-json\/wp\/v2\/comments?post=3003"}],"version-history":[{"count":9,"href":"https:\/\/grupo-aligator.com\/es\/wp-json\/wp\/v2\/pages\/3003\/revisions"}],"predecessor-version":[{"id":5435,"href":"https:\/\/grupo-aligator.com\/es\/wp-json\/wp\/v2\/pages\/3003\/revisions\/5435"}],"wp:attachment":[{"href":"https:\/\/grupo-aligator.com\/es\/wp-json\/wp\/v2\/media?parent=3003"}],"curies":[{"name":"wp","href":"https:\/\/api.w.org\/{rel}","templated":true}]}}