{"id":2982,"date":"2014-07-28T09:47:42","date_gmt":"2014-07-28T09:47:42","guid":{"rendered":"http:\/\/aligator.cristaleria-aligator.com\/?page_id=2982"},"modified":"2019-12-16T15:55:25","modified_gmt":"2019-12-16T13:55:25","slug":"ventanas-de-madera","status":"publish","type":"page","link":"https:\/\/grupo-aligator.com\/es\/ventanas-de-madera\/","title":{"rendered":"Ventanas de madera de producci\u00f3n<br \/> cualitativa Made in Germany"},"content":{"rendered":"<div id=\"aligator-logo-es\" style=\"margin: -74px 0 0 742px;\"><\/div>\n<div class=\"toldos-top-logo\"><\/div>\n<div id=\"toldos-aligator-description\">\n<p>La madera tiene una belleza natural, haciendo hincapi\u00e9 en su calidez as\u00ed como en su estructura. Se puede oler y tocar. Ning\u00fan otro material en la tierra es tan vers\u00e1til. Las ventanas de madera tienen un verdadero encanto y un carisma incomparable.<\/p>\n<\/div>\n<div id=\"content-page\" style=\"margin: -20px 0 0 0;\">\n<a href=\"http:\/\/grupo-aligator.com\/es\/holz-fenster-and-turen-dreh-kipp-elemente\/\"><\/p>\n<div id=\"page-category-left-text\">\n<div class=\"page-category-text-title\" style=\"font-size: 16px;\">Sistemas de inclinaci\u00f3n y declinaci\u00f3n<\/div>\n<\/div>\n<p><\/a><\/p>\n<p><a href=\"http:\/\/grupo-aligator.com\/es\/holz-fenster-and-turen-dreh-kipp-elemente\/\"><\/p>\n<div id=\"image-1\"><img decoding=\"async\" loading=\"lazy\" src=\"\/wp-content\/uploads\/2014\/07\/1-1.jpg\" alt=\"Sistemas de inclinaci\u00f3n y declinaci\u00f3n\" style=\"opacity: 1;\" width=\"325\" height=\"320\" \/><\/div>\n<p><\/a><\/p>\n<p><a href=\"http:\/\/grupo-aligator.com\/es\/holz-systeme-schiebe-elemente\/\"><\/p>\n<div id=\"page-category-right-text\">\n<div class=\"page-category-text-title\" style=\"font-size: 16px;\">Sistemas corredizos<\/div>\n<\/div>\n<p><\/a><\/p>\n<p><a href=\"http:\/\/grupo-aligator.com\/es\/holz-systeme-schiebe-elemente\/\"><\/p>\n<div id=\"image-2\"><img decoding=\"async\" loading=\"lazy\" src=\"\/wp-content\/uploads\/2014\/07\/1-11.jpg\" alt=\"Sistemas corredizos\" style=\"opacity: 1;\" width=\"325\" height=\"320\" \/><\/div>\n<p><\/a>\n<\/div>\n","protected":false},"excerpt":{"rendered":"<p>La madera tiene una belleza natural, haciendo hincapi\u00e9 en su calidez as\u00ed como en su estructura. Se puede oler y tocar. Ning\u00fan otro material en la tierra es tan vers\u00e1til. Las ventanas de madera tienen un verdadero encanto y un carisma incomparable. Sistemas de inclinaci\u00f3n y declinaci\u00f3n Sistemas corredizos<\/p>\n","protected":false},"author":1,"featured_media":0,"parent":0,"menu_order":0,"comment_status":"closed","ping_status":"closed","template":"content-page.php","meta":[],"yoast_head":"<!-- This site is optimized with the Yoast SEO plugin v19.11 - https:\/\/yoast.com\/wordpress\/plugins\/seo\/ -->\n<title>Ventanas de madera de producci\u00f3n cualitativa Made in Germany Mijas, Tarifa, Malaga, Marbella, Torrox - Cristaleria Aligator<\/title>\n<meta name=\"description\" content=\"Ventanas de madera de producci\u00f3n cualitativa Made in Germany Mijas, Tarifa, Malaga, Marbella, Torrox - Cristaleria Aligator tambi\u00e9n instala jard\u00edn de invierno, cortinas de vidrio en Sotogrande Costa del Sol\" \/>\n<meta name=\"robots\" content=\"index, follow, max-snippet:-1, max-image-preview:large, max-video-preview:-1\" \/>\n<link rel=\"canonical\" href=\"https:\/\/grupo-aligator.com\/es\/ventanas-de-madera\/\" \/>\n<meta property=\"og:locale\" content=\"es_ES\" \/>\n<meta property=\"og:type\" content=\"article\" \/>\n<meta property=\"og:title\" content=\"Ventanas de madera de producci\u00f3n cualitativa Made in Germany Mijas, Tarifa, Malaga, Marbella, Torrox - Cristaleria Aligator\" \/>\n<meta property=\"og:description\" content=\"Ventanas de madera de producci\u00f3n cualitativa Made in Germany Mijas, Tarifa, Malaga, Marbella, Torrox - Cristaleria Aligator tambi\u00e9n instala jard\u00edn de invierno, cortinas de vidrio en Sotogrande Costa del Sol\" \/>\n<meta property=\"og:url\" content=\"https:\/\/grupo-aligator.com\/es\/ventanas-de-madera\/\" \/>\n<meta property=\"article:modified_time\" content=\"2019-12-16T13:55:25+00:00\" \/>\n<meta name=\"twitter:card\" content=\"summary_large_image\" \/>\n<script type=\"application\/ld+json\" class=\"yoast-schema-graph\">{\"@context\":\"https:\/\/schema.org\",\"@graph\":[{\"@type\":\"WebPage\",\"@id\":\"https:\/\/grupo-aligator.com\/es\/ventanas-de-madera\/\",\"url\":\"https:\/\/grupo-aligator.com\/es\/ventanas-de-madera\/\",\"name\":\"Ventanas de madera de producci\u00f3n cualitativa Made in Germany Mijas, Tarifa, Malaga, Marbella, Torrox - Cristaleria Aligator\",\"isPartOf\":{\"@id\":\"https:\/\/grupo-aligator.com\/es\/#website\"},\"datePublished\":\"2014-07-28T09:47:42+00:00\",\"dateModified\":\"2019-12-16T13:55:25+00:00\",\"description\":\"Ventanas de madera de producci\u00f3n cualitativa Made in Germany Mijas, Tarifa, Malaga, Marbella, Torrox - Cristaleria Aligator tambi\u00e9n instala jard\u00edn de invierno, cortinas de vidrio en Sotogrande Costa del Sol\",\"breadcrumb\":{\"@id\":\"https:\/\/grupo-aligator.com\/es\/ventanas-de-madera\/#breadcrumb\"},\"inLanguage\":\"es\",\"potentialAction\":[{\"@type\":\"ReadAction\",\"target\":[\"https:\/\/grupo-aligator.com\/es\/ventanas-de-madera\/\"]}]},{\"@type\":\"BreadcrumbList\",\"@id\":\"https:\/\/grupo-aligator.com\/es\/ventanas-de-madera\/#breadcrumb\",\"itemListElement\":[{\"@type\":\"ListItem\",\"position\":1,\"name\":\"Home\",\"item\":\"https:\/\/grupo-aligator.com\/es\/\"},{\"@type\":\"ListItem\",\"position\":2,\"name\":\"Ventanas de madera de producci\u00f3n cualitativa Made in Germany\"}]},{\"@type\":\"WebSite\",\"@id\":\"https:\/\/grupo-aligator.com\/es\/#website\",\"url\":\"https:\/\/grupo-aligator.com\/es\/\",\"name\":\"\",\"description\":\"\",\"publisher\":{\"@id\":\"https:\/\/grupo-aligator.com\/es\/#organization\"},\"potentialAction\":[{\"@type\":\"SearchAction\",\"target\":{\"@type\":\"EntryPoint\",\"urlTemplate\":\"https:\/\/grupo-aligator.com\/es\/?s={search_term_string}\"},\"query-input\":\"required name=search_term_string\"}],\"inLanguage\":\"es\"},{\"@type\":\"Organization\",\"@id\":\"https:\/\/grupo-aligator.com\/es\/#organization\",\"name\":\"Cristaleria Aligator S.L.\",\"url\":\"https:\/\/grupo-aligator.com\/es\/\",\"logo\":{\"@type\":\"ImageObject\",\"inLanguage\":\"es\",\"@id\":\"https:\/\/grupo-aligator.com\/es\/#\/schema\/logo\/image\/\",\"url\":\"http:\/\/grupo-aligator.com\/wp-content\/uploads\/2019\/11\/aligator-logo-de.png\",\"contentUrl\":\"http:\/\/grupo-aligator.com\/wp-content\/uploads\/2019\/11\/aligator-logo-de.png\",\"width\":150,\"height\":160,\"caption\":\"Cristaleria Aligator S.L.\"},\"image\":{\"@id\":\"https:\/\/grupo-aligator.com\/es\/#\/schema\/logo\/image\/\"}}]}<\/script>\n<!-- \/ Yoast SEO plugin. -->","yoast_head_json":{"title":"Ventanas de madera de producci\u00f3n cualitativa Made in Germany Mijas, Tarifa, Malaga, Marbella, Torrox - Cristaleria Aligator","description":"Ventanas de madera de producci\u00f3n cualitativa Made in Germany Mijas, Tarifa, Malaga, Marbella, Torrox - Cristaleria Aligator tambi\u00e9n instala jard\u00edn de invierno, cortinas de vidrio en Sotogrande Costa del Sol","robots":{"index":"index","follow":"follow","max-snippet":"max-snippet:-1","max-image-preview":"max-image-preview:large","max-video-preview":"max-video-preview:-1"},"canonical":"https:\/\/grupo-aligator.com\/es\/ventanas-de-madera\/","og_locale":"es_ES","og_type":"article","og_title":"Ventanas de madera de producci\u00f3n cualitativa Made in Germany Mijas, Tarifa, Malaga, Marbella, Torrox - Cristaleria Aligator","og_description":"Ventanas de madera de producci\u00f3n cualitativa Made in Germany Mijas, Tarifa, Malaga, Marbella, Torrox - Cristaleria Aligator tambi\u00e9n instala jard\u00edn de invierno, cortinas de vidrio en Sotogrande Costa del Sol","og_url":"https:\/\/grupo-aligator.com\/es\/ventanas-de-madera\/","article_modified_time":"2019-12-16T13:55:25+00:00","twitter_card":"summary_large_image","schema":{"@context":"https:\/\/schema.org","@graph":[{"@type":"WebPage","@id":"https:\/\/grupo-aligator.com\/es\/ventanas-de-madera\/","url":"https:\/\/grupo-aligator.com\/es\/ventanas-de-madera\/","name":"Ventanas de madera de producci\u00f3n cualitativa Made in Germany Mijas, Tarifa, Malaga, Marbella, Torrox - Cristaleria Aligator","isPartOf":{"@id":"https:\/\/grupo-aligator.com\/es\/#website"},"datePublished":"2014-07-28T09:47:42+00:00","dateModified":"2019-12-16T13:55:25+00:00","description":"Ventanas de madera de producci\u00f3n cualitativa Made in Germany Mijas, Tarifa, Malaga, Marbella, Torrox - Cristaleria Aligator tambi\u00e9n instala jard\u00edn de invierno, cortinas de vidrio en Sotogrande Costa del Sol","breadcrumb":{"@id":"https:\/\/grupo-aligator.com\/es\/ventanas-de-madera\/#breadcrumb"},"inLanguage":"es","potentialAction":[{"@type":"ReadAction","target":["https:\/\/grupo-aligator.com\/es\/ventanas-de-madera\/"]}]},{"@type":"BreadcrumbList","@id":"https:\/\/grupo-aligator.com\/es\/ventanas-de-madera\/#breadcrumb","itemListElement":[{"@type":"ListItem","position":1,"name":"Home","item":"https:\/\/grupo-aligator.com\/es\/"},{"@type":"ListItem","position":2,"name":"Ventanas de madera de producci\u00f3n cualitativa Made in Germany"}]},{"@type":"WebSite","@id":"https:\/\/grupo-aligator.com\/es\/#website","url":"https:\/\/grupo-aligator.com\/es\/","name":"","description":"","publisher":{"@id":"https:\/\/grupo-aligator.com\/es\/#organization"},"potentialAction":[{"@type":"SearchAction","target":{"@type":"EntryPoint","urlTemplate":"https:\/\/grupo-aligator.com\/es\/?s={search_term_string}"},"query-input":"required name=search_term_string"}],"inLanguage":"es"},{"@type":"Organization","@id":"https:\/\/grupo-aligator.com\/es\/#organization","name":"Cristaleria Aligator S.L.","url":"https:\/\/grupo-aligator.com\/es\/","logo":{"@type":"ImageObject","inLanguage":"es","@id":"https:\/\/grupo-aligator.com\/es\/#\/schema\/logo\/image\/","url":"http:\/\/grupo-aligator.com\/wp-content\/uploads\/2019\/11\/aligator-logo-de.png","contentUrl":"http:\/\/grupo-aligator.com\/wp-content\/uploads\/2019\/11\/aligator-logo-de.png","width":150,"height":160,"caption":"Cristaleria Aligator S.L."},"image":{"@id":"https:\/\/grupo-aligator.com\/es\/#\/schema\/logo\/image\/"}}]}},"_links":{"self":[{"href":"https:\/\/grupo-aligator.com\/es\/wp-json\/wp\/v2\/pages\/2982"}],"collection":[{"href":"https:\/\/grupo-aligator.com\/es\/wp-json\/wp\/v2\/pages"}],"about":[{"href":"https:\/\/grupo-aligator.com\/es\/wp-json\/wp\/v2\/types\/page"}],"author":[{"embeddable":true,"href":"https:\/\/grupo-aligator.com\/es\/wp-json\/wp\/v2\/users\/1"}],"replies":[{"embeddable":true,"href":"https:\/\/grupo-aligator.com\/es\/wp-json\/wp\/v2\/comments?post=2982"}],"version-history":[{"count":9,"href":"https:\/\/grupo-aligator.com\/es\/wp-json\/wp\/v2\/pages\/2982\/revisions"}],"predecessor-version":[{"id":5450,"href":"https:\/\/grupo-aligator.com\/es\/wp-json\/wp\/v2\/pages\/2982\/revisions\/5450"}],"wp:attachment":[{"href":"https:\/\/grupo-aligator.com\/es\/wp-json\/wp\/v2\/media?parent=2982"}],"curies":[{"name":"wp","href":"https:\/\/api.w.org\/{rel}","templated":true}]}}