{"id":2967,"date":"2014-07-28T09:17:07","date_gmt":"2014-07-28T09:17:07","guid":{"rendered":"http:\/\/aligator.cristaleria-aligator.com\/?page_id=2967"},"modified":"2019-12-16T16:03:53","modified_gmt":"2019-12-16T14:03:53","slug":"ventanas-de-aluminio","status":"publish","type":"page","link":"https:\/\/grupo-aligator.com\/es\/ventanas-de-aluminio\/","title":{"rendered":"Ventanas de aluminio de producci\u00f3n"},"content":{"rendered":"<p>&nbsp;<\/p>\n<div id=\"aligator-logo-es\" style=\"margin: -74px 0 0 742px;\"><\/div>\n<div class=\"toldos-top-logo\"><\/div>\n<div id=\"toldos-aligator-description\">\n<p>El aluminio es ligero, fuerte, f\u00e1cil de limpiar y resistente a la corrosi\u00f3n &#8211; material con una larga vida \u00fatil. El aluminio se deja moldear de manera precisa gracias a componentes de ahorro energ\u00e9ticos con alta estanqueidad as\u00ed como aislamiento ac\u00fastico y t\u00e9rmico. Tampoco aqu\u00ed en Espa\u00f1a se debe prescindir de una separaci\u00f3n t\u00e9rmica de los perfiles: La tira aislante evita la transferencia del calor o del fr\u00edo; la junta central vers\u00e1til est\u00e1 protegida contra la radiaci\u00f3n UV encontr\u00e1ndose en el marco (resistente frente al envejecimiento). Las juntas de doble caras ofrecen una funci\u00f3n \u00f3ptima de aislamiento t\u00e9rmico as\u00ed como de montaje del vidrio insonorizado.<\/p>\n<\/div>\n<div id=\"content-page\" style=\"margin: -20px 0 0 0;\">\n<div id=\"page-category-left-text\">\n<div class=\"page-category-text-title\">Inclinar y girar los sistemas<\/div>\n<\/div>\n<div id=\"image-1\"><img decoding=\"async\" loading=\"lazy\" style=\"opacity: 1;\" src=\"\/wp-content\/uploads\/2014\/07\/Previw-Pic-Dreh-Kipp.jpeg\" alt=\"La rotaci\u00f3n; Inclinar y girar los sistemas\" width=\"325\" height=\"320\" \/><\/div>\n<div id=\"page-category-right-text\">\n<div class=\"page-category-text-title\">Sistemas de correderas<\/div>\n<\/div>\n<div id=\"image-2\"><img decoding=\"async\" loading=\"lazy\" style=\"opacity: 1;\" src=\"\/wp-content\/uploads\/2014\/07\/Preview-Pic-Schiebe-Systeme.jpg\" alt=\"Sistemas de correderas\" width=\"325\" height=\"320\" \/><\/div>\n<p>&nbsp;<\/p>\n<\/div>\n","protected":false},"excerpt":{"rendered":"<p>&nbsp; El aluminio es ligero, fuerte, f\u00e1cil de limpiar y resistente a la corrosi\u00f3n &#8211; material con una larga vida \u00fatil. El aluminio se deja moldear de manera precisa gracias a componentes de ahorro energ\u00e9ticos con alta estanqueidad as\u00ed como aislamiento ac\u00fastico y t\u00e9rmico. Tampoco aqu\u00ed en Espa\u00f1a se debe prescindir de una separaci\u00f3n t\u00e9rmica de los perfiles: La tira aislante evita la transferencia del calor o del fr\u00edo;<span class=\"ellipsis\">&hellip;<\/span><\/p>\n<div class=\"read-more\"><a href=\"https:\/\/grupo-aligator.com\/es\/ventanas-de-aluminio\/\">Read More&#8230;<\/a><\/div>\n<p><!-- end of .read-more --><\/p>\n","protected":false},"author":1,"featured_media":0,"parent":0,"menu_order":0,"comment_status":"closed","ping_status":"closed","template":"content-page.php","meta":[],"yoast_head":"<!-- This site is optimized with the Yoast SEO plugin v19.11 - https:\/\/yoast.com\/wordpress\/plugins\/seo\/ -->\n<title>Ventanas de aluminio de producci\u00f3n Mijas, Tarifa, Malaga, Marbella, Torrox - Cristaleria Aligator<\/title>\n<meta name=\"description\" content=\"Ventanas de aluminio de producci\u00f3n Mijas, Tarifa, Malaga, Marbella, Torrox - Cristaleria Aligator tambi\u00e9n instala jard\u00edn de invierno, cortinas de vidrio en Sotogrande Costa del Sol\" \/>\n<meta name=\"robots\" content=\"index, follow, max-snippet:-1, max-image-preview:large, max-video-preview:-1\" \/>\n<link rel=\"canonical\" href=\"https:\/\/grupo-aligator.com\/es\/ventanas-de-aluminio\/\" \/>\n<meta property=\"og:locale\" content=\"es_ES\" \/>\n<meta property=\"og:type\" content=\"article\" \/>\n<meta property=\"og:title\" content=\"Ventanas de aluminio de producci\u00f3n Mijas, Tarifa, Malaga, Marbella, Torrox - Cristaleria Aligator\" \/>\n<meta property=\"og:description\" content=\"Ventanas de aluminio de producci\u00f3n Mijas, Tarifa, Malaga, Marbella, Torrox - Cristaleria Aligator tambi\u00e9n instala jard\u00edn de invierno, cortinas de vidrio en Sotogrande Costa del Sol\" \/>\n<meta property=\"og:url\" content=\"https:\/\/grupo-aligator.com\/es\/ventanas-de-aluminio\/\" \/>\n<meta property=\"article:modified_time\" content=\"2019-12-16T14:03:53+00:00\" \/>\n<meta name=\"twitter:card\" content=\"summary_large_image\" \/>\n<meta name=\"twitter:label1\" content=\"Tiempo de lectura\" \/>\n\t<meta name=\"twitter:data1\" content=\"1 minuto\" \/>\n<script type=\"application\/ld+json\" class=\"yoast-schema-graph\">{\"@context\":\"https:\/\/schema.org\",\"@graph\":[{\"@type\":\"WebPage\",\"@id\":\"https:\/\/grupo-aligator.com\/es\/ventanas-de-aluminio\/\",\"url\":\"https:\/\/grupo-aligator.com\/es\/ventanas-de-aluminio\/\",\"name\":\"Ventanas de aluminio de producci\u00f3n Mijas, Tarifa, Malaga, Marbella, Torrox - Cristaleria Aligator\",\"isPartOf\":{\"@id\":\"https:\/\/grupo-aligator.com\/es\/#website\"},\"datePublished\":\"2014-07-28T09:17:07+00:00\",\"dateModified\":\"2019-12-16T14:03:53+00:00\",\"description\":\"Ventanas de aluminio de producci\u00f3n Mijas, Tarifa, Malaga, Marbella, Torrox - Cristaleria Aligator tambi\u00e9n instala jard\u00edn de invierno, cortinas de vidrio en Sotogrande Costa del Sol\",\"breadcrumb\":{\"@id\":\"https:\/\/grupo-aligator.com\/es\/ventanas-de-aluminio\/#breadcrumb\"},\"inLanguage\":\"es\",\"potentialAction\":[{\"@type\":\"ReadAction\",\"target\":[\"https:\/\/grupo-aligator.com\/es\/ventanas-de-aluminio\/\"]}]},{\"@type\":\"BreadcrumbList\",\"@id\":\"https:\/\/grupo-aligator.com\/es\/ventanas-de-aluminio\/#breadcrumb\",\"itemListElement\":[{\"@type\":\"ListItem\",\"position\":1,\"name\":\"Home\",\"item\":\"https:\/\/grupo-aligator.com\/es\/\"},{\"@type\":\"ListItem\",\"position\":2,\"name\":\"Ventanas de aluminio de producci\u00f3n\"}]},{\"@type\":\"WebSite\",\"@id\":\"https:\/\/grupo-aligator.com\/es\/#website\",\"url\":\"https:\/\/grupo-aligator.com\/es\/\",\"name\":\"\",\"description\":\"\",\"publisher\":{\"@id\":\"https:\/\/grupo-aligator.com\/es\/#organization\"},\"potentialAction\":[{\"@type\":\"SearchAction\",\"target\":{\"@type\":\"EntryPoint\",\"urlTemplate\":\"https:\/\/grupo-aligator.com\/es\/?s={search_term_string}\"},\"query-input\":\"required name=search_term_string\"}],\"inLanguage\":\"es\"},{\"@type\":\"Organization\",\"@id\":\"https:\/\/grupo-aligator.com\/es\/#organization\",\"name\":\"Cristaleria Aligator S.L.\",\"url\":\"https:\/\/grupo-aligator.com\/es\/\",\"logo\":{\"@type\":\"ImageObject\",\"inLanguage\":\"es\",\"@id\":\"https:\/\/grupo-aligator.com\/es\/#\/schema\/logo\/image\/\",\"url\":\"http:\/\/grupo-aligator.com\/wp-content\/uploads\/2019\/11\/aligator-logo-de.png\",\"contentUrl\":\"http:\/\/grupo-aligator.com\/wp-content\/uploads\/2019\/11\/aligator-logo-de.png\",\"width\":150,\"height\":160,\"caption\":\"Cristaleria Aligator S.L.\"},\"image\":{\"@id\":\"https:\/\/grupo-aligator.com\/es\/#\/schema\/logo\/image\/\"}}]}<\/script>\n<!-- \/ Yoast SEO plugin. -->","yoast_head_json":{"title":"Ventanas de aluminio de producci\u00f3n Mijas, Tarifa, Malaga, Marbella, Torrox - Cristaleria Aligator","description":"Ventanas de aluminio de producci\u00f3n Mijas, Tarifa, Malaga, Marbella, Torrox - Cristaleria Aligator tambi\u00e9n instala jard\u00edn de invierno, cortinas de vidrio en Sotogrande Costa del Sol","robots":{"index":"index","follow":"follow","max-snippet":"max-snippet:-1","max-image-preview":"max-image-preview:large","max-video-preview":"max-video-preview:-1"},"canonical":"https:\/\/grupo-aligator.com\/es\/ventanas-de-aluminio\/","og_locale":"es_ES","og_type":"article","og_title":"Ventanas de aluminio de producci\u00f3n Mijas, Tarifa, Malaga, Marbella, Torrox - Cristaleria Aligator","og_description":"Ventanas de aluminio de producci\u00f3n Mijas, Tarifa, Malaga, Marbella, Torrox - Cristaleria Aligator tambi\u00e9n instala jard\u00edn de invierno, cortinas de vidrio en Sotogrande Costa del Sol","og_url":"https:\/\/grupo-aligator.com\/es\/ventanas-de-aluminio\/","article_modified_time":"2019-12-16T14:03:53+00:00","twitter_card":"summary_large_image","twitter_misc":{"Tiempo de lectura":"1 minuto"},"schema":{"@context":"https:\/\/schema.org","@graph":[{"@type":"WebPage","@id":"https:\/\/grupo-aligator.com\/es\/ventanas-de-aluminio\/","url":"https:\/\/grupo-aligator.com\/es\/ventanas-de-aluminio\/","name":"Ventanas de aluminio de producci\u00f3n Mijas, Tarifa, Malaga, Marbella, Torrox - Cristaleria Aligator","isPartOf":{"@id":"https:\/\/grupo-aligator.com\/es\/#website"},"datePublished":"2014-07-28T09:17:07+00:00","dateModified":"2019-12-16T14:03:53+00:00","description":"Ventanas de aluminio de producci\u00f3n Mijas, Tarifa, Malaga, Marbella, Torrox - Cristaleria Aligator tambi\u00e9n instala jard\u00edn de invierno, cortinas de vidrio en Sotogrande Costa del Sol","breadcrumb":{"@id":"https:\/\/grupo-aligator.com\/es\/ventanas-de-aluminio\/#breadcrumb"},"inLanguage":"es","potentialAction":[{"@type":"ReadAction","target":["https:\/\/grupo-aligator.com\/es\/ventanas-de-aluminio\/"]}]},{"@type":"BreadcrumbList","@id":"https:\/\/grupo-aligator.com\/es\/ventanas-de-aluminio\/#breadcrumb","itemListElement":[{"@type":"ListItem","position":1,"name":"Home","item":"https:\/\/grupo-aligator.com\/es\/"},{"@type":"ListItem","position":2,"name":"Ventanas de aluminio de producci\u00f3n"}]},{"@type":"WebSite","@id":"https:\/\/grupo-aligator.com\/es\/#website","url":"https:\/\/grupo-aligator.com\/es\/","name":"","description":"","publisher":{"@id":"https:\/\/grupo-aligator.com\/es\/#organization"},"potentialAction":[{"@type":"SearchAction","target":{"@type":"EntryPoint","urlTemplate":"https:\/\/grupo-aligator.com\/es\/?s={search_term_string}"},"query-input":"required name=search_term_string"}],"inLanguage":"es"},{"@type":"Organization","@id":"https:\/\/grupo-aligator.com\/es\/#organization","name":"Cristaleria Aligator S.L.","url":"https:\/\/grupo-aligator.com\/es\/","logo":{"@type":"ImageObject","inLanguage":"es","@id":"https:\/\/grupo-aligator.com\/es\/#\/schema\/logo\/image\/","url":"http:\/\/grupo-aligator.com\/wp-content\/uploads\/2019\/11\/aligator-logo-de.png","contentUrl":"http:\/\/grupo-aligator.com\/wp-content\/uploads\/2019\/11\/aligator-logo-de.png","width":150,"height":160,"caption":"Cristaleria Aligator S.L."},"image":{"@id":"https:\/\/grupo-aligator.com\/es\/#\/schema\/logo\/image\/"}}]}},"_links":{"self":[{"href":"https:\/\/grupo-aligator.com\/es\/wp-json\/wp\/v2\/pages\/2967"}],"collection":[{"href":"https:\/\/grupo-aligator.com\/es\/wp-json\/wp\/v2\/pages"}],"about":[{"href":"https:\/\/grupo-aligator.com\/es\/wp-json\/wp\/v2\/types\/page"}],"author":[{"embeddable":true,"href":"https:\/\/grupo-aligator.com\/es\/wp-json\/wp\/v2\/users\/1"}],"replies":[{"embeddable":true,"href":"https:\/\/grupo-aligator.com\/es\/wp-json\/wp\/v2\/comments?post=2967"}],"version-history":[{"count":23,"href":"https:\/\/grupo-aligator.com\/es\/wp-json\/wp\/v2\/pages\/2967\/revisions"}],"predecessor-version":[{"id":7346,"href":"https:\/\/grupo-aligator.com\/es\/wp-json\/wp\/v2\/pages\/2967\/revisions\/7346"}],"wp:attachment":[{"href":"https:\/\/grupo-aligator.com\/es\/wp-json\/wp\/v2\/media?parent=2967"}],"curies":[{"name":"wp","href":"https:\/\/api.w.org\/{rel}","templated":true}]}}