{"id":2598,"date":"2014-07-18T12:06:22","date_gmt":"2014-07-18T12:06:22","guid":{"rendered":"http:\/\/aligator.cristaleria-aligator.com\/?page_id=2598"},"modified":"2019-12-16T16:20:02","modified_gmt":"2019-12-16T14:20:02","slug":"puertas-corredizas-acristaladas","status":"publish","type":"page","link":"https:\/\/grupo-aligator.com\/es\/puertas-corredizas-acristaladas\/","title":{"rendered":"Puertas corredizas acristaladas"},"content":{"rendered":"<div id=\"aligator-logo-es\"><\/div>\n<div class=\"toldos-top-logo\"><\/div>\n<div id=\"toldos-aligator-description\">\n<p>Puertas corredizas acristaladas &#8211; Desea habitaciones y terrazas a\u00fan m\u00e1s generosas y abiertas a la luz y al confort?<\/p>\n<p>&nbsp;<\/p>\n<p>Estos deseos y muchos m\u00e1s vienen satisfechos gracias a nuestros sistemas de puertas deslizantes acristaladas:<br \/>\n1.) puerta corrediza suspendida a la pared o al techo (max.150kg)<br \/>\n2.) puerta corrediza de pie para todas las zonas de concentraci\u00f3n. El peso se transfiere mediante los rodillos al suelo. S\u00f3lo hay un carril de gu\u00eda en el techo (m\u00e1x. 400 Kg)<\/p>\n<\/div>\n<div id=\"toldos-columns\" style=\"margin: 20px 0 0 0;\">\n<div class=\"toldos-column\" style=\"width: 280px;\">\n<div class=\"toldos-column-logo-text\" style=\"color: #006600; font-size: 20px; font-weight: bold; padding: 4px 0 18px 0;\">Puerta corrediza suspendida<\/div>\n<p>&nbsp;<\/p>\n<div class=\"toldos-column-image\" style=\"height: 325px; width: 280px;\"><a href=\"http:\/\/grupo-aligator.com\/es\/puerta-corrediza-suspendida\/\"><img decoding=\"async\" loading=\"lazy\" src=\"\/wp-content\/uploads\/2014\/07\/hangende-schiebeturen.jpg\" alt=\"Puertas corredizas acristaladas\" width=\"280\" height=\"325\" \/><\/a><\/div>\n<\/div>\n<div class=\"toldos-column\" style=\"width: 280px;\">\n<div class=\"toldos-column-logo-text\" style=\"color: #006600; font-size: 24px; font-weight: bold; padding: 4px 0 18px 0;\">Puerta corrediza de pie<\/div>\n<p>&nbsp;<\/p>\n<div class=\"toldos-column-image\" style=\"height: 325px; width: 280px;\"><a href=\"http:\/\/grupo-aligator.com\/es\/puerta-corrediza-de-pie\/\"><img decoding=\"async\" loading=\"lazy\" src=\"\/wp-content\/uploads\/2014\/07\/stehende-schiebeturen.jpg\" alt=\"Puertas corredizas acristaladas\" width=\"280\" height=\"325\" \/><\/a><\/div>\n<\/div>\n<\/div>\n","protected":false},"excerpt":{"rendered":"<p>Puertas corredizas acristaladas &#8211; Desea habitaciones y terrazas a\u00fan m\u00e1s generosas y abiertas a la luz y al confort? &nbsp; Estos deseos y muchos m\u00e1s vienen satisfechos gracias a nuestros sistemas de puertas deslizantes acristaladas: 1.) puerta corrediza suspendida a la pared o al techo (max.150kg) 2.) puerta corrediza de pie para todas las zonas de concentraci\u00f3n. El peso se transfiere mediante los rodillos al suelo. S\u00f3lo hay un<span class=\"ellipsis\">&hellip;<\/span><\/p>\n<div class=\"read-more\"><a href=\"https:\/\/grupo-aligator.com\/es\/puertas-corredizas-acristaladas\/\">Read More&#8230;<\/a><\/div>\n<p><!-- end of .read-more --><\/p>\n","protected":false},"author":1,"featured_media":0,"parent":0,"menu_order":0,"comment_status":"closed","ping_status":"closed","template":"content-page.php","meta":[],"yoast_head":"<!-- This site is optimized with the Yoast SEO plugin v19.11 - https:\/\/yoast.com\/wordpress\/plugins\/seo\/ -->\n<title>Puertas corredizas acristaladas Mijas, Marbella, Torrox - Cristaleria Aligator<\/title>\n<meta name=\"description\" content=\"Puertas corredizas acristaladas Mijas,Tarifa, Malaga, Marbella, Torrox - Cristaleria Aligator jard\u00edn dd invierno, cortinas de vidrio Sotogrande o Fuengirola\" \/>\n<meta name=\"robots\" content=\"index, follow, max-snippet:-1, max-image-preview:large, max-video-preview:-1\" \/>\n<link rel=\"canonical\" href=\"https:\/\/grupo-aligator.com\/es\/puertas-corredizas-acristaladas\/\" \/>\n<meta property=\"og:locale\" content=\"es_ES\" \/>\n<meta property=\"og:type\" content=\"article\" \/>\n<meta property=\"og:title\" content=\"Puertas corredizas acristaladas Mijas, Marbella, Torrox - Cristaleria Aligator\" \/>\n<meta property=\"og:description\" content=\"Puertas corredizas acristaladas Mijas,Tarifa, Malaga, Marbella, Torrox - Cristaleria Aligator jard\u00edn dd invierno, cortinas de vidrio Sotogrande o Fuengirola\" \/>\n<meta property=\"og:url\" content=\"https:\/\/grupo-aligator.com\/es\/puertas-corredizas-acristaladas\/\" \/>\n<meta property=\"article:modified_time\" content=\"2019-12-16T14:20:02+00:00\" \/>\n<meta name=\"twitter:card\" content=\"summary_large_image\" \/>\n<script type=\"application\/ld+json\" class=\"yoast-schema-graph\">{\"@context\":\"https:\/\/schema.org\",\"@graph\":[{\"@type\":\"WebPage\",\"@id\":\"https:\/\/grupo-aligator.com\/es\/puertas-corredizas-acristaladas\/\",\"url\":\"https:\/\/grupo-aligator.com\/es\/puertas-corredizas-acristaladas\/\",\"name\":\"Puertas corredizas acristaladas Mijas, Marbella, Torrox - Cristaleria Aligator\",\"isPartOf\":{\"@id\":\"https:\/\/grupo-aligator.com\/es\/#website\"},\"datePublished\":\"2014-07-18T12:06:22+00:00\",\"dateModified\":\"2019-12-16T14:20:02+00:00\",\"description\":\"Puertas corredizas acristaladas Mijas,Tarifa, Malaga, Marbella, Torrox - Cristaleria Aligator jard\u00edn dd invierno, cortinas de vidrio Sotogrande o Fuengirola\",\"breadcrumb\":{\"@id\":\"https:\/\/grupo-aligator.com\/es\/puertas-corredizas-acristaladas\/#breadcrumb\"},\"inLanguage\":\"es\",\"potentialAction\":[{\"@type\":\"ReadAction\",\"target\":[\"https:\/\/grupo-aligator.com\/es\/puertas-corredizas-acristaladas\/\"]}]},{\"@type\":\"BreadcrumbList\",\"@id\":\"https:\/\/grupo-aligator.com\/es\/puertas-corredizas-acristaladas\/#breadcrumb\",\"itemListElement\":[{\"@type\":\"ListItem\",\"position\":1,\"name\":\"Home\",\"item\":\"https:\/\/grupo-aligator.com\/es\/\"},{\"@type\":\"ListItem\",\"position\":2,\"name\":\"Puertas corredizas acristaladas\"}]},{\"@type\":\"WebSite\",\"@id\":\"https:\/\/grupo-aligator.com\/es\/#website\",\"url\":\"https:\/\/grupo-aligator.com\/es\/\",\"name\":\"\",\"description\":\"\",\"publisher\":{\"@id\":\"https:\/\/grupo-aligator.com\/es\/#organization\"},\"potentialAction\":[{\"@type\":\"SearchAction\",\"target\":{\"@type\":\"EntryPoint\",\"urlTemplate\":\"https:\/\/grupo-aligator.com\/es\/?s={search_term_string}\"},\"query-input\":\"required name=search_term_string\"}],\"inLanguage\":\"es\"},{\"@type\":\"Organization\",\"@id\":\"https:\/\/grupo-aligator.com\/es\/#organization\",\"name\":\"Cristaleria Aligator S.L.\",\"url\":\"https:\/\/grupo-aligator.com\/es\/\",\"logo\":{\"@type\":\"ImageObject\",\"inLanguage\":\"es\",\"@id\":\"https:\/\/grupo-aligator.com\/es\/#\/schema\/logo\/image\/\",\"url\":\"http:\/\/grupo-aligator.com\/wp-content\/uploads\/2019\/11\/aligator-logo-de.png\",\"contentUrl\":\"http:\/\/grupo-aligator.com\/wp-content\/uploads\/2019\/11\/aligator-logo-de.png\",\"width\":150,\"height\":160,\"caption\":\"Cristaleria Aligator S.L.\"},\"image\":{\"@id\":\"https:\/\/grupo-aligator.com\/es\/#\/schema\/logo\/image\/\"}}]}<\/script>\n<!-- \/ Yoast SEO plugin. -->","yoast_head_json":{"title":"Puertas corredizas acristaladas Mijas, Marbella, Torrox - Cristaleria Aligator","description":"Puertas corredizas acristaladas Mijas,Tarifa, Malaga, Marbella, Torrox - Cristaleria Aligator jard\u00edn dd invierno, cortinas de vidrio Sotogrande o Fuengirola","robots":{"index":"index","follow":"follow","max-snippet":"max-snippet:-1","max-image-preview":"max-image-preview:large","max-video-preview":"max-video-preview:-1"},"canonical":"https:\/\/grupo-aligator.com\/es\/puertas-corredizas-acristaladas\/","og_locale":"es_ES","og_type":"article","og_title":"Puertas corredizas acristaladas Mijas, Marbella, Torrox - Cristaleria Aligator","og_description":"Puertas corredizas acristaladas Mijas,Tarifa, Malaga, Marbella, Torrox - Cristaleria Aligator jard\u00edn dd invierno, cortinas de vidrio Sotogrande o Fuengirola","og_url":"https:\/\/grupo-aligator.com\/es\/puertas-corredizas-acristaladas\/","article_modified_time":"2019-12-16T14:20:02+00:00","twitter_card":"summary_large_image","schema":{"@context":"https:\/\/schema.org","@graph":[{"@type":"WebPage","@id":"https:\/\/grupo-aligator.com\/es\/puertas-corredizas-acristaladas\/","url":"https:\/\/grupo-aligator.com\/es\/puertas-corredizas-acristaladas\/","name":"Puertas corredizas acristaladas Mijas, Marbella, Torrox - Cristaleria Aligator","isPartOf":{"@id":"https:\/\/grupo-aligator.com\/es\/#website"},"datePublished":"2014-07-18T12:06:22+00:00","dateModified":"2019-12-16T14:20:02+00:00","description":"Puertas corredizas acristaladas Mijas,Tarifa, Malaga, Marbella, Torrox - Cristaleria Aligator jard\u00edn dd invierno, cortinas de vidrio Sotogrande o Fuengirola","breadcrumb":{"@id":"https:\/\/grupo-aligator.com\/es\/puertas-corredizas-acristaladas\/#breadcrumb"},"inLanguage":"es","potentialAction":[{"@type":"ReadAction","target":["https:\/\/grupo-aligator.com\/es\/puertas-corredizas-acristaladas\/"]}]},{"@type":"BreadcrumbList","@id":"https:\/\/grupo-aligator.com\/es\/puertas-corredizas-acristaladas\/#breadcrumb","itemListElement":[{"@type":"ListItem","position":1,"name":"Home","item":"https:\/\/grupo-aligator.com\/es\/"},{"@type":"ListItem","position":2,"name":"Puertas corredizas acristaladas"}]},{"@type":"WebSite","@id":"https:\/\/grupo-aligator.com\/es\/#website","url":"https:\/\/grupo-aligator.com\/es\/","name":"","description":"","publisher":{"@id":"https:\/\/grupo-aligator.com\/es\/#organization"},"potentialAction":[{"@type":"SearchAction","target":{"@type":"EntryPoint","urlTemplate":"https:\/\/grupo-aligator.com\/es\/?s={search_term_string}"},"query-input":"required name=search_term_string"}],"inLanguage":"es"},{"@type":"Organization","@id":"https:\/\/grupo-aligator.com\/es\/#organization","name":"Cristaleria Aligator S.L.","url":"https:\/\/grupo-aligator.com\/es\/","logo":{"@type":"ImageObject","inLanguage":"es","@id":"https:\/\/grupo-aligator.com\/es\/#\/schema\/logo\/image\/","url":"http:\/\/grupo-aligator.com\/wp-content\/uploads\/2019\/11\/aligator-logo-de.png","contentUrl":"http:\/\/grupo-aligator.com\/wp-content\/uploads\/2019\/11\/aligator-logo-de.png","width":150,"height":160,"caption":"Cristaleria Aligator S.L."},"image":{"@id":"https:\/\/grupo-aligator.com\/es\/#\/schema\/logo\/image\/"}}]}},"_links":{"self":[{"href":"https:\/\/grupo-aligator.com\/es\/wp-json\/wp\/v2\/pages\/2598"}],"collection":[{"href":"https:\/\/grupo-aligator.com\/es\/wp-json\/wp\/v2\/pages"}],"about":[{"href":"https:\/\/grupo-aligator.com\/es\/wp-json\/wp\/v2\/types\/page"}],"author":[{"embeddable":true,"href":"https:\/\/grupo-aligator.com\/es\/wp-json\/wp\/v2\/users\/1"}],"replies":[{"embeddable":true,"href":"https:\/\/grupo-aligator.com\/es\/wp-json\/wp\/v2\/comments?post=2598"}],"version-history":[{"count":8,"href":"https:\/\/grupo-aligator.com\/es\/wp-json\/wp\/v2\/pages\/2598\/revisions"}],"predecessor-version":[{"id":7350,"href":"https:\/\/grupo-aligator.com\/es\/wp-json\/wp\/v2\/pages\/2598\/revisions\/7350"}],"wp:attachment":[{"href":"https:\/\/grupo-aligator.com\/es\/wp-json\/wp\/v2\/media?parent=2598"}],"curies":[{"name":"wp","href":"https:\/\/api.w.org\/{rel}","templated":true}]}}