{"id":2534,"date":"2014-07-15T17:00:30","date_gmt":"2014-07-15T17:00:30","guid":{"rendered":"http:\/\/aligator.cristaleria-aligator.com\/?page_id=2534"},"modified":"2019-12-18T18:06:10","modified_gmt":"2019-12-18T16:06:10","slug":"mosquiteras-mijas","status":"publish","type":"page","link":"https:\/\/grupo-aligator.com\/es\/mosquiteras-mijas\/","title":{"rendered":"Mosquiteras de NEHER\u00ae"},"content":{"rendered":"<div id=\"aligator-logo-es\"><\/div>\n<div class=\"toldos-top-logo\" style=\"margin: 3px 0 0 590px;\"><img decoding=\"async\" src=\"\/wp-content\/uploads\/2014\/07\/neher-logo.png\" \/><\/div>\n<div id=\"toldos-aligator-description\">\n<p>Mosquiteras de alta calidad alemana &#8211; producidos aqu\u00ed en Andaluc\u00eda!<\/p>\n<p>&nbsp;<\/p>\n<p>Tambi\u00e9n tendr\u00e1 la protecci\u00f3n perfecta frente a insectos y bichos para que pueda relajarse en su casa en Sotogrande,\u00a0 Marbella, Mijas o Torrosx. <span class=\"tlid-translation translation\" lang=\"es\"><span class=\"\" title=\"\">Instalamos en toda la Costa del Sol<\/span><\/span>!<\/p>\n<p>&nbsp;<\/p>\n<p>Gracias a NEHER\u00ae, la marca alemana lider, le ofrecemos la protecci\u00f3n ideal contra insectos para todo tipo de entrada!<\/p>\n<\/div>\n<div id=\"toldos-columns\" style=\"margin: 20px 0 0 0;\">\n<div class=\"toldos-column\">\n<div class=\"toldos-column-logo-text\" style=\"color: #006600; font-size: 24px; font-weight: bold; padding: 4px 0 18px 0;\">Marco giratorio<\/div>\n<div class=\"toldos-column-image\" style=\"height: 210px;\"><a href=\"http:\/\/grupo-aligator.com\/es\/marco-giratorio-de-mosquitera\/\"><img decoding=\"async\" loading=\"lazy\" src=\"\/wp-content\/uploads\/2014\/07\/insektenschutz-drehrahmen.jpg\" width=\"220\" height=\"210\" \/><\/a><\/div>\n<\/div>\n<div class=\"toldos-column\">\n<div class=\"toldos-column-logo-text\" style=\"color: #006600; font-size: 24px; font-weight: bold; padding: 4px 0 18px 0;\">Mosquitera plisada<\/div>\n<div class=\"toldos-column-image\" style=\"height: 210px;\"><a href=\"http:\/\/grupo-aligator.com\/es\/mosquitero-plisado\/\"><img decoding=\"async\" loading=\"lazy\" src=\"\/wp-content\/uploads\/2014\/07\/insektenschutz-plissee.jpg\" width=\"220\" height=\"210\" \/><\/a><\/div>\n<\/div>\n<div class=\"toldos-column\">\n<div class=\"toldos-column-logo-text\" style=\"color: #006600; font-size: 21px; font-weight: bold; padding: 4px 0 18px 0;\">Mosquitero enrollable<\/div>\n<div class=\"toldos-column-image\" style=\"height: 210px;\"><a href=\"http:\/\/grupo-aligator.com\/es\/mosquitero-enrollable\/\"><img decoding=\"async\" loading=\"lazy\" src=\"\/wp-content\/uploads\/2014\/07\/insektenschutz-rollo.jpg\" width=\"220\" height=\"210\" \/><\/a><\/div>\n<\/div>\n<div class=\"toldos-column\">\n<div class=\"toldos-column-logo-text\" style=\"color: #006600; font-size: 21px; font-weight: bold; padding: 18px 0 18px 0;\">Mosquitera corrediza<\/div>\n<div class=\"toldos-column-image\" style=\"height: 210px;\"><a href=\"http:\/\/grupo-aligator.com\/es\/mosquitera-corrediza\/\"><img decoding=\"async\" loading=\"lazy\" src=\"\/wp-content\/uploads\/2014\/07\/insektenschutz-schiebeanlage.jpg\" width=\"220\" height=\"210\" \/><\/a><\/div>\n<\/div>\n<div class=\"toldos-column\">\n<div class=\"toldos-column-logo-text\" style=\"color: #006600; font-size: 24px; font-weight: bold; padding: 18px 0 18px 0;\">Marco de sujeci\u00f3n<\/div>\n<div class=\"toldos-column-image\" style=\"height: 210px;\"><a href=\"http:\/\/grupo-aligator.com\/es\/marco-de-sujecion\/\"><img decoding=\"async\" loading=\"lazy\" src=\"\/wp-content\/uploads\/2014\/07\/insektenschutz-apannrahmen.jpg\" width=\"220\" height=\"210\" \/><\/a><\/div>\n<\/div>\n<div class=\"toldos-column\">\n<div class=\"toldos-column-logo-text\" style=\"color: #006600; font-size: 24px; font-weight: bold; padding: 18px 0 18px 0;\">Pozo de luz<\/div>\n<div class=\"toldos-column-image\" style=\"height: 210px;\"><a href=\"http:\/\/grupo-aligator.com\/es\/pozo-de-luz-mosquitera\/\"><img decoding=\"async\" loading=\"lazy\" src=\"\/wp-content\/uploads\/2014\/07\/insektenschutz-lichschachtabdeckung.jpg\" width=\"220\" height=\"210\" \/><\/a><\/div>\n<\/div>\n<\/div>\n","protected":false},"excerpt":{"rendered":"<p>Mosquiteras de alta calidad alemana &#8211; producidos aqu\u00ed en Andaluc\u00eda! &nbsp; Tambi\u00e9n tendr\u00e1 la protecci\u00f3n perfecta frente a insectos y bichos para que pueda relajarse en su casa en Sotogrande,\u00a0 Marbella, Mijas o Torrosx. Instalamos en toda la Costa del Sol! &nbsp; Gracias a NEHER\u00ae, la marca alemana lider, le ofrecemos la protecci\u00f3n ideal contra insectos para todo tipo de entrada! Marco giratorio Mosquitera plisada Mosquitero enrollable Mosquitera corrediza<span class=\"ellipsis\">&hellip;<\/span><\/p>\n<div class=\"read-more\"><a href=\"https:\/\/grupo-aligator.com\/es\/mosquiteras-mijas\/\">Read More&#8230;<\/a><\/div>\n<p><!-- end of .read-more --><\/p>\n","protected":false},"author":1,"featured_media":0,"parent":0,"menu_order":0,"comment_status":"closed","ping_status":"closed","template":"content-page.php","meta":[],"yoast_head":"<!-- This site is optimized with the Yoast SEO plugin v19.11 - https:\/\/yoast.com\/wordpress\/plugins\/seo\/ -->\n<title>Mosquiteras Marbella de todo tipo instalar en Costa del Sol -Toldos Aligator<\/title>\n<meta name=\"description\" content=\"Mosquiteras Marbella, Estepona, Mijas Costa, Tarifa, Nueva Andaluc\u00eda, Sotogrande, Torrox y M\u00e1laga. Venta e Instalaci\u00f3n de Mosquiteras. Protecci\u00f3n insectos.\" \/>\n<meta name=\"robots\" content=\"index, follow, max-snippet:-1, max-image-preview:large, max-video-preview:-1\" \/>\n<link rel=\"canonical\" href=\"https:\/\/grupo-aligator.com\/es\/mosquiteras-mijas\/\" \/>\n<meta property=\"og:locale\" content=\"es_ES\" \/>\n<meta property=\"og:type\" content=\"article\" \/>\n<meta property=\"og:title\" content=\"Mosquiteras Marbella de todo tipo instalar en Costa del Sol -Toldos Aligator\" \/>\n<meta property=\"og:description\" content=\"Mosquiteras Marbella, Estepona, Mijas Costa, Tarifa, Nueva Andaluc\u00eda, Sotogrande, Torrox y M\u00e1laga. Venta e Instalaci\u00f3n de Mosquiteras. Protecci\u00f3n insectos.\" \/>\n<meta property=\"og:url\" content=\"https:\/\/grupo-aligator.com\/es\/mosquiteras-mijas\/\" \/>\n<meta property=\"article:modified_time\" content=\"2019-12-18T16:06:10+00:00\" \/>\n<meta name=\"twitter:card\" content=\"summary_large_image\" \/>\n<script type=\"application\/ld+json\" class=\"yoast-schema-graph\">{\"@context\":\"https:\/\/schema.org\",\"@graph\":[{\"@type\":\"WebPage\",\"@id\":\"https:\/\/grupo-aligator.com\/es\/mosquiteras-mijas\/\",\"url\":\"https:\/\/grupo-aligator.com\/es\/mosquiteras-mijas\/\",\"name\":\"Mosquiteras Marbella de todo tipo instalar en Costa del Sol -Toldos Aligator\",\"isPartOf\":{\"@id\":\"https:\/\/grupo-aligator.com\/es\/#website\"},\"datePublished\":\"2014-07-15T17:00:30+00:00\",\"dateModified\":\"2019-12-18T16:06:10+00:00\",\"description\":\"Mosquiteras Marbella, Estepona, Mijas Costa, Tarifa, Nueva Andaluc\u00eda, Sotogrande, Torrox y M\u00e1laga. Venta e Instalaci\u00f3n de Mosquiteras. Protecci\u00f3n insectos.\",\"breadcrumb\":{\"@id\":\"https:\/\/grupo-aligator.com\/es\/mosquiteras-mijas\/#breadcrumb\"},\"inLanguage\":\"es\",\"potentialAction\":[{\"@type\":\"ReadAction\",\"target\":[\"https:\/\/grupo-aligator.com\/es\/mosquiteras-mijas\/\"]}]},{\"@type\":\"BreadcrumbList\",\"@id\":\"https:\/\/grupo-aligator.com\/es\/mosquiteras-mijas\/#breadcrumb\",\"itemListElement\":[{\"@type\":\"ListItem\",\"position\":1,\"name\":\"Home\",\"item\":\"https:\/\/grupo-aligator.com\/es\/\"},{\"@type\":\"ListItem\",\"position\":2,\"name\":\"Mosquiteras de NEHER\u00ae\"}]},{\"@type\":\"WebSite\",\"@id\":\"https:\/\/grupo-aligator.com\/es\/#website\",\"url\":\"https:\/\/grupo-aligator.com\/es\/\",\"name\":\"\",\"description\":\"\",\"publisher\":{\"@id\":\"https:\/\/grupo-aligator.com\/es\/#organization\"},\"potentialAction\":[{\"@type\":\"SearchAction\",\"target\":{\"@type\":\"EntryPoint\",\"urlTemplate\":\"https:\/\/grupo-aligator.com\/es\/?s={search_term_string}\"},\"query-input\":\"required name=search_term_string\"}],\"inLanguage\":\"es\"},{\"@type\":\"Organization\",\"@id\":\"https:\/\/grupo-aligator.com\/es\/#organization\",\"name\":\"Cristaleria Aligator S.L.\",\"url\":\"https:\/\/grupo-aligator.com\/es\/\",\"logo\":{\"@type\":\"ImageObject\",\"inLanguage\":\"es\",\"@id\":\"https:\/\/grupo-aligator.com\/es\/#\/schema\/logo\/image\/\",\"url\":\"http:\/\/grupo-aligator.com\/wp-content\/uploads\/2019\/11\/aligator-logo-de.png\",\"contentUrl\":\"http:\/\/grupo-aligator.com\/wp-content\/uploads\/2019\/11\/aligator-logo-de.png\",\"width\":150,\"height\":160,\"caption\":\"Cristaleria Aligator S.L.\"},\"image\":{\"@id\":\"https:\/\/grupo-aligator.com\/es\/#\/schema\/logo\/image\/\"}}]}<\/script>\n<!-- \/ Yoast SEO plugin. -->","yoast_head_json":{"title":"Mosquiteras Marbella de todo tipo instalar en Costa del Sol -Toldos Aligator","description":"Mosquiteras Marbella, Estepona, Mijas Costa, Tarifa, Nueva Andaluc\u00eda, Sotogrande, Torrox y M\u00e1laga. Venta e Instalaci\u00f3n de Mosquiteras. Protecci\u00f3n insectos.","robots":{"index":"index","follow":"follow","max-snippet":"max-snippet:-1","max-image-preview":"max-image-preview:large","max-video-preview":"max-video-preview:-1"},"canonical":"https:\/\/grupo-aligator.com\/es\/mosquiteras-mijas\/","og_locale":"es_ES","og_type":"article","og_title":"Mosquiteras Marbella de todo tipo instalar en Costa del Sol -Toldos Aligator","og_description":"Mosquiteras Marbella, Estepona, Mijas Costa, Tarifa, Nueva Andaluc\u00eda, Sotogrande, Torrox y M\u00e1laga. Venta e Instalaci\u00f3n de Mosquiteras. Protecci\u00f3n insectos.","og_url":"https:\/\/grupo-aligator.com\/es\/mosquiteras-mijas\/","article_modified_time":"2019-12-18T16:06:10+00:00","twitter_card":"summary_large_image","schema":{"@context":"https:\/\/schema.org","@graph":[{"@type":"WebPage","@id":"https:\/\/grupo-aligator.com\/es\/mosquiteras-mijas\/","url":"https:\/\/grupo-aligator.com\/es\/mosquiteras-mijas\/","name":"Mosquiteras Marbella de todo tipo instalar en Costa del Sol -Toldos Aligator","isPartOf":{"@id":"https:\/\/grupo-aligator.com\/es\/#website"},"datePublished":"2014-07-15T17:00:30+00:00","dateModified":"2019-12-18T16:06:10+00:00","description":"Mosquiteras Marbella, Estepona, Mijas Costa, Tarifa, Nueva Andaluc\u00eda, Sotogrande, Torrox y M\u00e1laga. Venta e Instalaci\u00f3n de Mosquiteras. Protecci\u00f3n insectos.","breadcrumb":{"@id":"https:\/\/grupo-aligator.com\/es\/mosquiteras-mijas\/#breadcrumb"},"inLanguage":"es","potentialAction":[{"@type":"ReadAction","target":["https:\/\/grupo-aligator.com\/es\/mosquiteras-mijas\/"]}]},{"@type":"BreadcrumbList","@id":"https:\/\/grupo-aligator.com\/es\/mosquiteras-mijas\/#breadcrumb","itemListElement":[{"@type":"ListItem","position":1,"name":"Home","item":"https:\/\/grupo-aligator.com\/es\/"},{"@type":"ListItem","position":2,"name":"Mosquiteras de NEHER\u00ae"}]},{"@type":"WebSite","@id":"https:\/\/grupo-aligator.com\/es\/#website","url":"https:\/\/grupo-aligator.com\/es\/","name":"","description":"","publisher":{"@id":"https:\/\/grupo-aligator.com\/es\/#organization"},"potentialAction":[{"@type":"SearchAction","target":{"@type":"EntryPoint","urlTemplate":"https:\/\/grupo-aligator.com\/es\/?s={search_term_string}"},"query-input":"required name=search_term_string"}],"inLanguage":"es"},{"@type":"Organization","@id":"https:\/\/grupo-aligator.com\/es\/#organization","name":"Cristaleria Aligator S.L.","url":"https:\/\/grupo-aligator.com\/es\/","logo":{"@type":"ImageObject","inLanguage":"es","@id":"https:\/\/grupo-aligator.com\/es\/#\/schema\/logo\/image\/","url":"http:\/\/grupo-aligator.com\/wp-content\/uploads\/2019\/11\/aligator-logo-de.png","contentUrl":"http:\/\/grupo-aligator.com\/wp-content\/uploads\/2019\/11\/aligator-logo-de.png","width":150,"height":160,"caption":"Cristaleria Aligator S.L."},"image":{"@id":"https:\/\/grupo-aligator.com\/es\/#\/schema\/logo\/image\/"}}]}},"_links":{"self":[{"href":"https:\/\/grupo-aligator.com\/es\/wp-json\/wp\/v2\/pages\/2534"}],"collection":[{"href":"https:\/\/grupo-aligator.com\/es\/wp-json\/wp\/v2\/pages"}],"about":[{"href":"https:\/\/grupo-aligator.com\/es\/wp-json\/wp\/v2\/types\/page"}],"author":[{"embeddable":true,"href":"https:\/\/grupo-aligator.com\/es\/wp-json\/wp\/v2\/users\/1"}],"replies":[{"embeddable":true,"href":"https:\/\/grupo-aligator.com\/es\/wp-json\/wp\/v2\/comments?post=2534"}],"version-history":[{"count":11,"href":"https:\/\/grupo-aligator.com\/es\/wp-json\/wp\/v2\/pages\/2534\/revisions"}],"predecessor-version":[{"id":7393,"href":"https:\/\/grupo-aligator.com\/es\/wp-json\/wp\/v2\/pages\/2534\/revisions\/7393"}],"wp:attachment":[{"href":"https:\/\/grupo-aligator.com\/es\/wp-json\/wp\/v2\/media?parent=2534"}],"curies":[{"name":"wp","href":"https:\/\/api.w.org\/{rel}","templated":true}]}}