{"id":2498,"date":"2014-07-15T16:50:29","date_gmt":"2014-07-15T16:50:29","guid":{"rendered":"http:\/\/aligator.cristaleria-aligator.com\/?page_id=2498"},"modified":"2019-12-18T17:54:52","modified_gmt":"2019-12-18T15:54:52","slug":"oscurecimiento-warema-tarifa","status":"publish","type":"page","link":"https:\/\/grupo-aligator.com\/es\/oscurecimiento-warema-tarifa\/","title":{"rendered":"Oscurecimiento WAREMA"},"content":{"rendered":"<div id=\"aligator-logo-es\"><\/div>\n<div class=\"toldos-top-logo\"><img decoding=\"async\" src=\"\/wp-content\/uploads\/2013\/09\/warema-logo.png\" \/><\/div>\n<div id=\"toldos-aligator-description\">\n<p>Las cortinas oscurantes de WAREMA proporcionan un oscurecimiento completo, por ejemplo, en los teatros p\u00fablicos o privados, laboratorios, quir\u00f3fanos, escuelas, aulas o salas de reuniones. El oscurecimiento puede ser impulsado verticalmente u horizontalmente solamente mediante motor (por ejemplo en claraboyas) o con una gu\u00eda de cremallera. Con los sistemas de regulaci\u00f3n verticales de WAREMA se puede conseguir un oscurecimiento de las habitaciones del 100%. La tapa de inspecci\u00f3n biselada del cofre da una impresi\u00f3n visual m\u00e1s delgada. Usted puede elegir como ejecuci\u00f3n de la cortina as\u00ed a la izquierda o la derecha, y est\u00e1 disponible con un mecanismo de regulaci\u00f3n en textil, soltis o tela de fibra de vidrio.<\/p>\n<\/div>\n<div id=\"toldos-menu-content\">\n<div id=\"toldos-menu-line-1\">\n<div class=\"toldos-menu\"><a href=\"http:\/\/grupo-aligator.com\/es\/h-vda-horizantal\/\" id=\"toldos-kassetten-markisen-menu-item-1\">H-VDA horizonatal<\/a><\/div>\n<div class=\"toldos-menu\"><a href=\"http:\/\/grupo-aligator.com\/es\/vda-vertikal\/\" id=\"toldos-kassetten-markisen-menu-item-2\">VDA-vertical<\/a><\/div>\n<\/div>\n<div id=\"toldos-menu-line-2\">\n<div class=\"toldos-menu\"><a href=\"http:\/\/grupo-aligator.com\/es\/vda-zip\/\" id=\"toldos-kassetten-markisen-menu-item-3\">VDA-Zip<\/a><\/div>\n<\/div>\n<\/div>\n<div class=\"toldos-menu-images\">\n<p><img decoding=\"async\" id=\"toldos-kassetten-markisen-menu-item-1-img\" src=\"\/wp-content\/uploads\/2014\/07\/innenliegende-beschattung-verdunkelungen-cat.jpg\" \/><\/p>\n<p><img decoding=\"async\" id=\"toldos-kassetten-markisen-menu-item-2-img\" src=\"\/wp-content\/uploads\/2014\/07\/verdunkelungen-vda-vertikal.jpg\" \/><\/p>\n<p><img decoding=\"async\" id=\"toldos-kassetten-markisen-menu-item-3-img\" src=\"\/wp-content\/uploads\/2014\/07\/verdunkelungen-vda-zip.jpg\" \/><\/p>\n<p><img decoding=\"async\" id=\"toldos-kassetten-markisen-menu-item-4-img\" src=\"#\" \/><\/p>\n<p><img decoding=\"async\" id=\"toldos-kassetten-markisen-menu-item-5-img\" src=\"#\" \/><\/p>\n<p><img decoding=\"async\" id=\"toldos-kassetten-markisen-menu-item-6-img\" src=\"#\" \/><\/p>\n<\/div>\n<p><script type=\"text\/javascript\">\n$(function() {\n    $('#toldos-kassetten-markisen-menu-item-1').hover(function() { \n        $('#toldos-kassetten-markisen-menu-item-1-img').show(); \n    }, function() { \n        $('#toldos-kassetten-markisen-menu-item-1-img').hide(); \n    });\n    $('#toldos-kassetten-markisen-menu-item-2').hover(function() { \n        $('#toldos-kassetten-markisen-menu-item-2-img').show(); \n    }, function() { \n        $('#toldos-kassetten-markisen-menu-item-2-img').hide(); \n    });\n    $('#toldos-kassetten-markisen-menu-item-3').hover(function() { \n        $('#toldos-kassetten-markisen-menu-item-3-img').show(); \n    }, function() { \n        $('#toldos-kassetten-markisen-menu-item-3-img').hide(); \n    });\n    $('#toldos-kassetten-markisen-menu-item-4').hover(function() { \n        $('#toldos-kassetten-markisen-menu-item-4-img').show(); \n    }, function() { \n        $('#toldos-kassetten-markisen-menu-item-4-img').hide(); \n    });\n    $('#toldos-kassetten-markisen-menu-item-5').hover(function() { \n        $('#toldos-kassetten-markisen-menu-item-5-img').show(); \n    }, function() { \n        $('#toldos-kassetten-markisen-menu-item-5-img').hide(); \n    });\n    $('#toldos-kassetten-markisen-menu-item-6').hover(function() { \n        $('#toldos-kassetten-markisen-menu-item-6-img').show(); \n    }, function() { \n        $('#toldos-kassetten-markisen-menu-item-6-img').hide(); \n    });\n});\n<\/script><\/p>\n","protected":false},"excerpt":{"rendered":"<p>Las cortinas oscurantes de WAREMA proporcionan un oscurecimiento completo, por ejemplo, en los teatros p\u00fablicos o privados, laboratorios, quir\u00f3fanos, escuelas, aulas o salas de reuniones. El oscurecimiento puede ser impulsado verticalmente u horizontalmente solamente mediante motor (por ejemplo en claraboyas) o con una gu\u00eda de cremallera. Con los sistemas de regulaci\u00f3n verticales de WAREMA se puede conseguir un oscurecimiento de las habitaciones del 100%. La tapa de inspecci\u00f3n biselada<span class=\"ellipsis\">&hellip;<\/span><\/p>\n<div class=\"read-more\"><a href=\"https:\/\/grupo-aligator.com\/es\/oscurecimiento-warema-tarifa\/\">Read More&#8230;<\/a><\/div>\n<p><!-- end of .read-more --><\/p>\n","protected":false},"author":1,"featured_media":0,"parent":0,"menu_order":0,"comment_status":"closed","ping_status":"closed","template":"category-page.php","meta":[],"yoast_head":"<!-- This site is optimized with the Yoast SEO plugin v19.11 - https:\/\/yoast.com\/wordpress\/plugins\/seo\/ -->\n<title>Oscurecimiento WAREMA Mijas, Tarifa, Malaga, Marbella, Torrox - Cristaleria Aligator<\/title>\n<meta name=\"description\" content=\"Oscurecimiento WAREMA Mijas, Tarifa, Malaga, Marbella, Torrox - Cristaleria Aligator tambi\u00e9n instala jard\u00edn de invierno, cortinas de vidrio en Sotogrande Costa del Sol\" \/>\n<meta name=\"robots\" content=\"index, follow, max-snippet:-1, max-image-preview:large, max-video-preview:-1\" \/>\n<link rel=\"canonical\" href=\"https:\/\/grupo-aligator.com\/es\/oscurecimiento-warema-tarifa\/\" \/>\n<meta property=\"og:locale\" content=\"es_ES\" \/>\n<meta property=\"og:type\" content=\"article\" \/>\n<meta property=\"og:title\" content=\"Oscurecimiento WAREMA Mijas, Tarifa, Malaga, Marbella, Torrox - Cristaleria Aligator\" \/>\n<meta property=\"og:description\" content=\"Oscurecimiento WAREMA Mijas, Tarifa, Malaga, Marbella, Torrox - Cristaleria Aligator tambi\u00e9n instala jard\u00edn de invierno, cortinas de vidrio en Sotogrande Costa del Sol\" \/>\n<meta property=\"og:url\" content=\"https:\/\/grupo-aligator.com\/es\/oscurecimiento-warema-tarifa\/\" \/>\n<meta property=\"article:modified_time\" content=\"2019-12-18T15:54:52+00:00\" \/>\n<meta name=\"twitter:card\" content=\"summary_large_image\" \/>\n<meta name=\"twitter:label1\" content=\"Tiempo de lectura\" \/>\n\t<meta name=\"twitter:data1\" content=\"1 minuto\" \/>\n<script type=\"application\/ld+json\" class=\"yoast-schema-graph\">{\"@context\":\"https:\/\/schema.org\",\"@graph\":[{\"@type\":\"WebPage\",\"@id\":\"https:\/\/grupo-aligator.com\/es\/oscurecimiento-warema-tarifa\/\",\"url\":\"https:\/\/grupo-aligator.com\/es\/oscurecimiento-warema-tarifa\/\",\"name\":\"Oscurecimiento WAREMA Mijas, Tarifa, Malaga, Marbella, Torrox - Cristaleria Aligator\",\"isPartOf\":{\"@id\":\"https:\/\/grupo-aligator.com\/es\/#website\"},\"datePublished\":\"2014-07-15T16:50:29+00:00\",\"dateModified\":\"2019-12-18T15:54:52+00:00\",\"description\":\"Oscurecimiento WAREMA Mijas, Tarifa, Malaga, Marbella, Torrox - Cristaleria Aligator tambi\u00e9n instala jard\u00edn de invierno, cortinas de vidrio en Sotogrande Costa del Sol\",\"breadcrumb\":{\"@id\":\"https:\/\/grupo-aligator.com\/es\/oscurecimiento-warema-tarifa\/#breadcrumb\"},\"inLanguage\":\"es\",\"potentialAction\":[{\"@type\":\"ReadAction\",\"target\":[\"https:\/\/grupo-aligator.com\/es\/oscurecimiento-warema-tarifa\/\"]}]},{\"@type\":\"BreadcrumbList\",\"@id\":\"https:\/\/grupo-aligator.com\/es\/oscurecimiento-warema-tarifa\/#breadcrumb\",\"itemListElement\":[{\"@type\":\"ListItem\",\"position\":1,\"name\":\"Home\",\"item\":\"https:\/\/grupo-aligator.com\/es\/\"},{\"@type\":\"ListItem\",\"position\":2,\"name\":\"Oscurecimiento WAREMA\"}]},{\"@type\":\"WebSite\",\"@id\":\"https:\/\/grupo-aligator.com\/es\/#website\",\"url\":\"https:\/\/grupo-aligator.com\/es\/\",\"name\":\"\",\"description\":\"\",\"publisher\":{\"@id\":\"https:\/\/grupo-aligator.com\/es\/#organization\"},\"potentialAction\":[{\"@type\":\"SearchAction\",\"target\":{\"@type\":\"EntryPoint\",\"urlTemplate\":\"https:\/\/grupo-aligator.com\/es\/?s={search_term_string}\"},\"query-input\":\"required name=search_term_string\"}],\"inLanguage\":\"es\"},{\"@type\":\"Organization\",\"@id\":\"https:\/\/grupo-aligator.com\/es\/#organization\",\"name\":\"Cristaleria Aligator S.L.\",\"url\":\"https:\/\/grupo-aligator.com\/es\/\",\"logo\":{\"@type\":\"ImageObject\",\"inLanguage\":\"es\",\"@id\":\"https:\/\/grupo-aligator.com\/es\/#\/schema\/logo\/image\/\",\"url\":\"http:\/\/grupo-aligator.com\/wp-content\/uploads\/2019\/11\/aligator-logo-de.png\",\"contentUrl\":\"http:\/\/grupo-aligator.com\/wp-content\/uploads\/2019\/11\/aligator-logo-de.png\",\"width\":150,\"height\":160,\"caption\":\"Cristaleria Aligator S.L.\"},\"image\":{\"@id\":\"https:\/\/grupo-aligator.com\/es\/#\/schema\/logo\/image\/\"}}]}<\/script>\n<!-- \/ Yoast SEO plugin. -->","yoast_head_json":{"title":"Oscurecimiento WAREMA Mijas, Tarifa, Malaga, Marbella, Torrox - Cristaleria Aligator","description":"Oscurecimiento WAREMA Mijas, Tarifa, Malaga, Marbella, Torrox - Cristaleria Aligator tambi\u00e9n instala jard\u00edn de invierno, cortinas de vidrio en Sotogrande Costa del Sol","robots":{"index":"index","follow":"follow","max-snippet":"max-snippet:-1","max-image-preview":"max-image-preview:large","max-video-preview":"max-video-preview:-1"},"canonical":"https:\/\/grupo-aligator.com\/es\/oscurecimiento-warema-tarifa\/","og_locale":"es_ES","og_type":"article","og_title":"Oscurecimiento WAREMA Mijas, Tarifa, Malaga, Marbella, Torrox - Cristaleria Aligator","og_description":"Oscurecimiento WAREMA Mijas, Tarifa, Malaga, Marbella, Torrox - Cristaleria Aligator tambi\u00e9n instala jard\u00edn de invierno, cortinas de vidrio en Sotogrande Costa del Sol","og_url":"https:\/\/grupo-aligator.com\/es\/oscurecimiento-warema-tarifa\/","article_modified_time":"2019-12-18T15:54:52+00:00","twitter_card":"summary_large_image","twitter_misc":{"Tiempo de lectura":"1 minuto"},"schema":{"@context":"https:\/\/schema.org","@graph":[{"@type":"WebPage","@id":"https:\/\/grupo-aligator.com\/es\/oscurecimiento-warema-tarifa\/","url":"https:\/\/grupo-aligator.com\/es\/oscurecimiento-warema-tarifa\/","name":"Oscurecimiento WAREMA Mijas, Tarifa, Malaga, Marbella, Torrox - Cristaleria Aligator","isPartOf":{"@id":"https:\/\/grupo-aligator.com\/es\/#website"},"datePublished":"2014-07-15T16:50:29+00:00","dateModified":"2019-12-18T15:54:52+00:00","description":"Oscurecimiento WAREMA Mijas, Tarifa, Malaga, Marbella, Torrox - Cristaleria Aligator tambi\u00e9n instala jard\u00edn de invierno, cortinas de vidrio en Sotogrande Costa del Sol","breadcrumb":{"@id":"https:\/\/grupo-aligator.com\/es\/oscurecimiento-warema-tarifa\/#breadcrumb"},"inLanguage":"es","potentialAction":[{"@type":"ReadAction","target":["https:\/\/grupo-aligator.com\/es\/oscurecimiento-warema-tarifa\/"]}]},{"@type":"BreadcrumbList","@id":"https:\/\/grupo-aligator.com\/es\/oscurecimiento-warema-tarifa\/#breadcrumb","itemListElement":[{"@type":"ListItem","position":1,"name":"Home","item":"https:\/\/grupo-aligator.com\/es\/"},{"@type":"ListItem","position":2,"name":"Oscurecimiento WAREMA"}]},{"@type":"WebSite","@id":"https:\/\/grupo-aligator.com\/es\/#website","url":"https:\/\/grupo-aligator.com\/es\/","name":"","description":"","publisher":{"@id":"https:\/\/grupo-aligator.com\/es\/#organization"},"potentialAction":[{"@type":"SearchAction","target":{"@type":"EntryPoint","urlTemplate":"https:\/\/grupo-aligator.com\/es\/?s={search_term_string}"},"query-input":"required name=search_term_string"}],"inLanguage":"es"},{"@type":"Organization","@id":"https:\/\/grupo-aligator.com\/es\/#organization","name":"Cristaleria Aligator S.L.","url":"https:\/\/grupo-aligator.com\/es\/","logo":{"@type":"ImageObject","inLanguage":"es","@id":"https:\/\/grupo-aligator.com\/es\/#\/schema\/logo\/image\/","url":"http:\/\/grupo-aligator.com\/wp-content\/uploads\/2019\/11\/aligator-logo-de.png","contentUrl":"http:\/\/grupo-aligator.com\/wp-content\/uploads\/2019\/11\/aligator-logo-de.png","width":150,"height":160,"caption":"Cristaleria Aligator S.L."},"image":{"@id":"https:\/\/grupo-aligator.com\/es\/#\/schema\/logo\/image\/"}}]}},"_links":{"self":[{"href":"https:\/\/grupo-aligator.com\/es\/wp-json\/wp\/v2\/pages\/2498"}],"collection":[{"href":"https:\/\/grupo-aligator.com\/es\/wp-json\/wp\/v2\/pages"}],"about":[{"href":"https:\/\/grupo-aligator.com\/es\/wp-json\/wp\/v2\/types\/page"}],"author":[{"embeddable":true,"href":"https:\/\/grupo-aligator.com\/es\/wp-json\/wp\/v2\/users\/1"}],"replies":[{"embeddable":true,"href":"https:\/\/grupo-aligator.com\/es\/wp-json\/wp\/v2\/comments?post=2498"}],"version-history":[{"count":3,"href":"https:\/\/grupo-aligator.com\/es\/wp-json\/wp\/v2\/pages\/2498\/revisions"}],"predecessor-version":[{"id":4300,"href":"https:\/\/grupo-aligator.com\/es\/wp-json\/wp\/v2\/pages\/2498\/revisions\/4300"}],"wp:attachment":[{"href":"https:\/\/grupo-aligator.com\/es\/wp-json\/wp\/v2\/media?parent=2498"}],"curies":[{"name":"wp","href":"https:\/\/api.w.org\/{rel}","templated":true}]}}