{"id":2449,"date":"2014-07-15T16:39:27","date_gmt":"2014-07-15T16:39:27","guid":{"rendered":"http:\/\/aligator.cristaleria-aligator.com\/?page_id=2449"},"modified":"2015-09-17T10:09:13","modified_gmt":"2015-09-17T10:09:13","slug":"bedienung-durch-kurbel","status":"publish","type":"page","link":"https:\/\/grupo-aligator.com\/es\/bedienung-durch-kurbel\/","title":{"rendered":"Persianas venecianas funcionamiento<br \/> mediante manilla WAREMA"},"content":{"rendered":"<div id=\"aligator-logo-es\" style=\"margin: -74px 0 0 742px;\"><\/div>\n<div class=\"toldos-top-logo\"><img decoding=\"async\" src=\"\/wp-content\/uploads\/2013\/09\/warema-logo.png\" \/><\/div>\n<div id=\"toldos-aligator-description\">\n<p>La subida as\u00ed como la bajada y la rotaci\u00f3n de las l\u00e1minas se efect\u00faa mediante una manivela y es especialmente adecuada en grandes persianas. El funcionamiento se puede combinar con diferentes anchuras de las l\u00e1minas as\u00ed como los rieles superiores.<\/p>\n<\/div>\n<div class=\"toldos-gallery\"><div class=\"DOPThumbnailGalleryContainer\" id=\"DOPThumbnailGallery157\">\n                                 <a href=\"https:\/\/grupo-aligator.com\/wp-content\/plugins\/_doptg\/frontend-ajax.php\" class=\"Settings\"><\/a>\n                                 <ul class=\"Content\" style=\"display:none;\"><li>\n                                                    <img class=\"Image\" src=\"https:\/\/grupo-aligator.com\/wp-content\/plugins\/_doptg\/uploads\/kXaFreefkbrjTwFwXzNCExrg2FOPNyY399Lmf5pG93TqntBtpbrdL9jqHDAwhWxhN.jpg\" alt=\"\" title=\"\" \/>\n                                                    <img class=\"Thumb\" src=\"https:\/\/grupo-aligator.com\/wp-content\/plugins\/_doptg\/uploads\/thumbs\/kXaFreefkbrjTwFwXzNCExrg2FOPNyY399Lmf5pG93TqntBtpbrdL9jqHDAwhWxhN.jpg\" alt=\"\" title=\"\" \/>\n                                                    <span class=\"CaptionTitle\"><\/span>\n                                                    <span class=\"CaptionText\"><\/span>\n                                                    <span class=\"Media\"><\/span>\n                                                    <span class=\"LightboxMedia\"><\/span>\n                                                 <\/li><li>\n                                                    <img class=\"Image\" src=\"https:\/\/grupo-aligator.com\/wp-content\/plugins\/_doptg\/uploads\/z632D4HPWfhpZxhp4aQWsh6egkERDGn5rAYYyMSP5fGPLxFhgcPHOf9FZpBbtx7sj.jpg\" alt=\"\" title=\"\" \/>\n                                                    <img class=\"Thumb\" src=\"https:\/\/grupo-aligator.com\/wp-content\/plugins\/_doptg\/uploads\/thumbs\/z632D4HPWfhpZxhp4aQWsh6egkERDGn5rAYYyMSP5fGPLxFhgcPHOf9FZpBbtx7sj.jpg\" alt=\"\" title=\"\" \/>\n                                                    <span class=\"CaptionTitle\"><\/span>\n                                                    <span class=\"CaptionText\"><\/span>\n                                                    <span class=\"Media\"><\/span>\n                                                    <span class=\"LightboxMedia\"><\/span>\n                                                 <\/li><li>\n                                                    <img class=\"Image\" src=\"https:\/\/grupo-aligator.com\/wp-content\/plugins\/_doptg\/uploads\/Q8QdpzCMdEfjXXAEBB8zT1CwhzN559DRjtmSAYPp76ENr7SebAzObasLtNB8Cz9RW.jpg\" alt=\"\" title=\"\" \/>\n                                                    <img class=\"Thumb\" src=\"https:\/\/grupo-aligator.com\/wp-content\/plugins\/_doptg\/uploads\/thumbs\/Q8QdpzCMdEfjXXAEBB8zT1CwhzN559DRjtmSAYPp76ENr7SebAzObasLtNB8Cz9RW.jpg\" alt=\"\" title=\"\" \/>\n                                                    <span class=\"CaptionTitle\"><\/span>\n                                                    <span class=\"CaptionText\"><\/span>\n                                                    <span class=\"Media\"><\/span>\n                                                    <span class=\"LightboxMedia\"><\/span>\n                                                 <\/li><li>\n                                                    <img class=\"Image\" src=\"https:\/\/grupo-aligator.com\/wp-content\/plugins\/_doptg\/uploads\/QeRARCAGTEH2zFAyCRaDd42LPE7cFsTFfbZWW6yd4nKhNeEQcqT8DRzxB7mmzWDE4.jpg\" alt=\"\" title=\"\" \/>\n                                                    <img class=\"Thumb\" src=\"https:\/\/grupo-aligator.com\/wp-content\/plugins\/_doptg\/uploads\/thumbs\/QeRARCAGTEH2zFAyCRaDd42LPE7cFsTFfbZWW6yd4nKhNeEQcqT8DRzxB7mmzWDE4.jpg\" alt=\"\" title=\"\" \/>\n                                                    <span class=\"CaptionTitle\"><\/span>\n                                                    <span class=\"CaptionText\"><\/span>\n                                                    <span class=\"Media\"><\/span>\n                                                    <span class=\"LightboxMedia\"><\/span>\n                                                 <\/li><li>\n                                                    <img class=\"Image\" src=\"https:\/\/grupo-aligator.com\/wp-content\/plugins\/_doptg\/uploads\/wEOCK1RR8bp1TMdE4PSge9Wqp2Sr8OSHSn5AqYejnk5w3zrX8GSMNabPrGzmF8ERs.jpg\" alt=\"\" title=\"\" \/>\n                                                    <img class=\"Thumb\" src=\"https:\/\/grupo-aligator.com\/wp-content\/plugins\/_doptg\/uploads\/thumbs\/wEOCK1RR8bp1TMdE4PSge9Wqp2Sr8OSHSn5AqYejnk5w3zrX8GSMNabPrGzmF8ERs.jpg\" alt=\"\" title=\"\" \/>\n                                                    <span class=\"CaptionTitle\"><\/span>\n                                                    <span class=\"CaptionText\"><\/span>\n                                                    <span class=\"Media\"><\/span>\n                                                    <span class=\"LightboxMedia\"><\/span>\n                                                 <\/li><li>\n                                                    <img class=\"Image\" src=\"https:\/\/grupo-aligator.com\/wp-content\/plugins\/_doptg\/uploads\/QbQh5KCxDWCbLCg2TTeeyS5WNzbT7QMwspxQzFKRhE7NQf8j3sy5SMHmANDsepXPA.jpg\" alt=\"\" title=\"\" \/>\n                                                    <img class=\"Thumb\" src=\"https:\/\/grupo-aligator.com\/wp-content\/plugins\/_doptg\/uploads\/thumbs\/QbQh5KCxDWCbLCg2TTeeyS5WNzbT7QMwspxQzFKRhE7NQf8j3sy5SMHmANDsepXPA.jpg\" alt=\"\" title=\"\" \/>\n                                                    <span class=\"CaptionTitle\"><\/span>\n                                                    <span class=\"CaptionText\"><\/span>\n                                                    <span class=\"Media\"><\/span>\n                                                    <span class=\"LightboxMedia\"><\/span>\n                                                 <\/li><li>\n                                                    <img class=\"Image\" src=\"https:\/\/grupo-aligator.com\/wp-content\/plugins\/_doptg\/uploads\/ch2SCxaqNaZ1gGXhcfpD2pOsyhC1PRhemdpkKzwQnpT96gXq3Gm16p419cnOFXrMO.jpg\" alt=\"\" title=\"\" \/>\n                                                    <img class=\"Thumb\" src=\"https:\/\/grupo-aligator.com\/wp-content\/plugins\/_doptg\/uploads\/thumbs\/ch2SCxaqNaZ1gGXhcfpD2pOsyhC1PRhemdpkKzwQnpT96gXq3Gm16p419cnOFXrMO.jpg\" alt=\"\" title=\"\" \/>\n                                                    <span class=\"CaptionTitle\"><\/span>\n                                                    <span class=\"CaptionText\"><\/span>\n                                                    <span class=\"Media\"><\/span>\n                                                    <span class=\"LightboxMedia\"><\/span>\n                                                 <\/li><\/ul>\n                             <\/div>\n                             <script type=\"text\/JavaScript\">\n                                 jQuery(document).ready(function(){\n                                     jQuery('#DOPThumbnailGallery157').DOPThumbnailGallery();\n                                 });\n                             <\/script><\/div>\n","protected":false},"excerpt":{"rendered":"<p>La subida as\u00ed como la bajada y la rotaci\u00f3n de las l\u00e1minas se efect\u00faa mediante una manivela y es especialmente adecuada en grandes persianas. El funcionamiento se puede combinar con diferentes anchuras de las l\u00e1minas as\u00ed como los rieles superiores.<\/p>\n","protected":false},"author":1,"featured_media":0,"parent":0,"menu_order":0,"comment_status":"open","ping_status":"open","template":"content-page.php","meta":[],"yoast_head":"<!-- This site is optimized with the Yoast SEO plugin v19.11 - https:\/\/yoast.com\/wordpress\/plugins\/seo\/ -->\n<title>Persianas venecianas funcionamiento mediante manilla WAREMA Mijas, Tarifa, Malaga, Marbella, Torrox - Cristaleria Aligator<\/title>\n<meta name=\"description\" content=\"Persianas venecianas funcionamiento mediante manilla WAREMA Mijas, Tarifa, Malaga, Marbella, Torrox - Cristaleria Aligator tambi\u00e9n instala jard\u00edn de invierno, cortinas de vidrio en Sotogrande Costa del Sol\" \/>\n<meta name=\"robots\" content=\"index, follow, max-snippet:-1, max-image-preview:large, max-video-preview:-1\" \/>\n<link rel=\"canonical\" href=\"https:\/\/grupo-aligator.com\/es\/bedienung-durch-kurbel\/\" \/>\n<meta property=\"og:locale\" content=\"es_ES\" \/>\n<meta property=\"og:type\" content=\"article\" \/>\n<meta property=\"og:title\" content=\"Persianas venecianas funcionamiento mediante manilla WAREMA Mijas, Tarifa, Malaga, Marbella, Torrox - Cristaleria Aligator\" \/>\n<meta property=\"og:description\" content=\"Persianas venecianas funcionamiento mediante manilla WAREMA Mijas, Tarifa, Malaga, Marbella, Torrox - Cristaleria Aligator tambi\u00e9n instala jard\u00edn de invierno, cortinas de vidrio en Sotogrande Costa del Sol\" \/>\n<meta property=\"og:url\" content=\"https:\/\/grupo-aligator.com\/es\/bedienung-durch-kurbel\/\" \/>\n<meta property=\"article:modified_time\" content=\"2015-09-17T10:09:13+00:00\" \/>\n<meta name=\"twitter:card\" content=\"summary_large_image\" \/>\n<script type=\"application\/ld+json\" class=\"yoast-schema-graph\">{\"@context\":\"https:\/\/schema.org\",\"@graph\":[{\"@type\":\"WebPage\",\"@id\":\"https:\/\/grupo-aligator.com\/es\/bedienung-durch-kurbel\/\",\"url\":\"https:\/\/grupo-aligator.com\/es\/bedienung-durch-kurbel\/\",\"name\":\"Persianas venecianas funcionamiento mediante manilla WAREMA Mijas, Tarifa, Malaga, Marbella, Torrox - Cristaleria Aligator\",\"isPartOf\":{\"@id\":\"https:\/\/grupo-aligator.com\/es\/#website\"},\"datePublished\":\"2014-07-15T16:39:27+00:00\",\"dateModified\":\"2015-09-17T10:09:13+00:00\",\"description\":\"Persianas venecianas funcionamiento mediante manilla WAREMA Mijas, Tarifa, Malaga, Marbella, Torrox - Cristaleria Aligator tambi\u00e9n instala jard\u00edn de invierno, cortinas de vidrio en Sotogrande Costa del Sol\",\"breadcrumb\":{\"@id\":\"https:\/\/grupo-aligator.com\/es\/bedienung-durch-kurbel\/#breadcrumb\"},\"inLanguage\":\"es\",\"potentialAction\":[{\"@type\":\"ReadAction\",\"target\":[\"https:\/\/grupo-aligator.com\/es\/bedienung-durch-kurbel\/\"]}]},{\"@type\":\"BreadcrumbList\",\"@id\":\"https:\/\/grupo-aligator.com\/es\/bedienung-durch-kurbel\/#breadcrumb\",\"itemListElement\":[{\"@type\":\"ListItem\",\"position\":1,\"name\":\"Home\",\"item\":\"https:\/\/grupo-aligator.com\/es\/\"},{\"@type\":\"ListItem\",\"position\":2,\"name\":\"Persianas venecianas funcionamiento mediante manilla WAREMA\"}]},{\"@type\":\"WebSite\",\"@id\":\"https:\/\/grupo-aligator.com\/es\/#website\",\"url\":\"https:\/\/grupo-aligator.com\/es\/\",\"name\":\"\",\"description\":\"\",\"publisher\":{\"@id\":\"https:\/\/grupo-aligator.com\/es\/#organization\"},\"potentialAction\":[{\"@type\":\"SearchAction\",\"target\":{\"@type\":\"EntryPoint\",\"urlTemplate\":\"https:\/\/grupo-aligator.com\/es\/?s={search_term_string}\"},\"query-input\":\"required name=search_term_string\"}],\"inLanguage\":\"es\"},{\"@type\":\"Organization\",\"@id\":\"https:\/\/grupo-aligator.com\/es\/#organization\",\"name\":\"Cristaleria Aligator S.L.\",\"url\":\"https:\/\/grupo-aligator.com\/es\/\",\"logo\":{\"@type\":\"ImageObject\",\"inLanguage\":\"es\",\"@id\":\"https:\/\/grupo-aligator.com\/es\/#\/schema\/logo\/image\/\",\"url\":\"http:\/\/grupo-aligator.com\/wp-content\/uploads\/2019\/11\/aligator-logo-de.png\",\"contentUrl\":\"http:\/\/grupo-aligator.com\/wp-content\/uploads\/2019\/11\/aligator-logo-de.png\",\"width\":150,\"height\":160,\"caption\":\"Cristaleria Aligator S.L.\"},\"image\":{\"@id\":\"https:\/\/grupo-aligator.com\/es\/#\/schema\/logo\/image\/\"}}]}<\/script>\n<!-- \/ Yoast SEO plugin. -->","yoast_head_json":{"title":"Persianas venecianas funcionamiento mediante manilla WAREMA Mijas, Tarifa, Malaga, Marbella, Torrox - Cristaleria Aligator","description":"Persianas venecianas funcionamiento mediante manilla WAREMA Mijas, Tarifa, Malaga, Marbella, Torrox - Cristaleria Aligator tambi\u00e9n instala jard\u00edn de invierno, cortinas de vidrio en Sotogrande Costa del Sol","robots":{"index":"index","follow":"follow","max-snippet":"max-snippet:-1","max-image-preview":"max-image-preview:large","max-video-preview":"max-video-preview:-1"},"canonical":"https:\/\/grupo-aligator.com\/es\/bedienung-durch-kurbel\/","og_locale":"es_ES","og_type":"article","og_title":"Persianas venecianas funcionamiento mediante manilla WAREMA Mijas, Tarifa, Malaga, Marbella, Torrox - Cristaleria Aligator","og_description":"Persianas venecianas funcionamiento mediante manilla WAREMA Mijas, Tarifa, Malaga, Marbella, Torrox - Cristaleria Aligator tambi\u00e9n instala jard\u00edn de invierno, cortinas de vidrio en Sotogrande Costa del Sol","og_url":"https:\/\/grupo-aligator.com\/es\/bedienung-durch-kurbel\/","article_modified_time":"2015-09-17T10:09:13+00:00","twitter_card":"summary_large_image","schema":{"@context":"https:\/\/schema.org","@graph":[{"@type":"WebPage","@id":"https:\/\/grupo-aligator.com\/es\/bedienung-durch-kurbel\/","url":"https:\/\/grupo-aligator.com\/es\/bedienung-durch-kurbel\/","name":"Persianas venecianas funcionamiento mediante manilla WAREMA Mijas, Tarifa, Malaga, Marbella, Torrox - Cristaleria Aligator","isPartOf":{"@id":"https:\/\/grupo-aligator.com\/es\/#website"},"datePublished":"2014-07-15T16:39:27+00:00","dateModified":"2015-09-17T10:09:13+00:00","description":"Persianas venecianas funcionamiento mediante manilla WAREMA Mijas, Tarifa, Malaga, Marbella, Torrox - Cristaleria Aligator tambi\u00e9n instala jard\u00edn de invierno, cortinas de vidrio en Sotogrande Costa del Sol","breadcrumb":{"@id":"https:\/\/grupo-aligator.com\/es\/bedienung-durch-kurbel\/#breadcrumb"},"inLanguage":"es","potentialAction":[{"@type":"ReadAction","target":["https:\/\/grupo-aligator.com\/es\/bedienung-durch-kurbel\/"]}]},{"@type":"BreadcrumbList","@id":"https:\/\/grupo-aligator.com\/es\/bedienung-durch-kurbel\/#breadcrumb","itemListElement":[{"@type":"ListItem","position":1,"name":"Home","item":"https:\/\/grupo-aligator.com\/es\/"},{"@type":"ListItem","position":2,"name":"Persianas venecianas funcionamiento mediante manilla WAREMA"}]},{"@type":"WebSite","@id":"https:\/\/grupo-aligator.com\/es\/#website","url":"https:\/\/grupo-aligator.com\/es\/","name":"","description":"","publisher":{"@id":"https:\/\/grupo-aligator.com\/es\/#organization"},"potentialAction":[{"@type":"SearchAction","target":{"@type":"EntryPoint","urlTemplate":"https:\/\/grupo-aligator.com\/es\/?s={search_term_string}"},"query-input":"required name=search_term_string"}],"inLanguage":"es"},{"@type":"Organization","@id":"https:\/\/grupo-aligator.com\/es\/#organization","name":"Cristaleria Aligator S.L.","url":"https:\/\/grupo-aligator.com\/es\/","logo":{"@type":"ImageObject","inLanguage":"es","@id":"https:\/\/grupo-aligator.com\/es\/#\/schema\/logo\/image\/","url":"http:\/\/grupo-aligator.com\/wp-content\/uploads\/2019\/11\/aligator-logo-de.png","contentUrl":"http:\/\/grupo-aligator.com\/wp-content\/uploads\/2019\/11\/aligator-logo-de.png","width":150,"height":160,"caption":"Cristaleria Aligator S.L."},"image":{"@id":"https:\/\/grupo-aligator.com\/es\/#\/schema\/logo\/image\/"}}]}},"_links":{"self":[{"href":"https:\/\/grupo-aligator.com\/es\/wp-json\/wp\/v2\/pages\/2449"}],"collection":[{"href":"https:\/\/grupo-aligator.com\/es\/wp-json\/wp\/v2\/pages"}],"about":[{"href":"https:\/\/grupo-aligator.com\/es\/wp-json\/wp\/v2\/types\/page"}],"author":[{"embeddable":true,"href":"https:\/\/grupo-aligator.com\/es\/wp-json\/wp\/v2\/users\/1"}],"replies":[{"embeddable":true,"href":"https:\/\/grupo-aligator.com\/es\/wp-json\/wp\/v2\/comments?post=2449"}],"version-history":[{"count":4,"href":"https:\/\/grupo-aligator.com\/es\/wp-json\/wp\/v2\/pages\/2449\/revisions"}],"predecessor-version":[{"id":5087,"href":"https:\/\/grupo-aligator.com\/es\/wp-json\/wp\/v2\/pages\/2449\/revisions\/5087"}],"wp:attachment":[{"href":"https:\/\/grupo-aligator.com\/es\/wp-json\/wp\/v2\/media?parent=2449"}],"curies":[{"name":"wp","href":"https:\/\/api.w.org\/{rel}","templated":true}]}}