{"id":2430,"date":"2014-07-15T16:35:34","date_gmt":"2014-07-15T16:35:34","guid":{"rendered":"http:\/\/aligator.cristaleria-aligator.com\/?page_id=2430"},"modified":"2019-12-18T17:53:20","modified_gmt":"2019-12-18T15:53:20","slug":"persianas-venecianas-warema","status":"publish","type":"page","link":"https:\/\/grupo-aligator.com\/es\/persianas-venecianas-warema\/","title":{"rendered":"Persianas venecianas WAREMA"},"content":{"rendered":"<div id=\"aligator-logo-es\"><\/div>\n<div class=\"toldos-top-logo\"><img decoding=\"async\" src=\"\/wp-content\/uploads\/2013\/09\/warema-logo.png\" \/><\/div>\n<div id=\"toldos-aligator-description\">\n<p>Persianas venecianas de WAREMA regulan la incidencia de la luz solar y por lo tanto donan un brillo continuo a cada habitaci\u00f3n. Al mismo tiempo las persianas protegen fiablemente contra miradas indiscretas desde el exterior. Un dise\u00f1o intemporal hace de nuestras persianas un elemento de dise\u00f1o multifac\u00e9tico para todos los gustos.<\/p>\n<\/div>\n<div id=\"toldos-menu-content\">\n<div id=\"toldos-menu-line-1\">\n<div class=\"toldos-menu\"><a href=\"http:\/\/grupo-aligator.com\/es\/bedienung-durch-schnur-schnur\/\" id=\"toldos-kassetten-markisen-menu-item-1\" class=\"double-line\">Funcionamiento mediante cord\u00f3n<\/a><\/div>\n<div class=\"toldos-menu\"><a href=\"http:\/\/grupo-aligator.com\/es\/bedienung-durch-schnur-stab\/\" id=\"toldos-kassetten-markisen-menu-item-2\" class=\"double-line\" style=\"font-size: 12.8px;\">Funcionamiento mediante cord\u00f3n y manivela<\/a><\/div>\n<\/div>\n<div id=\"toldos-menu-line-2\">\n<div class=\"toldos-menu\"><a href=\"http:\/\/grupo-aligator.com\/es\/bedienung-durch-kugelkette\/\" id=\"toldos-kassetten-markisen-menu-item-3\" class=\"double-line\" style=\"font-size: 12.8px;\">Funcionamiento mediante cadena de bolas<\/a><\/div>\n<div class=\"toldos-menu\"><a href=\"http:\/\/grupo-aligator.com\/es\/bedienung-durch-kurbel\/\" id=\"toldos-kassetten-markisen-menu-item-4\" class=\"double-line\">Funcionamiento mediante manilla<\/a><\/div>\n<\/div>\n<div id=\"toldos-menu-line-3\">\n<div class=\"toldos-menu\"><a href=\"http:\/\/grupo-aligator.com\/es\/antrieb-durch-motor\/\" id=\"toldos-kassetten-markisen-menu-item-5\" class=\"double-line\">Funcionamiento mediante motor<\/a><\/div>\n<\/div>\n<div id=\"toldos-menu-line-4\">\n<div class=\"toldos-menu\"><a href=\"http:\/\/grupo-aligator.com\/es\/jalousien-sonderformen\/\" id=\"toldos-kassetten-markisen-menu-item-6\" class=\"double-line\" style=\"font-size: 13.6px;\">Persianas venecianas equipamiento especial<\/a><\/div>\n<\/div>\n<\/div>\n<div class=\"toldos-menu-images\">\n<p><img decoding=\"async\" id=\"toldos-kassetten-markisen-menu-item-1-img\" src=\"\/wp-content\/uploads\/2014\/07\/innenliegende-beschattung-jalousien-cat.jpg\" \/><\/p>\n<p><img decoding=\"async\" id=\"toldos-kassetten-markisen-menu-item-2-img\" src=\"\/wp-content\/uploads\/2014\/07\/jalousien-bedienung-durch-schnur-stab.jpg\" \/><\/p>\n<p><img decoding=\"async\" id=\"toldos-kassetten-markisen-menu-item-3-img\" src=\"\/wp-content\/uploads\/2014\/07\/jalousien-bedienung-durch-kugelkette.jpg\" \/><\/p>\n<p><img decoding=\"async\" id=\"toldos-kassetten-markisen-menu-item-4-img\" src=\"\/wp-content\/uploads\/2014\/07\/jalousien-bedienung-durch-kurbel.jpg\" \/><\/p>\n<p><img decoding=\"async\" id=\"toldos-kassetten-markisen-menu-item-5-img\" src=\"\/wp-content\/uploads\/2014\/07\/jalousien-antrieb-durch-motor.jpg\" \/><\/p>\n<p><img decoding=\"async\" id=\"toldos-kassetten-markisen-menu-item-6-img\" src=\"\/wp-content\/uploads\/2014\/07\/jalousien-sonderformen.jpg\" \/><\/p>\n<\/div>\n<p><script type=\"text\/javascript\">\n$(function() {\n    $('#toldos-kassetten-markisen-menu-item-1').hover(function() { \n        $('#toldos-kassetten-markisen-menu-item-1-img').show(); \n    }, function() { \n        $('#toldos-kassetten-markisen-menu-item-1-img').hide(); \n    });\n    $('#toldos-kassetten-markisen-menu-item-2').hover(function() { \n        $('#toldos-kassetten-markisen-menu-item-2-img').show(); \n    }, function() { \n        $('#toldos-kassetten-markisen-menu-item-2-img').hide(); \n    });\n    $('#toldos-kassetten-markisen-menu-item-3').hover(function() { \n        $('#toldos-kassetten-markisen-menu-item-3-img').show(); \n    }, function() { \n        $('#toldos-kassetten-markisen-menu-item-3-img').hide(); \n    });\n    $('#toldos-kassetten-markisen-menu-item-4').hover(function() { \n        $('#toldos-kassetten-markisen-menu-item-4-img').show(); \n    }, function() { \n        $('#toldos-kassetten-markisen-menu-item-4-img').hide(); \n    });\n    $('#toldos-kassetten-markisen-menu-item-5').hover(function() { \n        $('#toldos-kassetten-markisen-menu-item-5-img').show(); \n    }, function() { \n        $('#toldos-kassetten-markisen-menu-item-5-img').hide(); \n    });\n    $('#toldos-kassetten-markisen-menu-item-6').hover(function() { \n        $('#toldos-kassetten-markisen-menu-item-6-img').show(); \n    }, function() { \n        $('#toldos-kassetten-markisen-menu-item-6-img').hide(); \n    });\n});\n<\/script><\/p>\n","protected":false},"excerpt":{"rendered":"<p>Persianas venecianas de WAREMA regulan la incidencia de la luz solar y por lo tanto donan un brillo continuo a cada habitaci\u00f3n. Al mismo tiempo las persianas protegen fiablemente contra miradas indiscretas desde el exterior. Un dise\u00f1o intemporal hace de nuestras persianas un elemento de dise\u00f1o multifac\u00e9tico para todos los gustos. Funcionamiento mediante cord\u00f3n Funcionamiento mediante cord\u00f3n y manivela Funcionamiento mediante cadena de bolas Funcionamiento mediante manilla Funcionamiento mediante<span class=\"ellipsis\">&hellip;<\/span><\/p>\n<div class=\"read-more\"><a href=\"https:\/\/grupo-aligator.com\/es\/persianas-venecianas-warema\/\">Read More&#8230;<\/a><\/div>\n<p><!-- end of .read-more --><\/p>\n","protected":false},"author":1,"featured_media":0,"parent":0,"menu_order":0,"comment_status":"closed","ping_status":"closed","template":"category-page.php","meta":[],"yoast_head":"<!-- This site is optimized with the Yoast SEO plugin v19.11 - https:\/\/yoast.com\/wordpress\/plugins\/seo\/ -->\n<title>Persianas venecianas WAREMA Mijas, Tarifa, Malaga, Marbella, Torrox - Cristaleria Aligator<\/title>\n<meta name=\"description\" content=\"Persianas venecianas WAREMA Mijas, Tarifa, Malaga, Marbella, Torrox - Cristaleria Aligator tambi\u00e9n instala jard\u00edn de invierno, cortinas de vidrio en Sotogrande Costa del Sol\" \/>\n<meta name=\"robots\" content=\"index, follow, max-snippet:-1, max-image-preview:large, max-video-preview:-1\" \/>\n<link rel=\"canonical\" href=\"https:\/\/grupo-aligator.com\/es\/persianas-venecianas-warema\/\" \/>\n<meta property=\"og:locale\" content=\"es_ES\" \/>\n<meta property=\"og:type\" content=\"article\" \/>\n<meta property=\"og:title\" content=\"Persianas venecianas WAREMA Mijas, Tarifa, Malaga, Marbella, Torrox - Cristaleria Aligator\" \/>\n<meta property=\"og:description\" content=\"Persianas venecianas WAREMA Mijas, Tarifa, Malaga, Marbella, Torrox - Cristaleria Aligator tambi\u00e9n instala jard\u00edn de invierno, cortinas de vidrio en Sotogrande Costa del Sol\" \/>\n<meta property=\"og:url\" content=\"https:\/\/grupo-aligator.com\/es\/persianas-venecianas-warema\/\" \/>\n<meta property=\"article:modified_time\" content=\"2019-12-18T15:53:20+00:00\" \/>\n<meta name=\"twitter:card\" content=\"summary_large_image\" \/>\n<script type=\"application\/ld+json\" class=\"yoast-schema-graph\">{\"@context\":\"https:\/\/schema.org\",\"@graph\":[{\"@type\":\"WebPage\",\"@id\":\"https:\/\/grupo-aligator.com\/es\/persianas-venecianas-warema\/\",\"url\":\"https:\/\/grupo-aligator.com\/es\/persianas-venecianas-warema\/\",\"name\":\"Persianas venecianas WAREMA Mijas, Tarifa, Malaga, Marbella, Torrox - Cristaleria Aligator\",\"isPartOf\":{\"@id\":\"https:\/\/grupo-aligator.com\/es\/#website\"},\"datePublished\":\"2014-07-15T16:35:34+00:00\",\"dateModified\":\"2019-12-18T15:53:20+00:00\",\"description\":\"Persianas venecianas WAREMA Mijas, Tarifa, Malaga, Marbella, Torrox - Cristaleria Aligator tambi\u00e9n instala jard\u00edn de invierno, cortinas de vidrio en Sotogrande Costa del Sol\",\"breadcrumb\":{\"@id\":\"https:\/\/grupo-aligator.com\/es\/persianas-venecianas-warema\/#breadcrumb\"},\"inLanguage\":\"es\",\"potentialAction\":[{\"@type\":\"ReadAction\",\"target\":[\"https:\/\/grupo-aligator.com\/es\/persianas-venecianas-warema\/\"]}]},{\"@type\":\"BreadcrumbList\",\"@id\":\"https:\/\/grupo-aligator.com\/es\/persianas-venecianas-warema\/#breadcrumb\",\"itemListElement\":[{\"@type\":\"ListItem\",\"position\":1,\"name\":\"Home\",\"item\":\"https:\/\/grupo-aligator.com\/es\/\"},{\"@type\":\"ListItem\",\"position\":2,\"name\":\"Persianas venecianas WAREMA\"}]},{\"@type\":\"WebSite\",\"@id\":\"https:\/\/grupo-aligator.com\/es\/#website\",\"url\":\"https:\/\/grupo-aligator.com\/es\/\",\"name\":\"\",\"description\":\"\",\"publisher\":{\"@id\":\"https:\/\/grupo-aligator.com\/es\/#organization\"},\"potentialAction\":[{\"@type\":\"SearchAction\",\"target\":{\"@type\":\"EntryPoint\",\"urlTemplate\":\"https:\/\/grupo-aligator.com\/es\/?s={search_term_string}\"},\"query-input\":\"required name=search_term_string\"}],\"inLanguage\":\"es\"},{\"@type\":\"Organization\",\"@id\":\"https:\/\/grupo-aligator.com\/es\/#organization\",\"name\":\"Cristaleria Aligator S.L.\",\"url\":\"https:\/\/grupo-aligator.com\/es\/\",\"logo\":{\"@type\":\"ImageObject\",\"inLanguage\":\"es\",\"@id\":\"https:\/\/grupo-aligator.com\/es\/#\/schema\/logo\/image\/\",\"url\":\"http:\/\/grupo-aligator.com\/wp-content\/uploads\/2019\/11\/aligator-logo-de.png\",\"contentUrl\":\"http:\/\/grupo-aligator.com\/wp-content\/uploads\/2019\/11\/aligator-logo-de.png\",\"width\":150,\"height\":160,\"caption\":\"Cristaleria Aligator S.L.\"},\"image\":{\"@id\":\"https:\/\/grupo-aligator.com\/es\/#\/schema\/logo\/image\/\"}}]}<\/script>\n<!-- \/ Yoast SEO plugin. -->","yoast_head_json":{"title":"Persianas venecianas WAREMA Mijas, Tarifa, Malaga, Marbella, Torrox - Cristaleria Aligator","description":"Persianas venecianas WAREMA Mijas, Tarifa, Malaga, Marbella, Torrox - Cristaleria Aligator tambi\u00e9n instala jard\u00edn de invierno, cortinas de vidrio en Sotogrande Costa del Sol","robots":{"index":"index","follow":"follow","max-snippet":"max-snippet:-1","max-image-preview":"max-image-preview:large","max-video-preview":"max-video-preview:-1"},"canonical":"https:\/\/grupo-aligator.com\/es\/persianas-venecianas-warema\/","og_locale":"es_ES","og_type":"article","og_title":"Persianas venecianas WAREMA Mijas, Tarifa, Malaga, Marbella, Torrox - Cristaleria Aligator","og_description":"Persianas venecianas WAREMA Mijas, Tarifa, Malaga, Marbella, Torrox - Cristaleria Aligator tambi\u00e9n instala jard\u00edn de invierno, cortinas de vidrio en Sotogrande Costa del Sol","og_url":"https:\/\/grupo-aligator.com\/es\/persianas-venecianas-warema\/","article_modified_time":"2019-12-18T15:53:20+00:00","twitter_card":"summary_large_image","schema":{"@context":"https:\/\/schema.org","@graph":[{"@type":"WebPage","@id":"https:\/\/grupo-aligator.com\/es\/persianas-venecianas-warema\/","url":"https:\/\/grupo-aligator.com\/es\/persianas-venecianas-warema\/","name":"Persianas venecianas WAREMA Mijas, Tarifa, Malaga, Marbella, Torrox - Cristaleria Aligator","isPartOf":{"@id":"https:\/\/grupo-aligator.com\/es\/#website"},"datePublished":"2014-07-15T16:35:34+00:00","dateModified":"2019-12-18T15:53:20+00:00","description":"Persianas venecianas WAREMA Mijas, Tarifa, Malaga, Marbella, Torrox - Cristaleria Aligator tambi\u00e9n instala jard\u00edn de invierno, cortinas de vidrio en Sotogrande Costa del Sol","breadcrumb":{"@id":"https:\/\/grupo-aligator.com\/es\/persianas-venecianas-warema\/#breadcrumb"},"inLanguage":"es","potentialAction":[{"@type":"ReadAction","target":["https:\/\/grupo-aligator.com\/es\/persianas-venecianas-warema\/"]}]},{"@type":"BreadcrumbList","@id":"https:\/\/grupo-aligator.com\/es\/persianas-venecianas-warema\/#breadcrumb","itemListElement":[{"@type":"ListItem","position":1,"name":"Home","item":"https:\/\/grupo-aligator.com\/es\/"},{"@type":"ListItem","position":2,"name":"Persianas venecianas WAREMA"}]},{"@type":"WebSite","@id":"https:\/\/grupo-aligator.com\/es\/#website","url":"https:\/\/grupo-aligator.com\/es\/","name":"","description":"","publisher":{"@id":"https:\/\/grupo-aligator.com\/es\/#organization"},"potentialAction":[{"@type":"SearchAction","target":{"@type":"EntryPoint","urlTemplate":"https:\/\/grupo-aligator.com\/es\/?s={search_term_string}"},"query-input":"required name=search_term_string"}],"inLanguage":"es"},{"@type":"Organization","@id":"https:\/\/grupo-aligator.com\/es\/#organization","name":"Cristaleria Aligator S.L.","url":"https:\/\/grupo-aligator.com\/es\/","logo":{"@type":"ImageObject","inLanguage":"es","@id":"https:\/\/grupo-aligator.com\/es\/#\/schema\/logo\/image\/","url":"http:\/\/grupo-aligator.com\/wp-content\/uploads\/2019\/11\/aligator-logo-de.png","contentUrl":"http:\/\/grupo-aligator.com\/wp-content\/uploads\/2019\/11\/aligator-logo-de.png","width":150,"height":160,"caption":"Cristaleria Aligator S.L."},"image":{"@id":"https:\/\/grupo-aligator.com\/es\/#\/schema\/logo\/image\/"}}]}},"_links":{"self":[{"href":"https:\/\/grupo-aligator.com\/es\/wp-json\/wp\/v2\/pages\/2430"}],"collection":[{"href":"https:\/\/grupo-aligator.com\/es\/wp-json\/wp\/v2\/pages"}],"about":[{"href":"https:\/\/grupo-aligator.com\/es\/wp-json\/wp\/v2\/types\/page"}],"author":[{"embeddable":true,"href":"https:\/\/grupo-aligator.com\/es\/wp-json\/wp\/v2\/users\/1"}],"replies":[{"embeddable":true,"href":"https:\/\/grupo-aligator.com\/es\/wp-json\/wp\/v2\/comments?post=2430"}],"version-history":[{"count":12,"href":"https:\/\/grupo-aligator.com\/es\/wp-json\/wp\/v2\/pages\/2430\/revisions"}],"predecessor-version":[{"id":5348,"href":"https:\/\/grupo-aligator.com\/es\/wp-json\/wp\/v2\/pages\/2430\/revisions\/5348"}],"wp:attachment":[{"href":"https:\/\/grupo-aligator.com\/es\/wp-json\/wp\/v2\/media?parent=2430"}],"curies":[{"name":"wp","href":"https:\/\/api.w.org\/{rel}","templated":true}]}}