{"id":2348,"date":"2014-07-15T16:04:37","date_gmt":"2014-07-15T16:04:37","guid":{"rendered":"http:\/\/aligator.cristaleria-aligator.com\/?page_id=2348"},"modified":"2019-12-18T17:41:08","modified_gmt":"2019-12-18T15:41:08","slug":"tecnologa-control-toldos-mijas","status":"publish","type":"page","link":"https:\/\/grupo-aligator.com\/es\/tecnologa-control-toldos-mijas\/","title":{"rendered":"Tecnolog\u00eda de control de toldos"},"content":{"rendered":"<div id=\"aligator-logo-es\"><\/div>\n<div class=\"toldos-top-logo\"><img decoding=\"async\" src=\"\/wp-content\/uploads\/2014\/05\/becker-logo.png\" \/><\/div>\n<div id=\"toldos-aligator-description\">\n<p>Tecnolog\u00eda de control de toldos &#8211; El control de toldos, persianas, luz y calor es un campo amplio. Hay la posibilidad de utilizar un control convencional tal como interruptores o temporizadores as\u00ed como con un mando a distancia independiente v\u00eda ondas de radio. En un mando a distancia v\u00eda ondas de radio tambi\u00e9n se puede integrar un sensor para el viento, la luz, la temperatura y la lluvia. Le asistiremos en la planificaci\u00f3n de su controlador para su protecci\u00f3n solar v\u00eda ondas de radio.<\/p>\n<\/div>\n<div id=\"toldos-menu-content\">\n<div id=\"toldos-menu-line-1\">\n<div class=\"toldos-menu\"><a href=\"http:\/\/grupo-aligator.com\/es\/toldo-sistema-control-tarifa\/\" id=\"toldos-kassetten-markisen-menu-item-1\">Control para toldos<\/a><\/div>\n<div class=\"toldos-menu\"><a href=\"http:\/\/grupo-aligator.com\/es\/persianas-sistema-control\/\" id=\"toldos-kassetten-markisen-menu-item-2\" class=\"double-line\">Control para persianas<\/a><\/div>\n<\/div>\n<div id=\"toldos-menu-line-2\">\n<div class=\"toldos-menu\"><a href=\"http:\/\/grupo-aligator.com\/es\/control-iluminacion-calor\/\" id=\"toldos-kassetten-markisen-menu-item-3\" class=\"double-line\" style=\"font-size: 14px;\">Control de la iluminaci\u00f3n y del calor<\/a><\/div>\n<\/div>\n<\/div>\n<div class=\"toldos-menu-images\">\n<p><img decoding=\"async\" id=\"toldos-kassetten-markisen-menu-item-1-img\" src=\"\/wp-content\/uploads\/2013\/09\/steuerungstechnik-cat.jpg\" \/><\/p>\n<p><img decoding=\"async\" id=\"toldos-kassetten-markisen-menu-item-2-img\" src=\"\/wp-content\/uploads\/2014\/07\/steuerungstechnik-rollladensteuerung.jpg\" \/ alt=\"Tecnolog\u00eda de control de toldos\">><\/p>\n<p><img decoding=\"async\" id=\"toldos-kassetten-markisen-menu-item-3-img\" src=\"\/wp-content\/uploads\/2014\/07\/steuerungstechnik-licht-warmesteuerung.jpg\" \/ alt=\"Tecnolog\u00eda de control de toldos\"><\/p>\n<p><img decoding=\"async\" id=\"toldos-kassetten-markisen-menu-item-4-img\" src=\"#\" \/ alt=\"Tecnolog\u00eda de control de toldos\"><\/p>\n<p><img decoding=\"async\" id=\"toldos-kassetten-markisen-menu-item-5-img\" src=\"#\" \/><\/p>\n<p><img decoding=\"async\" id=\"toldos-kassetten-markisen-menu-item-6-img\" src=\"#\" \/><\/p>\n<\/div>\n<p><script type=\"text\/javascript\">\n$(function() {\n    $('#toldos-kassetten-markisen-menu-item-1').hover(function() { \n        $('#toldos-kassetten-markisen-menu-item-1-img').show(); \n    }, function() { \n        $('#toldos-kassetten-markisen-menu-item-1-img').hide(); \n    });\n    $('#toldos-kassetten-markisen-menu-item-2').hover(function() { \n        $('#toldos-kassetten-markisen-menu-item-2-img').show(); \n    }, function() { \n        $('#toldos-kassetten-markisen-menu-item-2-img').hide(); \n    });\n    $('#toldos-kassetten-markisen-menu-item-3').hover(function() { \n        $('#toldos-kassetten-markisen-menu-item-3-img').show(); \n    }, function() { \n        $('#toldos-kassetten-markisen-menu-item-3-img').hide(); \n    });\n    $('#toldos-kassetten-markisen-menu-item-4').hover(function() { \n        $('#toldos-kassetten-markisen-menu-item-4-img').show(); \n    }, function() { \n        $('#toldos-kassetten-markisen-menu-item-4-img').hide(); \n    });\n    $('#toldos-kassetten-markisen-menu-item-5').hover(function() { \n        $('#toldos-kassetten-markisen-menu-item-5-img').show(); \n    }, function() { \n        $('#toldos-kassetten-markisen-menu-item-5-img').hide(); \n    });\n    $('#toldos-kassetten-markisen-menu-item-6').hover(function() { \n        $('#toldos-kassetten-markisen-menu-item-6-img').show(); \n    }, function() { \n        $('#toldos-kassetten-markisen-menu-item-6-img').hide(); \n    });\n});\n<\/script><\/p>\n","protected":false},"excerpt":{"rendered":"<p>Tecnolog\u00eda de control de toldos &#8211; El control de toldos, persianas, luz y calor es un campo amplio. Hay la posibilidad de utilizar un control convencional tal como interruptores o temporizadores as\u00ed como con un mando a distancia independiente v\u00eda ondas de radio. En un mando a distancia v\u00eda ondas de radio tambi\u00e9n se puede integrar un sensor para el viento, la luz, la temperatura y la lluvia. Le<span class=\"ellipsis\">&hellip;<\/span><\/p>\n<div class=\"read-more\"><a href=\"https:\/\/grupo-aligator.com\/es\/tecnologa-control-toldos-mijas\/\">Read More&#8230;<\/a><\/div>\n<p><!-- end of .read-more --><\/p>\n","protected":false},"author":1,"featured_media":0,"parent":0,"menu_order":0,"comment_status":"closed","ping_status":"closed","template":"category-page.php","meta":[],"yoast_head":"<!-- This site is optimized with the Yoast SEO plugin v19.11 - https:\/\/yoast.com\/wordpress\/plugins\/seo\/ -->\n<title>Tecnolog\u00eda de control de toldos Mijas, Tarifa or Torrox - Cristaleria Aligator<\/title>\n<meta name=\"description\" content=\"Tecnolog\u00eda de control de toldos Mijas, Tarifa, Malaga, Marbella,- Cristaleria Aligator also installs winter garden, glass curtains in Sotogrande Andalusia\" \/>\n<meta name=\"robots\" content=\"index, follow, max-snippet:-1, max-image-preview:large, max-video-preview:-1\" \/>\n<link rel=\"canonical\" href=\"https:\/\/grupo-aligator.com\/es\/tecnologa-control-toldos-mijas\/\" \/>\n<meta property=\"og:locale\" content=\"es_ES\" \/>\n<meta property=\"og:type\" content=\"article\" \/>\n<meta property=\"og:title\" content=\"Tecnolog\u00eda de control de toldos Mijas, Tarifa or Torrox - Cristaleria Aligator\" \/>\n<meta property=\"og:description\" content=\"Tecnolog\u00eda de control de toldos Mijas, Tarifa, Malaga, Marbella,- Cristaleria Aligator also installs winter garden, glass curtains in Sotogrande Andalusia\" \/>\n<meta property=\"og:url\" content=\"https:\/\/grupo-aligator.com\/es\/tecnologa-control-toldos-mijas\/\" \/>\n<meta property=\"article:modified_time\" content=\"2019-12-18T15:41:08+00:00\" \/>\n<meta name=\"twitter:card\" content=\"summary_large_image\" \/>\n<meta name=\"twitter:label1\" content=\"Tiempo de lectura\" \/>\n\t<meta name=\"twitter:data1\" content=\"1 minuto\" \/>\n<script type=\"application\/ld+json\" class=\"yoast-schema-graph\">{\"@context\":\"https:\/\/schema.org\",\"@graph\":[{\"@type\":\"WebPage\",\"@id\":\"https:\/\/grupo-aligator.com\/es\/tecnologa-control-toldos-mijas\/\",\"url\":\"https:\/\/grupo-aligator.com\/es\/tecnologa-control-toldos-mijas\/\",\"name\":\"Tecnolog\u00eda de control de toldos Mijas, Tarifa or Torrox - Cristaleria Aligator\",\"isPartOf\":{\"@id\":\"https:\/\/grupo-aligator.com\/es\/#website\"},\"datePublished\":\"2014-07-15T16:04:37+00:00\",\"dateModified\":\"2019-12-18T15:41:08+00:00\",\"description\":\"Tecnolog\u00eda de control de toldos Mijas, Tarifa, Malaga, Marbella,- Cristaleria Aligator also installs winter garden, glass curtains in Sotogrande Andalusia\",\"breadcrumb\":{\"@id\":\"https:\/\/grupo-aligator.com\/es\/tecnologa-control-toldos-mijas\/#breadcrumb\"},\"inLanguage\":\"es\",\"potentialAction\":[{\"@type\":\"ReadAction\",\"target\":[\"https:\/\/grupo-aligator.com\/es\/tecnologa-control-toldos-mijas\/\"]}]},{\"@type\":\"BreadcrumbList\",\"@id\":\"https:\/\/grupo-aligator.com\/es\/tecnologa-control-toldos-mijas\/#breadcrumb\",\"itemListElement\":[{\"@type\":\"ListItem\",\"position\":1,\"name\":\"Home\",\"item\":\"https:\/\/grupo-aligator.com\/es\/\"},{\"@type\":\"ListItem\",\"position\":2,\"name\":\"Tecnolog\u00eda de control de toldos\"}]},{\"@type\":\"WebSite\",\"@id\":\"https:\/\/grupo-aligator.com\/es\/#website\",\"url\":\"https:\/\/grupo-aligator.com\/es\/\",\"name\":\"\",\"description\":\"\",\"publisher\":{\"@id\":\"https:\/\/grupo-aligator.com\/es\/#organization\"},\"potentialAction\":[{\"@type\":\"SearchAction\",\"target\":{\"@type\":\"EntryPoint\",\"urlTemplate\":\"https:\/\/grupo-aligator.com\/es\/?s={search_term_string}\"},\"query-input\":\"required name=search_term_string\"}],\"inLanguage\":\"es\"},{\"@type\":\"Organization\",\"@id\":\"https:\/\/grupo-aligator.com\/es\/#organization\",\"name\":\"Cristaleria Aligator S.L.\",\"url\":\"https:\/\/grupo-aligator.com\/es\/\",\"logo\":{\"@type\":\"ImageObject\",\"inLanguage\":\"es\",\"@id\":\"https:\/\/grupo-aligator.com\/es\/#\/schema\/logo\/image\/\",\"url\":\"http:\/\/grupo-aligator.com\/wp-content\/uploads\/2019\/11\/aligator-logo-de.png\",\"contentUrl\":\"http:\/\/grupo-aligator.com\/wp-content\/uploads\/2019\/11\/aligator-logo-de.png\",\"width\":150,\"height\":160,\"caption\":\"Cristaleria Aligator S.L.\"},\"image\":{\"@id\":\"https:\/\/grupo-aligator.com\/es\/#\/schema\/logo\/image\/\"}}]}<\/script>\n<!-- \/ Yoast SEO plugin. -->","yoast_head_json":{"title":"Tecnolog\u00eda de control de toldos Mijas, Tarifa or Torrox - Cristaleria Aligator","description":"Tecnolog\u00eda de control de toldos Mijas, Tarifa, Malaga, Marbella,- Cristaleria Aligator also installs winter garden, glass curtains in Sotogrande Andalusia","robots":{"index":"index","follow":"follow","max-snippet":"max-snippet:-1","max-image-preview":"max-image-preview:large","max-video-preview":"max-video-preview:-1"},"canonical":"https:\/\/grupo-aligator.com\/es\/tecnologa-control-toldos-mijas\/","og_locale":"es_ES","og_type":"article","og_title":"Tecnolog\u00eda de control de toldos Mijas, Tarifa or Torrox - Cristaleria Aligator","og_description":"Tecnolog\u00eda de control de toldos Mijas, Tarifa, Malaga, Marbella,- Cristaleria Aligator also installs winter garden, glass curtains in Sotogrande Andalusia","og_url":"https:\/\/grupo-aligator.com\/es\/tecnologa-control-toldos-mijas\/","article_modified_time":"2019-12-18T15:41:08+00:00","twitter_card":"summary_large_image","twitter_misc":{"Tiempo de lectura":"1 minuto"},"schema":{"@context":"https:\/\/schema.org","@graph":[{"@type":"WebPage","@id":"https:\/\/grupo-aligator.com\/es\/tecnologa-control-toldos-mijas\/","url":"https:\/\/grupo-aligator.com\/es\/tecnologa-control-toldos-mijas\/","name":"Tecnolog\u00eda de control de toldos Mijas, Tarifa or Torrox - Cristaleria Aligator","isPartOf":{"@id":"https:\/\/grupo-aligator.com\/es\/#website"},"datePublished":"2014-07-15T16:04:37+00:00","dateModified":"2019-12-18T15:41:08+00:00","description":"Tecnolog\u00eda de control de toldos Mijas, Tarifa, Malaga, Marbella,- Cristaleria Aligator also installs winter garden, glass curtains in Sotogrande Andalusia","breadcrumb":{"@id":"https:\/\/grupo-aligator.com\/es\/tecnologa-control-toldos-mijas\/#breadcrumb"},"inLanguage":"es","potentialAction":[{"@type":"ReadAction","target":["https:\/\/grupo-aligator.com\/es\/tecnologa-control-toldos-mijas\/"]}]},{"@type":"BreadcrumbList","@id":"https:\/\/grupo-aligator.com\/es\/tecnologa-control-toldos-mijas\/#breadcrumb","itemListElement":[{"@type":"ListItem","position":1,"name":"Home","item":"https:\/\/grupo-aligator.com\/es\/"},{"@type":"ListItem","position":2,"name":"Tecnolog\u00eda de control de toldos"}]},{"@type":"WebSite","@id":"https:\/\/grupo-aligator.com\/es\/#website","url":"https:\/\/grupo-aligator.com\/es\/","name":"","description":"","publisher":{"@id":"https:\/\/grupo-aligator.com\/es\/#organization"},"potentialAction":[{"@type":"SearchAction","target":{"@type":"EntryPoint","urlTemplate":"https:\/\/grupo-aligator.com\/es\/?s={search_term_string}"},"query-input":"required name=search_term_string"}],"inLanguage":"es"},{"@type":"Organization","@id":"https:\/\/grupo-aligator.com\/es\/#organization","name":"Cristaleria Aligator S.L.","url":"https:\/\/grupo-aligator.com\/es\/","logo":{"@type":"ImageObject","inLanguage":"es","@id":"https:\/\/grupo-aligator.com\/es\/#\/schema\/logo\/image\/","url":"http:\/\/grupo-aligator.com\/wp-content\/uploads\/2019\/11\/aligator-logo-de.png","contentUrl":"http:\/\/grupo-aligator.com\/wp-content\/uploads\/2019\/11\/aligator-logo-de.png","width":150,"height":160,"caption":"Cristaleria Aligator S.L."},"image":{"@id":"https:\/\/grupo-aligator.com\/es\/#\/schema\/logo\/image\/"}}]}},"_links":{"self":[{"href":"https:\/\/grupo-aligator.com\/es\/wp-json\/wp\/v2\/pages\/2348"}],"collection":[{"href":"https:\/\/grupo-aligator.com\/es\/wp-json\/wp\/v2\/pages"}],"about":[{"href":"https:\/\/grupo-aligator.com\/es\/wp-json\/wp\/v2\/types\/page"}],"author":[{"embeddable":true,"href":"https:\/\/grupo-aligator.com\/es\/wp-json\/wp\/v2\/users\/1"}],"replies":[{"embeddable":true,"href":"https:\/\/grupo-aligator.com\/es\/wp-json\/wp\/v2\/comments?post=2348"}],"version-history":[{"count":8,"href":"https:\/\/grupo-aligator.com\/es\/wp-json\/wp\/v2\/pages\/2348\/revisions"}],"predecessor-version":[{"id":7388,"href":"https:\/\/grupo-aligator.com\/es\/wp-json\/wp\/v2\/pages\/2348\/revisions\/7388"}],"wp:attachment":[{"href":"https:\/\/grupo-aligator.com\/es\/wp-json\/wp\/v2\/media?parent=2348"}],"curies":[{"name":"wp","href":"https:\/\/api.w.org\/{rel}","templated":true}]}}