{"id":2273,"date":"2014-07-15T15:31:27","date_gmt":"2014-07-15T15:31:27","guid":{"rendered":"http:\/\/aligator.cristaleria-aligator.com\/?page_id=2273"},"modified":"2019-12-18T16:01:33","modified_gmt":"2019-12-18T14:01:33","slug":"sistema-laminas-fijas","status":"publish","type":"page","link":"https:\/\/grupo-aligator.com\/es\/sistema-laminas-fijas\/","title":{"rendered":"Sistema de l\u00e1minas fijas WAREMA"},"content":{"rendered":"<div id=\"aligator-logo-es\"><\/div>\n<div class=\"toldos-top-logo\"><img decoding=\"async\" src=\"\/wp-content\/uploads\/2013\/09\/warema-logo.png\" \/><\/div>\n<div id=\"toldos-aligator-description\">\n<p>En el sistema de l\u00e1minas FIX de WAREMA las l\u00e1minas est\u00e1n montadas firmemente sobre ra\u00edles. De esta manera se consigue un sombreado profesional controlando la luz del d\u00eda y aplicable en casi todas las formas de ventanas. Algunos ejemplos de formas especiales, que pueden ser sombreadas con el sistema de l\u00e1minas FIX son: ventanas redondas y en forma de arco, tragaluces de vidrio inclinados as\u00ed como casi toda forma especial en el techo. Las l\u00e1minas pueden ser inclinadas de forma r\u00edgida a \u00e1ngulo, o puede ser activada gracias a un motor. Las l\u00e1minas no pueden ni subidas ni bajadas. El sistema de l\u00e1minas FIX se puede instalar de forma horizontal o vertical.<\/p>\n<\/div>\n<div class=\"toldos-gallery\"><div class=\"DOPThumbnailGalleryContainer\" id=\"DOPThumbnailGallery73\">\n                                 <a href=\"https:\/\/grupo-aligator.com\/wp-content\/plugins\/_doptg\/frontend-ajax.php\" class=\"Settings\"><\/a>\n                                 <ul class=\"Content\" style=\"display:none;\"><li>\n                                                    <img class=\"Image\" src=\"https:\/\/grupo-aligator.com\/wp-content\/plugins\/_doptg\/uploads\/tZgbANQnEQsHxjcKDL6gaL21jqcxmFPjPSPRS83K4mDWhqCMPBCFqpL5YLQCxkcC9.jpg\" alt=\"\" title=\"\" \/>\n                                                    <img class=\"Thumb\" src=\"https:\/\/grupo-aligator.com\/wp-content\/plugins\/_doptg\/uploads\/thumbs\/tZgbANQnEQsHxjcKDL6gaL21jqcxmFPjPSPRS83K4mDWhqCMPBCFqpL5YLQCxkcC9.jpg\" alt=\"\" title=\"\" \/>\n                                                    <span class=\"CaptionTitle\"><\/span>\n                                                    <span class=\"CaptionText\"><\/span>\n                                                    <span class=\"Media\"><\/span>\n                                                    <span class=\"LightboxMedia\"><\/span>\n                                                 <\/li><li>\n                                                    <img class=\"Image\" src=\"https:\/\/grupo-aligator.com\/wp-content\/plugins\/_doptg\/uploads\/ysmmDDjwABDG23rq7DTPnq17G8wEAasdejy7CkEyGFHZm9Be2Kga5KAF1RRapCrYw.jpg\" alt=\"\" title=\"\" \/>\n                                                    <img class=\"Thumb\" src=\"https:\/\/grupo-aligator.com\/wp-content\/plugins\/_doptg\/uploads\/thumbs\/ysmmDDjwABDG23rq7DTPnq17G8wEAasdejy7CkEyGFHZm9Be2Kga5KAF1RRapCrYw.jpg\" alt=\"\" title=\"\" \/>\n                                                    <span class=\"CaptionTitle\"><\/span>\n                                                    <span class=\"CaptionText\"><\/span>\n                                                    <span class=\"Media\"><\/span>\n                                                    <span class=\"LightboxMedia\"><\/span>\n                                                 <\/li><li>\n                                                    <img class=\"Image\" src=\"https:\/\/grupo-aligator.com\/wp-content\/plugins\/_doptg\/uploads\/9pGD8kjRMSRFbx9qS67sh2TpEBhFCkcYahceT61d5Fz761DsNRX8mpfPZBBm1McYj.jpg\" alt=\"\" title=\"\" \/>\n                                                    <img class=\"Thumb\" src=\"https:\/\/grupo-aligator.com\/wp-content\/plugins\/_doptg\/uploads\/thumbs\/9pGD8kjRMSRFbx9qS67sh2TpEBhFCkcYahceT61d5Fz761DsNRX8mpfPZBBm1McYj.jpg\" alt=\"\" title=\"\" \/>\n                                                    <span class=\"CaptionTitle\"><\/span>\n                                                    <span class=\"CaptionText\"><\/span>\n                                                    <span class=\"Media\"><\/span>\n                                                    <span class=\"LightboxMedia\"><\/span>\n                                                 <\/li><li>\n                                                    <img class=\"Image\" src=\"https:\/\/grupo-aligator.com\/wp-content\/plugins\/_doptg\/uploads\/E26N3ewO97pY8CZndxs7kSB8KebH5NYnar5Bk8YWeLG3KjD61LBmWYs86YEj5qWLt.jpg\" alt=\"\" title=\"\" \/>\n                                                    <img class=\"Thumb\" src=\"https:\/\/grupo-aligator.com\/wp-content\/plugins\/_doptg\/uploads\/thumbs\/E26N3ewO97pY8CZndxs7kSB8KebH5NYnar5Bk8YWeLG3KjD61LBmWYs86YEj5qWLt.jpg\" alt=\"\" title=\"\" \/>\n                                                    <span class=\"CaptionTitle\"><\/span>\n                                                    <span class=\"CaptionText\"><\/span>\n                                                    <span class=\"Media\"><\/span>\n                                                    <span class=\"LightboxMedia\"><\/span>\n                                                 <\/li><li>\n                                                    <img class=\"Image\" src=\"https:\/\/grupo-aligator.com\/wp-content\/plugins\/_doptg\/uploads\/5FWrDmPsF37EcadbmwKnGOLKZAh9A8Sbefx1erBL6aFXcDL4j6frNmdQ3Py9GMDZm.jpg\" alt=\"\" title=\"\" \/>\n                                                    <img class=\"Thumb\" src=\"https:\/\/grupo-aligator.com\/wp-content\/plugins\/_doptg\/uploads\/thumbs\/5FWrDmPsF37EcadbmwKnGOLKZAh9A8Sbefx1erBL6aFXcDL4j6frNmdQ3Py9GMDZm.jpg\" alt=\"\" title=\"\" \/>\n                                                    <span class=\"CaptionTitle\"><\/span>\n                                                    <span class=\"CaptionText\"><\/span>\n                                                    <span class=\"Media\"><\/span>\n                                                    <span class=\"LightboxMedia\"><\/span>\n                                                 <\/li><\/ul>\n                             <\/div>\n                             <script type=\"text\/JavaScript\">\n                                 jQuery(document).ready(function(){\n                                     jQuery('#DOPThumbnailGallery73').DOPThumbnailGallery();\n                                 });\n                             <\/script><\/div>\n","protected":false},"excerpt":{"rendered":"<p>En el sistema de l\u00e1minas FIX de WAREMA las l\u00e1minas est\u00e1n montadas firmemente sobre ra\u00edles. De esta manera se consigue un sombreado profesional controlando la luz del d\u00eda y aplicable en casi todas las formas de ventanas. Algunos ejemplos de formas especiales, que pueden ser sombreadas con el sistema de l\u00e1minas FIX son: ventanas redondas y en forma de arco, tragaluces de vidrio inclinados as\u00ed como casi toda forma<span class=\"ellipsis\">&hellip;<\/span><\/p>\n<div class=\"read-more\"><a href=\"https:\/\/grupo-aligator.com\/es\/sistema-laminas-fijas\/\">Read More&#8230;<\/a><\/div>\n<p><!-- end of .read-more --><\/p>\n","protected":false},"author":1,"featured_media":0,"parent":0,"menu_order":0,"comment_status":"closed","ping_status":"closed","template":"content-page.php","meta":[],"yoast_head":"<!-- This site is optimized with the Yoast SEO plugin v19.11 - https:\/\/yoast.com\/wordpress\/plugins\/seo\/ -->\n<title>Sistema de l\u00e1minas fijas WAREMA Mijas, Tarifa, Malaga, Marbella, Torrox - Cristaleria Aligator<\/title>\n<meta name=\"description\" content=\"Sistema de l\u00e1minas fijas WAREMA Mijas, Tarifa, Malaga, Marbella, Torrox - Cristaleria Aligator tambi\u00e9n instala jard\u00edn de invierno, cortinas de vidrio en Sotogrande Costa del Sol\" \/>\n<meta name=\"robots\" content=\"index, follow, max-snippet:-1, max-image-preview:large, max-video-preview:-1\" \/>\n<link rel=\"canonical\" href=\"https:\/\/grupo-aligator.com\/es\/sistema-laminas-fijas\/\" \/>\n<meta property=\"og:locale\" content=\"es_ES\" \/>\n<meta property=\"og:type\" content=\"article\" \/>\n<meta property=\"og:title\" content=\"Sistema de l\u00e1minas fijas WAREMA Mijas, Tarifa, Malaga, Marbella, Torrox - Cristaleria Aligator\" \/>\n<meta property=\"og:description\" content=\"Sistema de l\u00e1minas fijas WAREMA Mijas, Tarifa, Malaga, Marbella, Torrox - Cristaleria Aligator tambi\u00e9n instala jard\u00edn de invierno, cortinas de vidrio en Sotogrande Costa del Sol\" \/>\n<meta property=\"og:url\" content=\"https:\/\/grupo-aligator.com\/es\/sistema-laminas-fijas\/\" \/>\n<meta property=\"article:modified_time\" content=\"2019-12-18T14:01:33+00:00\" \/>\n<meta name=\"twitter:card\" content=\"summary_large_image\" \/>\n<meta name=\"twitter:label1\" content=\"Tiempo de lectura\" \/>\n\t<meta name=\"twitter:data1\" content=\"1 minuto\" \/>\n<script type=\"application\/ld+json\" class=\"yoast-schema-graph\">{\"@context\":\"https:\/\/schema.org\",\"@graph\":[{\"@type\":\"WebPage\",\"@id\":\"https:\/\/grupo-aligator.com\/es\/sistema-laminas-fijas\/\",\"url\":\"https:\/\/grupo-aligator.com\/es\/sistema-laminas-fijas\/\",\"name\":\"Sistema de l\u00e1minas fijas WAREMA Mijas, Tarifa, Malaga, Marbella, Torrox - Cristaleria Aligator\",\"isPartOf\":{\"@id\":\"https:\/\/grupo-aligator.com\/es\/#website\"},\"datePublished\":\"2014-07-15T15:31:27+00:00\",\"dateModified\":\"2019-12-18T14:01:33+00:00\",\"description\":\"Sistema de l\u00e1minas fijas WAREMA Mijas, Tarifa, Malaga, Marbella, Torrox - Cristaleria Aligator tambi\u00e9n instala jard\u00edn de invierno, cortinas de vidrio en Sotogrande Costa del Sol\",\"breadcrumb\":{\"@id\":\"https:\/\/grupo-aligator.com\/es\/sistema-laminas-fijas\/#breadcrumb\"},\"inLanguage\":\"es\",\"potentialAction\":[{\"@type\":\"ReadAction\",\"target\":[\"https:\/\/grupo-aligator.com\/es\/sistema-laminas-fijas\/\"]}]},{\"@type\":\"BreadcrumbList\",\"@id\":\"https:\/\/grupo-aligator.com\/es\/sistema-laminas-fijas\/#breadcrumb\",\"itemListElement\":[{\"@type\":\"ListItem\",\"position\":1,\"name\":\"Home\",\"item\":\"https:\/\/grupo-aligator.com\/es\/\"},{\"@type\":\"ListItem\",\"position\":2,\"name\":\"Sistema de l\u00e1minas fijas WAREMA\"}]},{\"@type\":\"WebSite\",\"@id\":\"https:\/\/grupo-aligator.com\/es\/#website\",\"url\":\"https:\/\/grupo-aligator.com\/es\/\",\"name\":\"\",\"description\":\"\",\"publisher\":{\"@id\":\"https:\/\/grupo-aligator.com\/es\/#organization\"},\"potentialAction\":[{\"@type\":\"SearchAction\",\"target\":{\"@type\":\"EntryPoint\",\"urlTemplate\":\"https:\/\/grupo-aligator.com\/es\/?s={search_term_string}\"},\"query-input\":\"required name=search_term_string\"}],\"inLanguage\":\"es\"},{\"@type\":\"Organization\",\"@id\":\"https:\/\/grupo-aligator.com\/es\/#organization\",\"name\":\"Cristaleria Aligator S.L.\",\"url\":\"https:\/\/grupo-aligator.com\/es\/\",\"logo\":{\"@type\":\"ImageObject\",\"inLanguage\":\"es\",\"@id\":\"https:\/\/grupo-aligator.com\/es\/#\/schema\/logo\/image\/\",\"url\":\"http:\/\/grupo-aligator.com\/wp-content\/uploads\/2019\/11\/aligator-logo-de.png\",\"contentUrl\":\"http:\/\/grupo-aligator.com\/wp-content\/uploads\/2019\/11\/aligator-logo-de.png\",\"width\":150,\"height\":160,\"caption\":\"Cristaleria Aligator S.L.\"},\"image\":{\"@id\":\"https:\/\/grupo-aligator.com\/es\/#\/schema\/logo\/image\/\"}}]}<\/script>\n<!-- \/ Yoast SEO plugin. -->","yoast_head_json":{"title":"Sistema de l\u00e1minas fijas WAREMA Mijas, Tarifa, Malaga, Marbella, Torrox - Cristaleria Aligator","description":"Sistema de l\u00e1minas fijas WAREMA Mijas, Tarifa, Malaga, Marbella, Torrox - Cristaleria Aligator tambi\u00e9n instala jard\u00edn de invierno, cortinas de vidrio en Sotogrande Costa del Sol","robots":{"index":"index","follow":"follow","max-snippet":"max-snippet:-1","max-image-preview":"max-image-preview:large","max-video-preview":"max-video-preview:-1"},"canonical":"https:\/\/grupo-aligator.com\/es\/sistema-laminas-fijas\/","og_locale":"es_ES","og_type":"article","og_title":"Sistema de l\u00e1minas fijas WAREMA Mijas, Tarifa, Malaga, Marbella, Torrox - Cristaleria Aligator","og_description":"Sistema de l\u00e1minas fijas WAREMA Mijas, Tarifa, Malaga, Marbella, Torrox - Cristaleria Aligator tambi\u00e9n instala jard\u00edn de invierno, cortinas de vidrio en Sotogrande Costa del Sol","og_url":"https:\/\/grupo-aligator.com\/es\/sistema-laminas-fijas\/","article_modified_time":"2019-12-18T14:01:33+00:00","twitter_card":"summary_large_image","twitter_misc":{"Tiempo de lectura":"1 minuto"},"schema":{"@context":"https:\/\/schema.org","@graph":[{"@type":"WebPage","@id":"https:\/\/grupo-aligator.com\/es\/sistema-laminas-fijas\/","url":"https:\/\/grupo-aligator.com\/es\/sistema-laminas-fijas\/","name":"Sistema de l\u00e1minas fijas WAREMA Mijas, Tarifa, Malaga, Marbella, Torrox - Cristaleria Aligator","isPartOf":{"@id":"https:\/\/grupo-aligator.com\/es\/#website"},"datePublished":"2014-07-15T15:31:27+00:00","dateModified":"2019-12-18T14:01:33+00:00","description":"Sistema de l\u00e1minas fijas WAREMA Mijas, Tarifa, Malaga, Marbella, Torrox - Cristaleria Aligator tambi\u00e9n instala jard\u00edn de invierno, cortinas de vidrio en Sotogrande Costa del Sol","breadcrumb":{"@id":"https:\/\/grupo-aligator.com\/es\/sistema-laminas-fijas\/#breadcrumb"},"inLanguage":"es","potentialAction":[{"@type":"ReadAction","target":["https:\/\/grupo-aligator.com\/es\/sistema-laminas-fijas\/"]}]},{"@type":"BreadcrumbList","@id":"https:\/\/grupo-aligator.com\/es\/sistema-laminas-fijas\/#breadcrumb","itemListElement":[{"@type":"ListItem","position":1,"name":"Home","item":"https:\/\/grupo-aligator.com\/es\/"},{"@type":"ListItem","position":2,"name":"Sistema de l\u00e1minas fijas WAREMA"}]},{"@type":"WebSite","@id":"https:\/\/grupo-aligator.com\/es\/#website","url":"https:\/\/grupo-aligator.com\/es\/","name":"","description":"","publisher":{"@id":"https:\/\/grupo-aligator.com\/es\/#organization"},"potentialAction":[{"@type":"SearchAction","target":{"@type":"EntryPoint","urlTemplate":"https:\/\/grupo-aligator.com\/es\/?s={search_term_string}"},"query-input":"required name=search_term_string"}],"inLanguage":"es"},{"@type":"Organization","@id":"https:\/\/grupo-aligator.com\/es\/#organization","name":"Cristaleria Aligator S.L.","url":"https:\/\/grupo-aligator.com\/es\/","logo":{"@type":"ImageObject","inLanguage":"es","@id":"https:\/\/grupo-aligator.com\/es\/#\/schema\/logo\/image\/","url":"http:\/\/grupo-aligator.com\/wp-content\/uploads\/2019\/11\/aligator-logo-de.png","contentUrl":"http:\/\/grupo-aligator.com\/wp-content\/uploads\/2019\/11\/aligator-logo-de.png","width":150,"height":160,"caption":"Cristaleria Aligator S.L."},"image":{"@id":"https:\/\/grupo-aligator.com\/es\/#\/schema\/logo\/image\/"}}]}},"_links":{"self":[{"href":"https:\/\/grupo-aligator.com\/es\/wp-json\/wp\/v2\/pages\/2273"}],"collection":[{"href":"https:\/\/grupo-aligator.com\/es\/wp-json\/wp\/v2\/pages"}],"about":[{"href":"https:\/\/grupo-aligator.com\/es\/wp-json\/wp\/v2\/types\/page"}],"author":[{"embeddable":true,"href":"https:\/\/grupo-aligator.com\/es\/wp-json\/wp\/v2\/users\/1"}],"replies":[{"embeddable":true,"href":"https:\/\/grupo-aligator.com\/es\/wp-json\/wp\/v2\/comments?post=2273"}],"version-history":[{"count":3,"href":"https:\/\/grupo-aligator.com\/es\/wp-json\/wp\/v2\/pages\/2273\/revisions"}],"predecessor-version":[{"id":4796,"href":"https:\/\/grupo-aligator.com\/es\/wp-json\/wp\/v2\/pages\/2273\/revisions\/4796"}],"wp:attachment":[{"href":"https:\/\/grupo-aligator.com\/es\/wp-json\/wp\/v2\/media?parent=2273"}],"curies":[{"name":"wp","href":"https:\/\/api.w.org\/{rel}","templated":true}]}}