{"id":2261,"date":"2014-07-15T15:28:12","date_gmt":"2014-07-15T15:28:12","guid":{"rendered":"http:\/\/aligator.cristaleria-aligator.com\/?page_id=2261"},"modified":"2019-12-18T16:10:40","modified_gmt":"2019-12-18T14:10:40","slug":"persianas-venecianas-marbella","status":"publish","type":"page","link":"https:\/\/grupo-aligator.com\/es\/persianas-venecianas-marbella\/","title":{"rendered":"Persianas"},"content":{"rendered":"<div id=\"aligator-logo-es\"><\/div>\n<div class=\"toldos-top-logo\"><img decoding=\"async\" src=\"\/wp-content\/uploads\/2013\/09\/warema-logo.png\" \/><\/div>\n<div id=\"toldos-aligator-description\">\n<p><span class=\"tlid-translation translation\" lang=\"es\"><span class=\"\" title=\"\">Persianas venecianas y persianas externas &#8211; el dispensador de sombra ideal para cada situaci\u00f3n<\/span><\/span><\/p>\n<p>&nbsp;<\/p>\n<p>Puesto que en la Costa del Sol disponemos de m\u00e1s de 300 d\u00edas de sol, siempre es necesario contar con productos adecuados para obtener suficiente sombra.<\/p>\n<p>&nbsp;<\/p>\n<p>Le presentamos con orgullo nuestra gama de productos adecuados para su situaci\u00f3n!<\/p>\n<\/div>\n<div id=\"toldos-menu-content\">\n<div id=\"toldos-menu-line-1\">\n<div class=\"toldos-menu\"><a id=\"toldos-markisen-menu-item-1\" style=\"font-size: 14px;\" href=\"http:\/\/grupo-aligator.com\/es\/persianas-exteriores-marbella\/\">Persianas exteriores<\/a><\/div>\n<div class=\"toldos-menu\"><a id=\"toldos-markisen-menu-item-2\" style=\"font-size: 14px;\" href=\"http:\/\/grupo-aligator.com\/es\/sistemas-de-persianas-mijas\/\">Sistemas de persianas<\/a><\/div>\n<\/div>\n<div id=\"toldos-menu-line-2\">\n<div class=\"toldos-menu\"><a id=\"toldos-markisen-menu-item-3\" class=\"double-line\" style=\"font-size: 14px;\" href=\"http:\/\/grupo-aligator.com\/es\/sistema-laminas-fijas\/\">Sistema de l\u00e1minas fijas<\/a><\/div>\n<div class=\"toldos-menu\"><a id=\"toldos-markisen-menu-item-4\" style=\"font-size: 14px;\" href=\"http:\/\/grupo-aligator.com\/es\/persianas-autoportantes-warema\/\">Persiana autoportante<\/a><\/div>\n<\/div>\n<div id=\"toldos-menu-line-3\">\n<div class=\"toldos-menu\"><a id=\"toldos-markisen-menu-item-5\" class=\"double-line\" style=\"font-size: 14px;\" href=\"http:\/\/grupo-aligator.com\/es\/laminas-oscurecimiento-malaga\/\">L\u00e1minas con efecto oscurecimiento<\/a><\/div>\n<\/div>\n<div id=\"toldos-menu-line-4\">\n<div class=\"toldos-menu\"><a id=\"toldos-markisen-menu-item-6\" style=\"font-size: 14px;\" href=\"http:\/\/grupo-aligator.com\/es\/persianas-laminas-planas-mijas\/\">Con l\u00e1minas planas<\/a><\/div>\n<div class=\"toldos-menu\"><a id=\"toldos-markisen-menu-item-7\" class=\"double-line\" style=\"font-size: 14px;\" href=\"http:\/\/grupo-aligator.com\/es\/persianas-laminas-borde-rebordeado\/\">Con l\u00e1minas con borde rebordeado<\/a><\/div>\n<\/div>\n<div id=\"toldos-menu-line-5\">\n<div class=\"toldos-menu\"><a id=\"toldos-markisen-menu-item-8\" class=\"double-line\" style=\"font-size: 12px;\" href=\"http:\/\/grupo-aligator.com\/es\/persianas-exteriores-montadas\/\">Persianas exteriores montadas para nuevas construcciones<\/a><\/div>\n<\/div>\n<div id=\"toldos-menu-line-6\">\n<div class=\"toldos-menu\"><a id=\"toldos-markisen-menu-item-9\" class=\"double-line\" style=\"font-size: 14px;\" href=\"http:\/\/grupo-aligator.com\/es\/persiana-forma-oblicua-mijas\/\">Persiana con forma oblicua<\/a><\/div>\n<div class=\"toldos-menu\"><a id=\"toldos-markisen-menu-item-10\" class=\"double-line\" style=\"font-size: 14px;\" href=\"http:\/\/grupo-aligator.com\/es\/persiana-con-montado-frontal\/\">Persiana con montado frontal<\/a><\/div>\n<\/div>\n<div id=\"toldos-menu-line-7\">\n<div class=\"toldos-menu\"><a id=\"toldos-markisen-menu-item-11\" style=\"font-size: 14px;\" href=\"http:\/\/grupo-aligator.com\/es\/persianas-estables-al-viento\/\">Estable al viento<\/a><\/div>\n<div class=\"toldos-menu\"><a id=\"toldos-markisen-menu-item-12\" class=\"double-line\" style=\"font-size: 14px;\" href=\"http:\/\/grupo-aligator.com\/es\/persianas-equipamiento-mijas\/\">Equipamiento adicional<\/a><\/div>\n<\/div>\n<\/div>\n<div class=\"toldos-menu-images\">\n<p><img decoding=\"async\" id=\"toldos-markisen-menu-item-1-img\" src=\"\/wp-content\/uploads\/2013\/09\/raffstore-cat.jpg\" \/><\/p>\n<p><img decoding=\"async\" id=\"toldos-markisen-menu-item-2-img\" src=\"\/wp-content\/uploads\/2014\/07\/fenster-system-raffstore.jpg\" \/><\/p>\n<p><img decoding=\"async\" id=\"toldos-markisen-menu-item-3-img\" src=\"\/wp-content\/uploads\/2014\/07\/fix-lamellen-system.jpg\" \/><\/p>\n<p><img decoding=\"async\" id=\"toldos-markisen-menu-item-4-img\" src=\"\/wp-content\/uploads\/2014\/07\/freitragende-raffstore.jpg\" \/><\/p>\n<p><img decoding=\"async\" id=\"toldos-markisen-menu-item-5-img\" src=\"\/wp-content\/uploads\/2014\/07\/mit-abdunkelungs-lamellen.jpg\" \/><\/p>\n<p><img decoding=\"async\" id=\"toldos-markisen-menu-item-6-img\" src=\"\/wp-content\/uploads\/2014\/07\/mit-flachlamellen.jpg\" \/><\/p>\n<p><img decoding=\"async\" id=\"toldos-markisen-menu-item-7-img\" src=\"\/wp-content\/uploads\/2014\/07\/mit-randgeb\u00f6rdelten-lamellen.jpg\" \/><\/p>\n<p><img decoding=\"async\" id=\"toldos-markisen-menu-item-8-img\" src=\"\/wp-content\/uploads\/2014\/07\/neubau-aufsetz-raffstoren.jpg\" \/><\/p>\n<p><img decoding=\"async\" id=\"toldos-markisen-menu-item-9-img\" src=\"\/wp-content\/uploads\/2014\/07\/schrag-raffstore.jpg\" \/><\/p>\n<p><img decoding=\"async\" id=\"toldos-markisen-menu-item-10-img\" src=\"\/wp-content\/uploads\/2014\/07\/vorbau-raffstore.jpg\" \/><\/p>\n<p><img decoding=\"async\" id=\"toldos-markisen-menu-item-11-img\" src=\"\/wp-content\/uploads\/2014\/07\/windstabil.jpg\" \/><\/p>\n<p><img decoding=\"async\" id=\"toldos-markisen-menu-item-12-img\" src=\"\/wp-content\/uploads\/2014\/07\/windstabil.jpg\" \/><\/p>\n<\/div>\n<p><script type=\"text\/javascript\">\n$(function() {\n    $('#toldos-markisen-menu-item-1').hover(function() { \n        $('#toldos-markisen-menu-item-1-img').show(); \n    }, function() { \n        $('#toldos-markisen-menu-item-1-img').hide(); \n    });\n    $('#toldos-markisen-menu-item-2').hover(function() { \n        $('#toldos-markisen-menu-item-2-img').show(); \n    }, function() { \n        $('#toldos-markisen-menu-item-2-img').hide(); \n    });\n    $('#toldos-markisen-menu-item-3').hover(function() { \n        $('#toldos-markisen-menu-item-3-img').show(); \n    }, function() { \n        $('#toldos-markisen-menu-item-3-img').hide(); \n    });\n    $('#toldos-markisen-menu-item-4').hover(function() { \n        $('#toldos-markisen-menu-item-4-img').show(); \n    }, function() { \n        $('#toldos-markisen-menu-item-4-img').hide(); \n    });\n    $('#toldos-markisen-menu-item-5').hover(function() { \n        $('#toldos-markisen-menu-item-5-img').show(); \n    }, function() { \n        $('#toldos-markisen-menu-item-5-img').hide(); \n    });\n    $('#toldos-markisen-menu-item-6').hover(function() { \n        $('#toldos-markisen-menu-item-6-img').show(); \n    }, function() { \n        $('#toldos-markisen-menu-item-6-img').hide(); \n    });\n    $('#toldos-markisen-menu-item-7').hover(function() { \n        $('#toldos-markisen-menu-item-7-img').show(); \n    }, function() { \n        $('#toldos-markisen-menu-item-7-img').hide(); \n    });\n    $('#toldos-markisen-menu-item-8').hover(function() { \n        $('#toldos-markisen-menu-item-8-img').show(); \n    }, function() { \n        $('#toldos-markisen-menu-item-8-img').hide(); \n    });\n    $('#toldos-markisen-menu-item-9').hover(function() { \n        $('#toldos-markisen-menu-item-9-img').show(); \n    }, function() { \n        $('#toldos-markisen-menu-item-9-img').hide(); \n    });\n    $('#toldos-markisen-menu-item-10').hover(function() { \n        $('#toldos-markisen-menu-item-10-img').show(); \n    }, function() { \n        $('#toldos-markisen-menu-item-10-img').hide(); \n    });\n    $('#toldos-markisen-menu-item-11').hover(function() { \n        $('#toldos-markisen-menu-item-11-img').show(); \n    }, function() { \n        $('#toldos-markisen-menu-item-11-img').hide(); \n    });\n    $('#toldos-markisen-menu-item-12').hover(function() { \n        $('#toldos-markisen-menu-item-12-img').show(); \n    }, function() { \n        $('#toldos-markisen-menu-item-12-img').hide(); \n    });\n});\n<\/script><\/p>\n","protected":false},"excerpt":{"rendered":"<p>Persianas venecianas y persianas externas &#8211; el dispensador de sombra ideal para cada situaci\u00f3n &nbsp; Puesto que en la Costa del Sol disponemos de m\u00e1s de 300 d\u00edas de sol, siempre es necesario contar con productos adecuados para obtener suficiente sombra. &nbsp; Le presentamos con orgullo nuestra gama de productos adecuados para su situaci\u00f3n! Persianas exteriores Sistemas de persianas Sistema de l\u00e1minas fijas Persiana autoportante L\u00e1minas con efecto oscurecimiento<span class=\"ellipsis\">&hellip;<\/span><\/p>\n<div class=\"read-more\"><a href=\"https:\/\/grupo-aligator.com\/es\/persianas-venecianas-marbella\/\">Read More&#8230;<\/a><\/div>\n<p><!-- end of .read-more --><\/p>\n","protected":false},"author":1,"featured_media":0,"parent":0,"menu_order":0,"comment_status":"closed","ping_status":"closed","template":"category-page.php","meta":[],"yoast_head":"<!-- This site is optimized with the Yoast SEO plugin v19.11 - https:\/\/yoast.com\/wordpress\/plugins\/seo\/ -->\n<title>Persianas venecianas Marbella protecci\u00f3n sol Mijas Costa - Toldos Aligator<\/title>\n<meta name=\"description\" content=\"Persianas venecianas Marbella protecci\u00f3n sol Mijas Costa - Toldos Aligator Las persianas venecianas y las externas Costa del Sol tambi\u00e9n en Estepona toldo\" \/>\n<meta name=\"robots\" content=\"index, follow, max-snippet:-1, max-image-preview:large, max-video-preview:-1\" \/>\n<link rel=\"canonical\" href=\"https:\/\/grupo-aligator.com\/es\/persianas-venecianas-marbella\/\" \/>\n<meta property=\"og:locale\" content=\"es_ES\" \/>\n<meta property=\"og:type\" content=\"article\" \/>\n<meta property=\"og:title\" content=\"Persianas venecianas Marbella protecci\u00f3n sol Mijas Costa - Toldos Aligator\" \/>\n<meta property=\"og:description\" content=\"Persianas venecianas Marbella protecci\u00f3n sol Mijas Costa - Toldos Aligator Las persianas venecianas y las externas Costa del Sol tambi\u00e9n en Estepona toldo\" \/>\n<meta property=\"og:url\" content=\"https:\/\/grupo-aligator.com\/es\/persianas-venecianas-marbella\/\" \/>\n<meta property=\"article:modified_time\" content=\"2019-12-18T14:10:40+00:00\" \/>\n<meta name=\"twitter:card\" content=\"summary_large_image\" \/>\n<meta name=\"twitter:label1\" content=\"Tiempo de lectura\" \/>\n\t<meta name=\"twitter:data1\" content=\"1 minuto\" \/>\n<script type=\"application\/ld+json\" class=\"yoast-schema-graph\">{\"@context\":\"https:\/\/schema.org\",\"@graph\":[{\"@type\":\"WebPage\",\"@id\":\"https:\/\/grupo-aligator.com\/es\/persianas-venecianas-marbella\/\",\"url\":\"https:\/\/grupo-aligator.com\/es\/persianas-venecianas-marbella\/\",\"name\":\"Persianas venecianas Marbella protecci\u00f3n sol Mijas Costa - Toldos Aligator\",\"isPartOf\":{\"@id\":\"https:\/\/grupo-aligator.com\/es\/#website\"},\"datePublished\":\"2014-07-15T15:28:12+00:00\",\"dateModified\":\"2019-12-18T14:10:40+00:00\",\"description\":\"Persianas venecianas Marbella protecci\u00f3n sol Mijas Costa - Toldos Aligator Las persianas venecianas y las externas Costa del Sol tambi\u00e9n en Estepona toldo\",\"breadcrumb\":{\"@id\":\"https:\/\/grupo-aligator.com\/es\/persianas-venecianas-marbella\/#breadcrumb\"},\"inLanguage\":\"es\",\"potentialAction\":[{\"@type\":\"ReadAction\",\"target\":[\"https:\/\/grupo-aligator.com\/es\/persianas-venecianas-marbella\/\"]}]},{\"@type\":\"BreadcrumbList\",\"@id\":\"https:\/\/grupo-aligator.com\/es\/persianas-venecianas-marbella\/#breadcrumb\",\"itemListElement\":[{\"@type\":\"ListItem\",\"position\":1,\"name\":\"Home\",\"item\":\"https:\/\/grupo-aligator.com\/es\/\"},{\"@type\":\"ListItem\",\"position\":2,\"name\":\"Persianas\"}]},{\"@type\":\"WebSite\",\"@id\":\"https:\/\/grupo-aligator.com\/es\/#website\",\"url\":\"https:\/\/grupo-aligator.com\/es\/\",\"name\":\"\",\"description\":\"\",\"publisher\":{\"@id\":\"https:\/\/grupo-aligator.com\/es\/#organization\"},\"potentialAction\":[{\"@type\":\"SearchAction\",\"target\":{\"@type\":\"EntryPoint\",\"urlTemplate\":\"https:\/\/grupo-aligator.com\/es\/?s={search_term_string}\"},\"query-input\":\"required name=search_term_string\"}],\"inLanguage\":\"es\"},{\"@type\":\"Organization\",\"@id\":\"https:\/\/grupo-aligator.com\/es\/#organization\",\"name\":\"Cristaleria Aligator S.L.\",\"url\":\"https:\/\/grupo-aligator.com\/es\/\",\"logo\":{\"@type\":\"ImageObject\",\"inLanguage\":\"es\",\"@id\":\"https:\/\/grupo-aligator.com\/es\/#\/schema\/logo\/image\/\",\"url\":\"http:\/\/grupo-aligator.com\/wp-content\/uploads\/2019\/11\/aligator-logo-de.png\",\"contentUrl\":\"http:\/\/grupo-aligator.com\/wp-content\/uploads\/2019\/11\/aligator-logo-de.png\",\"width\":150,\"height\":160,\"caption\":\"Cristaleria Aligator S.L.\"},\"image\":{\"@id\":\"https:\/\/grupo-aligator.com\/es\/#\/schema\/logo\/image\/\"}}]}<\/script>\n<!-- \/ Yoast SEO plugin. -->","yoast_head_json":{"title":"Persianas venecianas Marbella protecci\u00f3n sol Mijas Costa - Toldos Aligator","description":"Persianas venecianas Marbella protecci\u00f3n sol Mijas Costa - Toldos Aligator Las persianas venecianas y las externas Costa del Sol tambi\u00e9n en Estepona toldo","robots":{"index":"index","follow":"follow","max-snippet":"max-snippet:-1","max-image-preview":"max-image-preview:large","max-video-preview":"max-video-preview:-1"},"canonical":"https:\/\/grupo-aligator.com\/es\/persianas-venecianas-marbella\/","og_locale":"es_ES","og_type":"article","og_title":"Persianas venecianas Marbella protecci\u00f3n sol Mijas Costa - Toldos Aligator","og_description":"Persianas venecianas Marbella protecci\u00f3n sol Mijas Costa - Toldos Aligator Las persianas venecianas y las externas Costa del Sol tambi\u00e9n en Estepona toldo","og_url":"https:\/\/grupo-aligator.com\/es\/persianas-venecianas-marbella\/","article_modified_time":"2019-12-18T14:10:40+00:00","twitter_card":"summary_large_image","twitter_misc":{"Tiempo de lectura":"1 minuto"},"schema":{"@context":"https:\/\/schema.org","@graph":[{"@type":"WebPage","@id":"https:\/\/grupo-aligator.com\/es\/persianas-venecianas-marbella\/","url":"https:\/\/grupo-aligator.com\/es\/persianas-venecianas-marbella\/","name":"Persianas venecianas Marbella protecci\u00f3n sol Mijas Costa - Toldos Aligator","isPartOf":{"@id":"https:\/\/grupo-aligator.com\/es\/#website"},"datePublished":"2014-07-15T15:28:12+00:00","dateModified":"2019-12-18T14:10:40+00:00","description":"Persianas venecianas Marbella protecci\u00f3n sol Mijas Costa - Toldos Aligator Las persianas venecianas y las externas Costa del Sol tambi\u00e9n en Estepona toldo","breadcrumb":{"@id":"https:\/\/grupo-aligator.com\/es\/persianas-venecianas-marbella\/#breadcrumb"},"inLanguage":"es","potentialAction":[{"@type":"ReadAction","target":["https:\/\/grupo-aligator.com\/es\/persianas-venecianas-marbella\/"]}]},{"@type":"BreadcrumbList","@id":"https:\/\/grupo-aligator.com\/es\/persianas-venecianas-marbella\/#breadcrumb","itemListElement":[{"@type":"ListItem","position":1,"name":"Home","item":"https:\/\/grupo-aligator.com\/es\/"},{"@type":"ListItem","position":2,"name":"Persianas"}]},{"@type":"WebSite","@id":"https:\/\/grupo-aligator.com\/es\/#website","url":"https:\/\/grupo-aligator.com\/es\/","name":"","description":"","publisher":{"@id":"https:\/\/grupo-aligator.com\/es\/#organization"},"potentialAction":[{"@type":"SearchAction","target":{"@type":"EntryPoint","urlTemplate":"https:\/\/grupo-aligator.com\/es\/?s={search_term_string}"},"query-input":"required name=search_term_string"}],"inLanguage":"es"},{"@type":"Organization","@id":"https:\/\/grupo-aligator.com\/es\/#organization","name":"Cristaleria Aligator S.L.","url":"https:\/\/grupo-aligator.com\/es\/","logo":{"@type":"ImageObject","inLanguage":"es","@id":"https:\/\/grupo-aligator.com\/es\/#\/schema\/logo\/image\/","url":"http:\/\/grupo-aligator.com\/wp-content\/uploads\/2019\/11\/aligator-logo-de.png","contentUrl":"http:\/\/grupo-aligator.com\/wp-content\/uploads\/2019\/11\/aligator-logo-de.png","width":150,"height":160,"caption":"Cristaleria Aligator S.L."},"image":{"@id":"https:\/\/grupo-aligator.com\/es\/#\/schema\/logo\/image\/"}}]}},"_links":{"self":[{"href":"https:\/\/grupo-aligator.com\/es\/wp-json\/wp\/v2\/pages\/2261"}],"collection":[{"href":"https:\/\/grupo-aligator.com\/es\/wp-json\/wp\/v2\/pages"}],"about":[{"href":"https:\/\/grupo-aligator.com\/es\/wp-json\/wp\/v2\/types\/page"}],"author":[{"embeddable":true,"href":"https:\/\/grupo-aligator.com\/es\/wp-json\/wp\/v2\/users\/1"}],"replies":[{"embeddable":true,"href":"https:\/\/grupo-aligator.com\/es\/wp-json\/wp\/v2\/comments?post=2261"}],"version-history":[{"count":11,"href":"https:\/\/grupo-aligator.com\/es\/wp-json\/wp\/v2\/pages\/2261\/revisions"}],"predecessor-version":[{"id":7365,"href":"https:\/\/grupo-aligator.com\/es\/wp-json\/wp\/v2\/pages\/2261\/revisions\/7365"}],"wp:attachment":[{"href":"https:\/\/grupo-aligator.com\/es\/wp-json\/wp\/v2\/media?parent=2261"}],"curies":[{"name":"wp","href":"https:\/\/api.w.org\/{rel}","templated":true}]}}