{"id":2205,"date":"2014-07-15T15:09:58","date_gmt":"2014-07-15T15:09:58","guid":{"rendered":"http:\/\/aligator.cristaleria-aligator.com\/?page_id=2205"},"modified":"2019-12-18T15:36:50","modified_gmt":"2019-12-18T13:36:50","slug":"contraventanas-enrollables","status":"publish","type":"page","link":"https:\/\/grupo-aligator.com\/es\/contraventanas-enrollables\/","title":{"rendered":"Contraventanas enrollables WAREMA"},"content":{"rendered":"<div id=\"aligator-logo-es\"><\/div>\n<div class=\"toldos-top-logo\"><img decoding=\"async\" src=\"\/wp-content\/uploads\/2013\/09\/warema-logo.png\" \/><\/div>\n<div id=\"toldos-aligator-description\">\n<p>Las contraventanas enrollables de WAREMA son cl\u00e1sicas para el hogar y la vida diaria. Son f\u00e1ciles de montar y se adaptan seg\u00fan sus deseos como un elemento de dise\u00f1o o son casi invisibles en la fachada.<\/p>\n<p>&nbsp;<\/p>\n<p>Ponga su propio est\u00e1ndar e individualice su contraventana: Por lo tanto usted dispone de varios perfiles y una amplia gama de colores. Las contraventanas enrollables modernas proporcionan seguridad, tranquilidad y, adem\u00e1s, ahorran energ\u00eda. Nosotros s\u00f3lo usamos persianas de calidad alemana del fabricante WAREMA!<\/p>\n<\/div>\n<div id=\"toldos-menu-content\">\n<div id=\"toldos-menu-line-1\">\n<div class=\"toldos-menu\"><a id=\"toldos-rollladen-menu-item-1\" class=\"double-line\" href=\"http:\/\/grupo-aligator.com\/es\/contraventana-enrollable-montada\/\">Contraventanas montadas<\/a><\/div>\n<div class=\"toldos-menu\"><a id=\"toldos-rollladen-menu-item-2\" class=\"double-line\" href=\"http:\/\/grupo-aligator.com\/es\/contraventana-inclinada-warema\/\">Contraventanas inclinadas<\/a><\/div>\n<\/div>\n<div id=\"toldos-menu-line-2\">\n<div class=\"toldos-menu\"><a id=\"toldos-rollladen-menu-item-3\" class=\"double-line\" href=\"http:\/\/grupo-aligator.com\/es\/contraventanas-enrollables-seguridad\/\">Contraventanas de seguridad<\/a><\/div>\n<div class=\"toldos-menu\"><a id=\"toldos-rollladen-menu-item-4\" class=\"double-line\" href=\"http:\/\/grupo-aligator.com\/es\/contraventanas-exteriores-warema\/\">Contraventanas exterior<\/a><\/div>\n<\/div>\n<div id=\"toldos-menu-line-3\">\n<div class=\"toldos-menu\"><a id=\"toldos-rollladen-menu-item-5\" class=\"double-line\" href=\"http:\/\/grupo-aligator.com\/es\/contraventanas-equipamiento-torrox\/\">Equipamiento especial<\/a><\/div>\n<\/div>\n<\/div>\n<div class=\"toldos-menu-images\">\n<p><img decoding=\"async\" id=\"toldos-rollladen-menu-item-1-img\" src=\"\/wp-content\/uploads\/2013\/09\/rolladen-cat.jpg\" \/><\/p>\n<p><img decoding=\"async\" id=\"toldos-rollladen-menu-item-2-img\" src=\"\/wp-content\/uploads\/2014\/07\/schrag-rollladen-cat.jpg\" \/><\/p>\n<p><img decoding=\"async\" id=\"toldos-rollladen-menu-item-3-img\" src=\"\/wp-content\/uploads\/2014\/07\/sicherheits-rollladen-cat.jpg\" \/><\/p>\n<p><img decoding=\"async\" id=\"toldos-rollladen-menu-item-4-img\" src=\"\/wp-content\/uploads\/2014\/07\/vorbau-rollladen-cat.jpg\" \/><\/p>\n<p><img decoding=\"async\" id=\"toldos-rollladen-menu-item-5-img\" src=\"\/wp-content\/uploads\/2014\/07\/vorbau-rollladen-cat.jpg\" \/><\/p>\n<\/div>\n<p><script type=\"text\/javascript\">\n$(function() {\n    $('#toldos-rollladen-menu-item-1').hover(function() { \n        $('#toldos-rollladen-menu-item-1-img').show(); \n    }, function() { \n        $('#toldos-rollladen-menu-item-1-img').hide(); \n    });\n    $('#toldos-rollladen-menu-item-2').hover(function() { \n        $('#toldos-rollladen-menu-item-2-img').show(); \n    }, function() { \n        $('#toldos-rollladen-menu-item-2-img').hide(); \n    });\n    $('#toldos-rollladen-menu-item-3').hover(function() { \n        $('#toldos-rollladen-menu-item-3-img').show(); \n    }, function() { \n        $('#toldos-rollladen-menu-item-3-img').hide(); \n    });\n    $('#toldos-rollladen-menu-item-4').hover(function() { \n        $('#toldos-rollladen-menu-item-4-img').show(); \n    }, function() { \n        $('#toldos-rollladen-menu-item-4-img').hide(); \n    });\n    $('#toldos-rollladen-menu-item-5').hover(function() { \n        $('#toldos-rollladen-menu-item-5-img').show(); \n    }, function() { \n        $('#toldos-rollladen-menu-item-5-img').hide(); \n    });\n});\n<\/script><\/p>\n","protected":false},"excerpt":{"rendered":"<p>Las contraventanas enrollables de WAREMA son cl\u00e1sicas para el hogar y la vida diaria. Son f\u00e1ciles de montar y se adaptan seg\u00fan sus deseos como un elemento de dise\u00f1o o son casi invisibles en la fachada. &nbsp; Ponga su propio est\u00e1ndar e individualice su contraventana: Por lo tanto usted dispone de varios perfiles y una amplia gama de colores. Las contraventanas enrollables modernas proporcionan seguridad, tranquilidad y, adem\u00e1s, ahorran<span class=\"ellipsis\">&hellip;<\/span><\/p>\n<div class=\"read-more\"><a href=\"https:\/\/grupo-aligator.com\/es\/contraventanas-enrollables\/\">Read More&#8230;<\/a><\/div>\n<p><!-- end of .read-more --><\/p>\n","protected":false},"author":1,"featured_media":0,"parent":0,"menu_order":0,"comment_status":"closed","ping_status":"closed","template":"category-page.php","meta":[],"yoast_head":"<!-- This site is optimized with the Yoast SEO plugin v19.11 - https:\/\/yoast.com\/wordpress\/plugins\/seo\/ -->\n<title>Contraventanas enrollables Marbella Persianas Mijas Costa Toldos Aligator<\/title>\n<meta name=\"description\" content=\"Contraventanas enrollables Marbella Persianas enrollables Mijas - Toldos Aligator solo utiliza persianas del fabricante alem\u00e1n contraventanas de calidad.\" \/>\n<meta name=\"robots\" content=\"index, follow, max-snippet:-1, max-image-preview:large, max-video-preview:-1\" \/>\n<link rel=\"canonical\" href=\"https:\/\/grupo-aligator.com\/es\/contraventanas-enrollables\/\" \/>\n<meta property=\"og:locale\" content=\"es_ES\" \/>\n<meta property=\"og:type\" content=\"article\" \/>\n<meta property=\"og:title\" content=\"Contraventanas enrollables Marbella Persianas Mijas Costa Toldos Aligator\" \/>\n<meta property=\"og:description\" content=\"Contraventanas enrollables Marbella Persianas enrollables Mijas - Toldos Aligator solo utiliza persianas del fabricante alem\u00e1n contraventanas de calidad.\" \/>\n<meta property=\"og:url\" content=\"https:\/\/grupo-aligator.com\/es\/contraventanas-enrollables\/\" \/>\n<meta property=\"article:modified_time\" content=\"2019-12-18T13:36:50+00:00\" \/>\n<meta name=\"twitter:card\" content=\"summary_large_image\" \/>\n<script type=\"application\/ld+json\" class=\"yoast-schema-graph\">{\"@context\":\"https:\/\/schema.org\",\"@graph\":[{\"@type\":\"WebPage\",\"@id\":\"https:\/\/grupo-aligator.com\/es\/contraventanas-enrollables\/\",\"url\":\"https:\/\/grupo-aligator.com\/es\/contraventanas-enrollables\/\",\"name\":\"Contraventanas enrollables Marbella Persianas Mijas Costa Toldos Aligator\",\"isPartOf\":{\"@id\":\"https:\/\/grupo-aligator.com\/es\/#website\"},\"datePublished\":\"2014-07-15T15:09:58+00:00\",\"dateModified\":\"2019-12-18T13:36:50+00:00\",\"description\":\"Contraventanas enrollables Marbella Persianas enrollables Mijas - Toldos Aligator solo utiliza persianas del fabricante alem\u00e1n contraventanas de calidad.\",\"breadcrumb\":{\"@id\":\"https:\/\/grupo-aligator.com\/es\/contraventanas-enrollables\/#breadcrumb\"},\"inLanguage\":\"es\",\"potentialAction\":[{\"@type\":\"ReadAction\",\"target\":[\"https:\/\/grupo-aligator.com\/es\/contraventanas-enrollables\/\"]}]},{\"@type\":\"BreadcrumbList\",\"@id\":\"https:\/\/grupo-aligator.com\/es\/contraventanas-enrollables\/#breadcrumb\",\"itemListElement\":[{\"@type\":\"ListItem\",\"position\":1,\"name\":\"Home\",\"item\":\"https:\/\/grupo-aligator.com\/es\/\"},{\"@type\":\"ListItem\",\"position\":2,\"name\":\"Contraventanas enrollables WAREMA\"}]},{\"@type\":\"WebSite\",\"@id\":\"https:\/\/grupo-aligator.com\/es\/#website\",\"url\":\"https:\/\/grupo-aligator.com\/es\/\",\"name\":\"\",\"description\":\"\",\"publisher\":{\"@id\":\"https:\/\/grupo-aligator.com\/es\/#organization\"},\"potentialAction\":[{\"@type\":\"SearchAction\",\"target\":{\"@type\":\"EntryPoint\",\"urlTemplate\":\"https:\/\/grupo-aligator.com\/es\/?s={search_term_string}\"},\"query-input\":\"required name=search_term_string\"}],\"inLanguage\":\"es\"},{\"@type\":\"Organization\",\"@id\":\"https:\/\/grupo-aligator.com\/es\/#organization\",\"name\":\"Cristaleria Aligator S.L.\",\"url\":\"https:\/\/grupo-aligator.com\/es\/\",\"logo\":{\"@type\":\"ImageObject\",\"inLanguage\":\"es\",\"@id\":\"https:\/\/grupo-aligator.com\/es\/#\/schema\/logo\/image\/\",\"url\":\"http:\/\/grupo-aligator.com\/wp-content\/uploads\/2019\/11\/aligator-logo-de.png\",\"contentUrl\":\"http:\/\/grupo-aligator.com\/wp-content\/uploads\/2019\/11\/aligator-logo-de.png\",\"width\":150,\"height\":160,\"caption\":\"Cristaleria Aligator S.L.\"},\"image\":{\"@id\":\"https:\/\/grupo-aligator.com\/es\/#\/schema\/logo\/image\/\"}}]}<\/script>\n<!-- \/ Yoast SEO plugin. -->","yoast_head_json":{"title":"Contraventanas enrollables Marbella Persianas Mijas Costa Toldos Aligator","description":"Contraventanas enrollables Marbella Persianas enrollables Mijas - Toldos Aligator solo utiliza persianas del fabricante alem\u00e1n contraventanas de calidad.","robots":{"index":"index","follow":"follow","max-snippet":"max-snippet:-1","max-image-preview":"max-image-preview:large","max-video-preview":"max-video-preview:-1"},"canonical":"https:\/\/grupo-aligator.com\/es\/contraventanas-enrollables\/","og_locale":"es_ES","og_type":"article","og_title":"Contraventanas enrollables Marbella Persianas Mijas Costa Toldos Aligator","og_description":"Contraventanas enrollables Marbella Persianas enrollables Mijas - Toldos Aligator solo utiliza persianas del fabricante alem\u00e1n contraventanas de calidad.","og_url":"https:\/\/grupo-aligator.com\/es\/contraventanas-enrollables\/","article_modified_time":"2019-12-18T13:36:50+00:00","twitter_card":"summary_large_image","schema":{"@context":"https:\/\/schema.org","@graph":[{"@type":"WebPage","@id":"https:\/\/grupo-aligator.com\/es\/contraventanas-enrollables\/","url":"https:\/\/grupo-aligator.com\/es\/contraventanas-enrollables\/","name":"Contraventanas enrollables Marbella Persianas Mijas Costa Toldos Aligator","isPartOf":{"@id":"https:\/\/grupo-aligator.com\/es\/#website"},"datePublished":"2014-07-15T15:09:58+00:00","dateModified":"2019-12-18T13:36:50+00:00","description":"Contraventanas enrollables Marbella Persianas enrollables Mijas - Toldos Aligator solo utiliza persianas del fabricante alem\u00e1n contraventanas de calidad.","breadcrumb":{"@id":"https:\/\/grupo-aligator.com\/es\/contraventanas-enrollables\/#breadcrumb"},"inLanguage":"es","potentialAction":[{"@type":"ReadAction","target":["https:\/\/grupo-aligator.com\/es\/contraventanas-enrollables\/"]}]},{"@type":"BreadcrumbList","@id":"https:\/\/grupo-aligator.com\/es\/contraventanas-enrollables\/#breadcrumb","itemListElement":[{"@type":"ListItem","position":1,"name":"Home","item":"https:\/\/grupo-aligator.com\/es\/"},{"@type":"ListItem","position":2,"name":"Contraventanas enrollables WAREMA"}]},{"@type":"WebSite","@id":"https:\/\/grupo-aligator.com\/es\/#website","url":"https:\/\/grupo-aligator.com\/es\/","name":"","description":"","publisher":{"@id":"https:\/\/grupo-aligator.com\/es\/#organization"},"potentialAction":[{"@type":"SearchAction","target":{"@type":"EntryPoint","urlTemplate":"https:\/\/grupo-aligator.com\/es\/?s={search_term_string}"},"query-input":"required name=search_term_string"}],"inLanguage":"es"},{"@type":"Organization","@id":"https:\/\/grupo-aligator.com\/es\/#organization","name":"Cristaleria Aligator S.L.","url":"https:\/\/grupo-aligator.com\/es\/","logo":{"@type":"ImageObject","inLanguage":"es","@id":"https:\/\/grupo-aligator.com\/es\/#\/schema\/logo\/image\/","url":"http:\/\/grupo-aligator.com\/wp-content\/uploads\/2019\/11\/aligator-logo-de.png","contentUrl":"http:\/\/grupo-aligator.com\/wp-content\/uploads\/2019\/11\/aligator-logo-de.png","width":150,"height":160,"caption":"Cristaleria Aligator S.L."},"image":{"@id":"https:\/\/grupo-aligator.com\/es\/#\/schema\/logo\/image\/"}}]}},"_links":{"self":[{"href":"https:\/\/grupo-aligator.com\/es\/wp-json\/wp\/v2\/pages\/2205"}],"collection":[{"href":"https:\/\/grupo-aligator.com\/es\/wp-json\/wp\/v2\/pages"}],"about":[{"href":"https:\/\/grupo-aligator.com\/es\/wp-json\/wp\/v2\/types\/page"}],"author":[{"embeddable":true,"href":"https:\/\/grupo-aligator.com\/es\/wp-json\/wp\/v2\/users\/1"}],"replies":[{"embeddable":true,"href":"https:\/\/grupo-aligator.com\/es\/wp-json\/wp\/v2\/comments?post=2205"}],"version-history":[{"count":11,"href":"https:\/\/grupo-aligator.com\/es\/wp-json\/wp\/v2\/pages\/2205\/revisions"}],"predecessor-version":[{"id":7363,"href":"https:\/\/grupo-aligator.com\/es\/wp-json\/wp\/v2\/pages\/2205\/revisions\/7363"}],"wp:attachment":[{"href":"https:\/\/grupo-aligator.com\/es\/wp-json\/wp\/v2\/media?parent=2205"}],"curies":[{"name":"wp","href":"https:\/\/api.w.org\/{rel}","templated":true}]}}