{"id":2014,"date":"2014-07-15T12:43:47","date_gmt":"2014-07-15T12:43:47","guid":{"rendered":"http:\/\/aligator.cristaleria-aligator.com\/?page_id=2014"},"modified":"2015-09-15T10:04:25","modified_gmt":"2015-09-15T10:04:25","slug":"llaza-kassetten-markisen-model-5036","status":"publish","type":"page","link":"https:\/\/grupo-aligator.com\/es\/llaza-kassetten-markisen-model-5036\/","title":{"rendered":"Toldos cofre modelo 5036 Llaza"},"content":{"rendered":"<div id=\"aligator-logo-es\"><\/div>\n<div class=\"toldos-top-logo\"><img decoding=\"async\" src=\"\/wp-content\/uploads\/2013\/09\/llaza-logo.png\" \/><\/div>\n<div id=\"toldos-aligator-description\">\n<p>Cuando el toldo est\u00e1 cerrado, sea el mecanismo que el tejido est\u00e1n completamente protegidos por un cofre en aluminio.<br \/>\nEstos toldos son significativamente m\u00e1s duraderos que la versi\u00f3n abierta. Su funcionamiento es posible de forma manual o motorizada.<br \/>\nNo se requiere de un soporte adicional; la instalaci\u00f3n puede ser efectuada directamente a la pared o al techo.<\/p>\n<\/div>\n<div class=\"toldos-gallery\"><div class=\"DOPThumbnailGalleryContainer\" id=\"DOPThumbnailGallery127\">\n                                 <a href=\"https:\/\/grupo-aligator.com\/wp-content\/plugins\/_doptg\/frontend-ajax.php\" class=\"Settings\"><\/a>\n                                 <ul class=\"Content\" style=\"display:none;\"><li>\n                                                    <img class=\"Image\" src=\"https:\/\/grupo-aligator.com\/wp-content\/plugins\/_doptg\/uploads\/d7Y6h6y6z4rte3SjgZDFdcO6aykOtR26WdZTMQ9LPkhRSE3BZpEEPDR4RqCOKanHc.JPG\" alt=\"\" title=\"\" \/>\n                                                    <img class=\"Thumb\" src=\"https:\/\/grupo-aligator.com\/wp-content\/plugins\/_doptg\/uploads\/thumbs\/d7Y6h6y6z4rte3SjgZDFdcO6aykOtR26WdZTMQ9LPkhRSE3BZpEEPDR4RqCOKanHc.JPG\" alt=\"\" title=\"\" \/>\n                                                    <span class=\"CaptionTitle\"><\/span>\n                                                    <span class=\"CaptionText\"><\/span>\n                                                    <span class=\"Media\"><\/span>\n                                                    <span class=\"LightboxMedia\"><\/span>\n                                                 <\/li><li>\n                                                    <img class=\"Image\" src=\"https:\/\/grupo-aligator.com\/wp-content\/plugins\/_doptg\/uploads\/CaPD6bOZLT91XypYs7fdpDBqrGt6hw37N3kpeQgy3nBMaXGFPAzD9drm6qwSLOBg9.JPG\" alt=\"\" title=\"\" \/>\n                                                    <img class=\"Thumb\" src=\"https:\/\/grupo-aligator.com\/wp-content\/plugins\/_doptg\/uploads\/thumbs\/CaPD6bOZLT91XypYs7fdpDBqrGt6hw37N3kpeQgy3nBMaXGFPAzD9drm6qwSLOBg9.JPG\" alt=\"\" title=\"\" \/>\n                                                    <span class=\"CaptionTitle\"><\/span>\n                                                    <span class=\"CaptionText\"><\/span>\n                                                    <span class=\"Media\"><\/span>\n                                                    <span class=\"LightboxMedia\"><\/span>\n                                                 <\/li><li>\n                                                    <img class=\"Image\" src=\"https:\/\/grupo-aligator.com\/wp-content\/plugins\/_doptg\/uploads\/cRhAN1BjMaT8ZpZxy7qTcccOrWL4QLC1s4YEskFazb4HFRS5feazPK48e78xWrFjx.JPG\" alt=\"\" title=\"\" \/>\n                                                    <img class=\"Thumb\" src=\"https:\/\/grupo-aligator.com\/wp-content\/plugins\/_doptg\/uploads\/thumbs\/cRhAN1BjMaT8ZpZxy7qTcccOrWL4QLC1s4YEskFazb4HFRS5feazPK48e78xWrFjx.JPG\" alt=\"\" title=\"\" \/>\n                                                    <span class=\"CaptionTitle\"><\/span>\n                                                    <span class=\"CaptionText\"><\/span>\n                                                    <span class=\"Media\"><\/span>\n                                                    <span class=\"LightboxMedia\"><\/span>\n                                                 <\/li><li>\n                                                    <img class=\"Image\" src=\"https:\/\/grupo-aligator.com\/wp-content\/plugins\/_doptg\/uploads\/17CsxdrwDTMO9O5jH9stdEMYGOnAQkWgLNZLtAqLKwXrHEjzPyAYHXCqs6MxhRgmq.JPG\" alt=\"\" title=\"\" \/>\n                                                    <img class=\"Thumb\" src=\"https:\/\/grupo-aligator.com\/wp-content\/plugins\/_doptg\/uploads\/thumbs\/17CsxdrwDTMO9O5jH9stdEMYGOnAQkWgLNZLtAqLKwXrHEjzPyAYHXCqs6MxhRgmq.JPG\" alt=\"\" title=\"\" \/>\n                                                    <span class=\"CaptionTitle\"><\/span>\n                                                    <span class=\"CaptionText\"><\/span>\n                                                    <span class=\"Media\"><\/span>\n                                                    <span class=\"LightboxMedia\"><\/span>\n                                                 <\/li><li>\n                                                    <img class=\"Image\" src=\"https:\/\/grupo-aligator.com\/wp-content\/plugins\/_doptg\/uploads\/MeKpPfqLNjSfeST9S8cwAqgpLeWy1YLgKjFk1CrZwZw7OPENBns6rjWcMAprGK8ke.JPG\" alt=\"\" title=\"\" \/>\n                                                    <img class=\"Thumb\" src=\"https:\/\/grupo-aligator.com\/wp-content\/plugins\/_doptg\/uploads\/thumbs\/MeKpPfqLNjSfeST9S8cwAqgpLeWy1YLgKjFk1CrZwZw7OPENBns6rjWcMAprGK8ke.JPG\" alt=\"\" title=\"\" \/>\n                                                    <span class=\"CaptionTitle\"><\/span>\n                                                    <span class=\"CaptionText\"><\/span>\n                                                    <span class=\"Media\"><\/span>\n                                                    <span class=\"LightboxMedia\"><\/span>\n                                                 <\/li><li>\n                                                    <img class=\"Image\" src=\"https:\/\/grupo-aligator.com\/wp-content\/plugins\/_doptg\/uploads\/SnanFrmP5pw1xSQY3A7zWz6299Fw18m2EDBe69BXCbK9NYyRRzabjWMRcDGpwW2cP.JPG\" alt=\"\" title=\"\" \/>\n                                                    <img class=\"Thumb\" src=\"https:\/\/grupo-aligator.com\/wp-content\/plugins\/_doptg\/uploads\/thumbs\/SnanFrmP5pw1xSQY3A7zWz6299Fw18m2EDBe69BXCbK9NYyRRzabjWMRcDGpwW2cP.JPG\" alt=\"\" title=\"\" \/>\n                                                    <span class=\"CaptionTitle\"><\/span>\n                                                    <span class=\"CaptionText\"><\/span>\n                                                    <span class=\"Media\"><\/span>\n                                                    <span class=\"LightboxMedia\"><\/span>\n                                                 <\/li><li>\n                                                    <img class=\"Image\" src=\"https:\/\/grupo-aligator.com\/wp-content\/plugins\/_doptg\/uploads\/7xpsE1rk5fmgFnxn18AX936aEyPazr6YRjrDFHcdCmWcf5GN17DqFTME83zrYF67P.JPG\" alt=\"\" title=\"\" \/>\n                                                    <img class=\"Thumb\" src=\"https:\/\/grupo-aligator.com\/wp-content\/plugins\/_doptg\/uploads\/thumbs\/7xpsE1rk5fmgFnxn18AX936aEyPazr6YRjrDFHcdCmWcf5GN17DqFTME83zrYF67P.JPG\" alt=\"\" title=\"\" \/>\n                                                    <span class=\"CaptionTitle\"><\/span>\n                                                    <span class=\"CaptionText\"><\/span>\n                                                    <span class=\"Media\"><\/span>\n                                                    <span class=\"LightboxMedia\"><\/span>\n                                                 <\/li><li>\n                                                    <img class=\"Image\" src=\"https:\/\/grupo-aligator.com\/wp-content\/plugins\/_doptg\/uploads\/AmLeEZbMmBsarrXe4qdXjCfGnBdemaqzWew2gzHt5Ba5M6XgmWCqg4MZO9KhEMHTz.JPG\" alt=\"\" title=\"\" \/>\n                                                    <img class=\"Thumb\" src=\"https:\/\/grupo-aligator.com\/wp-content\/plugins\/_doptg\/uploads\/thumbs\/AmLeEZbMmBsarrXe4qdXjCfGnBdemaqzWew2gzHt5Ba5M6XgmWCqg4MZO9KhEMHTz.JPG\" alt=\"\" title=\"\" \/>\n                                                    <span class=\"CaptionTitle\"><\/span>\n                                                    <span class=\"CaptionText\"><\/span>\n                                                    <span class=\"Media\"><\/span>\n                                                    <span class=\"LightboxMedia\"><\/span>\n                                                 <\/li><li>\n                                                    <img class=\"Image\" src=\"https:\/\/grupo-aligator.com\/wp-content\/plugins\/_doptg\/uploads\/dSMefz3k2wxcaEPsNF4wBnWDAOCAFPgkc97xa21HaqF16CPDzNStM1b75GFphNFgs.JPG\" alt=\"\" title=\"\" \/>\n                                                    <img class=\"Thumb\" src=\"https:\/\/grupo-aligator.com\/wp-content\/plugins\/_doptg\/uploads\/thumbs\/dSMefz3k2wxcaEPsNF4wBnWDAOCAFPgkc97xa21HaqF16CPDzNStM1b75GFphNFgs.JPG\" alt=\"\" title=\"\" \/>\n                                                    <span class=\"CaptionTitle\"><\/span>\n                                                    <span class=\"CaptionText\"><\/span>\n                                                    <span class=\"Media\"><\/span>\n                                                    <span class=\"LightboxMedia\"><\/span>\n                                                 <\/li><li>\n                                                    <img class=\"Image\" src=\"https:\/\/grupo-aligator.com\/wp-content\/plugins\/_doptg\/uploads\/1ps2mK3bfgj9agL44kcDpn5HnyMPRDxTqHTYe1WRB3w1FDfzOxpNfkbWx9YSKMwqb.JPG\" alt=\"\" title=\"\" \/>\n                                                    <img class=\"Thumb\" src=\"https:\/\/grupo-aligator.com\/wp-content\/plugins\/_doptg\/uploads\/thumbs\/1ps2mK3bfgj9agL44kcDpn5HnyMPRDxTqHTYe1WRB3w1FDfzOxpNfkbWx9YSKMwqb.JPG\" alt=\"\" title=\"\" \/>\n                                                    <span class=\"CaptionTitle\"><\/span>\n                                                    <span class=\"CaptionText\"><\/span>\n                                                    <span class=\"Media\"><\/span>\n                                                    <span class=\"LightboxMedia\"><\/span>\n                                                 <\/li><li>\n                                                    <img class=\"Image\" src=\"https:\/\/grupo-aligator.com\/wp-content\/plugins\/_doptg\/uploads\/5S6Tx6LhHmDqHeNECL5d2aZwmFwK3rLRaknCgaSPHR4MRTAaSjTRSxmfnT5xex5NQ.JPG\" alt=\"\" title=\"\" \/>\n                                                    <img class=\"Thumb\" src=\"https:\/\/grupo-aligator.com\/wp-content\/plugins\/_doptg\/uploads\/thumbs\/5S6Tx6LhHmDqHeNECL5d2aZwmFwK3rLRaknCgaSPHR4MRTAaSjTRSxmfnT5xex5NQ.JPG\" alt=\"\" title=\"\" \/>\n                                                    <span class=\"CaptionTitle\"><\/span>\n                                                    <span class=\"CaptionText\"><\/span>\n                                                    <span class=\"Media\"><\/span>\n                                                    <span class=\"LightboxMedia\"><\/span>\n                                                 <\/li><li>\n                                                    <img class=\"Image\" src=\"https:\/\/grupo-aligator.com\/wp-content\/plugins\/_doptg\/uploads\/6TsAnNdTqfAzDNYpNeCeKDOaT4Tb5zkqXT4DdfYG8tY4dQe7A4rTRwh2kd7d5K2PE.JPG\" alt=\"\" title=\"\" \/>\n                                                    <img class=\"Thumb\" src=\"https:\/\/grupo-aligator.com\/wp-content\/plugins\/_doptg\/uploads\/thumbs\/6TsAnNdTqfAzDNYpNeCeKDOaT4Tb5zkqXT4DdfYG8tY4dQe7A4rTRwh2kd7d5K2PE.JPG\" alt=\"\" title=\"\" \/>\n                                                    <span class=\"CaptionTitle\"><\/span>\n                                                    <span class=\"CaptionText\"><\/span>\n                                                    <span class=\"Media\"><\/span>\n                                                    <span class=\"LightboxMedia\"><\/span>\n                                                 <\/li><li>\n                                                    <img class=\"Image\" src=\"https:\/\/grupo-aligator.com\/wp-content\/plugins\/_doptg\/uploads\/9nm6gOrajFNar1PbM9DTjjCOaa9sMpjpbt4aZy8TxjdX1aS5MwYjrSzGAakaaeSGs.JPG\" alt=\"\" title=\"\" \/>\n                                                    <img class=\"Thumb\" src=\"https:\/\/grupo-aligator.com\/wp-content\/plugins\/_doptg\/uploads\/thumbs\/9nm6gOrajFNar1PbM9DTjjCOaa9sMpjpbt4aZy8TxjdX1aS5MwYjrSzGAakaaeSGs.JPG\" alt=\"\" title=\"\" \/>\n                                                    <span class=\"CaptionTitle\"><\/span>\n                                                    <span class=\"CaptionText\"><\/span>\n                                                    <span class=\"Media\"><\/span>\n                                                    <span class=\"LightboxMedia\"><\/span>\n                                                 <\/li><li>\n                                                    <img class=\"Image\" src=\"https:\/\/grupo-aligator.com\/wp-content\/plugins\/_doptg\/uploads\/xaen4DFsShPxNWyXB2d2GYL4BchLnyba6mYndWNqRBxF2ZAzkABRDH3M5nOOxZQsc.JPG\" alt=\"\" title=\"\" \/>\n                                                    <img class=\"Thumb\" src=\"https:\/\/grupo-aligator.com\/wp-content\/plugins\/_doptg\/uploads\/thumbs\/xaen4DFsShPxNWyXB2d2GYL4BchLnyba6mYndWNqRBxF2ZAzkABRDH3M5nOOxZQsc.JPG\" alt=\"\" title=\"\" \/>\n                                                    <span class=\"CaptionTitle\"><\/span>\n                                                    <span class=\"CaptionText\"><\/span>\n                                                    <span class=\"Media\"><\/span>\n                                                    <span class=\"LightboxMedia\"><\/span>\n                                                 <\/li><li>\n                                                    <img class=\"Image\" src=\"https:\/\/grupo-aligator.com\/wp-content\/plugins\/_doptg\/uploads\/9chTMpLWYFmW1jxhP64fBrkwE5SOz25sg7CtmQ9Zn12DagsNqnjyjdOs7EzsByRwZ.JPG\" alt=\"\" title=\"\" \/>\n                                                    <img class=\"Thumb\" src=\"https:\/\/grupo-aligator.com\/wp-content\/plugins\/_doptg\/uploads\/thumbs\/9chTMpLWYFmW1jxhP64fBrkwE5SOz25sg7CtmQ9Zn12DagsNqnjyjdOs7EzsByRwZ.JPG\" alt=\"\" title=\"\" \/>\n                                                    <span class=\"CaptionTitle\"><\/span>\n                                                    <span class=\"CaptionText\"><\/span>\n                                                    <span class=\"Media\"><\/span>\n                                                    <span class=\"LightboxMedia\"><\/span>\n                                                 <\/li><li>\n                                                    <img class=\"Image\" src=\"https:\/\/grupo-aligator.com\/wp-content\/plugins\/_doptg\/uploads\/YNYa4GsLMrczpWrSr99RhL3tpB9jt7WDtaw17cf5OpagMjbmRgDjPzAOTMes6Q3jD.JPG\" alt=\"\" title=\"\" \/>\n                                                    <img class=\"Thumb\" src=\"https:\/\/grupo-aligator.com\/wp-content\/plugins\/_doptg\/uploads\/thumbs\/YNYa4GsLMrczpWrSr99RhL3tpB9jt7WDtaw17cf5OpagMjbmRgDjPzAOTMes6Q3jD.JPG\" alt=\"\" title=\"\" \/>\n                                                    <span class=\"CaptionTitle\"><\/span>\n                                                    <span class=\"CaptionText\"><\/span>\n                                                    <span class=\"Media\"><\/span>\n                                                    <span class=\"LightboxMedia\"><\/span>\n                                                 <\/li><\/ul>\n                             <\/div>\n                             <script type=\"text\/JavaScript\">\n                                 jQuery(document).ready(function(){\n                                     jQuery('#DOPThumbnailGallery127').DOPThumbnailGallery();\n                                 });\n                             <\/script><\/div>\n","protected":false},"excerpt":{"rendered":"<p>Cuando el toldo est\u00e1 cerrado, sea el mecanismo que el tejido est\u00e1n completamente protegidos por un cofre en aluminio. Estos toldos son significativamente m\u00e1s duraderos que la versi\u00f3n abierta. Su funcionamiento es posible de forma manual o motorizada. No se requiere de un soporte adicional; la instalaci\u00f3n puede ser efectuada directamente a la pared o al techo.<\/p>\n","protected":false},"author":1,"featured_media":0,"parent":0,"menu_order":0,"comment_status":"open","ping_status":"open","template":"content-page.php","meta":[],"yoast_head":"<!-- This site is optimized with the Yoast SEO plugin v19.11 - https:\/\/yoast.com\/wordpress\/plugins\/seo\/ -->\n<title>Toldos cofre modelo 5036 Llaza Mijas, Tarifa, Malaga, Marbella, Torrox - Cristaleria Aligator<\/title>\n<meta name=\"description\" content=\"Toldos cofre modelo 5036 Llaza Mijas, Tarifa, Malaga, Marbella, Torrox - Cristaleria Aligator tambi\u00e9n instala jard\u00edn de invierno, cortinas de vidrio en Sotogrande Costa del Sol\" \/>\n<meta name=\"robots\" content=\"index, follow, max-snippet:-1, max-image-preview:large, max-video-preview:-1\" \/>\n<link rel=\"canonical\" href=\"https:\/\/grupo-aligator.com\/es\/llaza-kassetten-markisen-model-5036\/\" \/>\n<meta property=\"og:locale\" content=\"es_ES\" \/>\n<meta property=\"og:type\" content=\"article\" \/>\n<meta property=\"og:title\" content=\"Toldos cofre modelo 5036 Llaza Mijas, Tarifa, Malaga, Marbella, Torrox - Cristaleria Aligator\" \/>\n<meta property=\"og:description\" content=\"Toldos cofre modelo 5036 Llaza Mijas, Tarifa, Malaga, Marbella, Torrox - Cristaleria Aligator tambi\u00e9n instala jard\u00edn de invierno, cortinas de vidrio en Sotogrande Costa del Sol\" \/>\n<meta property=\"og:url\" content=\"https:\/\/grupo-aligator.com\/es\/llaza-kassetten-markisen-model-5036\/\" \/>\n<meta property=\"article:modified_time\" content=\"2015-09-15T10:04:25+00:00\" \/>\n<meta name=\"twitter:card\" content=\"summary_large_image\" \/>\n<script type=\"application\/ld+json\" class=\"yoast-schema-graph\">{\"@context\":\"https:\/\/schema.org\",\"@graph\":[{\"@type\":\"WebPage\",\"@id\":\"https:\/\/grupo-aligator.com\/es\/llaza-kassetten-markisen-model-5036\/\",\"url\":\"https:\/\/grupo-aligator.com\/es\/llaza-kassetten-markisen-model-5036\/\",\"name\":\"Toldos cofre modelo 5036 Llaza Mijas, Tarifa, Malaga, Marbella, Torrox - Cristaleria Aligator\",\"isPartOf\":{\"@id\":\"https:\/\/grupo-aligator.com\/es\/#website\"},\"datePublished\":\"2014-07-15T12:43:47+00:00\",\"dateModified\":\"2015-09-15T10:04:25+00:00\",\"description\":\"Toldos cofre modelo 5036 Llaza Mijas, Tarifa, Malaga, Marbella, Torrox - Cristaleria Aligator tambi\u00e9n instala jard\u00edn de invierno, cortinas de vidrio en Sotogrande Costa del Sol\",\"breadcrumb\":{\"@id\":\"https:\/\/grupo-aligator.com\/es\/llaza-kassetten-markisen-model-5036\/#breadcrumb\"},\"inLanguage\":\"es\",\"potentialAction\":[{\"@type\":\"ReadAction\",\"target\":[\"https:\/\/grupo-aligator.com\/es\/llaza-kassetten-markisen-model-5036\/\"]}]},{\"@type\":\"BreadcrumbList\",\"@id\":\"https:\/\/grupo-aligator.com\/es\/llaza-kassetten-markisen-model-5036\/#breadcrumb\",\"itemListElement\":[{\"@type\":\"ListItem\",\"position\":1,\"name\":\"Home\",\"item\":\"https:\/\/grupo-aligator.com\/es\/\"},{\"@type\":\"ListItem\",\"position\":2,\"name\":\"Toldos cofre modelo 5036 Llaza\"}]},{\"@type\":\"WebSite\",\"@id\":\"https:\/\/grupo-aligator.com\/es\/#website\",\"url\":\"https:\/\/grupo-aligator.com\/es\/\",\"name\":\"\",\"description\":\"\",\"publisher\":{\"@id\":\"https:\/\/grupo-aligator.com\/es\/#organization\"},\"potentialAction\":[{\"@type\":\"SearchAction\",\"target\":{\"@type\":\"EntryPoint\",\"urlTemplate\":\"https:\/\/grupo-aligator.com\/es\/?s={search_term_string}\"},\"query-input\":\"required name=search_term_string\"}],\"inLanguage\":\"es\"},{\"@type\":\"Organization\",\"@id\":\"https:\/\/grupo-aligator.com\/es\/#organization\",\"name\":\"Cristaleria Aligator S.L.\",\"url\":\"https:\/\/grupo-aligator.com\/es\/\",\"logo\":{\"@type\":\"ImageObject\",\"inLanguage\":\"es\",\"@id\":\"https:\/\/grupo-aligator.com\/es\/#\/schema\/logo\/image\/\",\"url\":\"http:\/\/grupo-aligator.com\/wp-content\/uploads\/2019\/11\/aligator-logo-de.png\",\"contentUrl\":\"http:\/\/grupo-aligator.com\/wp-content\/uploads\/2019\/11\/aligator-logo-de.png\",\"width\":150,\"height\":160,\"caption\":\"Cristaleria Aligator S.L.\"},\"image\":{\"@id\":\"https:\/\/grupo-aligator.com\/es\/#\/schema\/logo\/image\/\"}}]}<\/script>\n<!-- \/ Yoast SEO plugin. -->","yoast_head_json":{"title":"Toldos cofre modelo 5036 Llaza Mijas, Tarifa, Malaga, Marbella, Torrox - Cristaleria Aligator","description":"Toldos cofre modelo 5036 Llaza Mijas, Tarifa, Malaga, Marbella, Torrox - Cristaleria Aligator tambi\u00e9n instala jard\u00edn de invierno, cortinas de vidrio en Sotogrande Costa del Sol","robots":{"index":"index","follow":"follow","max-snippet":"max-snippet:-1","max-image-preview":"max-image-preview:large","max-video-preview":"max-video-preview:-1"},"canonical":"https:\/\/grupo-aligator.com\/es\/llaza-kassetten-markisen-model-5036\/","og_locale":"es_ES","og_type":"article","og_title":"Toldos cofre modelo 5036 Llaza Mijas, Tarifa, Malaga, Marbella, Torrox - Cristaleria Aligator","og_description":"Toldos cofre modelo 5036 Llaza Mijas, Tarifa, Malaga, Marbella, Torrox - Cristaleria Aligator tambi\u00e9n instala jard\u00edn de invierno, cortinas de vidrio en Sotogrande Costa del Sol","og_url":"https:\/\/grupo-aligator.com\/es\/llaza-kassetten-markisen-model-5036\/","article_modified_time":"2015-09-15T10:04:25+00:00","twitter_card":"summary_large_image","schema":{"@context":"https:\/\/schema.org","@graph":[{"@type":"WebPage","@id":"https:\/\/grupo-aligator.com\/es\/llaza-kassetten-markisen-model-5036\/","url":"https:\/\/grupo-aligator.com\/es\/llaza-kassetten-markisen-model-5036\/","name":"Toldos cofre modelo 5036 Llaza Mijas, Tarifa, Malaga, Marbella, Torrox - Cristaleria Aligator","isPartOf":{"@id":"https:\/\/grupo-aligator.com\/es\/#website"},"datePublished":"2014-07-15T12:43:47+00:00","dateModified":"2015-09-15T10:04:25+00:00","description":"Toldos cofre modelo 5036 Llaza Mijas, Tarifa, Malaga, Marbella, Torrox - Cristaleria Aligator tambi\u00e9n instala jard\u00edn de invierno, cortinas de vidrio en Sotogrande Costa del Sol","breadcrumb":{"@id":"https:\/\/grupo-aligator.com\/es\/llaza-kassetten-markisen-model-5036\/#breadcrumb"},"inLanguage":"es","potentialAction":[{"@type":"ReadAction","target":["https:\/\/grupo-aligator.com\/es\/llaza-kassetten-markisen-model-5036\/"]}]},{"@type":"BreadcrumbList","@id":"https:\/\/grupo-aligator.com\/es\/llaza-kassetten-markisen-model-5036\/#breadcrumb","itemListElement":[{"@type":"ListItem","position":1,"name":"Home","item":"https:\/\/grupo-aligator.com\/es\/"},{"@type":"ListItem","position":2,"name":"Toldos cofre modelo 5036 Llaza"}]},{"@type":"WebSite","@id":"https:\/\/grupo-aligator.com\/es\/#website","url":"https:\/\/grupo-aligator.com\/es\/","name":"","description":"","publisher":{"@id":"https:\/\/grupo-aligator.com\/es\/#organization"},"potentialAction":[{"@type":"SearchAction","target":{"@type":"EntryPoint","urlTemplate":"https:\/\/grupo-aligator.com\/es\/?s={search_term_string}"},"query-input":"required name=search_term_string"}],"inLanguage":"es"},{"@type":"Organization","@id":"https:\/\/grupo-aligator.com\/es\/#organization","name":"Cristaleria Aligator S.L.","url":"https:\/\/grupo-aligator.com\/es\/","logo":{"@type":"ImageObject","inLanguage":"es","@id":"https:\/\/grupo-aligator.com\/es\/#\/schema\/logo\/image\/","url":"http:\/\/grupo-aligator.com\/wp-content\/uploads\/2019\/11\/aligator-logo-de.png","contentUrl":"http:\/\/grupo-aligator.com\/wp-content\/uploads\/2019\/11\/aligator-logo-de.png","width":150,"height":160,"caption":"Cristaleria Aligator S.L."},"image":{"@id":"https:\/\/grupo-aligator.com\/es\/#\/schema\/logo\/image\/"}}]}},"_links":{"self":[{"href":"https:\/\/grupo-aligator.com\/es\/wp-json\/wp\/v2\/pages\/2014"}],"collection":[{"href":"https:\/\/grupo-aligator.com\/es\/wp-json\/wp\/v2\/pages"}],"about":[{"href":"https:\/\/grupo-aligator.com\/es\/wp-json\/wp\/v2\/types\/page"}],"author":[{"embeddable":true,"href":"https:\/\/grupo-aligator.com\/es\/wp-json\/wp\/v2\/users\/1"}],"replies":[{"embeddable":true,"href":"https:\/\/grupo-aligator.com\/es\/wp-json\/wp\/v2\/comments?post=2014"}],"version-history":[{"count":7,"href":"https:\/\/grupo-aligator.com\/es\/wp-json\/wp\/v2\/pages\/2014\/revisions"}],"predecessor-version":[{"id":4991,"href":"https:\/\/grupo-aligator.com\/es\/wp-json\/wp\/v2\/pages\/2014\/revisions\/4991"}],"wp:attachment":[{"href":"https:\/\/grupo-aligator.com\/es\/wp-json\/wp\/v2\/media?parent=2014"}],"curies":[{"name":"wp","href":"https:\/\/api.w.org\/{rel}","templated":true}]}}