{"id":1811,"date":"2014-07-15T11:13:39","date_gmt":"2014-07-15T11:13:39","guid":{"rendered":"http:\/\/aligator.cristaleria-aligator.com\/?page_id=1811"},"modified":"2015-12-18T10:15:09","modified_gmt":"2015-12-18T10:15:09","slug":"fallarm-markisen-warema","status":"publish","type":"page","link":"https:\/\/grupo-aligator.com\/es\/fallarm-markisen-warema\/","title":{"rendered":"Toldos con brazos"},"content":{"rendered":"<div id=\"aligator-logo-es\"><\/div>\n<div class=\"toldos-top-logo\"><img decoding=\"async\" src=\"\/wp-content\/uploads\/2013\/09\/warema-logo.png\" \/><\/div>\n<div id=\"toldos-aligator-description\" class=\"small-text-description\">\n<p>Un agradable sombreado &#8211; y aun as\u00ed obtener suficiente luz. La inclinaci\u00f3n del toldo cofre con brazos asegura un \u00e1ngulo correcto: Despu\u00e9s de todo, no existe s\u00f3lo la luz o la oscuridad, sino tambi\u00e9n muchas gradaciones intermedias. Excelente t\u00e9cnica, materiales de calidad y mano de obra de primera clase &#8211; esto representa su markilux, adem\u00e1s de ser una joya altamente pr\u00e1ctica en su fachada. Si fuera necesario, incluso se tiene la opci\u00f3n de cubrir completamente cada ventana.<\/p>\n<\/div>\n<div id=\"toldos-menu-content\">\n<div id=\"toldos-menu-line-1\">\n<div class=\"toldos-menu\"><a href=\"http:\/\/grupo-aligator.com\/es\/fallarm-markisen-model-101\/\" id=\"toldos-fallarm-markisen-menu-item-1\">Modelo 101<\/a><\/div>\n<div class=\"toldos-menu\"><a href=\"http:\/\/grupo-aligator.com\/es\/fallarm-markisen-model-107\/\" id=\"toldos-fallarm-markisen-menu-item-2\">Modelo 107<\/a><\/div>\n<\/div>\n<div id=\"toldos-menu-line-2\">\n<div class=\"toldos-menu\"><a href=\"http:\/\/grupo-aligator.com\/es\/fallarm-markisen-model-108\/\" id=\"toldos-fallarm-markisen-menu-item-3\">Modelo 108<\/a><\/div>\n<div class=\"toldos-menu\"><a href=\"http:\/\/grupo-aligator.com\/es\/fallarm-markisen-model-109\/\" id=\"toldos-fallarm-markisen-menu-item-4\">Modelo 109<\/a><\/div>\n<\/div>\n<div id=\"toldos-menu-line-3\">\n<div class=\"toldos-menu\"><a href=\"http:\/\/grupo-aligator.com\/es\/fallarm-markisen-model-150\/\" id=\"toldos-fallarm-markisen-menu-item-5\">Modelo 150<\/a><\/div>\n<\/div>\n<div id=\"toldos-menu-line-4\">\n<div class=\"toldos-menu\"><a href=\"http:\/\/grupo-aligator.com\/es\/fallarm-markisen-model-310\/\" id=\"toldos-fallarm-markisen-menu-item-6\">Modelo 310<\/a><\/div>\n<div class=\"toldos-menu\"><a href=\"http:\/\/grupo-aligator.com\/es\/fallarm-markisen-model-314\/\" id=\"toldos-fallarm-markisen-menu-item-7\">Modelo 314<\/a><\/div>\n<\/div>\n<div id=\"toldos-menu-line-5\">\n<div class=\"toldos-menu\"><a href=\"http:\/\/grupo-aligator.com\/es\/fallarm-markisen-model-330\/\" id=\"toldos-fallarm-markisen-menu-item-8\">Modelo 330<\/a><\/div>\n<\/div>\n<div id=\"toldos-menu-line-6\">\n<div class=\"toldos-menu\"><a href=\"http:\/\/grupo-aligator.com\/es\/fallarm-markisen-model-340\/\" id=\"toldos-fallarm-markisen-menu-item-9\">Modelo 340<\/a><\/div>\n<div class=\"toldos-menu\"><a href=\"http:\/\/grupo-aligator.com\/es\/fallarm-markisen-model-350\/\" id=\"toldos-fallarm-markisen-menu-item-10\">Modelo 350<\/a><\/div>\n<\/div>\n<div id=\"toldos-menu-line-7\">\n<div class=\"toldos-menu\"><a href=\"http:\/\/grupo-aligator.com\/es\/fallarm-markisen-model-sonderausstattung-warema\/\" id=\"toldos-fallarm-markisen-menu-item-11\" class=\"double-line\">Equipamiento especial<\/a><\/div>\n<\/div>\n<\/div>\n<div class=\"toldos-menu-images\">\n<p><img decoding=\"async\" id=\"toldos-fallarm-markisen-menu-item-1-img\" src=\"\/wp-content\/uploads\/2014\/07\/fallarm-markisen-warema-101.jpg\" \/><\/p>\n<p><img decoding=\"async\" id=\"toldos-fallarm-markisen-menu-item-2-img\" src=\"\/wp-content\/uploads\/2014\/07\/fallarm-markisen-warema-107.jpg\" \/><\/p>\n<p><img decoding=\"async\" id=\"toldos-fallarm-markisen-menu-item-3-img\" src=\"\/wp-content\/uploads\/2014\/07\/fallarm-markisen-warema-108.jpg\" \/><\/p>\n<p><img decoding=\"async\" id=\"toldos-fallarm-markisen-menu-item-4-img\" src=\"\/wp-content\/uploads\/2014\/07\/fallarm-markisen-warema-109.jpg\" \/><\/p>\n<p><img decoding=\"async\" id=\"toldos-fallarm-markisen-menu-item-5-img\" src=\"\/wp-content\/uploads\/2014\/07\/fallarm-markisen-warema-150.jpg\" \/><\/p>\n<p><img decoding=\"async\" id=\"toldos-fallarm-markisen-menu-item-6-img\" src=\"\/wp-content\/uploads\/2014\/07\/fallarm-markisen-warema-310.jpg\" \/><\/p>\n<p><img decoding=\"async\" id=\"toldos-fallarm-markisen-menu-item-7-img\" src=\"\/wp-content\/uploads\/2014\/07\/fallarm-markisen-warema-314.jpg\" \/><\/p>\n<p><img decoding=\"async\" id=\"toldos-fallarm-markisen-menu-item-8-img\" src=\"\/wp-content\/uploads\/2014\/07\/fallarm-markisen-warema-330.jpg\" \/><\/p>\n<p><img decoding=\"async\" id=\"toldos-fallarm-markisen-menu-item-9-img\" src=\"\/wp-content\/uploads\/2014\/07\/fallarm-markisen-warema-340.jpg\" \/><\/p>\n<p><img decoding=\"async\" id=\"toldos-fallarm-markisen-menu-item-10-img\" src=\"\/wp-content\/uploads\/2014\/07\/fallarm-markisen-warema-350.jpg\" \/><\/p>\n<p><img decoding=\"async\" id=\"toldos-fallarm-markisen-menu-item-11-img\" src=\"\/wp-content\/uploads\/2014\/07\/fallarm-markisen-warema-350.jpg\" \/><\/p>\n<\/div>\n<p><script type=\"text\/javascript\">\n$(function() {\n    $('#toldos-fallarm-markisen-menu-item-1').hover(function() { \n        $('#toldos-fallarm-markisen-menu-item-1-img').show(); \n    }, function() { \n        $('#toldos-fallarm-markisen-menu-item-1-img').hide(); \n    });\n    $('#toldos-fallarm-markisen-menu-item-2').hover(function() { \n        $('#toldos-fallarm-markisen-menu-item-2-img').show(); \n    }, function() { \n        $('#toldos-fallarm-markisen-menu-item-2-img').hide(); \n    });\n    $('#toldos-fallarm-markisen-menu-item-3').hover(function() { \n        $('#toldos-fallarm-markisen-menu-item-3-img').show(); \n    }, function() { \n        $('#toldos-fallarm-markisen-menu-item-3-img').hide(); \n    });\n    $('#toldos-fallarm-markisen-menu-item-4').hover(function() { \n        $('#toldos-fallarm-markisen-menu-item-4-img').show(); \n    }, function() { \n        $('#toldos-fallarm-markisen-menu-item-4-img').hide(); \n    });\n    $('#toldos-fallarm-markisen-menu-item-5').hover(function() { \n        $('#toldos-fallarm-markisen-menu-item-5-img').show(); \n    }, function() { \n        $('#toldos-fallarm-markisen-menu-item-5-img').hide(); \n    });\n    $('#toldos-fallarm-markisen-menu-item-6').hover(function() { \n        $('#toldos-fallarm-markisen-menu-item-6-img').show(); \n    }, function() { \n        $('#toldos-fallarm-markisen-menu-item-6-img').hide(); \n    });\n    $('#toldos-fallarm-markisen-menu-item-7').hover(function() { \n        $('#toldos-fallarm-markisen-menu-item-7-img').show(); \n    }, function() { \n        $('#toldos-fallarm-markisen-menu-item-7-img').hide(); \n    });\n    $('#toldos-fallarm-markisen-menu-item-8').hover(function() { \n        $('#toldos-fallarm-markisen-menu-item-8-img').show(); \n    }, function() { \n        $('#toldos-fallarm-markisen-menu-item-8-img').hide(); \n    });\n    $('#toldos-fallarm-markisen-menu-item-9').hover(function() { \n        $('#toldos-fallarm-markisen-menu-item-9-img').show(); \n    }, function() { \n        $('#toldos-fallarm-markisen-menu-item-9-img').hide(); \n    });\n    $('#toldos-fallarm-markisen-menu-item-10').hover(function() { \n        $('#toldos-fallarm-markisen-menu-item-10-img').show(); \n    }, function() { \n        $('#toldos-fallarm-markisen-menu-item-10-img').hide(); \n    });\n    $('#toldos-fallarm-markisen-menu-item-11').hover(function() { \n        $('#toldos-fallarm-markisen-menu-item-11-img').show(); \n    }, function() { \n        $('#toldos-fallarm-markisen-menu-item-11-img').hide(); \n    });\n});\n<\/script><\/p>\n","protected":false},"excerpt":{"rendered":"<p>Un agradable sombreado &#8211; y aun as\u00ed obtener suficiente luz. La inclinaci\u00f3n del toldo cofre con brazos asegura un \u00e1ngulo correcto: Despu\u00e9s de todo, no existe s\u00f3lo la luz o la oscuridad, sino tambi\u00e9n muchas gradaciones intermedias. Excelente t\u00e9cnica, materiales de calidad y mano de obra de primera clase &#8211; esto representa su markilux, adem\u00e1s de ser una joya altamente pr\u00e1ctica en su fachada. Si fuera necesario, incluso se<span class=\"ellipsis\">&hellip;<\/span><\/p>\n<div class=\"read-more\"><a href=\"https:\/\/grupo-aligator.com\/es\/fallarm-markisen-warema\/\">Read More&#8230;<\/a><\/div>\n<p><!-- end of .read-more --><\/p>\n","protected":false},"author":1,"featured_media":0,"parent":0,"menu_order":0,"comment_status":"open","ping_status":"open","template":"category-page.php","meta":[],"yoast_head":"<!-- This site is optimized with the Yoast SEO plugin v19.11 - https:\/\/yoast.com\/wordpress\/plugins\/seo\/ -->\n<title>Toldos con brazos Mijas, Tarifa, Malaga, Marbella, Torrox - Cristaleria Aligator<\/title>\n<meta name=\"description\" content=\"Toldos con brazos Mijas, Tarifa, Malaga, Marbella, Torrox - Cristaleria Aligator tambi\u00e9n instala jard\u00edn de invierno, cortinas de vidrio en Sotogrande Costa del Sol\" \/>\n<meta name=\"robots\" content=\"index, follow, max-snippet:-1, max-image-preview:large, max-video-preview:-1\" \/>\n<link rel=\"canonical\" href=\"https:\/\/grupo-aligator.com\/es\/fallarm-markisen-warema\/\" \/>\n<meta property=\"og:locale\" content=\"es_ES\" \/>\n<meta property=\"og:type\" content=\"article\" \/>\n<meta property=\"og:title\" content=\"Toldos con brazos Mijas, Tarifa, Malaga, Marbella, Torrox - Cristaleria Aligator\" \/>\n<meta property=\"og:description\" content=\"Toldos con brazos Mijas, Tarifa, Malaga, Marbella, Torrox - Cristaleria Aligator tambi\u00e9n instala jard\u00edn de invierno, cortinas de vidrio en Sotogrande Costa del Sol\" \/>\n<meta property=\"og:url\" content=\"https:\/\/grupo-aligator.com\/es\/fallarm-markisen-warema\/\" \/>\n<meta property=\"article:modified_time\" content=\"2015-12-18T10:15:09+00:00\" \/>\n<meta name=\"twitter:card\" content=\"summary_large_image\" \/>\n<script type=\"application\/ld+json\" class=\"yoast-schema-graph\">{\"@context\":\"https:\/\/schema.org\",\"@graph\":[{\"@type\":\"WebPage\",\"@id\":\"https:\/\/grupo-aligator.com\/es\/fallarm-markisen-warema\/\",\"url\":\"https:\/\/grupo-aligator.com\/es\/fallarm-markisen-warema\/\",\"name\":\"Toldos con brazos Mijas, Tarifa, Malaga, Marbella, Torrox - Cristaleria Aligator\",\"isPartOf\":{\"@id\":\"https:\/\/grupo-aligator.com\/es\/#website\"},\"datePublished\":\"2014-07-15T11:13:39+00:00\",\"dateModified\":\"2015-12-18T10:15:09+00:00\",\"description\":\"Toldos con brazos Mijas, Tarifa, Malaga, Marbella, Torrox - Cristaleria Aligator tambi\u00e9n instala jard\u00edn de invierno, cortinas de vidrio en Sotogrande Costa del Sol\",\"breadcrumb\":{\"@id\":\"https:\/\/grupo-aligator.com\/es\/fallarm-markisen-warema\/#breadcrumb\"},\"inLanguage\":\"es\",\"potentialAction\":[{\"@type\":\"ReadAction\",\"target\":[\"https:\/\/grupo-aligator.com\/es\/fallarm-markisen-warema\/\"]}]},{\"@type\":\"BreadcrumbList\",\"@id\":\"https:\/\/grupo-aligator.com\/es\/fallarm-markisen-warema\/#breadcrumb\",\"itemListElement\":[{\"@type\":\"ListItem\",\"position\":1,\"name\":\"Home\",\"item\":\"https:\/\/grupo-aligator.com\/es\/\"},{\"@type\":\"ListItem\",\"position\":2,\"name\":\"Toldos con brazos\"}]},{\"@type\":\"WebSite\",\"@id\":\"https:\/\/grupo-aligator.com\/es\/#website\",\"url\":\"https:\/\/grupo-aligator.com\/es\/\",\"name\":\"\",\"description\":\"\",\"publisher\":{\"@id\":\"https:\/\/grupo-aligator.com\/es\/#organization\"},\"potentialAction\":[{\"@type\":\"SearchAction\",\"target\":{\"@type\":\"EntryPoint\",\"urlTemplate\":\"https:\/\/grupo-aligator.com\/es\/?s={search_term_string}\"},\"query-input\":\"required name=search_term_string\"}],\"inLanguage\":\"es\"},{\"@type\":\"Organization\",\"@id\":\"https:\/\/grupo-aligator.com\/es\/#organization\",\"name\":\"Cristaleria Aligator S.L.\",\"url\":\"https:\/\/grupo-aligator.com\/es\/\",\"logo\":{\"@type\":\"ImageObject\",\"inLanguage\":\"es\",\"@id\":\"https:\/\/grupo-aligator.com\/es\/#\/schema\/logo\/image\/\",\"url\":\"http:\/\/grupo-aligator.com\/wp-content\/uploads\/2019\/11\/aligator-logo-de.png\",\"contentUrl\":\"http:\/\/grupo-aligator.com\/wp-content\/uploads\/2019\/11\/aligator-logo-de.png\",\"width\":150,\"height\":160,\"caption\":\"Cristaleria Aligator S.L.\"},\"image\":{\"@id\":\"https:\/\/grupo-aligator.com\/es\/#\/schema\/logo\/image\/\"}}]}<\/script>\n<!-- \/ Yoast SEO plugin. -->","yoast_head_json":{"title":"Toldos con brazos Mijas, Tarifa, Malaga, Marbella, Torrox - Cristaleria Aligator","description":"Toldos con brazos Mijas, Tarifa, Malaga, Marbella, Torrox - Cristaleria Aligator tambi\u00e9n instala jard\u00edn de invierno, cortinas de vidrio en Sotogrande Costa del Sol","robots":{"index":"index","follow":"follow","max-snippet":"max-snippet:-1","max-image-preview":"max-image-preview:large","max-video-preview":"max-video-preview:-1"},"canonical":"https:\/\/grupo-aligator.com\/es\/fallarm-markisen-warema\/","og_locale":"es_ES","og_type":"article","og_title":"Toldos con brazos Mijas, Tarifa, Malaga, Marbella, Torrox - Cristaleria Aligator","og_description":"Toldos con brazos Mijas, Tarifa, Malaga, Marbella, Torrox - Cristaleria Aligator tambi\u00e9n instala jard\u00edn de invierno, cortinas de vidrio en Sotogrande Costa del Sol","og_url":"https:\/\/grupo-aligator.com\/es\/fallarm-markisen-warema\/","article_modified_time":"2015-12-18T10:15:09+00:00","twitter_card":"summary_large_image","schema":{"@context":"https:\/\/schema.org","@graph":[{"@type":"WebPage","@id":"https:\/\/grupo-aligator.com\/es\/fallarm-markisen-warema\/","url":"https:\/\/grupo-aligator.com\/es\/fallarm-markisen-warema\/","name":"Toldos con brazos Mijas, Tarifa, Malaga, Marbella, Torrox - Cristaleria Aligator","isPartOf":{"@id":"https:\/\/grupo-aligator.com\/es\/#website"},"datePublished":"2014-07-15T11:13:39+00:00","dateModified":"2015-12-18T10:15:09+00:00","description":"Toldos con brazos Mijas, Tarifa, Malaga, Marbella, Torrox - Cristaleria Aligator tambi\u00e9n instala jard\u00edn de invierno, cortinas de vidrio en Sotogrande Costa del Sol","breadcrumb":{"@id":"https:\/\/grupo-aligator.com\/es\/fallarm-markisen-warema\/#breadcrumb"},"inLanguage":"es","potentialAction":[{"@type":"ReadAction","target":["https:\/\/grupo-aligator.com\/es\/fallarm-markisen-warema\/"]}]},{"@type":"BreadcrumbList","@id":"https:\/\/grupo-aligator.com\/es\/fallarm-markisen-warema\/#breadcrumb","itemListElement":[{"@type":"ListItem","position":1,"name":"Home","item":"https:\/\/grupo-aligator.com\/es\/"},{"@type":"ListItem","position":2,"name":"Toldos con brazos"}]},{"@type":"WebSite","@id":"https:\/\/grupo-aligator.com\/es\/#website","url":"https:\/\/grupo-aligator.com\/es\/","name":"","description":"","publisher":{"@id":"https:\/\/grupo-aligator.com\/es\/#organization"},"potentialAction":[{"@type":"SearchAction","target":{"@type":"EntryPoint","urlTemplate":"https:\/\/grupo-aligator.com\/es\/?s={search_term_string}"},"query-input":"required name=search_term_string"}],"inLanguage":"es"},{"@type":"Organization","@id":"https:\/\/grupo-aligator.com\/es\/#organization","name":"Cristaleria Aligator S.L.","url":"https:\/\/grupo-aligator.com\/es\/","logo":{"@type":"ImageObject","inLanguage":"es","@id":"https:\/\/grupo-aligator.com\/es\/#\/schema\/logo\/image\/","url":"http:\/\/grupo-aligator.com\/wp-content\/uploads\/2019\/11\/aligator-logo-de.png","contentUrl":"http:\/\/grupo-aligator.com\/wp-content\/uploads\/2019\/11\/aligator-logo-de.png","width":150,"height":160,"caption":"Cristaleria Aligator S.L."},"image":{"@id":"https:\/\/grupo-aligator.com\/es\/#\/schema\/logo\/image\/"}}]}},"_links":{"self":[{"href":"https:\/\/grupo-aligator.com\/es\/wp-json\/wp\/v2\/pages\/1811"}],"collection":[{"href":"https:\/\/grupo-aligator.com\/es\/wp-json\/wp\/v2\/pages"}],"about":[{"href":"https:\/\/grupo-aligator.com\/es\/wp-json\/wp\/v2\/types\/page"}],"author":[{"embeddable":true,"href":"https:\/\/grupo-aligator.com\/es\/wp-json\/wp\/v2\/users\/1"}],"replies":[{"embeddable":true,"href":"https:\/\/grupo-aligator.com\/es\/wp-json\/wp\/v2\/comments?post=1811"}],"version-history":[{"count":6,"href":"https:\/\/grupo-aligator.com\/es\/wp-json\/wp\/v2\/pages\/1811\/revisions"}],"predecessor-version":[{"id":5522,"href":"https:\/\/grupo-aligator.com\/es\/wp-json\/wp\/v2\/pages\/1811\/revisions\/5522"}],"wp:attachment":[{"href":"https:\/\/grupo-aligator.com\/es\/wp-json\/wp\/v2\/media?parent=1811"}],"curies":[{"name":"wp","href":"https:\/\/api.w.org\/{rel}","templated":true}]}}