{"id":1589,"date":"2014-07-10T11:32:40","date_gmt":"2014-07-10T11:32:40","guid":{"rendered":"http:\/\/aligator.cristaleria-aligator.com\/?page_id=1589"},"modified":"2019-12-16T16:36:31","modified_gmt":"2019-12-16T14:36:31","slug":"pabellones-sotogrande","status":"publish","type":"page","link":"https:\/\/grupo-aligator.com\/es\/pabellones-sotogrande\/","title":{"rendered":"Pabellones"},"content":{"rendered":"<div id=\"aligator-logo-en\"><\/div>\n<div class=\"toldos-top-logo\"><\/div>\n<div id=\"toldos-aligator-description\">\n<p>Pabellones de hormig\u00f3n y madera son muy s\u00f3lidos pero no destacan por sus l\u00edneas delicadas o transparencia. Por lo tanto, le ofrecemos la oportunidad de elegir entre cubiertas fijas y m\u00f3viles. Las cubiertas m\u00f3viles tienen la ventaja de drenar el aire caliente que sube hacia arriba. Como material para nuestros pabellones encontrar\u00e1 a su disposici\u00f3n: vidrio (vidrio de control solar), l\u00e1minas de pl\u00e1stico multicapa o paneles s\u00e1ndwich de espuma.<\/p>\n<\/div>\n<div id=\"toldos-columns\" style=\"margin: 20px 0 0 0;\">\n<div class=\"toldos-column\" style=\"width: 280px;\">\n<a href=\"http:\/\/grupo-aligator.com\/es\/techos-fijos-torrox\/\"><\/p>\n<div class=\"toldos-column-logo-text\" style=\"color: #006600; font-size: 24px; font-weight: bold; padding: 4px 0 18px 0;\">Pabellones fijos<\/div>\n<p><\/a><\/p>\n<div class=\"toldos-column-image\" style=\"height: 325px; width: 280px;\">\n<a href=\"http:\/\/grupo-aligator.com\/es\/techos-fijos-torrox\/\"><img src= \"\/wp-content\/uploads\/2014\/06\/1-12.jpg\" alt=\"Pabellones\" height=\"325\" width=\"280\" \/><\/a>\n<\/div>\n<\/div>\n<div class=\"toldos-column\" style=\"width: 280px;\">\n<a href=\"http:\/\/grupo-aligator.com\/es\/techo-movible-mijas\/\"><\/p>\n<div class=\"toldos-column-logo-text\" style=\"color: #006600; font-size: 24px; font-weight: bold; padding: 4px 0 18px 0;\">Pabellones m\u00f3viles<\/div>\n<p><\/a><\/p>\n<div class=\"toldos-column-image\" style=\"height: 325px; width: 280px;\">\n<a href=\"http:\/\/grupo-aligator.com\/es\/techo-movible-mijas\/\"><img src= \"\/wp-content\/uploads\/2014\/06\/1-13.jpg\" alt=\"Pabellones\" height=\"325\" width=\"280\" \/><\/a>\n<\/div>\n<\/div>\n<\/div>\n","protected":false},"excerpt":{"rendered":"<p>Pabellones de hormig\u00f3n y madera son muy s\u00f3lidos pero no destacan por sus l\u00edneas delicadas o transparencia. Por lo tanto, le ofrecemos la oportunidad de elegir entre cubiertas fijas y m\u00f3viles. Las cubiertas m\u00f3viles tienen la ventaja de drenar el aire caliente que sube hacia arriba. Como material para nuestros pabellones encontrar\u00e1 a su disposici\u00f3n: vidrio (vidrio de control solar), l\u00e1minas de pl\u00e1stico multicapa o paneles s\u00e1ndwich de espuma.<span class=\"ellipsis\">&hellip;<\/span><\/p>\n<div class=\"read-more\"><a href=\"https:\/\/grupo-aligator.com\/es\/pabellones-sotogrande\/\">Read More&#8230;<\/a><\/div>\n<p><!-- end of .read-more --><\/p>\n","protected":false},"author":1,"featured_media":0,"parent":0,"menu_order":0,"comment_status":"closed","ping_status":"closed","template":"content-page.php","meta":[],"yoast_head":"<!-- This site is optimized with the Yoast SEO plugin v19.11 - https:\/\/yoast.com\/wordpress\/plugins\/seo\/ -->\n<title>Pabellones Mijas, Tarifa, Malaga, Marbella, Torrox - Cristaleria Aligator<\/title>\n<meta name=\"description\" content=\"Pabellones Mijas, Tarifa, Malaga, Marbella, Torrox - Cristaleria Aligator tambi\u00e9n instala jard\u00edn de invierno, cortinas de vidrio en Sotogrande Costa del Sol\" \/>\n<meta name=\"robots\" content=\"index, follow, max-snippet:-1, max-image-preview:large, max-video-preview:-1\" \/>\n<link rel=\"canonical\" href=\"https:\/\/grupo-aligator.com\/es\/pabellones-sotogrande\/\" \/>\n<meta property=\"og:locale\" content=\"es_ES\" \/>\n<meta property=\"og:type\" content=\"article\" \/>\n<meta property=\"og:title\" content=\"Pabellones Mijas, Tarifa, Malaga, Marbella, Torrox - Cristaleria Aligator\" \/>\n<meta property=\"og:description\" content=\"Pabellones Mijas, Tarifa, Malaga, Marbella, Torrox - Cristaleria Aligator tambi\u00e9n instala jard\u00edn de invierno, cortinas de vidrio en Sotogrande Costa del Sol\" \/>\n<meta property=\"og:url\" content=\"https:\/\/grupo-aligator.com\/es\/pabellones-sotogrande\/\" \/>\n<meta property=\"article:modified_time\" content=\"2019-12-16T14:36:31+00:00\" \/>\n<meta name=\"twitter:card\" content=\"summary_large_image\" \/>\n<script type=\"application\/ld+json\" class=\"yoast-schema-graph\">{\"@context\":\"https:\/\/schema.org\",\"@graph\":[{\"@type\":\"WebPage\",\"@id\":\"https:\/\/grupo-aligator.com\/es\/pabellones-sotogrande\/\",\"url\":\"https:\/\/grupo-aligator.com\/es\/pabellones-sotogrande\/\",\"name\":\"Pabellones Mijas, Tarifa, Malaga, Marbella, Torrox - Cristaleria Aligator\",\"isPartOf\":{\"@id\":\"https:\/\/grupo-aligator.com\/es\/#website\"},\"datePublished\":\"2014-07-10T11:32:40+00:00\",\"dateModified\":\"2019-12-16T14:36:31+00:00\",\"description\":\"Pabellones Mijas, Tarifa, Malaga, Marbella, Torrox - Cristaleria Aligator tambi\u00e9n instala jard\u00edn de invierno, cortinas de vidrio en Sotogrande Costa del Sol\",\"breadcrumb\":{\"@id\":\"https:\/\/grupo-aligator.com\/es\/pabellones-sotogrande\/#breadcrumb\"},\"inLanguage\":\"es\",\"potentialAction\":[{\"@type\":\"ReadAction\",\"target\":[\"https:\/\/grupo-aligator.com\/es\/pabellones-sotogrande\/\"]}]},{\"@type\":\"BreadcrumbList\",\"@id\":\"https:\/\/grupo-aligator.com\/es\/pabellones-sotogrande\/#breadcrumb\",\"itemListElement\":[{\"@type\":\"ListItem\",\"position\":1,\"name\":\"Home\",\"item\":\"https:\/\/grupo-aligator.com\/es\/\"},{\"@type\":\"ListItem\",\"position\":2,\"name\":\"Pabellones\"}]},{\"@type\":\"WebSite\",\"@id\":\"https:\/\/grupo-aligator.com\/es\/#website\",\"url\":\"https:\/\/grupo-aligator.com\/es\/\",\"name\":\"\",\"description\":\"\",\"publisher\":{\"@id\":\"https:\/\/grupo-aligator.com\/es\/#organization\"},\"potentialAction\":[{\"@type\":\"SearchAction\",\"target\":{\"@type\":\"EntryPoint\",\"urlTemplate\":\"https:\/\/grupo-aligator.com\/es\/?s={search_term_string}\"},\"query-input\":\"required name=search_term_string\"}],\"inLanguage\":\"es\"},{\"@type\":\"Organization\",\"@id\":\"https:\/\/grupo-aligator.com\/es\/#organization\",\"name\":\"Cristaleria Aligator S.L.\",\"url\":\"https:\/\/grupo-aligator.com\/es\/\",\"logo\":{\"@type\":\"ImageObject\",\"inLanguage\":\"es\",\"@id\":\"https:\/\/grupo-aligator.com\/es\/#\/schema\/logo\/image\/\",\"url\":\"http:\/\/grupo-aligator.com\/wp-content\/uploads\/2019\/11\/aligator-logo-de.png\",\"contentUrl\":\"http:\/\/grupo-aligator.com\/wp-content\/uploads\/2019\/11\/aligator-logo-de.png\",\"width\":150,\"height\":160,\"caption\":\"Cristaleria Aligator S.L.\"},\"image\":{\"@id\":\"https:\/\/grupo-aligator.com\/es\/#\/schema\/logo\/image\/\"}}]}<\/script>\n<!-- \/ Yoast SEO plugin. -->","yoast_head_json":{"title":"Pabellones Mijas, Tarifa, Malaga, Marbella, Torrox - Cristaleria Aligator","description":"Pabellones Mijas, Tarifa, Malaga, Marbella, Torrox - Cristaleria Aligator tambi\u00e9n instala jard\u00edn de invierno, cortinas de vidrio en Sotogrande Costa del Sol","robots":{"index":"index","follow":"follow","max-snippet":"max-snippet:-1","max-image-preview":"max-image-preview:large","max-video-preview":"max-video-preview:-1"},"canonical":"https:\/\/grupo-aligator.com\/es\/pabellones-sotogrande\/","og_locale":"es_ES","og_type":"article","og_title":"Pabellones Mijas, Tarifa, Malaga, Marbella, Torrox - Cristaleria Aligator","og_description":"Pabellones Mijas, Tarifa, Malaga, Marbella, Torrox - Cristaleria Aligator tambi\u00e9n instala jard\u00edn de invierno, cortinas de vidrio en Sotogrande Costa del Sol","og_url":"https:\/\/grupo-aligator.com\/es\/pabellones-sotogrande\/","article_modified_time":"2019-12-16T14:36:31+00:00","twitter_card":"summary_large_image","schema":{"@context":"https:\/\/schema.org","@graph":[{"@type":"WebPage","@id":"https:\/\/grupo-aligator.com\/es\/pabellones-sotogrande\/","url":"https:\/\/grupo-aligator.com\/es\/pabellones-sotogrande\/","name":"Pabellones Mijas, Tarifa, Malaga, Marbella, Torrox - Cristaleria Aligator","isPartOf":{"@id":"https:\/\/grupo-aligator.com\/es\/#website"},"datePublished":"2014-07-10T11:32:40+00:00","dateModified":"2019-12-16T14:36:31+00:00","description":"Pabellones Mijas, Tarifa, Malaga, Marbella, Torrox - Cristaleria Aligator tambi\u00e9n instala jard\u00edn de invierno, cortinas de vidrio en Sotogrande Costa del Sol","breadcrumb":{"@id":"https:\/\/grupo-aligator.com\/es\/pabellones-sotogrande\/#breadcrumb"},"inLanguage":"es","potentialAction":[{"@type":"ReadAction","target":["https:\/\/grupo-aligator.com\/es\/pabellones-sotogrande\/"]}]},{"@type":"BreadcrumbList","@id":"https:\/\/grupo-aligator.com\/es\/pabellones-sotogrande\/#breadcrumb","itemListElement":[{"@type":"ListItem","position":1,"name":"Home","item":"https:\/\/grupo-aligator.com\/es\/"},{"@type":"ListItem","position":2,"name":"Pabellones"}]},{"@type":"WebSite","@id":"https:\/\/grupo-aligator.com\/es\/#website","url":"https:\/\/grupo-aligator.com\/es\/","name":"","description":"","publisher":{"@id":"https:\/\/grupo-aligator.com\/es\/#organization"},"potentialAction":[{"@type":"SearchAction","target":{"@type":"EntryPoint","urlTemplate":"https:\/\/grupo-aligator.com\/es\/?s={search_term_string}"},"query-input":"required name=search_term_string"}],"inLanguage":"es"},{"@type":"Organization","@id":"https:\/\/grupo-aligator.com\/es\/#organization","name":"Cristaleria Aligator S.L.","url":"https:\/\/grupo-aligator.com\/es\/","logo":{"@type":"ImageObject","inLanguage":"es","@id":"https:\/\/grupo-aligator.com\/es\/#\/schema\/logo\/image\/","url":"http:\/\/grupo-aligator.com\/wp-content\/uploads\/2019\/11\/aligator-logo-de.png","contentUrl":"http:\/\/grupo-aligator.com\/wp-content\/uploads\/2019\/11\/aligator-logo-de.png","width":150,"height":160,"caption":"Cristaleria Aligator S.L."},"image":{"@id":"https:\/\/grupo-aligator.com\/es\/#\/schema\/logo\/image\/"}}]}},"_links":{"self":[{"href":"https:\/\/grupo-aligator.com\/es\/wp-json\/wp\/v2\/pages\/1589"}],"collection":[{"href":"https:\/\/grupo-aligator.com\/es\/wp-json\/wp\/v2\/pages"}],"about":[{"href":"https:\/\/grupo-aligator.com\/es\/wp-json\/wp\/v2\/types\/page"}],"author":[{"embeddable":true,"href":"https:\/\/grupo-aligator.com\/es\/wp-json\/wp\/v2\/users\/1"}],"replies":[{"embeddable":true,"href":"https:\/\/grupo-aligator.com\/es\/wp-json\/wp\/v2\/comments?post=1589"}],"version-history":[{"count":11,"href":"https:\/\/grupo-aligator.com\/es\/wp-json\/wp\/v2\/pages\/1589\/revisions"}],"predecessor-version":[{"id":7356,"href":"https:\/\/grupo-aligator.com\/es\/wp-json\/wp\/v2\/pages\/1589\/revisions\/7356"}],"wp:attachment":[{"href":"https:\/\/grupo-aligator.com\/es\/wp-json\/wp\/v2\/media?parent=1589"}],"curies":[{"name":"wp","href":"https:\/\/api.w.org\/{rel}","templated":true}]}}