{"id":1546,"date":"2014-06-26T13:13:14","date_gmt":"2014-06-26T13:13:14","guid":{"rendered":"http:\/\/aligator.cristaleria-aligator.com\/?page_id=1546"},"modified":"2019-12-16T16:14:31","modified_gmt":"2019-12-16T14:14:31","slug":"acristalamientos-de-terrazas-y-balcones","status":"publish","type":"page","link":"https:\/\/grupo-aligator.com\/es\/acristalamientos-de-terrazas-y-balcones\/","title":{"rendered":"Acristalamientos de terrazas y balcones"},"content":{"rendered":"<div id=\"aligator-logo-es\"><\/div>\n<div class=\"toldos-top-logo\"><\/div>\n<div id=\"toldos-aligator-description\">\n<p>Acristalamientos de terrazas y balcones con Cristaleria Aligator, su especialista en terraza acristalamiento en la Costa del Sol.<\/p>\n<p>&nbsp;<\/p>\n<p>Mediante la utilizaci\u00f3n de cristal podr\u00e1n disfrutar de su terraza a balc\u00f3n durante todo el a\u00f1o, indipendientemente de la tempestad!<\/p>\n<\/div>\n<div id=\"toldos-columns\" style=\"margin: 20px 0 0 0;\">\n<div class=\"toldos-column\" style=\"width: 280px;\">\n<div class=\"toldos-column-logo-text\" style=\"color: #006600; font-size: 24px; font-weight: bold; padding: 4px 0 18px 0;\">&#8230;sin estructura<\/div>\n<p>&nbsp;<\/p>\n<div class=\"toldos-column-image\" style=\"height: 325px; width: 280px;\"><a href=\"http:\/\/grupo-aligator.com\/es\/sin-estructura\/\"><img decoding=\"async\" loading=\"lazy\" src=\"\/wp-content\/uploads\/2014\/06\/rahmenlose-systeme.jpg\" alt=\"Acristalamientos de terrazas y balcones\" width=\"280\" height=\"325\" \/><\/a><\/div>\n<\/div>\n<div class=\"toldos-column\" style=\"width: 280px;\">\n<div class=\"toldos-column-logo-text\" style=\"color: #006600; font-size: 24px; font-weight: bold; padding: 4px 0 18px 0;\">&#8230;con estructura<\/div>\n<p>&nbsp;<\/p>\n<div class=\"toldos-column-image\" style=\"height: 325px; width: 280px;\"><a href=\"http:\/\/grupo-aligator.com\/es\/sistemas-enmarcados\/\"><img decoding=\"async\" loading=\"lazy\" src=\"\/wp-content\/uploads\/2014\/06\/gerahmte-systeme.jpg\" alt=\"Acristalamientos de terrazas y balcones\" width=\"280\" height=\"325\" \/><\/a><\/div>\n<\/div>\n<\/div>\n","protected":false},"excerpt":{"rendered":"<p>Acristalamientos de terrazas y balcones con Cristaleria Aligator, su especialista en terraza acristalamiento en la Costa del Sol. &nbsp; Mediante la utilizaci\u00f3n de cristal podr\u00e1n disfrutar de su terraza a balc\u00f3n durante todo el a\u00f1o, indipendientemente de la tempestad! &#8230;sin estructura &nbsp; &#8230;con estructura &nbsp;<\/p>\n","protected":false},"author":1,"featured_media":0,"parent":0,"menu_order":0,"comment_status":"closed","ping_status":"closed","template":"content-page.php","meta":[],"yoast_head":"<!-- This site is optimized with the Yoast SEO plugin v19.11 - https:\/\/yoast.com\/wordpress\/plugins\/seo\/ -->\n<title>Acristalamientos de terrazas y balcones de vidrio Mijas - Cristaleria Aligator<\/title>\n<meta name=\"description\" content=\"Acristalamientos de terrazas y balcones Mijas, Tarifa, Malaga, Marbella, Torrox - Cristaleria Aligator jard\u00edn de invierno, cortinas de vidrio en Sotogrande\" \/>\n<meta name=\"robots\" content=\"index, follow, max-snippet:-1, max-image-preview:large, max-video-preview:-1\" \/>\n<link rel=\"canonical\" href=\"https:\/\/grupo-aligator.com\/es\/acristalamientos-de-terrazas-y-balcones\/\" \/>\n<meta property=\"og:locale\" content=\"es_ES\" \/>\n<meta property=\"og:type\" content=\"article\" \/>\n<meta property=\"og:title\" content=\"Acristalamientos de terrazas y balcones de vidrio Mijas - Cristaleria Aligator\" \/>\n<meta property=\"og:description\" content=\"Acristalamientos de terrazas y balcones Mijas, Tarifa, Malaga, Marbella, Torrox - Cristaleria Aligator jard\u00edn de invierno, cortinas de vidrio en Sotogrande\" \/>\n<meta property=\"og:url\" content=\"https:\/\/grupo-aligator.com\/es\/acristalamientos-de-terrazas-y-balcones\/\" \/>\n<meta property=\"article:modified_time\" content=\"2019-12-16T14:14:31+00:00\" \/>\n<meta name=\"twitter:card\" content=\"summary_large_image\" \/>\n<script type=\"application\/ld+json\" class=\"yoast-schema-graph\">{\"@context\":\"https:\/\/schema.org\",\"@graph\":[{\"@type\":\"WebPage\",\"@id\":\"https:\/\/grupo-aligator.com\/es\/acristalamientos-de-terrazas-y-balcones\/\",\"url\":\"https:\/\/grupo-aligator.com\/es\/acristalamientos-de-terrazas-y-balcones\/\",\"name\":\"Acristalamientos de terrazas y balcones de vidrio Mijas - Cristaleria Aligator\",\"isPartOf\":{\"@id\":\"https:\/\/grupo-aligator.com\/es\/#website\"},\"datePublished\":\"2014-06-26T13:13:14+00:00\",\"dateModified\":\"2019-12-16T14:14:31+00:00\",\"description\":\"Acristalamientos de terrazas y balcones Mijas, Tarifa, Malaga, Marbella, Torrox - Cristaleria Aligator jard\u00edn de invierno, cortinas de vidrio en Sotogrande\",\"breadcrumb\":{\"@id\":\"https:\/\/grupo-aligator.com\/es\/acristalamientos-de-terrazas-y-balcones\/#breadcrumb\"},\"inLanguage\":\"es\",\"potentialAction\":[{\"@type\":\"ReadAction\",\"target\":[\"https:\/\/grupo-aligator.com\/es\/acristalamientos-de-terrazas-y-balcones\/\"]}]},{\"@type\":\"BreadcrumbList\",\"@id\":\"https:\/\/grupo-aligator.com\/es\/acristalamientos-de-terrazas-y-balcones\/#breadcrumb\",\"itemListElement\":[{\"@type\":\"ListItem\",\"position\":1,\"name\":\"Home\",\"item\":\"https:\/\/grupo-aligator.com\/es\/\"},{\"@type\":\"ListItem\",\"position\":2,\"name\":\"Acristalamientos de terrazas y balcones\"}]},{\"@type\":\"WebSite\",\"@id\":\"https:\/\/grupo-aligator.com\/es\/#website\",\"url\":\"https:\/\/grupo-aligator.com\/es\/\",\"name\":\"\",\"description\":\"\",\"publisher\":{\"@id\":\"https:\/\/grupo-aligator.com\/es\/#organization\"},\"potentialAction\":[{\"@type\":\"SearchAction\",\"target\":{\"@type\":\"EntryPoint\",\"urlTemplate\":\"https:\/\/grupo-aligator.com\/es\/?s={search_term_string}\"},\"query-input\":\"required name=search_term_string\"}],\"inLanguage\":\"es\"},{\"@type\":\"Organization\",\"@id\":\"https:\/\/grupo-aligator.com\/es\/#organization\",\"name\":\"Cristaleria Aligator S.L.\",\"url\":\"https:\/\/grupo-aligator.com\/es\/\",\"logo\":{\"@type\":\"ImageObject\",\"inLanguage\":\"es\",\"@id\":\"https:\/\/grupo-aligator.com\/es\/#\/schema\/logo\/image\/\",\"url\":\"http:\/\/grupo-aligator.com\/wp-content\/uploads\/2019\/11\/aligator-logo-de.png\",\"contentUrl\":\"http:\/\/grupo-aligator.com\/wp-content\/uploads\/2019\/11\/aligator-logo-de.png\",\"width\":150,\"height\":160,\"caption\":\"Cristaleria Aligator S.L.\"},\"image\":{\"@id\":\"https:\/\/grupo-aligator.com\/es\/#\/schema\/logo\/image\/\"}}]}<\/script>\n<!-- \/ Yoast SEO plugin. -->","yoast_head_json":{"title":"Acristalamientos de terrazas y balcones de vidrio Mijas - Cristaleria Aligator","description":"Acristalamientos de terrazas y balcones Mijas, Tarifa, Malaga, Marbella, Torrox - Cristaleria Aligator jard\u00edn de invierno, cortinas de vidrio en Sotogrande","robots":{"index":"index","follow":"follow","max-snippet":"max-snippet:-1","max-image-preview":"max-image-preview:large","max-video-preview":"max-video-preview:-1"},"canonical":"https:\/\/grupo-aligator.com\/es\/acristalamientos-de-terrazas-y-balcones\/","og_locale":"es_ES","og_type":"article","og_title":"Acristalamientos de terrazas y balcones de vidrio Mijas - Cristaleria Aligator","og_description":"Acristalamientos de terrazas y balcones Mijas, Tarifa, Malaga, Marbella, Torrox - Cristaleria Aligator jard\u00edn de invierno, cortinas de vidrio en Sotogrande","og_url":"https:\/\/grupo-aligator.com\/es\/acristalamientos-de-terrazas-y-balcones\/","article_modified_time":"2019-12-16T14:14:31+00:00","twitter_card":"summary_large_image","schema":{"@context":"https:\/\/schema.org","@graph":[{"@type":"WebPage","@id":"https:\/\/grupo-aligator.com\/es\/acristalamientos-de-terrazas-y-balcones\/","url":"https:\/\/grupo-aligator.com\/es\/acristalamientos-de-terrazas-y-balcones\/","name":"Acristalamientos de terrazas y balcones de vidrio Mijas - Cristaleria Aligator","isPartOf":{"@id":"https:\/\/grupo-aligator.com\/es\/#website"},"datePublished":"2014-06-26T13:13:14+00:00","dateModified":"2019-12-16T14:14:31+00:00","description":"Acristalamientos de terrazas y balcones Mijas, Tarifa, Malaga, Marbella, Torrox - Cristaleria Aligator jard\u00edn de invierno, cortinas de vidrio en Sotogrande","breadcrumb":{"@id":"https:\/\/grupo-aligator.com\/es\/acristalamientos-de-terrazas-y-balcones\/#breadcrumb"},"inLanguage":"es","potentialAction":[{"@type":"ReadAction","target":["https:\/\/grupo-aligator.com\/es\/acristalamientos-de-terrazas-y-balcones\/"]}]},{"@type":"BreadcrumbList","@id":"https:\/\/grupo-aligator.com\/es\/acristalamientos-de-terrazas-y-balcones\/#breadcrumb","itemListElement":[{"@type":"ListItem","position":1,"name":"Home","item":"https:\/\/grupo-aligator.com\/es\/"},{"@type":"ListItem","position":2,"name":"Acristalamientos de terrazas y balcones"}]},{"@type":"WebSite","@id":"https:\/\/grupo-aligator.com\/es\/#website","url":"https:\/\/grupo-aligator.com\/es\/","name":"","description":"","publisher":{"@id":"https:\/\/grupo-aligator.com\/es\/#organization"},"potentialAction":[{"@type":"SearchAction","target":{"@type":"EntryPoint","urlTemplate":"https:\/\/grupo-aligator.com\/es\/?s={search_term_string}"},"query-input":"required name=search_term_string"}],"inLanguage":"es"},{"@type":"Organization","@id":"https:\/\/grupo-aligator.com\/es\/#organization","name":"Cristaleria Aligator S.L.","url":"https:\/\/grupo-aligator.com\/es\/","logo":{"@type":"ImageObject","inLanguage":"es","@id":"https:\/\/grupo-aligator.com\/es\/#\/schema\/logo\/image\/","url":"http:\/\/grupo-aligator.com\/wp-content\/uploads\/2019\/11\/aligator-logo-de.png","contentUrl":"http:\/\/grupo-aligator.com\/wp-content\/uploads\/2019\/11\/aligator-logo-de.png","width":150,"height":160,"caption":"Cristaleria Aligator S.L."},"image":{"@id":"https:\/\/grupo-aligator.com\/es\/#\/schema\/logo\/image\/"}}]}},"_links":{"self":[{"href":"https:\/\/grupo-aligator.com\/es\/wp-json\/wp\/v2\/pages\/1546"}],"collection":[{"href":"https:\/\/grupo-aligator.com\/es\/wp-json\/wp\/v2\/pages"}],"about":[{"href":"https:\/\/grupo-aligator.com\/es\/wp-json\/wp\/v2\/types\/page"}],"author":[{"embeddable":true,"href":"https:\/\/grupo-aligator.com\/es\/wp-json\/wp\/v2\/users\/1"}],"replies":[{"embeddable":true,"href":"https:\/\/grupo-aligator.com\/es\/wp-json\/wp\/v2\/comments?post=1546"}],"version-history":[{"count":10,"href":"https:\/\/grupo-aligator.com\/es\/wp-json\/wp\/v2\/pages\/1546\/revisions"}],"predecessor-version":[{"id":7348,"href":"https:\/\/grupo-aligator.com\/es\/wp-json\/wp\/v2\/pages\/1546\/revisions\/7348"}],"wp:attachment":[{"href":"https:\/\/grupo-aligator.com\/es\/wp-json\/wp\/v2\/media?parent=1546"}],"curies":[{"name":"wp","href":"https:\/\/api.w.org\/{rel}","templated":true}]}}