{"id":1440,"date":"2014-06-25T13:12:47","date_gmt":"2014-06-25T13:12:47","guid":{"rendered":"http:\/\/aligator.cristaleria-aligator.com\/?page_id=1440"},"modified":"2019-12-16T15:23:33","modified_gmt":"2019-12-16T13:23:33","slug":"mosquiteras-sotogrande","status":"publish","type":"page","link":"https:\/\/grupo-aligator.com\/es\/mosquiteras-sotogrande\/","title":{"rendered":"Mosquiteras de Neher \u00ae"},"content":{"rendered":"<div id=\"aligator-logo-es\"><\/div>\n<div class=\"toldos-top-logo\" style=\"margin: 3px 0 0 590px;\"><img decoding=\"async\" src=\"\/wp-content\/uploads\/2014\/07\/neher-logo.png\" alt=\"Mosquiteras de Neher\" \/><\/div>\n<div id=\"toldos-aligator-description\">\n<p>\u00a1Mosquiteras de Neher = Mosquiteras de calidad alemana &#8211; fabricadas aqu\u00ed end Andaluc\u00eda!<\/p>\n<p>&nbsp;<\/p>\n<p>\u00a1Tambi\u00e9n aqu\u00ed necesitar\u00e1 la mosquitera perfecta para poder relajar en su casa o apartamento!<\/p>\n<p>&nbsp;<\/p>\n<p>Nostros le ofrecemos la mosquitera ideal para cualquier apertura de la marca alemana NEHER!<\/p>\n<\/div>\n<div id=\"toldos-columns\" style=\"margin: 20px 0 0 0;\">\n<div class=\"toldos-column\">\n<div class=\"toldos-column-logo-text\" style=\"color: #006600; font-size: 24px; font-weight: bold; padding: 4px 0 18px 0;\">Rotaci\u00f3n marco<\/div>\n<div class=\"toldos-column-image\" style=\"height: 210px;\"><a href=\"http:\/\/grupo-aligator.com\/es\/marco-giratorio-de-mosquitera\/\"><img decoding=\"async\" loading=\"lazy\" src=\"\/wp-content\/uploads\/2014\/07\/insektenschutz-drehrahmen.jpg\" alt=\"Mosquiteras de Neher\" width=\"220\" height=\"210\" \/><\/a><\/div>\n<\/div>\n<div class=\"toldos-column\">\n<div class=\"toldos-column-logo-text\" style=\"color: #006600; font-size: 24px; font-weight: bold; padding: 4px 0 18px 0;\">Plisado<\/div>\n<div class=\"toldos-column-image\" style=\"height: 210px;\"><a href=\"http:\/\/grupo-aligator.com\/es\/mosquitero-plisado\/\"><img decoding=\"async\" loading=\"lazy\" src=\"\/wp-content\/uploads\/2014\/07\/insektenschutz-plissee.jpg\" alt=\"Mosquiteras de Neher\" width=\"220\" height=\"210\" \/><\/a><\/div>\n<\/div>\n<div class=\"toldos-column\">\n<div class=\"toldos-column-logo-text\" style=\"color: #006600; font-size: 24px; font-weight: bold; padding: 4px 0 18px 0;\">Enrollable<\/div>\n<div class=\"toldos-column-image\" style=\"height: 210px;\"><a href=\"http:\/\/grupo-aligator.com\/es\/mosquitero-enrollable\/\"><img decoding=\"async\" loading=\"lazy\" src=\"\/wp-content\/uploads\/2014\/07\/insektenschutz-rollo.jpg\" width=\"220\" height=\"210\" \/><\/a><\/div>\n<\/div>\n<div class=\"toldos-column\">\n<div class=\"toldos-column-logo-text\" style=\"color: #006600; font-size: 24px; font-weight: bold; padding: 18px 0 18px 0;\">Corredizable<\/div>\n<div class=\"toldos-column-image\" style=\"height: 210px;\"><a href=\"http:\/\/grupo-aligator.com\/es\/mosquitera-corrediza\/\"><img decoding=\"async\" loading=\"lazy\" src=\"\/wp-content\/uploads\/2014\/07\/insektenschutz-schiebeanlage.jpg\" width=\"220\" height=\"210\" \/><\/a><\/div>\n<\/div>\n<div class=\"toldos-column\">\n<div class=\"toldos-column-logo-text\" style=\"color: #006600; font-size: 24px; font-weight: bold; padding: 18px 0 18px 0;\">Marco de sujeci\u00f3n<\/div>\n<div class=\"toldos-column-image\" style=\"height: 210px;\"><a href=\"http:\/\/grupo-aligator.com\/es\/marco-de-sujecion\/\"><img decoding=\"async\" loading=\"lazy\" src=\"\/wp-content\/uploads\/2014\/07\/insektenschutz-apannrahmen.jpg\" width=\"220\" height=\"210\" \/><\/a><\/div>\n<\/div>\n<div class=\"toldos-column\">\n<div class=\"toldos-column-logo-text\" style=\"color: #006600; font-size: 24px; font-weight: bold; padding: 18px 0 18px 0;\">Lucernario<\/div>\n<div class=\"toldos-column-image\" style=\"height: 210px;\"><a href=\"http:\/\/grupo-aligator.com\/es\/pozo-de-luz-mosquitera\/\"><img decoding=\"async\" loading=\"lazy\" src=\"\/wp-content\/uploads\/2014\/07\/insektenschutz-lichschachtabdeckung.jpg\" width=\"220\" height=\"210\" \/><\/a><\/div>\n<\/div>\n<\/div>\n","protected":false},"excerpt":{"rendered":"<p>\u00a1Mosquiteras de Neher = Mosquiteras de calidad alemana &#8211; fabricadas aqu\u00ed end Andaluc\u00eda! &nbsp; \u00a1Tambi\u00e9n aqu\u00ed necesitar\u00e1 la mosquitera perfecta para poder relajar en su casa o apartamento! &nbsp; Nostros le ofrecemos la mosquitera ideal para cualquier apertura de la marca alemana NEHER! Rotaci\u00f3n marco Plisado Enrollable Corredizable Marco de sujeci\u00f3n Lucernario<\/p>\n","protected":false},"author":1,"featured_media":0,"parent":0,"menu_order":0,"comment_status":"closed","ping_status":"closed","template":"content-page.php","meta":[],"yoast_head":"<!-- This site is optimized with the Yoast SEO plugin v19.11 - https:\/\/yoast.com\/wordpress\/plugins\/seo\/ -->\n<title>Mosquiteras de Neher \u00ae Mijas, Tarifa, Marbella, Torrox - Cristaleria Aligator<\/title>\n<meta name=\"description\" content=\"Mosquiteras de Neher \u00ae Mijas, Tarifa, Malaga, Marbella, Torrox - Cristaleria Aligator tambi\u00e9n instala jard\u00edn de invierno, cortinas de vidrio en Sotogrande Costa del Sol\" \/>\n<meta name=\"robots\" content=\"index, follow, max-snippet:-1, max-image-preview:large, max-video-preview:-1\" \/>\n<link rel=\"canonical\" href=\"https:\/\/grupo-aligator.com\/es\/mosquiteras-sotogrande\/\" \/>\n<meta property=\"og:locale\" content=\"es_ES\" \/>\n<meta property=\"og:type\" content=\"article\" \/>\n<meta property=\"og:title\" content=\"Mosquiteras de Neher \u00ae Mijas, Tarifa, Marbella, Torrox - Cristaleria Aligator\" \/>\n<meta property=\"og:description\" content=\"Mosquiteras de Neher \u00ae Mijas, Tarifa, Malaga, Marbella, Torrox - Cristaleria Aligator tambi\u00e9n instala jard\u00edn de invierno, cortinas de vidrio en Sotogrande Costa del Sol\" \/>\n<meta property=\"og:url\" content=\"https:\/\/grupo-aligator.com\/es\/mosquiteras-sotogrande\/\" \/>\n<meta property=\"article:modified_time\" content=\"2019-12-16T13:23:33+00:00\" \/>\n<meta name=\"twitter:card\" content=\"summary_large_image\" \/>\n<script type=\"application\/ld+json\" class=\"yoast-schema-graph\">{\"@context\":\"https:\/\/schema.org\",\"@graph\":[{\"@type\":\"WebPage\",\"@id\":\"https:\/\/grupo-aligator.com\/es\/mosquiteras-sotogrande\/\",\"url\":\"https:\/\/grupo-aligator.com\/es\/mosquiteras-sotogrande\/\",\"name\":\"Mosquiteras de Neher \u00ae Mijas, Tarifa, Marbella, Torrox - Cristaleria Aligator\",\"isPartOf\":{\"@id\":\"https:\/\/grupo-aligator.com\/es\/#website\"},\"datePublished\":\"2014-06-25T13:12:47+00:00\",\"dateModified\":\"2019-12-16T13:23:33+00:00\",\"description\":\"Mosquiteras de Neher \u00ae Mijas, Tarifa, Malaga, Marbella, Torrox - Cristaleria Aligator tambi\u00e9n instala jard\u00edn de invierno, cortinas de vidrio en Sotogrande Costa del Sol\",\"breadcrumb\":{\"@id\":\"https:\/\/grupo-aligator.com\/es\/mosquiteras-sotogrande\/#breadcrumb\"},\"inLanguage\":\"es\",\"potentialAction\":[{\"@type\":\"ReadAction\",\"target\":[\"https:\/\/grupo-aligator.com\/es\/mosquiteras-sotogrande\/\"]}]},{\"@type\":\"BreadcrumbList\",\"@id\":\"https:\/\/grupo-aligator.com\/es\/mosquiteras-sotogrande\/#breadcrumb\",\"itemListElement\":[{\"@type\":\"ListItem\",\"position\":1,\"name\":\"Home\",\"item\":\"https:\/\/grupo-aligator.com\/es\/\"},{\"@type\":\"ListItem\",\"position\":2,\"name\":\"Mosquiteras de Neher \u00ae\"}]},{\"@type\":\"WebSite\",\"@id\":\"https:\/\/grupo-aligator.com\/es\/#website\",\"url\":\"https:\/\/grupo-aligator.com\/es\/\",\"name\":\"\",\"description\":\"\",\"publisher\":{\"@id\":\"https:\/\/grupo-aligator.com\/es\/#organization\"},\"potentialAction\":[{\"@type\":\"SearchAction\",\"target\":{\"@type\":\"EntryPoint\",\"urlTemplate\":\"https:\/\/grupo-aligator.com\/es\/?s={search_term_string}\"},\"query-input\":\"required name=search_term_string\"}],\"inLanguage\":\"es\"},{\"@type\":\"Organization\",\"@id\":\"https:\/\/grupo-aligator.com\/es\/#organization\",\"name\":\"Cristaleria Aligator S.L.\",\"url\":\"https:\/\/grupo-aligator.com\/es\/\",\"logo\":{\"@type\":\"ImageObject\",\"inLanguage\":\"es\",\"@id\":\"https:\/\/grupo-aligator.com\/es\/#\/schema\/logo\/image\/\",\"url\":\"http:\/\/grupo-aligator.com\/wp-content\/uploads\/2019\/11\/aligator-logo-de.png\",\"contentUrl\":\"http:\/\/grupo-aligator.com\/wp-content\/uploads\/2019\/11\/aligator-logo-de.png\",\"width\":150,\"height\":160,\"caption\":\"Cristaleria Aligator S.L.\"},\"image\":{\"@id\":\"https:\/\/grupo-aligator.com\/es\/#\/schema\/logo\/image\/\"}}]}<\/script>\n<!-- \/ Yoast SEO plugin. -->","yoast_head_json":{"title":"Mosquiteras de Neher \u00ae Mijas, Tarifa, Marbella, Torrox - Cristaleria Aligator","description":"Mosquiteras de Neher \u00ae Mijas, Tarifa, Malaga, Marbella, Torrox - Cristaleria Aligator tambi\u00e9n instala jard\u00edn de invierno, cortinas de vidrio en Sotogrande Costa del Sol","robots":{"index":"index","follow":"follow","max-snippet":"max-snippet:-1","max-image-preview":"max-image-preview:large","max-video-preview":"max-video-preview:-1"},"canonical":"https:\/\/grupo-aligator.com\/es\/mosquiteras-sotogrande\/","og_locale":"es_ES","og_type":"article","og_title":"Mosquiteras de Neher \u00ae Mijas, Tarifa, Marbella, Torrox - Cristaleria Aligator","og_description":"Mosquiteras de Neher \u00ae Mijas, Tarifa, Malaga, Marbella, Torrox - Cristaleria Aligator tambi\u00e9n instala jard\u00edn de invierno, cortinas de vidrio en Sotogrande Costa del Sol","og_url":"https:\/\/grupo-aligator.com\/es\/mosquiteras-sotogrande\/","article_modified_time":"2019-12-16T13:23:33+00:00","twitter_card":"summary_large_image","schema":{"@context":"https:\/\/schema.org","@graph":[{"@type":"WebPage","@id":"https:\/\/grupo-aligator.com\/es\/mosquiteras-sotogrande\/","url":"https:\/\/grupo-aligator.com\/es\/mosquiteras-sotogrande\/","name":"Mosquiteras de Neher \u00ae Mijas, Tarifa, Marbella, Torrox - Cristaleria Aligator","isPartOf":{"@id":"https:\/\/grupo-aligator.com\/es\/#website"},"datePublished":"2014-06-25T13:12:47+00:00","dateModified":"2019-12-16T13:23:33+00:00","description":"Mosquiteras de Neher \u00ae Mijas, Tarifa, Malaga, Marbella, Torrox - Cristaleria Aligator tambi\u00e9n instala jard\u00edn de invierno, cortinas de vidrio en Sotogrande Costa del Sol","breadcrumb":{"@id":"https:\/\/grupo-aligator.com\/es\/mosquiteras-sotogrande\/#breadcrumb"},"inLanguage":"es","potentialAction":[{"@type":"ReadAction","target":["https:\/\/grupo-aligator.com\/es\/mosquiteras-sotogrande\/"]}]},{"@type":"BreadcrumbList","@id":"https:\/\/grupo-aligator.com\/es\/mosquiteras-sotogrande\/#breadcrumb","itemListElement":[{"@type":"ListItem","position":1,"name":"Home","item":"https:\/\/grupo-aligator.com\/es\/"},{"@type":"ListItem","position":2,"name":"Mosquiteras de Neher \u00ae"}]},{"@type":"WebSite","@id":"https:\/\/grupo-aligator.com\/es\/#website","url":"https:\/\/grupo-aligator.com\/es\/","name":"","description":"","publisher":{"@id":"https:\/\/grupo-aligator.com\/es\/#organization"},"potentialAction":[{"@type":"SearchAction","target":{"@type":"EntryPoint","urlTemplate":"https:\/\/grupo-aligator.com\/es\/?s={search_term_string}"},"query-input":"required name=search_term_string"}],"inLanguage":"es"},{"@type":"Organization","@id":"https:\/\/grupo-aligator.com\/es\/#organization","name":"Cristaleria Aligator S.L.","url":"https:\/\/grupo-aligator.com\/es\/","logo":{"@type":"ImageObject","inLanguage":"es","@id":"https:\/\/grupo-aligator.com\/es\/#\/schema\/logo\/image\/","url":"http:\/\/grupo-aligator.com\/wp-content\/uploads\/2019\/11\/aligator-logo-de.png","contentUrl":"http:\/\/grupo-aligator.com\/wp-content\/uploads\/2019\/11\/aligator-logo-de.png","width":150,"height":160,"caption":"Cristaleria Aligator S.L."},"image":{"@id":"https:\/\/grupo-aligator.com\/es\/#\/schema\/logo\/image\/"}}]}},"_links":{"self":[{"href":"https:\/\/grupo-aligator.com\/es\/wp-json\/wp\/v2\/pages\/1440"}],"collection":[{"href":"https:\/\/grupo-aligator.com\/es\/wp-json\/wp\/v2\/pages"}],"about":[{"href":"https:\/\/grupo-aligator.com\/es\/wp-json\/wp\/v2\/types\/page"}],"author":[{"embeddable":true,"href":"https:\/\/grupo-aligator.com\/es\/wp-json\/wp\/v2\/users\/1"}],"replies":[{"embeddable":true,"href":"https:\/\/grupo-aligator.com\/es\/wp-json\/wp\/v2\/comments?post=1440"}],"version-history":[{"count":16,"href":"https:\/\/grupo-aligator.com\/es\/wp-json\/wp\/v2\/pages\/1440\/revisions"}],"predecessor-version":[{"id":7329,"href":"https:\/\/grupo-aligator.com\/es\/wp-json\/wp\/v2\/pages\/1440\/revisions\/7329"}],"wp:attachment":[{"href":"https:\/\/grupo-aligator.com\/es\/wp-json\/wp\/v2\/media?parent=1440"}],"curies":[{"name":"wp","href":"https:\/\/api.w.org\/{rel}","templated":true}]}}