{"id":1422,"date":"2014-06-25T12:49:50","date_gmt":"2014-06-25T12:49:50","guid":{"rendered":"http:\/\/aligator.cristaleria-aligator.com\/?page_id=1422"},"modified":"2019-12-13T01:46:30","modified_gmt":"2019-12-12T23:46:30","slug":"tableros-de-la-mesa","status":"publish","type":"page","link":"https:\/\/grupo-aligator.com\/es\/tableros-de-la-mesa\/","title":{"rendered":"Tableros de la mesa \/ Consolas"},"content":{"rendered":"<div id=\"aligator-logo-es\"><\/div>\n<div class=\"toldos-top-logo\"><\/div>\n<div id=\"toldos-aligator-description\">\n<p>Tableros de la mesa &#8211; Las placas de cristal se puede emplear universalmente y la arquitectura interior actual no podr\u00eda existir sin ellas.<\/p>\n<p>&nbsp;<\/p>\n<p>Nos complace aconsejarle referente al cristal adecuando, grosor del cristal, color del cristal y terminaci\u00f3n de los cantos. Creamos su mesa o consola individualmente, seg\u00fan sus medidas y necesidades.<\/p>\n<p>Para consolas disponemos de soportes de distintas superficies a su elecci\u00f3n.<\/p>\n<\/div>\n<div class=\"toldos-gallery\"><div class=\"DOPThumbnailGalleryContainer\" id=\"DOPThumbnailGallery100\">\n                                 <a href=\"https:\/\/grupo-aligator.com\/wp-content\/plugins\/_doptg\/frontend-ajax.php\" class=\"Settings\"><\/a>\n                                 <ul class=\"Content\" style=\"display:none;\"><li>\n                                                    <img class=\"Image\" src=\"https:\/\/grupo-aligator.com\/wp-content\/plugins\/_doptg\/uploads\/2MqMKDQHjswhwppTLDKQffDM8tNF8Ss2EznEMmERB3zTLFKBWqESKROZmnsSeLNah.JPG\" alt=\"\" title=\"\" \/>\n                                                    <img class=\"Thumb\" src=\"https:\/\/grupo-aligator.com\/wp-content\/plugins\/_doptg\/uploads\/thumbs\/2MqMKDQHjswhwppTLDKQffDM8tNF8Ss2EznEMmERB3zTLFKBWqESKROZmnsSeLNah.JPG\" alt=\"\" title=\"\" \/>\n                                                    <span class=\"CaptionTitle\"><\/span>\n                                                    <span class=\"CaptionText\"><\/span>\n                                                    <span class=\"Media\"><\/span>\n                                                    <span class=\"LightboxMedia\"><\/span>\n                                                 <\/li><li>\n                                                    <img class=\"Image\" src=\"https:\/\/grupo-aligator.com\/wp-content\/plugins\/_doptg\/uploads\/z2SMsCz4xsxxMt2ark6bYEDMa7kKQmfbdQjcSR7hrBR6H6aCYwfb1jRCDANhTwstc.JPG\" alt=\"\" title=\"\" \/>\n                                                    <img class=\"Thumb\" src=\"https:\/\/grupo-aligator.com\/wp-content\/plugins\/_doptg\/uploads\/thumbs\/z2SMsCz4xsxxMt2ark6bYEDMa7kKQmfbdQjcSR7hrBR6H6aCYwfb1jRCDANhTwstc.JPG\" alt=\"\" title=\"\" \/>\n                                                    <span class=\"CaptionTitle\"><\/span>\n                                                    <span class=\"CaptionText\"><\/span>\n                                                    <span class=\"Media\"><\/span>\n                                                    <span class=\"LightboxMedia\"><\/span>\n                                                 <\/li><li>\n                                                    <img class=\"Image\" src=\"https:\/\/grupo-aligator.com\/wp-content\/plugins\/_doptg\/uploads\/hRLsE1zzteg2t6YzaOSaePSN9AGMM3KnNj7cjL4hM5rnw5LcMQXxgwLTp2Kh9RbhH.JPG\" alt=\"\" title=\"\" \/>\n                                                    <img class=\"Thumb\" src=\"https:\/\/grupo-aligator.com\/wp-content\/plugins\/_doptg\/uploads\/thumbs\/hRLsE1zzteg2t6YzaOSaePSN9AGMM3KnNj7cjL4hM5rnw5LcMQXxgwLTp2Kh9RbhH.JPG\" alt=\"\" title=\"\" \/>\n                                                    <span class=\"CaptionTitle\"><\/span>\n                                                    <span class=\"CaptionText\"><\/span>\n                                                    <span class=\"Media\"><\/span>\n                                                    <span class=\"LightboxMedia\"><\/span>\n                                                 <\/li><li>\n                                                    <img class=\"Image\" src=\"https:\/\/grupo-aligator.com\/wp-content\/plugins\/_doptg\/uploads\/FKPXfPzMwnjjfEyAQDEaGpAc9aCwTKNbeyz9mg89mQNQyL9NHnGdTtLDBCj5OLSyP.JPG\" alt=\"\" title=\"\" \/>\n                                                    <img class=\"Thumb\" src=\"https:\/\/grupo-aligator.com\/wp-content\/plugins\/_doptg\/uploads\/thumbs\/FKPXfPzMwnjjfEyAQDEaGpAc9aCwTKNbeyz9mg89mQNQyL9NHnGdTtLDBCj5OLSyP.JPG\" alt=\"\" title=\"\" \/>\n                                                    <span class=\"CaptionTitle\"><\/span>\n                                                    <span class=\"CaptionText\"><\/span>\n                                                    <span class=\"Media\"><\/span>\n                                                    <span class=\"LightboxMedia\"><\/span>\n                                                 <\/li><li>\n                                                    <img class=\"Image\" src=\"https:\/\/grupo-aligator.com\/wp-content\/plugins\/_doptg\/uploads\/233BmQtjatt8KsgTCbZHh2CZBM3xKS5BcWN1yfpS7ThmmNGhtfXEaTk9qAaPnLq98.JPG\" alt=\"\" title=\"\" \/>\n                                                    <img class=\"Thumb\" src=\"https:\/\/grupo-aligator.com\/wp-content\/plugins\/_doptg\/uploads\/thumbs\/233BmQtjatt8KsgTCbZHh2CZBM3xKS5BcWN1yfpS7ThmmNGhtfXEaTk9qAaPnLq98.JPG\" alt=\"\" title=\"\" \/>\n                                                    <span class=\"CaptionTitle\"><\/span>\n                                                    <span class=\"CaptionText\"><\/span>\n                                                    <span class=\"Media\"><\/span>\n                                                    <span class=\"LightboxMedia\"><\/span>\n                                                 <\/li><li>\n                                                    <img class=\"Image\" src=\"https:\/\/grupo-aligator.com\/wp-content\/plugins\/_doptg\/uploads\/Q9e3zspZKcn2ccgWFmgs5aqgAP3RECf3NbzDcQpwXQRk1LXtmBrNDSwp6tSKTzqhg.JPG\" alt=\"\" title=\"\" \/>\n                                                    <img class=\"Thumb\" src=\"https:\/\/grupo-aligator.com\/wp-content\/plugins\/_doptg\/uploads\/thumbs\/Q9e3zspZKcn2ccgWFmgs5aqgAP3RECf3NbzDcQpwXQRk1LXtmBrNDSwp6tSKTzqhg.JPG\" alt=\"\" title=\"\" \/>\n                                                    <span class=\"CaptionTitle\"><\/span>\n                                                    <span class=\"CaptionText\"><\/span>\n                                                    <span class=\"Media\"><\/span>\n                                                    <span class=\"LightboxMedia\"><\/span>\n                                                 <\/li><li>\n                                                    <img class=\"Image\" src=\"https:\/\/grupo-aligator.com\/wp-content\/plugins\/_doptg\/uploads\/sLtxbMwPEyKxNb1BSaTjGFWCeShETSPbA2e6bKYFWYmtsQAWfjF5XAwy9sR7eRrWB.JPG\" alt=\"\" title=\"\" \/>\n                                                    <img class=\"Thumb\" src=\"https:\/\/grupo-aligator.com\/wp-content\/plugins\/_doptg\/uploads\/thumbs\/sLtxbMwPEyKxNb1BSaTjGFWCeShETSPbA2e6bKYFWYmtsQAWfjF5XAwy9sR7eRrWB.JPG\" alt=\"\" title=\"\" \/>\n                                                    <span class=\"CaptionTitle\"><\/span>\n                                                    <span class=\"CaptionText\"><\/span>\n                                                    <span class=\"Media\"><\/span>\n                                                    <span class=\"LightboxMedia\"><\/span>\n                                                 <\/li><li>\n                                                    <img class=\"Image\" src=\"https:\/\/grupo-aligator.com\/wp-content\/plugins\/_doptg\/uploads\/5qkQbbEm9fXQjr1O9TMqfarcH8eDKWxxeMrB47qPxsG2QrzT6tpdZ57HxCdM2mPYb.JPG\" alt=\"\" title=\"\" \/>\n                                                    <img class=\"Thumb\" src=\"https:\/\/grupo-aligator.com\/wp-content\/plugins\/_doptg\/uploads\/thumbs\/5qkQbbEm9fXQjr1O9TMqfarcH8eDKWxxeMrB47qPxsG2QrzT6tpdZ57HxCdM2mPYb.JPG\" alt=\"\" title=\"\" \/>\n                                                    <span class=\"CaptionTitle\"><\/span>\n                                                    <span class=\"CaptionText\"><\/span>\n                                                    <span class=\"Media\"><\/span>\n                                                    <span class=\"LightboxMedia\"><\/span>\n                                                 <\/li><li>\n                                                    <img class=\"Image\" src=\"https:\/\/grupo-aligator.com\/wp-content\/plugins\/_doptg\/uploads\/6FsQxqqdhDaSEx22a3p4BK9GaFY7NO7YfEjmgK3REPq7kBpa8kNdpfajhGA2qL2nx.JPG\" alt=\"\" title=\"\" \/>\n                                                    <img class=\"Thumb\" src=\"https:\/\/grupo-aligator.com\/wp-content\/plugins\/_doptg\/uploads\/thumbs\/6FsQxqqdhDaSEx22a3p4BK9GaFY7NO7YfEjmgK3REPq7kBpa8kNdpfajhGA2qL2nx.JPG\" alt=\"\" title=\"\" \/>\n                                                    <span class=\"CaptionTitle\"><\/span>\n                                                    <span class=\"CaptionText\"><\/span>\n                                                    <span class=\"Media\"><\/span>\n                                                    <span class=\"LightboxMedia\"><\/span>\n                                                 <\/li><li>\n                                                    <img class=\"Image\" src=\"https:\/\/grupo-aligator.com\/wp-content\/plugins\/_doptg\/uploads\/jshcmtmO2CBCFzFyeYmNqDEyyT7c3hBTZ76E3q2WcFOGFXKag1k7a8cFRkwPyYXa4.JPG\" alt=\"\" title=\"\" \/>\n                                                    <img class=\"Thumb\" src=\"https:\/\/grupo-aligator.com\/wp-content\/plugins\/_doptg\/uploads\/thumbs\/jshcmtmO2CBCFzFyeYmNqDEyyT7c3hBTZ76E3q2WcFOGFXKag1k7a8cFRkwPyYXa4.JPG\" alt=\"\" title=\"\" \/>\n                                                    <span class=\"CaptionTitle\"><\/span>\n                                                    <span class=\"CaptionText\"><\/span>\n                                                    <span class=\"Media\"><\/span>\n                                                    <span class=\"LightboxMedia\"><\/span>\n                                                 <\/li><li>\n                                                    <img class=\"Image\" src=\"https:\/\/grupo-aligator.com\/wp-content\/plugins\/_doptg\/uploads\/HyYzRfARkjDP99EPOkpYP6THmPBqrpfskFNH5kmeW39wYZycXtnXZqGrNxzZBcxbP.JPG\" alt=\"\" title=\"\" \/>\n                                                    <img class=\"Thumb\" src=\"https:\/\/grupo-aligator.com\/wp-content\/plugins\/_doptg\/uploads\/thumbs\/HyYzRfARkjDP99EPOkpYP6THmPBqrpfskFNH5kmeW39wYZycXtnXZqGrNxzZBcxbP.JPG\" alt=\"\" title=\"\" \/>\n                                                    <span class=\"CaptionTitle\"><\/span>\n                                                    <span class=\"CaptionText\"><\/span>\n                                                    <span class=\"Media\"><\/span>\n                                                    <span class=\"LightboxMedia\"><\/span>\n                                                 <\/li><li>\n                                                    <img class=\"Image\" src=\"https:\/\/grupo-aligator.com\/wp-content\/plugins\/_doptg\/uploads\/FsctdGRpGqOfNynBOA95zkaNf2jz1BD3O4TK1sx456fEPdHpzTfX3DmqEWs6jHsTe.JPG\" alt=\"\" title=\"\" \/>\n                                                    <img class=\"Thumb\" src=\"https:\/\/grupo-aligator.com\/wp-content\/plugins\/_doptg\/uploads\/thumbs\/FsctdGRpGqOfNynBOA95zkaNf2jz1BD3O4TK1sx456fEPdHpzTfX3DmqEWs6jHsTe.JPG\" alt=\"\" title=\"\" \/>\n                                                    <span class=\"CaptionTitle\"><\/span>\n                                                    <span class=\"CaptionText\"><\/span>\n                                                    <span class=\"Media\"><\/span>\n                                                    <span class=\"LightboxMedia\"><\/span>\n                                                 <\/li><li>\n                                                    <img class=\"Image\" src=\"https:\/\/grupo-aligator.com\/wp-content\/plugins\/_doptg\/uploads\/724Fx7TnmcsmqW2xE6cKg1YgkwdfgPZABBXrSatxj5N38L5EgWQOrwPfy3OQT733e.JPG\" alt=\"\" title=\"\" \/>\n                                                    <img class=\"Thumb\" src=\"https:\/\/grupo-aligator.com\/wp-content\/plugins\/_doptg\/uploads\/thumbs\/724Fx7TnmcsmqW2xE6cKg1YgkwdfgPZABBXrSatxj5N38L5EgWQOrwPfy3OQT733e.JPG\" alt=\"\" title=\"\" \/>\n                                                    <span class=\"CaptionTitle\"><\/span>\n                                                    <span class=\"CaptionText\"><\/span>\n                                                    <span class=\"Media\"><\/span>\n                                                    <span class=\"LightboxMedia\"><\/span>\n                                                 <\/li><li>\n                                                    <img class=\"Image\" src=\"https:\/\/grupo-aligator.com\/wp-content\/plugins\/_doptg\/uploads\/B7x5KsBQgcGgQmLdX8B5Eme8sz8Gq76C7s3G4b8Z9xLLMz4pS4xf2tc9nM9y8cwXS.JPG\" alt=\"\" title=\"\" \/>\n                                                    <img class=\"Thumb\" src=\"https:\/\/grupo-aligator.com\/wp-content\/plugins\/_doptg\/uploads\/thumbs\/B7x5KsBQgcGgQmLdX8B5Eme8sz8Gq76C7s3G4b8Z9xLLMz4pS4xf2tc9nM9y8cwXS.JPG\" alt=\"\" title=\"\" \/>\n                                                    <span class=\"CaptionTitle\"><\/span>\n                                                    <span class=\"CaptionText\"><\/span>\n                                                    <span class=\"Media\"><\/span>\n                                                    <span class=\"LightboxMedia\"><\/span>\n                                                 <\/li><li>\n                                                    <img class=\"Image\" src=\"https:\/\/grupo-aligator.com\/wp-content\/plugins\/_doptg\/uploads\/4z4pnMeK7R9Mq7Bb2KREjh6FaBryMbXnjw9Nk6mhEWT46dre2LpFrCPNkxkpggBXN.JPG\" alt=\"\" title=\"\" \/>\n                                                    <img class=\"Thumb\" src=\"https:\/\/grupo-aligator.com\/wp-content\/plugins\/_doptg\/uploads\/thumbs\/4z4pnMeK7R9Mq7Bb2KREjh6FaBryMbXnjw9Nk6mhEWT46dre2LpFrCPNkxkpggBXN.JPG\" alt=\"\" title=\"\" \/>\n                                                    <span class=\"CaptionTitle\"><\/span>\n                                                    <span class=\"CaptionText\"><\/span>\n                                                    <span class=\"Media\"><\/span>\n                                                    <span class=\"LightboxMedia\"><\/span>\n                                                 <\/li><\/ul>\n                             <\/div>\n                             <script type=\"text\/JavaScript\">\n                                 jQuery(document).ready(function(){\n                                     jQuery('#DOPThumbnailGallery100').DOPThumbnailGallery();\n                                 });\n                             <\/script><\/div>\n","protected":false},"excerpt":{"rendered":"<p>Tableros de la mesa &#8211; Las placas de cristal se puede emplear universalmente y la arquitectura interior actual no podr\u00eda existir sin ellas. &nbsp; Nos complace aconsejarle referente al cristal adecuando, grosor del cristal, color del cristal y terminaci\u00f3n de los cantos. Creamos su mesa o consola individualmente, seg\u00fan sus medidas y necesidades. Para consolas disponemos de soportes de distintas superficies a su elecci\u00f3n.<\/p>\n","protected":false},"author":1,"featured_media":0,"parent":0,"menu_order":0,"comment_status":"closed","ping_status":"closed","template":"content-page.php","meta":[],"yoast_head":"<!-- This site is optimized with the Yoast SEO plugin v19.11 - https:\/\/yoast.com\/wordpress\/plugins\/seo\/ -->\n<title>Tableros de la mesa \/ Consolas Mijas, Tarifa, Torrox - Cristaleria Aligator<\/title>\n<meta name=\"description\" content=\"Tableros de la mesa \/ Consolas Mijas Costa, Tarifa, Malaga, Marbella, Torrox - Cristaleria Aligator tambi\u00e9n instala jard\u00edn de invierno, cortinas de vidrio\" \/>\n<meta name=\"robots\" content=\"index, follow, max-snippet:-1, max-image-preview:large, max-video-preview:-1\" \/>\n<link rel=\"canonical\" href=\"https:\/\/grupo-aligator.com\/es\/tableros-de-la-mesa\/\" \/>\n<meta property=\"og:locale\" content=\"es_ES\" \/>\n<meta property=\"og:type\" content=\"article\" \/>\n<meta property=\"og:title\" content=\"Tableros de la mesa \/ Consolas Mijas, Tarifa, Torrox - Cristaleria Aligator\" \/>\n<meta property=\"og:description\" content=\"Tableros de la mesa \/ Consolas Mijas Costa, Tarifa, Malaga, Marbella, Torrox - Cristaleria Aligator tambi\u00e9n instala jard\u00edn de invierno, cortinas de vidrio\" \/>\n<meta property=\"og:url\" content=\"https:\/\/grupo-aligator.com\/es\/tableros-de-la-mesa\/\" \/>\n<meta property=\"article:modified_time\" content=\"2019-12-12T23:46:30+00:00\" \/>\n<meta name=\"twitter:card\" content=\"summary_large_image\" \/>\n<script type=\"application\/ld+json\" class=\"yoast-schema-graph\">{\"@context\":\"https:\/\/schema.org\",\"@graph\":[{\"@type\":\"WebPage\",\"@id\":\"https:\/\/grupo-aligator.com\/es\/tableros-de-la-mesa\/\",\"url\":\"https:\/\/grupo-aligator.com\/es\/tableros-de-la-mesa\/\",\"name\":\"Tableros de la mesa \/ Consolas Mijas, Tarifa, Torrox - Cristaleria Aligator\",\"isPartOf\":{\"@id\":\"https:\/\/grupo-aligator.com\/es\/#website\"},\"datePublished\":\"2014-06-25T12:49:50+00:00\",\"dateModified\":\"2019-12-12T23:46:30+00:00\",\"description\":\"Tableros de la mesa \/ Consolas Mijas Costa, Tarifa, Malaga, Marbella, Torrox - Cristaleria Aligator tambi\u00e9n instala jard\u00edn de invierno, cortinas de vidrio\",\"breadcrumb\":{\"@id\":\"https:\/\/grupo-aligator.com\/es\/tableros-de-la-mesa\/#breadcrumb\"},\"inLanguage\":\"es\",\"potentialAction\":[{\"@type\":\"ReadAction\",\"target\":[\"https:\/\/grupo-aligator.com\/es\/tableros-de-la-mesa\/\"]}]},{\"@type\":\"BreadcrumbList\",\"@id\":\"https:\/\/grupo-aligator.com\/es\/tableros-de-la-mesa\/#breadcrumb\",\"itemListElement\":[{\"@type\":\"ListItem\",\"position\":1,\"name\":\"Home\",\"item\":\"https:\/\/grupo-aligator.com\/es\/\"},{\"@type\":\"ListItem\",\"position\":2,\"name\":\"Tableros de la mesa \/ Consolas\"}]},{\"@type\":\"WebSite\",\"@id\":\"https:\/\/grupo-aligator.com\/es\/#website\",\"url\":\"https:\/\/grupo-aligator.com\/es\/\",\"name\":\"\",\"description\":\"\",\"publisher\":{\"@id\":\"https:\/\/grupo-aligator.com\/es\/#organization\"},\"potentialAction\":[{\"@type\":\"SearchAction\",\"target\":{\"@type\":\"EntryPoint\",\"urlTemplate\":\"https:\/\/grupo-aligator.com\/es\/?s={search_term_string}\"},\"query-input\":\"required name=search_term_string\"}],\"inLanguage\":\"es\"},{\"@type\":\"Organization\",\"@id\":\"https:\/\/grupo-aligator.com\/es\/#organization\",\"name\":\"Cristaleria Aligator S.L.\",\"url\":\"https:\/\/grupo-aligator.com\/es\/\",\"logo\":{\"@type\":\"ImageObject\",\"inLanguage\":\"es\",\"@id\":\"https:\/\/grupo-aligator.com\/es\/#\/schema\/logo\/image\/\",\"url\":\"http:\/\/grupo-aligator.com\/wp-content\/uploads\/2019\/11\/aligator-logo-de.png\",\"contentUrl\":\"http:\/\/grupo-aligator.com\/wp-content\/uploads\/2019\/11\/aligator-logo-de.png\",\"width\":150,\"height\":160,\"caption\":\"Cristaleria Aligator S.L.\"},\"image\":{\"@id\":\"https:\/\/grupo-aligator.com\/es\/#\/schema\/logo\/image\/\"}}]}<\/script>\n<!-- \/ Yoast SEO plugin. -->","yoast_head_json":{"title":"Tableros de la mesa \/ Consolas Mijas, Tarifa, Torrox - Cristaleria Aligator","description":"Tableros de la mesa \/ Consolas Mijas Costa, Tarifa, Malaga, Marbella, Torrox - Cristaleria Aligator tambi\u00e9n instala jard\u00edn de invierno, cortinas de vidrio","robots":{"index":"index","follow":"follow","max-snippet":"max-snippet:-1","max-image-preview":"max-image-preview:large","max-video-preview":"max-video-preview:-1"},"canonical":"https:\/\/grupo-aligator.com\/es\/tableros-de-la-mesa\/","og_locale":"es_ES","og_type":"article","og_title":"Tableros de la mesa \/ Consolas Mijas, Tarifa, Torrox - Cristaleria Aligator","og_description":"Tableros de la mesa \/ Consolas Mijas Costa, Tarifa, Malaga, Marbella, Torrox - Cristaleria Aligator tambi\u00e9n instala jard\u00edn de invierno, cortinas de vidrio","og_url":"https:\/\/grupo-aligator.com\/es\/tableros-de-la-mesa\/","article_modified_time":"2019-12-12T23:46:30+00:00","twitter_card":"summary_large_image","schema":{"@context":"https:\/\/schema.org","@graph":[{"@type":"WebPage","@id":"https:\/\/grupo-aligator.com\/es\/tableros-de-la-mesa\/","url":"https:\/\/grupo-aligator.com\/es\/tableros-de-la-mesa\/","name":"Tableros de la mesa \/ Consolas Mijas, Tarifa, Torrox - Cristaleria Aligator","isPartOf":{"@id":"https:\/\/grupo-aligator.com\/es\/#website"},"datePublished":"2014-06-25T12:49:50+00:00","dateModified":"2019-12-12T23:46:30+00:00","description":"Tableros de la mesa \/ Consolas Mijas Costa, Tarifa, Malaga, Marbella, Torrox - Cristaleria Aligator tambi\u00e9n instala jard\u00edn de invierno, cortinas de vidrio","breadcrumb":{"@id":"https:\/\/grupo-aligator.com\/es\/tableros-de-la-mesa\/#breadcrumb"},"inLanguage":"es","potentialAction":[{"@type":"ReadAction","target":["https:\/\/grupo-aligator.com\/es\/tableros-de-la-mesa\/"]}]},{"@type":"BreadcrumbList","@id":"https:\/\/grupo-aligator.com\/es\/tableros-de-la-mesa\/#breadcrumb","itemListElement":[{"@type":"ListItem","position":1,"name":"Home","item":"https:\/\/grupo-aligator.com\/es\/"},{"@type":"ListItem","position":2,"name":"Tableros de la mesa \/ Consolas"}]},{"@type":"WebSite","@id":"https:\/\/grupo-aligator.com\/es\/#website","url":"https:\/\/grupo-aligator.com\/es\/","name":"","description":"","publisher":{"@id":"https:\/\/grupo-aligator.com\/es\/#organization"},"potentialAction":[{"@type":"SearchAction","target":{"@type":"EntryPoint","urlTemplate":"https:\/\/grupo-aligator.com\/es\/?s={search_term_string}"},"query-input":"required name=search_term_string"}],"inLanguage":"es"},{"@type":"Organization","@id":"https:\/\/grupo-aligator.com\/es\/#organization","name":"Cristaleria Aligator S.L.","url":"https:\/\/grupo-aligator.com\/es\/","logo":{"@type":"ImageObject","inLanguage":"es","@id":"https:\/\/grupo-aligator.com\/es\/#\/schema\/logo\/image\/","url":"http:\/\/grupo-aligator.com\/wp-content\/uploads\/2019\/11\/aligator-logo-de.png","contentUrl":"http:\/\/grupo-aligator.com\/wp-content\/uploads\/2019\/11\/aligator-logo-de.png","width":150,"height":160,"caption":"Cristaleria Aligator S.L."},"image":{"@id":"https:\/\/grupo-aligator.com\/es\/#\/schema\/logo\/image\/"}}]}},"_links":{"self":[{"href":"https:\/\/grupo-aligator.com\/es\/wp-json\/wp\/v2\/pages\/1422"}],"collection":[{"href":"https:\/\/grupo-aligator.com\/es\/wp-json\/wp\/v2\/pages"}],"about":[{"href":"https:\/\/grupo-aligator.com\/es\/wp-json\/wp\/v2\/types\/page"}],"author":[{"embeddable":true,"href":"https:\/\/grupo-aligator.com\/es\/wp-json\/wp\/v2\/users\/1"}],"replies":[{"embeddable":true,"href":"https:\/\/grupo-aligator.com\/es\/wp-json\/wp\/v2\/comments?post=1422"}],"version-history":[{"count":6,"href":"https:\/\/grupo-aligator.com\/es\/wp-json\/wp\/v2\/pages\/1422\/revisions"}],"predecessor-version":[{"id":7250,"href":"https:\/\/grupo-aligator.com\/es\/wp-json\/wp\/v2\/pages\/1422\/revisions\/7250"}],"wp:attachment":[{"href":"https:\/\/grupo-aligator.com\/es\/wp-json\/wp\/v2\/media?parent=1422"}],"curies":[{"name":"wp","href":"https:\/\/api.w.org\/{rel}","templated":true}]}}