{"id":1409,"date":"2014-06-25T12:09:10","date_gmt":"2014-06-25T12:09:10","guid":{"rendered":"http:\/\/aligator.cristaleria-aligator.com\/?page_id=1409"},"modified":"2019-12-16T15:05:15","modified_gmt":"2019-12-16T13:05:15","slug":"mamparas-duchas-baneras","status":"publish","type":"page","link":"https:\/\/grupo-aligator.com\/es\/mamparas-duchas-baneras\/","title":{"rendered":"Mamparas duchas \/ ba\u00f1eras"},"content":{"rendered":"<div id=\"aligator-logo-es\"><\/div>\n<div class=\"toldos-top-logo\"><\/div>\n<div id=\"toldos-aligator-description\">\n<p>Elaboramos mamparas de duchas y ba\u00f1eras sin necesidad de marco mediante cristal de seguridad templado de 8mm.<\/p>\n<p>&nbsp;<\/p>\n<p>Con mamparas sin marcos y con sellado transparente la ducha no ocupa un punto central de su ba\u00f1o. Mamparas de duchas de dise\u00f1o son elaborados a medida y montadas profesionalmente para usted.<\/p>\n<p>&nbsp;<\/p>\n<p>Las medidas especiales tampoco resultar\u00e1n problem\u00e1ticos.<\/p>\n<\/div>\n<div id=\"toldos-columns\" style=\"margin: 20px 0 0 0;\">\n<div class=\"toldos-column\" style=\"width: 280px;\">\n<div class=\"toldos-column-logo-text\" style=\"color: #006600; font-size: 24px; font-weight: bold; padding: 4px 0 18px 0;\">Los Rotarios<\/div>\n<p>&nbsp;<\/p>\n<div class=\"toldos-column-image\" style=\"height: 325px; width: 280px;\"><a href=\"http:\/\/grupo-aligator.com\/es\/duchas-con-puertas-batientes\/\"><img decoding=\"async\" loading=\"lazy\" src=\"\/wp-content\/uploads\/2014\/06\/drehelemente.jpg\" alt=\"Los Rotarios\" width=\"280\" height=\"325\" \/><\/a><\/div>\n<\/div>\n<div class=\"toldos-column\" style=\"width: 280px;\">\n<div class=\"toldos-column-logo-text\" style=\"color: #006600; font-size: 24px; font-weight: bold; padding: 4px 0 18px 0;\">Elementos Deslizantes<\/div>\n<p>&nbsp;<\/p>\n<div class=\"toldos-column-image\" style=\"height: 325px; width: 280px;\"><a href=\"http:\/\/grupo-aligator.com\/es\/duchas-con-puertas-corredizas\/\"><img decoding=\"async\" loading=\"lazy\" src=\"\/wp-content\/uploads\/2014\/06\/schiebeelemente.jpg\" alt=\"Mamparas duchas \/ ba\u00f1eras\" width=\"280\" height=\"325\" \/><\/a><\/div>\n<\/div>\n<\/div>\n","protected":false},"excerpt":{"rendered":"<p>Elaboramos mamparas de duchas y ba\u00f1eras sin necesidad de marco mediante cristal de seguridad templado de 8mm. &nbsp; Con mamparas sin marcos y con sellado transparente la ducha no ocupa un punto central de su ba\u00f1o. Mamparas de duchas de dise\u00f1o son elaborados a medida y montadas profesionalmente para usted. &nbsp; Las medidas especiales tampoco resultar\u00e1n problem\u00e1ticos. Los Rotarios &nbsp; Elementos Deslizantes &nbsp;<\/p>\n","protected":false},"author":1,"featured_media":0,"parent":0,"menu_order":0,"comment_status":"closed","ping_status":"closed","template":"content-page.php","meta":[],"yoast_head":"<!-- This site is optimized with the Yoast SEO plugin v19.11 - https:\/\/yoast.com\/wordpress\/plugins\/seo\/ -->\n<title>Mamparas duchas \/ ba\u00f1eras Mijas, Marbella, Torrox - Cristaleria Aligator<\/title>\n<meta name=\"description\" content=\"Mamparas duchas \/ ba\u00f1eras Mijas, Tarifa, Malaga, Marbella, Torrox - Cristaleria Aligator tambi\u00e9n instala jard\u00edn de invierno, cortinas de vidrio en Sotogrande Costa del Sol\" \/>\n<meta name=\"robots\" content=\"index, follow, max-snippet:-1, max-image-preview:large, max-video-preview:-1\" \/>\n<link rel=\"canonical\" href=\"https:\/\/grupo-aligator.com\/es\/mamparas-duchas-baneras\/\" \/>\n<meta property=\"og:locale\" content=\"es_ES\" \/>\n<meta property=\"og:type\" content=\"article\" \/>\n<meta property=\"og:title\" content=\"Mamparas duchas \/ ba\u00f1eras Mijas, Marbella, Torrox - Cristaleria Aligator\" \/>\n<meta property=\"og:description\" content=\"Mamparas duchas \/ ba\u00f1eras Mijas, Tarifa, Malaga, Marbella, Torrox - Cristaleria Aligator tambi\u00e9n instala jard\u00edn de invierno, cortinas de vidrio en Sotogrande Costa del Sol\" \/>\n<meta property=\"og:url\" content=\"https:\/\/grupo-aligator.com\/es\/mamparas-duchas-baneras\/\" \/>\n<meta property=\"article:modified_time\" content=\"2019-12-16T13:05:15+00:00\" \/>\n<meta name=\"twitter:card\" content=\"summary_large_image\" \/>\n<script type=\"application\/ld+json\" class=\"yoast-schema-graph\">{\"@context\":\"https:\/\/schema.org\",\"@graph\":[{\"@type\":\"WebPage\",\"@id\":\"https:\/\/grupo-aligator.com\/es\/mamparas-duchas-baneras\/\",\"url\":\"https:\/\/grupo-aligator.com\/es\/mamparas-duchas-baneras\/\",\"name\":\"Mamparas duchas \/ ba\u00f1eras Mijas, Marbella, Torrox - Cristaleria Aligator\",\"isPartOf\":{\"@id\":\"https:\/\/grupo-aligator.com\/es\/#website\"},\"datePublished\":\"2014-06-25T12:09:10+00:00\",\"dateModified\":\"2019-12-16T13:05:15+00:00\",\"description\":\"Mamparas duchas \/ ba\u00f1eras Mijas, Tarifa, Malaga, Marbella, Torrox - Cristaleria Aligator tambi\u00e9n instala jard\u00edn de invierno, cortinas de vidrio en Sotogrande Costa del Sol\",\"breadcrumb\":{\"@id\":\"https:\/\/grupo-aligator.com\/es\/mamparas-duchas-baneras\/#breadcrumb\"},\"inLanguage\":\"es\",\"potentialAction\":[{\"@type\":\"ReadAction\",\"target\":[\"https:\/\/grupo-aligator.com\/es\/mamparas-duchas-baneras\/\"]}]},{\"@type\":\"BreadcrumbList\",\"@id\":\"https:\/\/grupo-aligator.com\/es\/mamparas-duchas-baneras\/#breadcrumb\",\"itemListElement\":[{\"@type\":\"ListItem\",\"position\":1,\"name\":\"Home\",\"item\":\"https:\/\/grupo-aligator.com\/es\/\"},{\"@type\":\"ListItem\",\"position\":2,\"name\":\"Mamparas duchas \/ ba\u00f1eras\"}]},{\"@type\":\"WebSite\",\"@id\":\"https:\/\/grupo-aligator.com\/es\/#website\",\"url\":\"https:\/\/grupo-aligator.com\/es\/\",\"name\":\"\",\"description\":\"\",\"publisher\":{\"@id\":\"https:\/\/grupo-aligator.com\/es\/#organization\"},\"potentialAction\":[{\"@type\":\"SearchAction\",\"target\":{\"@type\":\"EntryPoint\",\"urlTemplate\":\"https:\/\/grupo-aligator.com\/es\/?s={search_term_string}\"},\"query-input\":\"required name=search_term_string\"}],\"inLanguage\":\"es\"},{\"@type\":\"Organization\",\"@id\":\"https:\/\/grupo-aligator.com\/es\/#organization\",\"name\":\"Cristaleria Aligator S.L.\",\"url\":\"https:\/\/grupo-aligator.com\/es\/\",\"logo\":{\"@type\":\"ImageObject\",\"inLanguage\":\"es\",\"@id\":\"https:\/\/grupo-aligator.com\/es\/#\/schema\/logo\/image\/\",\"url\":\"http:\/\/grupo-aligator.com\/wp-content\/uploads\/2019\/11\/aligator-logo-de.png\",\"contentUrl\":\"http:\/\/grupo-aligator.com\/wp-content\/uploads\/2019\/11\/aligator-logo-de.png\",\"width\":150,\"height\":160,\"caption\":\"Cristaleria Aligator S.L.\"},\"image\":{\"@id\":\"https:\/\/grupo-aligator.com\/es\/#\/schema\/logo\/image\/\"}}]}<\/script>\n<!-- \/ Yoast SEO plugin. -->","yoast_head_json":{"title":"Mamparas duchas \/ ba\u00f1eras Mijas, Marbella, Torrox - Cristaleria Aligator","description":"Mamparas duchas \/ ba\u00f1eras Mijas, Tarifa, Malaga, Marbella, Torrox - Cristaleria Aligator tambi\u00e9n instala jard\u00edn de invierno, cortinas de vidrio en Sotogrande Costa del Sol","robots":{"index":"index","follow":"follow","max-snippet":"max-snippet:-1","max-image-preview":"max-image-preview:large","max-video-preview":"max-video-preview:-1"},"canonical":"https:\/\/grupo-aligator.com\/es\/mamparas-duchas-baneras\/","og_locale":"es_ES","og_type":"article","og_title":"Mamparas duchas \/ ba\u00f1eras Mijas, Marbella, Torrox - Cristaleria Aligator","og_description":"Mamparas duchas \/ ba\u00f1eras Mijas, Tarifa, Malaga, Marbella, Torrox - Cristaleria Aligator tambi\u00e9n instala jard\u00edn de invierno, cortinas de vidrio en Sotogrande Costa del Sol","og_url":"https:\/\/grupo-aligator.com\/es\/mamparas-duchas-baneras\/","article_modified_time":"2019-12-16T13:05:15+00:00","twitter_card":"summary_large_image","schema":{"@context":"https:\/\/schema.org","@graph":[{"@type":"WebPage","@id":"https:\/\/grupo-aligator.com\/es\/mamparas-duchas-baneras\/","url":"https:\/\/grupo-aligator.com\/es\/mamparas-duchas-baneras\/","name":"Mamparas duchas \/ ba\u00f1eras Mijas, Marbella, Torrox - Cristaleria Aligator","isPartOf":{"@id":"https:\/\/grupo-aligator.com\/es\/#website"},"datePublished":"2014-06-25T12:09:10+00:00","dateModified":"2019-12-16T13:05:15+00:00","description":"Mamparas duchas \/ ba\u00f1eras Mijas, Tarifa, Malaga, Marbella, Torrox - Cristaleria Aligator tambi\u00e9n instala jard\u00edn de invierno, cortinas de vidrio en Sotogrande Costa del Sol","breadcrumb":{"@id":"https:\/\/grupo-aligator.com\/es\/mamparas-duchas-baneras\/#breadcrumb"},"inLanguage":"es","potentialAction":[{"@type":"ReadAction","target":["https:\/\/grupo-aligator.com\/es\/mamparas-duchas-baneras\/"]}]},{"@type":"BreadcrumbList","@id":"https:\/\/grupo-aligator.com\/es\/mamparas-duchas-baneras\/#breadcrumb","itemListElement":[{"@type":"ListItem","position":1,"name":"Home","item":"https:\/\/grupo-aligator.com\/es\/"},{"@type":"ListItem","position":2,"name":"Mamparas duchas \/ ba\u00f1eras"}]},{"@type":"WebSite","@id":"https:\/\/grupo-aligator.com\/es\/#website","url":"https:\/\/grupo-aligator.com\/es\/","name":"","description":"","publisher":{"@id":"https:\/\/grupo-aligator.com\/es\/#organization"},"potentialAction":[{"@type":"SearchAction","target":{"@type":"EntryPoint","urlTemplate":"https:\/\/grupo-aligator.com\/es\/?s={search_term_string}"},"query-input":"required name=search_term_string"}],"inLanguage":"es"},{"@type":"Organization","@id":"https:\/\/grupo-aligator.com\/es\/#organization","name":"Cristaleria Aligator S.L.","url":"https:\/\/grupo-aligator.com\/es\/","logo":{"@type":"ImageObject","inLanguage":"es","@id":"https:\/\/grupo-aligator.com\/es\/#\/schema\/logo\/image\/","url":"http:\/\/grupo-aligator.com\/wp-content\/uploads\/2019\/11\/aligator-logo-de.png","contentUrl":"http:\/\/grupo-aligator.com\/wp-content\/uploads\/2019\/11\/aligator-logo-de.png","width":150,"height":160,"caption":"Cristaleria Aligator S.L."},"image":{"@id":"https:\/\/grupo-aligator.com\/es\/#\/schema\/logo\/image\/"}}]}},"_links":{"self":[{"href":"https:\/\/grupo-aligator.com\/es\/wp-json\/wp\/v2\/pages\/1409"}],"collection":[{"href":"https:\/\/grupo-aligator.com\/es\/wp-json\/wp\/v2\/pages"}],"about":[{"href":"https:\/\/grupo-aligator.com\/es\/wp-json\/wp\/v2\/types\/page"}],"author":[{"embeddable":true,"href":"https:\/\/grupo-aligator.com\/es\/wp-json\/wp\/v2\/users\/1"}],"replies":[{"embeddable":true,"href":"https:\/\/grupo-aligator.com\/es\/wp-json\/wp\/v2\/comments?post=1409"}],"version-history":[{"count":14,"href":"https:\/\/grupo-aligator.com\/es\/wp-json\/wp\/v2\/pages\/1409\/revisions"}],"predecessor-version":[{"id":7323,"href":"https:\/\/grupo-aligator.com\/es\/wp-json\/wp\/v2\/pages\/1409\/revisions\/7323"}],"wp:attachment":[{"href":"https:\/\/grupo-aligator.com\/es\/wp-json\/wp\/v2\/media?parent=1409"}],"curies":[{"name":"wp","href":"https:\/\/api.w.org\/{rel}","templated":true}]}}