{"id":140,"date":"2013-09-09T14:50:17","date_gmt":"2013-09-09T14:50:17","guid":{"rendered":"http:\/\/aligator.cristaleria-aligator.com\/?page_id=140"},"modified":"2019-12-18T14:55:45","modified_gmt":"2019-12-18T12:55:45","slug":"toldos-marbella","status":"publish","type":"page","link":"https:\/\/grupo-aligator.com\/es\/toldos-marbella\/","title":{"rendered":"Toldos"},"content":{"rendered":"<div id=\"aligator-logo-es\"><\/div>\n<div class=\"toldos-top-logo\"><\/div>\n<div id=\"toldos-aligator-description\">\n<p><span class=\"tlid-translation translation\" lang=\"es\"><span class=\"\" title=\"\">Los toldos son una protecci\u00f3n solar ideal, instalamos su toldo deseado de varias maneras, toldos Marbella le ofrece la protecci\u00f3n solar individual perfecta.<\/span><\/span><\/p>\n<p>&nbsp;<\/p>\n<p>Dado que en la Costa del Sol contamos con m\u00e1s de 300 d\u00edas de sol, siempre se necesitan los productos perfectos con el fin de tener suficiente sombra.<\/p>\n<p>&nbsp;<\/p>\n<p>A continuaci\u00f3n presentamos nuestra gama de productos para encontrar la protecci\u00f3n adecuada para su situaci\u00f3n!<\/p>\n<\/div>\n<div id=\"toldos-menu-content\">\n<div id=\"toldos-menu-line-1\">\n<div class=\"toldos-menu\"><a id=\"toldos-markisen-menu-item-1\" class=\"double-line\" href=\"http:\/\/grupo-aligator.com\/es\/toldos-con-brazo-plegable\/\">Toldos con brazo plegable<\/a><\/div>\n<div class=\"toldos-menu\"><a id=\"toldos-markisen-menu-item-2\" href=\"http:\/\/grupo-aligator.com\/es\/toldos-laterales-marbella\/\">Toldos laterales<\/a><\/div>\n<\/div>\n<div id=\"toldos-menu-line-2\">\n<div class=\"toldos-menu\"><a id=\"toldos-markisen-menu-item-3\" href=\"http:\/\/grupo-aligator.com\/es\/persianas-verticales-mijas\/\">Persianas verticales<\/a><\/div>\n<div class=\"toldos-menu\"><a id=\"toldos-markisen-menu-item-4\" href=\"http:\/\/grupo-aligator.com\/es\/toldos-con-brazos-mijas\/\">Toldos con brazos<\/a><\/div>\n<\/div>\n<div id=\"toldos-menu-line-3\">\n<div class=\"toldos-menu\"><a id=\"toldos-markisen-menu-item-5\" class=\"double-line\" style=\"font-size: 13px; margin: 4px 0 0 0;\" href=\"http:\/\/grupo-aligator.com\/es\/toldos-warema-marbella\/\">Sistemas de toldo para espacios abiertos<\/a><\/div>\n<\/div>\n<div id=\"toldos-menu-line-4\">\n<div class=\"toldos-menu\"><a id=\"toldos-markisen-menu-item-6\" href=\"http:\/\/grupo-aligator.com\/es\/toldos-para-techos\/\">Toldos para tejados<\/a><\/div>\n<\/div>\n<\/div>\n<div class=\"toldos-menu-images\">\n<p><img decoding=\"async\" id=\"toldos-markisen-menu-item-1-img\" src=\"\/wp-content\/uploads\/2013\/09\/markisen-cat.jpg\" \/><\/p>\n<p><img decoding=\"async\" id=\"toldos-markisen-menu-item-2-img\" src=\"\/wp-content\/uploads\/2013\/09\/seiten-markisen-cat.jpg\" \/><\/p>\n<p><img decoding=\"async\" id=\"toldos-markisen-menu-item-3-img\" src=\"\/wp-content\/uploads\/2013\/09\/vertikal-markisen-cat.jpg\" \/><\/p>\n<p><img decoding=\"async\" id=\"toldos-markisen-menu-item-4-img\" src=\"\/wp-content\/uploads\/2013\/09\/fallarm-markisen-cat.jpg\" \/><\/p>\n<p><img decoding=\"async\" id=\"toldos-markisen-menu-item-5-img\" src=\"\/wp-content\/uploads\/2013\/09\/markisensysteme-fur-freiraume.jpg\" \/><\/p>\n<p><img decoding=\"async\" id=\"toldos-markisen-menu-item-6-img\" src=\"\/wp-content\/uploads\/2013\/10\/dach-markisen-markilux-model-780.jpg\" \/><\/p>\n<p><img decoding=\"async\" id=\"toldos-markisen-menu-item-7-img\" src=\"\/wp-content\/uploads\/2013\/10\/dreiecks-markisen-model-893.jpg\" \/><\/p>\n<p><img decoding=\"async\" id=\"toldos-markisen-menu-item-8-img\" src=\"\/wp-content\/uploads\/2013\/09\/markisen-cat.jpg\" alt=\"\" \/><\/p>\n<\/div>\n<p><script type=\"text\/javascript\">\n$(function() {\n    $('#toldos-markisen-menu-item-1').hover(function() { \n        $('#toldos-markisen-menu-item-1-img').show(); \n    }, function() { \n        $('#toldos-markisen-menu-item-1-img').hide(); \n    });\n    $('#toldos-markisen-menu-item-2').hover(function() { \n        $('#toldos-markisen-menu-item-2-img').show(); \n    }, function() { \n        $('#toldos-markisen-menu-item-2-img').hide(); \n    });\n    $('#toldos-markisen-menu-item-3').hover(function() { \n        $('#toldos-markisen-menu-item-3-img').show(); \n    }, function() { \n        $('#toldos-markisen-menu-item-3-img').hide(); \n    });\n    $('#toldos-markisen-menu-item-4').hover(function() { \n        $('#toldos-markisen-menu-item-4-img').show(); \n    }, function() { \n        $('#toldos-markisen-menu-item-4-img').hide(); \n    });\n    $('#toldos-markisen-menu-item-5').hover(function() { \n        $('#toldos-markisen-menu-item-5-img').show(); \n    }, function() { \n        $('#toldos-markisen-menu-item-5-img').hide(); \n    });\n    $('#toldos-markisen-menu-item-6').hover(function() { \n        $('#toldos-markisen-menu-item-6-img').show(); \n    }, function() { \n        $('#toldos-markisen-menu-item-6-img').hide(); \n    });\n    $('#toldos-markisen-menu-item-7').hover(function() { \n        $('#toldos-markisen-menu-item-7-img').show(); \n    }, function() { \n        $('#toldos-markisen-menu-item-7-img').hide(); \n    });\n    $('#toldos-markisen-menu-item-8').hover(function() { \n        $('#toldos-markisen-menu-item-8-img').show(); \n    }, function() { \n        $('#toldos-markisen-menu-item-8-img').hide(); \n    });\n});\n<\/script><\/p>\n","protected":false},"excerpt":{"rendered":"<p>Los toldos son una protecci\u00f3n solar ideal, instalamos su toldo deseado de varias maneras, toldos Marbella le ofrece la protecci\u00f3n solar individual perfecta. &nbsp; Dado que en la Costa del Sol contamos con m\u00e1s de 300 d\u00edas de sol, siempre se necesitan los productos perfectos con el fin de tener suficiente sombra. &nbsp; A continuaci\u00f3n presentamos nuestra gama de productos para encontrar la protecci\u00f3n adecuada para su situaci\u00f3n! Toldos<span class=\"ellipsis\">&hellip;<\/span><\/p>\n<div class=\"read-more\"><a href=\"https:\/\/grupo-aligator.com\/es\/toldos-marbella\/\">Read More&#8230;<\/a><\/div>\n<p><!-- end of .read-more --><\/p>\n","protected":false},"author":1,"featured_media":0,"parent":0,"menu_order":0,"comment_status":"closed","ping_status":"closed","template":"category-page.php","meta":[],"yoast_head":"<!-- This site is optimized with the Yoast SEO plugin v19.11 - https:\/\/yoast.com\/wordpress\/plugins\/seo\/ -->\n<title>Toldos Marbella protecci\u00f3n solar Costa del Sol Mijas Toldos Alligator<\/title>\n<meta name=\"description\" content=\"Toldos Marbella protecci\u00f3n solar Costa del Sol Mijas Toldos Alligator. Toldos Mijas ofrece el perfecto toldo individual de protecci\u00f3n solar Fuengirola Mijas\" \/>\n<meta name=\"robots\" content=\"index, follow, max-snippet:-1, max-image-preview:large, max-video-preview:-1\" \/>\n<link rel=\"canonical\" href=\"https:\/\/grupo-aligator.com\/es\/toldos-marbella\/\" \/>\n<meta property=\"og:locale\" content=\"es_ES\" \/>\n<meta property=\"og:type\" content=\"article\" \/>\n<meta property=\"og:title\" content=\"Toldos Marbella protecci\u00f3n solar Costa del Sol Mijas Toldos Alligator\" \/>\n<meta property=\"og:description\" content=\"Toldos Marbella protecci\u00f3n solar Costa del Sol Mijas Toldos Alligator. Toldos Mijas ofrece el perfecto toldo individual de protecci\u00f3n solar Fuengirola Mijas\" \/>\n<meta property=\"og:url\" content=\"https:\/\/grupo-aligator.com\/es\/toldos-marbella\/\" \/>\n<meta property=\"article:modified_time\" content=\"2019-12-18T12:55:45+00:00\" \/>\n<meta name=\"twitter:card\" content=\"summary_large_image\" \/>\n<script type=\"application\/ld+json\" class=\"yoast-schema-graph\">{\"@context\":\"https:\/\/schema.org\",\"@graph\":[{\"@type\":\"WebPage\",\"@id\":\"https:\/\/grupo-aligator.com\/es\/toldos-marbella\/\",\"url\":\"https:\/\/grupo-aligator.com\/es\/toldos-marbella\/\",\"name\":\"Toldos Marbella protecci\u00f3n solar Costa del Sol Mijas Toldos Alligator\",\"isPartOf\":{\"@id\":\"https:\/\/grupo-aligator.com\/es\/#website\"},\"datePublished\":\"2013-09-09T14:50:17+00:00\",\"dateModified\":\"2019-12-18T12:55:45+00:00\",\"description\":\"Toldos Marbella protecci\u00f3n solar Costa del Sol Mijas Toldos Alligator. Toldos Mijas ofrece el perfecto toldo individual de protecci\u00f3n solar Fuengirola Mijas\",\"breadcrumb\":{\"@id\":\"https:\/\/grupo-aligator.com\/es\/toldos-marbella\/#breadcrumb\"},\"inLanguage\":\"es\",\"potentialAction\":[{\"@type\":\"ReadAction\",\"target\":[\"https:\/\/grupo-aligator.com\/es\/toldos-marbella\/\"]}]},{\"@type\":\"BreadcrumbList\",\"@id\":\"https:\/\/grupo-aligator.com\/es\/toldos-marbella\/#breadcrumb\",\"itemListElement\":[{\"@type\":\"ListItem\",\"position\":1,\"name\":\"Home\",\"item\":\"https:\/\/grupo-aligator.com\/es\/\"},{\"@type\":\"ListItem\",\"position\":2,\"name\":\"Toldos\"}]},{\"@type\":\"WebSite\",\"@id\":\"https:\/\/grupo-aligator.com\/es\/#website\",\"url\":\"https:\/\/grupo-aligator.com\/es\/\",\"name\":\"\",\"description\":\"\",\"publisher\":{\"@id\":\"https:\/\/grupo-aligator.com\/es\/#organization\"},\"potentialAction\":[{\"@type\":\"SearchAction\",\"target\":{\"@type\":\"EntryPoint\",\"urlTemplate\":\"https:\/\/grupo-aligator.com\/es\/?s={search_term_string}\"},\"query-input\":\"required name=search_term_string\"}],\"inLanguage\":\"es\"},{\"@type\":\"Organization\",\"@id\":\"https:\/\/grupo-aligator.com\/es\/#organization\",\"name\":\"Cristaleria Aligator S.L.\",\"url\":\"https:\/\/grupo-aligator.com\/es\/\",\"logo\":{\"@type\":\"ImageObject\",\"inLanguage\":\"es\",\"@id\":\"https:\/\/grupo-aligator.com\/es\/#\/schema\/logo\/image\/\",\"url\":\"http:\/\/grupo-aligator.com\/wp-content\/uploads\/2019\/11\/aligator-logo-de.png\",\"contentUrl\":\"http:\/\/grupo-aligator.com\/wp-content\/uploads\/2019\/11\/aligator-logo-de.png\",\"width\":150,\"height\":160,\"caption\":\"Cristaleria Aligator S.L.\"},\"image\":{\"@id\":\"https:\/\/grupo-aligator.com\/es\/#\/schema\/logo\/image\/\"}}]}<\/script>\n<!-- \/ Yoast SEO plugin. -->","yoast_head_json":{"title":"Toldos Marbella protecci\u00f3n solar Costa del Sol Mijas Toldos Alligator","description":"Toldos Marbella protecci\u00f3n solar Costa del Sol Mijas Toldos Alligator. Toldos Mijas ofrece el perfecto toldo individual de protecci\u00f3n solar Fuengirola Mijas","robots":{"index":"index","follow":"follow","max-snippet":"max-snippet:-1","max-image-preview":"max-image-preview:large","max-video-preview":"max-video-preview:-1"},"canonical":"https:\/\/grupo-aligator.com\/es\/toldos-marbella\/","og_locale":"es_ES","og_type":"article","og_title":"Toldos Marbella protecci\u00f3n solar Costa del Sol Mijas Toldos Alligator","og_description":"Toldos Marbella protecci\u00f3n solar Costa del Sol Mijas Toldos Alligator. Toldos Mijas ofrece el perfecto toldo individual de protecci\u00f3n solar Fuengirola Mijas","og_url":"https:\/\/grupo-aligator.com\/es\/toldos-marbella\/","article_modified_time":"2019-12-18T12:55:45+00:00","twitter_card":"summary_large_image","schema":{"@context":"https:\/\/schema.org","@graph":[{"@type":"WebPage","@id":"https:\/\/grupo-aligator.com\/es\/toldos-marbella\/","url":"https:\/\/grupo-aligator.com\/es\/toldos-marbella\/","name":"Toldos Marbella protecci\u00f3n solar Costa del Sol Mijas Toldos Alligator","isPartOf":{"@id":"https:\/\/grupo-aligator.com\/es\/#website"},"datePublished":"2013-09-09T14:50:17+00:00","dateModified":"2019-12-18T12:55:45+00:00","description":"Toldos Marbella protecci\u00f3n solar Costa del Sol Mijas Toldos Alligator. Toldos Mijas ofrece el perfecto toldo individual de protecci\u00f3n solar Fuengirola Mijas","breadcrumb":{"@id":"https:\/\/grupo-aligator.com\/es\/toldos-marbella\/#breadcrumb"},"inLanguage":"es","potentialAction":[{"@type":"ReadAction","target":["https:\/\/grupo-aligator.com\/es\/toldos-marbella\/"]}]},{"@type":"BreadcrumbList","@id":"https:\/\/grupo-aligator.com\/es\/toldos-marbella\/#breadcrumb","itemListElement":[{"@type":"ListItem","position":1,"name":"Home","item":"https:\/\/grupo-aligator.com\/es\/"},{"@type":"ListItem","position":2,"name":"Toldos"}]},{"@type":"WebSite","@id":"https:\/\/grupo-aligator.com\/es\/#website","url":"https:\/\/grupo-aligator.com\/es\/","name":"","description":"","publisher":{"@id":"https:\/\/grupo-aligator.com\/es\/#organization"},"potentialAction":[{"@type":"SearchAction","target":{"@type":"EntryPoint","urlTemplate":"https:\/\/grupo-aligator.com\/es\/?s={search_term_string}"},"query-input":"required name=search_term_string"}],"inLanguage":"es"},{"@type":"Organization","@id":"https:\/\/grupo-aligator.com\/es\/#organization","name":"Cristaleria Aligator S.L.","url":"https:\/\/grupo-aligator.com\/es\/","logo":{"@type":"ImageObject","inLanguage":"es","@id":"https:\/\/grupo-aligator.com\/es\/#\/schema\/logo\/image\/","url":"http:\/\/grupo-aligator.com\/wp-content\/uploads\/2019\/11\/aligator-logo-de.png","contentUrl":"http:\/\/grupo-aligator.com\/wp-content\/uploads\/2019\/11\/aligator-logo-de.png","width":150,"height":160,"caption":"Cristaleria Aligator S.L."},"image":{"@id":"https:\/\/grupo-aligator.com\/es\/#\/schema\/logo\/image\/"}}]}},"_links":{"self":[{"href":"https:\/\/grupo-aligator.com\/es\/wp-json\/wp\/v2\/pages\/140"}],"collection":[{"href":"https:\/\/grupo-aligator.com\/es\/wp-json\/wp\/v2\/pages"}],"about":[{"href":"https:\/\/grupo-aligator.com\/es\/wp-json\/wp\/v2\/types\/page"}],"author":[{"embeddable":true,"href":"https:\/\/grupo-aligator.com\/es\/wp-json\/wp\/v2\/users\/1"}],"replies":[{"embeddable":true,"href":"https:\/\/grupo-aligator.com\/es\/wp-json\/wp\/v2\/comments?post=140"}],"version-history":[{"count":24,"href":"https:\/\/grupo-aligator.com\/es\/wp-json\/wp\/v2\/pages\/140\/revisions"}],"predecessor-version":[{"id":7358,"href":"https:\/\/grupo-aligator.com\/es\/wp-json\/wp\/v2\/pages\/140\/revisions\/7358"}],"wp:attachment":[{"href":"https:\/\/grupo-aligator.com\/es\/wp-json\/wp\/v2\/media?parent=140"}],"curies":[{"name":"wp","href":"https:\/\/api.w.org\/{rel}","templated":true}]}}