{"id":1366,"date":"2014-06-23T12:59:53","date_gmt":"2014-06-23T12:59:53","guid":{"rendered":"http:\/\/aligator.cristaleria-aligator.com\/?page_id=1366"},"modified":"2019-12-12T23:11:53","modified_gmt":"2019-12-12T21:11:53","slug":"recubrimiento-de-cristal","status":"publish","type":"page","link":"https:\/\/grupo-aligator.com\/es\/recubrimiento-de-cristal\/","title":{"rendered":"Recubrimiento de cristal"},"content":{"rendered":"<div id=\"aligator-logo-es\"><\/div>\n<div class=\"toldos-top-logo\"><\/div>\n<div id=\"toldos-aligator-description\">\n<p>Recubrimiento de cristal &#8211; Easy-to-clean (facil de limpi\u00e1r) para superficies de cristal.<\/p>\n<p>&nbsp;<\/p>\n<p>Superficies de cristal sufren despu\u00e9s de poco tiempo los primeros indicios de poco desgastamiento. En exteriores las sustancias contaminantes del medio ambiente crean conjuntamente con la superficie de cristal una uni\u00f3n qu\u00edmica. De \u00e9sta uni\u00f3n resulta una p\u00e9rdida de la calidad del cristal.<\/p>\n<p>&nbsp;<\/p>\n<p>En interiores, como por ejemplo en mamparas de ducha, los restos de suciedad y de cal solamente se puede quitar empleando sustancias agresivas de limpieza. Si los restos de cal se mantienen por un periodo prolongado de tiempo, \u00e9stos pueden provocar en conjunto con la humedad corrosiones en el cristal, lo cu\u00e1l da\u00f1aria la superficie por siempre. El cristal corrosionado pierde la posibilidad de una limpieza f\u00e1cil.<\/p>\n<\/div>\n<div id=\"toldos-aligator-description\" style=\"width: 0; margin: 0 0 0 547px; height: 160px; min-width: 350px;\">\n<p>Nuestra propuesta:<br \/>\nProtecci\u00f3n de la superficie mediante recubrimiento especial de cristal \u00abFlexoTop\u00bb<br \/>\n&#8211; Sin alteraci\u00f3n visual \/ de la superficie<br \/>\n&#8211; Resistencia a la abrasi\u00f3n<br \/>\n&#8211; Limpieza f\u00e1cil<br \/>\n&#8211; Resistencia qu\u00edmica<br \/>\n&#8211; Resistente a la limpieza a vapor \/ de presi\u00f3n<\/p>\n<\/div>\n<div class=\"toldos-gallery\"><img decoding=\"async\" style=\"margin-top: -200px; margin-left: -100px; width: 490px;\" src=\"\/wp-content\/uploads\/2014\/06\/wassertropfen_a.jpg\" \/><\/div>\n","protected":false},"excerpt":{"rendered":"<p>Recubrimiento de cristal &#8211; Easy-to-clean (facil de limpi\u00e1r) para superficies de cristal. &nbsp; Superficies de cristal sufren despu\u00e9s de poco tiempo los primeros indicios de poco desgastamiento. En exteriores las sustancias contaminantes del medio ambiente crean conjuntamente con la superficie de cristal una uni\u00f3n qu\u00edmica. De \u00e9sta uni\u00f3n resulta una p\u00e9rdida de la calidad del cristal. &nbsp; En interiores, como por ejemplo en mamparas de ducha, los restos de<span class=\"ellipsis\">&hellip;<\/span><\/p>\n<div class=\"read-more\"><a href=\"https:\/\/grupo-aligator.com\/es\/recubrimiento-de-cristal\/\">Read More&#8230;<\/a><\/div>\n<p><!-- end of .read-more --><\/p>\n","protected":false},"author":1,"featured_media":0,"parent":0,"menu_order":0,"comment_status":"closed","ping_status":"closed","template":"content-page.php","meta":[],"yoast_head":"<!-- This site is optimized with the Yoast SEO plugin v19.11 - https:\/\/yoast.com\/wordpress\/plugins\/seo\/ -->\n<title>Recubrimiento de cristal Mijas, Tarifa, Marbella, Torrox - Cristaleria Aligator<\/title>\n<meta name=\"description\" content=\"Recubrimiento de cristal Mijas, Tarifa, Malaga, Marbella, Torrox - Cristaleria Aligator tambi\u00e9n instala jard\u00edn de invierno, cortinas de vidrio en Sotogrande Costa del Sol\" \/>\n<meta name=\"robots\" content=\"index, follow, max-snippet:-1, max-image-preview:large, max-video-preview:-1\" \/>\n<link rel=\"canonical\" href=\"https:\/\/grupo-aligator.com\/es\/recubrimiento-de-cristal\/\" \/>\n<meta property=\"og:locale\" content=\"es_ES\" \/>\n<meta property=\"og:type\" content=\"article\" \/>\n<meta property=\"og:title\" content=\"Recubrimiento de cristal Mijas, Tarifa, Marbella, Torrox - Cristaleria Aligator\" \/>\n<meta property=\"og:description\" content=\"Recubrimiento de cristal Mijas, Tarifa, Malaga, Marbella, Torrox - Cristaleria Aligator tambi\u00e9n instala jard\u00edn de invierno, cortinas de vidrio en Sotogrande Costa del Sol\" \/>\n<meta property=\"og:url\" content=\"https:\/\/grupo-aligator.com\/es\/recubrimiento-de-cristal\/\" \/>\n<meta property=\"article:modified_time\" content=\"2019-12-12T21:11:53+00:00\" \/>\n<meta name=\"twitter:card\" content=\"summary_large_image\" \/>\n<meta name=\"twitter:label1\" content=\"Tiempo de lectura\" \/>\n\t<meta name=\"twitter:data1\" content=\"1 minuto\" \/>\n<script type=\"application\/ld+json\" class=\"yoast-schema-graph\">{\"@context\":\"https:\/\/schema.org\",\"@graph\":[{\"@type\":\"WebPage\",\"@id\":\"https:\/\/grupo-aligator.com\/es\/recubrimiento-de-cristal\/\",\"url\":\"https:\/\/grupo-aligator.com\/es\/recubrimiento-de-cristal\/\",\"name\":\"Recubrimiento de cristal Mijas, Tarifa, Marbella, Torrox - Cristaleria Aligator\",\"isPartOf\":{\"@id\":\"https:\/\/grupo-aligator.com\/es\/#website\"},\"datePublished\":\"2014-06-23T12:59:53+00:00\",\"dateModified\":\"2019-12-12T21:11:53+00:00\",\"description\":\"Recubrimiento de cristal Mijas, Tarifa, Malaga, Marbella, Torrox - Cristaleria Aligator tambi\u00e9n instala jard\u00edn de invierno, cortinas de vidrio en Sotogrande Costa del Sol\",\"breadcrumb\":{\"@id\":\"https:\/\/grupo-aligator.com\/es\/recubrimiento-de-cristal\/#breadcrumb\"},\"inLanguage\":\"es\",\"potentialAction\":[{\"@type\":\"ReadAction\",\"target\":[\"https:\/\/grupo-aligator.com\/es\/recubrimiento-de-cristal\/\"]}]},{\"@type\":\"BreadcrumbList\",\"@id\":\"https:\/\/grupo-aligator.com\/es\/recubrimiento-de-cristal\/#breadcrumb\",\"itemListElement\":[{\"@type\":\"ListItem\",\"position\":1,\"name\":\"Home\",\"item\":\"https:\/\/grupo-aligator.com\/es\/\"},{\"@type\":\"ListItem\",\"position\":2,\"name\":\"Recubrimiento de cristal\"}]},{\"@type\":\"WebSite\",\"@id\":\"https:\/\/grupo-aligator.com\/es\/#website\",\"url\":\"https:\/\/grupo-aligator.com\/es\/\",\"name\":\"\",\"description\":\"\",\"publisher\":{\"@id\":\"https:\/\/grupo-aligator.com\/es\/#organization\"},\"potentialAction\":[{\"@type\":\"SearchAction\",\"target\":{\"@type\":\"EntryPoint\",\"urlTemplate\":\"https:\/\/grupo-aligator.com\/es\/?s={search_term_string}\"},\"query-input\":\"required name=search_term_string\"}],\"inLanguage\":\"es\"},{\"@type\":\"Organization\",\"@id\":\"https:\/\/grupo-aligator.com\/es\/#organization\",\"name\":\"Cristaleria Aligator S.L.\",\"url\":\"https:\/\/grupo-aligator.com\/es\/\",\"logo\":{\"@type\":\"ImageObject\",\"inLanguage\":\"es\",\"@id\":\"https:\/\/grupo-aligator.com\/es\/#\/schema\/logo\/image\/\",\"url\":\"http:\/\/grupo-aligator.com\/wp-content\/uploads\/2019\/11\/aligator-logo-de.png\",\"contentUrl\":\"http:\/\/grupo-aligator.com\/wp-content\/uploads\/2019\/11\/aligator-logo-de.png\",\"width\":150,\"height\":160,\"caption\":\"Cristaleria Aligator S.L.\"},\"image\":{\"@id\":\"https:\/\/grupo-aligator.com\/es\/#\/schema\/logo\/image\/\"}}]}<\/script>\n<!-- \/ Yoast SEO plugin. -->","yoast_head_json":{"title":"Recubrimiento de cristal Mijas, Tarifa, Marbella, Torrox - Cristaleria Aligator","description":"Recubrimiento de cristal Mijas, Tarifa, Malaga, Marbella, Torrox - Cristaleria Aligator tambi\u00e9n instala jard\u00edn de invierno, cortinas de vidrio en Sotogrande Costa del Sol","robots":{"index":"index","follow":"follow","max-snippet":"max-snippet:-1","max-image-preview":"max-image-preview:large","max-video-preview":"max-video-preview:-1"},"canonical":"https:\/\/grupo-aligator.com\/es\/recubrimiento-de-cristal\/","og_locale":"es_ES","og_type":"article","og_title":"Recubrimiento de cristal Mijas, Tarifa, Marbella, Torrox - Cristaleria Aligator","og_description":"Recubrimiento de cristal Mijas, Tarifa, Malaga, Marbella, Torrox - Cristaleria Aligator tambi\u00e9n instala jard\u00edn de invierno, cortinas de vidrio en Sotogrande Costa del Sol","og_url":"https:\/\/grupo-aligator.com\/es\/recubrimiento-de-cristal\/","article_modified_time":"2019-12-12T21:11:53+00:00","twitter_card":"summary_large_image","twitter_misc":{"Tiempo de lectura":"1 minuto"},"schema":{"@context":"https:\/\/schema.org","@graph":[{"@type":"WebPage","@id":"https:\/\/grupo-aligator.com\/es\/recubrimiento-de-cristal\/","url":"https:\/\/grupo-aligator.com\/es\/recubrimiento-de-cristal\/","name":"Recubrimiento de cristal Mijas, Tarifa, Marbella, Torrox - Cristaleria Aligator","isPartOf":{"@id":"https:\/\/grupo-aligator.com\/es\/#website"},"datePublished":"2014-06-23T12:59:53+00:00","dateModified":"2019-12-12T21:11:53+00:00","description":"Recubrimiento de cristal Mijas, Tarifa, Malaga, Marbella, Torrox - Cristaleria Aligator tambi\u00e9n instala jard\u00edn de invierno, cortinas de vidrio en Sotogrande Costa del Sol","breadcrumb":{"@id":"https:\/\/grupo-aligator.com\/es\/recubrimiento-de-cristal\/#breadcrumb"},"inLanguage":"es","potentialAction":[{"@type":"ReadAction","target":["https:\/\/grupo-aligator.com\/es\/recubrimiento-de-cristal\/"]}]},{"@type":"BreadcrumbList","@id":"https:\/\/grupo-aligator.com\/es\/recubrimiento-de-cristal\/#breadcrumb","itemListElement":[{"@type":"ListItem","position":1,"name":"Home","item":"https:\/\/grupo-aligator.com\/es\/"},{"@type":"ListItem","position":2,"name":"Recubrimiento de cristal"}]},{"@type":"WebSite","@id":"https:\/\/grupo-aligator.com\/es\/#website","url":"https:\/\/grupo-aligator.com\/es\/","name":"","description":"","publisher":{"@id":"https:\/\/grupo-aligator.com\/es\/#organization"},"potentialAction":[{"@type":"SearchAction","target":{"@type":"EntryPoint","urlTemplate":"https:\/\/grupo-aligator.com\/es\/?s={search_term_string}"},"query-input":"required name=search_term_string"}],"inLanguage":"es"},{"@type":"Organization","@id":"https:\/\/grupo-aligator.com\/es\/#organization","name":"Cristaleria Aligator S.L.","url":"https:\/\/grupo-aligator.com\/es\/","logo":{"@type":"ImageObject","inLanguage":"es","@id":"https:\/\/grupo-aligator.com\/es\/#\/schema\/logo\/image\/","url":"http:\/\/grupo-aligator.com\/wp-content\/uploads\/2019\/11\/aligator-logo-de.png","contentUrl":"http:\/\/grupo-aligator.com\/wp-content\/uploads\/2019\/11\/aligator-logo-de.png","width":150,"height":160,"caption":"Cristaleria Aligator S.L."},"image":{"@id":"https:\/\/grupo-aligator.com\/es\/#\/schema\/logo\/image\/"}}]}},"_links":{"self":[{"href":"https:\/\/grupo-aligator.com\/es\/wp-json\/wp\/v2\/pages\/1366"}],"collection":[{"href":"https:\/\/grupo-aligator.com\/es\/wp-json\/wp\/v2\/pages"}],"about":[{"href":"https:\/\/grupo-aligator.com\/es\/wp-json\/wp\/v2\/types\/page"}],"author":[{"embeddable":true,"href":"https:\/\/grupo-aligator.com\/es\/wp-json\/wp\/v2\/users\/1"}],"replies":[{"embeddable":true,"href":"https:\/\/grupo-aligator.com\/es\/wp-json\/wp\/v2\/comments?post=1366"}],"version-history":[{"count":11,"href":"https:\/\/grupo-aligator.com\/es\/wp-json\/wp\/v2\/pages\/1366\/revisions"}],"predecessor-version":[{"id":7204,"href":"https:\/\/grupo-aligator.com\/es\/wp-json\/wp\/v2\/pages\/1366\/revisions\/7204"}],"wp:attachment":[{"href":"https:\/\/grupo-aligator.com\/es\/wp-json\/wp\/v2\/media?parent=1366"}],"curies":[{"name":"wp","href":"https:\/\/api.w.org\/{rel}","templated":true}]}}