{"id":87,"date":"2013-09-09T09:48:02","date_gmt":"2013-09-09T09:48:02","guid":{"rendered":"http:\/\/aligator.cristaleria-aligator.com\/?page_id=87"},"modified":"2019-12-18T17:31:19","modified_gmt":"2019-12-18T15:31:19","slug":"toldos-aligator","status":"publish","type":"page","link":"https:\/\/grupo-aligator.com\/de\/toldos-aligator\/","title":{"rendered":"Toldos Aligator"},"content":{"rendered":"<div id=\"aligator-logo-de\"><\/div>\n<div id=\"toldos-aligator-description\">\n<p>Toldos Aligator ist ein Unternehmensbereich der Grupo Aligator und bietet Ihnen hochwertige Sonnenschutz von Tarifa, Marbella, Mijas \u00fcber M\u00e1laga bis Torrox an.<\/p>\n<p>Bei uns finden Sie nur Qualit\u00e4tsprodukte die gr\u00f6\u00dftenteils aus Deutschland kommen. Wir arbeiten in diesem Bereich nur mit Firmen zusammen, die in Ihrem Produktbereich Marktf\u00fchrer sind.<\/p>\n<p>Hier finden Sie die gr\u00f6\u00dfte Auswahl an Sonnenschutzprodukte in S\u00fcdspanien, denn mit \u00fcber 50 Unterseiten pr\u00e4sentieren wir Ihnen dieses Standbein unseres Unternehmens. Wenn Sie die beste Beratung, Planung und Umsetzung Ihrer W\u00fcnsche wollen dann nehmen Sie mit uns Kontakt auf.<\/p>\n<\/div>\n<div id=\"toldos-menu-content\">\n<div id=\"toldos-menu-line-1\">\n<div class=\"toldos-menu\"><a id=\"toldos-menu-item-1\" href=\"http:\/\/grupo-aligator.com\/de\/markisen-marbella\/\">Markisen<\/a><\/div>\n<div class=\"toldos-menu\"><a id=\"toldos-menu-item-2\" href=\"http:\/\/grupo-aligator.com\/de\/rollladen-marbella\/\">Rolll\u00e4den<\/a><\/div>\n<div class=\"toldos-menu\"><a id=\"toldos-menu-item-3\" href=\"http:\/\/grupo-aligator.com\/de\/kontakt\/\">Kontakt<\/a><\/div>\n<\/div>\n<div id=\"toldos-menu-line-2\">\n<div class=\"toldos-menu\"><a id=\"toldos-menu-item-4\" href=\"http:\/\/grupo-aligator.com\/de\/raffstore-jalousien-marbella\/\">Raffstore<\/a><\/div>\n<div class=\"toldos-menu\"><a id=\"toldos-menu-item-5\" href=\"http:\/\/grupo-aligator.com\/de\/sonnensegel-marbella\/\">Sonnensegel<\/a><\/div>\n<\/div>\n<div id=\"toldos-menu-line-3\">\n<div class=\"toldos-menu\"><a id=\"toldos-menu-item-6\" href=\"http:\/\/grupo-aligator.com\/de\/markisen-steuerungstechnik-mijas\/\">Steuerungstechnik<\/a><\/div>\n<\/div>\n<div id=\"toldos-menu-line-4\">\n<div class=\"toldos-menu\"><a id=\"toldos-menu-item-7\" class=\"double-line\" href=\"http:\/\/grupo-aligator.com\/de\/innenliegende-beschattung-mijas\/\">Innenliegende Beschattung<\/a><\/div>\n<div class=\"toldos-menu\"><a id=\"toldos-menu-item-8\" href=\"http:\/\/grupo-aligator.com\/de\/insektenschutz-mijas\/\">Insektenschutz<\/a><\/div>\n<\/div>\n<\/div>\n<div class=\"toldos-menu-images\">\n<p><img decoding=\"async\" id=\"toldos-menu-item-1-img\" src=\"\/wp-content\/uploads\/2013\/09\/markisen-cat.jpg\" alt=\"\" \/><\/p>\n<p><img decoding=\"async\" id=\"toldos-menu-item-2-img\" src=\"\/wp-content\/uploads\/2013\/09\/rolladen-cat.jpg\" alt=\"\" \/><\/p>\n<p><img decoding=\"async\" id=\"toldos-menu-item-3-img\" src=\"\/wp-content\/uploads\/2013\/09\/contact-us.jpg\" alt=\"\" \/><\/p>\n<p><img decoding=\"async\" id=\"toldos-menu-item-4-img\" src=\"\/wp-content\/uploads\/2013\/09\/raffstore-cat.jpg\" alt=\"\" \/><\/p>\n<p><img decoding=\"async\" id=\"toldos-menu-item-5-img\" src=\"\/wp-content\/uploads\/2013\/09\/sonnensegel-cat.jpg\" alt=\"\" \/><\/p>\n<p><img decoding=\"async\" id=\"toldos-menu-item-6-img\" src=\"\/wp-content\/uploads\/2013\/09\/steuerungstechnik-cat.jpg\" alt=\"\" \/><\/p>\n<p><img decoding=\"async\" id=\"toldos-menu-item-7-img\" src=\"\/wp-content\/uploads\/2013\/09\/innenliegende-beschattung-cat.jpg\" alt=\"\" \/><\/p>\n<p><img decoding=\"async\" id=\"toldos-menu-item-8-img\" src=\"\/wp-content\/uploads\/2014\/07\/insektenschutz-drehrahmen.jpg\" alt=\"\" \/><\/p>\n<\/div>\n<p><script type=\"text\/javascript\">\n$(function() {\n    $('#toldos-menu-item-1').hover(function() { \n        $('#toldos-menu-item-1-img').show(); \n    }, function() { \n        $('#toldos-menu-item-1-img').hide(); \n    });\n    $('#toldos-menu-item-2').hover(function() { \n        $('#toldos-menu-item-2-img').show(); \n    }, function() { \n        $('#toldos-menu-item-2-img').hide(); \n    });\n    $('#toldos-menu-item-3').hover(function() { \n        $('#toldos-menu-item-3-img').show(); \n    }, function() { \n        $('#toldos-menu-item-3-img').hide(); \n    });\n    $('#toldos-menu-item-4').hover(function() { \n        $('#toldos-menu-item-4-img').show(); \n    }, function() { \n        $('#toldos-menu-item-4-img').hide(); \n    });\n    $('#toldos-menu-item-5').hover(function() { \n        $('#toldos-menu-item-5-img').show(); \n    }, function() { \n        $('#toldos-menu-item-5-img').hide(); \n    });\n    $('#toldos-menu-item-6').hover(function() { \n        $('#toldos-menu-item-6-img').show(); \n    }, function() { \n        $('#toldos-menu-item-6-img').hide(); \n    });\n    $('#toldos-menu-item-7').hover(function() { \n        $('#toldos-menu-item-7-img').show(); \n    }, function() { \n        $('#toldos-menu-item-7-img').hide(); \n    });\n    $('#toldos-menu-item-8').hover(function() { \n        $('#toldos-menu-item-8-img').show(); \n    }, function() { \n        $('#toldos-menu-item-8-img').hide(); \n    });\n});\n<\/script><\/p>\n","protected":false},"excerpt":{"rendered":"<p>Toldos Aligator ist ein Unternehmensbereich der Grupo Aligator und bietet Ihnen hochwertige Sonnenschutz von Tarifa, Marbella, Mijas \u00fcber M\u00e1laga bis Torrox an. Bei uns finden Sie nur Qualit\u00e4tsprodukte die gr\u00f6\u00dftenteils aus Deutschland kommen. Wir arbeiten in diesem Bereich nur mit Firmen zusammen, die in Ihrem Produktbereich Marktf\u00fchrer sind. Hier finden Sie die gr\u00f6\u00dfte Auswahl an Sonnenschutzprodukte in S\u00fcdspanien, denn mit \u00fcber 50 Unterseiten pr\u00e4sentieren wir Ihnen dieses Standbein unseres<span class=\"ellipsis\">&hellip;<\/span><\/p>\n<div class=\"read-more\"><a href=\"https:\/\/grupo-aligator.com\/de\/toldos-aligator\/\">Read More&#8230;<\/a><\/div>\n<p><!-- end of .read-more --><\/p>\n","protected":false},"author":1,"featured_media":0,"parent":0,"menu_order":0,"comment_status":"closed","ping_status":"closed","template":"category-page.php","meta":[],"yoast_head":"<!-- This site is optimized with the Yoast SEO plugin v19.11 - https:\/\/yoast.com\/wordpress\/plugins\/seo\/ -->\n<title>Sonnenschutz wie Markisen, Sonnensegel, Wintergarten - Toldos Aligator<\/title>\n<meta name=\"description\" content=\"Sonnenschutz Marbella wie Markisen, Sonnensegel, Wintergarten Toldos Aligator bietet hochwertige Sonnenschutzprodukte an der Costa del Sol Mijas Fuengirola\" \/>\n<meta name=\"robots\" content=\"index, follow, max-snippet:-1, max-image-preview:large, max-video-preview:-1\" \/>\n<link rel=\"canonical\" href=\"https:\/\/grupo-aligator.com\/de\/toldos-aligator\/\" \/>\n<meta property=\"og:locale\" content=\"de_DE\" \/>\n<meta property=\"og:type\" content=\"article\" \/>\n<meta property=\"og:title\" content=\"Sonnenschutz wie Markisen, Sonnensegel, Wintergarten - Toldos Aligator\" \/>\n<meta property=\"og:description\" content=\"Sonnenschutz Marbella wie Markisen, Sonnensegel, Wintergarten Toldos Aligator bietet hochwertige Sonnenschutzprodukte an der Costa del Sol Mijas Fuengirola\" \/>\n<meta property=\"og:url\" content=\"https:\/\/grupo-aligator.com\/de\/toldos-aligator\/\" \/>\n<meta property=\"article:modified_time\" content=\"2019-12-18T15:31:19+00:00\" \/>\n<meta name=\"twitter:card\" content=\"summary_large_image\" \/>\n<meta name=\"twitter:label1\" content=\"Gesch\u00e4tzte Lesezeit\" \/>\n\t<meta name=\"twitter:data1\" content=\"1\u00a0Minute\" \/>\n<script type=\"application\/ld+json\" class=\"yoast-schema-graph\">{\"@context\":\"https:\/\/schema.org\",\"@graph\":[{\"@type\":\"WebPage\",\"@id\":\"https:\/\/grupo-aligator.com\/de\/toldos-aligator\/\",\"url\":\"https:\/\/grupo-aligator.com\/de\/toldos-aligator\/\",\"name\":\"Sonnenschutz wie Markisen, Sonnensegel, Wintergarten - Toldos Aligator\",\"isPartOf\":{\"@id\":\"https:\/\/grupo-aligator.com\/de\/#website\"},\"datePublished\":\"2013-09-09T09:48:02+00:00\",\"dateModified\":\"2019-12-18T15:31:19+00:00\",\"description\":\"Sonnenschutz Marbella wie Markisen, Sonnensegel, Wintergarten Toldos Aligator bietet hochwertige Sonnenschutzprodukte an der Costa del Sol Mijas Fuengirola\",\"breadcrumb\":{\"@id\":\"https:\/\/grupo-aligator.com\/de\/toldos-aligator\/#breadcrumb\"},\"inLanguage\":\"de\",\"potentialAction\":[{\"@type\":\"ReadAction\",\"target\":[\"https:\/\/grupo-aligator.com\/de\/toldos-aligator\/\"]}]},{\"@type\":\"BreadcrumbList\",\"@id\":\"https:\/\/grupo-aligator.com\/de\/toldos-aligator\/#breadcrumb\",\"itemListElement\":[{\"@type\":\"ListItem\",\"position\":1,\"name\":\"Home\",\"item\":\"https:\/\/grupo-aligator.com\/de\/\"},{\"@type\":\"ListItem\",\"position\":2,\"name\":\"Toldos Aligator\"}]},{\"@type\":\"WebSite\",\"@id\":\"https:\/\/grupo-aligator.com\/de\/#website\",\"url\":\"https:\/\/grupo-aligator.com\/de\/\",\"name\":\"\",\"description\":\"\",\"publisher\":{\"@id\":\"https:\/\/grupo-aligator.com\/de\/#organization\"},\"potentialAction\":[{\"@type\":\"SearchAction\",\"target\":{\"@type\":\"EntryPoint\",\"urlTemplate\":\"https:\/\/grupo-aligator.com\/de\/?s={search_term_string}\"},\"query-input\":\"required name=search_term_string\"}],\"inLanguage\":\"de\"},{\"@type\":\"Organization\",\"@id\":\"https:\/\/grupo-aligator.com\/de\/#organization\",\"name\":\"Cristaleria Aligator S.L.\",\"url\":\"https:\/\/grupo-aligator.com\/de\/\",\"logo\":{\"@type\":\"ImageObject\",\"inLanguage\":\"de\",\"@id\":\"https:\/\/grupo-aligator.com\/de\/#\/schema\/logo\/image\/\",\"url\":\"http:\/\/grupo-aligator.com\/wp-content\/uploads\/2019\/11\/aligator-logo-de.png\",\"contentUrl\":\"http:\/\/grupo-aligator.com\/wp-content\/uploads\/2019\/11\/aligator-logo-de.png\",\"width\":150,\"height\":160,\"caption\":\"Cristaleria Aligator S.L.\"},\"image\":{\"@id\":\"https:\/\/grupo-aligator.com\/de\/#\/schema\/logo\/image\/\"}}]}<\/script>\n<!-- \/ Yoast SEO plugin. -->","yoast_head_json":{"title":"Sonnenschutz wie Markisen, Sonnensegel, Wintergarten - Toldos Aligator","description":"Sonnenschutz Marbella wie Markisen, Sonnensegel, Wintergarten Toldos Aligator bietet hochwertige Sonnenschutzprodukte an der Costa del Sol Mijas Fuengirola","robots":{"index":"index","follow":"follow","max-snippet":"max-snippet:-1","max-image-preview":"max-image-preview:large","max-video-preview":"max-video-preview:-1"},"canonical":"https:\/\/grupo-aligator.com\/de\/toldos-aligator\/","og_locale":"de_DE","og_type":"article","og_title":"Sonnenschutz wie Markisen, Sonnensegel, Wintergarten - Toldos Aligator","og_description":"Sonnenschutz Marbella wie Markisen, Sonnensegel, Wintergarten Toldos Aligator bietet hochwertige Sonnenschutzprodukte an der Costa del Sol Mijas Fuengirola","og_url":"https:\/\/grupo-aligator.com\/de\/toldos-aligator\/","article_modified_time":"2019-12-18T15:31:19+00:00","twitter_card":"summary_large_image","twitter_misc":{"Gesch\u00e4tzte Lesezeit":"1\u00a0Minute"},"schema":{"@context":"https:\/\/schema.org","@graph":[{"@type":"WebPage","@id":"https:\/\/grupo-aligator.com\/de\/toldos-aligator\/","url":"https:\/\/grupo-aligator.com\/de\/toldos-aligator\/","name":"Sonnenschutz wie Markisen, Sonnensegel, Wintergarten - Toldos Aligator","isPartOf":{"@id":"https:\/\/grupo-aligator.com\/de\/#website"},"datePublished":"2013-09-09T09:48:02+00:00","dateModified":"2019-12-18T15:31:19+00:00","description":"Sonnenschutz Marbella wie Markisen, Sonnensegel, Wintergarten Toldos Aligator bietet hochwertige Sonnenschutzprodukte an der Costa del Sol Mijas Fuengirola","breadcrumb":{"@id":"https:\/\/grupo-aligator.com\/de\/toldos-aligator\/#breadcrumb"},"inLanguage":"de","potentialAction":[{"@type":"ReadAction","target":["https:\/\/grupo-aligator.com\/de\/toldos-aligator\/"]}]},{"@type":"BreadcrumbList","@id":"https:\/\/grupo-aligator.com\/de\/toldos-aligator\/#breadcrumb","itemListElement":[{"@type":"ListItem","position":1,"name":"Home","item":"https:\/\/grupo-aligator.com\/de\/"},{"@type":"ListItem","position":2,"name":"Toldos Aligator"}]},{"@type":"WebSite","@id":"https:\/\/grupo-aligator.com\/de\/#website","url":"https:\/\/grupo-aligator.com\/de\/","name":"","description":"","publisher":{"@id":"https:\/\/grupo-aligator.com\/de\/#organization"},"potentialAction":[{"@type":"SearchAction","target":{"@type":"EntryPoint","urlTemplate":"https:\/\/grupo-aligator.com\/de\/?s={search_term_string}"},"query-input":"required name=search_term_string"}],"inLanguage":"de"},{"@type":"Organization","@id":"https:\/\/grupo-aligator.com\/de\/#organization","name":"Cristaleria Aligator S.L.","url":"https:\/\/grupo-aligator.com\/de\/","logo":{"@type":"ImageObject","inLanguage":"de","@id":"https:\/\/grupo-aligator.com\/de\/#\/schema\/logo\/image\/","url":"http:\/\/grupo-aligator.com\/wp-content\/uploads\/2019\/11\/aligator-logo-de.png","contentUrl":"http:\/\/grupo-aligator.com\/wp-content\/uploads\/2019\/11\/aligator-logo-de.png","width":150,"height":160,"caption":"Cristaleria Aligator S.L."},"image":{"@id":"https:\/\/grupo-aligator.com\/de\/#\/schema\/logo\/image\/"}}]}},"_links":{"self":[{"href":"https:\/\/grupo-aligator.com\/de\/wp-json\/wp\/v2\/pages\/87"}],"collection":[{"href":"https:\/\/grupo-aligator.com\/de\/wp-json\/wp\/v2\/pages"}],"about":[{"href":"https:\/\/grupo-aligator.com\/de\/wp-json\/wp\/v2\/types\/page"}],"author":[{"embeddable":true,"href":"https:\/\/grupo-aligator.com\/de\/wp-json\/wp\/v2\/users\/1"}],"replies":[{"embeddable":true,"href":"https:\/\/grupo-aligator.com\/de\/wp-json\/wp\/v2\/comments?post=87"}],"version-history":[{"count":42,"href":"https:\/\/grupo-aligator.com\/de\/wp-json\/wp\/v2\/pages\/87\/revisions"}],"predecessor-version":[{"id":7387,"href":"https:\/\/grupo-aligator.com\/de\/wp-json\/wp\/v2\/pages\/87\/revisions\/7387"}],"wp:attachment":[{"href":"https:\/\/grupo-aligator.com\/de\/wp-json\/wp\/v2\/media?parent=87"}],"curies":[{"name":"wp","href":"https:\/\/api.w.org\/{rel}","templated":true}]}}