{"id":3662,"date":"2014-12-03T16:13:57","date_gmt":"2014-12-03T16:13:57","guid":{"rendered":"http:\/\/aligator.cristaleria-aligator.com\/?page_id=3662"},"modified":"2015-09-18T08:37:59","modified_gmt":"2015-09-18T08:37:59","slug":"dreh-dreh-kipp-systeme-holz-aluminium-fenster","status":"publish","type":"page","link":"https:\/\/grupo-aligator.com\/de\/dreh-dreh-kipp-systeme-holz-aluminium-fenster\/","title":{"rendered":"Dreh, Dreh-Kipp Systeme"},"content":{"rendered":"<div id=\"aligator-logo-de\"><\/div>\n<div class=\"toldos-top-logo\"><\/div>\n<div id=\"toldos-aligator-description\">\n<p style=\"font-size: 14px;\">F\u00fcr immer zu, kippbar oder sperrangelweit offen? Auch in Sachen \u00d6ffnungssystem haben Sie bei uns die Wahl.<br \/>\nDank verschiedenen Bautypen k\u00f6nnen Sie selbst entscheiden, ob und wie sich Ihre Fenster und Balkont\u00fcren bewegen lassen.<br \/>\nIn puncto Formen gibt es bei unseren Holz-Alu-Fenstern praktisch keine Grenzen.<br \/>\nDreiecks- oder Rundfenster? Segment oder Rundbogen?<br \/>\nWir zeigt Ihnen, was m\u00f6glich ist.<\/p>\n<\/div>\n<div class=\"toldos-gallery\"><div class=\"DOPThumbnailGalleryContainer\" id=\"DOPThumbnailGallery201\">\n                                 <a href=\"https:\/\/grupo-aligator.com\/wp-content\/plugins\/_doptg\/frontend-ajax.php\" class=\"Settings\"><\/a>\n                                 <ul class=\"Content\" style=\"display:none;\"><li>\n                                                    <img class=\"Image\" src=\"https:\/\/grupo-aligator.com\/wp-content\/plugins\/_doptg\/uploads\/TLWA9Y7zFLAbA87nw4cnH19Zrnk7OM32gKHA4n9Tm4ae7CGf9y6EchsydBsgM5Dtg.jpg\" alt=\"\" title=\"\" \/>\n                                                    <img class=\"Thumb\" src=\"https:\/\/grupo-aligator.com\/wp-content\/plugins\/_doptg\/uploads\/thumbs\/TLWA9Y7zFLAbA87nw4cnH19Zrnk7OM32gKHA4n9Tm4ae7CGf9y6EchsydBsgM5Dtg.jpg\" alt=\"\" title=\"\" \/>\n                                                    <span class=\"CaptionTitle\"><\/span>\n                                                    <span class=\"CaptionText\"><\/span>\n                                                    <span class=\"Media\"><\/span>\n                                                    <span class=\"LightboxMedia\"><\/span>\n                                                 <\/li><li>\n                                                    <img class=\"Image\" src=\"https:\/\/grupo-aligator.com\/wp-content\/plugins\/_doptg\/uploads\/SmfFzmqGd1hmM67GZPOfbfkZSmYt1tqH9bxwLRBZxm62afL5OeWKGrmfKrDOrb5LN.jpg\" alt=\"\" title=\"\" \/>\n                                                    <img class=\"Thumb\" src=\"https:\/\/grupo-aligator.com\/wp-content\/plugins\/_doptg\/uploads\/thumbs\/SmfFzmqGd1hmM67GZPOfbfkZSmYt1tqH9bxwLRBZxm62afL5OeWKGrmfKrDOrb5LN.jpg\" alt=\"\" title=\"\" \/>\n                                                    <span class=\"CaptionTitle\"><\/span>\n                                                    <span class=\"CaptionText\"><\/span>\n                                                    <span class=\"Media\"><\/span>\n                                                    <span class=\"LightboxMedia\"><\/span>\n                                                 <\/li><li>\n                                                    <img class=\"Image\" src=\"https:\/\/grupo-aligator.com\/wp-content\/plugins\/_doptg\/uploads\/BRkcpfX1fFdOAtMPry44FLAXKLHmhR4tkFLZpmgtxZ5NN9SaPeyEMEHkRkt9d9mXg.jpg\" alt=\"\" title=\"\" \/>\n                                                    <img class=\"Thumb\" src=\"https:\/\/grupo-aligator.com\/wp-content\/plugins\/_doptg\/uploads\/thumbs\/BRkcpfX1fFdOAtMPry44FLAXKLHmhR4tkFLZpmgtxZ5NN9SaPeyEMEHkRkt9d9mXg.jpg\" alt=\"\" title=\"\" \/>\n                                                    <span class=\"CaptionTitle\"><\/span>\n                                                    <span class=\"CaptionText\"><\/span>\n                                                    <span class=\"Media\"><\/span>\n                                                    <span class=\"LightboxMedia\"><\/span>\n                                                 <\/li><li>\n                                                    <img class=\"Image\" src=\"https:\/\/grupo-aligator.com\/wp-content\/plugins\/_doptg\/uploads\/AnKAx4naseeQKBQw1GaQrOMkW2afCR5QWO1YKLf8pDKNbm9WaQ3d5Ff4eNdfB9p8j.jpg\" alt=\"\" title=\"\" \/>\n                                                    <img class=\"Thumb\" src=\"https:\/\/grupo-aligator.com\/wp-content\/plugins\/_doptg\/uploads\/thumbs\/AnKAx4naseeQKBQw1GaQrOMkW2afCR5QWO1YKLf8pDKNbm9WaQ3d5Ff4eNdfB9p8j.jpg\" alt=\"\" title=\"\" \/>\n                                                    <span class=\"CaptionTitle\"><\/span>\n                                                    <span class=\"CaptionText\"><\/span>\n                                                    <span class=\"Media\"><\/span>\n                                                    <span class=\"LightboxMedia\"><\/span>\n                                                 <\/li><li>\n                                                    <img class=\"Image\" src=\"https:\/\/grupo-aligator.com\/wp-content\/plugins\/_doptg\/uploads\/wH8N96jnH16eCtS4sHHfwp6GztZgzSkZrrpEjXMpyWbStYSk9hd6FtFABth4ZnSLH.jpg\" alt=\"\" title=\"\" \/>\n                                                    <img class=\"Thumb\" src=\"https:\/\/grupo-aligator.com\/wp-content\/plugins\/_doptg\/uploads\/thumbs\/wH8N96jnH16eCtS4sHHfwp6GztZgzSkZrrpEjXMpyWbStYSk9hd6FtFABth4ZnSLH.jpg\" alt=\"\" title=\"\" \/>\n                                                    <span class=\"CaptionTitle\"><\/span>\n                                                    <span class=\"CaptionText\"><\/span>\n                                                    <span class=\"Media\"><\/span>\n                                                    <span class=\"LightboxMedia\"><\/span>\n                                                 <\/li><li>\n                                                    <img class=\"Image\" src=\"https:\/\/grupo-aligator.com\/wp-content\/plugins\/_doptg\/uploads\/7HZx3AYK5nFha5tDh9f7qKCSE7YkNfphMMjqhgOaDcssRLRkj5ehAPm3yqpYY72OO.JPG\" alt=\"\" title=\"\" \/>\n                                                    <img class=\"Thumb\" src=\"https:\/\/grupo-aligator.com\/wp-content\/plugins\/_doptg\/uploads\/thumbs\/7HZx3AYK5nFha5tDh9f7qKCSE7YkNfphMMjqhgOaDcssRLRkj5ehAPm3yqpYY72OO.JPG\" alt=\"\" title=\"\" \/>\n                                                    <span class=\"CaptionTitle\"><\/span>\n                                                    <span class=\"CaptionText\"><\/span>\n                                                    <span class=\"Media\"><\/span>\n                                                    <span class=\"LightboxMedia\"><\/span>\n                                                 <\/li><li>\n                                                    <img class=\"Image\" src=\"https:\/\/grupo-aligator.com\/wp-content\/plugins\/_doptg\/uploads\/PHHtj822H8wQ2qDD8jAxOwaCt9cEAb97YkhyOXks2Y8n3ye52BnTn1XLGS2Q4aCgZ.jpg\" alt=\"\" title=\"\" \/>\n                                                    <img class=\"Thumb\" src=\"https:\/\/grupo-aligator.com\/wp-content\/plugins\/_doptg\/uploads\/thumbs\/PHHtj822H8wQ2qDD8jAxOwaCt9cEAb97YkhyOXks2Y8n3ye52BnTn1XLGS2Q4aCgZ.jpg\" alt=\"\" title=\"\" \/>\n                                                    <span class=\"CaptionTitle\"><\/span>\n                                                    <span class=\"CaptionText\"><\/span>\n                                                    <span class=\"Media\"><\/span>\n                                                    <span class=\"LightboxMedia\"><\/span>\n                                                 <\/li><li>\n                                                    <img class=\"Image\" src=\"https:\/\/grupo-aligator.com\/wp-content\/plugins\/_doptg\/uploads\/EhcSLXYPLHGGZL2xtrL2za5TDdw9FkwdOKHnXexOAHHj6Cay91dOasQDDLEZcGRW5.jpg\" alt=\"\" title=\"\" \/>\n                                                    <img class=\"Thumb\" src=\"https:\/\/grupo-aligator.com\/wp-content\/plugins\/_doptg\/uploads\/thumbs\/EhcSLXYPLHGGZL2xtrL2za5TDdw9FkwdOKHnXexOAHHj6Cay91dOasQDDLEZcGRW5.jpg\" alt=\"\" title=\"\" \/>\n                                                    <span class=\"CaptionTitle\"><\/span>\n                                                    <span class=\"CaptionText\"><\/span>\n                                                    <span class=\"Media\"><\/span>\n                                                    <span class=\"LightboxMedia\"><\/span>\n                                                 <\/li><li>\n                                                    <img class=\"Image\" src=\"https:\/\/grupo-aligator.com\/wp-content\/plugins\/_doptg\/uploads\/KqYKnsYNf2OTfnWCr1g8KgTstT9PQcBw1kL3YpPyR2YhWWR17zxxn2bx7RdLZCxAq.jpg\" alt=\"\" title=\"\" \/>\n                                                    <img class=\"Thumb\" src=\"https:\/\/grupo-aligator.com\/wp-content\/plugins\/_doptg\/uploads\/thumbs\/KqYKnsYNf2OTfnWCr1g8KgTstT9PQcBw1kL3YpPyR2YhWWR17zxxn2bx7RdLZCxAq.jpg\" alt=\"\" title=\"\" \/>\n                                                    <span class=\"CaptionTitle\"><\/span>\n                                                    <span class=\"CaptionText\"><\/span>\n                                                    <span class=\"Media\"><\/span>\n                                                    <span class=\"LightboxMedia\"><\/span>\n                                                 <\/li><li>\n                                                    <img class=\"Image\" src=\"https:\/\/grupo-aligator.com\/wp-content\/plugins\/_doptg\/uploads\/EzKGwmm1L5NRQHLa8KWhgLQK1T9WC14D7yFHXRxd5LLg8s9qeAcyXpcKcjL6ZXgwy.jpg\" alt=\"\" title=\"\" \/>\n                                                    <img class=\"Thumb\" src=\"https:\/\/grupo-aligator.com\/wp-content\/plugins\/_doptg\/uploads\/thumbs\/EzKGwmm1L5NRQHLa8KWhgLQK1T9WC14D7yFHXRxd5LLg8s9qeAcyXpcKcjL6ZXgwy.jpg\" alt=\"\" title=\"\" \/>\n                                                    <span class=\"CaptionTitle\"><\/span>\n                                                    <span class=\"CaptionText\"><\/span>\n                                                    <span class=\"Media\"><\/span>\n                                                    <span class=\"LightboxMedia\"><\/span>\n                                                 <\/li><li>\n                                                    <img class=\"Image\" src=\"https:\/\/grupo-aligator.com\/wp-content\/plugins\/_doptg\/uploads\/6F1g65azKfORLLtbw3gW6bLXcmMgSy2TENExrcN8mxDzYOR8HshMDBAbYSAFCx9GF.jpg\" alt=\"\" title=\"\" \/>\n                                                    <img class=\"Thumb\" src=\"https:\/\/grupo-aligator.com\/wp-content\/plugins\/_doptg\/uploads\/thumbs\/6F1g65azKfORLLtbw3gW6bLXcmMgSy2TENExrcN8mxDzYOR8HshMDBAbYSAFCx9GF.jpg\" alt=\"\" title=\"\" \/>\n                                                    <span class=\"CaptionTitle\"><\/span>\n                                                    <span class=\"CaptionText\"><\/span>\n                                                    <span class=\"Media\"><\/span>\n                                                    <span class=\"LightboxMedia\"><\/span>\n                                                 <\/li><li>\n                                                    <img class=\"Image\" src=\"https:\/\/grupo-aligator.com\/wp-content\/plugins\/_doptg\/uploads\/pOwjZA8xyK1xgmwecOXGqmgesWPR21L325H6OEs1M8sxDmZAww8PfM3z9aNeGqBtp.jpg\" alt=\"\" title=\"\" \/>\n                                                    <img class=\"Thumb\" src=\"https:\/\/grupo-aligator.com\/wp-content\/plugins\/_doptg\/uploads\/thumbs\/pOwjZA8xyK1xgmwecOXGqmgesWPR21L325H6OEs1M8sxDmZAww8PfM3z9aNeGqBtp.jpg\" alt=\"\" title=\"\" \/>\n                                                    <span class=\"CaptionTitle\"><\/span>\n                                                    <span class=\"CaptionText\"><\/span>\n                                                    <span class=\"Media\"><\/span>\n                                                    <span class=\"LightboxMedia\"><\/span>\n                                                 <\/li><li>\n                                                    <img class=\"Image\" src=\"https:\/\/grupo-aligator.com\/wp-content\/plugins\/_doptg\/uploads\/6s6E5Fx6anYHjFm7r8gEdKTcr9CcGfHn3XyeLhdZxLL22q1YcaBdwOgjSLkKjRD1n.jpg\" alt=\"\" title=\"\" \/>\n                                                    <img class=\"Thumb\" src=\"https:\/\/grupo-aligator.com\/wp-content\/plugins\/_doptg\/uploads\/thumbs\/6s6E5Fx6anYHjFm7r8gEdKTcr9CcGfHn3XyeLhdZxLL22q1YcaBdwOgjSLkKjRD1n.jpg\" alt=\"\" title=\"\" \/>\n                                                    <span class=\"CaptionTitle\"><\/span>\n                                                    <span class=\"CaptionText\"><\/span>\n                                                    <span class=\"Media\"><\/span>\n                                                    <span class=\"LightboxMedia\"><\/span>\n                                                 <\/li><li>\n                                                    <img class=\"Image\" src=\"https:\/\/grupo-aligator.com\/wp-content\/plugins\/_doptg\/uploads\/xzxbHe8BsxYEkEgA82pQHWTTdDhA8dO9PystsTtKTERG8jhaO31cwbfjqGANqrcte.jpg\" alt=\"\" title=\"\" \/>\n                                                    <img class=\"Thumb\" src=\"https:\/\/grupo-aligator.com\/wp-content\/plugins\/_doptg\/uploads\/thumbs\/xzxbHe8BsxYEkEgA82pQHWTTdDhA8dO9PystsTtKTERG8jhaO31cwbfjqGANqrcte.jpg\" alt=\"\" title=\"\" \/>\n                                                    <span class=\"CaptionTitle\"><\/span>\n                                                    <span class=\"CaptionText\"><\/span>\n                                                    <span class=\"Media\"><\/span>\n                                                    <span class=\"LightboxMedia\"><\/span>\n                                                 <\/li><li>\n                                                    <img class=\"Image\" src=\"https:\/\/grupo-aligator.com\/wp-content\/plugins\/_doptg\/uploads\/MReMOz8RK1G9x455GD865fCFyYCTQKgd3FqfYLcfS3xkG7tAYNbMZFRnK74SxWr13.jpg\" alt=\"\" title=\"\" \/>\n                                                    <img class=\"Thumb\" src=\"https:\/\/grupo-aligator.com\/wp-content\/plugins\/_doptg\/uploads\/thumbs\/MReMOz8RK1G9x455GD865fCFyYCTQKgd3FqfYLcfS3xkG7tAYNbMZFRnK74SxWr13.jpg\" alt=\"\" title=\"\" \/>\n                                                    <span class=\"CaptionTitle\"><\/span>\n                                                    <span class=\"CaptionText\"><\/span>\n                                                    <span class=\"Media\"><\/span>\n                                                    <span class=\"LightboxMedia\"><\/span>\n                                                 <\/li><li>\n                                                    <img class=\"Image\" src=\"https:\/\/grupo-aligator.com\/wp-content\/plugins\/_doptg\/uploads\/qSWapay9sGC2zqKxeF3tZwjCf2dkFbepq1nhXTGREKzGXr6Lhe49LAjjBNN59DS2e.jpg\" alt=\"\" title=\"\" \/>\n                                                    <img class=\"Thumb\" src=\"https:\/\/grupo-aligator.com\/wp-content\/plugins\/_doptg\/uploads\/thumbs\/qSWapay9sGC2zqKxeF3tZwjCf2dkFbepq1nhXTGREKzGXr6Lhe49LAjjBNN59DS2e.jpg\" alt=\"\" title=\"\" \/>\n                                                    <span class=\"CaptionTitle\"><\/span>\n                                                    <span class=\"CaptionText\"><\/span>\n                                                    <span class=\"Media\"><\/span>\n                                                    <span class=\"LightboxMedia\"><\/span>\n                                                 <\/li><li>\n                                                    <img class=\"Image\" src=\"https:\/\/grupo-aligator.com\/wp-content\/plugins\/_doptg\/uploads\/EhL4XRAaRwApkTcd2pfwDSc9wsG8y2ZwPMCWMeWwkdnx62eqMnsGfd6PAGO6fBaA5.jpg\" alt=\"\" title=\"\" \/>\n                                                    <img class=\"Thumb\" src=\"https:\/\/grupo-aligator.com\/wp-content\/plugins\/_doptg\/uploads\/thumbs\/EhL4XRAaRwApkTcd2pfwDSc9wsG8y2ZwPMCWMeWwkdnx62eqMnsGfd6PAGO6fBaA5.jpg\" alt=\"\" title=\"\" \/>\n                                                    <span class=\"CaptionTitle\"><\/span>\n                                                    <span class=\"CaptionText\"><\/span>\n                                                    <span class=\"Media\"><\/span>\n                                                    <span class=\"LightboxMedia\"><\/span>\n                                                 <\/li><li>\n                                                    <img class=\"Image\" src=\"https:\/\/grupo-aligator.com\/wp-content\/plugins\/_doptg\/uploads\/CsAEXXOBAgByDabjw4nmLfteg5HkLkLqhOgQB4GHSGQe7Nt8yaF4FZdFg838r3Mjx.jpg\" alt=\"\" title=\"\" \/>\n                                                    <img class=\"Thumb\" src=\"https:\/\/grupo-aligator.com\/wp-content\/plugins\/_doptg\/uploads\/thumbs\/CsAEXXOBAgByDabjw4nmLfteg5HkLkLqhOgQB4GHSGQe7Nt8yaF4FZdFg838r3Mjx.jpg\" alt=\"\" title=\"\" \/>\n                                                    <span class=\"CaptionTitle\"><\/span>\n                                                    <span class=\"CaptionText\"><\/span>\n                                                    <span class=\"Media\"><\/span>\n                                                    <span class=\"LightboxMedia\"><\/span>\n                                                 <\/li><li>\n                                                    <img class=\"Image\" src=\"https:\/\/grupo-aligator.com\/wp-content\/plugins\/_doptg\/uploads\/ayZNYXkmsbnFWLsrxsBBtb7wwQda58H9TWrpyayRT7ejTNaSkfrsGxeewbSrsewmt.jpg\" alt=\"\" title=\"\" \/>\n                                                    <img class=\"Thumb\" src=\"https:\/\/grupo-aligator.com\/wp-content\/plugins\/_doptg\/uploads\/thumbs\/ayZNYXkmsbnFWLsrxsBBtb7wwQda58H9TWrpyayRT7ejTNaSkfrsGxeewbSrsewmt.jpg\" alt=\"\" title=\"\" \/>\n                                                    <span class=\"CaptionTitle\"><\/span>\n                                                    <span class=\"CaptionText\"><\/span>\n                                                    <span class=\"Media\"><\/span>\n                                                    <span class=\"LightboxMedia\"><\/span>\n                                                 <\/li><\/ul>\n                             <\/div>\n                             <script type=\"text\/JavaScript\">\n                                 jQuery(document).ready(function(){\n                                     jQuery('#DOPThumbnailGallery201').DOPThumbnailGallery();\n                                 });\n                             <\/script><\/div>\n","protected":false},"excerpt":{"rendered":"<p>F\u00fcr immer zu, kippbar oder sperrangelweit offen? Auch in Sachen \u00d6ffnungssystem haben Sie bei uns die Wahl. Dank verschiedenen Bautypen k\u00f6nnen Sie selbst entscheiden, ob und wie sich Ihre Fenster und Balkont\u00fcren bewegen lassen. In puncto Formen gibt es bei unseren Holz-Alu-Fenstern praktisch keine Grenzen. Dreiecks- oder Rundfenster? Segment oder Rundbogen? Wir zeigt Ihnen, was m\u00f6glich ist.<\/p>\n","protected":false},"author":1,"featured_media":0,"parent":0,"menu_order":0,"comment_status":"open","ping_status":"open","template":"content-page.php","meta":[],"yoast_head":"<!-- This site is optimized with the Yoast SEO plugin v19.11 - https:\/\/yoast.com\/wordpress\/plugins\/seo\/ -->\n<title>Dreh, Dreh-Kipp Systeme Mijas, Tarifa, Malaga, Marbella, Torrox - Cristaleria Aligator<\/title>\n<meta name=\"description\" content=\"Dreh, Dreh-Kipp Systeme Mijas, Tarifa, Malaga, Marbella, Torrox - Cristaleria Aligator Wintergarten und Terrassenverglasung auch in Sotogrande Costa del Sol\" \/>\n<meta name=\"robots\" content=\"index, follow, max-snippet:-1, max-image-preview:large, max-video-preview:-1\" \/>\n<link rel=\"canonical\" href=\"https:\/\/grupo-aligator.com\/de\/dreh-dreh-kipp-systeme-holz-aluminium-fenster\/\" \/>\n<meta property=\"og:locale\" content=\"de_DE\" \/>\n<meta property=\"og:type\" content=\"article\" \/>\n<meta property=\"og:title\" content=\"Dreh, Dreh-Kipp Systeme Mijas, Tarifa, Malaga, Marbella, Torrox - Cristaleria Aligator\" \/>\n<meta property=\"og:description\" content=\"Dreh, Dreh-Kipp Systeme Mijas, Tarifa, Malaga, Marbella, Torrox - Cristaleria Aligator Wintergarten und Terrassenverglasung auch in Sotogrande Costa del Sol\" \/>\n<meta property=\"og:url\" content=\"https:\/\/grupo-aligator.com\/de\/dreh-dreh-kipp-systeme-holz-aluminium-fenster\/\" \/>\n<meta property=\"article:modified_time\" content=\"2015-09-18T08:37:59+00:00\" \/>\n<meta name=\"twitter:card\" content=\"summary_large_image\" \/>\n<script type=\"application\/ld+json\" class=\"yoast-schema-graph\">{\"@context\":\"https:\/\/schema.org\",\"@graph\":[{\"@type\":\"WebPage\",\"@id\":\"https:\/\/grupo-aligator.com\/de\/dreh-dreh-kipp-systeme-holz-aluminium-fenster\/\",\"url\":\"https:\/\/grupo-aligator.com\/de\/dreh-dreh-kipp-systeme-holz-aluminium-fenster\/\",\"name\":\"Dreh, Dreh-Kipp Systeme Mijas, Tarifa, Malaga, Marbella, Torrox - Cristaleria Aligator\",\"isPartOf\":{\"@id\":\"https:\/\/grupo-aligator.com\/de\/#website\"},\"datePublished\":\"2014-12-03T16:13:57+00:00\",\"dateModified\":\"2015-09-18T08:37:59+00:00\",\"description\":\"Dreh, Dreh-Kipp Systeme Mijas, Tarifa, Malaga, Marbella, Torrox - Cristaleria Aligator Wintergarten und Terrassenverglasung auch in Sotogrande Costa del Sol\",\"breadcrumb\":{\"@id\":\"https:\/\/grupo-aligator.com\/de\/dreh-dreh-kipp-systeme-holz-aluminium-fenster\/#breadcrumb\"},\"inLanguage\":\"de\",\"potentialAction\":[{\"@type\":\"ReadAction\",\"target\":[\"https:\/\/grupo-aligator.com\/de\/dreh-dreh-kipp-systeme-holz-aluminium-fenster\/\"]}]},{\"@type\":\"BreadcrumbList\",\"@id\":\"https:\/\/grupo-aligator.com\/de\/dreh-dreh-kipp-systeme-holz-aluminium-fenster\/#breadcrumb\",\"itemListElement\":[{\"@type\":\"ListItem\",\"position\":1,\"name\":\"Home\",\"item\":\"https:\/\/grupo-aligator.com\/de\/\"},{\"@type\":\"ListItem\",\"position\":2,\"name\":\"Dreh, Dreh-Kipp Systeme\"}]},{\"@type\":\"WebSite\",\"@id\":\"https:\/\/grupo-aligator.com\/de\/#website\",\"url\":\"https:\/\/grupo-aligator.com\/de\/\",\"name\":\"\",\"description\":\"\",\"publisher\":{\"@id\":\"https:\/\/grupo-aligator.com\/de\/#organization\"},\"potentialAction\":[{\"@type\":\"SearchAction\",\"target\":{\"@type\":\"EntryPoint\",\"urlTemplate\":\"https:\/\/grupo-aligator.com\/de\/?s={search_term_string}\"},\"query-input\":\"required name=search_term_string\"}],\"inLanguage\":\"de\"},{\"@type\":\"Organization\",\"@id\":\"https:\/\/grupo-aligator.com\/de\/#organization\",\"name\":\"Cristaleria Aligator S.L.\",\"url\":\"https:\/\/grupo-aligator.com\/de\/\",\"logo\":{\"@type\":\"ImageObject\",\"inLanguage\":\"de\",\"@id\":\"https:\/\/grupo-aligator.com\/de\/#\/schema\/logo\/image\/\",\"url\":\"http:\/\/grupo-aligator.com\/wp-content\/uploads\/2019\/11\/aligator-logo-de.png\",\"contentUrl\":\"http:\/\/grupo-aligator.com\/wp-content\/uploads\/2019\/11\/aligator-logo-de.png\",\"width\":150,\"height\":160,\"caption\":\"Cristaleria Aligator S.L.\"},\"image\":{\"@id\":\"https:\/\/grupo-aligator.com\/de\/#\/schema\/logo\/image\/\"}}]}<\/script>\n<!-- \/ Yoast SEO plugin. -->","yoast_head_json":{"title":"Dreh, Dreh-Kipp Systeme Mijas, Tarifa, Malaga, Marbella, Torrox - Cristaleria Aligator","description":"Dreh, Dreh-Kipp Systeme Mijas, Tarifa, Malaga, Marbella, Torrox - Cristaleria Aligator Wintergarten und Terrassenverglasung auch in Sotogrande Costa del Sol","robots":{"index":"index","follow":"follow","max-snippet":"max-snippet:-1","max-image-preview":"max-image-preview:large","max-video-preview":"max-video-preview:-1"},"canonical":"https:\/\/grupo-aligator.com\/de\/dreh-dreh-kipp-systeme-holz-aluminium-fenster\/","og_locale":"de_DE","og_type":"article","og_title":"Dreh, Dreh-Kipp Systeme Mijas, Tarifa, Malaga, Marbella, Torrox - Cristaleria Aligator","og_description":"Dreh, Dreh-Kipp Systeme Mijas, Tarifa, Malaga, Marbella, Torrox - Cristaleria Aligator Wintergarten und Terrassenverglasung auch in Sotogrande Costa del Sol","og_url":"https:\/\/grupo-aligator.com\/de\/dreh-dreh-kipp-systeme-holz-aluminium-fenster\/","article_modified_time":"2015-09-18T08:37:59+00:00","twitter_card":"summary_large_image","schema":{"@context":"https:\/\/schema.org","@graph":[{"@type":"WebPage","@id":"https:\/\/grupo-aligator.com\/de\/dreh-dreh-kipp-systeme-holz-aluminium-fenster\/","url":"https:\/\/grupo-aligator.com\/de\/dreh-dreh-kipp-systeme-holz-aluminium-fenster\/","name":"Dreh, Dreh-Kipp Systeme Mijas, Tarifa, Malaga, Marbella, Torrox - Cristaleria Aligator","isPartOf":{"@id":"https:\/\/grupo-aligator.com\/de\/#website"},"datePublished":"2014-12-03T16:13:57+00:00","dateModified":"2015-09-18T08:37:59+00:00","description":"Dreh, Dreh-Kipp Systeme Mijas, Tarifa, Malaga, Marbella, Torrox - Cristaleria Aligator Wintergarten und Terrassenverglasung auch in Sotogrande Costa del Sol","breadcrumb":{"@id":"https:\/\/grupo-aligator.com\/de\/dreh-dreh-kipp-systeme-holz-aluminium-fenster\/#breadcrumb"},"inLanguage":"de","potentialAction":[{"@type":"ReadAction","target":["https:\/\/grupo-aligator.com\/de\/dreh-dreh-kipp-systeme-holz-aluminium-fenster\/"]}]},{"@type":"BreadcrumbList","@id":"https:\/\/grupo-aligator.com\/de\/dreh-dreh-kipp-systeme-holz-aluminium-fenster\/#breadcrumb","itemListElement":[{"@type":"ListItem","position":1,"name":"Home","item":"https:\/\/grupo-aligator.com\/de\/"},{"@type":"ListItem","position":2,"name":"Dreh, Dreh-Kipp Systeme"}]},{"@type":"WebSite","@id":"https:\/\/grupo-aligator.com\/de\/#website","url":"https:\/\/grupo-aligator.com\/de\/","name":"","description":"","publisher":{"@id":"https:\/\/grupo-aligator.com\/de\/#organization"},"potentialAction":[{"@type":"SearchAction","target":{"@type":"EntryPoint","urlTemplate":"https:\/\/grupo-aligator.com\/de\/?s={search_term_string}"},"query-input":"required name=search_term_string"}],"inLanguage":"de"},{"@type":"Organization","@id":"https:\/\/grupo-aligator.com\/de\/#organization","name":"Cristaleria Aligator S.L.","url":"https:\/\/grupo-aligator.com\/de\/","logo":{"@type":"ImageObject","inLanguage":"de","@id":"https:\/\/grupo-aligator.com\/de\/#\/schema\/logo\/image\/","url":"http:\/\/grupo-aligator.com\/wp-content\/uploads\/2019\/11\/aligator-logo-de.png","contentUrl":"http:\/\/grupo-aligator.com\/wp-content\/uploads\/2019\/11\/aligator-logo-de.png","width":150,"height":160,"caption":"Cristaleria Aligator S.L."},"image":{"@id":"https:\/\/grupo-aligator.com\/de\/#\/schema\/logo\/image\/"}}]}},"_links":{"self":[{"href":"https:\/\/grupo-aligator.com\/de\/wp-json\/wp\/v2\/pages\/3662"}],"collection":[{"href":"https:\/\/grupo-aligator.com\/de\/wp-json\/wp\/v2\/pages"}],"about":[{"href":"https:\/\/grupo-aligator.com\/de\/wp-json\/wp\/v2\/types\/page"}],"author":[{"embeddable":true,"href":"https:\/\/grupo-aligator.com\/de\/wp-json\/wp\/v2\/users\/1"}],"replies":[{"embeddable":true,"href":"https:\/\/grupo-aligator.com\/de\/wp-json\/wp\/v2\/comments?post=3662"}],"version-history":[{"count":8,"href":"https:\/\/grupo-aligator.com\/de\/wp-json\/wp\/v2\/pages\/3662\/revisions"}],"predecessor-version":[{"id":5237,"href":"https:\/\/grupo-aligator.com\/de\/wp-json\/wp\/v2\/pages\/3662\/revisions\/5237"}],"wp:attachment":[{"href":"https:\/\/grupo-aligator.com\/de\/wp-json\/wp\/v2\/media?parent=3662"}],"curies":[{"name":"wp","href":"https:\/\/api.w.org\/{rel}","templated":true}]}}