{"id":3646,"date":"2014-12-03T16:02:27","date_gmt":"2014-12-03T16:02:27","guid":{"rendered":"http:\/\/aligator.cristaleria-aligator.com\/?page_id=3646"},"modified":"2015-09-18T08:29:51","modified_gmt":"2015-09-18T08:29:51","slug":"holz-systeme-schiebe-elemente","status":"publish","type":"page","link":"https:\/\/grupo-aligator.com\/de\/holz-systeme-schiebe-elemente\/","title":{"rendered":"Holz Systeme<br\/ > Schiebe Elemente"},"content":{"rendered":"<div id=\"aligator-logo-de\" style=\"margin: -74px 0 0 742px;\"><\/div>\n<div class=\"toldos-top-logo\"><\/div>\n<div id=\"toldos-aligator-description\">\n<p style=\"font-size: 14px;\">im Balkont\u00fcrbereich haben Sie die Wahl zwischen verschiedenen \u00d6ffnungsm\u00f6glichkeiten. Durch die Hochwertige Eckverbindung in der Schiebet\u00fcr und die qualitativ hochwertigen H\u00f6lzer ergibt sich durch die hohe Festigkeit und Gewichtsaufnahme verschiedene Varianten der \u00d6ffnung: Parallel-Schiebe-Kipp Anlage; Hebe-Schiebe-Anlage; Schiebe-Falt-Anlage; Schwingfenster (vertikal).<\/p>\n<\/div>\n<div class=\"toldos-gallery\"><div class=\"DOPThumbnailGalleryContainer\" id=\"DOPThumbnailGallery198\">\n                                 <a href=\"https:\/\/grupo-aligator.com\/wp-content\/plugins\/_doptg\/frontend-ajax.php\" class=\"Settings\"><\/a>\n                                 <ul class=\"Content\" style=\"display:none;\"><li>\n                                                    <img class=\"Image\" src=\"https:\/\/grupo-aligator.com\/wp-content\/plugins\/_doptg\/uploads\/rLZeRDZXbbWTCscDmsGCj8xjgp8PzRM71ntNSrW9K8712Be1Ow1xXBQFzOpEHpxPn.jpg\" alt=\"\" title=\"\" \/>\n                                                    <img class=\"Thumb\" src=\"https:\/\/grupo-aligator.com\/wp-content\/plugins\/_doptg\/uploads\/thumbs\/rLZeRDZXbbWTCscDmsGCj8xjgp8PzRM71ntNSrW9K8712Be1Ow1xXBQFzOpEHpxPn.jpg\" alt=\"\" title=\"\" \/>\n                                                    <span class=\"CaptionTitle\"><\/span>\n                                                    <span class=\"CaptionText\"><\/span>\n                                                    <span class=\"Media\"><\/span>\n                                                    <span class=\"LightboxMedia\"><\/span>\n                                                 <\/li><li>\n                                                    <img class=\"Image\" src=\"https:\/\/grupo-aligator.com\/wp-content\/plugins\/_doptg\/uploads\/4m3MhDqfDqQWzzS2Z7xw6awcAkK8SnmNq89pgkc5F3EEXzXH4cOHrE3dSB7Myw9kf.jpg\" alt=\"\" title=\"\" \/>\n                                                    <img class=\"Thumb\" src=\"https:\/\/grupo-aligator.com\/wp-content\/plugins\/_doptg\/uploads\/thumbs\/4m3MhDqfDqQWzzS2Z7xw6awcAkK8SnmNq89pgkc5F3EEXzXH4cOHrE3dSB7Myw9kf.jpg\" alt=\"\" title=\"\" \/>\n                                                    <span class=\"CaptionTitle\"><\/span>\n                                                    <span class=\"CaptionText\"><\/span>\n                                                    <span class=\"Media\"><\/span>\n                                                    <span class=\"LightboxMedia\"><\/span>\n                                                 <\/li><li>\n                                                    <img class=\"Image\" src=\"https:\/\/grupo-aligator.com\/wp-content\/plugins\/_doptg\/uploads\/Y4LyDtqXyWn2TkE51nYLkwTZt5tFC6EHg5kYMkc5Tt59yGrZrDgNn9wmKFcH7LKBF.jpg\" alt=\"\" title=\"\" \/>\n                                                    <img class=\"Thumb\" src=\"https:\/\/grupo-aligator.com\/wp-content\/plugins\/_doptg\/uploads\/thumbs\/Y4LyDtqXyWn2TkE51nYLkwTZt5tFC6EHg5kYMkc5Tt59yGrZrDgNn9wmKFcH7LKBF.jpg\" alt=\"\" title=\"\" \/>\n                                                    <span class=\"CaptionTitle\"><\/span>\n                                                    <span class=\"CaptionText\"><\/span>\n                                                    <span class=\"Media\"><\/span>\n                                                    <span class=\"LightboxMedia\"><\/span>\n                                                 <\/li><li>\n                                                    <img class=\"Image\" src=\"https:\/\/grupo-aligator.com\/wp-content\/plugins\/_doptg\/uploads\/QDrNqXRMdZ1AO85dtaQrBg7F6RXxEF1RKpQk4gYyLOg1gbBjgKdpqhXNxHaKwC3SW.jpg\" alt=\"\" title=\"\" \/>\n                                                    <img class=\"Thumb\" src=\"https:\/\/grupo-aligator.com\/wp-content\/plugins\/_doptg\/uploads\/thumbs\/QDrNqXRMdZ1AO85dtaQrBg7F6RXxEF1RKpQk4gYyLOg1gbBjgKdpqhXNxHaKwC3SW.jpg\" alt=\"\" title=\"\" \/>\n                                                    <span class=\"CaptionTitle\"><\/span>\n                                                    <span class=\"CaptionText\"><\/span>\n                                                    <span class=\"Media\"><\/span>\n                                                    <span class=\"LightboxMedia\"><\/span>\n                                                 <\/li><li>\n                                                    <img class=\"Image\" src=\"https:\/\/grupo-aligator.com\/wp-content\/plugins\/_doptg\/uploads\/Y3KjAZY8y5AjNaNfMZ1sLQQhwMPRm7zdd5aFxhQHnK8t6OpBXrSPdrYwHkQpBWKdE.jpg\" alt=\"\" title=\"\" \/>\n                                                    <img class=\"Thumb\" src=\"https:\/\/grupo-aligator.com\/wp-content\/plugins\/_doptg\/uploads\/thumbs\/Y3KjAZY8y5AjNaNfMZ1sLQQhwMPRm7zdd5aFxhQHnK8t6OpBXrSPdrYwHkQpBWKdE.jpg\" alt=\"\" title=\"\" \/>\n                                                    <span class=\"CaptionTitle\"><\/span>\n                                                    <span class=\"CaptionText\"><\/span>\n                                                    <span class=\"Media\"><\/span>\n                                                    <span class=\"LightboxMedia\"><\/span>\n                                                 <\/li><li>\n                                                    <img class=\"Image\" src=\"https:\/\/grupo-aligator.com\/wp-content\/plugins\/_doptg\/uploads\/7K2DrCw9bbweZANFz7G1mDyMNnTXPgDZEA9WB8PyKXwqXfz4DgT9wz87bdMF9HKrj.jpg\" alt=\"\" title=\"\" \/>\n                                                    <img class=\"Thumb\" src=\"https:\/\/grupo-aligator.com\/wp-content\/plugins\/_doptg\/uploads\/thumbs\/7K2DrCw9bbweZANFz7G1mDyMNnTXPgDZEA9WB8PyKXwqXfz4DgT9wz87bdMF9HKrj.jpg\" alt=\"\" title=\"\" \/>\n                                                    <span class=\"CaptionTitle\"><\/span>\n                                                    <span class=\"CaptionText\"><\/span>\n                                                    <span class=\"Media\"><\/span>\n                                                    <span class=\"LightboxMedia\"><\/span>\n                                                 <\/li><li>\n                                                    <img class=\"Image\" src=\"https:\/\/grupo-aligator.com\/wp-content\/plugins\/_doptg\/uploads\/RMtm8GaAteX7NK7cSS7CBMXf9mGOEFhzYD1zaGXgs9qmz1LsnLX64s6OQteeEEMmA.jpg\" alt=\"\" title=\"\" \/>\n                                                    <img class=\"Thumb\" src=\"https:\/\/grupo-aligator.com\/wp-content\/plugins\/_doptg\/uploads\/thumbs\/RMtm8GaAteX7NK7cSS7CBMXf9mGOEFhzYD1zaGXgs9qmz1LsnLX64s6OQteeEEMmA.jpg\" alt=\"\" title=\"\" \/>\n                                                    <span class=\"CaptionTitle\"><\/span>\n                                                    <span class=\"CaptionText\"><\/span>\n                                                    <span class=\"Media\"><\/span>\n                                                    <span class=\"LightboxMedia\"><\/span>\n                                                 <\/li><li>\n                                                    <img class=\"Image\" src=\"https:\/\/grupo-aligator.com\/wp-content\/plugins\/_doptg\/uploads\/GZf6wsPW5Cmh7wwZCYKxpdnzqcX9Ak7mPfr4HbFEhqDasyhpWBZM95HfKqQag3bfN.jpg\" alt=\"\" title=\"\" \/>\n                                                    <img class=\"Thumb\" src=\"https:\/\/grupo-aligator.com\/wp-content\/plugins\/_doptg\/uploads\/thumbs\/GZf6wsPW5Cmh7wwZCYKxpdnzqcX9Ak7mPfr4HbFEhqDasyhpWBZM95HfKqQag3bfN.jpg\" alt=\"\" title=\"\" \/>\n                                                    <span class=\"CaptionTitle\"><\/span>\n                                                    <span class=\"CaptionText\"><\/span>\n                                                    <span class=\"Media\"><\/span>\n                                                    <span class=\"LightboxMedia\"><\/span>\n                                                 <\/li><li>\n                                                    <img class=\"Image\" src=\"https:\/\/grupo-aligator.com\/wp-content\/plugins\/_doptg\/uploads\/6HhzrFYRWSHn8Fah6Xe9q6XaRq5NMxGGcBqj5xFePxAkDF2Dp9Ag5ese39WDAjLQG.jpg\" alt=\"\" title=\"\" \/>\n                                                    <img class=\"Thumb\" src=\"https:\/\/grupo-aligator.com\/wp-content\/plugins\/_doptg\/uploads\/thumbs\/6HhzrFYRWSHn8Fah6Xe9q6XaRq5NMxGGcBqj5xFePxAkDF2Dp9Ag5ese39WDAjLQG.jpg\" alt=\"\" title=\"\" \/>\n                                                    <span class=\"CaptionTitle\"><\/span>\n                                                    <span class=\"CaptionText\"><\/span>\n                                                    <span class=\"Media\"><\/span>\n                                                    <span class=\"LightboxMedia\"><\/span>\n                                                 <\/li><\/ul>\n                             <\/div>\n                             <script type=\"text\/JavaScript\">\n                                 jQuery(document).ready(function(){\n                                     jQuery('#DOPThumbnailGallery198').DOPThumbnailGallery();\n                                 });\n                             <\/script><\/div>\n","protected":false},"excerpt":{"rendered":"<p>im Balkont\u00fcrbereich haben Sie die Wahl zwischen verschiedenen \u00d6ffnungsm\u00f6glichkeiten. Durch die Hochwertige Eckverbindung in der Schiebet\u00fcr und die qualitativ hochwertigen H\u00f6lzer ergibt sich durch die hohe Festigkeit und Gewichtsaufnahme verschiedene Varianten der \u00d6ffnung: Parallel-Schiebe-Kipp Anlage; Hebe-Schiebe-Anlage; Schiebe-Falt-Anlage; Schwingfenster (vertikal).<\/p>\n","protected":false},"author":1,"featured_media":0,"parent":0,"menu_order":0,"comment_status":"open","ping_status":"open","template":"content-page.php","meta":[],"yoast_head":"<!-- This site is optimized with the Yoast SEO plugin v19.11 - https:\/\/yoast.com\/wordpress\/plugins\/seo\/ -->\n<title>Holz Systeme Schiebe Elemente Mijas, Tarifa, Malaga, Marbella, Torrox - Cristaleria Aligator<\/title>\n<meta name=\"description\" content=\"Holz Systeme Schiebe Elemente Mijas, Tarifa, Malaga, Marbella, Torrox - Cristaleria Aligator Wintergarten und Terrassenverglasung auch in Sotogrande Costa del Sol\" \/>\n<meta name=\"robots\" content=\"index, follow, max-snippet:-1, max-image-preview:large, max-video-preview:-1\" \/>\n<link rel=\"canonical\" href=\"https:\/\/grupo-aligator.com\/de\/holz-systeme-schiebe-elemente\/\" \/>\n<meta property=\"og:locale\" content=\"de_DE\" \/>\n<meta property=\"og:type\" content=\"article\" \/>\n<meta property=\"og:title\" content=\"Holz Systeme Schiebe Elemente Mijas, Tarifa, Malaga, Marbella, Torrox - Cristaleria Aligator\" \/>\n<meta property=\"og:description\" content=\"Holz Systeme Schiebe Elemente Mijas, Tarifa, Malaga, Marbella, Torrox - Cristaleria Aligator Wintergarten und Terrassenverglasung auch in Sotogrande Costa del Sol\" \/>\n<meta property=\"og:url\" content=\"https:\/\/grupo-aligator.com\/de\/holz-systeme-schiebe-elemente\/\" \/>\n<meta property=\"article:modified_time\" content=\"2015-09-18T08:29:51+00:00\" \/>\n<meta name=\"twitter:card\" content=\"summary_large_image\" \/>\n<script type=\"application\/ld+json\" class=\"yoast-schema-graph\">{\"@context\":\"https:\/\/schema.org\",\"@graph\":[{\"@type\":\"WebPage\",\"@id\":\"https:\/\/grupo-aligator.com\/de\/holz-systeme-schiebe-elemente\/\",\"url\":\"https:\/\/grupo-aligator.com\/de\/holz-systeme-schiebe-elemente\/\",\"name\":\"Holz Systeme Schiebe Elemente Mijas, Tarifa, Malaga, Marbella, Torrox - Cristaleria Aligator\",\"isPartOf\":{\"@id\":\"https:\/\/grupo-aligator.com\/de\/#website\"},\"datePublished\":\"2014-12-03T16:02:27+00:00\",\"dateModified\":\"2015-09-18T08:29:51+00:00\",\"description\":\"Holz Systeme Schiebe Elemente Mijas, Tarifa, Malaga, Marbella, Torrox - Cristaleria Aligator Wintergarten und Terrassenverglasung auch in Sotogrande Costa del Sol\",\"breadcrumb\":{\"@id\":\"https:\/\/grupo-aligator.com\/de\/holz-systeme-schiebe-elemente\/#breadcrumb\"},\"inLanguage\":\"de\",\"potentialAction\":[{\"@type\":\"ReadAction\",\"target\":[\"https:\/\/grupo-aligator.com\/de\/holz-systeme-schiebe-elemente\/\"]}]},{\"@type\":\"BreadcrumbList\",\"@id\":\"https:\/\/grupo-aligator.com\/de\/holz-systeme-schiebe-elemente\/#breadcrumb\",\"itemListElement\":[{\"@type\":\"ListItem\",\"position\":1,\"name\":\"Home\",\"item\":\"https:\/\/grupo-aligator.com\/de\/\"},{\"@type\":\"ListItem\",\"position\":2,\"name\":\"Holz Systeme Schiebe Elemente\"}]},{\"@type\":\"WebSite\",\"@id\":\"https:\/\/grupo-aligator.com\/de\/#website\",\"url\":\"https:\/\/grupo-aligator.com\/de\/\",\"name\":\"\",\"description\":\"\",\"publisher\":{\"@id\":\"https:\/\/grupo-aligator.com\/de\/#organization\"},\"potentialAction\":[{\"@type\":\"SearchAction\",\"target\":{\"@type\":\"EntryPoint\",\"urlTemplate\":\"https:\/\/grupo-aligator.com\/de\/?s={search_term_string}\"},\"query-input\":\"required name=search_term_string\"}],\"inLanguage\":\"de\"},{\"@type\":\"Organization\",\"@id\":\"https:\/\/grupo-aligator.com\/de\/#organization\",\"name\":\"Cristaleria Aligator S.L.\",\"url\":\"https:\/\/grupo-aligator.com\/de\/\",\"logo\":{\"@type\":\"ImageObject\",\"inLanguage\":\"de\",\"@id\":\"https:\/\/grupo-aligator.com\/de\/#\/schema\/logo\/image\/\",\"url\":\"http:\/\/grupo-aligator.com\/wp-content\/uploads\/2019\/11\/aligator-logo-de.png\",\"contentUrl\":\"http:\/\/grupo-aligator.com\/wp-content\/uploads\/2019\/11\/aligator-logo-de.png\",\"width\":150,\"height\":160,\"caption\":\"Cristaleria Aligator S.L.\"},\"image\":{\"@id\":\"https:\/\/grupo-aligator.com\/de\/#\/schema\/logo\/image\/\"}}]}<\/script>\n<!-- \/ Yoast SEO plugin. -->","yoast_head_json":{"title":"Holz Systeme Schiebe Elemente Mijas, Tarifa, Malaga, Marbella, Torrox - Cristaleria Aligator","description":"Holz Systeme Schiebe Elemente Mijas, Tarifa, Malaga, Marbella, Torrox - Cristaleria Aligator Wintergarten und Terrassenverglasung auch in Sotogrande Costa del Sol","robots":{"index":"index","follow":"follow","max-snippet":"max-snippet:-1","max-image-preview":"max-image-preview:large","max-video-preview":"max-video-preview:-1"},"canonical":"https:\/\/grupo-aligator.com\/de\/holz-systeme-schiebe-elemente\/","og_locale":"de_DE","og_type":"article","og_title":"Holz Systeme Schiebe Elemente Mijas, Tarifa, Malaga, Marbella, Torrox - Cristaleria Aligator","og_description":"Holz Systeme Schiebe Elemente Mijas, Tarifa, Malaga, Marbella, Torrox - Cristaleria Aligator Wintergarten und Terrassenverglasung auch in Sotogrande Costa del Sol","og_url":"https:\/\/grupo-aligator.com\/de\/holz-systeme-schiebe-elemente\/","article_modified_time":"2015-09-18T08:29:51+00:00","twitter_card":"summary_large_image","schema":{"@context":"https:\/\/schema.org","@graph":[{"@type":"WebPage","@id":"https:\/\/grupo-aligator.com\/de\/holz-systeme-schiebe-elemente\/","url":"https:\/\/grupo-aligator.com\/de\/holz-systeme-schiebe-elemente\/","name":"Holz Systeme Schiebe Elemente Mijas, Tarifa, Malaga, Marbella, Torrox - Cristaleria Aligator","isPartOf":{"@id":"https:\/\/grupo-aligator.com\/de\/#website"},"datePublished":"2014-12-03T16:02:27+00:00","dateModified":"2015-09-18T08:29:51+00:00","description":"Holz Systeme Schiebe Elemente Mijas, Tarifa, Malaga, Marbella, Torrox - Cristaleria Aligator Wintergarten und Terrassenverglasung auch in Sotogrande Costa del Sol","breadcrumb":{"@id":"https:\/\/grupo-aligator.com\/de\/holz-systeme-schiebe-elemente\/#breadcrumb"},"inLanguage":"de","potentialAction":[{"@type":"ReadAction","target":["https:\/\/grupo-aligator.com\/de\/holz-systeme-schiebe-elemente\/"]}]},{"@type":"BreadcrumbList","@id":"https:\/\/grupo-aligator.com\/de\/holz-systeme-schiebe-elemente\/#breadcrumb","itemListElement":[{"@type":"ListItem","position":1,"name":"Home","item":"https:\/\/grupo-aligator.com\/de\/"},{"@type":"ListItem","position":2,"name":"Holz Systeme Schiebe Elemente"}]},{"@type":"WebSite","@id":"https:\/\/grupo-aligator.com\/de\/#website","url":"https:\/\/grupo-aligator.com\/de\/","name":"","description":"","publisher":{"@id":"https:\/\/grupo-aligator.com\/de\/#organization"},"potentialAction":[{"@type":"SearchAction","target":{"@type":"EntryPoint","urlTemplate":"https:\/\/grupo-aligator.com\/de\/?s={search_term_string}"},"query-input":"required name=search_term_string"}],"inLanguage":"de"},{"@type":"Organization","@id":"https:\/\/grupo-aligator.com\/de\/#organization","name":"Cristaleria Aligator S.L.","url":"https:\/\/grupo-aligator.com\/de\/","logo":{"@type":"ImageObject","inLanguage":"de","@id":"https:\/\/grupo-aligator.com\/de\/#\/schema\/logo\/image\/","url":"http:\/\/grupo-aligator.com\/wp-content\/uploads\/2019\/11\/aligator-logo-de.png","contentUrl":"http:\/\/grupo-aligator.com\/wp-content\/uploads\/2019\/11\/aligator-logo-de.png","width":150,"height":160,"caption":"Cristaleria Aligator S.L."},"image":{"@id":"https:\/\/grupo-aligator.com\/de\/#\/schema\/logo\/image\/"}}]}},"_links":{"self":[{"href":"https:\/\/grupo-aligator.com\/de\/wp-json\/wp\/v2\/pages\/3646"}],"collection":[{"href":"https:\/\/grupo-aligator.com\/de\/wp-json\/wp\/v2\/pages"}],"about":[{"href":"https:\/\/grupo-aligator.com\/de\/wp-json\/wp\/v2\/types\/page"}],"author":[{"embeddable":true,"href":"https:\/\/grupo-aligator.com\/de\/wp-json\/wp\/v2\/users\/1"}],"replies":[{"embeddable":true,"href":"https:\/\/grupo-aligator.com\/de\/wp-json\/wp\/v2\/comments?post=3646"}],"version-history":[{"count":2,"href":"https:\/\/grupo-aligator.com\/de\/wp-json\/wp\/v2\/pages\/3646\/revisions"}],"predecessor-version":[{"id":5225,"href":"https:\/\/grupo-aligator.com\/de\/wp-json\/wp\/v2\/pages\/3646\/revisions\/5225"}],"wp:attachment":[{"href":"https:\/\/grupo-aligator.com\/de\/wp-json\/wp\/v2\/media?parent=3646"}],"curies":[{"name":"wp","href":"https:\/\/api.w.org\/{rel}","templated":true}]}}