{"id":3637,"date":"2014-12-03T15:58:13","date_gmt":"2014-12-03T15:58:13","guid":{"rendered":"http:\/\/aligator.cristaleria-aligator.com\/?page_id=3637"},"modified":"2015-09-18T08:28:18","modified_gmt":"2015-09-18T08:28:18","slug":"holz-fenster-and-turen-dreh-kipp-elemente","status":"publish","type":"page","link":"https:\/\/grupo-aligator.com\/de\/holz-fenster-and-turen-dreh-kipp-elemente\/","title":{"rendered":"Holz-Fenster &#038; T\u00fcren<br\/ > Dreh-Kipp Elemente"},"content":{"rendered":"<div id=\"aligator-logo-de\" style=\"margin: -74px 0 0 742px;\"><\/div>\n<div class=\"toldos-top-logo\"><\/div>\n<div id=\"toldos-aligator-description\">\n<p style=\"font-size: 14px;\">Rund, rustikal oder lieber schr\u00e4g? Kiefer, L\u00e4rche oder extrem robustes Exotenholz? Eine von 9 exklusiven oder eine von 180-RAL-Farben? Ganz gleich, welche Varianten Sie w\u00e4hlen \u2013 mit unseren Holz-Fenstern entscheiden Sie sich stets f\u00fcr meisterliches Design. Das zeigt sich in jedem Detail. Wie an den Beschl\u00e4gen, diese sind rahmenb\u00fcndig eingelassen. Der konsequente Verzicht auf unn\u00f6tige Ecken und Kanten verleiht dem Fenster eine bestechende Optik. Und zwar dauerhaft. Die Lasuren enthalten spezielle Pigmente, die das Holz vor UV-Strahlung sch\u00fctzen. Damit Sie lange Freude am Meisterfenster haben.<\/p>\n<\/div>\n<div class=\"toldos-gallery\"><div class=\"DOPThumbnailGalleryContainer\" id=\"DOPThumbnailGallery197\">\n                                 <a href=\"https:\/\/grupo-aligator.com\/wp-content\/plugins\/_doptg\/frontend-ajax.php\" class=\"Settings\"><\/a>\n                                 <ul class=\"Content\" style=\"display:none;\"><li>\n                                                    <img class=\"Image\" src=\"https:\/\/grupo-aligator.com\/wp-content\/plugins\/_doptg\/uploads\/5Wdjr2Tj3GLThPmfHF48OqCtxDrd8QWrKmq6XCmEz7GHkTMDnAZdDGeYWB7sCAkdA.jpg\" alt=\"\" title=\"\" \/>\n                                                    <img class=\"Thumb\" src=\"https:\/\/grupo-aligator.com\/wp-content\/plugins\/_doptg\/uploads\/thumbs\/5Wdjr2Tj3GLThPmfHF48OqCtxDrd8QWrKmq6XCmEz7GHkTMDnAZdDGeYWB7sCAkdA.jpg\" alt=\"\" title=\"\" \/>\n                                                    <span class=\"CaptionTitle\"><\/span>\n                                                    <span class=\"CaptionText\"><\/span>\n                                                    <span class=\"Media\"><\/span>\n                                                    <span class=\"LightboxMedia\"><\/span>\n                                                 <\/li><li>\n                                                    <img class=\"Image\" src=\"https:\/\/grupo-aligator.com\/wp-content\/plugins\/_doptg\/uploads\/2CfcMbcHZAsFnRtmhO4s8SZbpEy1BmqPS4GwFk1hBkd1cbNM77HP4HwfX2MGNnxkL.jpg\" alt=\"\" title=\"\" \/>\n                                                    <img class=\"Thumb\" src=\"https:\/\/grupo-aligator.com\/wp-content\/plugins\/_doptg\/uploads\/thumbs\/2CfcMbcHZAsFnRtmhO4s8SZbpEy1BmqPS4GwFk1hBkd1cbNM77HP4HwfX2MGNnxkL.jpg\" alt=\"\" title=\"\" \/>\n                                                    <span class=\"CaptionTitle\"><\/span>\n                                                    <span class=\"CaptionText\"><\/span>\n                                                    <span class=\"Media\"><\/span>\n                                                    <span class=\"LightboxMedia\"><\/span>\n                                                 <\/li><li>\n                                                    <img class=\"Image\" src=\"https:\/\/grupo-aligator.com\/wp-content\/plugins\/_doptg\/uploads\/WRaQFPz6DMXdjGH9WMcfpjmTnHZ76kx8LdakjK1FdE7ARjPxt9BTRjP8PYcmykwgY.jpg\" alt=\"\" title=\"\" \/>\n                                                    <img class=\"Thumb\" src=\"https:\/\/grupo-aligator.com\/wp-content\/plugins\/_doptg\/uploads\/thumbs\/WRaQFPz6DMXdjGH9WMcfpjmTnHZ76kx8LdakjK1FdE7ARjPxt9BTRjP8PYcmykwgY.jpg\" alt=\"\" title=\"\" \/>\n                                                    <span class=\"CaptionTitle\"><\/span>\n                                                    <span class=\"CaptionText\"><\/span>\n                                                    <span class=\"Media\"><\/span>\n                                                    <span class=\"LightboxMedia\"><\/span>\n                                                 <\/li><li>\n                                                    <img class=\"Image\" src=\"https:\/\/grupo-aligator.com\/wp-content\/plugins\/_doptg\/uploads\/PGkNOOATLddfczttYQhh5KbFBCmyxxr2p9A8BGB3CEbm1NaYkcGdt8PNdKOD4FAfX.jpg\" alt=\"\" title=\"\" \/>\n                                                    <img class=\"Thumb\" src=\"https:\/\/grupo-aligator.com\/wp-content\/plugins\/_doptg\/uploads\/thumbs\/PGkNOOATLddfczttYQhh5KbFBCmyxxr2p9A8BGB3CEbm1NaYkcGdt8PNdKOD4FAfX.jpg\" alt=\"\" title=\"\" \/>\n                                                    <span class=\"CaptionTitle\"><\/span>\n                                                    <span class=\"CaptionText\"><\/span>\n                                                    <span class=\"Media\"><\/span>\n                                                    <span class=\"LightboxMedia\"><\/span>\n                                                 <\/li><\/ul>\n                             <\/div>\n                             <script type=\"text\/JavaScript\">\n                                 jQuery(document).ready(function(){\n                                     jQuery('#DOPThumbnailGallery197').DOPThumbnailGallery();\n                                 });\n                             <\/script><\/div>\n","protected":false},"excerpt":{"rendered":"<p>Rund, rustikal oder lieber schr\u00e4g? Kiefer, L\u00e4rche oder extrem robustes Exotenholz? Eine von 9 exklusiven oder eine von 180-RAL-Farben? Ganz gleich, welche Varianten Sie w\u00e4hlen \u2013 mit unseren Holz-Fenstern entscheiden Sie sich stets f\u00fcr meisterliches Design. Das zeigt sich in jedem Detail. Wie an den Beschl\u00e4gen, diese sind rahmenb\u00fcndig eingelassen. Der konsequente Verzicht auf unn\u00f6tige Ecken und Kanten verleiht dem Fenster eine bestechende Optik. Und zwar dauerhaft. Die Lasuren<span class=\"ellipsis\">&hellip;<\/span><\/p>\n<div class=\"read-more\"><a href=\"https:\/\/grupo-aligator.com\/de\/holz-fenster-and-turen-dreh-kipp-elemente\/\">Read More&#8230;<\/a><\/div>\n<p><!-- end of .read-more --><\/p>\n","protected":false},"author":1,"featured_media":0,"parent":0,"menu_order":0,"comment_status":"open","ping_status":"open","template":"content-page.php","meta":[],"yoast_head":"<!-- This site is optimized with the Yoast SEO plugin v19.11 - https:\/\/yoast.com\/wordpress\/plugins\/seo\/ -->\n<title>Holz-Fenster &amp; T\u00fcren Dreh-Kipp Elemente Mijas, Tarifa, Malaga, Marbella, Torrox - Cristaleria Aligator<\/title>\n<meta name=\"description\" content=\"Holz-Fenster &amp; T\u00fcren Dreh-Kipp Elemente Mijas, Tarifa, Malaga, Marbella, Torrox - Cristaleria Aligator Wintergarten und Terrassenverglasung auch in Sotogrande Costa del Sol\" \/>\n<meta name=\"robots\" content=\"index, follow, max-snippet:-1, max-image-preview:large, max-video-preview:-1\" \/>\n<link rel=\"canonical\" href=\"https:\/\/grupo-aligator.com\/de\/holz-fenster-and-turen-dreh-kipp-elemente\/\" \/>\n<meta property=\"og:locale\" content=\"de_DE\" \/>\n<meta property=\"og:type\" content=\"article\" \/>\n<meta property=\"og:title\" content=\"Holz-Fenster &amp; T\u00fcren Dreh-Kipp Elemente Mijas, Tarifa, Malaga, Marbella, Torrox - Cristaleria Aligator\" \/>\n<meta property=\"og:description\" content=\"Holz-Fenster &amp; T\u00fcren Dreh-Kipp Elemente Mijas, Tarifa, Malaga, Marbella, Torrox - Cristaleria Aligator Wintergarten und Terrassenverglasung auch in Sotogrande Costa del Sol\" \/>\n<meta property=\"og:url\" content=\"https:\/\/grupo-aligator.com\/de\/holz-fenster-and-turen-dreh-kipp-elemente\/\" \/>\n<meta property=\"article:modified_time\" content=\"2015-09-18T08:28:18+00:00\" \/>\n<meta name=\"twitter:card\" content=\"summary_large_image\" \/>\n<script type=\"application\/ld+json\" class=\"yoast-schema-graph\">{\"@context\":\"https:\/\/schema.org\",\"@graph\":[{\"@type\":\"WebPage\",\"@id\":\"https:\/\/grupo-aligator.com\/de\/holz-fenster-and-turen-dreh-kipp-elemente\/\",\"url\":\"https:\/\/grupo-aligator.com\/de\/holz-fenster-and-turen-dreh-kipp-elemente\/\",\"name\":\"Holz-Fenster & T\u00fcren Dreh-Kipp Elemente Mijas, Tarifa, Malaga, Marbella, Torrox - Cristaleria Aligator\",\"isPartOf\":{\"@id\":\"https:\/\/grupo-aligator.com\/de\/#website\"},\"datePublished\":\"2014-12-03T15:58:13+00:00\",\"dateModified\":\"2015-09-18T08:28:18+00:00\",\"description\":\"Holz-Fenster & T\u00fcren Dreh-Kipp Elemente Mijas, Tarifa, Malaga, Marbella, Torrox - Cristaleria Aligator Wintergarten und Terrassenverglasung auch in Sotogrande Costa del Sol\",\"breadcrumb\":{\"@id\":\"https:\/\/grupo-aligator.com\/de\/holz-fenster-and-turen-dreh-kipp-elemente\/#breadcrumb\"},\"inLanguage\":\"de\",\"potentialAction\":[{\"@type\":\"ReadAction\",\"target\":[\"https:\/\/grupo-aligator.com\/de\/holz-fenster-and-turen-dreh-kipp-elemente\/\"]}]},{\"@type\":\"BreadcrumbList\",\"@id\":\"https:\/\/grupo-aligator.com\/de\/holz-fenster-and-turen-dreh-kipp-elemente\/#breadcrumb\",\"itemListElement\":[{\"@type\":\"ListItem\",\"position\":1,\"name\":\"Home\",\"item\":\"https:\/\/grupo-aligator.com\/de\/\"},{\"@type\":\"ListItem\",\"position\":2,\"name\":\"Holz-Fenster &#038; T\u00fcren Dreh-Kipp Elemente\"}]},{\"@type\":\"WebSite\",\"@id\":\"https:\/\/grupo-aligator.com\/de\/#website\",\"url\":\"https:\/\/grupo-aligator.com\/de\/\",\"name\":\"\",\"description\":\"\",\"publisher\":{\"@id\":\"https:\/\/grupo-aligator.com\/de\/#organization\"},\"potentialAction\":[{\"@type\":\"SearchAction\",\"target\":{\"@type\":\"EntryPoint\",\"urlTemplate\":\"https:\/\/grupo-aligator.com\/de\/?s={search_term_string}\"},\"query-input\":\"required name=search_term_string\"}],\"inLanguage\":\"de\"},{\"@type\":\"Organization\",\"@id\":\"https:\/\/grupo-aligator.com\/de\/#organization\",\"name\":\"Cristaleria Aligator S.L.\",\"url\":\"https:\/\/grupo-aligator.com\/de\/\",\"logo\":{\"@type\":\"ImageObject\",\"inLanguage\":\"de\",\"@id\":\"https:\/\/grupo-aligator.com\/de\/#\/schema\/logo\/image\/\",\"url\":\"http:\/\/grupo-aligator.com\/wp-content\/uploads\/2019\/11\/aligator-logo-de.png\",\"contentUrl\":\"http:\/\/grupo-aligator.com\/wp-content\/uploads\/2019\/11\/aligator-logo-de.png\",\"width\":150,\"height\":160,\"caption\":\"Cristaleria Aligator S.L.\"},\"image\":{\"@id\":\"https:\/\/grupo-aligator.com\/de\/#\/schema\/logo\/image\/\"}}]}<\/script>\n<!-- \/ Yoast SEO plugin. -->","yoast_head_json":{"title":"Holz-Fenster & T\u00fcren Dreh-Kipp Elemente Mijas, Tarifa, Malaga, Marbella, Torrox - Cristaleria Aligator","description":"Holz-Fenster & T\u00fcren Dreh-Kipp Elemente Mijas, Tarifa, Malaga, Marbella, Torrox - Cristaleria Aligator Wintergarten und Terrassenverglasung auch in Sotogrande Costa del Sol","robots":{"index":"index","follow":"follow","max-snippet":"max-snippet:-1","max-image-preview":"max-image-preview:large","max-video-preview":"max-video-preview:-1"},"canonical":"https:\/\/grupo-aligator.com\/de\/holz-fenster-and-turen-dreh-kipp-elemente\/","og_locale":"de_DE","og_type":"article","og_title":"Holz-Fenster & T\u00fcren Dreh-Kipp Elemente Mijas, Tarifa, Malaga, Marbella, Torrox - Cristaleria Aligator","og_description":"Holz-Fenster & T\u00fcren Dreh-Kipp Elemente Mijas, Tarifa, Malaga, Marbella, Torrox - Cristaleria Aligator Wintergarten und Terrassenverglasung auch in Sotogrande Costa del Sol","og_url":"https:\/\/grupo-aligator.com\/de\/holz-fenster-and-turen-dreh-kipp-elemente\/","article_modified_time":"2015-09-18T08:28:18+00:00","twitter_card":"summary_large_image","schema":{"@context":"https:\/\/schema.org","@graph":[{"@type":"WebPage","@id":"https:\/\/grupo-aligator.com\/de\/holz-fenster-and-turen-dreh-kipp-elemente\/","url":"https:\/\/grupo-aligator.com\/de\/holz-fenster-and-turen-dreh-kipp-elemente\/","name":"Holz-Fenster & T\u00fcren Dreh-Kipp Elemente Mijas, Tarifa, Malaga, Marbella, Torrox - Cristaleria Aligator","isPartOf":{"@id":"https:\/\/grupo-aligator.com\/de\/#website"},"datePublished":"2014-12-03T15:58:13+00:00","dateModified":"2015-09-18T08:28:18+00:00","description":"Holz-Fenster & T\u00fcren Dreh-Kipp Elemente Mijas, Tarifa, Malaga, Marbella, Torrox - Cristaleria Aligator Wintergarten und Terrassenverglasung auch in Sotogrande Costa del Sol","breadcrumb":{"@id":"https:\/\/grupo-aligator.com\/de\/holz-fenster-and-turen-dreh-kipp-elemente\/#breadcrumb"},"inLanguage":"de","potentialAction":[{"@type":"ReadAction","target":["https:\/\/grupo-aligator.com\/de\/holz-fenster-and-turen-dreh-kipp-elemente\/"]}]},{"@type":"BreadcrumbList","@id":"https:\/\/grupo-aligator.com\/de\/holz-fenster-and-turen-dreh-kipp-elemente\/#breadcrumb","itemListElement":[{"@type":"ListItem","position":1,"name":"Home","item":"https:\/\/grupo-aligator.com\/de\/"},{"@type":"ListItem","position":2,"name":"Holz-Fenster &#038; T\u00fcren Dreh-Kipp Elemente"}]},{"@type":"WebSite","@id":"https:\/\/grupo-aligator.com\/de\/#website","url":"https:\/\/grupo-aligator.com\/de\/","name":"","description":"","publisher":{"@id":"https:\/\/grupo-aligator.com\/de\/#organization"},"potentialAction":[{"@type":"SearchAction","target":{"@type":"EntryPoint","urlTemplate":"https:\/\/grupo-aligator.com\/de\/?s={search_term_string}"},"query-input":"required name=search_term_string"}],"inLanguage":"de"},{"@type":"Organization","@id":"https:\/\/grupo-aligator.com\/de\/#organization","name":"Cristaleria Aligator S.L.","url":"https:\/\/grupo-aligator.com\/de\/","logo":{"@type":"ImageObject","inLanguage":"de","@id":"https:\/\/grupo-aligator.com\/de\/#\/schema\/logo\/image\/","url":"http:\/\/grupo-aligator.com\/wp-content\/uploads\/2019\/11\/aligator-logo-de.png","contentUrl":"http:\/\/grupo-aligator.com\/wp-content\/uploads\/2019\/11\/aligator-logo-de.png","width":150,"height":160,"caption":"Cristaleria Aligator S.L."},"image":{"@id":"https:\/\/grupo-aligator.com\/de\/#\/schema\/logo\/image\/"}}]}},"_links":{"self":[{"href":"https:\/\/grupo-aligator.com\/de\/wp-json\/wp\/v2\/pages\/3637"}],"collection":[{"href":"https:\/\/grupo-aligator.com\/de\/wp-json\/wp\/v2\/pages"}],"about":[{"href":"https:\/\/grupo-aligator.com\/de\/wp-json\/wp\/v2\/types\/page"}],"author":[{"embeddable":true,"href":"https:\/\/grupo-aligator.com\/de\/wp-json\/wp\/v2\/users\/1"}],"replies":[{"embeddable":true,"href":"https:\/\/grupo-aligator.com\/de\/wp-json\/wp\/v2\/comments?post=3637"}],"version-history":[{"count":3,"href":"https:\/\/grupo-aligator.com\/de\/wp-json\/wp\/v2\/pages\/3637\/revisions"}],"predecessor-version":[{"id":5222,"href":"https:\/\/grupo-aligator.com\/de\/wp-json\/wp\/v2\/pages\/3637\/revisions\/5222"}],"wp:attachment":[{"href":"https:\/\/grupo-aligator.com\/de\/wp-json\/wp\/v2\/media?parent=3637"}],"curies":[{"name":"wp","href":"https:\/\/api.w.org\/{rel}","templated":true}]}}