{"id":3612,"date":"2014-12-03T15:08:14","date_gmt":"2014-12-03T15:08:14","guid":{"rendered":"http:\/\/aligator.cristaleria-aligator.com\/?page_id=3612"},"modified":"2015-09-18T08:19:51","modified_gmt":"2015-09-18T08:19:51","slug":"wohnwerte-schaffen-mit-schuco-aluminium-schiebe-systemen","status":"publish","type":"page","link":"https:\/\/grupo-aligator.com\/de\/wohnwerte-schaffen-mit-schuco-aluminium-schiebe-systemen\/","title":{"rendered":"Wohnwerte schaffen-<br\/ > mit Sch\u00fcco Aluminium Schiebe-Systemen"},"content":{"rendered":"<div id=\"aligator-logo-de\" style=\"margin: -74px 0 0 742px;\"><\/div>\n<div class=\"toldos-top-logo\"><\/div>\n<div id=\"toldos-aligator-description\">\n<p style=\"font-size: 14px;\">Durch die Vielzahl an verf\u00fcgbaren Rollen- und Fl\u00fcgelsystemen, k\u00f6nnen Schiebet\u00fcren mit Fl\u00fcgelgewichten von bis zu 400 kg ausgelegt werden. In Verbindung mit einer mehrgleisigen F\u00fchrungsschiene, sind auch \u00fcberdurchnittliche Konstruktionen in H\u00f6he, Breite und Anzahl der Fl\u00fcgel m\u00f6glich.<br \/>\nZus\u00e4tzlich k\u00f6nnen mehrere Systeme aneinander gekoppelt werden und ganze Fassadenbereiche mit dem Komfort von Aluminium- Fenster und Schiebesystemen<br \/>\nausstatten. Durch die hohe Stabilit\u00e4t und der ausgefeilten Technik, sind Sch\u00fcco Schiebet\u00fcren, sowohl Kunststoff- als auch Holzkonstruktionen weit \u00fcberlegen.<\/p>\n<\/div>\n<div class=\"toldos-gallery\"><div class=\"DOPThumbnailGalleryContainer\" id=\"DOPThumbnailGallery195\">\n                                 <a href=\"https:\/\/grupo-aligator.com\/wp-content\/plugins\/_doptg\/frontend-ajax.php\" class=\"Settings\"><\/a>\n                                 <ul class=\"Content\" style=\"display:none;\"><li>\n                                                    <img class=\"Image\" src=\"https:\/\/grupo-aligator.com\/wp-content\/plugins\/_doptg\/uploads\/ydZtP5n99tBeBEKpSO3tRTRfdjprD1ZabhR6D3cORPHEsbc27CyaO1k6y4z8TzS2P.jpg\" alt=\"\" title=\"\" \/>\n                                                    <img class=\"Thumb\" src=\"https:\/\/grupo-aligator.com\/wp-content\/plugins\/_doptg\/uploads\/thumbs\/ydZtP5n99tBeBEKpSO3tRTRfdjprD1ZabhR6D3cORPHEsbc27CyaO1k6y4z8TzS2P.jpg\" alt=\"\" title=\"\" \/>\n                                                    <span class=\"CaptionTitle\"><\/span>\n                                                    <span class=\"CaptionText\"><\/span>\n                                                    <span class=\"Media\"><\/span>\n                                                    <span class=\"LightboxMedia\"><\/span>\n                                                 <\/li><li>\n                                                    <img class=\"Image\" src=\"https:\/\/grupo-aligator.com\/wp-content\/plugins\/_doptg\/uploads\/gCkawTPcP39kOzO3ZkfakjHhbyhgYtzOOFLfcRqzyjB9dxsQq7WRTYbkk4XmBRtLL.jpg\" alt=\"\" title=\"\" \/>\n                                                    <img class=\"Thumb\" src=\"https:\/\/grupo-aligator.com\/wp-content\/plugins\/_doptg\/uploads\/thumbs\/gCkawTPcP39kOzO3ZkfakjHhbyhgYtzOOFLfcRqzyjB9dxsQq7WRTYbkk4XmBRtLL.jpg\" alt=\"\" title=\"\" \/>\n                                                    <span class=\"CaptionTitle\"><\/span>\n                                                    <span class=\"CaptionText\"><\/span>\n                                                    <span class=\"Media\"><\/span>\n                                                    <span class=\"LightboxMedia\"><\/span>\n                                                 <\/li><li>\n                                                    <img class=\"Image\" src=\"https:\/\/grupo-aligator.com\/wp-content\/plugins\/_doptg\/uploads\/PPacw6BKfmSZaTjOWaq3g92m3epry3qYd2QTb1ajOPNahZBkeE1fMnpYPr8ZmRFFf.jpg\" alt=\"\" title=\"\" \/>\n                                                    <img class=\"Thumb\" src=\"https:\/\/grupo-aligator.com\/wp-content\/plugins\/_doptg\/uploads\/thumbs\/PPacw6BKfmSZaTjOWaq3g92m3epry3qYd2QTb1ajOPNahZBkeE1fMnpYPr8ZmRFFf.jpg\" alt=\"\" title=\"\" \/>\n                                                    <span class=\"CaptionTitle\"><\/span>\n                                                    <span class=\"CaptionText\"><\/span>\n                                                    <span class=\"Media\"><\/span>\n                                                    <span class=\"LightboxMedia\"><\/span>\n                                                 <\/li><li>\n                                                    <img class=\"Image\" src=\"https:\/\/grupo-aligator.com\/wp-content\/plugins\/_doptg\/uploads\/2wBX9FEF24DbmkYzY1pj9YwGONcMQ7jS9g6wGxsxhqFMpeYkh7cMX5YkeasPe3YBR.jpg\" alt=\"\" title=\"\" \/>\n                                                    <img class=\"Thumb\" src=\"https:\/\/grupo-aligator.com\/wp-content\/plugins\/_doptg\/uploads\/thumbs\/2wBX9FEF24DbmkYzY1pj9YwGONcMQ7jS9g6wGxsxhqFMpeYkh7cMX5YkeasPe3YBR.jpg\" alt=\"\" title=\"\" \/>\n                                                    <span class=\"CaptionTitle\"><\/span>\n                                                    <span class=\"CaptionText\"><\/span>\n                                                    <span class=\"Media\"><\/span>\n                                                    <span class=\"LightboxMedia\"><\/span>\n                                                 <\/li><li>\n                                                    <img class=\"Image\" src=\"https:\/\/grupo-aligator.com\/wp-content\/plugins\/_doptg\/uploads\/Q4w7jrPsNWZAL5cwcwN8wLMy6RmpKcCBkfmdFrzwSbfLTRrR1S1t82aONks5phEOh.jpg\" alt=\"\" title=\"\" \/>\n                                                    <img class=\"Thumb\" src=\"https:\/\/grupo-aligator.com\/wp-content\/plugins\/_doptg\/uploads\/thumbs\/Q4w7jrPsNWZAL5cwcwN8wLMy6RmpKcCBkfmdFrzwSbfLTRrR1S1t82aONks5phEOh.jpg\" alt=\"\" title=\"\" \/>\n                                                    <span class=\"CaptionTitle\"><\/span>\n                                                    <span class=\"CaptionText\"><\/span>\n                                                    <span class=\"Media\"><\/span>\n                                                    <span class=\"LightboxMedia\"><\/span>\n                                                 <\/li><li>\n                                                    <img class=\"Image\" src=\"https:\/\/grupo-aligator.com\/wp-content\/plugins\/_doptg\/uploads\/wd5AMY65aeGY4keepLyKjKM1rhcabLD96QQftaFX35tBWAqxLPnDHjaThnFm2qKd4.jpg\" alt=\"\" title=\"\" \/>\n                                                    <img class=\"Thumb\" src=\"https:\/\/grupo-aligator.com\/wp-content\/plugins\/_doptg\/uploads\/thumbs\/wd5AMY65aeGY4keepLyKjKM1rhcabLD96QQftaFX35tBWAqxLPnDHjaThnFm2qKd4.jpg\" alt=\"\" title=\"\" \/>\n                                                    <span class=\"CaptionTitle\"><\/span>\n                                                    <span class=\"CaptionText\"><\/span>\n                                                    <span class=\"Media\"><\/span>\n                                                    <span class=\"LightboxMedia\"><\/span>\n                                                 <\/li><li>\n                                                    <img class=\"Image\" src=\"https:\/\/grupo-aligator.com\/wp-content\/plugins\/_doptg\/uploads\/rqGKW7t53phX4XzmSAgN3PQhLbgmg4M6xmnpMNRqCs6Ws22RCHONF3fBWFAseXAfE.jpg\" alt=\"\" title=\"\" \/>\n                                                    <img class=\"Thumb\" src=\"https:\/\/grupo-aligator.com\/wp-content\/plugins\/_doptg\/uploads\/thumbs\/rqGKW7t53phX4XzmSAgN3PQhLbgmg4M6xmnpMNRqCs6Ws22RCHONF3fBWFAseXAfE.jpg\" alt=\"\" title=\"\" \/>\n                                                    <span class=\"CaptionTitle\"><\/span>\n                                                    <span class=\"CaptionText\"><\/span>\n                                                    <span class=\"Media\"><\/span>\n                                                    <span class=\"LightboxMedia\"><\/span>\n                                                 <\/li><li>\n                                                    <img class=\"Image\" src=\"https:\/\/grupo-aligator.com\/wp-content\/plugins\/_doptg\/uploads\/cmLfbN4rtz7SpdXpns3Neqtfyxa3cxjEEkGLn6D4EpDf2ccYXH1gTPnYkYC9AGLkm.jpg\" alt=\"\" title=\"\" \/>\n                                                    <img class=\"Thumb\" src=\"https:\/\/grupo-aligator.com\/wp-content\/plugins\/_doptg\/uploads\/thumbs\/cmLfbN4rtz7SpdXpns3Neqtfyxa3cxjEEkGLn6D4EpDf2ccYXH1gTPnYkYC9AGLkm.jpg\" alt=\"\" title=\"\" \/>\n                                                    <span class=\"CaptionTitle\"><\/span>\n                                                    <span class=\"CaptionText\"><\/span>\n                                                    <span class=\"Media\"><\/span>\n                                                    <span class=\"LightboxMedia\"><\/span>\n                                                 <\/li><\/ul>\n                             <\/div>\n                             <script type=\"text\/JavaScript\">\n                                 jQuery(document).ready(function(){\n                                     jQuery('#DOPThumbnailGallery195').DOPThumbnailGallery();\n                                 });\n                             <\/script><\/div>\n","protected":false},"excerpt":{"rendered":"<p>Durch die Vielzahl an verf\u00fcgbaren Rollen- und Fl\u00fcgelsystemen, k\u00f6nnen Schiebet\u00fcren mit Fl\u00fcgelgewichten von bis zu 400 kg ausgelegt werden. In Verbindung mit einer mehrgleisigen F\u00fchrungsschiene, sind auch \u00fcberdurchnittliche Konstruktionen in H\u00f6he, Breite und Anzahl der Fl\u00fcgel m\u00f6glich. Zus\u00e4tzlich k\u00f6nnen mehrere Systeme aneinander gekoppelt werden und ganze Fassadenbereiche mit dem Komfort von Aluminium- Fenster und Schiebesystemen ausstatten. Durch die hohe Stabilit\u00e4t und der ausgefeilten Technik, sind Sch\u00fcco Schiebet\u00fcren, sowohl Kunststoff-<span class=\"ellipsis\">&hellip;<\/span><\/p>\n<div class=\"read-more\"><a href=\"https:\/\/grupo-aligator.com\/de\/wohnwerte-schaffen-mit-schuco-aluminium-schiebe-systemen\/\">Read More&#8230;<\/a><\/div>\n<p><!-- end of .read-more --><\/p>\n","protected":false},"author":1,"featured_media":0,"parent":0,"menu_order":0,"comment_status":"open","ping_status":"open","template":"content-page.php","meta":[],"yoast_head":"<!-- This site is optimized with the Yoast SEO plugin v19.11 - https:\/\/yoast.com\/wordpress\/plugins\/seo\/ -->\n<title>Wohnwerte schaffen- mit Sch\u00fcco Aluminium Schiebe-Systemen Mijas, Tarifa, Malaga, Marbella, Torrox - Cristaleria Aligator<\/title>\n<meta name=\"description\" content=\"Wohnwerte schaffen- mit Sch\u00fcco Aluminium Schiebe-Systemen Mijas, Tarifa, Malaga, Marbella, Torrox - Cristaleria Aligator Wintergarten und Terrassenverglasung auch in Sotogrande Costa del Sol\" \/>\n<meta name=\"robots\" content=\"index, follow, max-snippet:-1, max-image-preview:large, max-video-preview:-1\" \/>\n<link rel=\"canonical\" href=\"https:\/\/grupo-aligator.com\/de\/wohnwerte-schaffen-mit-schuco-aluminium-schiebe-systemen\/\" \/>\n<meta property=\"og:locale\" content=\"de_DE\" \/>\n<meta property=\"og:type\" content=\"article\" \/>\n<meta property=\"og:title\" content=\"Wohnwerte schaffen- mit Sch\u00fcco Aluminium Schiebe-Systemen Mijas, Tarifa, Malaga, Marbella, Torrox - Cristaleria Aligator\" \/>\n<meta property=\"og:description\" content=\"Wohnwerte schaffen- mit Sch\u00fcco Aluminium Schiebe-Systemen Mijas, Tarifa, Malaga, Marbella, Torrox - Cristaleria Aligator Wintergarten und Terrassenverglasung auch in Sotogrande Costa del Sol\" \/>\n<meta property=\"og:url\" content=\"https:\/\/grupo-aligator.com\/de\/wohnwerte-schaffen-mit-schuco-aluminium-schiebe-systemen\/\" \/>\n<meta property=\"article:modified_time\" content=\"2015-09-18T08:19:51+00:00\" \/>\n<meta name=\"twitter:card\" content=\"summary_large_image\" \/>\n<script type=\"application\/ld+json\" class=\"yoast-schema-graph\">{\"@context\":\"https:\/\/schema.org\",\"@graph\":[{\"@type\":\"WebPage\",\"@id\":\"https:\/\/grupo-aligator.com\/de\/wohnwerte-schaffen-mit-schuco-aluminium-schiebe-systemen\/\",\"url\":\"https:\/\/grupo-aligator.com\/de\/wohnwerte-schaffen-mit-schuco-aluminium-schiebe-systemen\/\",\"name\":\"Wohnwerte schaffen- mit Sch\u00fcco Aluminium Schiebe-Systemen Mijas, Tarifa, Malaga, Marbella, Torrox - Cristaleria Aligator\",\"isPartOf\":{\"@id\":\"https:\/\/grupo-aligator.com\/de\/#website\"},\"datePublished\":\"2014-12-03T15:08:14+00:00\",\"dateModified\":\"2015-09-18T08:19:51+00:00\",\"description\":\"Wohnwerte schaffen- mit Sch\u00fcco Aluminium Schiebe-Systemen Mijas, Tarifa, Malaga, Marbella, Torrox - Cristaleria Aligator Wintergarten und Terrassenverglasung auch in Sotogrande Costa del Sol\",\"breadcrumb\":{\"@id\":\"https:\/\/grupo-aligator.com\/de\/wohnwerte-schaffen-mit-schuco-aluminium-schiebe-systemen\/#breadcrumb\"},\"inLanguage\":\"de\",\"potentialAction\":[{\"@type\":\"ReadAction\",\"target\":[\"https:\/\/grupo-aligator.com\/de\/wohnwerte-schaffen-mit-schuco-aluminium-schiebe-systemen\/\"]}]},{\"@type\":\"BreadcrumbList\",\"@id\":\"https:\/\/grupo-aligator.com\/de\/wohnwerte-schaffen-mit-schuco-aluminium-schiebe-systemen\/#breadcrumb\",\"itemListElement\":[{\"@type\":\"ListItem\",\"position\":1,\"name\":\"Home\",\"item\":\"https:\/\/grupo-aligator.com\/de\/\"},{\"@type\":\"ListItem\",\"position\":2,\"name\":\"Wohnwerte schaffen- mit Sch\u00fcco Aluminium Schiebe-Systemen\"}]},{\"@type\":\"WebSite\",\"@id\":\"https:\/\/grupo-aligator.com\/de\/#website\",\"url\":\"https:\/\/grupo-aligator.com\/de\/\",\"name\":\"\",\"description\":\"\",\"publisher\":{\"@id\":\"https:\/\/grupo-aligator.com\/de\/#organization\"},\"potentialAction\":[{\"@type\":\"SearchAction\",\"target\":{\"@type\":\"EntryPoint\",\"urlTemplate\":\"https:\/\/grupo-aligator.com\/de\/?s={search_term_string}\"},\"query-input\":\"required name=search_term_string\"}],\"inLanguage\":\"de\"},{\"@type\":\"Organization\",\"@id\":\"https:\/\/grupo-aligator.com\/de\/#organization\",\"name\":\"Cristaleria Aligator S.L.\",\"url\":\"https:\/\/grupo-aligator.com\/de\/\",\"logo\":{\"@type\":\"ImageObject\",\"inLanguage\":\"de\",\"@id\":\"https:\/\/grupo-aligator.com\/de\/#\/schema\/logo\/image\/\",\"url\":\"http:\/\/grupo-aligator.com\/wp-content\/uploads\/2019\/11\/aligator-logo-de.png\",\"contentUrl\":\"http:\/\/grupo-aligator.com\/wp-content\/uploads\/2019\/11\/aligator-logo-de.png\",\"width\":150,\"height\":160,\"caption\":\"Cristaleria Aligator S.L.\"},\"image\":{\"@id\":\"https:\/\/grupo-aligator.com\/de\/#\/schema\/logo\/image\/\"}}]}<\/script>\n<!-- \/ Yoast SEO plugin. -->","yoast_head_json":{"title":"Wohnwerte schaffen- mit Sch\u00fcco Aluminium Schiebe-Systemen Mijas, Tarifa, Malaga, Marbella, Torrox - Cristaleria Aligator","description":"Wohnwerte schaffen- mit Sch\u00fcco Aluminium Schiebe-Systemen Mijas, Tarifa, Malaga, Marbella, Torrox - Cristaleria Aligator Wintergarten und Terrassenverglasung auch in Sotogrande Costa del Sol","robots":{"index":"index","follow":"follow","max-snippet":"max-snippet:-1","max-image-preview":"max-image-preview:large","max-video-preview":"max-video-preview:-1"},"canonical":"https:\/\/grupo-aligator.com\/de\/wohnwerte-schaffen-mit-schuco-aluminium-schiebe-systemen\/","og_locale":"de_DE","og_type":"article","og_title":"Wohnwerte schaffen- mit Sch\u00fcco Aluminium Schiebe-Systemen Mijas, Tarifa, Malaga, Marbella, Torrox - Cristaleria Aligator","og_description":"Wohnwerte schaffen- mit Sch\u00fcco Aluminium Schiebe-Systemen Mijas, Tarifa, Malaga, Marbella, Torrox - Cristaleria Aligator Wintergarten und Terrassenverglasung auch in Sotogrande Costa del Sol","og_url":"https:\/\/grupo-aligator.com\/de\/wohnwerte-schaffen-mit-schuco-aluminium-schiebe-systemen\/","article_modified_time":"2015-09-18T08:19:51+00:00","twitter_card":"summary_large_image","schema":{"@context":"https:\/\/schema.org","@graph":[{"@type":"WebPage","@id":"https:\/\/grupo-aligator.com\/de\/wohnwerte-schaffen-mit-schuco-aluminium-schiebe-systemen\/","url":"https:\/\/grupo-aligator.com\/de\/wohnwerte-schaffen-mit-schuco-aluminium-schiebe-systemen\/","name":"Wohnwerte schaffen- mit Sch\u00fcco Aluminium Schiebe-Systemen Mijas, Tarifa, Malaga, Marbella, Torrox - Cristaleria Aligator","isPartOf":{"@id":"https:\/\/grupo-aligator.com\/de\/#website"},"datePublished":"2014-12-03T15:08:14+00:00","dateModified":"2015-09-18T08:19:51+00:00","description":"Wohnwerte schaffen- mit Sch\u00fcco Aluminium Schiebe-Systemen Mijas, Tarifa, Malaga, Marbella, Torrox - Cristaleria Aligator Wintergarten und Terrassenverglasung auch in Sotogrande Costa del Sol","breadcrumb":{"@id":"https:\/\/grupo-aligator.com\/de\/wohnwerte-schaffen-mit-schuco-aluminium-schiebe-systemen\/#breadcrumb"},"inLanguage":"de","potentialAction":[{"@type":"ReadAction","target":["https:\/\/grupo-aligator.com\/de\/wohnwerte-schaffen-mit-schuco-aluminium-schiebe-systemen\/"]}]},{"@type":"BreadcrumbList","@id":"https:\/\/grupo-aligator.com\/de\/wohnwerte-schaffen-mit-schuco-aluminium-schiebe-systemen\/#breadcrumb","itemListElement":[{"@type":"ListItem","position":1,"name":"Home","item":"https:\/\/grupo-aligator.com\/de\/"},{"@type":"ListItem","position":2,"name":"Wohnwerte schaffen- mit Sch\u00fcco Aluminium Schiebe-Systemen"}]},{"@type":"WebSite","@id":"https:\/\/grupo-aligator.com\/de\/#website","url":"https:\/\/grupo-aligator.com\/de\/","name":"","description":"","publisher":{"@id":"https:\/\/grupo-aligator.com\/de\/#organization"},"potentialAction":[{"@type":"SearchAction","target":{"@type":"EntryPoint","urlTemplate":"https:\/\/grupo-aligator.com\/de\/?s={search_term_string}"},"query-input":"required name=search_term_string"}],"inLanguage":"de"},{"@type":"Organization","@id":"https:\/\/grupo-aligator.com\/de\/#organization","name":"Cristaleria Aligator S.L.","url":"https:\/\/grupo-aligator.com\/de\/","logo":{"@type":"ImageObject","inLanguage":"de","@id":"https:\/\/grupo-aligator.com\/de\/#\/schema\/logo\/image\/","url":"http:\/\/grupo-aligator.com\/wp-content\/uploads\/2019\/11\/aligator-logo-de.png","contentUrl":"http:\/\/grupo-aligator.com\/wp-content\/uploads\/2019\/11\/aligator-logo-de.png","width":150,"height":160,"caption":"Cristaleria Aligator S.L."},"image":{"@id":"https:\/\/grupo-aligator.com\/de\/#\/schema\/logo\/image\/"}}]}},"_links":{"self":[{"href":"https:\/\/grupo-aligator.com\/de\/wp-json\/wp\/v2\/pages\/3612"}],"collection":[{"href":"https:\/\/grupo-aligator.com\/de\/wp-json\/wp\/v2\/pages"}],"about":[{"href":"https:\/\/grupo-aligator.com\/de\/wp-json\/wp\/v2\/types\/page"}],"author":[{"embeddable":true,"href":"https:\/\/grupo-aligator.com\/de\/wp-json\/wp\/v2\/users\/1"}],"replies":[{"embeddable":true,"href":"https:\/\/grupo-aligator.com\/de\/wp-json\/wp\/v2\/comments?post=3612"}],"version-history":[{"count":2,"href":"https:\/\/grupo-aligator.com\/de\/wp-json\/wp\/v2\/pages\/3612\/revisions"}],"predecessor-version":[{"id":5213,"href":"https:\/\/grupo-aligator.com\/de\/wp-json\/wp\/v2\/pages\/3612\/revisions\/5213"}],"wp:attachment":[{"href":"https:\/\/grupo-aligator.com\/de\/wp-json\/wp\/v2\/media?parent=3612"}],"curies":[{"name":"wp","href":"https:\/\/api.w.org\/{rel}","templated":true}]}}