{"id":3579,"date":"2014-12-03T14:38:30","date_gmt":"2014-12-03T14:38:30","guid":{"rendered":"http:\/\/aligator.cristaleria-aligator.com\/?page_id=3579"},"modified":"2015-09-18T08:35:05","modified_gmt":"2015-09-18T08:35:05","slug":"kunststoff-systeme-schiebe-elemente","status":"publish","type":"page","link":"https:\/\/grupo-aligator.com\/de\/kunststoff-systeme-schiebe-elemente\/","title":{"rendered":"Kunststoff-Systeme<br\/ > Schiebe Elemente"},"content":{"rendered":"<div id=\"aligator-logo-de\" style=\"margin: -74px 0 0 742px;\"><\/div>\n<div class=\"toldos-top-logo\"><\/div>\n<div id=\"toldos-aligator-description\">\n<p style=\"font-size: 14px;\">Die Anspr\u00fcche an eine Kunststofffenster sind hoch &#8211; Sicherheit, W\u00e4rme- und Schallschutz, ansprechende Optik oder hoher Bedienkomfort sind nur einige Eigenschaften. Heutige Kunststofffenster k\u00f6nnen dies alles leisten durch Stahlverst\u00e4rkte Profile, Sicherheitsbeschl\u00e4ge WK1 &#8211; WK3, mit bis zu 6 Luftgef\u00fcllten Kammern und 3 Dichtungsebnen. Ob als Hebe-Schiebe-T\u00fcr, Parallel-Schiebe-T\u00fcr oder nur als Schiebe-T\u00fcr f\u00fcr jede \u00d6ffnung gibt es das richtige Schiebeelement.<\/p>\n<\/div>\n<div class=\"toldos-gallery\"><div class=\"DOPThumbnailGalleryContainer\" id=\"DOPThumbnailGallery200\">\n                                 <a href=\"https:\/\/grupo-aligator.com\/wp-content\/plugins\/_doptg\/frontend-ajax.php\" class=\"Settings\"><\/a>\n                                 <ul class=\"Content\" style=\"display:none;\"><li>\n                                                    <img class=\"Image\" src=\"https:\/\/grupo-aligator.com\/wp-content\/plugins\/_doptg\/uploads\/tSdfd1j1Ey26LMBh6XDdKMEmLd4fzWc3QteDf4dXHqGbRG54Dkcr1E89Z9j5dQO3Y.jpg\" alt=\"\" title=\"\" \/>\n                                                    <img class=\"Thumb\" src=\"https:\/\/grupo-aligator.com\/wp-content\/plugins\/_doptg\/uploads\/thumbs\/tSdfd1j1Ey26LMBh6XDdKMEmLd4fzWc3QteDf4dXHqGbRG54Dkcr1E89Z9j5dQO3Y.jpg\" alt=\"\" title=\"\" \/>\n                                                    <span class=\"CaptionTitle\"><\/span>\n                                                    <span class=\"CaptionText\"><\/span>\n                                                    <span class=\"Media\"><\/span>\n                                                    <span class=\"LightboxMedia\"><\/span>\n                                                 <\/li><li>\n                                                    <img class=\"Image\" src=\"https:\/\/grupo-aligator.com\/wp-content\/plugins\/_doptg\/uploads\/M9jyN6BOp6n8B4YTnpmmXD4QRFqgn8RTcr9f9ZPmNSPARWOwETLOAxNKCbrMrTwzM.jpg\" alt=\"\" title=\"\" \/>\n                                                    <img class=\"Thumb\" src=\"https:\/\/grupo-aligator.com\/wp-content\/plugins\/_doptg\/uploads\/thumbs\/M9jyN6BOp6n8B4YTnpmmXD4QRFqgn8RTcr9f9ZPmNSPARWOwETLOAxNKCbrMrTwzM.jpg\" alt=\"\" title=\"\" \/>\n                                                    <span class=\"CaptionTitle\"><\/span>\n                                                    <span class=\"CaptionText\"><\/span>\n                                                    <span class=\"Media\"><\/span>\n                                                    <span class=\"LightboxMedia\"><\/span>\n                                                 <\/li><li>\n                                                    <img class=\"Image\" src=\"https:\/\/grupo-aligator.com\/wp-content\/plugins\/_doptg\/uploads\/zrcjRy3MfSkh3XqX1XjbBsbaKEfQW6cB5GSRWQ5fE7kk8F66d3LwjLZOCcwW7FphQ.jpg\" alt=\"\" title=\"\" \/>\n                                                    <img class=\"Thumb\" src=\"https:\/\/grupo-aligator.com\/wp-content\/plugins\/_doptg\/uploads\/thumbs\/zrcjRy3MfSkh3XqX1XjbBsbaKEfQW6cB5GSRWQ5fE7kk8F66d3LwjLZOCcwW7FphQ.jpg\" alt=\"\" title=\"\" \/>\n                                                    <span class=\"CaptionTitle\"><\/span>\n                                                    <span class=\"CaptionText\"><\/span>\n                                                    <span class=\"Media\"><\/span>\n                                                    <span class=\"LightboxMedia\"><\/span>\n                                                 <\/li><li>\n                                                    <img class=\"Image\" src=\"https:\/\/grupo-aligator.com\/wp-content\/plugins\/_doptg\/uploads\/rQsq3FRyZW3pZEncRAEm1smmE8CBtCKsdB7wD2BDdtXkMOX2mt41PnqQM2jerDsRN.jpg\" alt=\"\" title=\"\" \/>\n                                                    <img class=\"Thumb\" src=\"https:\/\/grupo-aligator.com\/wp-content\/plugins\/_doptg\/uploads\/thumbs\/rQsq3FRyZW3pZEncRAEm1smmE8CBtCKsdB7wD2BDdtXkMOX2mt41PnqQM2jerDsRN.jpg\" alt=\"\" title=\"\" \/>\n                                                    <span class=\"CaptionTitle\"><\/span>\n                                                    <span class=\"CaptionText\"><\/span>\n                                                    <span class=\"Media\"><\/span>\n                                                    <span class=\"LightboxMedia\"><\/span>\n                                                 <\/li><li>\n                                                    <img class=\"Image\" src=\"https:\/\/grupo-aligator.com\/wp-content\/plugins\/_doptg\/uploads\/tF5KhMCPLWBycaeDfXdkzqZ15SPgX4wbZdrFDwtL2trAxs87FO8Sa3gQ31hxGxKdc.jpg\" alt=\"\" title=\"\" \/>\n                                                    <img class=\"Thumb\" src=\"https:\/\/grupo-aligator.com\/wp-content\/plugins\/_doptg\/uploads\/thumbs\/tF5KhMCPLWBycaeDfXdkzqZ15SPgX4wbZdrFDwtL2trAxs87FO8Sa3gQ31hxGxKdc.jpg\" alt=\"\" title=\"\" \/>\n                                                    <span class=\"CaptionTitle\"><\/span>\n                                                    <span class=\"CaptionText\"><\/span>\n                                                    <span class=\"Media\"><\/span>\n                                                    <span class=\"LightboxMedia\"><\/span>\n                                                 <\/li><li>\n                                                    <img class=\"Image\" src=\"https:\/\/grupo-aligator.com\/wp-content\/plugins\/_doptg\/uploads\/c9CsdGQCq2kmeRegdaFQdHnaZAm4PjasjHW72DgZCt9x7Kd4CA5HSpZqjet4ESWtX.jpg\" alt=\"\" title=\"\" \/>\n                                                    <img class=\"Thumb\" src=\"https:\/\/grupo-aligator.com\/wp-content\/plugins\/_doptg\/uploads\/thumbs\/c9CsdGQCq2kmeRegdaFQdHnaZAm4PjasjHW72DgZCt9x7Kd4CA5HSpZqjet4ESWtX.jpg\" alt=\"\" title=\"\" \/>\n                                                    <span class=\"CaptionTitle\"><\/span>\n                                                    <span class=\"CaptionText\"><\/span>\n                                                    <span class=\"Media\"><\/span>\n                                                    <span class=\"LightboxMedia\"><\/span>\n                                                 <\/li><li>\n                                                    <img class=\"Image\" src=\"https:\/\/grupo-aligator.com\/wp-content\/plugins\/_doptg\/uploads\/ycFfdAAFDPd6SYf4sfp9myG7QcOZL9NjgjgEk4PB3dKMNMkhREs4p4RKWtdaFWcOq.jpg\" alt=\"\" title=\"\" \/>\n                                                    <img class=\"Thumb\" src=\"https:\/\/grupo-aligator.com\/wp-content\/plugins\/_doptg\/uploads\/thumbs\/ycFfdAAFDPd6SYf4sfp9myG7QcOZL9NjgjgEk4PB3dKMNMkhREs4p4RKWtdaFWcOq.jpg\" alt=\"\" title=\"\" \/>\n                                                    <span class=\"CaptionTitle\"><\/span>\n                                                    <span class=\"CaptionText\"><\/span>\n                                                    <span class=\"Media\"><\/span>\n                                                    <span class=\"LightboxMedia\"><\/span>\n                                                 <\/li><li>\n                                                    <img class=\"Image\" src=\"https:\/\/grupo-aligator.com\/wp-content\/plugins\/_doptg\/uploads\/ddD11rADPZTRwAqBEPDsQtyOgSy3xmy537HPsTfaEjY15D3WdzmTGY8Xg69ZaX7L3.jpg\" alt=\"\" title=\"\" \/>\n                                                    <img class=\"Thumb\" src=\"https:\/\/grupo-aligator.com\/wp-content\/plugins\/_doptg\/uploads\/thumbs\/ddD11rADPZTRwAqBEPDsQtyOgSy3xmy537HPsTfaEjY15D3WdzmTGY8Xg69ZaX7L3.jpg\" alt=\"\" title=\"\" \/>\n                                                    <span class=\"CaptionTitle\"><\/span>\n                                                    <span class=\"CaptionText\"><\/span>\n                                                    <span class=\"Media\"><\/span>\n                                                    <span class=\"LightboxMedia\"><\/span>\n                                                 <\/li><li>\n                                                    <img class=\"Image\" src=\"https:\/\/grupo-aligator.com\/wp-content\/plugins\/_doptg\/uploads\/h2X2MRTG24rTyYfc44XrNQAODhrPxBTptWtaghMEQ7fT8cDktbjBAPEXa7r8999MN.jpg\" alt=\"\" title=\"\" \/>\n                                                    <img class=\"Thumb\" src=\"https:\/\/grupo-aligator.com\/wp-content\/plugins\/_doptg\/uploads\/thumbs\/h2X2MRTG24rTyYfc44XrNQAODhrPxBTptWtaghMEQ7fT8cDktbjBAPEXa7r8999MN.jpg\" alt=\"\" title=\"\" \/>\n                                                    <span class=\"CaptionTitle\"><\/span>\n                                                    <span class=\"CaptionText\"><\/span>\n                                                    <span class=\"Media\"><\/span>\n                                                    <span class=\"LightboxMedia\"><\/span>\n                                                 <\/li><li>\n                                                    <img class=\"Image\" src=\"https:\/\/grupo-aligator.com\/wp-content\/plugins\/_doptg\/uploads\/5SZ3hhjDkEkGn9smkc1qSL1Bhj6Pf5E4gcBqAgEHMSHcDLZPOWYRqarar3AsS8O1z.jpg\" alt=\"\" title=\"\" \/>\n                                                    <img class=\"Thumb\" src=\"https:\/\/grupo-aligator.com\/wp-content\/plugins\/_doptg\/uploads\/thumbs\/5SZ3hhjDkEkGn9smkc1qSL1Bhj6Pf5E4gcBqAgEHMSHcDLZPOWYRqarar3AsS8O1z.jpg\" alt=\"\" title=\"\" \/>\n                                                    <span class=\"CaptionTitle\"><\/span>\n                                                    <span class=\"CaptionText\"><\/span>\n                                                    <span class=\"Media\"><\/span>\n                                                    <span class=\"LightboxMedia\"><\/span>\n                                                 <\/li><li>\n                                                    <img class=\"Image\" src=\"https:\/\/grupo-aligator.com\/wp-content\/plugins\/_doptg\/uploads\/ETfKPng361EZr668YdkM78MrwcTWFrLBN8OYb1Dm7CWr2pyZnGE6PpmfBnrdqg8HD.jpg\" alt=\"\" title=\"\" \/>\n                                                    <img class=\"Thumb\" src=\"https:\/\/grupo-aligator.com\/wp-content\/plugins\/_doptg\/uploads\/thumbs\/ETfKPng361EZr668YdkM78MrwcTWFrLBN8OYb1Dm7CWr2pyZnGE6PpmfBnrdqg8HD.jpg\" alt=\"\" title=\"\" \/>\n                                                    <span class=\"CaptionTitle\"><\/span>\n                                                    <span class=\"CaptionText\"><\/span>\n                                                    <span class=\"Media\"><\/span>\n                                                    <span class=\"LightboxMedia\"><\/span>\n                                                 <\/li><li>\n                                                    <img class=\"Image\" src=\"https:\/\/grupo-aligator.com\/wp-content\/plugins\/_doptg\/uploads\/RSD4YFPRe4356ZwBr6DEFdXHcR1ZCQQY3t84wantLqG3516Bbr939A2TChemegDrw.jpg\" alt=\"\" title=\"\" \/>\n                                                    <img class=\"Thumb\" src=\"https:\/\/grupo-aligator.com\/wp-content\/plugins\/_doptg\/uploads\/thumbs\/RSD4YFPRe4356ZwBr6DEFdXHcR1ZCQQY3t84wantLqG3516Bbr939A2TChemegDrw.jpg\" alt=\"\" title=\"\" \/>\n                                                    <span class=\"CaptionTitle\"><\/span>\n                                                    <span class=\"CaptionText\"><\/span>\n                                                    <span class=\"Media\"><\/span>\n                                                    <span class=\"LightboxMedia\"><\/span>\n                                                 <\/li><\/ul>\n                             <\/div>\n                             <script type=\"text\/JavaScript\">\n                                 jQuery(document).ready(function(){\n                                     jQuery('#DOPThumbnailGallery200').DOPThumbnailGallery();\n                                 });\n                             <\/script><\/div>\n","protected":false},"excerpt":{"rendered":"<p>Die Anspr\u00fcche an eine Kunststofffenster sind hoch &#8211; Sicherheit, W\u00e4rme- und Schallschutz, ansprechende Optik oder hoher Bedienkomfort sind nur einige Eigenschaften. Heutige Kunststofffenster k\u00f6nnen dies alles leisten durch Stahlverst\u00e4rkte Profile, Sicherheitsbeschl\u00e4ge WK1 &#8211; WK3, mit bis zu 6 Luftgef\u00fcllten Kammern und 3 Dichtungsebnen. Ob als Hebe-Schiebe-T\u00fcr, Parallel-Schiebe-T\u00fcr oder nur als Schiebe-T\u00fcr f\u00fcr jede \u00d6ffnung gibt es das richtige Schiebeelement.<\/p>\n","protected":false},"author":1,"featured_media":0,"parent":0,"menu_order":0,"comment_status":"open","ping_status":"open","template":"content-page.php","meta":[],"yoast_head":"<!-- This site is optimized with the Yoast SEO plugin v19.11 - https:\/\/yoast.com\/wordpress\/plugins\/seo\/ -->\n<title>Kunststoff-Systeme Schiebe Elemente Mijas, Tarifa, Malaga, Marbella, Torrox - Cristaleria Aligator<\/title>\n<meta name=\"description\" content=\"Kunststoff-Systeme Schiebe Elemente Mijas, Tarifa, Malaga, Marbella, Torrox - Cristaleria Aligator Wintergarten und Terrassenverglasung auch in Sotogrande Costa del Sol\" \/>\n<meta name=\"robots\" content=\"index, follow, max-snippet:-1, max-image-preview:large, max-video-preview:-1\" \/>\n<link rel=\"canonical\" href=\"https:\/\/grupo-aligator.com\/de\/kunststoff-systeme-schiebe-elemente\/\" \/>\n<meta property=\"og:locale\" content=\"de_DE\" \/>\n<meta property=\"og:type\" content=\"article\" \/>\n<meta property=\"og:title\" content=\"Kunststoff-Systeme Schiebe Elemente Mijas, Tarifa, Malaga, Marbella, Torrox - Cristaleria Aligator\" \/>\n<meta property=\"og:description\" content=\"Kunststoff-Systeme Schiebe Elemente Mijas, Tarifa, Malaga, Marbella, Torrox - Cristaleria Aligator Wintergarten und Terrassenverglasung auch in Sotogrande Costa del Sol\" \/>\n<meta property=\"og:url\" content=\"https:\/\/grupo-aligator.com\/de\/kunststoff-systeme-schiebe-elemente\/\" \/>\n<meta property=\"article:modified_time\" content=\"2015-09-18T08:35:05+00:00\" \/>\n<meta name=\"twitter:card\" content=\"summary_large_image\" \/>\n<script type=\"application\/ld+json\" class=\"yoast-schema-graph\">{\"@context\":\"https:\/\/schema.org\",\"@graph\":[{\"@type\":\"WebPage\",\"@id\":\"https:\/\/grupo-aligator.com\/de\/kunststoff-systeme-schiebe-elemente\/\",\"url\":\"https:\/\/grupo-aligator.com\/de\/kunststoff-systeme-schiebe-elemente\/\",\"name\":\"Kunststoff-Systeme Schiebe Elemente Mijas, Tarifa, Malaga, Marbella, Torrox - Cristaleria Aligator\",\"isPartOf\":{\"@id\":\"https:\/\/grupo-aligator.com\/de\/#website\"},\"datePublished\":\"2014-12-03T14:38:30+00:00\",\"dateModified\":\"2015-09-18T08:35:05+00:00\",\"description\":\"Kunststoff-Systeme Schiebe Elemente Mijas, Tarifa, Malaga, Marbella, Torrox - Cristaleria Aligator Wintergarten und Terrassenverglasung auch in Sotogrande Costa del Sol\",\"breadcrumb\":{\"@id\":\"https:\/\/grupo-aligator.com\/de\/kunststoff-systeme-schiebe-elemente\/#breadcrumb\"},\"inLanguage\":\"de\",\"potentialAction\":[{\"@type\":\"ReadAction\",\"target\":[\"https:\/\/grupo-aligator.com\/de\/kunststoff-systeme-schiebe-elemente\/\"]}]},{\"@type\":\"BreadcrumbList\",\"@id\":\"https:\/\/grupo-aligator.com\/de\/kunststoff-systeme-schiebe-elemente\/#breadcrumb\",\"itemListElement\":[{\"@type\":\"ListItem\",\"position\":1,\"name\":\"Home\",\"item\":\"https:\/\/grupo-aligator.com\/de\/\"},{\"@type\":\"ListItem\",\"position\":2,\"name\":\"Kunststoff-Systeme Schiebe Elemente\"}]},{\"@type\":\"WebSite\",\"@id\":\"https:\/\/grupo-aligator.com\/de\/#website\",\"url\":\"https:\/\/grupo-aligator.com\/de\/\",\"name\":\"\",\"description\":\"\",\"publisher\":{\"@id\":\"https:\/\/grupo-aligator.com\/de\/#organization\"},\"potentialAction\":[{\"@type\":\"SearchAction\",\"target\":{\"@type\":\"EntryPoint\",\"urlTemplate\":\"https:\/\/grupo-aligator.com\/de\/?s={search_term_string}\"},\"query-input\":\"required name=search_term_string\"}],\"inLanguage\":\"de\"},{\"@type\":\"Organization\",\"@id\":\"https:\/\/grupo-aligator.com\/de\/#organization\",\"name\":\"Cristaleria Aligator S.L.\",\"url\":\"https:\/\/grupo-aligator.com\/de\/\",\"logo\":{\"@type\":\"ImageObject\",\"inLanguage\":\"de\",\"@id\":\"https:\/\/grupo-aligator.com\/de\/#\/schema\/logo\/image\/\",\"url\":\"http:\/\/grupo-aligator.com\/wp-content\/uploads\/2019\/11\/aligator-logo-de.png\",\"contentUrl\":\"http:\/\/grupo-aligator.com\/wp-content\/uploads\/2019\/11\/aligator-logo-de.png\",\"width\":150,\"height\":160,\"caption\":\"Cristaleria Aligator S.L.\"},\"image\":{\"@id\":\"https:\/\/grupo-aligator.com\/de\/#\/schema\/logo\/image\/\"}}]}<\/script>\n<!-- \/ Yoast SEO plugin. -->","yoast_head_json":{"title":"Kunststoff-Systeme Schiebe Elemente Mijas, Tarifa, Malaga, Marbella, Torrox - Cristaleria Aligator","description":"Kunststoff-Systeme Schiebe Elemente Mijas, Tarifa, Malaga, Marbella, Torrox - Cristaleria Aligator Wintergarten und Terrassenverglasung auch in Sotogrande Costa del Sol","robots":{"index":"index","follow":"follow","max-snippet":"max-snippet:-1","max-image-preview":"max-image-preview:large","max-video-preview":"max-video-preview:-1"},"canonical":"https:\/\/grupo-aligator.com\/de\/kunststoff-systeme-schiebe-elemente\/","og_locale":"de_DE","og_type":"article","og_title":"Kunststoff-Systeme Schiebe Elemente Mijas, Tarifa, Malaga, Marbella, Torrox - Cristaleria Aligator","og_description":"Kunststoff-Systeme Schiebe Elemente Mijas, Tarifa, Malaga, Marbella, Torrox - Cristaleria Aligator Wintergarten und Terrassenverglasung auch in Sotogrande Costa del Sol","og_url":"https:\/\/grupo-aligator.com\/de\/kunststoff-systeme-schiebe-elemente\/","article_modified_time":"2015-09-18T08:35:05+00:00","twitter_card":"summary_large_image","schema":{"@context":"https:\/\/schema.org","@graph":[{"@type":"WebPage","@id":"https:\/\/grupo-aligator.com\/de\/kunststoff-systeme-schiebe-elemente\/","url":"https:\/\/grupo-aligator.com\/de\/kunststoff-systeme-schiebe-elemente\/","name":"Kunststoff-Systeme Schiebe Elemente Mijas, Tarifa, Malaga, Marbella, Torrox - Cristaleria Aligator","isPartOf":{"@id":"https:\/\/grupo-aligator.com\/de\/#website"},"datePublished":"2014-12-03T14:38:30+00:00","dateModified":"2015-09-18T08:35:05+00:00","description":"Kunststoff-Systeme Schiebe Elemente Mijas, Tarifa, Malaga, Marbella, Torrox - Cristaleria Aligator Wintergarten und Terrassenverglasung auch in Sotogrande Costa del Sol","breadcrumb":{"@id":"https:\/\/grupo-aligator.com\/de\/kunststoff-systeme-schiebe-elemente\/#breadcrumb"},"inLanguage":"de","potentialAction":[{"@type":"ReadAction","target":["https:\/\/grupo-aligator.com\/de\/kunststoff-systeme-schiebe-elemente\/"]}]},{"@type":"BreadcrumbList","@id":"https:\/\/grupo-aligator.com\/de\/kunststoff-systeme-schiebe-elemente\/#breadcrumb","itemListElement":[{"@type":"ListItem","position":1,"name":"Home","item":"https:\/\/grupo-aligator.com\/de\/"},{"@type":"ListItem","position":2,"name":"Kunststoff-Systeme Schiebe Elemente"}]},{"@type":"WebSite","@id":"https:\/\/grupo-aligator.com\/de\/#website","url":"https:\/\/grupo-aligator.com\/de\/","name":"","description":"","publisher":{"@id":"https:\/\/grupo-aligator.com\/de\/#organization"},"potentialAction":[{"@type":"SearchAction","target":{"@type":"EntryPoint","urlTemplate":"https:\/\/grupo-aligator.com\/de\/?s={search_term_string}"},"query-input":"required name=search_term_string"}],"inLanguage":"de"},{"@type":"Organization","@id":"https:\/\/grupo-aligator.com\/de\/#organization","name":"Cristaleria Aligator S.L.","url":"https:\/\/grupo-aligator.com\/de\/","logo":{"@type":"ImageObject","inLanguage":"de","@id":"https:\/\/grupo-aligator.com\/de\/#\/schema\/logo\/image\/","url":"http:\/\/grupo-aligator.com\/wp-content\/uploads\/2019\/11\/aligator-logo-de.png","contentUrl":"http:\/\/grupo-aligator.com\/wp-content\/uploads\/2019\/11\/aligator-logo-de.png","width":150,"height":160,"caption":"Cristaleria Aligator S.L."},"image":{"@id":"https:\/\/grupo-aligator.com\/de\/#\/schema\/logo\/image\/"}}]}},"_links":{"self":[{"href":"https:\/\/grupo-aligator.com\/de\/wp-json\/wp\/v2\/pages\/3579"}],"collection":[{"href":"https:\/\/grupo-aligator.com\/de\/wp-json\/wp\/v2\/pages"}],"about":[{"href":"https:\/\/grupo-aligator.com\/de\/wp-json\/wp\/v2\/types\/page"}],"author":[{"embeddable":true,"href":"https:\/\/grupo-aligator.com\/de\/wp-json\/wp\/v2\/users\/1"}],"replies":[{"embeddable":true,"href":"https:\/\/grupo-aligator.com\/de\/wp-json\/wp\/v2\/comments?post=3579"}],"version-history":[{"count":3,"href":"https:\/\/grupo-aligator.com\/de\/wp-json\/wp\/v2\/pages\/3579\/revisions"}],"predecessor-version":[{"id":5231,"href":"https:\/\/grupo-aligator.com\/de\/wp-json\/wp\/v2\/pages\/3579\/revisions\/5231"}],"wp:attachment":[{"href":"https:\/\/grupo-aligator.com\/de\/wp-json\/wp\/v2\/media?parent=3579"}],"curies":[{"name":"wp","href":"https:\/\/api.w.org\/{rel}","templated":true}]}}