{"id":3472,"date":"2014-10-09T10:34:06","date_gmt":"2014-10-09T10:34:06","guid":{"rendered":"http:\/\/aligator.cristaleria-aligator.com\/?page_id=3472"},"modified":"2015-09-11T10:34:21","modified_gmt":"2015-09-11T10:34:21","slug":"dach-markisen-model-d2","status":"publish","type":"page","link":"https:\/\/grupo-aligator.com\/de\/dach-markisen-model-d2\/","title":{"rendered":"Dach-Markisen Model D2"},"content":{"rendered":"<div id=\"aligator-logo-de\"><\/div>\n<div class=\"toldos-top-logo\"><img decoding=\"async\" src=\"\/wp-content\/uploads\/2013\/09\/warema-logo.png\" \/><\/div>\n<div id=\"toldos-aligator-description\">\n<p>Die WAREMA Dach-Markise D2 sorgt daf\u00fcr, dass auch dreieckige und trapezf\u00f6rmige Scheiben verschattet werden und die Temperaturen im Wintergarten und auf Ihrer Terrasse auf einem angenehmen Niveau bleiben. Abdeckblenden und F\u00fchrungsschienen werden von den Dach-Markisen W6 und W8 \u00fcbernommen, so dass bei nebeneinander-liegenden Anlagen ein einheitliches Blenden- und F\u00fchrungsschienenbild entsteht.<\/p>\n<\/div>\n<div class=\"toldos-gallery\"><div class=\"DOPThumbnailGalleryContainer\" id=\"DOPThumbnailGallery50\">\n                                 <a href=\"https:\/\/grupo-aligator.com\/wp-content\/plugins\/_doptg\/frontend-ajax.php\" class=\"Settings\"><\/a>\n                                 <ul class=\"Content\" style=\"display:none;\"><li>\n                                                    <img class=\"Image\" src=\"https:\/\/grupo-aligator.com\/wp-content\/plugins\/_doptg\/uploads\/PRYrMN6GXfjLsMtLdrOgbkkNt6ZphtOZYghL468NsrnQBn5eWnGhWy8MMRT1rdTsZ.jpg\" alt=\"\" title=\"\" \/>\n                                                    <img class=\"Thumb\" src=\"https:\/\/grupo-aligator.com\/wp-content\/plugins\/_doptg\/uploads\/thumbs\/PRYrMN6GXfjLsMtLdrOgbkkNt6ZphtOZYghL468NsrnQBn5eWnGhWy8MMRT1rdTsZ.jpg\" alt=\"\" title=\"\" \/>\n                                                    <span class=\"CaptionTitle\"><\/span>\n                                                    <span class=\"CaptionText\"><\/span>\n                                                    <span class=\"Media\"><\/span>\n                                                    <span class=\"LightboxMedia\"><\/span>\n                                                 <\/li><li>\n                                                    <img class=\"Image\" src=\"https:\/\/grupo-aligator.com\/wp-content\/plugins\/_doptg\/uploads\/3wkb9pzAkxGrRyGkLqL1WhSp64n1X2OrYrBfTK5M4D2TFOBxg43NcSTHRmC7bzLt8.jpg\" alt=\"\" title=\"\" \/>\n                                                    <img class=\"Thumb\" src=\"https:\/\/grupo-aligator.com\/wp-content\/plugins\/_doptg\/uploads\/thumbs\/3wkb9pzAkxGrRyGkLqL1WhSp64n1X2OrYrBfTK5M4D2TFOBxg43NcSTHRmC7bzLt8.jpg\" alt=\"\" title=\"\" \/>\n                                                    <span class=\"CaptionTitle\"><\/span>\n                                                    <span class=\"CaptionText\"><\/span>\n                                                    <span class=\"Media\"><\/span>\n                                                    <span class=\"LightboxMedia\"><\/span>\n                                                 <\/li><li>\n                                                    <img class=\"Image\" src=\"https:\/\/grupo-aligator.com\/wp-content\/plugins\/_doptg\/uploads\/1SCtR812H9Zd13OtdjxQ8mCdB4kW7ErMnRp5272eQ34XCK32TtTB41swnek97GngE.jpg\" alt=\"\" title=\"\" \/>\n                                                    <img class=\"Thumb\" src=\"https:\/\/grupo-aligator.com\/wp-content\/plugins\/_doptg\/uploads\/thumbs\/1SCtR812H9Zd13OtdjxQ8mCdB4kW7ErMnRp5272eQ34XCK32TtTB41swnek97GngE.jpg\" alt=\"\" title=\"\" \/>\n                                                    <span class=\"CaptionTitle\"><\/span>\n                                                    <span class=\"CaptionText\"><\/span>\n                                                    <span class=\"Media\"><\/span>\n                                                    <span class=\"LightboxMedia\"><\/span>\n                                                 <\/li><li>\n                                                    <img class=\"Image\" src=\"https:\/\/grupo-aligator.com\/wp-content\/plugins\/_doptg\/uploads\/wGOgYLMPpcgW3e2rQedkxcfx2gmtgGzZrp7aSrNDfTw9b8dGMz3fBweCP5S9OO4MM.jpg\" alt=\"\" title=\"\" \/>\n                                                    <img class=\"Thumb\" src=\"https:\/\/grupo-aligator.com\/wp-content\/plugins\/_doptg\/uploads\/thumbs\/wGOgYLMPpcgW3e2rQedkxcfx2gmtgGzZrp7aSrNDfTw9b8dGMz3fBweCP5S9OO4MM.jpg\" alt=\"\" title=\"\" \/>\n                                                    <span class=\"CaptionTitle\"><\/span>\n                                                    <span class=\"CaptionText\"><\/span>\n                                                    <span class=\"Media\"><\/span>\n                                                    <span class=\"LightboxMedia\"><\/span>\n                                                 <\/li><li>\n                                                    <img class=\"Image\" src=\"https:\/\/grupo-aligator.com\/wp-content\/plugins\/_doptg\/uploads\/Qq48ODDPRgRwLnA3KxfSrDqezyLy7FbrG8bLLcT9c1XX44XbgXQj4mF5ktFxxhn5P.jpg\" alt=\"\" title=\"\" \/>\n                                                    <img class=\"Thumb\" src=\"https:\/\/grupo-aligator.com\/wp-content\/plugins\/_doptg\/uploads\/thumbs\/Qq48ODDPRgRwLnA3KxfSrDqezyLy7FbrG8bLLcT9c1XX44XbgXQj4mF5ktFxxhn5P.jpg\" alt=\"\" title=\"\" \/>\n                                                    <span class=\"CaptionTitle\"><\/span>\n                                                    <span class=\"CaptionText\"><\/span>\n                                                    <span class=\"Media\"><\/span>\n                                                    <span class=\"LightboxMedia\"><\/span>\n                                                 <\/li><\/ul>\n                             <\/div>\n                             <script type=\"text\/JavaScript\">\n                                 jQuery(document).ready(function(){\n                                     jQuery('#DOPThumbnailGallery50').DOPThumbnailGallery();\n                                 });\n                             <\/script><\/div>\n","protected":false},"excerpt":{"rendered":"<p>Die WAREMA Dach-Markise D2 sorgt daf\u00fcr, dass auch dreieckige und trapezf\u00f6rmige Scheiben verschattet werden und die Temperaturen im Wintergarten und auf Ihrer Terrasse auf einem angenehmen Niveau bleiben. Abdeckblenden und F\u00fchrungsschienen werden von den Dach-Markisen W6 und W8 \u00fcbernommen, so dass bei nebeneinander-liegenden Anlagen ein einheitliches Blenden- und F\u00fchrungsschienenbild entsteht.<\/p>\n","protected":false},"author":1,"featured_media":0,"parent":0,"menu_order":0,"comment_status":"open","ping_status":"open","template":"content-page.php","meta":[],"yoast_head":"<!-- This site is optimized with the Yoast SEO plugin v19.11 - https:\/\/yoast.com\/wordpress\/plugins\/seo\/ -->\n<title>Dach-Markisen Model D2 Mijas, Tarifa, Malaga, Marbella, Torrox - Cristaleria Aligator<\/title>\n<meta name=\"description\" content=\"Dach-Markisen Model D2 Mijas, Tarifa, Malaga, Marbella, Torrox - Cristaleria Aligator Wintergarten und Terrassenverglasung auch in Sotogrande Costa del Sol\" \/>\n<meta name=\"robots\" content=\"index, follow, max-snippet:-1, max-image-preview:large, max-video-preview:-1\" \/>\n<link rel=\"canonical\" href=\"https:\/\/grupo-aligator.com\/de\/dach-markisen-model-d2\/\" \/>\n<meta property=\"og:locale\" content=\"de_DE\" \/>\n<meta property=\"og:type\" content=\"article\" \/>\n<meta property=\"og:title\" content=\"Dach-Markisen Model D2 Mijas, Tarifa, Malaga, Marbella, Torrox - Cristaleria Aligator\" \/>\n<meta property=\"og:description\" content=\"Dach-Markisen Model D2 Mijas, Tarifa, Malaga, Marbella, Torrox - Cristaleria Aligator Wintergarten und Terrassenverglasung auch in Sotogrande Costa del Sol\" \/>\n<meta property=\"og:url\" content=\"https:\/\/grupo-aligator.com\/de\/dach-markisen-model-d2\/\" \/>\n<meta property=\"article:modified_time\" content=\"2015-09-11T10:34:21+00:00\" \/>\n<meta name=\"twitter:card\" content=\"summary_large_image\" \/>\n<script type=\"application\/ld+json\" class=\"yoast-schema-graph\">{\"@context\":\"https:\/\/schema.org\",\"@graph\":[{\"@type\":\"WebPage\",\"@id\":\"https:\/\/grupo-aligator.com\/de\/dach-markisen-model-d2\/\",\"url\":\"https:\/\/grupo-aligator.com\/de\/dach-markisen-model-d2\/\",\"name\":\"Dach-Markisen Model D2 Mijas, Tarifa, Malaga, Marbella, Torrox - Cristaleria Aligator\",\"isPartOf\":{\"@id\":\"https:\/\/grupo-aligator.com\/de\/#website\"},\"datePublished\":\"2014-10-09T10:34:06+00:00\",\"dateModified\":\"2015-09-11T10:34:21+00:00\",\"description\":\"Dach-Markisen Model D2 Mijas, Tarifa, Malaga, Marbella, Torrox - Cristaleria Aligator Wintergarten und Terrassenverglasung auch in Sotogrande Costa del Sol\",\"breadcrumb\":{\"@id\":\"https:\/\/grupo-aligator.com\/de\/dach-markisen-model-d2\/#breadcrumb\"},\"inLanguage\":\"de\",\"potentialAction\":[{\"@type\":\"ReadAction\",\"target\":[\"https:\/\/grupo-aligator.com\/de\/dach-markisen-model-d2\/\"]}]},{\"@type\":\"BreadcrumbList\",\"@id\":\"https:\/\/grupo-aligator.com\/de\/dach-markisen-model-d2\/#breadcrumb\",\"itemListElement\":[{\"@type\":\"ListItem\",\"position\":1,\"name\":\"Home\",\"item\":\"https:\/\/grupo-aligator.com\/de\/\"},{\"@type\":\"ListItem\",\"position\":2,\"name\":\"Dach-Markisen Model D2\"}]},{\"@type\":\"WebSite\",\"@id\":\"https:\/\/grupo-aligator.com\/de\/#website\",\"url\":\"https:\/\/grupo-aligator.com\/de\/\",\"name\":\"\",\"description\":\"\",\"publisher\":{\"@id\":\"https:\/\/grupo-aligator.com\/de\/#organization\"},\"potentialAction\":[{\"@type\":\"SearchAction\",\"target\":{\"@type\":\"EntryPoint\",\"urlTemplate\":\"https:\/\/grupo-aligator.com\/de\/?s={search_term_string}\"},\"query-input\":\"required name=search_term_string\"}],\"inLanguage\":\"de\"},{\"@type\":\"Organization\",\"@id\":\"https:\/\/grupo-aligator.com\/de\/#organization\",\"name\":\"Cristaleria Aligator S.L.\",\"url\":\"https:\/\/grupo-aligator.com\/de\/\",\"logo\":{\"@type\":\"ImageObject\",\"inLanguage\":\"de\",\"@id\":\"https:\/\/grupo-aligator.com\/de\/#\/schema\/logo\/image\/\",\"url\":\"http:\/\/grupo-aligator.com\/wp-content\/uploads\/2019\/11\/aligator-logo-de.png\",\"contentUrl\":\"http:\/\/grupo-aligator.com\/wp-content\/uploads\/2019\/11\/aligator-logo-de.png\",\"width\":150,\"height\":160,\"caption\":\"Cristaleria Aligator S.L.\"},\"image\":{\"@id\":\"https:\/\/grupo-aligator.com\/de\/#\/schema\/logo\/image\/\"}}]}<\/script>\n<!-- \/ Yoast SEO plugin. -->","yoast_head_json":{"title":"Dach-Markisen Model D2 Mijas, Tarifa, Malaga, Marbella, Torrox - Cristaleria Aligator","description":"Dach-Markisen Model D2 Mijas, Tarifa, Malaga, Marbella, Torrox - Cristaleria Aligator Wintergarten und Terrassenverglasung auch in Sotogrande Costa del Sol","robots":{"index":"index","follow":"follow","max-snippet":"max-snippet:-1","max-image-preview":"max-image-preview:large","max-video-preview":"max-video-preview:-1"},"canonical":"https:\/\/grupo-aligator.com\/de\/dach-markisen-model-d2\/","og_locale":"de_DE","og_type":"article","og_title":"Dach-Markisen Model D2 Mijas, Tarifa, Malaga, Marbella, Torrox - Cristaleria Aligator","og_description":"Dach-Markisen Model D2 Mijas, Tarifa, Malaga, Marbella, Torrox - Cristaleria Aligator Wintergarten und Terrassenverglasung auch in Sotogrande Costa del Sol","og_url":"https:\/\/grupo-aligator.com\/de\/dach-markisen-model-d2\/","article_modified_time":"2015-09-11T10:34:21+00:00","twitter_card":"summary_large_image","schema":{"@context":"https:\/\/schema.org","@graph":[{"@type":"WebPage","@id":"https:\/\/grupo-aligator.com\/de\/dach-markisen-model-d2\/","url":"https:\/\/grupo-aligator.com\/de\/dach-markisen-model-d2\/","name":"Dach-Markisen Model D2 Mijas, Tarifa, Malaga, Marbella, Torrox - Cristaleria Aligator","isPartOf":{"@id":"https:\/\/grupo-aligator.com\/de\/#website"},"datePublished":"2014-10-09T10:34:06+00:00","dateModified":"2015-09-11T10:34:21+00:00","description":"Dach-Markisen Model D2 Mijas, Tarifa, Malaga, Marbella, Torrox - Cristaleria Aligator Wintergarten und Terrassenverglasung auch in Sotogrande Costa del Sol","breadcrumb":{"@id":"https:\/\/grupo-aligator.com\/de\/dach-markisen-model-d2\/#breadcrumb"},"inLanguage":"de","potentialAction":[{"@type":"ReadAction","target":["https:\/\/grupo-aligator.com\/de\/dach-markisen-model-d2\/"]}]},{"@type":"BreadcrumbList","@id":"https:\/\/grupo-aligator.com\/de\/dach-markisen-model-d2\/#breadcrumb","itemListElement":[{"@type":"ListItem","position":1,"name":"Home","item":"https:\/\/grupo-aligator.com\/de\/"},{"@type":"ListItem","position":2,"name":"Dach-Markisen Model D2"}]},{"@type":"WebSite","@id":"https:\/\/grupo-aligator.com\/de\/#website","url":"https:\/\/grupo-aligator.com\/de\/","name":"","description":"","publisher":{"@id":"https:\/\/grupo-aligator.com\/de\/#organization"},"potentialAction":[{"@type":"SearchAction","target":{"@type":"EntryPoint","urlTemplate":"https:\/\/grupo-aligator.com\/de\/?s={search_term_string}"},"query-input":"required name=search_term_string"}],"inLanguage":"de"},{"@type":"Organization","@id":"https:\/\/grupo-aligator.com\/de\/#organization","name":"Cristaleria Aligator S.L.","url":"https:\/\/grupo-aligator.com\/de\/","logo":{"@type":"ImageObject","inLanguage":"de","@id":"https:\/\/grupo-aligator.com\/de\/#\/schema\/logo\/image\/","url":"http:\/\/grupo-aligator.com\/wp-content\/uploads\/2019\/11\/aligator-logo-de.png","contentUrl":"http:\/\/grupo-aligator.com\/wp-content\/uploads\/2019\/11\/aligator-logo-de.png","width":150,"height":160,"caption":"Cristaleria Aligator S.L."},"image":{"@id":"https:\/\/grupo-aligator.com\/de\/#\/schema\/logo\/image\/"}}]}},"_links":{"self":[{"href":"https:\/\/grupo-aligator.com\/de\/wp-json\/wp\/v2\/pages\/3472"}],"collection":[{"href":"https:\/\/grupo-aligator.com\/de\/wp-json\/wp\/v2\/pages"}],"about":[{"href":"https:\/\/grupo-aligator.com\/de\/wp-json\/wp\/v2\/types\/page"}],"author":[{"embeddable":true,"href":"https:\/\/grupo-aligator.com\/de\/wp-json\/wp\/v2\/users\/1"}],"replies":[{"embeddable":true,"href":"https:\/\/grupo-aligator.com\/de\/wp-json\/wp\/v2\/comments?post=3472"}],"version-history":[{"count":2,"href":"https:\/\/grupo-aligator.com\/de\/wp-json\/wp\/v2\/pages\/3472\/revisions"}],"predecessor-version":[{"id":4723,"href":"https:\/\/grupo-aligator.com\/de\/wp-json\/wp\/v2\/pages\/3472\/revisions\/4723"}],"wp:attachment":[{"href":"https:\/\/grupo-aligator.com\/de\/wp-json\/wp\/v2\/media?parent=3472"}],"curies":[{"name":"wp","href":"https:\/\/api.w.org\/{rel}","templated":true}]}}