{"id":3468,"date":"2014-10-09T10:32:31","date_gmt":"2014-10-09T10:32:31","guid":{"rendered":"http:\/\/aligator.cristaleria-aligator.com\/?page_id=3468"},"modified":"2014-10-09T10:33:01","modified_gmt":"2014-10-09T10:33:01","slug":"dach-markisen-warema","status":"publish","type":"page","link":"https:\/\/grupo-aligator.com\/de\/dach-markisen-warema\/","title":{"rendered":"Dach-Markisen Warema"},"content":{"rendered":"<div id=\"aligator-logo-de\"><\/div>\n<div class=\"toldos-top-logo\"><img decoding=\"async\" src=\"\/wp-content\/uploads\/2013\/09\/warema-logo.png\" \/><\/div>\n<div id=\"toldos-aligator-description\" class=\"small-text-description\">\n<p>Egal, ob innen oder au\u00dfen angebracht, ob kleine oder gro\u00dfe Fl\u00e4chen, ob mit oder ohne Glas, ob klassische oder abgewalmte D\u00e4cher \u2013 auch bei Winterg\u00e4rten zeigt sich die gro\u00dfe Vielfalt der sprichw\u00f6rtlichen markilux Qualit\u00e4t.<\/p>\n<\/div>\n<div id=\"toldos-menu-content\">\n<div id=\"toldos-menu-line-1\">\n<div class=\"toldos-menu\"><a href=\"http:\/\/grupo-aligator.com\/de\/dach-markisen-model-d2\/\" id=\"toldos-dach-markisen-menu-item-1\">Model D2<\/a><\/div>\n<div class=\"toldos-menu\"><a href=\"http:\/\/grupo-aligator.com\/de\/dach-markisen-model-w5\/\" id=\"toldos-dach-markisen-menu-item-2\">Model W5<\/a><\/div>\n<\/div>\n<div id=\"toldos-menu-line-2\">\n<div class=\"toldos-menu\"><a href=\"http:\/\/grupo-aligator.com\/de\/dach-markisen-model-w6\/\" id=\"toldos-dach-markisen-menu-item-3\">Model W6<\/a><\/div>\n<div class=\"toldos-menu\"><a href=\"http:\/\/grupo-aligator.com\/de\/dach-markisen-model-w7\/\" id=\"toldos-dach-markisen-menu-item-4\">Model W7<\/a><\/div>\n<\/div>\n<div id=\"toldos-menu-line-3\">\n<div class=\"toldos-menu\"><a href=\"http:\/\/grupo-aligator.com\/de\/dach-markisen-model-w8\/\" id=\"toldos-dach-markisen-menu-item-5\">Model W8<\/a><\/div>\n<\/div>\n<div id=\"toldos-menu-line-4\">\n<div class=\"toldos-menu\"><a href=\"http:\/\/grupo-aligator.com\/de\/dach-markisen-model-w10\/\" id=\"toldos-dach-markisen-menu-item-6\">Model W10<\/a><\/div>\n<div class=\"toldos-menu\"><a href=\"http:\/\/grupo-aligator.com\/de\/dach-markisen-model-sonderausstattung-warema\/\" id=\"toldos-dach-markisen-menu-item-7\">Sonderausstattung<\/a><\/div>\n<\/div>\n<\/div>\n<div class=\"toldos-menu-images\">\n<p><img decoding=\"async\" id=\"toldos-dach-markisen-menu-item-1-img\" src=\"\/wp-content\/uploads\/2013\/10\/dach-markisen-model-d2.jpg\" \/><\/p>\n<p><img decoding=\"async\" id=\"toldos-dach-markisen-menu-item-2-img\" src=\"\/wp-content\/uploads\/2013\/10\/dach-markisen-model-w5.jpg\" \/><\/p>\n<p><img decoding=\"async\" id=\"toldos-dach-markisen-menu-item-3-img\" src=\"\/wp-content\/uploads\/2013\/10\/dach-markisen-model-w6.jpg\" \/><\/p>\n<p><img decoding=\"async\" id=\"toldos-dach-markisen-menu-item-4-img\" src=\"\/wp-content\/uploads\/2013\/10\/dach-markisen-model-w7.jpg\" \/><\/p>\n<p><img decoding=\"async\" id=\"toldos-dach-markisen-menu-item-5-img\" src=\"\/wp-content\/uploads\/2013\/10\/dach-markisen-model-w8.jpg\" \/><\/p>\n<p><img decoding=\"async\" id=\"toldos-dach-markisen-menu-item-6-img\" src=\"\/wp-content\/uploads\/2013\/10\/dach-markisen-model-w10.jpg\" \/><\/p>\n<p><img decoding=\"async\" id=\"toldos-dach-markisen-menu-item-7-img\" src=\"\/wp-content\/uploads\/2013\/10\/dach-markisen-model-d2.jpg\" \/><\/p>\n<\/div>\n<p><script type=\"text\/javascript\">\n$(function() {\n    $('#toldos-dach-markisen-menu-item-1').hover(function() { \n        $('#toldos-dach-markisen-menu-item-1-img').show(); \n    }, function() { \n        $('#toldos-dach-markisen-menu-item-1-img').hide(); \n    });\n    $('#toldos-dach-markisen-menu-item-2').hover(function() { \n        $('#toldos-dach-markisen-menu-item-2-img').show(); \n    }, function() { \n        $('#toldos-dach-markisen-menu-item-2-img').hide(); \n    });\n    $('#toldos-dach-markisen-menu-item-3').hover(function() { \n        $('#toldos-dach-markisen-menu-item-3-img').show(); \n    }, function() { \n        $('#toldos-dach-markisen-menu-item-3-img').hide(); \n    });\n    $('#toldos-dach-markisen-menu-item-4').hover(function() { \n        $('#toldos-dach-markisen-menu-item-4-img').show(); \n    }, function() { \n        $('#toldos-dach-markisen-menu-item-4-img').hide(); \n    });\n    $('#toldos-dach-markisen-menu-item-5').hover(function() { \n        $('#toldos-dach-markisen-menu-item-5-img').show(); \n    }, function() { \n        $('#toldos-dach-markisen-menu-item-5-img').hide(); \n    });\n    $('#toldos-dach-markisen-menu-item-6').hover(function() { \n        $('#toldos-dach-markisen-menu-item-6-img').show(); \n    }, function() { \n        $('#toldos-dach-markisen-menu-item-6-img').hide(); \n    });\n    $('#toldos-dach-markisen-menu-item-7').hover(function() { \n        $('#toldos-dach-markisen-menu-item-7-img').show(); \n    }, function() { \n        $('#toldos-dach-markisen-menu-item-7-img').hide(); \n    });\n});\n<\/script><\/p>\n","protected":false},"excerpt":{"rendered":"<p>Egal, ob innen oder au\u00dfen angebracht, ob kleine oder gro\u00dfe Fl\u00e4chen, ob mit oder ohne Glas, ob klassische oder abgewalmte D\u00e4cher \u2013 auch bei Winterg\u00e4rten zeigt sich die gro\u00dfe Vielfalt der sprichw\u00f6rtlichen markilux Qualit\u00e4t. Model D2 Model W5 Model W6 Model W7 Model W8 Model W10 Sonderausstattung<\/p>\n","protected":false},"author":1,"featured_media":0,"parent":0,"menu_order":0,"comment_status":"open","ping_status":"open","template":"category-page.php","meta":[],"yoast_head":"<!-- This site is optimized with the Yoast SEO plugin v19.11 - https:\/\/yoast.com\/wordpress\/plugins\/seo\/ -->\n<title>Dach-Markisen Warema Mijas, Tarifa, Malaga, Marbella, Torrox - Cristaleria Aligator<\/title>\n<meta name=\"description\" content=\"Dach-Markisen Warema Mijas, Tarifa, Malaga, Marbella, Torrox - Cristaleria Aligator Wintergarten und Terrassenverglasung auch in Sotogrande Costa del Sol\" \/>\n<meta name=\"robots\" content=\"index, follow, max-snippet:-1, max-image-preview:large, max-video-preview:-1\" \/>\n<link rel=\"canonical\" href=\"https:\/\/grupo-aligator.com\/de\/dach-markisen-warema\/\" \/>\n<meta property=\"og:locale\" content=\"de_DE\" \/>\n<meta property=\"og:type\" content=\"article\" \/>\n<meta property=\"og:title\" content=\"Dach-Markisen Warema Mijas, Tarifa, Malaga, Marbella, Torrox - Cristaleria Aligator\" \/>\n<meta property=\"og:description\" content=\"Dach-Markisen Warema Mijas, Tarifa, Malaga, Marbella, Torrox - Cristaleria Aligator Wintergarten und Terrassenverglasung auch in Sotogrande Costa del Sol\" \/>\n<meta property=\"og:url\" content=\"https:\/\/grupo-aligator.com\/de\/dach-markisen-warema\/\" \/>\n<meta property=\"article:modified_time\" content=\"2014-10-09T10:33:01+00:00\" \/>\n<meta name=\"twitter:card\" content=\"summary_large_image\" \/>\n<script type=\"application\/ld+json\" class=\"yoast-schema-graph\">{\"@context\":\"https:\/\/schema.org\",\"@graph\":[{\"@type\":\"WebPage\",\"@id\":\"https:\/\/grupo-aligator.com\/de\/dach-markisen-warema\/\",\"url\":\"https:\/\/grupo-aligator.com\/de\/dach-markisen-warema\/\",\"name\":\"Dach-Markisen Warema Mijas, Tarifa, Malaga, Marbella, Torrox - Cristaleria Aligator\",\"isPartOf\":{\"@id\":\"https:\/\/grupo-aligator.com\/de\/#website\"},\"datePublished\":\"2014-10-09T10:32:31+00:00\",\"dateModified\":\"2014-10-09T10:33:01+00:00\",\"description\":\"Dach-Markisen Warema Mijas, Tarifa, Malaga, Marbella, Torrox - Cristaleria Aligator Wintergarten und Terrassenverglasung auch in Sotogrande Costa del Sol\",\"breadcrumb\":{\"@id\":\"https:\/\/grupo-aligator.com\/de\/dach-markisen-warema\/#breadcrumb\"},\"inLanguage\":\"de\",\"potentialAction\":[{\"@type\":\"ReadAction\",\"target\":[\"https:\/\/grupo-aligator.com\/de\/dach-markisen-warema\/\"]}]},{\"@type\":\"BreadcrumbList\",\"@id\":\"https:\/\/grupo-aligator.com\/de\/dach-markisen-warema\/#breadcrumb\",\"itemListElement\":[{\"@type\":\"ListItem\",\"position\":1,\"name\":\"Home\",\"item\":\"https:\/\/grupo-aligator.com\/de\/\"},{\"@type\":\"ListItem\",\"position\":2,\"name\":\"Dach-Markisen Warema\"}]},{\"@type\":\"WebSite\",\"@id\":\"https:\/\/grupo-aligator.com\/de\/#website\",\"url\":\"https:\/\/grupo-aligator.com\/de\/\",\"name\":\"\",\"description\":\"\",\"publisher\":{\"@id\":\"https:\/\/grupo-aligator.com\/de\/#organization\"},\"potentialAction\":[{\"@type\":\"SearchAction\",\"target\":{\"@type\":\"EntryPoint\",\"urlTemplate\":\"https:\/\/grupo-aligator.com\/de\/?s={search_term_string}\"},\"query-input\":\"required name=search_term_string\"}],\"inLanguage\":\"de\"},{\"@type\":\"Organization\",\"@id\":\"https:\/\/grupo-aligator.com\/de\/#organization\",\"name\":\"Cristaleria Aligator S.L.\",\"url\":\"https:\/\/grupo-aligator.com\/de\/\",\"logo\":{\"@type\":\"ImageObject\",\"inLanguage\":\"de\",\"@id\":\"https:\/\/grupo-aligator.com\/de\/#\/schema\/logo\/image\/\",\"url\":\"http:\/\/grupo-aligator.com\/wp-content\/uploads\/2019\/11\/aligator-logo-de.png\",\"contentUrl\":\"http:\/\/grupo-aligator.com\/wp-content\/uploads\/2019\/11\/aligator-logo-de.png\",\"width\":150,\"height\":160,\"caption\":\"Cristaleria Aligator S.L.\"},\"image\":{\"@id\":\"https:\/\/grupo-aligator.com\/de\/#\/schema\/logo\/image\/\"}}]}<\/script>\n<!-- \/ Yoast SEO plugin. -->","yoast_head_json":{"title":"Dach-Markisen Warema Mijas, Tarifa, Malaga, Marbella, Torrox - Cristaleria Aligator","description":"Dach-Markisen Warema Mijas, Tarifa, Malaga, Marbella, Torrox - Cristaleria Aligator Wintergarten und Terrassenverglasung auch in Sotogrande Costa del Sol","robots":{"index":"index","follow":"follow","max-snippet":"max-snippet:-1","max-image-preview":"max-image-preview:large","max-video-preview":"max-video-preview:-1"},"canonical":"https:\/\/grupo-aligator.com\/de\/dach-markisen-warema\/","og_locale":"de_DE","og_type":"article","og_title":"Dach-Markisen Warema Mijas, Tarifa, Malaga, Marbella, Torrox - Cristaleria Aligator","og_description":"Dach-Markisen Warema Mijas, Tarifa, Malaga, Marbella, Torrox - Cristaleria Aligator Wintergarten und Terrassenverglasung auch in Sotogrande Costa del Sol","og_url":"https:\/\/grupo-aligator.com\/de\/dach-markisen-warema\/","article_modified_time":"2014-10-09T10:33:01+00:00","twitter_card":"summary_large_image","schema":{"@context":"https:\/\/schema.org","@graph":[{"@type":"WebPage","@id":"https:\/\/grupo-aligator.com\/de\/dach-markisen-warema\/","url":"https:\/\/grupo-aligator.com\/de\/dach-markisen-warema\/","name":"Dach-Markisen Warema Mijas, Tarifa, Malaga, Marbella, Torrox - Cristaleria Aligator","isPartOf":{"@id":"https:\/\/grupo-aligator.com\/de\/#website"},"datePublished":"2014-10-09T10:32:31+00:00","dateModified":"2014-10-09T10:33:01+00:00","description":"Dach-Markisen Warema Mijas, Tarifa, Malaga, Marbella, Torrox - Cristaleria Aligator Wintergarten und Terrassenverglasung auch in Sotogrande Costa del Sol","breadcrumb":{"@id":"https:\/\/grupo-aligator.com\/de\/dach-markisen-warema\/#breadcrumb"},"inLanguage":"de","potentialAction":[{"@type":"ReadAction","target":["https:\/\/grupo-aligator.com\/de\/dach-markisen-warema\/"]}]},{"@type":"BreadcrumbList","@id":"https:\/\/grupo-aligator.com\/de\/dach-markisen-warema\/#breadcrumb","itemListElement":[{"@type":"ListItem","position":1,"name":"Home","item":"https:\/\/grupo-aligator.com\/de\/"},{"@type":"ListItem","position":2,"name":"Dach-Markisen Warema"}]},{"@type":"WebSite","@id":"https:\/\/grupo-aligator.com\/de\/#website","url":"https:\/\/grupo-aligator.com\/de\/","name":"","description":"","publisher":{"@id":"https:\/\/grupo-aligator.com\/de\/#organization"},"potentialAction":[{"@type":"SearchAction","target":{"@type":"EntryPoint","urlTemplate":"https:\/\/grupo-aligator.com\/de\/?s={search_term_string}"},"query-input":"required name=search_term_string"}],"inLanguage":"de"},{"@type":"Organization","@id":"https:\/\/grupo-aligator.com\/de\/#organization","name":"Cristaleria Aligator S.L.","url":"https:\/\/grupo-aligator.com\/de\/","logo":{"@type":"ImageObject","inLanguage":"de","@id":"https:\/\/grupo-aligator.com\/de\/#\/schema\/logo\/image\/","url":"http:\/\/grupo-aligator.com\/wp-content\/uploads\/2019\/11\/aligator-logo-de.png","contentUrl":"http:\/\/grupo-aligator.com\/wp-content\/uploads\/2019\/11\/aligator-logo-de.png","width":150,"height":160,"caption":"Cristaleria Aligator S.L."},"image":{"@id":"https:\/\/grupo-aligator.com\/de\/#\/schema\/logo\/image\/"}}]}},"_links":{"self":[{"href":"https:\/\/grupo-aligator.com\/de\/wp-json\/wp\/v2\/pages\/3468"}],"collection":[{"href":"https:\/\/grupo-aligator.com\/de\/wp-json\/wp\/v2\/pages"}],"about":[{"href":"https:\/\/grupo-aligator.com\/de\/wp-json\/wp\/v2\/types\/page"}],"author":[{"embeddable":true,"href":"https:\/\/grupo-aligator.com\/de\/wp-json\/wp\/v2\/users\/1"}],"replies":[{"embeddable":true,"href":"https:\/\/grupo-aligator.com\/de\/wp-json\/wp\/v2\/comments?post=3468"}],"version-history":[{"count":1,"href":"https:\/\/grupo-aligator.com\/de\/wp-json\/wp\/v2\/pages\/3468\/revisions"}],"predecessor-version":[{"id":3470,"href":"https:\/\/grupo-aligator.com\/de\/wp-json\/wp\/v2\/pages\/3468\/revisions\/3470"}],"wp:attachment":[{"href":"https:\/\/grupo-aligator.com\/de\/wp-json\/wp\/v2\/media?parent=3468"}],"curies":[{"name":"wp","href":"https:\/\/api.w.org\/{rel}","templated":true}]}}