{"id":3207,"date":"2014-09-16T10:28:05","date_gmt":"2014-09-16T10:28:05","guid":{"rendered":"http:\/\/aligator.cristaleria-aligator.com\/?page_id=3207"},"modified":"2015-10-07T13:30:15","modified_gmt":"2015-10-07T13:30:15","slug":"insektenschutz-lichschachtabdeckung","status":"publish","type":"page","link":"https:\/\/grupo-aligator.com\/de\/insektenschutz-lichschachtabdeckung\/","title":{"rendered":"Insektenschutz f\u00fcr Lichtschachtabdeckungen"},"content":{"rendered":"<div id=\"aligator-logo-de\"><\/div>\n<div class=\"toldos-top-logo\" style=\"margin: 3px 0 0 590px;\"><img decoding=\"async\" src=\"\/wp-content\/uploads\/2014\/07\/neher-logo.png\" \/><\/div>\n<div id=\"toldos-aligator-description\" style=\"font-size: 14px;\">\n<p>Lichtsch\u00e4chte zu Keller-, Nutz- und Hobbyr\u00e4umen werden allzu oft zum Sammelbecken f\u00fcr Insekten, Laub und Schmutz. Das muss nicht sein. Neher Lichtschachtabdeckungen sind problemlos und sicher begehbar und sorgen daf\u00fcr, dass auch Krabbeltiere und Schmutz au\u00dfen vor bleiben \u2013 robust, formsch\u00f6n, trittsicher und bruchfest. Damit Sie Ihre Zeit angenehmer verbringen k\u00f6nnen, als mit der Reinigung verschmutzter Lichtsch\u00e4chte. H\u00f6chste Stabilit\u00e4t durch Aluminiumprofile und formstabiles Edelstahlgewebe Befahrbar mit optionalem Streckmetallgewebe Stolperfreie Konstruktion durch flache Profile mit umlaufender B\u00fcrstendichtung zum Boden- und Wandbereich Nach au\u00dfen abgeschr\u00e4gte Profilierung mit Anschlussaufnahme f\u00fcr senkrechten Zusatzrahmen 4 verschiedene Ausf\u00fchrungen somit ist f\u00fcr jede Situation das richtige dabei.<\/p>\n<\/div>\n<div class=\"toldos-gallery\"><div class=\"DOPThumbnailGalleryContainer\" id=\"DOPThumbnailGallery189\">\n                                 <a href=\"https:\/\/grupo-aligator.com\/wp-content\/plugins\/_doptg\/frontend-ajax.php\" class=\"Settings\"><\/a>\n                                 <ul class=\"Content\" style=\"display:none;\"><li>\n                                                    <img class=\"Image\" src=\"https:\/\/grupo-aligator.com\/wp-content\/plugins\/_doptg\/uploads\/Lk851nRkcPfeBmFRke1AHjkrZDKp2MPh1SC3GHBcgSS3f4h1EgDsSBPTLndggCN9K.jpg\" alt=\"\" title=\"\" \/>\n                                                    <img class=\"Thumb\" src=\"https:\/\/grupo-aligator.com\/wp-content\/plugins\/_doptg\/uploads\/thumbs\/Lk851nRkcPfeBmFRke1AHjkrZDKp2MPh1SC3GHBcgSS3f4h1EgDsSBPTLndggCN9K.jpg\" alt=\"\" title=\"\" \/>\n                                                    <span class=\"CaptionTitle\"><\/span>\n                                                    <span class=\"CaptionText\"><\/span>\n                                                    <span class=\"Media\"><\/span>\n                                                    <span class=\"LightboxMedia\"><\/span>\n                                                 <\/li><li>\n                                                    <img class=\"Image\" src=\"https:\/\/grupo-aligator.com\/wp-content\/plugins\/_doptg\/uploads\/tAH6LsCP1EMt86xG8MEPQ5ddWxpeD6xGstM4s2crrc9RCBMpXps1Hkkwgz8tq1AhP.jpg\" alt=\"\" title=\"\" \/>\n                                                    <img class=\"Thumb\" src=\"https:\/\/grupo-aligator.com\/wp-content\/plugins\/_doptg\/uploads\/thumbs\/tAH6LsCP1EMt86xG8MEPQ5ddWxpeD6xGstM4s2crrc9RCBMpXps1Hkkwgz8tq1AhP.jpg\" alt=\"\" title=\"\" \/>\n                                                    <span class=\"CaptionTitle\"><\/span>\n                                                    <span class=\"CaptionText\"><\/span>\n                                                    <span class=\"Media\"><\/span>\n                                                    <span class=\"LightboxMedia\"><\/span>\n                                                 <\/li><li>\n                                                    <img class=\"Image\" src=\"https:\/\/grupo-aligator.com\/wp-content\/plugins\/_doptg\/uploads\/pfTCEZTfbNySAck8Sc4zwZRzHBmWjtLCdYYkgQLehOmjOy9N59sK1q5G58ZbYK2QN.jpg\" alt=\"\" title=\"\" \/>\n                                                    <img class=\"Thumb\" src=\"https:\/\/grupo-aligator.com\/wp-content\/plugins\/_doptg\/uploads\/thumbs\/pfTCEZTfbNySAck8Sc4zwZRzHBmWjtLCdYYkgQLehOmjOy9N59sK1q5G58ZbYK2QN.jpg\" alt=\"\" title=\"\" \/>\n                                                    <span class=\"CaptionTitle\"><\/span>\n                                                    <span class=\"CaptionText\"><\/span>\n                                                    <span class=\"Media\"><\/span>\n                                                    <span class=\"LightboxMedia\"><\/span>\n                                                 <\/li><li>\n                                                    <img class=\"Image\" src=\"https:\/\/grupo-aligator.com\/wp-content\/plugins\/_doptg\/uploads\/FFXTXe2KaK3CykpfxD32SXz5W5tAmsa2XfbjXmh4x2khFDApAEA1Kq15K4wLdez1N.jpg\" alt=\"\" title=\"\" \/>\n                                                    <img class=\"Thumb\" src=\"https:\/\/grupo-aligator.com\/wp-content\/plugins\/_doptg\/uploads\/thumbs\/FFXTXe2KaK3CykpfxD32SXz5W5tAmsa2XfbjXmh4x2khFDApAEA1Kq15K4wLdez1N.jpg\" alt=\"\" title=\"\" \/>\n                                                    <span class=\"CaptionTitle\"><\/span>\n                                                    <span class=\"CaptionText\"><\/span>\n                                                    <span class=\"Media\"><\/span>\n                                                    <span class=\"LightboxMedia\"><\/span>\n                                                 <\/li><li>\n                                                    <img class=\"Image\" src=\"https:\/\/grupo-aligator.com\/wp-content\/plugins\/_doptg\/uploads\/a3hdrjNAP9RpgGnLNRNBdtyO9WLmaAQYajFe861Xgqkm8BcZ7bdGq2PBfF6mgj6A4.jpg\" alt=\"\" title=\"\" \/>\n                                                    <img class=\"Thumb\" src=\"https:\/\/grupo-aligator.com\/wp-content\/plugins\/_doptg\/uploads\/thumbs\/a3hdrjNAP9RpgGnLNRNBdtyO9WLmaAQYajFe861Xgqkm8BcZ7bdGq2PBfF6mgj6A4.jpg\" alt=\"\" title=\"\" \/>\n                                                    <span class=\"CaptionTitle\"><\/span>\n                                                    <span class=\"CaptionText\"><\/span>\n                                                    <span class=\"Media\"><\/span>\n                                                    <span class=\"LightboxMedia\"><\/span>\n                                                 <\/li><li>\n                                                    <img class=\"Image\" src=\"https:\/\/grupo-aligator.com\/wp-content\/plugins\/_doptg\/uploads\/wrck29BbDSW5xn1RGGdre2PeM14OAkp1EyBD8WFO3pLYa4zGtDc2dt4CwjMpqqxbz.jpg\" alt=\"\" title=\"\" \/>\n                                                    <img class=\"Thumb\" src=\"https:\/\/grupo-aligator.com\/wp-content\/plugins\/_doptg\/uploads\/thumbs\/wrck29BbDSW5xn1RGGdre2PeM14OAkp1EyBD8WFO3pLYa4zGtDc2dt4CwjMpqqxbz.jpg\" alt=\"\" title=\"\" \/>\n                                                    <span class=\"CaptionTitle\"><\/span>\n                                                    <span class=\"CaptionText\"><\/span>\n                                                    <span class=\"Media\"><\/span>\n                                                    <span class=\"LightboxMedia\"><\/span>\n                                                 <\/li><li>\n                                                    <img class=\"Image\" src=\"https:\/\/grupo-aligator.com\/wp-content\/plugins\/_doptg\/uploads\/6CjY9WpxROKE8H49PQqY4DCBbKnf76Lm5exHCjZ466TzAbA7LLNA4fp8h15NWfMsP.jpg\" alt=\"\" title=\"\" \/>\n                                                    <img class=\"Thumb\" src=\"https:\/\/grupo-aligator.com\/wp-content\/plugins\/_doptg\/uploads\/thumbs\/6CjY9WpxROKE8H49PQqY4DCBbKnf76Lm5exHCjZ466TzAbA7LLNA4fp8h15NWfMsP.jpg\" alt=\"\" title=\"\" \/>\n                                                    <span class=\"CaptionTitle\"><\/span>\n                                                    <span class=\"CaptionText\"><\/span>\n                                                    <span class=\"Media\"><\/span>\n                                                    <span class=\"LightboxMedia\"><\/span>\n                                                 <\/li><li>\n                                                    <img class=\"Image\" src=\"https:\/\/grupo-aligator.com\/wp-content\/plugins\/_doptg\/uploads\/OBEqsykHPZwdYfrfePz5LYey9C2pNqKbnxppbatsdPeqcpC8C3qxKyW6YSQhDpF4g.jpg\" alt=\"\" title=\"\" \/>\n                                                    <img class=\"Thumb\" src=\"https:\/\/grupo-aligator.com\/wp-content\/plugins\/_doptg\/uploads\/thumbs\/OBEqsykHPZwdYfrfePz5LYey9C2pNqKbnxppbatsdPeqcpC8C3qxKyW6YSQhDpF4g.jpg\" alt=\"\" title=\"\" \/>\n                                                    <span class=\"CaptionTitle\"><\/span>\n                                                    <span class=\"CaptionText\"><\/span>\n                                                    <span class=\"Media\"><\/span>\n                                                    <span class=\"LightboxMedia\"><\/span>\n                                                 <\/li><li>\n                                                    <img class=\"Image\" src=\"https:\/\/grupo-aligator.com\/wp-content\/plugins\/_doptg\/uploads\/e4xz8OqNCqPAdZ6E134dkKjFHm2cz6OEO1R9beFP7RywXntxSnwNaHfYBKreXFFs9.jpg\" alt=\"\" title=\"\" \/>\n                                                    <img class=\"Thumb\" src=\"https:\/\/grupo-aligator.com\/wp-content\/plugins\/_doptg\/uploads\/thumbs\/e4xz8OqNCqPAdZ6E134dkKjFHm2cz6OEO1R9beFP7RywXntxSnwNaHfYBKreXFFs9.jpg\" alt=\"\" title=\"\" \/>\n                                                    <span class=\"CaptionTitle\"><\/span>\n                                                    <span class=\"CaptionText\"><\/span>\n                                                    <span class=\"Media\"><\/span>\n                                                    <span class=\"LightboxMedia\"><\/span>\n                                                 <\/li><li>\n                                                    <img class=\"Image\" src=\"https:\/\/grupo-aligator.com\/wp-content\/plugins\/_doptg\/uploads\/mBfdk87n5jYhBs9WnP863nR3B9EwTmZntqW6wFfkXfFDR2WLsHmpcqBqm51bwjK2O.jpg\" alt=\"\" title=\"\" \/>\n                                                    <img class=\"Thumb\" src=\"https:\/\/grupo-aligator.com\/wp-content\/plugins\/_doptg\/uploads\/thumbs\/mBfdk87n5jYhBs9WnP863nR3B9EwTmZntqW6wFfkXfFDR2WLsHmpcqBqm51bwjK2O.jpg\" alt=\"\" title=\"\" \/>\n                                                    <span class=\"CaptionTitle\"><\/span>\n                                                    <span class=\"CaptionText\"><\/span>\n                                                    <span class=\"Media\"><\/span>\n                                                    <span class=\"LightboxMedia\"><\/span>\n                                                 <\/li><li>\n                                                    <img class=\"Image\" src=\"https:\/\/grupo-aligator.com\/wp-content\/plugins\/_doptg\/uploads\/PQx1e7Za4GcOMm8gm2MSDhthgWAZ1NqrGspfN6k9znWbTc9NqDy6NtxjNT9dmdjjM.jpg\" alt=\"\" title=\"\" \/>\n                                                    <img class=\"Thumb\" src=\"https:\/\/grupo-aligator.com\/wp-content\/plugins\/_doptg\/uploads\/thumbs\/PQx1e7Za4GcOMm8gm2MSDhthgWAZ1NqrGspfN6k9znWbTc9NqDy6NtxjNT9dmdjjM.jpg\" alt=\"\" title=\"\" \/>\n                                                    <span class=\"CaptionTitle\"><\/span>\n                                                    <span class=\"CaptionText\"><\/span>\n                                                    <span class=\"Media\"><\/span>\n                                                    <span class=\"LightboxMedia\"><\/span>\n                                                 <\/li><li>\n                                                    <img class=\"Image\" src=\"https:\/\/grupo-aligator.com\/wp-content\/plugins\/_doptg\/uploads\/6MSmPYSP4nNWzCGfq65Nxy1fALX3GkZBepgbS64HwfNTfbYgBDsS3yWnsDta2QF7y.jpg\" alt=\"\" title=\"\" \/>\n                                                    <img class=\"Thumb\" src=\"https:\/\/grupo-aligator.com\/wp-content\/plugins\/_doptg\/uploads\/thumbs\/6MSmPYSP4nNWzCGfq65Nxy1fALX3GkZBepgbS64HwfNTfbYgBDsS3yWnsDta2QF7y.jpg\" alt=\"\" title=\"\" \/>\n                                                    <span class=\"CaptionTitle\"><\/span>\n                                                    <span class=\"CaptionText\"><\/span>\n                                                    <span class=\"Media\"><\/span>\n                                                    <span class=\"LightboxMedia\"><\/span>\n                                                 <\/li><li>\n                                                    <img class=\"Image\" src=\"https:\/\/grupo-aligator.com\/wp-content\/plugins\/_doptg\/uploads\/sGRYTF7fM45c7QgzOCTKHHfNfOQe7f12EkbHjQAZFwO8TtCShSb7CcaRcxdjjOCSZ.jpg\" alt=\"\" title=\"\" \/>\n                                                    <img class=\"Thumb\" src=\"https:\/\/grupo-aligator.com\/wp-content\/plugins\/_doptg\/uploads\/thumbs\/sGRYTF7fM45c7QgzOCTKHHfNfOQe7f12EkbHjQAZFwO8TtCShSb7CcaRcxdjjOCSZ.jpg\" alt=\"\" title=\"\" \/>\n                                                    <span class=\"CaptionTitle\"><\/span>\n                                                    <span class=\"CaptionText\"><\/span>\n                                                    <span class=\"Media\"><\/span>\n                                                    <span class=\"LightboxMedia\"><\/span>\n                                                 <\/li><\/ul>\n                             <\/div>\n                             <script type=\"text\/JavaScript\">\n                                 jQuery(document).ready(function(){\n                                     jQuery('#DOPThumbnailGallery189').DOPThumbnailGallery();\n                                 });\n                             <\/script><\/div>\n","protected":false},"excerpt":{"rendered":"<p>Lichtsch\u00e4chte zu Keller-, Nutz- und Hobbyr\u00e4umen werden allzu oft zum Sammelbecken f\u00fcr Insekten, Laub und Schmutz. Das muss nicht sein. Neher Lichtschachtabdeckungen sind problemlos und sicher begehbar und sorgen daf\u00fcr, dass auch Krabbeltiere und Schmutz au\u00dfen vor bleiben \u2013 robust, formsch\u00f6n, trittsicher und bruchfest. Damit Sie Ihre Zeit angenehmer verbringen k\u00f6nnen, als mit der Reinigung verschmutzter Lichtsch\u00e4chte. H\u00f6chste Stabilit\u00e4t durch Aluminiumprofile und formstabiles Edelstahlgewebe Befahrbar mit optionalem Streckmetallgewebe Stolperfreie<span class=\"ellipsis\">&hellip;<\/span><\/p>\n<div class=\"read-more\"><a href=\"https:\/\/grupo-aligator.com\/de\/insektenschutz-lichschachtabdeckung\/\">Read More&#8230;<\/a><\/div>\n<p><!-- end of .read-more --><\/p>\n","protected":false},"author":1,"featured_media":0,"parent":0,"menu_order":0,"comment_status":"closed","ping_status":"closed","template":"content-page.php","meta":[],"yoast_head":"<!-- This site is optimized with the Yoast SEO plugin v19.11 - https:\/\/yoast.com\/wordpress\/plugins\/seo\/ -->\n<title>Insektenschutz f\u00fcr Lichtschachtabdeckungen Mijas, Tarifa, Malaga, Marbella, Torrox - Cristaleria Aligator<\/title>\n<meta name=\"description\" content=\"Insektenschutz f\u00fcr Lichtschachtabdeckungen Mijas, Tarifa, Malaga, Marbella, Torrox - Cristaleria Aligator Wintergarten und Terrassenverglasung auch in Sotogrande Costa del Sol\" \/>\n<meta name=\"robots\" content=\"index, follow, max-snippet:-1, max-image-preview:large, max-video-preview:-1\" \/>\n<link rel=\"canonical\" href=\"https:\/\/grupo-aligator.com\/de\/insektenschutz-lichschachtabdeckung\/\" \/>\n<meta property=\"og:locale\" content=\"de_DE\" \/>\n<meta property=\"og:type\" content=\"article\" \/>\n<meta property=\"og:title\" content=\"Insektenschutz f\u00fcr Lichtschachtabdeckungen Mijas, Tarifa, Malaga, Marbella, Torrox - Cristaleria Aligator\" \/>\n<meta property=\"og:description\" content=\"Insektenschutz f\u00fcr Lichtschachtabdeckungen Mijas, Tarifa, Malaga, Marbella, Torrox - Cristaleria Aligator Wintergarten und Terrassenverglasung auch in Sotogrande Costa del Sol\" \/>\n<meta property=\"og:url\" content=\"https:\/\/grupo-aligator.com\/de\/insektenschutz-lichschachtabdeckung\/\" \/>\n<meta property=\"article:modified_time\" content=\"2015-10-07T13:30:15+00:00\" \/>\n<meta name=\"twitter:card\" content=\"summary_large_image\" \/>\n<meta name=\"twitter:label1\" content=\"Gesch\u00e4tzte Lesezeit\" \/>\n\t<meta name=\"twitter:data1\" content=\"1\u00a0Minute\" \/>\n<script type=\"application\/ld+json\" class=\"yoast-schema-graph\">{\"@context\":\"https:\/\/schema.org\",\"@graph\":[{\"@type\":\"WebPage\",\"@id\":\"https:\/\/grupo-aligator.com\/de\/insektenschutz-lichschachtabdeckung\/\",\"url\":\"https:\/\/grupo-aligator.com\/de\/insektenschutz-lichschachtabdeckung\/\",\"name\":\"Insektenschutz f\u00fcr Lichtschachtabdeckungen Mijas, Tarifa, Malaga, Marbella, Torrox - Cristaleria Aligator\",\"isPartOf\":{\"@id\":\"https:\/\/grupo-aligator.com\/de\/#website\"},\"datePublished\":\"2014-09-16T10:28:05+00:00\",\"dateModified\":\"2015-10-07T13:30:15+00:00\",\"description\":\"Insektenschutz f\u00fcr Lichtschachtabdeckungen Mijas, Tarifa, Malaga, Marbella, Torrox - Cristaleria Aligator Wintergarten und Terrassenverglasung auch in Sotogrande Costa del Sol\",\"breadcrumb\":{\"@id\":\"https:\/\/grupo-aligator.com\/de\/insektenschutz-lichschachtabdeckung\/#breadcrumb\"},\"inLanguage\":\"de\",\"potentialAction\":[{\"@type\":\"ReadAction\",\"target\":[\"https:\/\/grupo-aligator.com\/de\/insektenschutz-lichschachtabdeckung\/\"]}]},{\"@type\":\"BreadcrumbList\",\"@id\":\"https:\/\/grupo-aligator.com\/de\/insektenschutz-lichschachtabdeckung\/#breadcrumb\",\"itemListElement\":[{\"@type\":\"ListItem\",\"position\":1,\"name\":\"Home\",\"item\":\"https:\/\/grupo-aligator.com\/de\/\"},{\"@type\":\"ListItem\",\"position\":2,\"name\":\"Insektenschutz f\u00fcr Lichtschachtabdeckungen\"}]},{\"@type\":\"WebSite\",\"@id\":\"https:\/\/grupo-aligator.com\/de\/#website\",\"url\":\"https:\/\/grupo-aligator.com\/de\/\",\"name\":\"\",\"description\":\"\",\"publisher\":{\"@id\":\"https:\/\/grupo-aligator.com\/de\/#organization\"},\"potentialAction\":[{\"@type\":\"SearchAction\",\"target\":{\"@type\":\"EntryPoint\",\"urlTemplate\":\"https:\/\/grupo-aligator.com\/de\/?s={search_term_string}\"},\"query-input\":\"required name=search_term_string\"}],\"inLanguage\":\"de\"},{\"@type\":\"Organization\",\"@id\":\"https:\/\/grupo-aligator.com\/de\/#organization\",\"name\":\"Cristaleria Aligator S.L.\",\"url\":\"https:\/\/grupo-aligator.com\/de\/\",\"logo\":{\"@type\":\"ImageObject\",\"inLanguage\":\"de\",\"@id\":\"https:\/\/grupo-aligator.com\/de\/#\/schema\/logo\/image\/\",\"url\":\"http:\/\/grupo-aligator.com\/wp-content\/uploads\/2019\/11\/aligator-logo-de.png\",\"contentUrl\":\"http:\/\/grupo-aligator.com\/wp-content\/uploads\/2019\/11\/aligator-logo-de.png\",\"width\":150,\"height\":160,\"caption\":\"Cristaleria Aligator S.L.\"},\"image\":{\"@id\":\"https:\/\/grupo-aligator.com\/de\/#\/schema\/logo\/image\/\"}}]}<\/script>\n<!-- \/ Yoast SEO plugin. -->","yoast_head_json":{"title":"Insektenschutz f\u00fcr Lichtschachtabdeckungen Mijas, Tarifa, Malaga, Marbella, Torrox - Cristaleria Aligator","description":"Insektenschutz f\u00fcr Lichtschachtabdeckungen Mijas, Tarifa, Malaga, Marbella, Torrox - Cristaleria Aligator Wintergarten und Terrassenverglasung auch in Sotogrande Costa del Sol","robots":{"index":"index","follow":"follow","max-snippet":"max-snippet:-1","max-image-preview":"max-image-preview:large","max-video-preview":"max-video-preview:-1"},"canonical":"https:\/\/grupo-aligator.com\/de\/insektenschutz-lichschachtabdeckung\/","og_locale":"de_DE","og_type":"article","og_title":"Insektenschutz f\u00fcr Lichtschachtabdeckungen Mijas, Tarifa, Malaga, Marbella, Torrox - Cristaleria Aligator","og_description":"Insektenschutz f\u00fcr Lichtschachtabdeckungen Mijas, Tarifa, Malaga, Marbella, Torrox - Cristaleria Aligator Wintergarten und Terrassenverglasung auch in Sotogrande Costa del Sol","og_url":"https:\/\/grupo-aligator.com\/de\/insektenschutz-lichschachtabdeckung\/","article_modified_time":"2015-10-07T13:30:15+00:00","twitter_card":"summary_large_image","twitter_misc":{"Gesch\u00e4tzte Lesezeit":"1\u00a0Minute"},"schema":{"@context":"https:\/\/schema.org","@graph":[{"@type":"WebPage","@id":"https:\/\/grupo-aligator.com\/de\/insektenschutz-lichschachtabdeckung\/","url":"https:\/\/grupo-aligator.com\/de\/insektenschutz-lichschachtabdeckung\/","name":"Insektenschutz f\u00fcr Lichtschachtabdeckungen Mijas, Tarifa, Malaga, Marbella, Torrox - Cristaleria Aligator","isPartOf":{"@id":"https:\/\/grupo-aligator.com\/de\/#website"},"datePublished":"2014-09-16T10:28:05+00:00","dateModified":"2015-10-07T13:30:15+00:00","description":"Insektenschutz f\u00fcr Lichtschachtabdeckungen Mijas, Tarifa, Malaga, Marbella, Torrox - Cristaleria Aligator Wintergarten und Terrassenverglasung auch in Sotogrande Costa del Sol","breadcrumb":{"@id":"https:\/\/grupo-aligator.com\/de\/insektenschutz-lichschachtabdeckung\/#breadcrumb"},"inLanguage":"de","potentialAction":[{"@type":"ReadAction","target":["https:\/\/grupo-aligator.com\/de\/insektenschutz-lichschachtabdeckung\/"]}]},{"@type":"BreadcrumbList","@id":"https:\/\/grupo-aligator.com\/de\/insektenschutz-lichschachtabdeckung\/#breadcrumb","itemListElement":[{"@type":"ListItem","position":1,"name":"Home","item":"https:\/\/grupo-aligator.com\/de\/"},{"@type":"ListItem","position":2,"name":"Insektenschutz f\u00fcr Lichtschachtabdeckungen"}]},{"@type":"WebSite","@id":"https:\/\/grupo-aligator.com\/de\/#website","url":"https:\/\/grupo-aligator.com\/de\/","name":"","description":"","publisher":{"@id":"https:\/\/grupo-aligator.com\/de\/#organization"},"potentialAction":[{"@type":"SearchAction","target":{"@type":"EntryPoint","urlTemplate":"https:\/\/grupo-aligator.com\/de\/?s={search_term_string}"},"query-input":"required name=search_term_string"}],"inLanguage":"de"},{"@type":"Organization","@id":"https:\/\/grupo-aligator.com\/de\/#organization","name":"Cristaleria Aligator S.L.","url":"https:\/\/grupo-aligator.com\/de\/","logo":{"@type":"ImageObject","inLanguage":"de","@id":"https:\/\/grupo-aligator.com\/de\/#\/schema\/logo\/image\/","url":"http:\/\/grupo-aligator.com\/wp-content\/uploads\/2019\/11\/aligator-logo-de.png","contentUrl":"http:\/\/grupo-aligator.com\/wp-content\/uploads\/2019\/11\/aligator-logo-de.png","width":150,"height":160,"caption":"Cristaleria Aligator S.L."},"image":{"@id":"https:\/\/grupo-aligator.com\/de\/#\/schema\/logo\/image\/"}}]}},"_links":{"self":[{"href":"https:\/\/grupo-aligator.com\/de\/wp-json\/wp\/v2\/pages\/3207"}],"collection":[{"href":"https:\/\/grupo-aligator.com\/de\/wp-json\/wp\/v2\/pages"}],"about":[{"href":"https:\/\/grupo-aligator.com\/de\/wp-json\/wp\/v2\/types\/page"}],"author":[{"embeddable":true,"href":"https:\/\/grupo-aligator.com\/de\/wp-json\/wp\/v2\/users\/1"}],"replies":[{"embeddable":true,"href":"https:\/\/grupo-aligator.com\/de\/wp-json\/wp\/v2\/comments?post=3207"}],"version-history":[{"count":7,"href":"https:\/\/grupo-aligator.com\/de\/wp-json\/wp\/v2\/pages\/3207\/revisions"}],"predecessor-version":[{"id":5351,"href":"https:\/\/grupo-aligator.com\/de\/wp-json\/wp\/v2\/pages\/3207\/revisions\/5351"}],"wp:attachment":[{"href":"https:\/\/grupo-aligator.com\/de\/wp-json\/wp\/v2\/media?parent=3207"}],"curies":[{"name":"wp","href":"https:\/\/api.w.org\/{rel}","templated":true}]}}