{"id":3201,"date":"2014-09-16T10:27:15","date_gmt":"2014-09-16T10:27:15","guid":{"rendered":"http:\/\/aligator.cristaleria-aligator.com\/?page_id=3201"},"modified":"2015-09-18T08:15:32","modified_gmt":"2015-09-18T08:15:32","slug":"insektenschutz-apannrahmen","status":"publish","type":"page","link":"https:\/\/grupo-aligator.com\/de\/insektenschutz-apannrahmen\/","title":{"rendered":"Der Spannrahmen &#8211; Vielseitig!"},"content":{"rendered":"<div id=\"aligator-logo-de\"><\/div>\n<div class=\"toldos-top-logo\" style=\"margin: 3px 0 0 590px;\"><img decoding=\"async\" src=\"\/wp-content\/uploads\/2014\/07\/neher-logo.png\" alt=\"\" \/><\/div>\n<div id=\"toldos-aligator-description\">\n<p>Montage ohne zu bohren, leichte und sichere Handhabung, nahezu \u00fcberall einsetzbar. Der Spannrahmen kann in nahezu beliebigen Sonderformen hergestellt werden. Wir finden eine L\u00f6sung! Versprochen. Spannrahmen von NEHER werden millimetergenau f\u00fcr Sie hergestellt. Durch die gro\u00dfe Variantenvielfalt(\u00fcber 250 verschiedene Einbauvarianten) ist der Spannrahmen individuell einsetzbar. Egal ob Holz-, Kunstoff-, oder Aluminiumfenster, egal ob mit Rolladen, Klappladen, Jalousette oder Einbruchgitter. Da klappert nichts, da klemmen keine Rollladen! Versprochen. \u00dcbrigens: Der Einbau des Spannrahmens erfolgt ganz ohne bohren. Individuelle Farbwahl nach RAL; 210 Farben zu Ihrer Auswahl. Edelstahl Winkellasche.<\/p>\n<\/div>\n<div class=\"toldos-gallery\"><div class=\"DOPThumbnailGalleryContainer\" id=\"DOPThumbnailGallery193\">\n                                 <a href=\"https:\/\/grupo-aligator.com\/wp-content\/plugins\/_doptg\/frontend-ajax.php\" class=\"Settings\"><\/a>\n                                 <ul class=\"Content\" style=\"display:none;\"><li>\n                                                    <img class=\"Image\" src=\"https:\/\/grupo-aligator.com\/wp-content\/plugins\/_doptg\/uploads\/OtLAk1a4rTB4F9Kf2BrCBpdf9ZywCBEqT8MfACyRbFbOwz7ONhePsdzxG49wawSQO.jpg\" alt=\"\" title=\"\" \/>\n                                                    <img class=\"Thumb\" src=\"https:\/\/grupo-aligator.com\/wp-content\/plugins\/_doptg\/uploads\/thumbs\/OtLAk1a4rTB4F9Kf2BrCBpdf9ZywCBEqT8MfACyRbFbOwz7ONhePsdzxG49wawSQO.jpg\" alt=\"\" title=\"\" \/>\n                                                    <span class=\"CaptionTitle\"><\/span>\n                                                    <span class=\"CaptionText\"><\/span>\n                                                    <span class=\"Media\"><\/span>\n                                                    <span class=\"LightboxMedia\"><\/span>\n                                                 <\/li><li>\n                                                    <img class=\"Image\" src=\"https:\/\/grupo-aligator.com\/wp-content\/plugins\/_doptg\/uploads\/QqKGT7efqq9x9ZSj3hYnHbFPMywBck2fBab5aXSzRLrGhSTcgAy3DdkFw1Q4dh4zj.jpg\" alt=\"\" title=\"\" \/>\n                                                    <img class=\"Thumb\" src=\"https:\/\/grupo-aligator.com\/wp-content\/plugins\/_doptg\/uploads\/thumbs\/QqKGT7efqq9x9ZSj3hYnHbFPMywBck2fBab5aXSzRLrGhSTcgAy3DdkFw1Q4dh4zj.jpg\" alt=\"\" title=\"\" \/>\n                                                    <span class=\"CaptionTitle\"><\/span>\n                                                    <span class=\"CaptionText\"><\/span>\n                                                    <span class=\"Media\"><\/span>\n                                                    <span class=\"LightboxMedia\"><\/span>\n                                                 <\/li><li>\n                                                    <img class=\"Image\" src=\"https:\/\/grupo-aligator.com\/wp-content\/plugins\/_doptg\/uploads\/NDQ3tx8FPwNfkSpzCRb5hpCt7TtnOxTO8k27BOXrGQh71PNfaScPsP1w8Qwz1bp5X.jpg\" alt=\"\" title=\"\" \/>\n                                                    <img class=\"Thumb\" src=\"https:\/\/grupo-aligator.com\/wp-content\/plugins\/_doptg\/uploads\/thumbs\/NDQ3tx8FPwNfkSpzCRb5hpCt7TtnOxTO8k27BOXrGQh71PNfaScPsP1w8Qwz1bp5X.jpg\" alt=\"\" title=\"\" \/>\n                                                    <span class=\"CaptionTitle\"><\/span>\n                                                    <span class=\"CaptionText\"><\/span>\n                                                    <span class=\"Media\"><\/span>\n                                                    <span class=\"LightboxMedia\"><\/span>\n                                                 <\/li><li>\n                                                    <img class=\"Image\" src=\"https:\/\/grupo-aligator.com\/wp-content\/plugins\/_doptg\/uploads\/ndNOEYBCqXEtLE34a1cY1wfWHfcNwZWNLxfH5HZnGgC7tATbqKPPnz5m45mCHg2kk.jpg\" alt=\"\" title=\"\" \/>\n                                                    <img class=\"Thumb\" src=\"https:\/\/grupo-aligator.com\/wp-content\/plugins\/_doptg\/uploads\/thumbs\/ndNOEYBCqXEtLE34a1cY1wfWHfcNwZWNLxfH5HZnGgC7tATbqKPPnz5m45mCHg2kk.jpg\" alt=\"\" title=\"\" \/>\n                                                    <span class=\"CaptionTitle\"><\/span>\n                                                    <span class=\"CaptionText\"><\/span>\n                                                    <span class=\"Media\"><\/span>\n                                                    <span class=\"LightboxMedia\"><\/span>\n                                                 <\/li><\/ul>\n                             <\/div>\n                             <script type=\"text\/JavaScript\">\n                                 jQuery(document).ready(function(){\n                                     jQuery('#DOPThumbnailGallery193').DOPThumbnailGallery();\n                                 });\n                             <\/script><\/div>\n","protected":false},"excerpt":{"rendered":"<p>Montage ohne zu bohren, leichte und sichere Handhabung, nahezu \u00fcberall einsetzbar. Der Spannrahmen kann in nahezu beliebigen Sonderformen hergestellt werden. Wir finden eine L\u00f6sung! Versprochen. Spannrahmen von NEHER werden millimetergenau f\u00fcr Sie hergestellt. Durch die gro\u00dfe Variantenvielfalt(\u00fcber 250 verschiedene Einbauvarianten) ist der Spannrahmen individuell einsetzbar. Egal ob Holz-, Kunstoff-, oder Aluminiumfenster, egal ob mit Rolladen, Klappladen, Jalousette oder Einbruchgitter. Da klappert nichts, da klemmen keine Rollladen! Versprochen. \u00dcbrigens: Der<span class=\"ellipsis\">&hellip;<\/span><\/p>\n<div class=\"read-more\"><a href=\"https:\/\/grupo-aligator.com\/de\/insektenschutz-apannrahmen\/\">Read More&#8230;<\/a><\/div>\n<p><!-- end of .read-more --><\/p>\n","protected":false},"author":1,"featured_media":0,"parent":0,"menu_order":0,"comment_status":"closed","ping_status":"closed","template":"content-page.php","meta":[],"yoast_head":"<!-- This site is optimized with the Yoast SEO plugin v19.11 - https:\/\/yoast.com\/wordpress\/plugins\/seo\/ -->\n<title>Der Spannrahmen - Vielseitig! Mijas, Tarifa, Malaga, Marbella, Torrox - Cristaleria Aligator<\/title>\n<meta name=\"description\" content=\"Der Spannrahmen - Vielseitig! Mijas, Tarifa, Malaga, Marbella, Torrox - Cristaleria Aligator Wintergarten und Terrassenverglasung auch in Sotogrande Costa del Sol\" \/>\n<meta name=\"robots\" content=\"index, follow, max-snippet:-1, max-image-preview:large, max-video-preview:-1\" \/>\n<link rel=\"canonical\" href=\"https:\/\/grupo-aligator.com\/de\/insektenschutz-apannrahmen\/\" \/>\n<meta property=\"og:locale\" content=\"de_DE\" \/>\n<meta property=\"og:type\" content=\"article\" \/>\n<meta property=\"og:title\" content=\"Der Spannrahmen - Vielseitig! Mijas, Tarifa, Malaga, Marbella, Torrox - Cristaleria Aligator\" \/>\n<meta property=\"og:description\" content=\"Der Spannrahmen - Vielseitig! Mijas, Tarifa, Malaga, Marbella, Torrox - Cristaleria Aligator Wintergarten und Terrassenverglasung auch in Sotogrande Costa del Sol\" \/>\n<meta property=\"og:url\" content=\"https:\/\/grupo-aligator.com\/de\/insektenschutz-apannrahmen\/\" \/>\n<meta property=\"article:modified_time\" content=\"2015-09-18T08:15:32+00:00\" \/>\n<meta name=\"twitter:card\" content=\"summary_large_image\" \/>\n<script type=\"application\/ld+json\" class=\"yoast-schema-graph\">{\"@context\":\"https:\/\/schema.org\",\"@graph\":[{\"@type\":\"WebPage\",\"@id\":\"https:\/\/grupo-aligator.com\/de\/insektenschutz-apannrahmen\/\",\"url\":\"https:\/\/grupo-aligator.com\/de\/insektenschutz-apannrahmen\/\",\"name\":\"Der Spannrahmen - Vielseitig! Mijas, Tarifa, Malaga, Marbella, Torrox - Cristaleria Aligator\",\"isPartOf\":{\"@id\":\"https:\/\/grupo-aligator.com\/de\/#website\"},\"datePublished\":\"2014-09-16T10:27:15+00:00\",\"dateModified\":\"2015-09-18T08:15:32+00:00\",\"description\":\"Der Spannrahmen - Vielseitig! Mijas, Tarifa, Malaga, Marbella, Torrox - Cristaleria Aligator Wintergarten und Terrassenverglasung auch in Sotogrande Costa del Sol\",\"breadcrumb\":{\"@id\":\"https:\/\/grupo-aligator.com\/de\/insektenschutz-apannrahmen\/#breadcrumb\"},\"inLanguage\":\"de\",\"potentialAction\":[{\"@type\":\"ReadAction\",\"target\":[\"https:\/\/grupo-aligator.com\/de\/insektenschutz-apannrahmen\/\"]}]},{\"@type\":\"BreadcrumbList\",\"@id\":\"https:\/\/grupo-aligator.com\/de\/insektenschutz-apannrahmen\/#breadcrumb\",\"itemListElement\":[{\"@type\":\"ListItem\",\"position\":1,\"name\":\"Home\",\"item\":\"https:\/\/grupo-aligator.com\/de\/\"},{\"@type\":\"ListItem\",\"position\":2,\"name\":\"Der Spannrahmen &#8211; Vielseitig!\"}]},{\"@type\":\"WebSite\",\"@id\":\"https:\/\/grupo-aligator.com\/de\/#website\",\"url\":\"https:\/\/grupo-aligator.com\/de\/\",\"name\":\"\",\"description\":\"\",\"publisher\":{\"@id\":\"https:\/\/grupo-aligator.com\/de\/#organization\"},\"potentialAction\":[{\"@type\":\"SearchAction\",\"target\":{\"@type\":\"EntryPoint\",\"urlTemplate\":\"https:\/\/grupo-aligator.com\/de\/?s={search_term_string}\"},\"query-input\":\"required name=search_term_string\"}],\"inLanguage\":\"de\"},{\"@type\":\"Organization\",\"@id\":\"https:\/\/grupo-aligator.com\/de\/#organization\",\"name\":\"Cristaleria Aligator S.L.\",\"url\":\"https:\/\/grupo-aligator.com\/de\/\",\"logo\":{\"@type\":\"ImageObject\",\"inLanguage\":\"de\",\"@id\":\"https:\/\/grupo-aligator.com\/de\/#\/schema\/logo\/image\/\",\"url\":\"http:\/\/grupo-aligator.com\/wp-content\/uploads\/2019\/11\/aligator-logo-de.png\",\"contentUrl\":\"http:\/\/grupo-aligator.com\/wp-content\/uploads\/2019\/11\/aligator-logo-de.png\",\"width\":150,\"height\":160,\"caption\":\"Cristaleria Aligator S.L.\"},\"image\":{\"@id\":\"https:\/\/grupo-aligator.com\/de\/#\/schema\/logo\/image\/\"}}]}<\/script>\n<!-- \/ Yoast SEO plugin. -->","yoast_head_json":{"title":"Der Spannrahmen - Vielseitig! Mijas, Tarifa, Malaga, Marbella, Torrox - Cristaleria Aligator","description":"Der Spannrahmen - Vielseitig! Mijas, Tarifa, Malaga, Marbella, Torrox - Cristaleria Aligator Wintergarten und Terrassenverglasung auch in Sotogrande Costa del Sol","robots":{"index":"index","follow":"follow","max-snippet":"max-snippet:-1","max-image-preview":"max-image-preview:large","max-video-preview":"max-video-preview:-1"},"canonical":"https:\/\/grupo-aligator.com\/de\/insektenschutz-apannrahmen\/","og_locale":"de_DE","og_type":"article","og_title":"Der Spannrahmen - Vielseitig! Mijas, Tarifa, Malaga, Marbella, Torrox - Cristaleria Aligator","og_description":"Der Spannrahmen - Vielseitig! Mijas, Tarifa, Malaga, Marbella, Torrox - Cristaleria Aligator Wintergarten und Terrassenverglasung auch in Sotogrande Costa del Sol","og_url":"https:\/\/grupo-aligator.com\/de\/insektenschutz-apannrahmen\/","article_modified_time":"2015-09-18T08:15:32+00:00","twitter_card":"summary_large_image","schema":{"@context":"https:\/\/schema.org","@graph":[{"@type":"WebPage","@id":"https:\/\/grupo-aligator.com\/de\/insektenschutz-apannrahmen\/","url":"https:\/\/grupo-aligator.com\/de\/insektenschutz-apannrahmen\/","name":"Der Spannrahmen - Vielseitig! Mijas, Tarifa, Malaga, Marbella, Torrox - Cristaleria Aligator","isPartOf":{"@id":"https:\/\/grupo-aligator.com\/de\/#website"},"datePublished":"2014-09-16T10:27:15+00:00","dateModified":"2015-09-18T08:15:32+00:00","description":"Der Spannrahmen - Vielseitig! Mijas, Tarifa, Malaga, Marbella, Torrox - Cristaleria Aligator Wintergarten und Terrassenverglasung auch in Sotogrande Costa del Sol","breadcrumb":{"@id":"https:\/\/grupo-aligator.com\/de\/insektenschutz-apannrahmen\/#breadcrumb"},"inLanguage":"de","potentialAction":[{"@type":"ReadAction","target":["https:\/\/grupo-aligator.com\/de\/insektenschutz-apannrahmen\/"]}]},{"@type":"BreadcrumbList","@id":"https:\/\/grupo-aligator.com\/de\/insektenschutz-apannrahmen\/#breadcrumb","itemListElement":[{"@type":"ListItem","position":1,"name":"Home","item":"https:\/\/grupo-aligator.com\/de\/"},{"@type":"ListItem","position":2,"name":"Der Spannrahmen &#8211; Vielseitig!"}]},{"@type":"WebSite","@id":"https:\/\/grupo-aligator.com\/de\/#website","url":"https:\/\/grupo-aligator.com\/de\/","name":"","description":"","publisher":{"@id":"https:\/\/grupo-aligator.com\/de\/#organization"},"potentialAction":[{"@type":"SearchAction","target":{"@type":"EntryPoint","urlTemplate":"https:\/\/grupo-aligator.com\/de\/?s={search_term_string}"},"query-input":"required name=search_term_string"}],"inLanguage":"de"},{"@type":"Organization","@id":"https:\/\/grupo-aligator.com\/de\/#organization","name":"Cristaleria Aligator S.L.","url":"https:\/\/grupo-aligator.com\/de\/","logo":{"@type":"ImageObject","inLanguage":"de","@id":"https:\/\/grupo-aligator.com\/de\/#\/schema\/logo\/image\/","url":"http:\/\/grupo-aligator.com\/wp-content\/uploads\/2019\/11\/aligator-logo-de.png","contentUrl":"http:\/\/grupo-aligator.com\/wp-content\/uploads\/2019\/11\/aligator-logo-de.png","width":150,"height":160,"caption":"Cristaleria Aligator S.L."},"image":{"@id":"https:\/\/grupo-aligator.com\/de\/#\/schema\/logo\/image\/"}}]}},"_links":{"self":[{"href":"https:\/\/grupo-aligator.com\/de\/wp-json\/wp\/v2\/pages\/3201"}],"collection":[{"href":"https:\/\/grupo-aligator.com\/de\/wp-json\/wp\/v2\/pages"}],"about":[{"href":"https:\/\/grupo-aligator.com\/de\/wp-json\/wp\/v2\/types\/page"}],"author":[{"embeddable":true,"href":"https:\/\/grupo-aligator.com\/de\/wp-json\/wp\/v2\/users\/1"}],"replies":[{"embeddable":true,"href":"https:\/\/grupo-aligator.com\/de\/wp-json\/wp\/v2\/comments?post=3201"}],"version-history":[{"count":9,"href":"https:\/\/grupo-aligator.com\/de\/wp-json\/wp\/v2\/pages\/3201\/revisions"}],"predecessor-version":[{"id":5207,"href":"https:\/\/grupo-aligator.com\/de\/wp-json\/wp\/v2\/pages\/3201\/revisions\/5207"}],"wp:attachment":[{"href":"https:\/\/grupo-aligator.com\/de\/wp-json\/wp\/v2\/media?parent=3201"}],"curies":[{"name":"wp","href":"https:\/\/api.w.org\/{rel}","templated":true}]}}