{"id":3002,"date":"2014-07-28T10:06:43","date_gmt":"2014-07-28T10:06:43","guid":{"rendered":"http:\/\/aligator.cristaleria-aligator.com\/?page_id=3002"},"modified":"2015-10-08T10:44:06","modified_gmt":"2015-10-08T10:44:06","slug":"holz-aluminium-fenster","status":"publish","type":"page","link":"https:\/\/grupo-aligator.com\/de\/holz-aluminium-fenster\/","title":{"rendered":"Holz-Aluminium Fenster und T\u00fcren<br \/> aus deutscher Qualit\u00e4tsproduktion"},"content":{"rendered":"<div id=\"aligator-logo-de\" style=\"margin: -74px 0 0 742px;\"><\/div>\n<div class=\"toldos-top-logo\" style=\"margin: 0 0 0 580px;\"><img decoding=\"async\" src=\"\/wp-content\/uploads\/2014\/07\/Logo-Unilux.jpg\" width=\"160\" \/><\/div>\n<div id=\"toldos-aligator-description\">\n<p>Holz erzeugt Behaglichkeit \u2013 ein Werkstoff zum Wohlf\u00fchlen. Aluminium hingegen ist robust \u2013 ein Schutzschild gegen Tiefdruckgebiete. Vereint ergeben sie ein Holz-Alu-Fenster, das dauerhaft in Form bleibt. Und zwar ohne Nachstreichen. Ebenso wenig ben\u00f6tigt das Holz einen UV-Schutz in Form von f\u00e4rbenden Pigmenten. Dank Aluminiumschale kommt es unverf\u00e4rbt zur Geltung. Die Schale bindet das Holz stabil und wetterfest ein und l\u00e4sst ihm dennoch so viel Spielraum, dass Temperaturschwankungen souver\u00e4n ausgeglichen werden.<\/p>\n<\/div>\n<div id=\"content-page\" style=\"margin: -20px 0 0 0;\">\n<a href=\"http:\/\/grupo-aligator.com\/de\/dreh-dreh-kipp-systeme-holz-aluminium-fenster\/\"><\/p>\n<div id=\"page-category-left-text\">\n<div class=\"page-category-text-title\">Dreh, Dreh-Kipp Systeme<\/div>\n<\/div>\n<p><\/a><\/p>\n<p><a href=\"http:\/\/grupo-aligator.com\/de\/dreh-dreh-kipp-systeme-holz-aluminium-fenster\/\"><\/p>\n<div id=\"image-1\"><img decoding=\"async\" loading=\"lazy\" src=\"\/wp-content\/uploads\/2014\/07\/Preview-Pic-Dreh-Dreh-Kipp.jpg\" alt=\"Dreh, Dreh-Kipp Systeme\" style=\"opacity: 1;\" width=\"325\" height=\"320\" \/><\/div>\n<p><\/a><\/p>\n<p><a href=\"http:\/\/grupo-aligator.com\/de\/holz-aluminium-system-schiebe-elemente\/\"><\/p>\n<div id=\"page-category-right-text\">\n<div class=\"page-category-text-title\">Schiebe-Systeme<\/div>\n<\/div>\n<p><\/a><\/p>\n<p><a href=\"http:\/\/grupo-aligator.com\/de\/holz-aluminium-system-schiebe-elemente\/\"><\/p>\n<div id=\"image-2\"><img decoding=\"async\" loading=\"lazy\" src=\"\/wp-content\/uploads\/2014\/07\/Preview-Pic-Schiebe-Systeme1.jpg\" alt=\"Schiebe-Systeme\" style=\"opacity: 1;\" width=\"325\" height=\"320\" \/><\/div>\n<p><\/a>\n<\/div>\n","protected":false},"excerpt":{"rendered":"<p>Holz erzeugt Behaglichkeit \u2013 ein Werkstoff zum Wohlf\u00fchlen. Aluminium hingegen ist robust \u2013 ein Schutzschild gegen Tiefdruckgebiete. Vereint ergeben sie ein Holz-Alu-Fenster, das dauerhaft in Form bleibt. Und zwar ohne Nachstreichen. Ebenso wenig ben\u00f6tigt das Holz einen UV-Schutz in Form von f\u00e4rbenden Pigmenten. Dank Aluminiumschale kommt es unverf\u00e4rbt zur Geltung. Die Schale bindet das Holz stabil und wetterfest ein und l\u00e4sst ihm dennoch so viel Spielraum, dass Temperaturschwankungen souver\u00e4n<span class=\"ellipsis\">&hellip;<\/span><\/p>\n<div class=\"read-more\"><a href=\"https:\/\/grupo-aligator.com\/de\/holz-aluminium-fenster\/\">Read More&#8230;<\/a><\/div>\n<p><!-- end of .read-more --><\/p>\n","protected":false},"author":1,"featured_media":0,"parent":0,"menu_order":0,"comment_status":"closed","ping_status":"closed","template":"content-page.php","meta":[],"yoast_head":"<!-- This site is optimized with the Yoast SEO plugin v19.11 - https:\/\/yoast.com\/wordpress\/plugins\/seo\/ -->\n<title>Holz-Aluminium Fenster und T\u00fcren aus deutscher Qualit\u00e4tsproduktion Mijas, Tarifa, Malaga, Marbella, Torrox - Cristaleria Aligator<\/title>\n<meta name=\"description\" content=\"Holz-Aluminium Fenster und T\u00fcren aus deutscher Qualit\u00e4tsproduktion Mijas, Tarifa, Malaga, Marbella, Torrox - Cristaleria Aligator Wintergarten und Terrassenverglasung auch in Sotogrande Costa del Sol\" \/>\n<meta name=\"robots\" content=\"index, follow, max-snippet:-1, max-image-preview:large, max-video-preview:-1\" \/>\n<link rel=\"canonical\" href=\"https:\/\/grupo-aligator.com\/de\/holz-aluminium-fenster\/\" \/>\n<meta property=\"og:locale\" content=\"de_DE\" \/>\n<meta property=\"og:type\" content=\"article\" \/>\n<meta property=\"og:title\" content=\"Holz-Aluminium Fenster und T\u00fcren aus deutscher Qualit\u00e4tsproduktion Mijas, Tarifa, Malaga, Marbella, Torrox - Cristaleria Aligator\" \/>\n<meta property=\"og:description\" content=\"Holz-Aluminium Fenster und T\u00fcren aus deutscher Qualit\u00e4tsproduktion Mijas, Tarifa, Malaga, Marbella, Torrox - Cristaleria Aligator Wintergarten und Terrassenverglasung auch in Sotogrande Costa del Sol\" \/>\n<meta property=\"og:url\" content=\"https:\/\/grupo-aligator.com\/de\/holz-aluminium-fenster\/\" \/>\n<meta property=\"article:modified_time\" content=\"2015-10-08T10:44:06+00:00\" \/>\n<meta name=\"twitter:card\" content=\"summary_large_image\" \/>\n<script type=\"application\/ld+json\" class=\"yoast-schema-graph\">{\"@context\":\"https:\/\/schema.org\",\"@graph\":[{\"@type\":\"WebPage\",\"@id\":\"https:\/\/grupo-aligator.com\/de\/holz-aluminium-fenster\/\",\"url\":\"https:\/\/grupo-aligator.com\/de\/holz-aluminium-fenster\/\",\"name\":\"Holz-Aluminium Fenster und T\u00fcren aus deutscher Qualit\u00e4tsproduktion Mijas, Tarifa, Malaga, Marbella, Torrox - Cristaleria Aligator\",\"isPartOf\":{\"@id\":\"https:\/\/grupo-aligator.com\/de\/#website\"},\"datePublished\":\"2014-07-28T10:06:43+00:00\",\"dateModified\":\"2015-10-08T10:44:06+00:00\",\"description\":\"Holz-Aluminium Fenster und T\u00fcren aus deutscher Qualit\u00e4tsproduktion Mijas, Tarifa, Malaga, Marbella, Torrox - Cristaleria Aligator Wintergarten und Terrassenverglasung auch in Sotogrande Costa del Sol\",\"breadcrumb\":{\"@id\":\"https:\/\/grupo-aligator.com\/de\/holz-aluminium-fenster\/#breadcrumb\"},\"inLanguage\":\"de\",\"potentialAction\":[{\"@type\":\"ReadAction\",\"target\":[\"https:\/\/grupo-aligator.com\/de\/holz-aluminium-fenster\/\"]}]},{\"@type\":\"BreadcrumbList\",\"@id\":\"https:\/\/grupo-aligator.com\/de\/holz-aluminium-fenster\/#breadcrumb\",\"itemListElement\":[{\"@type\":\"ListItem\",\"position\":1,\"name\":\"Home\",\"item\":\"https:\/\/grupo-aligator.com\/de\/\"},{\"@type\":\"ListItem\",\"position\":2,\"name\":\"Holz-Aluminium Fenster und T\u00fcren aus deutscher Qualit\u00e4tsproduktion\"}]},{\"@type\":\"WebSite\",\"@id\":\"https:\/\/grupo-aligator.com\/de\/#website\",\"url\":\"https:\/\/grupo-aligator.com\/de\/\",\"name\":\"\",\"description\":\"\",\"publisher\":{\"@id\":\"https:\/\/grupo-aligator.com\/de\/#organization\"},\"potentialAction\":[{\"@type\":\"SearchAction\",\"target\":{\"@type\":\"EntryPoint\",\"urlTemplate\":\"https:\/\/grupo-aligator.com\/de\/?s={search_term_string}\"},\"query-input\":\"required name=search_term_string\"}],\"inLanguage\":\"de\"},{\"@type\":\"Organization\",\"@id\":\"https:\/\/grupo-aligator.com\/de\/#organization\",\"name\":\"Cristaleria Aligator S.L.\",\"url\":\"https:\/\/grupo-aligator.com\/de\/\",\"logo\":{\"@type\":\"ImageObject\",\"inLanguage\":\"de\",\"@id\":\"https:\/\/grupo-aligator.com\/de\/#\/schema\/logo\/image\/\",\"url\":\"http:\/\/grupo-aligator.com\/wp-content\/uploads\/2019\/11\/aligator-logo-de.png\",\"contentUrl\":\"http:\/\/grupo-aligator.com\/wp-content\/uploads\/2019\/11\/aligator-logo-de.png\",\"width\":150,\"height\":160,\"caption\":\"Cristaleria Aligator S.L.\"},\"image\":{\"@id\":\"https:\/\/grupo-aligator.com\/de\/#\/schema\/logo\/image\/\"}}]}<\/script>\n<!-- \/ Yoast SEO plugin. -->","yoast_head_json":{"title":"Holz-Aluminium Fenster und T\u00fcren aus deutscher Qualit\u00e4tsproduktion Mijas, Tarifa, Malaga, Marbella, Torrox - Cristaleria Aligator","description":"Holz-Aluminium Fenster und T\u00fcren aus deutscher Qualit\u00e4tsproduktion Mijas, Tarifa, Malaga, Marbella, Torrox - Cristaleria Aligator Wintergarten und Terrassenverglasung auch in Sotogrande Costa del Sol","robots":{"index":"index","follow":"follow","max-snippet":"max-snippet:-1","max-image-preview":"max-image-preview:large","max-video-preview":"max-video-preview:-1"},"canonical":"https:\/\/grupo-aligator.com\/de\/holz-aluminium-fenster\/","og_locale":"de_DE","og_type":"article","og_title":"Holz-Aluminium Fenster und T\u00fcren aus deutscher Qualit\u00e4tsproduktion Mijas, Tarifa, Malaga, Marbella, Torrox - Cristaleria Aligator","og_description":"Holz-Aluminium Fenster und T\u00fcren aus deutscher Qualit\u00e4tsproduktion Mijas, Tarifa, Malaga, Marbella, Torrox - Cristaleria Aligator Wintergarten und Terrassenverglasung auch in Sotogrande Costa del Sol","og_url":"https:\/\/grupo-aligator.com\/de\/holz-aluminium-fenster\/","article_modified_time":"2015-10-08T10:44:06+00:00","twitter_card":"summary_large_image","schema":{"@context":"https:\/\/schema.org","@graph":[{"@type":"WebPage","@id":"https:\/\/grupo-aligator.com\/de\/holz-aluminium-fenster\/","url":"https:\/\/grupo-aligator.com\/de\/holz-aluminium-fenster\/","name":"Holz-Aluminium Fenster und T\u00fcren aus deutscher Qualit\u00e4tsproduktion Mijas, Tarifa, Malaga, Marbella, Torrox - Cristaleria Aligator","isPartOf":{"@id":"https:\/\/grupo-aligator.com\/de\/#website"},"datePublished":"2014-07-28T10:06:43+00:00","dateModified":"2015-10-08T10:44:06+00:00","description":"Holz-Aluminium Fenster und T\u00fcren aus deutscher Qualit\u00e4tsproduktion Mijas, Tarifa, Malaga, Marbella, Torrox - Cristaleria Aligator Wintergarten und Terrassenverglasung auch in Sotogrande Costa del Sol","breadcrumb":{"@id":"https:\/\/grupo-aligator.com\/de\/holz-aluminium-fenster\/#breadcrumb"},"inLanguage":"de","potentialAction":[{"@type":"ReadAction","target":["https:\/\/grupo-aligator.com\/de\/holz-aluminium-fenster\/"]}]},{"@type":"BreadcrumbList","@id":"https:\/\/grupo-aligator.com\/de\/holz-aluminium-fenster\/#breadcrumb","itemListElement":[{"@type":"ListItem","position":1,"name":"Home","item":"https:\/\/grupo-aligator.com\/de\/"},{"@type":"ListItem","position":2,"name":"Holz-Aluminium Fenster und T\u00fcren aus deutscher Qualit\u00e4tsproduktion"}]},{"@type":"WebSite","@id":"https:\/\/grupo-aligator.com\/de\/#website","url":"https:\/\/grupo-aligator.com\/de\/","name":"","description":"","publisher":{"@id":"https:\/\/grupo-aligator.com\/de\/#organization"},"potentialAction":[{"@type":"SearchAction","target":{"@type":"EntryPoint","urlTemplate":"https:\/\/grupo-aligator.com\/de\/?s={search_term_string}"},"query-input":"required name=search_term_string"}],"inLanguage":"de"},{"@type":"Organization","@id":"https:\/\/grupo-aligator.com\/de\/#organization","name":"Cristaleria Aligator S.L.","url":"https:\/\/grupo-aligator.com\/de\/","logo":{"@type":"ImageObject","inLanguage":"de","@id":"https:\/\/grupo-aligator.com\/de\/#\/schema\/logo\/image\/","url":"http:\/\/grupo-aligator.com\/wp-content\/uploads\/2019\/11\/aligator-logo-de.png","contentUrl":"http:\/\/grupo-aligator.com\/wp-content\/uploads\/2019\/11\/aligator-logo-de.png","width":150,"height":160,"caption":"Cristaleria Aligator S.L."},"image":{"@id":"https:\/\/grupo-aligator.com\/de\/#\/schema\/logo\/image\/"}}]}},"_links":{"self":[{"href":"https:\/\/grupo-aligator.com\/de\/wp-json\/wp\/v2\/pages\/3002"}],"collection":[{"href":"https:\/\/grupo-aligator.com\/de\/wp-json\/wp\/v2\/pages"}],"about":[{"href":"https:\/\/grupo-aligator.com\/de\/wp-json\/wp\/v2\/types\/page"}],"author":[{"embeddable":true,"href":"https:\/\/grupo-aligator.com\/de\/wp-json\/wp\/v2\/users\/1"}],"replies":[{"embeddable":true,"href":"https:\/\/grupo-aligator.com\/de\/wp-json\/wp\/v2\/comments?post=3002"}],"version-history":[{"count":11,"href":"https:\/\/grupo-aligator.com\/de\/wp-json\/wp\/v2\/pages\/3002\/revisions"}],"predecessor-version":[{"id":5429,"href":"https:\/\/grupo-aligator.com\/de\/wp-json\/wp\/v2\/pages\/3002\/revisions\/5429"}],"wp:attachment":[{"href":"https:\/\/grupo-aligator.com\/de\/wp-json\/wp\/v2\/media?parent=3002"}],"curies":[{"name":"wp","href":"https:\/\/api.w.org\/{rel}","templated":true}]}}