{"id":2981,"date":"2014-07-28T09:47:32","date_gmt":"2014-07-28T09:47:32","guid":{"rendered":"http:\/\/aligator.cristaleria-aligator.com\/?page_id=2981"},"modified":"2015-10-08T14:36:16","modified_gmt":"2015-10-08T14:36:16","slug":"holz-fenster","status":"publish","type":"page","link":"https:\/\/grupo-aligator.com\/de\/holz-fenster\/","title":{"rendered":"Holz-Fenster und T\u00fcren<br \/> aus deutscher Qualit\u00e4tsproduktion"},"content":{"rendered":"<div id=\"aligator-logo-de\" style=\"margin: -74px 0 0 742px;\"><\/div>\n<div class=\"toldos-top-logo\"><\/div>\n<div id=\"toldos-aligator-description\">\n<p>Holz besitzt eine nat\u00fcrliche Sch\u00f6nheit, ist warm und strukturbetont. Es l\u00e4sst sich riechen und begreifen. Kein anderes Material auf der Erde ist so wandlungsf\u00e4hig. Holzfenster haben einen echten Charme und eine unvergleichbare Ausstrahlung.<\/p>\n<\/div>\n<div id=\"content-page\" style=\"margin: -20px 0 0 0;\">\n<a href=\"http:\/\/grupo-aligator.com\/de\/holz-fenster-and-turen-dreh-kipp-elemente\/\"><\/p>\n<div id=\"page-category-left-text\">\n<div class=\"page-category-text-title\" style=\"font-size: 16px;\">Dreh, Dreh-Kipp-Systeme<\/div>\n<\/div>\n<p><\/a><\/p>\n<p><a href=\"http:\/\/grupo-aligator.com\/de\/holz-fenster-and-turen-dreh-kipp-elemente\/\"><\/p>\n<div id=\"image-1\"><img decoding=\"async\" loading=\"lazy\" src=\"\/wp-content\/uploads\/2014\/07\/1-1.jpg\" alt=\"Dreh, Dreh-Kipp-Systeme\" style=\"opacity: 1;\" width=\"325\" height=\"320\" \/><\/div>\n<p><\/a><\/p>\n<p><a href=\"http:\/\/grupo-aligator.com\/de\/holz-systeme-schiebe-elemente\/\"><\/p>\n<div id=\"page-category-right-text\">\n<div class=\"page-category-text-title\" style=\"font-size: 16px;\">Schiebe-Systeme<\/div>\n<\/div>\n<p><\/a><\/p>\n<p><a href=\"http:\/\/grupo-aligator.com\/de\/holz-systeme-schiebe-elemente\/\"><\/p>\n<div id=\"image-2\"><img decoding=\"async\" loading=\"lazy\" src=\"\/wp-content\/uploads\/2014\/07\/1-11.jpg\" alt=\"Schiebe-Systeme\" style=\"opacity: 1;\" width=\"325\" height=\"320\" \/><\/div>\n<p><\/a>\n<\/div>\n","protected":false},"excerpt":{"rendered":"<p>Holz besitzt eine nat\u00fcrliche Sch\u00f6nheit, ist warm und strukturbetont. Es l\u00e4sst sich riechen und begreifen. Kein anderes Material auf der Erde ist so wandlungsf\u00e4hig. Holzfenster haben einen echten Charme und eine unvergleichbare Ausstrahlung. Dreh, Dreh-Kipp-Systeme Schiebe-Systeme<\/p>\n","protected":false},"author":1,"featured_media":0,"parent":0,"menu_order":0,"comment_status":"closed","ping_status":"closed","template":"content-page.php","meta":[],"yoast_head":"<!-- This site is optimized with the Yoast SEO plugin v19.11 - https:\/\/yoast.com\/wordpress\/plugins\/seo\/ -->\n<title>Holz-Fenster und T\u00fcren aus deutscher Qualit\u00e4tsproduktion Mijas, Tarifa, Malaga, Marbella, Torrox - Cristaleria Aligator<\/title>\n<meta name=\"description\" content=\"Holz-Fenster und T\u00fcren aus deutscher Qualit\u00e4tsproduktion Mijas, Tarifa, Malaga, Marbella, Torrox - Cristaleria Aligator Wintergarten und Terrassenverglasung auch in Sotogrande Costa del Sol\" \/>\n<meta name=\"robots\" content=\"index, follow, max-snippet:-1, max-image-preview:large, max-video-preview:-1\" \/>\n<link rel=\"canonical\" href=\"https:\/\/grupo-aligator.com\/de\/holz-fenster\/\" \/>\n<meta property=\"og:locale\" content=\"de_DE\" \/>\n<meta property=\"og:type\" content=\"article\" \/>\n<meta property=\"og:title\" content=\"Holz-Fenster und T\u00fcren aus deutscher Qualit\u00e4tsproduktion Mijas, Tarifa, Malaga, Marbella, Torrox - Cristaleria Aligator\" \/>\n<meta property=\"og:description\" content=\"Holz-Fenster und T\u00fcren aus deutscher Qualit\u00e4tsproduktion Mijas, Tarifa, Malaga, Marbella, Torrox - Cristaleria Aligator Wintergarten und Terrassenverglasung auch in Sotogrande Costa del Sol\" \/>\n<meta property=\"og:url\" content=\"https:\/\/grupo-aligator.com\/de\/holz-fenster\/\" \/>\n<meta property=\"article:modified_time\" content=\"2015-10-08T14:36:16+00:00\" \/>\n<meta name=\"twitter:card\" content=\"summary_large_image\" \/>\n<script type=\"application\/ld+json\" class=\"yoast-schema-graph\">{\"@context\":\"https:\/\/schema.org\",\"@graph\":[{\"@type\":\"WebPage\",\"@id\":\"https:\/\/grupo-aligator.com\/de\/holz-fenster\/\",\"url\":\"https:\/\/grupo-aligator.com\/de\/holz-fenster\/\",\"name\":\"Holz-Fenster und T\u00fcren aus deutscher Qualit\u00e4tsproduktion Mijas, Tarifa, Malaga, Marbella, Torrox - Cristaleria Aligator\",\"isPartOf\":{\"@id\":\"https:\/\/grupo-aligator.com\/de\/#website\"},\"datePublished\":\"2014-07-28T09:47:32+00:00\",\"dateModified\":\"2015-10-08T14:36:16+00:00\",\"description\":\"Holz-Fenster und T\u00fcren aus deutscher Qualit\u00e4tsproduktion Mijas, Tarifa, Malaga, Marbella, Torrox - Cristaleria Aligator Wintergarten und Terrassenverglasung auch in Sotogrande Costa del Sol\",\"breadcrumb\":{\"@id\":\"https:\/\/grupo-aligator.com\/de\/holz-fenster\/#breadcrumb\"},\"inLanguage\":\"de\",\"potentialAction\":[{\"@type\":\"ReadAction\",\"target\":[\"https:\/\/grupo-aligator.com\/de\/holz-fenster\/\"]}]},{\"@type\":\"BreadcrumbList\",\"@id\":\"https:\/\/grupo-aligator.com\/de\/holz-fenster\/#breadcrumb\",\"itemListElement\":[{\"@type\":\"ListItem\",\"position\":1,\"name\":\"Home\",\"item\":\"https:\/\/grupo-aligator.com\/de\/\"},{\"@type\":\"ListItem\",\"position\":2,\"name\":\"Holz-Fenster und T\u00fcren aus deutscher Qualit\u00e4tsproduktion\"}]},{\"@type\":\"WebSite\",\"@id\":\"https:\/\/grupo-aligator.com\/de\/#website\",\"url\":\"https:\/\/grupo-aligator.com\/de\/\",\"name\":\"\",\"description\":\"\",\"publisher\":{\"@id\":\"https:\/\/grupo-aligator.com\/de\/#organization\"},\"potentialAction\":[{\"@type\":\"SearchAction\",\"target\":{\"@type\":\"EntryPoint\",\"urlTemplate\":\"https:\/\/grupo-aligator.com\/de\/?s={search_term_string}\"},\"query-input\":\"required name=search_term_string\"}],\"inLanguage\":\"de\"},{\"@type\":\"Organization\",\"@id\":\"https:\/\/grupo-aligator.com\/de\/#organization\",\"name\":\"Cristaleria Aligator S.L.\",\"url\":\"https:\/\/grupo-aligator.com\/de\/\",\"logo\":{\"@type\":\"ImageObject\",\"inLanguage\":\"de\",\"@id\":\"https:\/\/grupo-aligator.com\/de\/#\/schema\/logo\/image\/\",\"url\":\"http:\/\/grupo-aligator.com\/wp-content\/uploads\/2019\/11\/aligator-logo-de.png\",\"contentUrl\":\"http:\/\/grupo-aligator.com\/wp-content\/uploads\/2019\/11\/aligator-logo-de.png\",\"width\":150,\"height\":160,\"caption\":\"Cristaleria Aligator S.L.\"},\"image\":{\"@id\":\"https:\/\/grupo-aligator.com\/de\/#\/schema\/logo\/image\/\"}}]}<\/script>\n<!-- \/ Yoast SEO plugin. -->","yoast_head_json":{"title":"Holz-Fenster und T\u00fcren aus deutscher Qualit\u00e4tsproduktion Mijas, Tarifa, Malaga, Marbella, Torrox - Cristaleria Aligator","description":"Holz-Fenster und T\u00fcren aus deutscher Qualit\u00e4tsproduktion Mijas, Tarifa, Malaga, Marbella, Torrox - Cristaleria Aligator Wintergarten und Terrassenverglasung auch in Sotogrande Costa del Sol","robots":{"index":"index","follow":"follow","max-snippet":"max-snippet:-1","max-image-preview":"max-image-preview:large","max-video-preview":"max-video-preview:-1"},"canonical":"https:\/\/grupo-aligator.com\/de\/holz-fenster\/","og_locale":"de_DE","og_type":"article","og_title":"Holz-Fenster und T\u00fcren aus deutscher Qualit\u00e4tsproduktion Mijas, Tarifa, Malaga, Marbella, Torrox - Cristaleria Aligator","og_description":"Holz-Fenster und T\u00fcren aus deutscher Qualit\u00e4tsproduktion Mijas, Tarifa, Malaga, Marbella, Torrox - Cristaleria Aligator Wintergarten und Terrassenverglasung auch in Sotogrande Costa del Sol","og_url":"https:\/\/grupo-aligator.com\/de\/holz-fenster\/","article_modified_time":"2015-10-08T14:36:16+00:00","twitter_card":"summary_large_image","schema":{"@context":"https:\/\/schema.org","@graph":[{"@type":"WebPage","@id":"https:\/\/grupo-aligator.com\/de\/holz-fenster\/","url":"https:\/\/grupo-aligator.com\/de\/holz-fenster\/","name":"Holz-Fenster und T\u00fcren aus deutscher Qualit\u00e4tsproduktion Mijas, Tarifa, Malaga, Marbella, Torrox - Cristaleria Aligator","isPartOf":{"@id":"https:\/\/grupo-aligator.com\/de\/#website"},"datePublished":"2014-07-28T09:47:32+00:00","dateModified":"2015-10-08T14:36:16+00:00","description":"Holz-Fenster und T\u00fcren aus deutscher Qualit\u00e4tsproduktion Mijas, Tarifa, Malaga, Marbella, Torrox - Cristaleria Aligator Wintergarten und Terrassenverglasung auch in Sotogrande Costa del Sol","breadcrumb":{"@id":"https:\/\/grupo-aligator.com\/de\/holz-fenster\/#breadcrumb"},"inLanguage":"de","potentialAction":[{"@type":"ReadAction","target":["https:\/\/grupo-aligator.com\/de\/holz-fenster\/"]}]},{"@type":"BreadcrumbList","@id":"https:\/\/grupo-aligator.com\/de\/holz-fenster\/#breadcrumb","itemListElement":[{"@type":"ListItem","position":1,"name":"Home","item":"https:\/\/grupo-aligator.com\/de\/"},{"@type":"ListItem","position":2,"name":"Holz-Fenster und T\u00fcren aus deutscher Qualit\u00e4tsproduktion"}]},{"@type":"WebSite","@id":"https:\/\/grupo-aligator.com\/de\/#website","url":"https:\/\/grupo-aligator.com\/de\/","name":"","description":"","publisher":{"@id":"https:\/\/grupo-aligator.com\/de\/#organization"},"potentialAction":[{"@type":"SearchAction","target":{"@type":"EntryPoint","urlTemplate":"https:\/\/grupo-aligator.com\/de\/?s={search_term_string}"},"query-input":"required name=search_term_string"}],"inLanguage":"de"},{"@type":"Organization","@id":"https:\/\/grupo-aligator.com\/de\/#organization","name":"Cristaleria Aligator S.L.","url":"https:\/\/grupo-aligator.com\/de\/","logo":{"@type":"ImageObject","inLanguage":"de","@id":"https:\/\/grupo-aligator.com\/de\/#\/schema\/logo\/image\/","url":"http:\/\/grupo-aligator.com\/wp-content\/uploads\/2019\/11\/aligator-logo-de.png","contentUrl":"http:\/\/grupo-aligator.com\/wp-content\/uploads\/2019\/11\/aligator-logo-de.png","width":150,"height":160,"caption":"Cristaleria Aligator S.L."},"image":{"@id":"https:\/\/grupo-aligator.com\/de\/#\/schema\/logo\/image\/"}}]}},"_links":{"self":[{"href":"https:\/\/grupo-aligator.com\/de\/wp-json\/wp\/v2\/pages\/2981"}],"collection":[{"href":"https:\/\/grupo-aligator.com\/de\/wp-json\/wp\/v2\/pages"}],"about":[{"href":"https:\/\/grupo-aligator.com\/de\/wp-json\/wp\/v2\/types\/page"}],"author":[{"embeddable":true,"href":"https:\/\/grupo-aligator.com\/de\/wp-json\/wp\/v2\/users\/1"}],"replies":[{"embeddable":true,"href":"https:\/\/grupo-aligator.com\/de\/wp-json\/wp\/v2\/comments?post=2981"}],"version-history":[{"count":18,"href":"https:\/\/grupo-aligator.com\/de\/wp-json\/wp\/v2\/pages\/2981\/revisions"}],"predecessor-version":[{"id":5448,"href":"https:\/\/grupo-aligator.com\/de\/wp-json\/wp\/v2\/pages\/2981\/revisions\/5448"}],"wp:attachment":[{"href":"https:\/\/grupo-aligator.com\/de\/wp-json\/wp\/v2\/media?parent=2981"}],"curies":[{"name":"wp","href":"https:\/\/api.w.org\/{rel}","templated":true}]}}