{"id":2966,"date":"2014-07-28T09:17:02","date_gmt":"2014-07-28T09:17:02","guid":{"rendered":"http:\/\/aligator.cristaleria-aligator.com\/?page_id=2966"},"modified":"2019-12-16T16:01:24","modified_gmt":"2019-12-16T14:01:24","slug":"aluminium-fenster","status":"publish","type":"page","link":"https:\/\/grupo-aligator.com\/de\/aluminium-fenster\/","title":{"rendered":"Aluminium Fenster und T\u00fcren"},"content":{"rendered":"<div id=\"aligator-logo-de\"><\/div>\n<div class=\"toldos-top-logo\" style=\"margin: 30px 0 0 580px;\"><img decoding=\"async\" src=\"\/wp-content\/uploads\/2014\/07\/schueco-logo.gif\" \/><\/div>\n<div id=\"toldos-aligator-description\">\n<p>Aluminium ist leicht, fest, pflegeleicht und von langer Lebensdauer.<br \/>\nEs ist pr\u00e4zise formbar &#8211; f\u00fcr energiesparende Bauteile mit hoher Dichtigkeit, Schall und W\u00e4rmed\u00e4mmung!<br \/>\nAuf die thermische Trennung der Profile sollte auch hier in Spanien nicht verzichtet werden!<br \/>\nSie verhindert eine W\u00e4rme- bzw. K\u00e4lte\u00fcbertragung und spart so Energie im Winter zum heizen und im Sommer zum k\u00fchlen.<\/p>\n<\/div>\n<div id=\"content-page\" style=\"margin: 20px 0 0 0;\">\n<div id=\"page-category-left-text\">\n<div class=\"page-category-text-title\">Dreh-Kipp Systeme<\/div>\n<\/div>\n<div id=\"image-1\"><img decoding=\"async\" loading=\"lazy\" style=\"opacity: 1;\" src=\"\/wp-content\/uploads\/2014\/07\/Previw-Pic-Dreh-Kipp.jpeg\" alt=\"Dreh; Dreh-Kipp Systeme\" width=\"325\" height=\"320\" \/><\/div>\n<div id=\"page-category-right-text\">\n<div class=\"page-category-text-title\">Schiebe-Systeme<\/div>\n<\/div>\n<div id=\"image-2\"><img decoding=\"async\" loading=\"lazy\" style=\"opacity: 1;\" src=\"\/wp-content\/uploads\/2014\/07\/Preview-Pic-Schiebe-Systeme.jpg\" alt=\"Schiebe-Systeme\" width=\"325\" height=\"320\" \/><\/div>\n<p>&nbsp;<\/p>\n<\/div>\n","protected":false},"excerpt":{"rendered":"<p>Aluminium ist leicht, fest, pflegeleicht und von langer Lebensdauer. Es ist pr\u00e4zise formbar &#8211; f\u00fcr energiesparende Bauteile mit hoher Dichtigkeit, Schall und W\u00e4rmed\u00e4mmung! Auf die thermische Trennung der Profile sollte auch hier in Spanien nicht verzichtet werden! Sie verhindert eine W\u00e4rme- bzw. K\u00e4lte\u00fcbertragung und spart so Energie im Winter zum heizen und im Sommer zum k\u00fchlen. Dreh-Kipp Systeme Schiebe-Systeme &nbsp;<\/p>\n","protected":false},"author":1,"featured_media":0,"parent":0,"menu_order":0,"comment_status":"closed","ping_status":"closed","template":"content-page.php","meta":[],"yoast_head":"<!-- This site is optimized with the Yoast SEO plugin v19.11 - https:\/\/yoast.com\/wordpress\/plugins\/seo\/ -->\n<title>Aluminium Fenster und T\u00fcren Mijas, Tarifa, Malaga, Marbella, Torrox - Cristaleria Aligator<\/title>\n<meta name=\"description\" content=\"Aluminium Fenster und T\u00fcren Mijas, Tarifa, Malaga, Marbella, Torrox - Cristaleria Aligator Wintergarten und Terrassenverglasung auch in Sotogrande Costa del Sol\" \/>\n<meta name=\"robots\" content=\"index, follow, max-snippet:-1, max-image-preview:large, max-video-preview:-1\" \/>\n<link rel=\"canonical\" href=\"https:\/\/grupo-aligator.com\/de\/aluminium-fenster\/\" \/>\n<meta property=\"og:locale\" content=\"de_DE\" \/>\n<meta property=\"og:type\" content=\"article\" \/>\n<meta property=\"og:title\" content=\"Aluminium Fenster und T\u00fcren Mijas, Tarifa, Malaga, Marbella, Torrox - Cristaleria Aligator\" \/>\n<meta property=\"og:description\" content=\"Aluminium Fenster und T\u00fcren Mijas, Tarifa, Malaga, Marbella, Torrox - Cristaleria Aligator Wintergarten und Terrassenverglasung auch in Sotogrande Costa del Sol\" \/>\n<meta property=\"og:url\" content=\"https:\/\/grupo-aligator.com\/de\/aluminium-fenster\/\" \/>\n<meta property=\"article:modified_time\" content=\"2019-12-16T14:01:24+00:00\" \/>\n<meta name=\"twitter:card\" content=\"summary_large_image\" \/>\n<script type=\"application\/ld+json\" class=\"yoast-schema-graph\">{\"@context\":\"https:\/\/schema.org\",\"@graph\":[{\"@type\":\"WebPage\",\"@id\":\"https:\/\/grupo-aligator.com\/de\/aluminium-fenster\/\",\"url\":\"https:\/\/grupo-aligator.com\/de\/aluminium-fenster\/\",\"name\":\"Aluminium Fenster und T\u00fcren Mijas, Tarifa, Malaga, Marbella, Torrox - Cristaleria Aligator\",\"isPartOf\":{\"@id\":\"https:\/\/grupo-aligator.com\/de\/#website\"},\"datePublished\":\"2014-07-28T09:17:02+00:00\",\"dateModified\":\"2019-12-16T14:01:24+00:00\",\"description\":\"Aluminium Fenster und T\u00fcren Mijas, Tarifa, Malaga, Marbella, Torrox - Cristaleria Aligator Wintergarten und Terrassenverglasung auch in Sotogrande Costa del Sol\",\"breadcrumb\":{\"@id\":\"https:\/\/grupo-aligator.com\/de\/aluminium-fenster\/#breadcrumb\"},\"inLanguage\":\"de\",\"potentialAction\":[{\"@type\":\"ReadAction\",\"target\":[\"https:\/\/grupo-aligator.com\/de\/aluminium-fenster\/\"]}]},{\"@type\":\"BreadcrumbList\",\"@id\":\"https:\/\/grupo-aligator.com\/de\/aluminium-fenster\/#breadcrumb\",\"itemListElement\":[{\"@type\":\"ListItem\",\"position\":1,\"name\":\"Home\",\"item\":\"https:\/\/grupo-aligator.com\/de\/\"},{\"@type\":\"ListItem\",\"position\":2,\"name\":\"Aluminium Fenster und T\u00fcren\"}]},{\"@type\":\"WebSite\",\"@id\":\"https:\/\/grupo-aligator.com\/de\/#website\",\"url\":\"https:\/\/grupo-aligator.com\/de\/\",\"name\":\"\",\"description\":\"\",\"publisher\":{\"@id\":\"https:\/\/grupo-aligator.com\/de\/#organization\"},\"potentialAction\":[{\"@type\":\"SearchAction\",\"target\":{\"@type\":\"EntryPoint\",\"urlTemplate\":\"https:\/\/grupo-aligator.com\/de\/?s={search_term_string}\"},\"query-input\":\"required name=search_term_string\"}],\"inLanguage\":\"de\"},{\"@type\":\"Organization\",\"@id\":\"https:\/\/grupo-aligator.com\/de\/#organization\",\"name\":\"Cristaleria Aligator S.L.\",\"url\":\"https:\/\/grupo-aligator.com\/de\/\",\"logo\":{\"@type\":\"ImageObject\",\"inLanguage\":\"de\",\"@id\":\"https:\/\/grupo-aligator.com\/de\/#\/schema\/logo\/image\/\",\"url\":\"http:\/\/grupo-aligator.com\/wp-content\/uploads\/2019\/11\/aligator-logo-de.png\",\"contentUrl\":\"http:\/\/grupo-aligator.com\/wp-content\/uploads\/2019\/11\/aligator-logo-de.png\",\"width\":150,\"height\":160,\"caption\":\"Cristaleria Aligator S.L.\"},\"image\":{\"@id\":\"https:\/\/grupo-aligator.com\/de\/#\/schema\/logo\/image\/\"}}]}<\/script>\n<!-- \/ Yoast SEO plugin. -->","yoast_head_json":{"title":"Aluminium Fenster und T\u00fcren Mijas, Tarifa, Malaga, Marbella, Torrox - Cristaleria Aligator","description":"Aluminium Fenster und T\u00fcren Mijas, Tarifa, Malaga, Marbella, Torrox - Cristaleria Aligator Wintergarten und Terrassenverglasung auch in Sotogrande Costa del Sol","robots":{"index":"index","follow":"follow","max-snippet":"max-snippet:-1","max-image-preview":"max-image-preview:large","max-video-preview":"max-video-preview:-1"},"canonical":"https:\/\/grupo-aligator.com\/de\/aluminium-fenster\/","og_locale":"de_DE","og_type":"article","og_title":"Aluminium Fenster und T\u00fcren Mijas, Tarifa, Malaga, Marbella, Torrox - Cristaleria Aligator","og_description":"Aluminium Fenster und T\u00fcren Mijas, Tarifa, Malaga, Marbella, Torrox - Cristaleria Aligator Wintergarten und Terrassenverglasung auch in Sotogrande Costa del Sol","og_url":"https:\/\/grupo-aligator.com\/de\/aluminium-fenster\/","article_modified_time":"2019-12-16T14:01:24+00:00","twitter_card":"summary_large_image","schema":{"@context":"https:\/\/schema.org","@graph":[{"@type":"WebPage","@id":"https:\/\/grupo-aligator.com\/de\/aluminium-fenster\/","url":"https:\/\/grupo-aligator.com\/de\/aluminium-fenster\/","name":"Aluminium Fenster und T\u00fcren Mijas, Tarifa, Malaga, Marbella, Torrox - Cristaleria Aligator","isPartOf":{"@id":"https:\/\/grupo-aligator.com\/de\/#website"},"datePublished":"2014-07-28T09:17:02+00:00","dateModified":"2019-12-16T14:01:24+00:00","description":"Aluminium Fenster und T\u00fcren Mijas, Tarifa, Malaga, Marbella, Torrox - Cristaleria Aligator Wintergarten und Terrassenverglasung auch in Sotogrande Costa del Sol","breadcrumb":{"@id":"https:\/\/grupo-aligator.com\/de\/aluminium-fenster\/#breadcrumb"},"inLanguage":"de","potentialAction":[{"@type":"ReadAction","target":["https:\/\/grupo-aligator.com\/de\/aluminium-fenster\/"]}]},{"@type":"BreadcrumbList","@id":"https:\/\/grupo-aligator.com\/de\/aluminium-fenster\/#breadcrumb","itemListElement":[{"@type":"ListItem","position":1,"name":"Home","item":"https:\/\/grupo-aligator.com\/de\/"},{"@type":"ListItem","position":2,"name":"Aluminium Fenster und T\u00fcren"}]},{"@type":"WebSite","@id":"https:\/\/grupo-aligator.com\/de\/#website","url":"https:\/\/grupo-aligator.com\/de\/","name":"","description":"","publisher":{"@id":"https:\/\/grupo-aligator.com\/de\/#organization"},"potentialAction":[{"@type":"SearchAction","target":{"@type":"EntryPoint","urlTemplate":"https:\/\/grupo-aligator.com\/de\/?s={search_term_string}"},"query-input":"required name=search_term_string"}],"inLanguage":"de"},{"@type":"Organization","@id":"https:\/\/grupo-aligator.com\/de\/#organization","name":"Cristaleria Aligator S.L.","url":"https:\/\/grupo-aligator.com\/de\/","logo":{"@type":"ImageObject","inLanguage":"de","@id":"https:\/\/grupo-aligator.com\/de\/#\/schema\/logo\/image\/","url":"http:\/\/grupo-aligator.com\/wp-content\/uploads\/2019\/11\/aligator-logo-de.png","contentUrl":"http:\/\/grupo-aligator.com\/wp-content\/uploads\/2019\/11\/aligator-logo-de.png","width":150,"height":160,"caption":"Cristaleria Aligator S.L."},"image":{"@id":"https:\/\/grupo-aligator.com\/de\/#\/schema\/logo\/image\/"}}]}},"_links":{"self":[{"href":"https:\/\/grupo-aligator.com\/de\/wp-json\/wp\/v2\/pages\/2966"}],"collection":[{"href":"https:\/\/grupo-aligator.com\/de\/wp-json\/wp\/v2\/pages"}],"about":[{"href":"https:\/\/grupo-aligator.com\/de\/wp-json\/wp\/v2\/types\/page"}],"author":[{"embeddable":true,"href":"https:\/\/grupo-aligator.com\/de\/wp-json\/wp\/v2\/users\/1"}],"replies":[{"embeddable":true,"href":"https:\/\/grupo-aligator.com\/de\/wp-json\/wp\/v2\/comments?post=2966"}],"version-history":[{"count":14,"href":"https:\/\/grupo-aligator.com\/de\/wp-json\/wp\/v2\/pages\/2966\/revisions"}],"predecessor-version":[{"id":7339,"href":"https:\/\/grupo-aligator.com\/de\/wp-json\/wp\/v2\/pages\/2966\/revisions\/7339"}],"wp:attachment":[{"href":"https:\/\/grupo-aligator.com\/de\/wp-json\/wp\/v2\/media?parent=2966"}],"curies":[{"name":"wp","href":"https:\/\/api.w.org\/{rel}","templated":true}]}}