{"id":2597,"date":"2014-07-18T12:05:59","date_gmt":"2014-07-18T12:05:59","guid":{"rendered":"http:\/\/aligator.cristaleria-aligator.com\/?page_id=2597"},"modified":"2019-12-13T04:19:26","modified_gmt":"2019-12-13T02:19:26","slug":"glas-schiebeturen","status":"publish","type":"page","link":"https:\/\/grupo-aligator.com\/de\/glas-schiebeturen\/","title":{"rendered":"Glas Schiebet\u00fcren"},"content":{"rendered":"<div id=\"aligator-logo-de\"><\/div>\n<div class=\"toldos-top-logo\"><\/div>\n<div id=\"toldos-aligator-description\">\n<p>Glas Schiebet\u00fcren &#8211; R\u00e4ume und Terrassen noch gro\u00dfz\u00fcgiger zu gestalten und zu \u00f6ffnen f\u00fcr Licht und Wohnkomfort.<\/p>\n<p>&nbsp;<\/p>\n<p>Diese W\u00fcnsche erf\u00fcllen unsere folgenden Ganzglas-Schiebet\u00fcrsysteme:<br \/>\n1.) die h\u00e4ngende Schiebet\u00fcr f\u00fcr Wand und Deckenmontage (max.150kg)<br \/>\n2.) die stehende Schiebet\u00fcr f\u00fcr alle Montagebereiche. Das Gewicht wird durch Rollen auf den Boden \u00fcbertragen.<br \/>\nAn der Decke befindet sich nur eine F\u00fchrungsschiene. (max. 400Kg)<\/p>\n<\/div>\n<div id=\"toldos-columns\" style=\"margin: 20px 0 0 0;\">\n<div class=\"toldos-column\" style=\"width: 280px;\">\n<div class=\"toldos-column-logo-text\" style=\"color: #006600; font-size: 24px; font-weight: bold; padding: 4px 0 18px 0;\">H\u00e4ngende Schiebet\u00fcren<\/div>\n<p>&nbsp;<\/p>\n<div class=\"toldos-column-image\" style=\"height: 325px; width: 280px;\"><a href=\"http:\/\/grupo-aligator.com\/de\/hangende-schiebeturen\/\"><img decoding=\"async\" loading=\"lazy\" src=\"\/wp-content\/uploads\/2014\/07\/hangende-schiebeturen.jpg\" alt=\"Glas Schiebet\u00fcren\" width=\"280\" height=\"325\" \/><\/a><\/div>\n<\/div>\n<div class=\"toldos-column\" style=\"width: 280px;\">\n<div class=\"toldos-column-logo-text\" style=\"color: #006600; font-size: 24px; font-weight: bold; padding: 4px 0 18px 0;\">Stehende Schiebet\u00fcren<\/div>\n<p>&nbsp;<\/p>\n<div class=\"toldos-column-image\" style=\"height: 325px; width: 280px;\"><a href=\"http:\/\/grupo-aligator.com\/de\/stehende-schiebeturen\/\"><img decoding=\"async\" loading=\"lazy\" src=\"\/wp-content\/uploads\/2014\/07\/stehende-schiebeturen.jpg\" alt=\"Glas Schiebet\u00fcren\" width=\"280\" height=\"325\" \/><\/a><\/div>\n<\/div>\n<\/div>\n","protected":false},"excerpt":{"rendered":"<p>Glas Schiebet\u00fcren &#8211; R\u00e4ume und Terrassen noch gro\u00dfz\u00fcgiger zu gestalten und zu \u00f6ffnen f\u00fcr Licht und Wohnkomfort. &nbsp; Diese W\u00fcnsche erf\u00fcllen unsere folgenden Ganzglas-Schiebet\u00fcrsysteme: 1.) die h\u00e4ngende Schiebet\u00fcr f\u00fcr Wand und Deckenmontage (max.150kg) 2.) die stehende Schiebet\u00fcr f\u00fcr alle Montagebereiche. Das Gewicht wird durch Rollen auf den Boden \u00fcbertragen. An der Decke befindet sich nur eine F\u00fchrungsschiene. (max. 400Kg) H\u00e4ngende Schiebet\u00fcren &nbsp; Stehende Schiebet\u00fcren &nbsp;<\/p>\n","protected":false},"author":1,"featured_media":0,"parent":0,"menu_order":0,"comment_status":"closed","ping_status":"closed","template":"content-page.php","meta":[],"yoast_head":"<!-- This site is optimized with the Yoast SEO plugin v19.11 - https:\/\/yoast.com\/wordpress\/plugins\/seo\/ -->\n<title>Glas Schiebet\u00fcren Mijas, Tarifa, Malaga, Marbella, Torrox - Cristaleria Aligator<\/title>\n<meta name=\"description\" content=\"Glas Schiebet\u00fcren Mijas, Tarifa, Malaga, Marbella, Torrox - Cristaleria Aligator Wintergarten und Terrassenverglasung auch in Sotogrande Costa del Sol\" \/>\n<meta name=\"robots\" content=\"index, follow, max-snippet:-1, max-image-preview:large, max-video-preview:-1\" \/>\n<link rel=\"canonical\" href=\"https:\/\/grupo-aligator.com\/de\/glas-schiebeturen\/\" \/>\n<meta property=\"og:locale\" content=\"de_DE\" \/>\n<meta property=\"og:type\" content=\"article\" \/>\n<meta property=\"og:title\" content=\"Glas Schiebet\u00fcren Mijas, Tarifa, Malaga, Marbella, Torrox - Cristaleria Aligator\" \/>\n<meta property=\"og:description\" content=\"Glas Schiebet\u00fcren Mijas, Tarifa, Malaga, Marbella, Torrox - Cristaleria Aligator Wintergarten und Terrassenverglasung auch in Sotogrande Costa del Sol\" \/>\n<meta property=\"og:url\" content=\"https:\/\/grupo-aligator.com\/de\/glas-schiebeturen\/\" \/>\n<meta property=\"article:modified_time\" content=\"2019-12-13T02:19:26+00:00\" \/>\n<meta name=\"twitter:card\" content=\"summary_large_image\" \/>\n<script type=\"application\/ld+json\" class=\"yoast-schema-graph\">{\"@context\":\"https:\/\/schema.org\",\"@graph\":[{\"@type\":\"WebPage\",\"@id\":\"https:\/\/grupo-aligator.com\/de\/glas-schiebeturen\/\",\"url\":\"https:\/\/grupo-aligator.com\/de\/glas-schiebeturen\/\",\"name\":\"Glas Schiebet\u00fcren Mijas, Tarifa, Malaga, Marbella, Torrox - Cristaleria Aligator\",\"isPartOf\":{\"@id\":\"https:\/\/grupo-aligator.com\/de\/#website\"},\"datePublished\":\"2014-07-18T12:05:59+00:00\",\"dateModified\":\"2019-12-13T02:19:26+00:00\",\"description\":\"Glas Schiebet\u00fcren Mijas, Tarifa, Malaga, Marbella, Torrox - Cristaleria Aligator Wintergarten und Terrassenverglasung auch in Sotogrande Costa del Sol\",\"breadcrumb\":{\"@id\":\"https:\/\/grupo-aligator.com\/de\/glas-schiebeturen\/#breadcrumb\"},\"inLanguage\":\"de\",\"potentialAction\":[{\"@type\":\"ReadAction\",\"target\":[\"https:\/\/grupo-aligator.com\/de\/glas-schiebeturen\/\"]}]},{\"@type\":\"BreadcrumbList\",\"@id\":\"https:\/\/grupo-aligator.com\/de\/glas-schiebeturen\/#breadcrumb\",\"itemListElement\":[{\"@type\":\"ListItem\",\"position\":1,\"name\":\"Home\",\"item\":\"https:\/\/grupo-aligator.com\/de\/\"},{\"@type\":\"ListItem\",\"position\":2,\"name\":\"Glas Schiebet\u00fcren\"}]},{\"@type\":\"WebSite\",\"@id\":\"https:\/\/grupo-aligator.com\/de\/#website\",\"url\":\"https:\/\/grupo-aligator.com\/de\/\",\"name\":\"\",\"description\":\"\",\"publisher\":{\"@id\":\"https:\/\/grupo-aligator.com\/de\/#organization\"},\"potentialAction\":[{\"@type\":\"SearchAction\",\"target\":{\"@type\":\"EntryPoint\",\"urlTemplate\":\"https:\/\/grupo-aligator.com\/de\/?s={search_term_string}\"},\"query-input\":\"required name=search_term_string\"}],\"inLanguage\":\"de\"},{\"@type\":\"Organization\",\"@id\":\"https:\/\/grupo-aligator.com\/de\/#organization\",\"name\":\"Cristaleria Aligator S.L.\",\"url\":\"https:\/\/grupo-aligator.com\/de\/\",\"logo\":{\"@type\":\"ImageObject\",\"inLanguage\":\"de\",\"@id\":\"https:\/\/grupo-aligator.com\/de\/#\/schema\/logo\/image\/\",\"url\":\"http:\/\/grupo-aligator.com\/wp-content\/uploads\/2019\/11\/aligator-logo-de.png\",\"contentUrl\":\"http:\/\/grupo-aligator.com\/wp-content\/uploads\/2019\/11\/aligator-logo-de.png\",\"width\":150,\"height\":160,\"caption\":\"Cristaleria Aligator S.L.\"},\"image\":{\"@id\":\"https:\/\/grupo-aligator.com\/de\/#\/schema\/logo\/image\/\"}}]}<\/script>\n<!-- \/ Yoast SEO plugin. -->","yoast_head_json":{"title":"Glas Schiebet\u00fcren Mijas, Tarifa, Malaga, Marbella, Torrox - Cristaleria Aligator","description":"Glas Schiebet\u00fcren Mijas, Tarifa, Malaga, Marbella, Torrox - Cristaleria Aligator Wintergarten und Terrassenverglasung auch in Sotogrande Costa del Sol","robots":{"index":"index","follow":"follow","max-snippet":"max-snippet:-1","max-image-preview":"max-image-preview:large","max-video-preview":"max-video-preview:-1"},"canonical":"https:\/\/grupo-aligator.com\/de\/glas-schiebeturen\/","og_locale":"de_DE","og_type":"article","og_title":"Glas Schiebet\u00fcren Mijas, Tarifa, Malaga, Marbella, Torrox - Cristaleria Aligator","og_description":"Glas Schiebet\u00fcren Mijas, Tarifa, Malaga, Marbella, Torrox - Cristaleria Aligator Wintergarten und Terrassenverglasung auch in Sotogrande Costa del Sol","og_url":"https:\/\/grupo-aligator.com\/de\/glas-schiebeturen\/","article_modified_time":"2019-12-13T02:19:26+00:00","twitter_card":"summary_large_image","schema":{"@context":"https:\/\/schema.org","@graph":[{"@type":"WebPage","@id":"https:\/\/grupo-aligator.com\/de\/glas-schiebeturen\/","url":"https:\/\/grupo-aligator.com\/de\/glas-schiebeturen\/","name":"Glas Schiebet\u00fcren Mijas, Tarifa, Malaga, Marbella, Torrox - Cristaleria Aligator","isPartOf":{"@id":"https:\/\/grupo-aligator.com\/de\/#website"},"datePublished":"2014-07-18T12:05:59+00:00","dateModified":"2019-12-13T02:19:26+00:00","description":"Glas Schiebet\u00fcren Mijas, Tarifa, Malaga, Marbella, Torrox - Cristaleria Aligator Wintergarten und Terrassenverglasung auch in Sotogrande Costa del Sol","breadcrumb":{"@id":"https:\/\/grupo-aligator.com\/de\/glas-schiebeturen\/#breadcrumb"},"inLanguage":"de","potentialAction":[{"@type":"ReadAction","target":["https:\/\/grupo-aligator.com\/de\/glas-schiebeturen\/"]}]},{"@type":"BreadcrumbList","@id":"https:\/\/grupo-aligator.com\/de\/glas-schiebeturen\/#breadcrumb","itemListElement":[{"@type":"ListItem","position":1,"name":"Home","item":"https:\/\/grupo-aligator.com\/de\/"},{"@type":"ListItem","position":2,"name":"Glas Schiebet\u00fcren"}]},{"@type":"WebSite","@id":"https:\/\/grupo-aligator.com\/de\/#website","url":"https:\/\/grupo-aligator.com\/de\/","name":"","description":"","publisher":{"@id":"https:\/\/grupo-aligator.com\/de\/#organization"},"potentialAction":[{"@type":"SearchAction","target":{"@type":"EntryPoint","urlTemplate":"https:\/\/grupo-aligator.com\/de\/?s={search_term_string}"},"query-input":"required name=search_term_string"}],"inLanguage":"de"},{"@type":"Organization","@id":"https:\/\/grupo-aligator.com\/de\/#organization","name":"Cristaleria Aligator S.L.","url":"https:\/\/grupo-aligator.com\/de\/","logo":{"@type":"ImageObject","inLanguage":"de","@id":"https:\/\/grupo-aligator.com\/de\/#\/schema\/logo\/image\/","url":"http:\/\/grupo-aligator.com\/wp-content\/uploads\/2019\/11\/aligator-logo-de.png","contentUrl":"http:\/\/grupo-aligator.com\/wp-content\/uploads\/2019\/11\/aligator-logo-de.png","width":150,"height":160,"caption":"Cristaleria Aligator S.L."},"image":{"@id":"https:\/\/grupo-aligator.com\/de\/#\/schema\/logo\/image\/"}}]}},"_links":{"self":[{"href":"https:\/\/grupo-aligator.com\/de\/wp-json\/wp\/v2\/pages\/2597"}],"collection":[{"href":"https:\/\/grupo-aligator.com\/de\/wp-json\/wp\/v2\/pages"}],"about":[{"href":"https:\/\/grupo-aligator.com\/de\/wp-json\/wp\/v2\/types\/page"}],"author":[{"embeddable":true,"href":"https:\/\/grupo-aligator.com\/de\/wp-json\/wp\/v2\/users\/1"}],"replies":[{"embeddable":true,"href":"https:\/\/grupo-aligator.com\/de\/wp-json\/wp\/v2\/comments?post=2597"}],"version-history":[{"count":5,"href":"https:\/\/grupo-aligator.com\/de\/wp-json\/wp\/v2\/pages\/2597\/revisions"}],"predecessor-version":[{"id":7292,"href":"https:\/\/grupo-aligator.com\/de\/wp-json\/wp\/v2\/pages\/2597\/revisions\/7292"}],"wp:attachment":[{"href":"https:\/\/grupo-aligator.com\/de\/wp-json\/wp\/v2\/media?parent=2597"}],"curies":[{"name":"wp","href":"https:\/\/api.w.org\/{rel}","templated":true}]}}