{"id":2564,"date":"2014-07-18T11:23:05","date_gmt":"2014-07-18T11:23:05","guid":{"rendered":"http:\/\/aligator.cristaleria-aligator.com\/?page_id=2564"},"modified":"2019-12-16T14:59:26","modified_gmt":"2019-12-16T12:59:26","slug":"drehelemente","status":"publish","type":"page","link":"https:\/\/grupo-aligator.com\/de\/drehelemente\/","title":{"rendered":"Duschen mit Dreht\u00fcren"},"content":{"rendered":"<div id=\"aligator-logo-de\"><\/div>\n<div class=\"toldos-top-logo\"><\/div>\n<div id=\"toldos-aligator-description\">\n<p>F\u00fcr unsere Duschen mit Dreht\u00fcren haben wir viele verschiedene Duschbeschl\u00e4ge zur Auswahl, wie z.B. selbstschlie\u00dfend, mit Hebe und Senktechnik, innen fl\u00e4chenb\u00fcndig. Unsere Duschen bestechen durch das transparente Erscheinungsbild. F\u00fcr unsere Duschsysteme verarbeiten wir ausschlie\u00dflich Materialien bester Qualit\u00e4t von deutschen Lieferanten. Durch eine Veredelung mit Sandstrahldekor wird Ihre neue Dusche zu einem einzigartigen Unikat. Wir haben f\u00fcr jede Raumsituation die richtige Dusche.<\/p>\n<\/div>\n<div class=\"toldos-gallery\"><div class=\"DOPThumbnailGalleryContainer\" id=\"DOPThumbnailGallery88\">\n                                 <a href=\"https:\/\/grupo-aligator.com\/wp-content\/plugins\/_doptg\/frontend-ajax.php\" class=\"Settings\"><\/a>\n                                 <ul class=\"Content\" style=\"display:none;\"><li>\n                                                    <img class=\"Image\" src=\"https:\/\/grupo-aligator.com\/wp-content\/plugins\/_doptg\/uploads\/jpP7wKZmcMt4LFgSbZp4GRRm9ZhtTeK9DbZzaAfEBZG7mgNFrDyThHMxWrY66f4Tr.jpg\" alt=\"\" title=\"\" \/>\n                                                    <img class=\"Thumb\" src=\"https:\/\/grupo-aligator.com\/wp-content\/plugins\/_doptg\/uploads\/thumbs\/jpP7wKZmcMt4LFgSbZp4GRRm9ZhtTeK9DbZzaAfEBZG7mgNFrDyThHMxWrY66f4Tr.jpg\" alt=\"\" title=\"\" \/>\n                                                    <span class=\"CaptionTitle\"><\/span>\n                                                    <span class=\"CaptionText\"><\/span>\n                                                    <span class=\"Media\"><\/span>\n                                                    <span class=\"LightboxMedia\"><\/span>\n                                                 <\/li><li>\n                                                    <img class=\"Image\" src=\"https:\/\/grupo-aligator.com\/wp-content\/plugins\/_doptg\/uploads\/4eQOjWgAyfHsnKf5bYa8fGfrptnEhHwm9TAOYPYCEa3y2DtWE6LQm2xKBDGjDfhAw.jpg\" alt=\"\" title=\"\" \/>\n                                                    <img class=\"Thumb\" src=\"https:\/\/grupo-aligator.com\/wp-content\/plugins\/_doptg\/uploads\/thumbs\/4eQOjWgAyfHsnKf5bYa8fGfrptnEhHwm9TAOYPYCEa3y2DtWE6LQm2xKBDGjDfhAw.jpg\" alt=\"\" title=\"\" \/>\n                                                    <span class=\"CaptionTitle\"><\/span>\n                                                    <span class=\"CaptionText\"><\/span>\n                                                    <span class=\"Media\"><\/span>\n                                                    <span class=\"LightboxMedia\"><\/span>\n                                                 <\/li><li>\n                                                    <img class=\"Image\" src=\"https:\/\/grupo-aligator.com\/wp-content\/plugins\/_doptg\/uploads\/3gqynqybPkXxpXkZgc78f7aex3xmbOqLKbpjGtOtrRZCj1C6Bqec4zqja9ACYRPEx.jpg\" alt=\"\" title=\"\" \/>\n                                                    <img class=\"Thumb\" src=\"https:\/\/grupo-aligator.com\/wp-content\/plugins\/_doptg\/uploads\/thumbs\/3gqynqybPkXxpXkZgc78f7aex3xmbOqLKbpjGtOtrRZCj1C6Bqec4zqja9ACYRPEx.jpg\" alt=\"\" title=\"\" \/>\n                                                    <span class=\"CaptionTitle\"><\/span>\n                                                    <span class=\"CaptionText\"><\/span>\n                                                    <span class=\"Media\"><\/span>\n                                                    <span class=\"LightboxMedia\"><\/span>\n                                                 <\/li><li>\n                                                    <img class=\"Image\" src=\"https:\/\/grupo-aligator.com\/wp-content\/plugins\/_doptg\/uploads\/21HRcpkaWcRkgNFA8mNEcNBn199DpEafPWQhDaMhzEe28LBDseQm4E22Od5465mN3.jpg\" alt=\"\" title=\"\" \/>\n                                                    <img class=\"Thumb\" src=\"https:\/\/grupo-aligator.com\/wp-content\/plugins\/_doptg\/uploads\/thumbs\/21HRcpkaWcRkgNFA8mNEcNBn199DpEafPWQhDaMhzEe28LBDseQm4E22Od5465mN3.jpg\" alt=\"\" title=\"\" \/>\n                                                    <span class=\"CaptionTitle\"><\/span>\n                                                    <span class=\"CaptionText\"><\/span>\n                                                    <span class=\"Media\"><\/span>\n                                                    <span class=\"LightboxMedia\"><\/span>\n                                                 <\/li><li>\n                                                    <img class=\"Image\" src=\"https:\/\/grupo-aligator.com\/wp-content\/plugins\/_doptg\/uploads\/npNP41xANBtX6gqE7mTnwsAycZK6Q3za25Ser2SXShS1Cj16GqkgFS3Hk77LMDSxO.jpg\" alt=\"\" title=\"\" \/>\n                                                    <img class=\"Thumb\" src=\"https:\/\/grupo-aligator.com\/wp-content\/plugins\/_doptg\/uploads\/thumbs\/npNP41xANBtX6gqE7mTnwsAycZK6Q3za25Ser2SXShS1Cj16GqkgFS3Hk77LMDSxO.jpg\" alt=\"\" title=\"\" \/>\n                                                    <span class=\"CaptionTitle\"><\/span>\n                                                    <span class=\"CaptionText\"><\/span>\n                                                    <span class=\"Media\"><\/span>\n                                                    <span class=\"LightboxMedia\"><\/span>\n                                                 <\/li><\/ul>\n                             <\/div>\n                             <script type=\"text\/JavaScript\">\n                                 jQuery(document).ready(function(){\n                                     jQuery('#DOPThumbnailGallery88').DOPThumbnailGallery();\n                                 });\n                             <\/script><\/div>\n","protected":false},"excerpt":{"rendered":"<p>F\u00fcr unsere Duschen mit Dreht\u00fcren haben wir viele verschiedene Duschbeschl\u00e4ge zur Auswahl, wie z.B. selbstschlie\u00dfend, mit Hebe und Senktechnik, innen fl\u00e4chenb\u00fcndig. Unsere Duschen bestechen durch das transparente Erscheinungsbild. F\u00fcr unsere Duschsysteme verarbeiten wir ausschlie\u00dflich Materialien bester Qualit\u00e4t von deutschen Lieferanten. Durch eine Veredelung mit Sandstrahldekor wird Ihre neue Dusche zu einem einzigartigen Unikat. Wir haben f\u00fcr jede Raumsituation die richtige Dusche.<\/p>\n","protected":false},"author":1,"featured_media":0,"parent":0,"menu_order":0,"comment_status":"closed","ping_status":"closed","template":"content-page.php","meta":[],"yoast_head":"<!-- This site is optimized with the Yoast SEO plugin v19.11 - https:\/\/yoast.com\/wordpress\/plugins\/seo\/ -->\n<title>Duschen mit Dreht\u00fcren Mijas, Tarifa, Malaga, Marbella, Torrox - Cristaleria Aligator<\/title>\n<meta name=\"description\" content=\"Duschen mit Dreht\u00fcren Mijas, Tarifa, Malaga, Marbella, Torrox - Cristaleria Aligator Wintergarten und Terrassenverglasung auch in Sotogrande Costa del Sol\" \/>\n<meta name=\"robots\" content=\"index, follow, max-snippet:-1, max-image-preview:large, max-video-preview:-1\" \/>\n<link rel=\"canonical\" href=\"https:\/\/grupo-aligator.com\/de\/drehelemente\/\" \/>\n<meta property=\"og:locale\" content=\"de_DE\" \/>\n<meta property=\"og:type\" content=\"article\" \/>\n<meta property=\"og:title\" content=\"Duschen mit Dreht\u00fcren Mijas, Tarifa, Malaga, Marbella, Torrox - Cristaleria Aligator\" \/>\n<meta property=\"og:description\" content=\"Duschen mit Dreht\u00fcren Mijas, Tarifa, Malaga, Marbella, Torrox - Cristaleria Aligator Wintergarten und Terrassenverglasung auch in Sotogrande Costa del Sol\" \/>\n<meta property=\"og:url\" content=\"https:\/\/grupo-aligator.com\/de\/drehelemente\/\" \/>\n<meta property=\"article:modified_time\" content=\"2019-12-16T12:59:26+00:00\" \/>\n<meta name=\"twitter:card\" content=\"summary_large_image\" \/>\n<script type=\"application\/ld+json\" class=\"yoast-schema-graph\">{\"@context\":\"https:\/\/schema.org\",\"@graph\":[{\"@type\":\"WebPage\",\"@id\":\"https:\/\/grupo-aligator.com\/de\/drehelemente\/\",\"url\":\"https:\/\/grupo-aligator.com\/de\/drehelemente\/\",\"name\":\"Duschen mit Dreht\u00fcren Mijas, Tarifa, Malaga, Marbella, Torrox - Cristaleria Aligator\",\"isPartOf\":{\"@id\":\"https:\/\/grupo-aligator.com\/de\/#website\"},\"datePublished\":\"2014-07-18T11:23:05+00:00\",\"dateModified\":\"2019-12-16T12:59:26+00:00\",\"description\":\"Duschen mit Dreht\u00fcren Mijas, Tarifa, Malaga, Marbella, Torrox - Cristaleria Aligator Wintergarten und Terrassenverglasung auch in Sotogrande Costa del Sol\",\"breadcrumb\":{\"@id\":\"https:\/\/grupo-aligator.com\/de\/drehelemente\/#breadcrumb\"},\"inLanguage\":\"de\",\"potentialAction\":[{\"@type\":\"ReadAction\",\"target\":[\"https:\/\/grupo-aligator.com\/de\/drehelemente\/\"]}]},{\"@type\":\"BreadcrumbList\",\"@id\":\"https:\/\/grupo-aligator.com\/de\/drehelemente\/#breadcrumb\",\"itemListElement\":[{\"@type\":\"ListItem\",\"position\":1,\"name\":\"Home\",\"item\":\"https:\/\/grupo-aligator.com\/de\/\"},{\"@type\":\"ListItem\",\"position\":2,\"name\":\"Duschen mit Dreht\u00fcren\"}]},{\"@type\":\"WebSite\",\"@id\":\"https:\/\/grupo-aligator.com\/de\/#website\",\"url\":\"https:\/\/grupo-aligator.com\/de\/\",\"name\":\"\",\"description\":\"\",\"publisher\":{\"@id\":\"https:\/\/grupo-aligator.com\/de\/#organization\"},\"potentialAction\":[{\"@type\":\"SearchAction\",\"target\":{\"@type\":\"EntryPoint\",\"urlTemplate\":\"https:\/\/grupo-aligator.com\/de\/?s={search_term_string}\"},\"query-input\":\"required name=search_term_string\"}],\"inLanguage\":\"de\"},{\"@type\":\"Organization\",\"@id\":\"https:\/\/grupo-aligator.com\/de\/#organization\",\"name\":\"Cristaleria Aligator S.L.\",\"url\":\"https:\/\/grupo-aligator.com\/de\/\",\"logo\":{\"@type\":\"ImageObject\",\"inLanguage\":\"de\",\"@id\":\"https:\/\/grupo-aligator.com\/de\/#\/schema\/logo\/image\/\",\"url\":\"http:\/\/grupo-aligator.com\/wp-content\/uploads\/2019\/11\/aligator-logo-de.png\",\"contentUrl\":\"http:\/\/grupo-aligator.com\/wp-content\/uploads\/2019\/11\/aligator-logo-de.png\",\"width\":150,\"height\":160,\"caption\":\"Cristaleria Aligator S.L.\"},\"image\":{\"@id\":\"https:\/\/grupo-aligator.com\/de\/#\/schema\/logo\/image\/\"}}]}<\/script>\n<!-- \/ Yoast SEO plugin. -->","yoast_head_json":{"title":"Duschen mit Dreht\u00fcren Mijas, Tarifa, Malaga, Marbella, Torrox - Cristaleria Aligator","description":"Duschen mit Dreht\u00fcren Mijas, Tarifa, Malaga, Marbella, Torrox - Cristaleria Aligator Wintergarten und Terrassenverglasung auch in Sotogrande Costa del Sol","robots":{"index":"index","follow":"follow","max-snippet":"max-snippet:-1","max-image-preview":"max-image-preview:large","max-video-preview":"max-video-preview:-1"},"canonical":"https:\/\/grupo-aligator.com\/de\/drehelemente\/","og_locale":"de_DE","og_type":"article","og_title":"Duschen mit Dreht\u00fcren Mijas, Tarifa, Malaga, Marbella, Torrox - Cristaleria Aligator","og_description":"Duschen mit Dreht\u00fcren Mijas, Tarifa, Malaga, Marbella, Torrox - Cristaleria Aligator Wintergarten und Terrassenverglasung auch in Sotogrande Costa del Sol","og_url":"https:\/\/grupo-aligator.com\/de\/drehelemente\/","article_modified_time":"2019-12-16T12:59:26+00:00","twitter_card":"summary_large_image","schema":{"@context":"https:\/\/schema.org","@graph":[{"@type":"WebPage","@id":"https:\/\/grupo-aligator.com\/de\/drehelemente\/","url":"https:\/\/grupo-aligator.com\/de\/drehelemente\/","name":"Duschen mit Dreht\u00fcren Mijas, Tarifa, Malaga, Marbella, Torrox - Cristaleria Aligator","isPartOf":{"@id":"https:\/\/grupo-aligator.com\/de\/#website"},"datePublished":"2014-07-18T11:23:05+00:00","dateModified":"2019-12-16T12:59:26+00:00","description":"Duschen mit Dreht\u00fcren Mijas, Tarifa, Malaga, Marbella, Torrox - Cristaleria Aligator Wintergarten und Terrassenverglasung auch in Sotogrande Costa del Sol","breadcrumb":{"@id":"https:\/\/grupo-aligator.com\/de\/drehelemente\/#breadcrumb"},"inLanguage":"de","potentialAction":[{"@type":"ReadAction","target":["https:\/\/grupo-aligator.com\/de\/drehelemente\/"]}]},{"@type":"BreadcrumbList","@id":"https:\/\/grupo-aligator.com\/de\/drehelemente\/#breadcrumb","itemListElement":[{"@type":"ListItem","position":1,"name":"Home","item":"https:\/\/grupo-aligator.com\/de\/"},{"@type":"ListItem","position":2,"name":"Duschen mit Dreht\u00fcren"}]},{"@type":"WebSite","@id":"https:\/\/grupo-aligator.com\/de\/#website","url":"https:\/\/grupo-aligator.com\/de\/","name":"","description":"","publisher":{"@id":"https:\/\/grupo-aligator.com\/de\/#organization"},"potentialAction":[{"@type":"SearchAction","target":{"@type":"EntryPoint","urlTemplate":"https:\/\/grupo-aligator.com\/de\/?s={search_term_string}"},"query-input":"required name=search_term_string"}],"inLanguage":"de"},{"@type":"Organization","@id":"https:\/\/grupo-aligator.com\/de\/#organization","name":"Cristaleria Aligator S.L.","url":"https:\/\/grupo-aligator.com\/de\/","logo":{"@type":"ImageObject","inLanguage":"de","@id":"https:\/\/grupo-aligator.com\/de\/#\/schema\/logo\/image\/","url":"http:\/\/grupo-aligator.com\/wp-content\/uploads\/2019\/11\/aligator-logo-de.png","contentUrl":"http:\/\/grupo-aligator.com\/wp-content\/uploads\/2019\/11\/aligator-logo-de.png","width":150,"height":160,"caption":"Cristaleria Aligator S.L."},"image":{"@id":"https:\/\/grupo-aligator.com\/de\/#\/schema\/logo\/image\/"}}]}},"_links":{"self":[{"href":"https:\/\/grupo-aligator.com\/de\/wp-json\/wp\/v2\/pages\/2564"}],"collection":[{"href":"https:\/\/grupo-aligator.com\/de\/wp-json\/wp\/v2\/pages"}],"about":[{"href":"https:\/\/grupo-aligator.com\/de\/wp-json\/wp\/v2\/types\/page"}],"author":[{"embeddable":true,"href":"https:\/\/grupo-aligator.com\/de\/wp-json\/wp\/v2\/users\/1"}],"replies":[{"embeddable":true,"href":"https:\/\/grupo-aligator.com\/de\/wp-json\/wp\/v2\/comments?post=2564"}],"version-history":[{"count":5,"href":"https:\/\/grupo-aligator.com\/de\/wp-json\/wp\/v2\/pages\/2564\/revisions"}],"predecessor-version":[{"id":7319,"href":"https:\/\/grupo-aligator.com\/de\/wp-json\/wp\/v2\/pages\/2564\/revisions\/7319"}],"wp:attachment":[{"href":"https:\/\/grupo-aligator.com\/de\/wp-json\/wp\/v2\/media?parent=2564"}],"curies":[{"name":"wp","href":"https:\/\/api.w.org\/{rel}","templated":true}]}}