{"id":2533,"date":"2014-07-15T17:00:59","date_gmt":"2014-07-15T17:00:59","guid":{"rendered":"http:\/\/aligator.cristaleria-aligator.com\/?page_id=2533"},"modified":"2019-11-25T18:39:31","modified_gmt":"2019-11-25T16:39:31","slug":"insektenschutz-mijas","status":"publish","type":"page","link":"https:\/\/grupo-aligator.com\/de\/insektenschutz-mijas\/","title":{"rendered":"Insektenschutz von Neher\u00ae"},"content":{"rendered":"<div id=\"aligator-logo-de\"><\/div>\n<div class=\"toldos-top-logo\" style=\"margin: 3px 0 0 590px;\"><img decoding=\"async\" src=\"\/wp-content\/uploads\/2014\/07\/neher-logo.png\" \/><\/div>\n<div id=\"toldos-aligator-description\">\n<p>Insektenschutz vom deutschem Qualit\u00e4tshersteller \u2013 hier in Andalusien produziert!<\/p>\n<p>&nbsp;<\/p>\n<p>Sie ben\u00f6tigen auch hier, den perfekten Qualit\u00e4tsinsektenschutz um in Ihrem Haus in Sotogrande oder Ihrer Wohnung in Mijas Costa Entspannung zu finden!<\/p>\n<p>&nbsp;<\/p>\n<p>Wir bieten Ihnen den idealen Insektenschutz f\u00fcr jede \u00d6ffnung, von Deutschlands gro\u00dfer Marke \u2013 NEHER\u00ae Systeme!<\/p>\n<\/div>\n<div id=\"toldos-columns\" style=\"margin: 20px 0 0 0;\">\n<div class=\"toldos-column\">\n<div class=\"toldos-column-logo-text\" style=\"color: #006600; font-size: 24px; font-weight: bold; padding: 4px 0 18px 0;\">Drehrahmen<\/div>\n<div class=\"toldos-column-image\" style=\"height: 210px;\"><a href=\"http:\/\/grupo-aligator.com\/de\/insektenschutz-drehrahmen\/\"><img decoding=\"async\" loading=\"lazy\" src=\"\/wp-content\/uploads\/2014\/07\/insektenschutz-drehrahmen.jpg\" width=\"220\" height=\"210\" \/><\/a><\/div>\n<\/div>\n<div class=\"toldos-column\">\n<div class=\"toldos-column-logo-text\" style=\"color: #006600; font-size: 24px; font-weight: bold; padding: 4px 0 18px 0;\">Plissee<\/div>\n<div class=\"toldos-column-image\" style=\"height: 210px;\"><a href=\"http:\/\/grupo-aligator.com\/de\/insektenschutz-plissee\/\"><img decoding=\"async\" loading=\"lazy\" src=\"\/wp-content\/uploads\/2014\/07\/insektenschutz-plissee.jpg\" width=\"220\" height=\"210\" \/><\/a><\/div>\n<\/div>\n<div class=\"toldos-column\">\n<div class=\"toldos-column-logo-text\" style=\"color: #006600; font-size: 24px; font-weight: bold; padding: 4px 0 18px 0;\">Rollo<\/div>\n<div class=\"toldos-column-image\" style=\"height: 210px;\"><a href=\"http:\/\/grupo-aligator.com\/de\/insektenschutz-rollo\/\"><img decoding=\"async\" loading=\"lazy\" src=\"\/wp-content\/uploads\/2014\/07\/insektenschutz-rollo.jpg\" width=\"220\" height=\"210\" \/><\/a><\/div>\n<\/div>\n<div class=\"toldos-column\">\n<div class=\"toldos-column-logo-text\" style=\"color: #006600; font-size: 24px; font-weight: bold; padding: 18px 0 18px 0;\">Schiebeanlage<\/div>\n<div class=\"toldos-column-image\" style=\"height: 210px;\"><a href=\"http:\/\/grupo-aligator.com\/de\/insektenschutz-schiebeanlage\/\"><img decoding=\"async\" loading=\"lazy\" src=\"\/wp-content\/uploads\/2014\/07\/insektenschutz-schiebeanlage.jpg\" width=\"220\" height=\"210\" \/><\/a><\/div>\n<\/div>\n<div class=\"toldos-column\">\n<div class=\"toldos-column-logo-text\" style=\"color: #006600; font-size: 24px; font-weight: bold; padding: 18px 0 18px 0;\">Spannrahmen<\/div>\n<div class=\"toldos-column-image\" style=\"height: 210px;\"><a href=\"http:\/\/grupo-aligator.com\/de\/insektenschutz-apannrahmen\/\"><img decoding=\"async\" loading=\"lazy\" src=\"\/wp-content\/uploads\/2014\/07\/insektenschutz-apannrahmen.jpg\" width=\"220\" height=\"210\" \/><\/a><\/div>\n<\/div>\n<div class=\"toldos-column\">\n<div class=\"toldos-column-logo-text\" style=\"color: #006600; font-size: 24px; font-weight: bold; padding: 18px 0 18px 0;\">Lichtschacht<\/div>\n<div class=\"toldos-column-image\" style=\"height: 210px;\"><a href=\"http:\/\/grupo-aligator.com\/de\/insektenschutz-lichschachtabdeckung\/\"><img decoding=\"async\" loading=\"lazy\" src=\"\/wp-content\/uploads\/2014\/07\/insektenschutz-lichschachtabdeckung.jpg\" width=\"220\" height=\"210\" \/><\/a><\/div>\n<\/div>\n<\/div>\n","protected":false},"excerpt":{"rendered":"<p>Insektenschutz vom deutschem Qualit\u00e4tshersteller \u2013 hier in Andalusien produziert! &nbsp; Sie ben\u00f6tigen auch hier, den perfekten Qualit\u00e4tsinsektenschutz um in Ihrem Haus in Sotogrande oder Ihrer Wohnung in Mijas Costa Entspannung zu finden! &nbsp; Wir bieten Ihnen den idealen Insektenschutz f\u00fcr jede \u00d6ffnung, von Deutschlands gro\u00dfer Marke \u2013 NEHER\u00ae Systeme! Drehrahmen Plissee Rollo Schiebeanlage Spannrahmen Lichtschacht<\/p>\n","protected":false},"author":1,"featured_media":0,"parent":0,"menu_order":0,"comment_status":"closed","ping_status":"closed","template":"content-page.php","meta":[],"yoast_head":"<!-- This site is optimized with the Yoast SEO plugin v19.11 - https:\/\/yoast.com\/wordpress\/plugins\/seo\/ -->\n<title>Insektenschutz von Sotogrande bis Torrorx in Andalusien - Toldos Aligator<\/title>\n<meta name=\"description\" content=\"Insektenschutz von Sotogrande bis Torrorx Costa del Sol - Toldos Aligator. Insektenschutz vom deutschem Qualit\u00e4tshersteller \u2013 hier in Andalusien produziert!\" \/>\n<meta name=\"robots\" content=\"index, follow, max-snippet:-1, max-image-preview:large, max-video-preview:-1\" \/>\n<link rel=\"canonical\" href=\"https:\/\/grupo-aligator.com\/de\/insektenschutz-mijas\/\" \/>\n<meta property=\"og:locale\" content=\"de_DE\" \/>\n<meta property=\"og:type\" content=\"article\" \/>\n<meta property=\"og:title\" content=\"Insektenschutz von Sotogrande bis Torrorx in Andalusien - Toldos Aligator\" \/>\n<meta property=\"og:description\" content=\"Insektenschutz von Sotogrande bis Torrorx Costa del Sol - Toldos Aligator. Insektenschutz vom deutschem Qualit\u00e4tshersteller \u2013 hier in Andalusien produziert!\" \/>\n<meta property=\"og:url\" content=\"https:\/\/grupo-aligator.com\/de\/insektenschutz-mijas\/\" \/>\n<meta property=\"article:modified_time\" content=\"2019-11-25T16:39:31+00:00\" \/>\n<meta name=\"twitter:card\" content=\"summary_large_image\" \/>\n<script type=\"application\/ld+json\" class=\"yoast-schema-graph\">{\"@context\":\"https:\/\/schema.org\",\"@graph\":[{\"@type\":\"WebPage\",\"@id\":\"https:\/\/grupo-aligator.com\/de\/insektenschutz-mijas\/\",\"url\":\"https:\/\/grupo-aligator.com\/de\/insektenschutz-mijas\/\",\"name\":\"Insektenschutz von Sotogrande bis Torrorx in Andalusien - Toldos Aligator\",\"isPartOf\":{\"@id\":\"https:\/\/grupo-aligator.com\/de\/#website\"},\"datePublished\":\"2014-07-15T17:00:59+00:00\",\"dateModified\":\"2019-11-25T16:39:31+00:00\",\"description\":\"Insektenschutz von Sotogrande bis Torrorx Costa del Sol - Toldos Aligator. Insektenschutz vom deutschem Qualit\u00e4tshersteller \u2013 hier in Andalusien produziert!\",\"breadcrumb\":{\"@id\":\"https:\/\/grupo-aligator.com\/de\/insektenschutz-mijas\/#breadcrumb\"},\"inLanguage\":\"de\",\"potentialAction\":[{\"@type\":\"ReadAction\",\"target\":[\"https:\/\/grupo-aligator.com\/de\/insektenschutz-mijas\/\"]}]},{\"@type\":\"BreadcrumbList\",\"@id\":\"https:\/\/grupo-aligator.com\/de\/insektenschutz-mijas\/#breadcrumb\",\"itemListElement\":[{\"@type\":\"ListItem\",\"position\":1,\"name\":\"Home\",\"item\":\"https:\/\/grupo-aligator.com\/de\/\"},{\"@type\":\"ListItem\",\"position\":2,\"name\":\"Insektenschutz von Neher\u00ae\"}]},{\"@type\":\"WebSite\",\"@id\":\"https:\/\/grupo-aligator.com\/de\/#website\",\"url\":\"https:\/\/grupo-aligator.com\/de\/\",\"name\":\"\",\"description\":\"\",\"publisher\":{\"@id\":\"https:\/\/grupo-aligator.com\/de\/#organization\"},\"potentialAction\":[{\"@type\":\"SearchAction\",\"target\":{\"@type\":\"EntryPoint\",\"urlTemplate\":\"https:\/\/grupo-aligator.com\/de\/?s={search_term_string}\"},\"query-input\":\"required name=search_term_string\"}],\"inLanguage\":\"de\"},{\"@type\":\"Organization\",\"@id\":\"https:\/\/grupo-aligator.com\/de\/#organization\",\"name\":\"Cristaleria Aligator S.L.\",\"url\":\"https:\/\/grupo-aligator.com\/de\/\",\"logo\":{\"@type\":\"ImageObject\",\"inLanguage\":\"de\",\"@id\":\"https:\/\/grupo-aligator.com\/de\/#\/schema\/logo\/image\/\",\"url\":\"http:\/\/grupo-aligator.com\/wp-content\/uploads\/2019\/11\/aligator-logo-de.png\",\"contentUrl\":\"http:\/\/grupo-aligator.com\/wp-content\/uploads\/2019\/11\/aligator-logo-de.png\",\"width\":150,\"height\":160,\"caption\":\"Cristaleria Aligator S.L.\"},\"image\":{\"@id\":\"https:\/\/grupo-aligator.com\/de\/#\/schema\/logo\/image\/\"}}]}<\/script>\n<!-- \/ Yoast SEO plugin. -->","yoast_head_json":{"title":"Insektenschutz von Sotogrande bis Torrorx in Andalusien - Toldos Aligator","description":"Insektenschutz von Sotogrande bis Torrorx Costa del Sol - Toldos Aligator. Insektenschutz vom deutschem Qualit\u00e4tshersteller \u2013 hier in Andalusien produziert!","robots":{"index":"index","follow":"follow","max-snippet":"max-snippet:-1","max-image-preview":"max-image-preview:large","max-video-preview":"max-video-preview:-1"},"canonical":"https:\/\/grupo-aligator.com\/de\/insektenschutz-mijas\/","og_locale":"de_DE","og_type":"article","og_title":"Insektenschutz von Sotogrande bis Torrorx in Andalusien - Toldos Aligator","og_description":"Insektenschutz von Sotogrande bis Torrorx Costa del Sol - Toldos Aligator. Insektenschutz vom deutschem Qualit\u00e4tshersteller \u2013 hier in Andalusien produziert!","og_url":"https:\/\/grupo-aligator.com\/de\/insektenschutz-mijas\/","article_modified_time":"2019-11-25T16:39:31+00:00","twitter_card":"summary_large_image","schema":{"@context":"https:\/\/schema.org","@graph":[{"@type":"WebPage","@id":"https:\/\/grupo-aligator.com\/de\/insektenschutz-mijas\/","url":"https:\/\/grupo-aligator.com\/de\/insektenschutz-mijas\/","name":"Insektenschutz von Sotogrande bis Torrorx in Andalusien - Toldos Aligator","isPartOf":{"@id":"https:\/\/grupo-aligator.com\/de\/#website"},"datePublished":"2014-07-15T17:00:59+00:00","dateModified":"2019-11-25T16:39:31+00:00","description":"Insektenschutz von Sotogrande bis Torrorx Costa del Sol - Toldos Aligator. Insektenschutz vom deutschem Qualit\u00e4tshersteller \u2013 hier in Andalusien produziert!","breadcrumb":{"@id":"https:\/\/grupo-aligator.com\/de\/insektenschutz-mijas\/#breadcrumb"},"inLanguage":"de","potentialAction":[{"@type":"ReadAction","target":["https:\/\/grupo-aligator.com\/de\/insektenschutz-mijas\/"]}]},{"@type":"BreadcrumbList","@id":"https:\/\/grupo-aligator.com\/de\/insektenschutz-mijas\/#breadcrumb","itemListElement":[{"@type":"ListItem","position":1,"name":"Home","item":"https:\/\/grupo-aligator.com\/de\/"},{"@type":"ListItem","position":2,"name":"Insektenschutz von Neher\u00ae"}]},{"@type":"WebSite","@id":"https:\/\/grupo-aligator.com\/de\/#website","url":"https:\/\/grupo-aligator.com\/de\/","name":"","description":"","publisher":{"@id":"https:\/\/grupo-aligator.com\/de\/#organization"},"potentialAction":[{"@type":"SearchAction","target":{"@type":"EntryPoint","urlTemplate":"https:\/\/grupo-aligator.com\/de\/?s={search_term_string}"},"query-input":"required name=search_term_string"}],"inLanguage":"de"},{"@type":"Organization","@id":"https:\/\/grupo-aligator.com\/de\/#organization","name":"Cristaleria Aligator S.L.","url":"https:\/\/grupo-aligator.com\/de\/","logo":{"@type":"ImageObject","inLanguage":"de","@id":"https:\/\/grupo-aligator.com\/de\/#\/schema\/logo\/image\/","url":"http:\/\/grupo-aligator.com\/wp-content\/uploads\/2019\/11\/aligator-logo-de.png","contentUrl":"http:\/\/grupo-aligator.com\/wp-content\/uploads\/2019\/11\/aligator-logo-de.png","width":150,"height":160,"caption":"Cristaleria Aligator S.L."},"image":{"@id":"https:\/\/grupo-aligator.com\/de\/#\/schema\/logo\/image\/"}}]}},"_links":{"self":[{"href":"https:\/\/grupo-aligator.com\/de\/wp-json\/wp\/v2\/pages\/2533"}],"collection":[{"href":"https:\/\/grupo-aligator.com\/de\/wp-json\/wp\/v2\/pages"}],"about":[{"href":"https:\/\/grupo-aligator.com\/de\/wp-json\/wp\/v2\/types\/page"}],"author":[{"embeddable":true,"href":"https:\/\/grupo-aligator.com\/de\/wp-json\/wp\/v2\/users\/1"}],"replies":[{"embeddable":true,"href":"https:\/\/grupo-aligator.com\/de\/wp-json\/wp\/v2\/comments?post=2533"}],"version-history":[{"count":29,"href":"https:\/\/grupo-aligator.com\/de\/wp-json\/wp\/v2\/pages\/2533\/revisions"}],"predecessor-version":[{"id":7154,"href":"https:\/\/grupo-aligator.com\/de\/wp-json\/wp\/v2\/pages\/2533\/revisions\/7154"}],"wp:attachment":[{"href":"https:\/\/grupo-aligator.com\/de\/wp-json\/wp\/v2\/media?parent=2533"}],"curies":[{"name":"wp","href":"https:\/\/api.w.org\/{rel}","templated":true}]}}