{"id":2460,"date":"2014-07-15T16:43:06","date_gmt":"2014-07-15T16:43:06","guid":{"rendered":"http:\/\/aligator.cristaleria-aligator.com\/?page_id=2460"},"modified":"2015-12-18T11:02:18","modified_gmt":"2015-12-18T11:02:18","slug":"rollos","status":"publish","type":"page","link":"https:\/\/grupo-aligator.com\/de\/rollos\/","title":{"rendered":"Rollos"},"content":{"rendered":"<div id=\"aligator-logo-de\"><\/div>\n<div class=\"toldos-top-logo\"><img decoding=\"async\" src=\"\/wp-content\/uploads\/2013\/09\/warema-logo.png\" alt=\"\" \/><\/div>\n<div id=\"toldos-aligator-description\">\n<p>Rollos von WAREMA sind funktional und unkompliziert zu bedienen &#8211; und alles andere als langweilig: Daf\u00fcr sorgt die gro\u00dfe Stoffauswahl unserer Inside-Kollektion.<br \/>\nOb Dachfenster, Studiofenster oder Fenster in Sonderformen &#8211; unsere Rollos k\u00f6nnen Sie (fast) \u00fcberall montieren.<\/p>\n<\/div>\n<div id=\"toldos-menu-content\">\n<div id=\"toldos-menu-line-1\">\n<div class=\"toldos-menu\"><a id=\"toldos-kassetten-markisen-menu-item-1\" class=\"double-line\" href=\"http:\/\/grupo-aligator.com\/de\/ausfuhrung-mit-blende\/\">Ausf\u00fchrung mit Blende<\/a><\/div>\n<div class=\"toldos-menu\"><a id=\"toldos-kassetten-markisen-menu-item-2\" class=\"double-line\" href=\"http:\/\/grupo-aligator.com\/de\/ausfuhrung-mit-montageprofil\/\">Ausf\u00fchrung mit Montageprofil<\/a><\/div>\n<\/div>\n<div id=\"toldos-menu-line-2\">\n<div class=\"toldos-menu\"><a id=\"toldos-kassetten-markisen-menu-item-3\" href=\"http:\/\/grupo-aligator.com\/de\/ausfuhrung-mit-trager\/\">Ausf\u00fchrung mit Tr\u00e4ger<\/a><\/div>\n<div class=\"toldos-menu\"><a id=\"toldos-kassetten-markisen-menu-item-4\" href=\"http:\/\/grupo-aligator.com\/de\/glasleisten-rollo\/\">Glasleisten-Rollo<\/a><\/div>\n<\/div>\n<div id=\"toldos-menu-line-3\">\n<div class=\"toldos-menu\"><a id=\"toldos-kassetten-markisen-menu-item-5\" href=\"http:\/\/grupo-aligator.com\/de\/kassettenrollo-eckig\/\">Kassettenrollo-Eckig<\/a><\/div>\n<\/div>\n<div id=\"toldos-menu-line-4\">\n<div class=\"toldos-menu\"><a id=\"toldos-kassetten-markisen-menu-item-6\" href=\"http:\/\/grupo-aligator.com\/de\/kassettenrollo-rund\/\">Kassettenrollo-Rund<\/a><\/div>\n<div class=\"toldos-menu\"><a id=\"toldos-kassetten-markisen-menu-item-7\" href=\"http:\/\/grupo-aligator.com\/de\/objekt-rollos\/\">Objekt-Rollos<\/a><\/div>\n<\/div>\n<div id=\"toldos-menu-line-5\">\n<div class=\"toldos-menu\"><a id=\"toldos-kassetten-markisen-menu-item-8\" class=\"double-line\" href=\"http:\/\/grupo-aligator.com\/de\/quer-verschiebbare-rollos\/\">quer verschiebbare Rollos<\/a><\/div>\n<\/div>\n<\/div>\n<div class=\"toldos-menu-images\">\n<p><img decoding=\"async\" id=\"toldos-kassetten-markisen-menu-item-1-img\" src=\"\/wp-content\/uploads\/2014\/07\/innenliegende-beschattung-rollos-cat.jpg\" alt=\"\" \/><\/p>\n<p><img decoding=\"async\" id=\"toldos-kassetten-markisen-menu-item-2-img\" src=\"\/wp-content\/uploads\/2014\/07\/rollos-ausfuhrung-mit-montageprofil.jpg\" alt=\"\" \/><\/p>\n<p><img decoding=\"async\" id=\"toldos-kassetten-markisen-menu-item-3-img\" src=\"\/wp-content\/uploads\/2014\/07\/rollos-ausfuhrung-mit-trager.jpg\" alt=\"\" \/><\/p>\n<p><img decoding=\"async\" id=\"toldos-kassetten-markisen-menu-item-4-img\" src=\"\/wp-content\/uploads\/2014\/07\/glasleisten-rollo.jpg\" alt=\"\" \/><\/p>\n<p><img decoding=\"async\" id=\"toldos-kassetten-markisen-menu-item-5-img\" src=\"\/wp-content\/uploads\/2014\/07\/rollos-kassettenrollo-eckig.jpg\" alt=\"\" \/><\/p>\n<p><img decoding=\"async\" id=\"toldos-kassetten-markisen-menu-item-6-img\" src=\"\/wp-content\/uploads\/2014\/07\/rollos-kassettenrollo-rund.jpg\" alt=\"\" \/><\/p>\n<p><img decoding=\"async\" id=\"toldos-kassetten-markisen-menu-item-7-img\" src=\"\/wp-content\/uploads\/2014\/07\/rollos-objekt-rollos.jpg\" alt=\"\" \/><\/p>\n<p><img decoding=\"async\" id=\"toldos-kassetten-markisen-menu-item-8-img\" src=\"\/wp-content\/uploads\/2014\/07\/rollos-quer-verschiebbare-rollos.jpg\" alt=\"\" \/><\/p>\n<\/div>\n<p><script type=\"text\/javascript\">\/\/ <![CDATA[\n$(function() {\n    $('#toldos-kassetten-markisen-menu-item-1').hover(function() { \n        $('#toldos-kassetten-markisen-menu-item-1-img').show(); \n    }, function() { \n        $('#toldos-kassetten-markisen-menu-item-1-img').hide(); \n    });\n    $('#toldos-kassetten-markisen-menu-item-2').hover(function() { \n        $('#toldos-kassetten-markisen-menu-item-2-img').show(); \n    }, function() { \n        $('#toldos-kassetten-markisen-menu-item-2-img').hide(); \n    });\n    $('#toldos-kassetten-markisen-menu-item-3').hover(function() { \n        $('#toldos-kassetten-markisen-menu-item-3-img').show(); \n    }, function() { \n        $('#toldos-kassetten-markisen-menu-item-3-img').hide(); \n    });\n    $('#toldos-kassetten-markisen-menu-item-4').hover(function() { \n        $('#toldos-kassetten-markisen-menu-item-4-img').show(); \n    }, function() { \n        $('#toldos-kassetten-markisen-menu-item-4-img').hide(); \n    });\n    $('#toldos-kassetten-markisen-menu-item-5').hover(function() { \n        $('#toldos-kassetten-markisen-menu-item-5-img').show(); \n    }, function() { \n        $('#toldos-kassetten-markisen-menu-item-5-img').hide(); \n    });\n    $('#toldos-kassetten-markisen-menu-item-6').hover(function() { \n        $('#toldos-kassetten-markisen-menu-item-6-img').show(); \n    }, function() { \n        $('#toldos-kassetten-markisen-menu-item-6-img').hide(); \n    });\n    $('#toldos-kassetten-markisen-menu-item-7').hover(function() { \n        $('#toldos-kassetten-markisen-menu-item-7-img').show(); \n    }, function() { \n        $('#toldos-kassetten-markisen-menu-item-7-img').hide(); \n    });\n    $('#toldos-kassetten-markisen-menu-item-8').hover(function() { \n        $('#toldos-kassetten-markisen-menu-item-8-img').show(); \n    }, function() { \n        $('#toldos-kassetten-markisen-menu-item-8-img').hide(); \n    });\n});\n\/\/ ]]><\/script><\/p>\n","protected":false},"excerpt":{"rendered":"<p>Rollos von WAREMA sind funktional und unkompliziert zu bedienen &#8211; und alles andere als langweilig: Daf\u00fcr sorgt die gro\u00dfe Stoffauswahl unserer Inside-Kollektion. Ob Dachfenster, Studiofenster oder Fenster in Sonderformen &#8211; unsere Rollos k\u00f6nnen Sie (fast) \u00fcberall montieren. Ausf\u00fchrung mit Blende Ausf\u00fchrung mit Montageprofil Ausf\u00fchrung mit Tr\u00e4ger Glasleisten-Rollo Kassettenrollo-Eckig Kassettenrollo-Rund Objekt-Rollos quer verschiebbare Rollos<\/p>\n","protected":false},"author":1,"featured_media":0,"parent":0,"menu_order":0,"comment_status":"closed","ping_status":"closed","template":"category-page.php","meta":[],"yoast_head":"<!-- This site is optimized with the Yoast SEO plugin v19.11 - https:\/\/yoast.com\/wordpress\/plugins\/seo\/ -->\n<title>Rollos Mijas, Tarifa, Malaga, Marbella, Torrox - Cristaleria Aligator<\/title>\n<meta name=\"description\" content=\"Rollos Mijas, Tarifa, Malaga, Marbella, Torrox - Cristaleria Aligator Wintergarten und Terrassenverglasung auch in Sotogrande Costa del Sol\" \/>\n<meta name=\"robots\" content=\"index, follow, max-snippet:-1, max-image-preview:large, max-video-preview:-1\" \/>\n<link rel=\"canonical\" href=\"https:\/\/grupo-aligator.com\/de\/rollos\/\" \/>\n<meta property=\"og:locale\" content=\"de_DE\" \/>\n<meta property=\"og:type\" content=\"article\" \/>\n<meta property=\"og:title\" content=\"Rollos Mijas, Tarifa, Malaga, Marbella, Torrox - Cristaleria Aligator\" \/>\n<meta property=\"og:description\" content=\"Rollos Mijas, Tarifa, Malaga, Marbella, Torrox - Cristaleria Aligator Wintergarten und Terrassenverglasung auch in Sotogrande Costa del Sol\" \/>\n<meta property=\"og:url\" content=\"https:\/\/grupo-aligator.com\/de\/rollos\/\" \/>\n<meta property=\"article:modified_time\" content=\"2015-12-18T11:02:18+00:00\" \/>\n<meta name=\"twitter:card\" content=\"summary_large_image\" \/>\n<script type=\"application\/ld+json\" class=\"yoast-schema-graph\">{\"@context\":\"https:\/\/schema.org\",\"@graph\":[{\"@type\":\"WebPage\",\"@id\":\"https:\/\/grupo-aligator.com\/de\/rollos\/\",\"url\":\"https:\/\/grupo-aligator.com\/de\/rollos\/\",\"name\":\"Rollos Mijas, Tarifa, Malaga, Marbella, Torrox - Cristaleria Aligator\",\"isPartOf\":{\"@id\":\"https:\/\/grupo-aligator.com\/de\/#website\"},\"datePublished\":\"2014-07-15T16:43:06+00:00\",\"dateModified\":\"2015-12-18T11:02:18+00:00\",\"description\":\"Rollos Mijas, Tarifa, Malaga, Marbella, Torrox - Cristaleria Aligator Wintergarten und Terrassenverglasung auch in Sotogrande Costa del Sol\",\"breadcrumb\":{\"@id\":\"https:\/\/grupo-aligator.com\/de\/rollos\/#breadcrumb\"},\"inLanguage\":\"de\",\"potentialAction\":[{\"@type\":\"ReadAction\",\"target\":[\"https:\/\/grupo-aligator.com\/de\/rollos\/\"]}]},{\"@type\":\"BreadcrumbList\",\"@id\":\"https:\/\/grupo-aligator.com\/de\/rollos\/#breadcrumb\",\"itemListElement\":[{\"@type\":\"ListItem\",\"position\":1,\"name\":\"Home\",\"item\":\"https:\/\/grupo-aligator.com\/de\/\"},{\"@type\":\"ListItem\",\"position\":2,\"name\":\"Rollos\"}]},{\"@type\":\"WebSite\",\"@id\":\"https:\/\/grupo-aligator.com\/de\/#website\",\"url\":\"https:\/\/grupo-aligator.com\/de\/\",\"name\":\"\",\"description\":\"\",\"publisher\":{\"@id\":\"https:\/\/grupo-aligator.com\/de\/#organization\"},\"potentialAction\":[{\"@type\":\"SearchAction\",\"target\":{\"@type\":\"EntryPoint\",\"urlTemplate\":\"https:\/\/grupo-aligator.com\/de\/?s={search_term_string}\"},\"query-input\":\"required name=search_term_string\"}],\"inLanguage\":\"de\"},{\"@type\":\"Organization\",\"@id\":\"https:\/\/grupo-aligator.com\/de\/#organization\",\"name\":\"Cristaleria Aligator S.L.\",\"url\":\"https:\/\/grupo-aligator.com\/de\/\",\"logo\":{\"@type\":\"ImageObject\",\"inLanguage\":\"de\",\"@id\":\"https:\/\/grupo-aligator.com\/de\/#\/schema\/logo\/image\/\",\"url\":\"http:\/\/grupo-aligator.com\/wp-content\/uploads\/2019\/11\/aligator-logo-de.png\",\"contentUrl\":\"http:\/\/grupo-aligator.com\/wp-content\/uploads\/2019\/11\/aligator-logo-de.png\",\"width\":150,\"height\":160,\"caption\":\"Cristaleria Aligator S.L.\"},\"image\":{\"@id\":\"https:\/\/grupo-aligator.com\/de\/#\/schema\/logo\/image\/\"}}]}<\/script>\n<!-- \/ Yoast SEO plugin. -->","yoast_head_json":{"title":"Rollos Mijas, Tarifa, Malaga, Marbella, Torrox - Cristaleria Aligator","description":"Rollos Mijas, Tarifa, Malaga, Marbella, Torrox - Cristaleria Aligator Wintergarten und Terrassenverglasung auch in Sotogrande Costa del Sol","robots":{"index":"index","follow":"follow","max-snippet":"max-snippet:-1","max-image-preview":"max-image-preview:large","max-video-preview":"max-video-preview:-1"},"canonical":"https:\/\/grupo-aligator.com\/de\/rollos\/","og_locale":"de_DE","og_type":"article","og_title":"Rollos Mijas, Tarifa, Malaga, Marbella, Torrox - Cristaleria Aligator","og_description":"Rollos Mijas, Tarifa, Malaga, Marbella, Torrox - Cristaleria Aligator Wintergarten und Terrassenverglasung auch in Sotogrande Costa del Sol","og_url":"https:\/\/grupo-aligator.com\/de\/rollos\/","article_modified_time":"2015-12-18T11:02:18+00:00","twitter_card":"summary_large_image","schema":{"@context":"https:\/\/schema.org","@graph":[{"@type":"WebPage","@id":"https:\/\/grupo-aligator.com\/de\/rollos\/","url":"https:\/\/grupo-aligator.com\/de\/rollos\/","name":"Rollos Mijas, Tarifa, Malaga, Marbella, Torrox - Cristaleria Aligator","isPartOf":{"@id":"https:\/\/grupo-aligator.com\/de\/#website"},"datePublished":"2014-07-15T16:43:06+00:00","dateModified":"2015-12-18T11:02:18+00:00","description":"Rollos Mijas, Tarifa, Malaga, Marbella, Torrox - Cristaleria Aligator Wintergarten und Terrassenverglasung auch in Sotogrande Costa del Sol","breadcrumb":{"@id":"https:\/\/grupo-aligator.com\/de\/rollos\/#breadcrumb"},"inLanguage":"de","potentialAction":[{"@type":"ReadAction","target":["https:\/\/grupo-aligator.com\/de\/rollos\/"]}]},{"@type":"BreadcrumbList","@id":"https:\/\/grupo-aligator.com\/de\/rollos\/#breadcrumb","itemListElement":[{"@type":"ListItem","position":1,"name":"Home","item":"https:\/\/grupo-aligator.com\/de\/"},{"@type":"ListItem","position":2,"name":"Rollos"}]},{"@type":"WebSite","@id":"https:\/\/grupo-aligator.com\/de\/#website","url":"https:\/\/grupo-aligator.com\/de\/","name":"","description":"","publisher":{"@id":"https:\/\/grupo-aligator.com\/de\/#organization"},"potentialAction":[{"@type":"SearchAction","target":{"@type":"EntryPoint","urlTemplate":"https:\/\/grupo-aligator.com\/de\/?s={search_term_string}"},"query-input":"required name=search_term_string"}],"inLanguage":"de"},{"@type":"Organization","@id":"https:\/\/grupo-aligator.com\/de\/#organization","name":"Cristaleria Aligator S.L.","url":"https:\/\/grupo-aligator.com\/de\/","logo":{"@type":"ImageObject","inLanguage":"de","@id":"https:\/\/grupo-aligator.com\/de\/#\/schema\/logo\/image\/","url":"http:\/\/grupo-aligator.com\/wp-content\/uploads\/2019\/11\/aligator-logo-de.png","contentUrl":"http:\/\/grupo-aligator.com\/wp-content\/uploads\/2019\/11\/aligator-logo-de.png","width":150,"height":160,"caption":"Cristaleria Aligator S.L."},"image":{"@id":"https:\/\/grupo-aligator.com\/de\/#\/schema\/logo\/image\/"}}]}},"_links":{"self":[{"href":"https:\/\/grupo-aligator.com\/de\/wp-json\/wp\/v2\/pages\/2460"}],"collection":[{"href":"https:\/\/grupo-aligator.com\/de\/wp-json\/wp\/v2\/pages"}],"about":[{"href":"https:\/\/grupo-aligator.com\/de\/wp-json\/wp\/v2\/types\/page"}],"author":[{"embeddable":true,"href":"https:\/\/grupo-aligator.com\/de\/wp-json\/wp\/v2\/users\/1"}],"replies":[{"embeddable":true,"href":"https:\/\/grupo-aligator.com\/de\/wp-json\/wp\/v2\/comments?post=2460"}],"version-history":[{"count":7,"href":"https:\/\/grupo-aligator.com\/de\/wp-json\/wp\/v2\/pages\/2460\/revisions"}],"predecessor-version":[{"id":5594,"href":"https:\/\/grupo-aligator.com\/de\/wp-json\/wp\/v2\/pages\/2460\/revisions\/5594"}],"wp:attachment":[{"href":"https:\/\/grupo-aligator.com\/de\/wp-json\/wp\/v2\/media?parent=2460"}],"curies":[{"name":"wp","href":"https:\/\/api.w.org\/{rel}","templated":true}]}}