{"id":2379,"date":"2014-07-15T16:21:24","date_gmt":"2014-07-15T16:21:24","guid":{"rendered":"http:\/\/aligator.cristaleria-aligator.com\/?page_id=2379"},"modified":"2019-12-18T17:21:41","modified_gmt":"2019-12-18T15:21:41","slug":"innenliegende-beschattung-mijas","status":"publish","type":"page","link":"https:\/\/grupo-aligator.com\/de\/innenliegende-beschattung-mijas\/","title":{"rendered":"Innenliegende Beschattung"},"content":{"rendered":"<div id=\"aligator-logo-de\"><\/div>\n<div class=\"toldos-top-logo\"><img decoding=\"async\" src=\"\/wp-content\/uploads\/2013\/09\/warema-logo.png\" \/ alt=\"Innenliegende Beschattung\">><\/div>\n<div id=\"toldos-aligator-description\">\n<p>Innenliegende Beschattung &#8211; Mit einer kreativen Sonnenschutzl\u00f6sung von WAREMA setzen Sie attraktive Designakzente und sorgen f\u00fcr optimale Licht- und Klimaverh\u00e4ltnisse.<br \/>\nAlle WAREMA Produkte werden nach Ma\u00df gefertigt. So k\u00f6nnen Sie sicher sein, dass sich Ihre Sonnenschutzl\u00f6sung harmonisch in Ihr Wohnambiente einf\u00fcgt.<\/p>\n<\/div>\n<div id=\"toldos-menu-content\">\n<div id=\"toldos-menu-line-1\">\n<div class=\"toldos-menu\"><a href=\"http:\/\/grupo-aligator.com\/de\/faltstores\/\" id=\"toldos-kassetten-markisen-menu-item-1\">Faltstores<\/a><\/div>\n<div class=\"toldos-menu\"><a href=\"http:\/\/grupo-aligator.com\/de\/flachenvorhange\/\" id=\"toldos-kassetten-markisen-menu-item-2\">Fl\u00e4chenvorh\u00e4nge<\/a><\/div>\n<\/div>\n<div id=\"toldos-menu-line-2\">\n<div class=\"toldos-menu\"><a href=\"http:\/\/grupo-aligator.com\/de\/horizontal-markisen\/\" id=\"toldos-kassetten-markisen-menu-item-3\">Horizontal-Markisen<\/a><\/div>\n<div class=\"toldos-menu\"><a href=\"http:\/\/grupo-aligator.com\/de\/jalousien\/\" id=\"toldos-kassetten-markisen-menu-item-4\">Jalousien<\/a><\/div>\n<\/div>\n<div id=\"toldos-menu-line-3\">\n<div class=\"toldos-menu\"><a href=\"http:\/\/grupo-aligator.com\/de\/rollos\/\" id=\"toldos-kassetten-markisen-menu-item-5\">Rollos<\/a><\/div>\n<\/div>\n<div id=\"toldos-menu-line-4\">\n<div class=\"toldos-menu\"><a href=\"http:\/\/grupo-aligator.com\/de\/verdunkelungen\/\" id=\"toldos-kassetten-markisen-menu-item-6\">Verdunkelungen<\/a><\/div>\n<div class=\"toldos-menu\"><a href=\"http:\/\/grupo-aligator.com\/de\/vertikal-jalousien\/\" id=\"toldos-kassetten-markisen-menu-item-7\">Vertikal-Jalousien<\/a><\/div>\n<\/div>\n<\/div>\n<div class=\"toldos-menu-images\">\n<p><img decoding=\"async\" id=\"toldos-kassetten-markisen-menu-item-1-img\" src=\"\/wp-content\/uploads\/2013\/09\/innenliegende-beschattung-cat.jpg\" \/ alt=\"Innenliegende Beschattung\"><\/p>\n<p><img decoding=\"async\" id=\"toldos-kassetten-markisen-menu-item-2-img\" src=\"\/wp-content\/uploads\/2014\/07\/innenliegende-beschattung-flachenvorhange-cat.jpg\" \/ alt=\"Innenliegende Beschattung\"><\/p>\n<p><img decoding=\"async\" id=\"toldos-kassetten-markisen-menu-item-3-img\" src=\"\/wp-content\/uploads\/2014\/07\/innenliegende-beschattung-flachenvorhange-cat.jpg\" \/ alt=\"Innenliegende Beschattung\"><\/p>\n<p><img decoding=\"async\" id=\"toldos-kassetten-markisen-menu-item-4-img\" src=\"\/wp-content\/uploads\/2014\/07\/innenliegende-beschattung-jalousien-cat.jpg\" \/><\/p>\n<p><img decoding=\"async\" id=\"toldos-kassetten-markisen-menu-item-5-img\" src=\"\/wp-content\/uploads\/2014\/07\/innenliegende-beschattung-rollos-cat.jpg\" \/><\/p>\n<p><img decoding=\"async\" id=\"toldos-kassetten-markisen-menu-item-6-img\" src=\"\/wp-content\/uploads\/2014\/07\/innenliegende-beschattung-verdunkelungen-cat.jpg\" \/><\/p>\n<p><img decoding=\"async\" id=\"toldos-kassetten-markisen-menu-item-7-img\" src=\"\/wp-content\/uploads\/2014\/07\/innenliegende-beschattung-vertikal-jalousien-cat.jpg\" \/><\/p>\n<\/div>\n<p><script type=\"text\/javascript\">\n$(function() {\n    $('#toldos-kassetten-markisen-menu-item-1').hover(function() { \n        $('#toldos-kassetten-markisen-menu-item-1-img').show(); \n    }, function() { \n        $('#toldos-kassetten-markisen-menu-item-1-img').hide(); \n    });\n    $('#toldos-kassetten-markisen-menu-item-2').hover(function() { \n        $('#toldos-kassetten-markisen-menu-item-2-img').show(); \n    }, function() { \n        $('#toldos-kassetten-markisen-menu-item-2-img').hide(); \n    });\n    $('#toldos-kassetten-markisen-menu-item-3').hover(function() { \n        $('#toldos-kassetten-markisen-menu-item-3-img').show(); \n    }, function() { \n        $('#toldos-kassetten-markisen-menu-item-3-img').hide(); \n    });\n    $('#toldos-kassetten-markisen-menu-item-4').hover(function() { \n        $('#toldos-kassetten-markisen-menu-item-4-img').show(); \n    }, function() { \n        $('#toldos-kassetten-markisen-menu-item-4-img').hide(); \n    });\n    $('#toldos-kassetten-markisen-menu-item-5').hover(function() { \n        $('#toldos-kassetten-markisen-menu-item-5-img').show(); \n    }, function() { \n        $('#toldos-kassetten-markisen-menu-item-5-img').hide(); \n    });\n    $('#toldos-kassetten-markisen-menu-item-6').hover(function() { \n        $('#toldos-kassetten-markisen-menu-item-6-img').show(); \n    }, function() { \n        $('#toldos-kassetten-markisen-menu-item-6-img').hide(); \n    });\n    $('#toldos-kassetten-markisen-menu-item-7').hover(function() { \n        $('#toldos-kassetten-markisen-menu-item-7-img').show(); \n    }, function() { \n        $('#toldos-kassetten-markisen-menu-item-7-img').hide(); \n    });\n});\n<\/script><\/p>\n","protected":false},"excerpt":{"rendered":"<p>> Innenliegende Beschattung &#8211; Mit einer kreativen Sonnenschutzl\u00f6sung von WAREMA setzen Sie attraktive Designakzente und sorgen f\u00fcr optimale Licht- und Klimaverh\u00e4ltnisse. Alle WAREMA Produkte werden nach Ma\u00df gefertigt. So k\u00f6nnen Sie sicher sein, dass sich Ihre Sonnenschutzl\u00f6sung harmonisch in Ihr Wohnambiente einf\u00fcgt. Faltstores Fl\u00e4chenvorh\u00e4nge Horizontal-Markisen Jalousien Rollos Verdunkelungen Vertikal-Jalousien<\/p>\n","protected":false},"author":1,"featured_media":0,"parent":0,"menu_order":0,"comment_status":"closed","ping_status":"closed","template":"category-page.php","meta":[],"yoast_head":"<!-- This site is optimized with the Yoast SEO plugin v19.11 - https:\/\/yoast.com\/wordpress\/plugins\/seo\/ -->\n<title>Innenliegende Beschattung Mijas, Malaga, Marbella- Cristaleria Aligator<\/title>\n<meta name=\"description\" content=\"Innenliegende Beschattung Mijas, Tarifa, Malaga, Marbella, Torrox - Cristaleria Aligator Wintergarten und Terrassenverglasung auch in Sotogrande Costa del Sol\" \/>\n<meta name=\"robots\" content=\"index, follow, max-snippet:-1, max-image-preview:large, max-video-preview:-1\" \/>\n<link rel=\"canonical\" href=\"https:\/\/grupo-aligator.com\/de\/innenliegende-beschattung-mijas\/\" \/>\n<meta property=\"og:locale\" content=\"de_DE\" \/>\n<meta property=\"og:type\" content=\"article\" \/>\n<meta property=\"og:title\" content=\"Innenliegende Beschattung Mijas, Malaga, Marbella- Cristaleria Aligator\" \/>\n<meta property=\"og:description\" content=\"Innenliegende Beschattung Mijas, Tarifa, Malaga, Marbella, Torrox - Cristaleria Aligator Wintergarten und Terrassenverglasung auch in Sotogrande Costa del Sol\" \/>\n<meta property=\"og:url\" content=\"https:\/\/grupo-aligator.com\/de\/innenliegende-beschattung-mijas\/\" \/>\n<meta property=\"article:modified_time\" content=\"2019-12-18T15:21:41+00:00\" \/>\n<meta name=\"twitter:card\" content=\"summary_large_image\" \/>\n<script type=\"application\/ld+json\" class=\"yoast-schema-graph\">{\"@context\":\"https:\/\/schema.org\",\"@graph\":[{\"@type\":\"WebPage\",\"@id\":\"https:\/\/grupo-aligator.com\/de\/innenliegende-beschattung-mijas\/\",\"url\":\"https:\/\/grupo-aligator.com\/de\/innenliegende-beschattung-mijas\/\",\"name\":\"Innenliegende Beschattung Mijas, Malaga, Marbella- Cristaleria Aligator\",\"isPartOf\":{\"@id\":\"https:\/\/grupo-aligator.com\/de\/#website\"},\"datePublished\":\"2014-07-15T16:21:24+00:00\",\"dateModified\":\"2019-12-18T15:21:41+00:00\",\"description\":\"Innenliegende Beschattung Mijas, Tarifa, Malaga, Marbella, Torrox - Cristaleria Aligator Wintergarten und Terrassenverglasung auch in Sotogrande Costa del Sol\",\"breadcrumb\":{\"@id\":\"https:\/\/grupo-aligator.com\/de\/innenliegende-beschattung-mijas\/#breadcrumb\"},\"inLanguage\":\"de\",\"potentialAction\":[{\"@type\":\"ReadAction\",\"target\":[\"https:\/\/grupo-aligator.com\/de\/innenliegende-beschattung-mijas\/\"]}]},{\"@type\":\"BreadcrumbList\",\"@id\":\"https:\/\/grupo-aligator.com\/de\/innenliegende-beschattung-mijas\/#breadcrumb\",\"itemListElement\":[{\"@type\":\"ListItem\",\"position\":1,\"name\":\"Home\",\"item\":\"https:\/\/grupo-aligator.com\/de\/\"},{\"@type\":\"ListItem\",\"position\":2,\"name\":\"Innenliegende Beschattung\"}]},{\"@type\":\"WebSite\",\"@id\":\"https:\/\/grupo-aligator.com\/de\/#website\",\"url\":\"https:\/\/grupo-aligator.com\/de\/\",\"name\":\"\",\"description\":\"\",\"publisher\":{\"@id\":\"https:\/\/grupo-aligator.com\/de\/#organization\"},\"potentialAction\":[{\"@type\":\"SearchAction\",\"target\":{\"@type\":\"EntryPoint\",\"urlTemplate\":\"https:\/\/grupo-aligator.com\/de\/?s={search_term_string}\"},\"query-input\":\"required name=search_term_string\"}],\"inLanguage\":\"de\"},{\"@type\":\"Organization\",\"@id\":\"https:\/\/grupo-aligator.com\/de\/#organization\",\"name\":\"Cristaleria Aligator S.L.\",\"url\":\"https:\/\/grupo-aligator.com\/de\/\",\"logo\":{\"@type\":\"ImageObject\",\"inLanguage\":\"de\",\"@id\":\"https:\/\/grupo-aligator.com\/de\/#\/schema\/logo\/image\/\",\"url\":\"http:\/\/grupo-aligator.com\/wp-content\/uploads\/2019\/11\/aligator-logo-de.png\",\"contentUrl\":\"http:\/\/grupo-aligator.com\/wp-content\/uploads\/2019\/11\/aligator-logo-de.png\",\"width\":150,\"height\":160,\"caption\":\"Cristaleria Aligator S.L.\"},\"image\":{\"@id\":\"https:\/\/grupo-aligator.com\/de\/#\/schema\/logo\/image\/\"}}]}<\/script>\n<!-- \/ Yoast SEO plugin. -->","yoast_head_json":{"title":"Innenliegende Beschattung Mijas, Malaga, Marbella- Cristaleria Aligator","description":"Innenliegende Beschattung Mijas, Tarifa, Malaga, Marbella, Torrox - Cristaleria Aligator Wintergarten und Terrassenverglasung auch in Sotogrande Costa del Sol","robots":{"index":"index","follow":"follow","max-snippet":"max-snippet:-1","max-image-preview":"max-image-preview:large","max-video-preview":"max-video-preview:-1"},"canonical":"https:\/\/grupo-aligator.com\/de\/innenliegende-beschattung-mijas\/","og_locale":"de_DE","og_type":"article","og_title":"Innenliegende Beschattung Mijas, Malaga, Marbella- Cristaleria Aligator","og_description":"Innenliegende Beschattung Mijas, Tarifa, Malaga, Marbella, Torrox - Cristaleria Aligator Wintergarten und Terrassenverglasung auch in Sotogrande Costa del Sol","og_url":"https:\/\/grupo-aligator.com\/de\/innenliegende-beschattung-mijas\/","article_modified_time":"2019-12-18T15:21:41+00:00","twitter_card":"summary_large_image","schema":{"@context":"https:\/\/schema.org","@graph":[{"@type":"WebPage","@id":"https:\/\/grupo-aligator.com\/de\/innenliegende-beschattung-mijas\/","url":"https:\/\/grupo-aligator.com\/de\/innenliegende-beschattung-mijas\/","name":"Innenliegende Beschattung Mijas, Malaga, Marbella- Cristaleria Aligator","isPartOf":{"@id":"https:\/\/grupo-aligator.com\/de\/#website"},"datePublished":"2014-07-15T16:21:24+00:00","dateModified":"2019-12-18T15:21:41+00:00","description":"Innenliegende Beschattung Mijas, Tarifa, Malaga, Marbella, Torrox - Cristaleria Aligator Wintergarten und Terrassenverglasung auch in Sotogrande Costa del Sol","breadcrumb":{"@id":"https:\/\/grupo-aligator.com\/de\/innenliegende-beschattung-mijas\/#breadcrumb"},"inLanguage":"de","potentialAction":[{"@type":"ReadAction","target":["https:\/\/grupo-aligator.com\/de\/innenliegende-beschattung-mijas\/"]}]},{"@type":"BreadcrumbList","@id":"https:\/\/grupo-aligator.com\/de\/innenliegende-beschattung-mijas\/#breadcrumb","itemListElement":[{"@type":"ListItem","position":1,"name":"Home","item":"https:\/\/grupo-aligator.com\/de\/"},{"@type":"ListItem","position":2,"name":"Innenliegende Beschattung"}]},{"@type":"WebSite","@id":"https:\/\/grupo-aligator.com\/de\/#website","url":"https:\/\/grupo-aligator.com\/de\/","name":"","description":"","publisher":{"@id":"https:\/\/grupo-aligator.com\/de\/#organization"},"potentialAction":[{"@type":"SearchAction","target":{"@type":"EntryPoint","urlTemplate":"https:\/\/grupo-aligator.com\/de\/?s={search_term_string}"},"query-input":"required name=search_term_string"}],"inLanguage":"de"},{"@type":"Organization","@id":"https:\/\/grupo-aligator.com\/de\/#organization","name":"Cristaleria Aligator S.L.","url":"https:\/\/grupo-aligator.com\/de\/","logo":{"@type":"ImageObject","inLanguage":"de","@id":"https:\/\/grupo-aligator.com\/de\/#\/schema\/logo\/image\/","url":"http:\/\/grupo-aligator.com\/wp-content\/uploads\/2019\/11\/aligator-logo-de.png","contentUrl":"http:\/\/grupo-aligator.com\/wp-content\/uploads\/2019\/11\/aligator-logo-de.png","width":150,"height":160,"caption":"Cristaleria Aligator S.L."},"image":{"@id":"https:\/\/grupo-aligator.com\/de\/#\/schema\/logo\/image\/"}}]}},"_links":{"self":[{"href":"https:\/\/grupo-aligator.com\/de\/wp-json\/wp\/v2\/pages\/2379"}],"collection":[{"href":"https:\/\/grupo-aligator.com\/de\/wp-json\/wp\/v2\/pages"}],"about":[{"href":"https:\/\/grupo-aligator.com\/de\/wp-json\/wp\/v2\/types\/page"}],"author":[{"embeddable":true,"href":"https:\/\/grupo-aligator.com\/de\/wp-json\/wp\/v2\/users\/1"}],"replies":[{"embeddable":true,"href":"https:\/\/grupo-aligator.com\/de\/wp-json\/wp\/v2\/comments?post=2379"}],"version-history":[{"count":14,"href":"https:\/\/grupo-aligator.com\/de\/wp-json\/wp\/v2\/pages\/2379\/revisions"}],"predecessor-version":[{"id":7381,"href":"https:\/\/grupo-aligator.com\/de\/wp-json\/wp\/v2\/pages\/2379\/revisions\/7381"}],"wp:attachment":[{"href":"https:\/\/grupo-aligator.com\/de\/wp-json\/wp\/v2\/media?parent=2379"}],"curies":[{"name":"wp","href":"https:\/\/api.w.org\/{rel}","templated":true}]}}