{"id":2355,"date":"2014-07-15T16:06:31","date_gmt":"2014-07-15T16:06:31","guid":{"rendered":"http:\/\/aligator.cristaleria-aligator.com\/?page_id=2355"},"modified":"2014-07-22T11:11:47","modified_gmt":"2014-07-22T11:11:47","slug":"steuerungstechnik-rollladensteuerung","status":"publish","type":"page","link":"https:\/\/grupo-aligator.com\/de\/steuerungstechnik-rollladensteuerung\/","title":{"rendered":"Steuerungstechnik Rollladensteuerung"},"content":{"rendered":"<div id=\"aligator-logo-de\"><\/div>\n<div class=\"toldos-top-logo\"><img decoding=\"async\" src=\"\/wp-content\/uploads\/2014\/05\/becker-logo.png\" \/><\/div>\n<div id=\"toldos-aligator-description\">\n<p>Ihr Wohnraum ist etwas ganz Besonderes.<br \/>\nHier k\u00f6nnen Sie aufatmen und sein wie Sie sind.<br \/>\nSie bestimmen, wer an Ihrem Leben teil hat und wann Sie Ihr Zuhause v\u00f6llig ungest\u00f6rt genie\u00dfen.<br \/>\nZuhause sollte sich alles um Sie drehen&#8230;<br \/>\n&#8230;au\u00dfer Ihre Rolll\u00e4den: Die drehen sich besser um Antriebe von Becker.<br \/>\nVollautomatisch und intelligent gesteuert.<\/p>\n<\/div>\n<div id=\"toldos-menu-content\">\n<div id=\"toldos-menu-line-1\">\n<div class=\"toldos-menu\"><a href=\"http:\/\/grupo-aligator.com\/de\/bedienung-uber-schalter\/\" id=\"toldos-kassetten-markisen-menu-item-1\" class=\"double-line\">Bedienung \u00fcber Schalter<\/a><\/div>\n<div class=\"toldos-menu\"><a href=\"http:\/\/grupo-aligator.com\/de\/bedienung-uber-funk\/\" id=\"toldos-kassetten-markisen-menu-item-2\">Bedienung \u00fcber Funk<\/a><\/div>\n<\/div>\n<\/div>\n<div class=\"toldos-menu-images\">\n<p><img decoding=\"async\" id=\"toldos-kassetten-markisen-menu-item-1-img\" src=\"\/wp-content\/uploads\/2014\/07\/steuerungstechnik-rollladensteuerung.jpg\" \/><\/p>\n<p><img decoding=\"async\" id=\"toldos-kassetten-markisen-menu-item-2-img\" src=\"\/wp-content\/uploads\/2014\/07\/steuerungstechnik-rollladensteuerung-bedienung-uber-funk.jpg\" \/><\/p>\n<p><img decoding=\"async\" id=\"toldos-kassetten-markisen-menu-item-3-img\" src=\"#\" \/><\/p>\n<p><img decoding=\"async\" id=\"toldos-kassetten-markisen-menu-item-4-img\" src=\"#\" \/><\/p>\n<p><img decoding=\"async\" id=\"toldos-kassetten-markisen-menu-item-5-img\" src=\"#\" \/><\/p>\n<p><img decoding=\"async\" id=\"toldos-kassetten-markisen-menu-item-6-img\" src=\"#\" \/><\/p>\n<\/div>\n<p><script type=\"text\/javascript\">\n$(function() {\n    $('#toldos-kassetten-markisen-menu-item-1').hover(function() { \n        $('#toldos-kassetten-markisen-menu-item-1-img').show(); \n    }, function() { \n        $('#toldos-kassetten-markisen-menu-item-1-img').hide(); \n    });\n    $('#toldos-kassetten-markisen-menu-item-2').hover(function() { \n        $('#toldos-kassetten-markisen-menu-item-2-img').show(); \n    }, function() { \n        $('#toldos-kassetten-markisen-menu-item-2-img').hide(); \n    });\n    $('#toldos-kassetten-markisen-menu-item-3').hover(function() { \n        $('#toldos-kassetten-markisen-menu-item-3-img').show(); \n    }, function() { \n        $('#toldos-kassetten-markisen-menu-item-3-img').hide(); \n    });\n    $('#toldos-kassetten-markisen-menu-item-4').hover(function() { \n        $('#toldos-kassetten-markisen-menu-item-4-img').show(); \n    }, function() { \n        $('#toldos-kassetten-markisen-menu-item-4-img').hide(); \n    });\n    $('#toldos-kassetten-markisen-menu-item-5').hover(function() { \n        $('#toldos-kassetten-markisen-menu-item-5-img').show(); \n    }, function() { \n        $('#toldos-kassetten-markisen-menu-item-5-img').hide(); \n    });\n    $('#toldos-kassetten-markisen-menu-item-6').hover(function() { \n        $('#toldos-kassetten-markisen-menu-item-6-img').show(); \n    }, function() { \n        $('#toldos-kassetten-markisen-menu-item-6-img').hide(); \n    });\n});\n<\/script><\/p>\n","protected":false},"excerpt":{"rendered":"<p>Ihr Wohnraum ist etwas ganz Besonderes. Hier k\u00f6nnen Sie aufatmen und sein wie Sie sind. Sie bestimmen, wer an Ihrem Leben teil hat und wann Sie Ihr Zuhause v\u00f6llig ungest\u00f6rt genie\u00dfen. Zuhause sollte sich alles um Sie drehen&#8230; &#8230;au\u00dfer Ihre Rolll\u00e4den: Die drehen sich besser um Antriebe von Becker. Vollautomatisch und intelligent gesteuert. Bedienung \u00fcber Schalter Bedienung \u00fcber Funk<\/p>\n","protected":false},"author":1,"featured_media":0,"parent":0,"menu_order":0,"comment_status":"closed","ping_status":"closed","template":"category-page.php","meta":[],"yoast_head":"<!-- This site is optimized with the Yoast SEO plugin v19.11 - https:\/\/yoast.com\/wordpress\/plugins\/seo\/ -->\n<title>Steuerungstechnik Rollladensteuerung Mijas, Tarifa, Malaga, Marbella, Torrox - Cristaleria Aligator<\/title>\n<meta name=\"description\" content=\"Steuerungstechnik Rollladensteuerung Mijas, Tarifa, Malaga, Marbella, Torrox - Cristaleria Aligator Wintergarten und Terrassenverglasung auch in Sotogrande Costa del Sol\" \/>\n<meta name=\"robots\" content=\"index, follow, max-snippet:-1, max-image-preview:large, max-video-preview:-1\" \/>\n<link rel=\"canonical\" href=\"https:\/\/grupo-aligator.com\/de\/steuerungstechnik-rollladensteuerung\/\" \/>\n<meta property=\"og:locale\" content=\"de_DE\" \/>\n<meta property=\"og:type\" content=\"article\" \/>\n<meta property=\"og:title\" content=\"Steuerungstechnik Rollladensteuerung Mijas, Tarifa, Malaga, Marbella, Torrox - Cristaleria Aligator\" \/>\n<meta property=\"og:description\" content=\"Steuerungstechnik Rollladensteuerung Mijas, Tarifa, Malaga, Marbella, Torrox - Cristaleria Aligator Wintergarten und Terrassenverglasung auch in Sotogrande Costa del Sol\" \/>\n<meta property=\"og:url\" content=\"https:\/\/grupo-aligator.com\/de\/steuerungstechnik-rollladensteuerung\/\" \/>\n<meta property=\"article:modified_time\" content=\"2014-07-22T11:11:47+00:00\" \/>\n<meta name=\"twitter:card\" content=\"summary_large_image\" \/>\n<script type=\"application\/ld+json\" class=\"yoast-schema-graph\">{\"@context\":\"https:\/\/schema.org\",\"@graph\":[{\"@type\":\"WebPage\",\"@id\":\"https:\/\/grupo-aligator.com\/de\/steuerungstechnik-rollladensteuerung\/\",\"url\":\"https:\/\/grupo-aligator.com\/de\/steuerungstechnik-rollladensteuerung\/\",\"name\":\"Steuerungstechnik Rollladensteuerung Mijas, Tarifa, Malaga, Marbella, Torrox - Cristaleria Aligator\",\"isPartOf\":{\"@id\":\"https:\/\/grupo-aligator.com\/de\/#website\"},\"datePublished\":\"2014-07-15T16:06:31+00:00\",\"dateModified\":\"2014-07-22T11:11:47+00:00\",\"description\":\"Steuerungstechnik Rollladensteuerung Mijas, Tarifa, Malaga, Marbella, Torrox - Cristaleria Aligator Wintergarten und Terrassenverglasung auch in Sotogrande Costa del Sol\",\"breadcrumb\":{\"@id\":\"https:\/\/grupo-aligator.com\/de\/steuerungstechnik-rollladensteuerung\/#breadcrumb\"},\"inLanguage\":\"de\",\"potentialAction\":[{\"@type\":\"ReadAction\",\"target\":[\"https:\/\/grupo-aligator.com\/de\/steuerungstechnik-rollladensteuerung\/\"]}]},{\"@type\":\"BreadcrumbList\",\"@id\":\"https:\/\/grupo-aligator.com\/de\/steuerungstechnik-rollladensteuerung\/#breadcrumb\",\"itemListElement\":[{\"@type\":\"ListItem\",\"position\":1,\"name\":\"Home\",\"item\":\"https:\/\/grupo-aligator.com\/de\/\"},{\"@type\":\"ListItem\",\"position\":2,\"name\":\"Steuerungstechnik Rollladensteuerung\"}]},{\"@type\":\"WebSite\",\"@id\":\"https:\/\/grupo-aligator.com\/de\/#website\",\"url\":\"https:\/\/grupo-aligator.com\/de\/\",\"name\":\"\",\"description\":\"\",\"publisher\":{\"@id\":\"https:\/\/grupo-aligator.com\/de\/#organization\"},\"potentialAction\":[{\"@type\":\"SearchAction\",\"target\":{\"@type\":\"EntryPoint\",\"urlTemplate\":\"https:\/\/grupo-aligator.com\/de\/?s={search_term_string}\"},\"query-input\":\"required name=search_term_string\"}],\"inLanguage\":\"de\"},{\"@type\":\"Organization\",\"@id\":\"https:\/\/grupo-aligator.com\/de\/#organization\",\"name\":\"Cristaleria Aligator S.L.\",\"url\":\"https:\/\/grupo-aligator.com\/de\/\",\"logo\":{\"@type\":\"ImageObject\",\"inLanguage\":\"de\",\"@id\":\"https:\/\/grupo-aligator.com\/de\/#\/schema\/logo\/image\/\",\"url\":\"http:\/\/grupo-aligator.com\/wp-content\/uploads\/2019\/11\/aligator-logo-de.png\",\"contentUrl\":\"http:\/\/grupo-aligator.com\/wp-content\/uploads\/2019\/11\/aligator-logo-de.png\",\"width\":150,\"height\":160,\"caption\":\"Cristaleria Aligator S.L.\"},\"image\":{\"@id\":\"https:\/\/grupo-aligator.com\/de\/#\/schema\/logo\/image\/\"}}]}<\/script>\n<!-- \/ Yoast SEO plugin. -->","yoast_head_json":{"title":"Steuerungstechnik Rollladensteuerung Mijas, Tarifa, Malaga, Marbella, Torrox - Cristaleria Aligator","description":"Steuerungstechnik Rollladensteuerung Mijas, Tarifa, Malaga, Marbella, Torrox - Cristaleria Aligator Wintergarten und Terrassenverglasung auch in Sotogrande Costa del Sol","robots":{"index":"index","follow":"follow","max-snippet":"max-snippet:-1","max-image-preview":"max-image-preview:large","max-video-preview":"max-video-preview:-1"},"canonical":"https:\/\/grupo-aligator.com\/de\/steuerungstechnik-rollladensteuerung\/","og_locale":"de_DE","og_type":"article","og_title":"Steuerungstechnik Rollladensteuerung Mijas, Tarifa, Malaga, Marbella, Torrox - Cristaleria Aligator","og_description":"Steuerungstechnik Rollladensteuerung Mijas, Tarifa, Malaga, Marbella, Torrox - Cristaleria Aligator Wintergarten und Terrassenverglasung auch in Sotogrande Costa del Sol","og_url":"https:\/\/grupo-aligator.com\/de\/steuerungstechnik-rollladensteuerung\/","article_modified_time":"2014-07-22T11:11:47+00:00","twitter_card":"summary_large_image","schema":{"@context":"https:\/\/schema.org","@graph":[{"@type":"WebPage","@id":"https:\/\/grupo-aligator.com\/de\/steuerungstechnik-rollladensteuerung\/","url":"https:\/\/grupo-aligator.com\/de\/steuerungstechnik-rollladensteuerung\/","name":"Steuerungstechnik Rollladensteuerung Mijas, Tarifa, Malaga, Marbella, Torrox - Cristaleria Aligator","isPartOf":{"@id":"https:\/\/grupo-aligator.com\/de\/#website"},"datePublished":"2014-07-15T16:06:31+00:00","dateModified":"2014-07-22T11:11:47+00:00","description":"Steuerungstechnik Rollladensteuerung Mijas, Tarifa, Malaga, Marbella, Torrox - Cristaleria Aligator Wintergarten und Terrassenverglasung auch in Sotogrande Costa del Sol","breadcrumb":{"@id":"https:\/\/grupo-aligator.com\/de\/steuerungstechnik-rollladensteuerung\/#breadcrumb"},"inLanguage":"de","potentialAction":[{"@type":"ReadAction","target":["https:\/\/grupo-aligator.com\/de\/steuerungstechnik-rollladensteuerung\/"]}]},{"@type":"BreadcrumbList","@id":"https:\/\/grupo-aligator.com\/de\/steuerungstechnik-rollladensteuerung\/#breadcrumb","itemListElement":[{"@type":"ListItem","position":1,"name":"Home","item":"https:\/\/grupo-aligator.com\/de\/"},{"@type":"ListItem","position":2,"name":"Steuerungstechnik Rollladensteuerung"}]},{"@type":"WebSite","@id":"https:\/\/grupo-aligator.com\/de\/#website","url":"https:\/\/grupo-aligator.com\/de\/","name":"","description":"","publisher":{"@id":"https:\/\/grupo-aligator.com\/de\/#organization"},"potentialAction":[{"@type":"SearchAction","target":{"@type":"EntryPoint","urlTemplate":"https:\/\/grupo-aligator.com\/de\/?s={search_term_string}"},"query-input":"required name=search_term_string"}],"inLanguage":"de"},{"@type":"Organization","@id":"https:\/\/grupo-aligator.com\/de\/#organization","name":"Cristaleria Aligator S.L.","url":"https:\/\/grupo-aligator.com\/de\/","logo":{"@type":"ImageObject","inLanguage":"de","@id":"https:\/\/grupo-aligator.com\/de\/#\/schema\/logo\/image\/","url":"http:\/\/grupo-aligator.com\/wp-content\/uploads\/2019\/11\/aligator-logo-de.png","contentUrl":"http:\/\/grupo-aligator.com\/wp-content\/uploads\/2019\/11\/aligator-logo-de.png","width":150,"height":160,"caption":"Cristaleria Aligator S.L."},"image":{"@id":"https:\/\/grupo-aligator.com\/de\/#\/schema\/logo\/image\/"}}]}},"_links":{"self":[{"href":"https:\/\/grupo-aligator.com\/de\/wp-json\/wp\/v2\/pages\/2355"}],"collection":[{"href":"https:\/\/grupo-aligator.com\/de\/wp-json\/wp\/v2\/pages"}],"about":[{"href":"https:\/\/grupo-aligator.com\/de\/wp-json\/wp\/v2\/types\/page"}],"author":[{"embeddable":true,"href":"https:\/\/grupo-aligator.com\/de\/wp-json\/wp\/v2\/users\/1"}],"replies":[{"embeddable":true,"href":"https:\/\/grupo-aligator.com\/de\/wp-json\/wp\/v2\/comments?post=2355"}],"version-history":[{"count":3,"href":"https:\/\/grupo-aligator.com\/de\/wp-json\/wp\/v2\/pages\/2355\/revisions"}],"predecessor-version":[{"id":2856,"href":"https:\/\/grupo-aligator.com\/de\/wp-json\/wp\/v2\/pages\/2355\/revisions\/2856"}],"wp:attachment":[{"href":"https:\/\/grupo-aligator.com\/de\/wp-json\/wp\/v2\/media?parent=2355"}],"curies":[{"name":"wp","href":"https:\/\/api.w.org\/{rel}","templated":true}]}}