{"id":2351,"date":"2014-07-15T16:05:31","date_gmt":"2014-07-15T16:05:31","guid":{"rendered":"http:\/\/aligator.cristaleria-aligator.com\/?page_id=2351"},"modified":"2015-02-28T20:17:00","modified_gmt":"2015-02-28T20:17:00","slug":"steuerungstechnik-markisensteuerung","status":"publish","type":"page","link":"https:\/\/grupo-aligator.com\/de\/steuerungstechnik-markisensteuerung\/","title":{"rendered":"Steuerungstechnik Markisen"},"content":{"rendered":"<div id=\"aligator-logo-de\"><\/div>\n<div class=\"toldos-top-logo\"><img decoding=\"async\" src=\"\/wp-content\/uploads\/2014\/05\/becker-logo.png\" alt=\"\" \/><\/div>\n<div id=\"toldos-aligator-description\">\n<p>Bei der Steuerung von Markisen unterscheidet man zwei M\u00f6glichkeiten.<br \/>\n1. Bedienung \u00fcber einen Schalter<br \/>\n(evtl. Haussteuerung \u00fcber die Kabel)<\/p>\n<p>2. Bedienung \u00fcber Funk<br \/>\n(hierf\u00fcr gibt es weitere sinvolle Komponenten die die Steuerung erleichtern oder automatisieren)<\/p>\n<\/div>\n<div id=\"toldos-menu-content\">\n<div id=\"toldos-menu-line-1\">\n<div class=\"toldos-menu\"><a id=\"toldos-kassetten-markisen-menu-item-1\" class=\"double-line\" href=\"http:\/\/grupo-aligator.com\/de\/bedienung-mit-schalter\/\">Bedienung mit Schalter<\/a><\/div>\n<div class=\"toldos-menu\"><a id=\"toldos-kassetten-markisen-menu-item-2\" href=\"http:\/\/grupo-aligator.com\/de\/bedienung-mit-funk\/\">Bedienung mit Funk<\/a><\/div>\n<\/div>\n<\/div>\n<div class=\"toldos-menu-images\">\n<p><img decoding=\"async\" id=\"toldos-kassetten-markisen-menu-item-1-img\" src=\"\/wp-content\/uploads\/2013\/09\/steuerungstechnik-cat.jpg\" alt=\"\" \/><\/p>\n<p><img decoding=\"async\" id=\"toldos-kassetten-markisen-menu-item-2-img\" src=\"\/wp-content\/uploads\/2014\/07\/steuerungstechnik-markisensteuerung-bedienung-mit-funk.jpg\" alt=\"\" \/><\/p>\n<p><img decoding=\"async\" id=\"toldos-kassetten-markisen-menu-item-3-img\" src=\"#\" alt=\"\" \/><\/p>\n<p><img decoding=\"async\" id=\"toldos-kassetten-markisen-menu-item-4-img\" src=\"#\" alt=\"\" \/><\/p>\n<p><img decoding=\"async\" id=\"toldos-kassetten-markisen-menu-item-5-img\" src=\"#\" alt=\"\" \/><\/p>\n<p><img decoding=\"async\" id=\"toldos-kassetten-markisen-menu-item-6-img\" src=\"#\" alt=\"\" \/><\/p>\n<\/div>\n<p><script type=\"text\/javascript\">\/\/ <![CDATA[\n$(function() {\n    $('#toldos-kassetten-markisen-menu-item-1').hover(function() { \n        $('#toldos-kassetten-markisen-menu-item-1-img').show(); \n    }, function() { \n        $('#toldos-kassetten-markisen-menu-item-1-img').hide(); \n    });\n    $('#toldos-kassetten-markisen-menu-item-2').hover(function() { \n        $('#toldos-kassetten-markisen-menu-item-2-img').show(); \n    }, function() { \n        $('#toldos-kassetten-markisen-menu-item-2-img').hide(); \n    });\n    $('#toldos-kassetten-markisen-menu-item-3').hover(function() { \n        $('#toldos-kassetten-markisen-menu-item-3-img').show(); \n    }, function() { \n        $('#toldos-kassetten-markisen-menu-item-3-img').hide(); \n    });\n    $('#toldos-kassetten-markisen-menu-item-4').hover(function() { \n        $('#toldos-kassetten-markisen-menu-item-4-img').show(); \n    }, function() { \n        $('#toldos-kassetten-markisen-menu-item-4-img').hide(); \n    });\n    $('#toldos-kassetten-markisen-menu-item-5').hover(function() { \n        $('#toldos-kassetten-markisen-menu-item-5-img').show(); \n    }, function() { \n        $('#toldos-kassetten-markisen-menu-item-5-img').hide(); \n    });\n    $('#toldos-kassetten-markisen-menu-item-6').hover(function() { \n        $('#toldos-kassetten-markisen-menu-item-6-img').show(); \n    }, function() { \n        $('#toldos-kassetten-markisen-menu-item-6-img').hide(); \n    });\n});\n\/\/ ]]><\/script><\/p>\n","protected":false},"excerpt":{"rendered":"<p>Bei der Steuerung von Markisen unterscheidet man zwei M\u00f6glichkeiten. 1. Bedienung \u00fcber einen Schalter (evtl. Haussteuerung \u00fcber die Kabel) 2. Bedienung \u00fcber Funk (hierf\u00fcr gibt es weitere sinvolle Komponenten die die Steuerung erleichtern oder automatisieren) Bedienung mit Schalter Bedienung mit Funk<\/p>\n","protected":false},"author":1,"featured_media":0,"parent":0,"menu_order":0,"comment_status":"closed","ping_status":"closed","template":"category-page.php","meta":[],"yoast_head":"<!-- This site is optimized with the Yoast SEO plugin v19.11 - https:\/\/yoast.com\/wordpress\/plugins\/seo\/ -->\n<title>Steuerungstechnik Markisen Mijas, Tarifa, Malaga, Marbella, Torrox - Cristaleria Aligator<\/title>\n<meta name=\"description\" content=\"Steuerungstechnik Markisen Mijas, Tarifa, Malaga, Marbella, Torrox - Cristaleria Aligator Wintergarten und Terrassenverglasung auch in Sotogrande Costa del Sol\" \/>\n<meta name=\"robots\" content=\"index, follow, max-snippet:-1, max-image-preview:large, max-video-preview:-1\" \/>\n<link rel=\"canonical\" href=\"https:\/\/grupo-aligator.com\/de\/steuerungstechnik-markisensteuerung\/\" \/>\n<meta property=\"og:locale\" content=\"de_DE\" \/>\n<meta property=\"og:type\" content=\"article\" \/>\n<meta property=\"og:title\" content=\"Steuerungstechnik Markisen Mijas, Tarifa, Malaga, Marbella, Torrox - Cristaleria Aligator\" \/>\n<meta property=\"og:description\" content=\"Steuerungstechnik Markisen Mijas, Tarifa, Malaga, Marbella, Torrox - Cristaleria Aligator Wintergarten und Terrassenverglasung auch in Sotogrande Costa del Sol\" \/>\n<meta property=\"og:url\" content=\"https:\/\/grupo-aligator.com\/de\/steuerungstechnik-markisensteuerung\/\" \/>\n<meta property=\"article:modified_time\" content=\"2015-02-28T20:17:00+00:00\" \/>\n<meta name=\"twitter:card\" content=\"summary_large_image\" \/>\n<script type=\"application\/ld+json\" class=\"yoast-schema-graph\">{\"@context\":\"https:\/\/schema.org\",\"@graph\":[{\"@type\":\"WebPage\",\"@id\":\"https:\/\/grupo-aligator.com\/de\/steuerungstechnik-markisensteuerung\/\",\"url\":\"https:\/\/grupo-aligator.com\/de\/steuerungstechnik-markisensteuerung\/\",\"name\":\"Steuerungstechnik Markisen Mijas, Tarifa, Malaga, Marbella, Torrox - Cristaleria Aligator\",\"isPartOf\":{\"@id\":\"https:\/\/grupo-aligator.com\/de\/#website\"},\"datePublished\":\"2014-07-15T16:05:31+00:00\",\"dateModified\":\"2015-02-28T20:17:00+00:00\",\"description\":\"Steuerungstechnik Markisen Mijas, Tarifa, Malaga, Marbella, Torrox - Cristaleria Aligator Wintergarten und Terrassenverglasung auch in Sotogrande Costa del Sol\",\"breadcrumb\":{\"@id\":\"https:\/\/grupo-aligator.com\/de\/steuerungstechnik-markisensteuerung\/#breadcrumb\"},\"inLanguage\":\"de\",\"potentialAction\":[{\"@type\":\"ReadAction\",\"target\":[\"https:\/\/grupo-aligator.com\/de\/steuerungstechnik-markisensteuerung\/\"]}]},{\"@type\":\"BreadcrumbList\",\"@id\":\"https:\/\/grupo-aligator.com\/de\/steuerungstechnik-markisensteuerung\/#breadcrumb\",\"itemListElement\":[{\"@type\":\"ListItem\",\"position\":1,\"name\":\"Home\",\"item\":\"https:\/\/grupo-aligator.com\/de\/\"},{\"@type\":\"ListItem\",\"position\":2,\"name\":\"Steuerungstechnik Markisen\"}]},{\"@type\":\"WebSite\",\"@id\":\"https:\/\/grupo-aligator.com\/de\/#website\",\"url\":\"https:\/\/grupo-aligator.com\/de\/\",\"name\":\"\",\"description\":\"\",\"publisher\":{\"@id\":\"https:\/\/grupo-aligator.com\/de\/#organization\"},\"potentialAction\":[{\"@type\":\"SearchAction\",\"target\":{\"@type\":\"EntryPoint\",\"urlTemplate\":\"https:\/\/grupo-aligator.com\/de\/?s={search_term_string}\"},\"query-input\":\"required name=search_term_string\"}],\"inLanguage\":\"de\"},{\"@type\":\"Organization\",\"@id\":\"https:\/\/grupo-aligator.com\/de\/#organization\",\"name\":\"Cristaleria Aligator S.L.\",\"url\":\"https:\/\/grupo-aligator.com\/de\/\",\"logo\":{\"@type\":\"ImageObject\",\"inLanguage\":\"de\",\"@id\":\"https:\/\/grupo-aligator.com\/de\/#\/schema\/logo\/image\/\",\"url\":\"http:\/\/grupo-aligator.com\/wp-content\/uploads\/2019\/11\/aligator-logo-de.png\",\"contentUrl\":\"http:\/\/grupo-aligator.com\/wp-content\/uploads\/2019\/11\/aligator-logo-de.png\",\"width\":150,\"height\":160,\"caption\":\"Cristaleria Aligator S.L.\"},\"image\":{\"@id\":\"https:\/\/grupo-aligator.com\/de\/#\/schema\/logo\/image\/\"}}]}<\/script>\n<!-- \/ Yoast SEO plugin. -->","yoast_head_json":{"title":"Steuerungstechnik Markisen Mijas, Tarifa, Malaga, Marbella, Torrox - Cristaleria Aligator","description":"Steuerungstechnik Markisen Mijas, Tarifa, Malaga, Marbella, Torrox - Cristaleria Aligator Wintergarten und Terrassenverglasung auch in Sotogrande Costa del Sol","robots":{"index":"index","follow":"follow","max-snippet":"max-snippet:-1","max-image-preview":"max-image-preview:large","max-video-preview":"max-video-preview:-1"},"canonical":"https:\/\/grupo-aligator.com\/de\/steuerungstechnik-markisensteuerung\/","og_locale":"de_DE","og_type":"article","og_title":"Steuerungstechnik Markisen Mijas, Tarifa, Malaga, Marbella, Torrox - Cristaleria Aligator","og_description":"Steuerungstechnik Markisen Mijas, Tarifa, Malaga, Marbella, Torrox - Cristaleria Aligator Wintergarten und Terrassenverglasung auch in Sotogrande Costa del Sol","og_url":"https:\/\/grupo-aligator.com\/de\/steuerungstechnik-markisensteuerung\/","article_modified_time":"2015-02-28T20:17:00+00:00","twitter_card":"summary_large_image","schema":{"@context":"https:\/\/schema.org","@graph":[{"@type":"WebPage","@id":"https:\/\/grupo-aligator.com\/de\/steuerungstechnik-markisensteuerung\/","url":"https:\/\/grupo-aligator.com\/de\/steuerungstechnik-markisensteuerung\/","name":"Steuerungstechnik Markisen Mijas, Tarifa, Malaga, Marbella, Torrox - Cristaleria Aligator","isPartOf":{"@id":"https:\/\/grupo-aligator.com\/de\/#website"},"datePublished":"2014-07-15T16:05:31+00:00","dateModified":"2015-02-28T20:17:00+00:00","description":"Steuerungstechnik Markisen Mijas, Tarifa, Malaga, Marbella, Torrox - Cristaleria Aligator Wintergarten und Terrassenverglasung auch in Sotogrande Costa del Sol","breadcrumb":{"@id":"https:\/\/grupo-aligator.com\/de\/steuerungstechnik-markisensteuerung\/#breadcrumb"},"inLanguage":"de","potentialAction":[{"@type":"ReadAction","target":["https:\/\/grupo-aligator.com\/de\/steuerungstechnik-markisensteuerung\/"]}]},{"@type":"BreadcrumbList","@id":"https:\/\/grupo-aligator.com\/de\/steuerungstechnik-markisensteuerung\/#breadcrumb","itemListElement":[{"@type":"ListItem","position":1,"name":"Home","item":"https:\/\/grupo-aligator.com\/de\/"},{"@type":"ListItem","position":2,"name":"Steuerungstechnik Markisen"}]},{"@type":"WebSite","@id":"https:\/\/grupo-aligator.com\/de\/#website","url":"https:\/\/grupo-aligator.com\/de\/","name":"","description":"","publisher":{"@id":"https:\/\/grupo-aligator.com\/de\/#organization"},"potentialAction":[{"@type":"SearchAction","target":{"@type":"EntryPoint","urlTemplate":"https:\/\/grupo-aligator.com\/de\/?s={search_term_string}"},"query-input":"required name=search_term_string"}],"inLanguage":"de"},{"@type":"Organization","@id":"https:\/\/grupo-aligator.com\/de\/#organization","name":"Cristaleria Aligator S.L.","url":"https:\/\/grupo-aligator.com\/de\/","logo":{"@type":"ImageObject","inLanguage":"de","@id":"https:\/\/grupo-aligator.com\/de\/#\/schema\/logo\/image\/","url":"http:\/\/grupo-aligator.com\/wp-content\/uploads\/2019\/11\/aligator-logo-de.png","contentUrl":"http:\/\/grupo-aligator.com\/wp-content\/uploads\/2019\/11\/aligator-logo-de.png","width":150,"height":160,"caption":"Cristaleria Aligator S.L."},"image":{"@id":"https:\/\/grupo-aligator.com\/de\/#\/schema\/logo\/image\/"}}]}},"_links":{"self":[{"href":"https:\/\/grupo-aligator.com\/de\/wp-json\/wp\/v2\/pages\/2351"}],"collection":[{"href":"https:\/\/grupo-aligator.com\/de\/wp-json\/wp\/v2\/pages"}],"about":[{"href":"https:\/\/grupo-aligator.com\/de\/wp-json\/wp\/v2\/types\/page"}],"author":[{"embeddable":true,"href":"https:\/\/grupo-aligator.com\/de\/wp-json\/wp\/v2\/users\/1"}],"replies":[{"embeddable":true,"href":"https:\/\/grupo-aligator.com\/de\/wp-json\/wp\/v2\/comments?post=2351"}],"version-history":[{"count":5,"href":"https:\/\/grupo-aligator.com\/de\/wp-json\/wp\/v2\/pages\/2351\/revisions"}],"predecessor-version":[{"id":3714,"href":"https:\/\/grupo-aligator.com\/de\/wp-json\/wp\/v2\/pages\/2351\/revisions\/3714"}],"wp:attachment":[{"href":"https:\/\/grupo-aligator.com\/de\/wp-json\/wp\/v2\/media?parent=2351"}],"curies":[{"name":"wp","href":"https:\/\/api.w.org\/{rel}","templated":true}]}}