{"id":2347,"date":"2014-07-15T16:04:22","date_gmt":"2014-07-15T16:04:22","guid":{"rendered":"http:\/\/aligator.cristaleria-aligator.com\/?page_id=2347"},"modified":"2019-12-18T17:24:16","modified_gmt":"2019-12-18T15:24:16","slug":"markisen-steuerungstechnik-mijas","status":"publish","type":"page","link":"https:\/\/grupo-aligator.com\/de\/markisen-steuerungstechnik-mijas\/","title":{"rendered":"Steuerungstechnik"},"content":{"rendered":"<div id=\"aligator-logo-de\"><\/div>\n<div class=\"toldos-top-logo\"><img decoding=\"async\" src=\"\/wp-content\/uploads\/2014\/05\/becker-logo.png\" alt=\"\" \/><\/div>\n<div id=\"toldos-aligator-description\">\n<p>Markisen Steuerungstechnik &#8211; Die Steuerung von Markisen, Rolll\u00e4den, Licht &amp; W\u00e4rme ist ein umfassendes Gebiet.<br \/>\nDort ist es m\u00f6glich die Steuerung konvenzionell \u00fcber einen Schalter \/ Zeitschalter oder aber mit einem seperaten Handsender \u00fcber Funk zu machen.<br \/>\nIn einer Funksteuerung kann dann auch noch ein Wind, Licht, Temperatur und Regensensor integriert werden.<br \/>\nWir beraten Sie gerne bei der PLanung Ihrer Steuerung f\u00fcr Ihren Sonnenschutz.<\/p>\n<\/div>\n<div id=\"toldos-menu-content\">\n<div id=\"toldos-menu-line-1\">\n<div class=\"toldos-menu\"><a id=\"toldos-kassetten-markisen-menu-item-1\" href=\"http:\/\/grupo-aligator.com\/de\/steuerungstechnik-markisensteuerung\/\">Markisensteuerung<\/a><\/div>\n<div class=\"toldos-menu\"><a id=\"toldos-kassetten-markisen-menu-item-2\" href=\"http:\/\/grupo-aligator.com\/de\/steuerungstechnik-rollladensteuerung\/\">Rollladensteuerung<\/a><\/div>\n<\/div>\n<div id=\"toldos-menu-line-2\">\n<div class=\"toldos-menu\"><a id=\"toldos-kassetten-markisen-menu-item-3\" class=\"double-line\" href=\"http:\/\/grupo-aligator.com\/de\/steuerungstechnik-licht-and-warmesteuerung\/\">Licht &amp; W\u00e4rmesteuerung<\/a><\/div>\n<\/div>\n<\/div>\n<div class=\"toldos-menu-images\">\n<p><img decoding=\"async\" id=\"toldos-kassetten-markisen-menu-item-1-img\" src=\"\/wp-content\/uploads\/2013\/09\/steuerungstechnik-cat.jpg\" alt=\"\" \/><\/p>\n<p><img decoding=\"async\" id=\"toldos-kassetten-markisen-menu-item-2-img\" src=\"\/wp-content\/uploads\/2014\/07\/steuerungstechnik-rollladensteuerung.jpg\" alt=\"Markisen Steuerungstechnik\" \/><\/p>\n<p><img decoding=\"async\" id=\"toldos-kassetten-markisen-menu-item-3-img\" src=\"\/wp-content\/uploads\/2014\/07\/steuerungstechnik-licht-warmesteuerung.jpg\" alt=\"Markisen Steuerungstechnik\" \/><\/p>\n<p><img decoding=\"async\" id=\"toldos-kassetten-markisen-menu-item-4-img\" src=\"#\" alt=\"Markisen Steuerungstechnik\" \/><\/p>\n<p><img decoding=\"async\" id=\"toldos-kassetten-markisen-menu-item-5-img\" src=\"#\" alt=\"\" \/><\/p>\n<p><img decoding=\"async\" id=\"toldos-kassetten-markisen-menu-item-6-img\" src=\"#\" alt=\"\" \/><\/p>\n<\/div>\n<p><script type=\"text\/javascript\">\/\/ <![CDATA[\n$(function() {\n    $('#toldos-kassetten-markisen-menu-item-1').hover(function() { \n        $('#toldos-kassetten-markisen-menu-item-1-img').show(); \n    }, function() { \n        $('#toldos-kassetten-markisen-menu-item-1-img').hide(); \n    });\n    $('#toldos-kassetten-markisen-menu-item-2').hover(function() { \n        $('#toldos-kassetten-markisen-menu-item-2-img').show(); \n    }, function() { \n        $('#toldos-kassetten-markisen-menu-item-2-img').hide(); \n    });\n    $('#toldos-kassetten-markisen-menu-item-3').hover(function() { \n        $('#toldos-kassetten-markisen-menu-item-3-img').show(); \n    }, function() { \n        $('#toldos-kassetten-markisen-menu-item-3-img').hide(); \n    });\n    $('#toldos-kassetten-markisen-menu-item-4').hover(function() { \n        $('#toldos-kassetten-markisen-menu-item-4-img').show(); \n    }, function() { \n        $('#toldos-kassetten-markisen-menu-item-4-img').hide(); \n    });\n    $('#toldos-kassetten-markisen-menu-item-5').hover(function() { \n        $('#toldos-kassetten-markisen-menu-item-5-img').show(); \n    }, function() { \n        $('#toldos-kassetten-markisen-menu-item-5-img').hide(); \n    });\n    $('#toldos-kassetten-markisen-menu-item-6').hover(function() { \n        $('#toldos-kassetten-markisen-menu-item-6-img').show(); \n    }, function() { \n        $('#toldos-kassetten-markisen-menu-item-6-img').hide(); \n    });\n});\n\/\/ ]]><\/script><\/p>\n","protected":false},"excerpt":{"rendered":"<p>Markisen Steuerungstechnik &#8211; Die Steuerung von Markisen, Rolll\u00e4den, Licht &amp; W\u00e4rme ist ein umfassendes Gebiet. Dort ist es m\u00f6glich die Steuerung konvenzionell \u00fcber einen Schalter \/ Zeitschalter oder aber mit einem seperaten Handsender \u00fcber Funk zu machen. In einer Funksteuerung kann dann auch noch ein Wind, Licht, Temperatur und Regensensor integriert werden. Wir beraten Sie gerne bei der PLanung Ihrer Steuerung f\u00fcr Ihren Sonnenschutz. Markisensteuerung Rollladensteuerung Licht &amp; W\u00e4rmesteuerung<\/p>\n","protected":false},"author":1,"featured_media":0,"parent":0,"menu_order":0,"comment_status":"closed","ping_status":"closed","template":"category-page.php","meta":[],"yoast_head":"<!-- This site is optimized with the Yoast SEO plugin v19.11 - https:\/\/yoast.com\/wordpress\/plugins\/seo\/ -->\n<title>Markisen Steuerungstechnik Mijas, Malaga, Marbella - Cristaleria Aligator<\/title>\n<meta name=\"description\" content=\"Markisen Steuerungstechnik Mijas, Tarifa, Malaga, Marbella, Torrox - Cristaleria Aligator Wintergarten Terrassenverglasung auch in Sotogrande Costa del Sol\" \/>\n<meta name=\"robots\" content=\"index, follow, max-snippet:-1, max-image-preview:large, max-video-preview:-1\" \/>\n<link rel=\"canonical\" href=\"https:\/\/grupo-aligator.com\/de\/markisen-steuerungstechnik-mijas\/\" \/>\n<meta property=\"og:locale\" content=\"de_DE\" \/>\n<meta property=\"og:type\" content=\"article\" \/>\n<meta property=\"og:title\" content=\"Markisen Steuerungstechnik Mijas, Malaga, Marbella - Cristaleria Aligator\" \/>\n<meta property=\"og:description\" content=\"Markisen Steuerungstechnik Mijas, Tarifa, Malaga, Marbella, Torrox - Cristaleria Aligator Wintergarten Terrassenverglasung auch in Sotogrande Costa del Sol\" \/>\n<meta property=\"og:url\" content=\"https:\/\/grupo-aligator.com\/de\/markisen-steuerungstechnik-mijas\/\" \/>\n<meta property=\"article:modified_time\" content=\"2019-12-18T15:24:16+00:00\" \/>\n<meta name=\"twitter:card\" content=\"summary_large_image\" \/>\n<script type=\"application\/ld+json\" class=\"yoast-schema-graph\">{\"@context\":\"https:\/\/schema.org\",\"@graph\":[{\"@type\":\"WebPage\",\"@id\":\"https:\/\/grupo-aligator.com\/de\/markisen-steuerungstechnik-mijas\/\",\"url\":\"https:\/\/grupo-aligator.com\/de\/markisen-steuerungstechnik-mijas\/\",\"name\":\"Markisen Steuerungstechnik Mijas, Malaga, Marbella - Cristaleria Aligator\",\"isPartOf\":{\"@id\":\"https:\/\/grupo-aligator.com\/de\/#website\"},\"datePublished\":\"2014-07-15T16:04:22+00:00\",\"dateModified\":\"2019-12-18T15:24:16+00:00\",\"description\":\"Markisen Steuerungstechnik Mijas, Tarifa, Malaga, Marbella, Torrox - Cristaleria Aligator Wintergarten Terrassenverglasung auch in Sotogrande Costa del Sol\",\"breadcrumb\":{\"@id\":\"https:\/\/grupo-aligator.com\/de\/markisen-steuerungstechnik-mijas\/#breadcrumb\"},\"inLanguage\":\"de\",\"potentialAction\":[{\"@type\":\"ReadAction\",\"target\":[\"https:\/\/grupo-aligator.com\/de\/markisen-steuerungstechnik-mijas\/\"]}]},{\"@type\":\"BreadcrumbList\",\"@id\":\"https:\/\/grupo-aligator.com\/de\/markisen-steuerungstechnik-mijas\/#breadcrumb\",\"itemListElement\":[{\"@type\":\"ListItem\",\"position\":1,\"name\":\"Home\",\"item\":\"https:\/\/grupo-aligator.com\/de\/\"},{\"@type\":\"ListItem\",\"position\":2,\"name\":\"Steuerungstechnik\"}]},{\"@type\":\"WebSite\",\"@id\":\"https:\/\/grupo-aligator.com\/de\/#website\",\"url\":\"https:\/\/grupo-aligator.com\/de\/\",\"name\":\"\",\"description\":\"\",\"publisher\":{\"@id\":\"https:\/\/grupo-aligator.com\/de\/#organization\"},\"potentialAction\":[{\"@type\":\"SearchAction\",\"target\":{\"@type\":\"EntryPoint\",\"urlTemplate\":\"https:\/\/grupo-aligator.com\/de\/?s={search_term_string}\"},\"query-input\":\"required name=search_term_string\"}],\"inLanguage\":\"de\"},{\"@type\":\"Organization\",\"@id\":\"https:\/\/grupo-aligator.com\/de\/#organization\",\"name\":\"Cristaleria Aligator S.L.\",\"url\":\"https:\/\/grupo-aligator.com\/de\/\",\"logo\":{\"@type\":\"ImageObject\",\"inLanguage\":\"de\",\"@id\":\"https:\/\/grupo-aligator.com\/de\/#\/schema\/logo\/image\/\",\"url\":\"http:\/\/grupo-aligator.com\/wp-content\/uploads\/2019\/11\/aligator-logo-de.png\",\"contentUrl\":\"http:\/\/grupo-aligator.com\/wp-content\/uploads\/2019\/11\/aligator-logo-de.png\",\"width\":150,\"height\":160,\"caption\":\"Cristaleria Aligator S.L.\"},\"image\":{\"@id\":\"https:\/\/grupo-aligator.com\/de\/#\/schema\/logo\/image\/\"}}]}<\/script>\n<!-- \/ Yoast SEO plugin. -->","yoast_head_json":{"title":"Markisen Steuerungstechnik Mijas, Malaga, Marbella - Cristaleria Aligator","description":"Markisen Steuerungstechnik Mijas, Tarifa, Malaga, Marbella, Torrox - Cristaleria Aligator Wintergarten Terrassenverglasung auch in Sotogrande Costa del Sol","robots":{"index":"index","follow":"follow","max-snippet":"max-snippet:-1","max-image-preview":"max-image-preview:large","max-video-preview":"max-video-preview:-1"},"canonical":"https:\/\/grupo-aligator.com\/de\/markisen-steuerungstechnik-mijas\/","og_locale":"de_DE","og_type":"article","og_title":"Markisen Steuerungstechnik Mijas, Malaga, Marbella - Cristaleria Aligator","og_description":"Markisen Steuerungstechnik Mijas, Tarifa, Malaga, Marbella, Torrox - Cristaleria Aligator Wintergarten Terrassenverglasung auch in Sotogrande Costa del Sol","og_url":"https:\/\/grupo-aligator.com\/de\/markisen-steuerungstechnik-mijas\/","article_modified_time":"2019-12-18T15:24:16+00:00","twitter_card":"summary_large_image","schema":{"@context":"https:\/\/schema.org","@graph":[{"@type":"WebPage","@id":"https:\/\/grupo-aligator.com\/de\/markisen-steuerungstechnik-mijas\/","url":"https:\/\/grupo-aligator.com\/de\/markisen-steuerungstechnik-mijas\/","name":"Markisen Steuerungstechnik Mijas, Malaga, Marbella - Cristaleria Aligator","isPartOf":{"@id":"https:\/\/grupo-aligator.com\/de\/#website"},"datePublished":"2014-07-15T16:04:22+00:00","dateModified":"2019-12-18T15:24:16+00:00","description":"Markisen Steuerungstechnik Mijas, Tarifa, Malaga, Marbella, Torrox - Cristaleria Aligator Wintergarten Terrassenverglasung auch in Sotogrande Costa del Sol","breadcrumb":{"@id":"https:\/\/grupo-aligator.com\/de\/markisen-steuerungstechnik-mijas\/#breadcrumb"},"inLanguage":"de","potentialAction":[{"@type":"ReadAction","target":["https:\/\/grupo-aligator.com\/de\/markisen-steuerungstechnik-mijas\/"]}]},{"@type":"BreadcrumbList","@id":"https:\/\/grupo-aligator.com\/de\/markisen-steuerungstechnik-mijas\/#breadcrumb","itemListElement":[{"@type":"ListItem","position":1,"name":"Home","item":"https:\/\/grupo-aligator.com\/de\/"},{"@type":"ListItem","position":2,"name":"Steuerungstechnik"}]},{"@type":"WebSite","@id":"https:\/\/grupo-aligator.com\/de\/#website","url":"https:\/\/grupo-aligator.com\/de\/","name":"","description":"","publisher":{"@id":"https:\/\/grupo-aligator.com\/de\/#organization"},"potentialAction":[{"@type":"SearchAction","target":{"@type":"EntryPoint","urlTemplate":"https:\/\/grupo-aligator.com\/de\/?s={search_term_string}"},"query-input":"required name=search_term_string"}],"inLanguage":"de"},{"@type":"Organization","@id":"https:\/\/grupo-aligator.com\/de\/#organization","name":"Cristaleria Aligator S.L.","url":"https:\/\/grupo-aligator.com\/de\/","logo":{"@type":"ImageObject","inLanguage":"de","@id":"https:\/\/grupo-aligator.com\/de\/#\/schema\/logo\/image\/","url":"http:\/\/grupo-aligator.com\/wp-content\/uploads\/2019\/11\/aligator-logo-de.png","contentUrl":"http:\/\/grupo-aligator.com\/wp-content\/uploads\/2019\/11\/aligator-logo-de.png","width":150,"height":160,"caption":"Cristaleria Aligator S.L."},"image":{"@id":"https:\/\/grupo-aligator.com\/de\/#\/schema\/logo\/image\/"}}]}},"_links":{"self":[{"href":"https:\/\/grupo-aligator.com\/de\/wp-json\/wp\/v2\/pages\/2347"}],"collection":[{"href":"https:\/\/grupo-aligator.com\/de\/wp-json\/wp\/v2\/pages"}],"about":[{"href":"https:\/\/grupo-aligator.com\/de\/wp-json\/wp\/v2\/types\/page"}],"author":[{"embeddable":true,"href":"https:\/\/grupo-aligator.com\/de\/wp-json\/wp\/v2\/users\/1"}],"replies":[{"embeddable":true,"href":"https:\/\/grupo-aligator.com\/de\/wp-json\/wp\/v2\/comments?post=2347"}],"version-history":[{"count":8,"href":"https:\/\/grupo-aligator.com\/de\/wp-json\/wp\/v2\/pages\/2347\/revisions"}],"predecessor-version":[{"id":7383,"href":"https:\/\/grupo-aligator.com\/de\/wp-json\/wp\/v2\/pages\/2347\/revisions\/7383"}],"wp:attachment":[{"href":"https:\/\/grupo-aligator.com\/de\/wp-json\/wp\/v2\/media?parent=2347"}],"curies":[{"name":"wp","href":"https:\/\/api.w.org\/{rel}","templated":true}]}}