{"id":2323,"date":"2014-07-15T15:59:02","date_gmt":"2014-07-15T15:59:02","guid":{"rendered":"http:\/\/aligator.cristaleria-aligator.com\/?page_id=2323"},"modified":"2019-11-22T18:12:33","modified_gmt":"2019-11-22T16:12:33","slug":"sonnensegel-marbella","status":"publish","type":"page","link":"https:\/\/grupo-aligator.com\/de\/sonnensegel-marbella\/","title":{"rendered":"Sonnensegel Marbella"},"content":{"rendered":"<div id=\"aligator-logo-de\"><\/div>\n<div class=\"toldos-top-logo\"><img decoding=\"async\" src=\"\/wp-content\/uploads\/2013\/09\/warema-logo.png\" \/><\/div>\n<div id=\"toldos-aligator-description\" class=\"small-text-description\">\n<p>Sonnensegel Marbella gibt es aufrollbar oder fest installiert, immer genau an ihre Anspr\u00fcche angepasst.<\/p>\n<p>&nbsp;<\/p>\n<p>Entdecken Sie die neue Leichtigkeit des angenehmen Schattens, modern und elegant.<br \/>\nIhr einzigartiges Design macht Sonnensegel zu architektonischen Stilmitteln, die jedes Geb\u00e4ude optisch aufwerten.<br \/>\nSie haben die Wahl zwischen zwei Sonnensegel-Arten.<br \/>\nStarre Sonnensegel zum schnellen Auf- und Abbau auf freien Fl\u00e4chen.<br \/>\nBewegliche Sonnensegel zur festen Installation.<\/p>\n<\/div>\n<div id=\"toldos-menu-content\">\n<div id=\"toldos-menu-line-1\">\n<div class=\"toldos-menu\"><a id=\"toldos-sonnensegel-warema-menu-item-1\" href=\"http:\/\/grupo-aligator.com\/de\/s1-das-starre-sonnensegel\/\">S1<\/a><\/div>\n<div class=\"toldos-menu\"><a id=\"toldos-sonnensegel-warema-menu-item-2\" href=\"http:\/\/grupo-aligator.com\/de\/s2-das-bewegliche-sonnensegel\/\">S2<\/a><\/div>\n<\/div>\n<div id=\"toldos-menu-line-2\">\n<div class=\"toldos-menu\"><a id=\"toldos-sonnensegel-warema-menu-item-3\" href=\"http:\/\/grupo-aligator.com\/de\/s3-das-bewegliche-and-asymmetrische-sonnensegel\/\">S3<\/a><\/div>\n<div class=\"toldos-menu\"><a id=\"toldos-sonnensegel-warema-menu-item-4\" href=\"http:\/\/grupo-aligator.com\/de\/s4-das-einseitig-bewegliche-sonnensegel\/\">S4<\/a><\/div>\n<\/div>\n<div id=\"toldos-menu-line-3\">\n<div class=\"toldos-menu\"><a id=\"toldos-sonnensegel-warema-menu-item-5\" href=\"http:\/\/grupo-aligator.com\/de\/sonnensegel-warema-sonderausstattung\/\">Sonderausstattung<\/a><\/div>\n<\/div>\n<\/div>\n<div class=\"toldos-menu-images\">\n<p><img decoding=\"async\" id=\"toldos-sonnensegel-warema-menu-item-1-img\" src=\"\/wp-content\/uploads\/2013\/09\/sonnensegel-cat.jpg\" \/><\/p>\n<p><img decoding=\"async\" id=\"toldos-sonnensegel-warema-menu-item-2-img\" src=\"\/wp-content\/uploads\/2014\/07\/sonnensegel-warema-s2.jpg\" \/><\/p>\n<p><img decoding=\"async\" id=\"toldos-sonnensegel-warema-menu-item-3-img\" src=\"\/wp-content\/uploads\/2014\/07\/sonnensegel-warema-s3.jpg\" \/><\/p>\n<p><img decoding=\"async\" id=\"toldos-sonnensegel-warema-menu-item-4-img\" src=\"\/wp-content\/uploads\/2014\/07\/sonnensegel-warema-s4.jpg\" \/><\/p>\n<p><img decoding=\"async\" id=\"toldos-sonnensegel-warema-menu-item-5-img\" src=\"\/wp-content\/uploads\/2014\/07\/sonnensegel-warema-s4.jpg\" \/><\/p>\n<\/div>\n<p><script type=\"text\/javascript\">\n$(function() {\n    $('#toldos-sonnensegel-warema-menu-item-1').hover(function() { \n        $('#toldos-sonnensegel-warema-menu-item-1-img').show(); \n    }, function() { \n        $('#toldos-sonnensegel-warema-menu-item-1-img').hide(); \n    });\n    $('#toldos-sonnensegel-warema-menu-item-2').hover(function() { \n        $('#toldos-sonnensegel-warema-menu-item-2-img').show(); \n    }, function() { \n        $('#toldos-sonnensegel-warema-menu-item-2-img').hide(); \n    });\n    $('#toldos-sonnensegel-warema-menu-item-3').hover(function() { \n        $('#toldos-sonnensegel-warema-menu-item-3-img').show(); \n    }, function() { \n        $('#toldos-sonnensegel-warema-menu-item-3-img').hide(); \n    });\n    $('#toldos-sonnensegel-warema-menu-item-4').hover(function() { \n        $('#toldos-sonnensegel-warema-menu-item-4-img').show(); \n    }, function() { \n        $('#toldos-sonnensegel-warema-menu-item-4-img').hide(); \n    });\n    $('#toldos-sonnensegel-warema-menu-item-5').hover(function() { \n        $('#toldos-sonnensegel-warema-menu-item-5-img').show(); \n    }, function() { \n        $('#toldos-sonnensegel-warema-menu-item-5-img').hide(); \n    });\n});\n<\/script><\/p>\n","protected":false},"excerpt":{"rendered":"<p>Sonnensegel Marbella gibt es aufrollbar oder fest installiert, immer genau an ihre Anspr\u00fcche angepasst. &nbsp; Entdecken Sie die neue Leichtigkeit des angenehmen Schattens, modern und elegant. Ihr einzigartiges Design macht Sonnensegel zu architektonischen Stilmitteln, die jedes Geb\u00e4ude optisch aufwerten. Sie haben die Wahl zwischen zwei Sonnensegel-Arten. Starre Sonnensegel zum schnellen Auf- und Abbau auf freien Fl\u00e4chen. Bewegliche Sonnensegel zur festen Installation. S1 S2 S3 S4 Sonderausstattung<\/p>\n","protected":false},"author":1,"featured_media":0,"parent":0,"menu_order":0,"comment_status":"closed","ping_status":"closed","template":"category-page.php","meta":[],"yoast_head":"<!-- This site is optimized with the Yoast SEO plugin v19.11 - https:\/\/yoast.com\/wordpress\/plugins\/seo\/ -->\n<title>Sonnensegel Marbella bietet Schatten f\u00fcr die Costa del Sol -Toldos Aligator<\/title>\n<meta name=\"description\" content=\"Sonnensegel Marbella bietet Schatten f\u00fcr die Costa del Sol -Toldos Aligator. Unsere Sonnensegel installieren wir von Estepona \u00fcber Mijas-Costa bis M\u00e1laga...\" \/>\n<meta name=\"robots\" content=\"index, follow, max-snippet:-1, max-image-preview:large, max-video-preview:-1\" \/>\n<link rel=\"canonical\" href=\"https:\/\/grupo-aligator.com\/de\/sonnensegel-marbella\/\" \/>\n<meta property=\"og:locale\" content=\"de_DE\" \/>\n<meta property=\"og:type\" content=\"article\" \/>\n<meta property=\"og:title\" content=\"Sonnensegel Marbella bietet Schatten f\u00fcr die Costa del Sol -Toldos Aligator\" \/>\n<meta property=\"og:description\" content=\"Sonnensegel Marbella bietet Schatten f\u00fcr die Costa del Sol -Toldos Aligator. Unsere Sonnensegel installieren wir von Estepona \u00fcber Mijas-Costa bis M\u00e1laga...\" \/>\n<meta property=\"og:url\" content=\"https:\/\/grupo-aligator.com\/de\/sonnensegel-marbella\/\" \/>\n<meta property=\"article:modified_time\" content=\"2019-11-22T16:12:33+00:00\" \/>\n<meta name=\"twitter:card\" content=\"summary_large_image\" \/>\n<script type=\"application\/ld+json\" class=\"yoast-schema-graph\">{\"@context\":\"https:\/\/schema.org\",\"@graph\":[{\"@type\":\"WebPage\",\"@id\":\"https:\/\/grupo-aligator.com\/de\/sonnensegel-marbella\/\",\"url\":\"https:\/\/grupo-aligator.com\/de\/sonnensegel-marbella\/\",\"name\":\"Sonnensegel Marbella bietet Schatten f\u00fcr die Costa del Sol -Toldos Aligator\",\"isPartOf\":{\"@id\":\"https:\/\/grupo-aligator.com\/de\/#website\"},\"datePublished\":\"2014-07-15T15:59:02+00:00\",\"dateModified\":\"2019-11-22T16:12:33+00:00\",\"description\":\"Sonnensegel Marbella bietet Schatten f\u00fcr die Costa del Sol -Toldos Aligator. Unsere Sonnensegel installieren wir von Estepona \u00fcber Mijas-Costa bis M\u00e1laga...\",\"breadcrumb\":{\"@id\":\"https:\/\/grupo-aligator.com\/de\/sonnensegel-marbella\/#breadcrumb\"},\"inLanguage\":\"de\",\"potentialAction\":[{\"@type\":\"ReadAction\",\"target\":[\"https:\/\/grupo-aligator.com\/de\/sonnensegel-marbella\/\"]}]},{\"@type\":\"BreadcrumbList\",\"@id\":\"https:\/\/grupo-aligator.com\/de\/sonnensegel-marbella\/#breadcrumb\",\"itemListElement\":[{\"@type\":\"ListItem\",\"position\":1,\"name\":\"Home\",\"item\":\"https:\/\/grupo-aligator.com\/de\/\"},{\"@type\":\"ListItem\",\"position\":2,\"name\":\"Sonnensegel Marbella\"}]},{\"@type\":\"WebSite\",\"@id\":\"https:\/\/grupo-aligator.com\/de\/#website\",\"url\":\"https:\/\/grupo-aligator.com\/de\/\",\"name\":\"\",\"description\":\"\",\"publisher\":{\"@id\":\"https:\/\/grupo-aligator.com\/de\/#organization\"},\"potentialAction\":[{\"@type\":\"SearchAction\",\"target\":{\"@type\":\"EntryPoint\",\"urlTemplate\":\"https:\/\/grupo-aligator.com\/de\/?s={search_term_string}\"},\"query-input\":\"required name=search_term_string\"}],\"inLanguage\":\"de\"},{\"@type\":\"Organization\",\"@id\":\"https:\/\/grupo-aligator.com\/de\/#organization\",\"name\":\"Cristaleria Aligator S.L.\",\"url\":\"https:\/\/grupo-aligator.com\/de\/\",\"logo\":{\"@type\":\"ImageObject\",\"inLanguage\":\"de\",\"@id\":\"https:\/\/grupo-aligator.com\/de\/#\/schema\/logo\/image\/\",\"url\":\"http:\/\/grupo-aligator.com\/wp-content\/uploads\/2019\/11\/aligator-logo-de.png\",\"contentUrl\":\"http:\/\/grupo-aligator.com\/wp-content\/uploads\/2019\/11\/aligator-logo-de.png\",\"width\":150,\"height\":160,\"caption\":\"Cristaleria Aligator S.L.\"},\"image\":{\"@id\":\"https:\/\/grupo-aligator.com\/de\/#\/schema\/logo\/image\/\"}}]}<\/script>\n<!-- \/ Yoast SEO plugin. -->","yoast_head_json":{"title":"Sonnensegel Marbella bietet Schatten f\u00fcr die Costa del Sol -Toldos Aligator","description":"Sonnensegel Marbella bietet Schatten f\u00fcr die Costa del Sol -Toldos Aligator. Unsere Sonnensegel installieren wir von Estepona \u00fcber Mijas-Costa bis M\u00e1laga...","robots":{"index":"index","follow":"follow","max-snippet":"max-snippet:-1","max-image-preview":"max-image-preview:large","max-video-preview":"max-video-preview:-1"},"canonical":"https:\/\/grupo-aligator.com\/de\/sonnensegel-marbella\/","og_locale":"de_DE","og_type":"article","og_title":"Sonnensegel Marbella bietet Schatten f\u00fcr die Costa del Sol -Toldos Aligator","og_description":"Sonnensegel Marbella bietet Schatten f\u00fcr die Costa del Sol -Toldos Aligator. Unsere Sonnensegel installieren wir von Estepona \u00fcber Mijas-Costa bis M\u00e1laga...","og_url":"https:\/\/grupo-aligator.com\/de\/sonnensegel-marbella\/","article_modified_time":"2019-11-22T16:12:33+00:00","twitter_card":"summary_large_image","schema":{"@context":"https:\/\/schema.org","@graph":[{"@type":"WebPage","@id":"https:\/\/grupo-aligator.com\/de\/sonnensegel-marbella\/","url":"https:\/\/grupo-aligator.com\/de\/sonnensegel-marbella\/","name":"Sonnensegel Marbella bietet Schatten f\u00fcr die Costa del Sol -Toldos Aligator","isPartOf":{"@id":"https:\/\/grupo-aligator.com\/de\/#website"},"datePublished":"2014-07-15T15:59:02+00:00","dateModified":"2019-11-22T16:12:33+00:00","description":"Sonnensegel Marbella bietet Schatten f\u00fcr die Costa del Sol -Toldos Aligator. Unsere Sonnensegel installieren wir von Estepona \u00fcber Mijas-Costa bis M\u00e1laga...","breadcrumb":{"@id":"https:\/\/grupo-aligator.com\/de\/sonnensegel-marbella\/#breadcrumb"},"inLanguage":"de","potentialAction":[{"@type":"ReadAction","target":["https:\/\/grupo-aligator.com\/de\/sonnensegel-marbella\/"]}]},{"@type":"BreadcrumbList","@id":"https:\/\/grupo-aligator.com\/de\/sonnensegel-marbella\/#breadcrumb","itemListElement":[{"@type":"ListItem","position":1,"name":"Home","item":"https:\/\/grupo-aligator.com\/de\/"},{"@type":"ListItem","position":2,"name":"Sonnensegel Marbella"}]},{"@type":"WebSite","@id":"https:\/\/grupo-aligator.com\/de\/#website","url":"https:\/\/grupo-aligator.com\/de\/","name":"","description":"","publisher":{"@id":"https:\/\/grupo-aligator.com\/de\/#organization"},"potentialAction":[{"@type":"SearchAction","target":{"@type":"EntryPoint","urlTemplate":"https:\/\/grupo-aligator.com\/de\/?s={search_term_string}"},"query-input":"required name=search_term_string"}],"inLanguage":"de"},{"@type":"Organization","@id":"https:\/\/grupo-aligator.com\/de\/#organization","name":"Cristaleria Aligator S.L.","url":"https:\/\/grupo-aligator.com\/de\/","logo":{"@type":"ImageObject","inLanguage":"de","@id":"https:\/\/grupo-aligator.com\/de\/#\/schema\/logo\/image\/","url":"http:\/\/grupo-aligator.com\/wp-content\/uploads\/2019\/11\/aligator-logo-de.png","contentUrl":"http:\/\/grupo-aligator.com\/wp-content\/uploads\/2019\/11\/aligator-logo-de.png","width":150,"height":160,"caption":"Cristaleria Aligator S.L."},"image":{"@id":"https:\/\/grupo-aligator.com\/de\/#\/schema\/logo\/image\/"}}]}},"_links":{"self":[{"href":"https:\/\/grupo-aligator.com\/de\/wp-json\/wp\/v2\/pages\/2323"}],"collection":[{"href":"https:\/\/grupo-aligator.com\/de\/wp-json\/wp\/v2\/pages"}],"about":[{"href":"https:\/\/grupo-aligator.com\/de\/wp-json\/wp\/v2\/types\/page"}],"author":[{"embeddable":true,"href":"https:\/\/grupo-aligator.com\/de\/wp-json\/wp\/v2\/users\/1"}],"replies":[{"embeddable":true,"href":"https:\/\/grupo-aligator.com\/de\/wp-json\/wp\/v2\/comments?post=2323"}],"version-history":[{"count":8,"href":"https:\/\/grupo-aligator.com\/de\/wp-json\/wp\/v2\/pages\/2323\/revisions"}],"predecessor-version":[{"id":7146,"href":"https:\/\/grupo-aligator.com\/de\/wp-json\/wp\/v2\/pages\/2323\/revisions\/7146"}],"wp:attachment":[{"href":"https:\/\/grupo-aligator.com\/de\/wp-json\/wp\/v2\/media?parent=2323"}],"curies":[{"name":"wp","href":"https:\/\/api.w.org\/{rel}","templated":true}]}}