{"id":2292,"date":"2014-07-15T15:47:34","date_gmt":"2014-07-15T15:47:34","guid":{"rendered":"http:\/\/aligator.cristaleria-aligator.com\/?page_id=2292"},"modified":"2015-09-11T11:54:36","modified_gmt":"2015-09-11T11:54:36","slug":"neubau-aufsetz-raffstoren","status":"publish","type":"page","link":"https:\/\/grupo-aligator.com\/de\/neubau-aufsetz-raffstoren\/","title":{"rendered":"Neubau-Aufsetz-Raffstoren"},"content":{"rendered":"<div id=\"aligator-logo-de\"><\/div>\n<div class=\"toldos-top-logo\"><img decoding=\"async\" src=\"\/wp-content\/uploads\/2013\/09\/warema-logo.png\" \/><\/div>\n<div id=\"toldos-aligator-description\">\n<p>Die Neubau-Aufsetz-Raffstoren haben wir speziell f\u00fcr Neubauten und Sanierungen entwickelt , bei denen der Raffstore unauff\u00e4llig in die Fassade integriert werden soll. Der Raffstore wird direkt auf dem Fenster befestigt und zusammen mit dem Fenster in die Rohbau\u00f6ffnung eingesetzt. Der Kasten kann dann au\u00dfen und innen eingeputzt werden. NEU &#8211; Patentierte F\u00fchrungsschiene zur Unterputzmontage: Im Bereich zwischen Fenster und F\u00fchrungsschiene ist hier eine Putztr\u00e4gerplatte gleich integriert. So werden die hochgefahrenen Raffstoren nahezu unsichtbar. Neubau-Aufsetz-Raffstoren erhalten Sie mit randgeb\u00f6rdelten Lamellen, Flachlamellen und auch mit Abdunkelungslamellen.<\/p>\n<\/div>\n<div class=\"toldos-gallery\"><div class=\"DOPThumbnailGalleryContainer\" id=\"DOPThumbnailGallery78\">\n                                 <a href=\"https:\/\/grupo-aligator.com\/wp-content\/plugins\/_doptg\/frontend-ajax.php\" class=\"Settings\"><\/a>\n                                 <ul class=\"Content\" style=\"display:none;\"><li>\n                                                    <img class=\"Image\" src=\"https:\/\/grupo-aligator.com\/wp-content\/plugins\/_doptg\/uploads\/4Psg3h82Rq7Q8pcgFF4eLqZptZ7N9FAgh4yZfxakhtX2O2C2ynDtfpqPTLjty385x.jpg\" alt=\"\" title=\"\" \/>\n                                                    <img class=\"Thumb\" src=\"https:\/\/grupo-aligator.com\/wp-content\/plugins\/_doptg\/uploads\/thumbs\/4Psg3h82Rq7Q8pcgFF4eLqZptZ7N9FAgh4yZfxakhtX2O2C2ynDtfpqPTLjty385x.jpg\" alt=\"\" title=\"\" \/>\n                                                    <span class=\"CaptionTitle\"><\/span>\n                                                    <span class=\"CaptionText\"><\/span>\n                                                    <span class=\"Media\"><\/span>\n                                                    <span class=\"LightboxMedia\"><\/span>\n                                                 <\/li><li>\n                                                    <img class=\"Image\" src=\"https:\/\/grupo-aligator.com\/wp-content\/plugins\/_doptg\/uploads\/eMpcgdWmkH7rstjpH7XAYR9mFxnyfzc95Q4KF258Ztt82nqLw8RbcHhzXjCKx2x8A.jpg\" alt=\"\" title=\"\" \/>\n                                                    <img class=\"Thumb\" src=\"https:\/\/grupo-aligator.com\/wp-content\/plugins\/_doptg\/uploads\/thumbs\/eMpcgdWmkH7rstjpH7XAYR9mFxnyfzc95Q4KF258Ztt82nqLw8RbcHhzXjCKx2x8A.jpg\" alt=\"\" title=\"\" \/>\n                                                    <span class=\"CaptionTitle\"><\/span>\n                                                    <span class=\"CaptionText\"><\/span>\n                                                    <span class=\"Media\"><\/span>\n                                                    <span class=\"LightboxMedia\"><\/span>\n                                                 <\/li><li>\n                                                    <img class=\"Image\" src=\"https:\/\/grupo-aligator.com\/wp-content\/plugins\/_doptg\/uploads\/EE7SLOQR12bhYcBbzYkNhRDMhB13jEnEhQSr9n4kYhSFLHafjEaF55YsfrrHKQqAW.jpg\" alt=\"\" title=\"\" \/>\n                                                    <img class=\"Thumb\" src=\"https:\/\/grupo-aligator.com\/wp-content\/plugins\/_doptg\/uploads\/thumbs\/EE7SLOQR12bhYcBbzYkNhRDMhB13jEnEhQSr9n4kYhSFLHafjEaF55YsfrrHKQqAW.jpg\" alt=\"\" title=\"\" \/>\n                                                    <span class=\"CaptionTitle\"><\/span>\n                                                    <span class=\"CaptionText\"><\/span>\n                                                    <span class=\"Media\"><\/span>\n                                                    <span class=\"LightboxMedia\"><\/span>\n                                                 <\/li><li>\n                                                    <img class=\"Image\" src=\"https:\/\/grupo-aligator.com\/wp-content\/plugins\/_doptg\/uploads\/xgtSQ6MPedOWEtNWFBwD7C2DNsrtPQrN3Wm3X5As7PQTfOd9Bg7WKxNK6FsYpsMZa.jpg\" alt=\"\" title=\"\" \/>\n                                                    <img class=\"Thumb\" src=\"https:\/\/grupo-aligator.com\/wp-content\/plugins\/_doptg\/uploads\/thumbs\/xgtSQ6MPedOWEtNWFBwD7C2DNsrtPQrN3Wm3X5As7PQTfOd9Bg7WKxNK6FsYpsMZa.jpg\" alt=\"\" title=\"\" \/>\n                                                    <span class=\"CaptionTitle\"><\/span>\n                                                    <span class=\"CaptionText\"><\/span>\n                                                    <span class=\"Media\"><\/span>\n                                                    <span class=\"LightboxMedia\"><\/span>\n                                                 <\/li><li>\n                                                    <img class=\"Image\" src=\"https:\/\/grupo-aligator.com\/wp-content\/plugins\/_doptg\/uploads\/bNk9WrAKdKC3KAXQgee2wLOnSNeSzDYzknFzmLgMLahPspG4fwxZrRMgZREdnWA88.jpg\" alt=\"\" title=\"\" \/>\n                                                    <img class=\"Thumb\" src=\"https:\/\/grupo-aligator.com\/wp-content\/plugins\/_doptg\/uploads\/thumbs\/bNk9WrAKdKC3KAXQgee2wLOnSNeSzDYzknFzmLgMLahPspG4fwxZrRMgZREdnWA88.jpg\" alt=\"\" title=\"\" \/>\n                                                    <span class=\"CaptionTitle\"><\/span>\n                                                    <span class=\"CaptionText\"><\/span>\n                                                    <span class=\"Media\"><\/span>\n                                                    <span class=\"LightboxMedia\"><\/span>\n                                                 <\/li><li>\n                                                    <img class=\"Image\" src=\"https:\/\/grupo-aligator.com\/wp-content\/plugins\/_doptg\/uploads\/E7Aq7atHHFj2tNfdCL6rpp1ag1HGZEdqqjDXKFPXDLDcsqTDTE7gDSOFgTcNYOaQz.jpg\" alt=\"\" title=\"\" \/>\n                                                    <img class=\"Thumb\" src=\"https:\/\/grupo-aligator.com\/wp-content\/plugins\/_doptg\/uploads\/thumbs\/E7Aq7atHHFj2tNfdCL6rpp1ag1HGZEdqqjDXKFPXDLDcsqTDTE7gDSOFgTcNYOaQz.jpg\" alt=\"\" title=\"\" \/>\n                                                    <span class=\"CaptionTitle\"><\/span>\n                                                    <span class=\"CaptionText\"><\/span>\n                                                    <span class=\"Media\"><\/span>\n                                                    <span class=\"LightboxMedia\"><\/span>\n                                                 <\/li><\/ul>\n                             <\/div>\n                             <script type=\"text\/JavaScript\">\n                                 jQuery(document).ready(function(){\n                                     jQuery('#DOPThumbnailGallery78').DOPThumbnailGallery();\n                                 });\n                             <\/script><\/div>\n","protected":false},"excerpt":{"rendered":"<p>Die Neubau-Aufsetz-Raffstoren haben wir speziell f\u00fcr Neubauten und Sanierungen entwickelt , bei denen der Raffstore unauff\u00e4llig in die Fassade integriert werden soll. Der Raffstore wird direkt auf dem Fenster befestigt und zusammen mit dem Fenster in die Rohbau\u00f6ffnung eingesetzt. Der Kasten kann dann au\u00dfen und innen eingeputzt werden. NEU &#8211; Patentierte F\u00fchrungsschiene zur Unterputzmontage: Im Bereich zwischen Fenster und F\u00fchrungsschiene ist hier eine Putztr\u00e4gerplatte gleich integriert. So werden die<span class=\"ellipsis\">&hellip;<\/span><\/p>\n<div class=\"read-more\"><a href=\"https:\/\/grupo-aligator.com\/de\/neubau-aufsetz-raffstoren\/\">Read More&#8230;<\/a><\/div>\n<p><!-- end of .read-more --><\/p>\n","protected":false},"author":1,"featured_media":0,"parent":0,"menu_order":0,"comment_status":"closed","ping_status":"closed","template":"content-page.php","meta":[],"yoast_head":"<!-- This site is optimized with the Yoast SEO plugin v19.11 - https:\/\/yoast.com\/wordpress\/plugins\/seo\/ -->\n<title>Neubau-Aufsetz-Raffstoren Mijas, Tarifa, Malaga, Marbella, Torrox - Cristaleria Aligator<\/title>\n<meta name=\"description\" content=\"Neubau-Aufsetz-Raffstoren Mijas, Tarifa, Malaga, Marbella, Torrox - Cristaleria Aligator Wintergarten und Terrassenverglasung auch in Sotogrande Costa del Sol\" \/>\n<meta name=\"robots\" content=\"index, follow, max-snippet:-1, max-image-preview:large, max-video-preview:-1\" \/>\n<link rel=\"canonical\" href=\"https:\/\/grupo-aligator.com\/de\/neubau-aufsetz-raffstoren\/\" \/>\n<meta property=\"og:locale\" content=\"de_DE\" \/>\n<meta property=\"og:type\" content=\"article\" \/>\n<meta property=\"og:title\" content=\"Neubau-Aufsetz-Raffstoren Mijas, Tarifa, Malaga, Marbella, Torrox - Cristaleria Aligator\" \/>\n<meta property=\"og:description\" content=\"Neubau-Aufsetz-Raffstoren Mijas, Tarifa, Malaga, Marbella, Torrox - Cristaleria Aligator Wintergarten und Terrassenverglasung auch in Sotogrande Costa del Sol\" \/>\n<meta property=\"og:url\" content=\"https:\/\/grupo-aligator.com\/de\/neubau-aufsetz-raffstoren\/\" \/>\n<meta property=\"article:modified_time\" content=\"2015-09-11T11:54:36+00:00\" \/>\n<meta name=\"twitter:card\" content=\"summary_large_image\" \/>\n<script type=\"application\/ld+json\" class=\"yoast-schema-graph\">{\"@context\":\"https:\/\/schema.org\",\"@graph\":[{\"@type\":\"WebPage\",\"@id\":\"https:\/\/grupo-aligator.com\/de\/neubau-aufsetz-raffstoren\/\",\"url\":\"https:\/\/grupo-aligator.com\/de\/neubau-aufsetz-raffstoren\/\",\"name\":\"Neubau-Aufsetz-Raffstoren Mijas, Tarifa, Malaga, Marbella, Torrox - Cristaleria Aligator\",\"isPartOf\":{\"@id\":\"https:\/\/grupo-aligator.com\/de\/#website\"},\"datePublished\":\"2014-07-15T15:47:34+00:00\",\"dateModified\":\"2015-09-11T11:54:36+00:00\",\"description\":\"Neubau-Aufsetz-Raffstoren Mijas, Tarifa, Malaga, Marbella, Torrox - Cristaleria Aligator Wintergarten und Terrassenverglasung auch in Sotogrande Costa del Sol\",\"breadcrumb\":{\"@id\":\"https:\/\/grupo-aligator.com\/de\/neubau-aufsetz-raffstoren\/#breadcrumb\"},\"inLanguage\":\"de\",\"potentialAction\":[{\"@type\":\"ReadAction\",\"target\":[\"https:\/\/grupo-aligator.com\/de\/neubau-aufsetz-raffstoren\/\"]}]},{\"@type\":\"BreadcrumbList\",\"@id\":\"https:\/\/grupo-aligator.com\/de\/neubau-aufsetz-raffstoren\/#breadcrumb\",\"itemListElement\":[{\"@type\":\"ListItem\",\"position\":1,\"name\":\"Home\",\"item\":\"https:\/\/grupo-aligator.com\/de\/\"},{\"@type\":\"ListItem\",\"position\":2,\"name\":\"Neubau-Aufsetz-Raffstoren\"}]},{\"@type\":\"WebSite\",\"@id\":\"https:\/\/grupo-aligator.com\/de\/#website\",\"url\":\"https:\/\/grupo-aligator.com\/de\/\",\"name\":\"\",\"description\":\"\",\"publisher\":{\"@id\":\"https:\/\/grupo-aligator.com\/de\/#organization\"},\"potentialAction\":[{\"@type\":\"SearchAction\",\"target\":{\"@type\":\"EntryPoint\",\"urlTemplate\":\"https:\/\/grupo-aligator.com\/de\/?s={search_term_string}\"},\"query-input\":\"required name=search_term_string\"}],\"inLanguage\":\"de\"},{\"@type\":\"Organization\",\"@id\":\"https:\/\/grupo-aligator.com\/de\/#organization\",\"name\":\"Cristaleria Aligator S.L.\",\"url\":\"https:\/\/grupo-aligator.com\/de\/\",\"logo\":{\"@type\":\"ImageObject\",\"inLanguage\":\"de\",\"@id\":\"https:\/\/grupo-aligator.com\/de\/#\/schema\/logo\/image\/\",\"url\":\"http:\/\/grupo-aligator.com\/wp-content\/uploads\/2019\/11\/aligator-logo-de.png\",\"contentUrl\":\"http:\/\/grupo-aligator.com\/wp-content\/uploads\/2019\/11\/aligator-logo-de.png\",\"width\":150,\"height\":160,\"caption\":\"Cristaleria Aligator S.L.\"},\"image\":{\"@id\":\"https:\/\/grupo-aligator.com\/de\/#\/schema\/logo\/image\/\"}}]}<\/script>\n<!-- \/ Yoast SEO plugin. -->","yoast_head_json":{"title":"Neubau-Aufsetz-Raffstoren Mijas, Tarifa, Malaga, Marbella, Torrox - Cristaleria Aligator","description":"Neubau-Aufsetz-Raffstoren Mijas, Tarifa, Malaga, Marbella, Torrox - Cristaleria Aligator Wintergarten und Terrassenverglasung auch in Sotogrande Costa del Sol","robots":{"index":"index","follow":"follow","max-snippet":"max-snippet:-1","max-image-preview":"max-image-preview:large","max-video-preview":"max-video-preview:-1"},"canonical":"https:\/\/grupo-aligator.com\/de\/neubau-aufsetz-raffstoren\/","og_locale":"de_DE","og_type":"article","og_title":"Neubau-Aufsetz-Raffstoren Mijas, Tarifa, Malaga, Marbella, Torrox - Cristaleria Aligator","og_description":"Neubau-Aufsetz-Raffstoren Mijas, Tarifa, Malaga, Marbella, Torrox - Cristaleria Aligator Wintergarten und Terrassenverglasung auch in Sotogrande Costa del Sol","og_url":"https:\/\/grupo-aligator.com\/de\/neubau-aufsetz-raffstoren\/","article_modified_time":"2015-09-11T11:54:36+00:00","twitter_card":"summary_large_image","schema":{"@context":"https:\/\/schema.org","@graph":[{"@type":"WebPage","@id":"https:\/\/grupo-aligator.com\/de\/neubau-aufsetz-raffstoren\/","url":"https:\/\/grupo-aligator.com\/de\/neubau-aufsetz-raffstoren\/","name":"Neubau-Aufsetz-Raffstoren Mijas, Tarifa, Malaga, Marbella, Torrox - Cristaleria Aligator","isPartOf":{"@id":"https:\/\/grupo-aligator.com\/de\/#website"},"datePublished":"2014-07-15T15:47:34+00:00","dateModified":"2015-09-11T11:54:36+00:00","description":"Neubau-Aufsetz-Raffstoren Mijas, Tarifa, Malaga, Marbella, Torrox - Cristaleria Aligator Wintergarten und Terrassenverglasung auch in Sotogrande Costa del Sol","breadcrumb":{"@id":"https:\/\/grupo-aligator.com\/de\/neubau-aufsetz-raffstoren\/#breadcrumb"},"inLanguage":"de","potentialAction":[{"@type":"ReadAction","target":["https:\/\/grupo-aligator.com\/de\/neubau-aufsetz-raffstoren\/"]}]},{"@type":"BreadcrumbList","@id":"https:\/\/grupo-aligator.com\/de\/neubau-aufsetz-raffstoren\/#breadcrumb","itemListElement":[{"@type":"ListItem","position":1,"name":"Home","item":"https:\/\/grupo-aligator.com\/de\/"},{"@type":"ListItem","position":2,"name":"Neubau-Aufsetz-Raffstoren"}]},{"@type":"WebSite","@id":"https:\/\/grupo-aligator.com\/de\/#website","url":"https:\/\/grupo-aligator.com\/de\/","name":"","description":"","publisher":{"@id":"https:\/\/grupo-aligator.com\/de\/#organization"},"potentialAction":[{"@type":"SearchAction","target":{"@type":"EntryPoint","urlTemplate":"https:\/\/grupo-aligator.com\/de\/?s={search_term_string}"},"query-input":"required name=search_term_string"}],"inLanguage":"de"},{"@type":"Organization","@id":"https:\/\/grupo-aligator.com\/de\/#organization","name":"Cristaleria Aligator S.L.","url":"https:\/\/grupo-aligator.com\/de\/","logo":{"@type":"ImageObject","inLanguage":"de","@id":"https:\/\/grupo-aligator.com\/de\/#\/schema\/logo\/image\/","url":"http:\/\/grupo-aligator.com\/wp-content\/uploads\/2019\/11\/aligator-logo-de.png","contentUrl":"http:\/\/grupo-aligator.com\/wp-content\/uploads\/2019\/11\/aligator-logo-de.png","width":150,"height":160,"caption":"Cristaleria Aligator S.L."},"image":{"@id":"https:\/\/grupo-aligator.com\/de\/#\/schema\/logo\/image\/"}}]}},"_links":{"self":[{"href":"https:\/\/grupo-aligator.com\/de\/wp-json\/wp\/v2\/pages\/2292"}],"collection":[{"href":"https:\/\/grupo-aligator.com\/de\/wp-json\/wp\/v2\/pages"}],"about":[{"href":"https:\/\/grupo-aligator.com\/de\/wp-json\/wp\/v2\/types\/page"}],"author":[{"embeddable":true,"href":"https:\/\/grupo-aligator.com\/de\/wp-json\/wp\/v2\/users\/1"}],"replies":[{"embeddable":true,"href":"https:\/\/grupo-aligator.com\/de\/wp-json\/wp\/v2\/comments?post=2292"}],"version-history":[{"count":2,"href":"https:\/\/grupo-aligator.com\/de\/wp-json\/wp\/v2\/pages\/2292\/revisions"}],"predecessor-version":[{"id":4809,"href":"https:\/\/grupo-aligator.com\/de\/wp-json\/wp\/v2\/pages\/2292\/revisions\/4809"}],"wp:attachment":[{"href":"https:\/\/grupo-aligator.com\/de\/wp-json\/wp\/v2\/media?parent=2292"}],"curies":[{"name":"wp","href":"https:\/\/api.w.org\/{rel}","templated":true}]}}