{"id":2240,"date":"2014-07-15T15:17:36","date_gmt":"2014-07-15T15:17:36","guid":{"rendered":"http:\/\/aligator.cristaleria-aligator.com\/?page_id=2240"},"modified":"2014-07-22T10:11:52","modified_gmt":"2014-07-22T10:11:52","slug":"vorbau-rollladen","status":"publish","type":"page","link":"https:\/\/grupo-aligator.com\/de\/vorbau-rollladen\/","title":{"rendered":"Vorbau-Rollladen"},"content":{"rendered":"<div id=\"aligator-logo-de\"><\/div>\n<div class=\"toldos-top-logo\"><img decoding=\"async\" src=\"\/wp-content\/uploads\/2013\/09\/warema-logo.png\" \/><\/div>\n<div id=\"toldos-aligator-description\">\n<p>Die Warema Vorbau-Rollladen eignen sich sowohl f\u00fcr den Einsatz im Neubau als auch f\u00fcr die Renovierung.<br \/>\nSie k\u00f6nnen entweder &#8222;unsichtbar&#8220; in die Fassade integriert oder als optisches Highlight an der Fassade eingesetzt werden.<br \/>\n\u00dcbrigens: Vorbau-Rollladen und Vorbau-Raffstoren lassen sich ideal kombinieren: Das Aussehen der K\u00e4sten und Blenden k\u00f6nnen Sie perfekt aufeinander abstimmen.<\/p>\n<\/div>\n<div id=\"toldos-menu-content\">\n<div id=\"toldos-menu-line-1\">\n<div class=\"toldos-menu\"><a href=\"http:\/\/grupo-aligator.com\/de\/vorbau-rollladen-v4i-v6i\/\" id=\"toldos-vorbau-rollladen-menu-item-1\">V4i + V6i<\/a><\/div>\n<div class=\"toldos-menu\"><a href=\"http:\/\/grupo-aligator.com\/de\/vorbau-rollladen-v4\/\" id=\"toldos-vorbau-rollladen-menu-item-2\">V4<\/a><\/div>\n<\/div>\n<div id=\"toldos-menu-line-2\">\n<div class=\"toldos-menu\"><a href=\"http:\/\/grupo-aligator.com\/de\/vorbau-rollladen-v6\/\" id=\"toldos-vorbau-rollladen-menu-item-3\">V6<\/a><\/div>\n<\/div>\n<\/div>\n<div class=\"toldos-menu-images\">\n<p><img decoding=\"async\" id=\"toldos-vorbau-rollladen-menu-item-1-img\" src=\"\/wp-content\/uploads\/2014\/07\/vorbau-rollladen-cat.jpg\" \/><\/p>\n<p><img decoding=\"async\" id=\"toldos-vorbau-rollladen-menu-item-2-img\" src=\"\/wp-content\/uploads\/2014\/07\/vorbau-rollladen-v4.jpg\" \/><\/p>\n<p><img decoding=\"async\" id=\"toldos-vorbau-rollladen-menu-item-3-img\" src=\"\/wp-content\/uploads\/2014\/07\/vorbau-rollladen-v6.jpg\" \/><\/p>\n<\/div>\n<p><script type=\"text\/javascript\">\n$(function() {\n    $('#toldos-vorbau-rollladen-menu-item-1').hover(function() { \n        $('#toldos-vorbau-rollladen-menu-item-1-img').show(); \n    }, function() { \n        $('#toldos-vorbau-rollladen-menu-item-1-img').hide(); \n    });\n    $('#toldos-vorbau-rollladen-menu-item-2').hover(function() { \n        $('#toldos-vorbau-rollladen-menu-item-2-img').show(); \n    }, function() { \n        $('#toldos-vorbau-rollladen-menu-item-2-img').hide(); \n    });\n    $('#toldos-vorbau-rollladen-menu-item-3').hover(function() { \n        $('#toldos-vorbau-rollladen-menu-item-3-img').show(); \n    }, function() { \n        $('#toldos-vorbau-rollladen-menu-item-3-img').hide(); \n    });\n});\n<\/script><\/p>\n","protected":false},"excerpt":{"rendered":"<p>Die Warema Vorbau-Rollladen eignen sich sowohl f\u00fcr den Einsatz im Neubau als auch f\u00fcr die Renovierung. Sie k\u00f6nnen entweder &#8222;unsichtbar&#8220; in die Fassade integriert oder als optisches Highlight an der Fassade eingesetzt werden. \u00dcbrigens: Vorbau-Rollladen und Vorbau-Raffstoren lassen sich ideal kombinieren: Das Aussehen der K\u00e4sten und Blenden k\u00f6nnen Sie perfekt aufeinander abstimmen. V4i + V6i V4 V6<\/p>\n","protected":false},"author":1,"featured_media":0,"parent":0,"menu_order":0,"comment_status":"closed","ping_status":"closed","template":"category-page.php","meta":[],"yoast_head":"<!-- This site is optimized with the Yoast SEO plugin v19.11 - https:\/\/yoast.com\/wordpress\/plugins\/seo\/ -->\n<title>Vorbau-Rollladen Mijas, Tarifa, Malaga, Marbella, Torrox - Cristaleria Aligator<\/title>\n<meta name=\"description\" content=\"Vorbau-Rollladen Mijas, Tarifa, Malaga, Marbella, Torrox - Cristaleria Aligator Wintergarten und Terrassenverglasung auch in Sotogrande Costa del Sol\" \/>\n<meta name=\"robots\" content=\"index, follow, max-snippet:-1, max-image-preview:large, max-video-preview:-1\" \/>\n<link rel=\"canonical\" href=\"https:\/\/grupo-aligator.com\/de\/vorbau-rollladen\/\" \/>\n<meta property=\"og:locale\" content=\"de_DE\" \/>\n<meta property=\"og:type\" content=\"article\" \/>\n<meta property=\"og:title\" content=\"Vorbau-Rollladen Mijas, Tarifa, Malaga, Marbella, Torrox - Cristaleria Aligator\" \/>\n<meta property=\"og:description\" content=\"Vorbau-Rollladen Mijas, Tarifa, Malaga, Marbella, Torrox - Cristaleria Aligator Wintergarten und Terrassenverglasung auch in Sotogrande Costa del Sol\" \/>\n<meta property=\"og:url\" content=\"https:\/\/grupo-aligator.com\/de\/vorbau-rollladen\/\" \/>\n<meta property=\"article:modified_time\" content=\"2014-07-22T10:11:52+00:00\" \/>\n<meta name=\"twitter:card\" content=\"summary_large_image\" \/>\n<script type=\"application\/ld+json\" class=\"yoast-schema-graph\">{\"@context\":\"https:\/\/schema.org\",\"@graph\":[{\"@type\":\"WebPage\",\"@id\":\"https:\/\/grupo-aligator.com\/de\/vorbau-rollladen\/\",\"url\":\"https:\/\/grupo-aligator.com\/de\/vorbau-rollladen\/\",\"name\":\"Vorbau-Rollladen Mijas, Tarifa, Malaga, Marbella, Torrox - Cristaleria Aligator\",\"isPartOf\":{\"@id\":\"https:\/\/grupo-aligator.com\/de\/#website\"},\"datePublished\":\"2014-07-15T15:17:36+00:00\",\"dateModified\":\"2014-07-22T10:11:52+00:00\",\"description\":\"Vorbau-Rollladen Mijas, Tarifa, Malaga, Marbella, Torrox - Cristaleria Aligator Wintergarten und Terrassenverglasung auch in Sotogrande Costa del Sol\",\"breadcrumb\":{\"@id\":\"https:\/\/grupo-aligator.com\/de\/vorbau-rollladen\/#breadcrumb\"},\"inLanguage\":\"de\",\"potentialAction\":[{\"@type\":\"ReadAction\",\"target\":[\"https:\/\/grupo-aligator.com\/de\/vorbau-rollladen\/\"]}]},{\"@type\":\"BreadcrumbList\",\"@id\":\"https:\/\/grupo-aligator.com\/de\/vorbau-rollladen\/#breadcrumb\",\"itemListElement\":[{\"@type\":\"ListItem\",\"position\":1,\"name\":\"Home\",\"item\":\"https:\/\/grupo-aligator.com\/de\/\"},{\"@type\":\"ListItem\",\"position\":2,\"name\":\"Vorbau-Rollladen\"}]},{\"@type\":\"WebSite\",\"@id\":\"https:\/\/grupo-aligator.com\/de\/#website\",\"url\":\"https:\/\/grupo-aligator.com\/de\/\",\"name\":\"\",\"description\":\"\",\"publisher\":{\"@id\":\"https:\/\/grupo-aligator.com\/de\/#organization\"},\"potentialAction\":[{\"@type\":\"SearchAction\",\"target\":{\"@type\":\"EntryPoint\",\"urlTemplate\":\"https:\/\/grupo-aligator.com\/de\/?s={search_term_string}\"},\"query-input\":\"required name=search_term_string\"}],\"inLanguage\":\"de\"},{\"@type\":\"Organization\",\"@id\":\"https:\/\/grupo-aligator.com\/de\/#organization\",\"name\":\"Cristaleria Aligator S.L.\",\"url\":\"https:\/\/grupo-aligator.com\/de\/\",\"logo\":{\"@type\":\"ImageObject\",\"inLanguage\":\"de\",\"@id\":\"https:\/\/grupo-aligator.com\/de\/#\/schema\/logo\/image\/\",\"url\":\"http:\/\/grupo-aligator.com\/wp-content\/uploads\/2019\/11\/aligator-logo-de.png\",\"contentUrl\":\"http:\/\/grupo-aligator.com\/wp-content\/uploads\/2019\/11\/aligator-logo-de.png\",\"width\":150,\"height\":160,\"caption\":\"Cristaleria Aligator S.L.\"},\"image\":{\"@id\":\"https:\/\/grupo-aligator.com\/de\/#\/schema\/logo\/image\/\"}}]}<\/script>\n<!-- \/ Yoast SEO plugin. -->","yoast_head_json":{"title":"Vorbau-Rollladen Mijas, Tarifa, Malaga, Marbella, Torrox - Cristaleria Aligator","description":"Vorbau-Rollladen Mijas, Tarifa, Malaga, Marbella, Torrox - Cristaleria Aligator Wintergarten und Terrassenverglasung auch in Sotogrande Costa del Sol","robots":{"index":"index","follow":"follow","max-snippet":"max-snippet:-1","max-image-preview":"max-image-preview:large","max-video-preview":"max-video-preview:-1"},"canonical":"https:\/\/grupo-aligator.com\/de\/vorbau-rollladen\/","og_locale":"de_DE","og_type":"article","og_title":"Vorbau-Rollladen Mijas, Tarifa, Malaga, Marbella, Torrox - Cristaleria Aligator","og_description":"Vorbau-Rollladen Mijas, Tarifa, Malaga, Marbella, Torrox - Cristaleria Aligator Wintergarten und Terrassenverglasung auch in Sotogrande Costa del Sol","og_url":"https:\/\/grupo-aligator.com\/de\/vorbau-rollladen\/","article_modified_time":"2014-07-22T10:11:52+00:00","twitter_card":"summary_large_image","schema":{"@context":"https:\/\/schema.org","@graph":[{"@type":"WebPage","@id":"https:\/\/grupo-aligator.com\/de\/vorbau-rollladen\/","url":"https:\/\/grupo-aligator.com\/de\/vorbau-rollladen\/","name":"Vorbau-Rollladen Mijas, Tarifa, Malaga, Marbella, Torrox - Cristaleria Aligator","isPartOf":{"@id":"https:\/\/grupo-aligator.com\/de\/#website"},"datePublished":"2014-07-15T15:17:36+00:00","dateModified":"2014-07-22T10:11:52+00:00","description":"Vorbau-Rollladen Mijas, Tarifa, Malaga, Marbella, Torrox - Cristaleria Aligator Wintergarten und Terrassenverglasung auch in Sotogrande Costa del Sol","breadcrumb":{"@id":"https:\/\/grupo-aligator.com\/de\/vorbau-rollladen\/#breadcrumb"},"inLanguage":"de","potentialAction":[{"@type":"ReadAction","target":["https:\/\/grupo-aligator.com\/de\/vorbau-rollladen\/"]}]},{"@type":"BreadcrumbList","@id":"https:\/\/grupo-aligator.com\/de\/vorbau-rollladen\/#breadcrumb","itemListElement":[{"@type":"ListItem","position":1,"name":"Home","item":"https:\/\/grupo-aligator.com\/de\/"},{"@type":"ListItem","position":2,"name":"Vorbau-Rollladen"}]},{"@type":"WebSite","@id":"https:\/\/grupo-aligator.com\/de\/#website","url":"https:\/\/grupo-aligator.com\/de\/","name":"","description":"","publisher":{"@id":"https:\/\/grupo-aligator.com\/de\/#organization"},"potentialAction":[{"@type":"SearchAction","target":{"@type":"EntryPoint","urlTemplate":"https:\/\/grupo-aligator.com\/de\/?s={search_term_string}"},"query-input":"required name=search_term_string"}],"inLanguage":"de"},{"@type":"Organization","@id":"https:\/\/grupo-aligator.com\/de\/#organization","name":"Cristaleria Aligator S.L.","url":"https:\/\/grupo-aligator.com\/de\/","logo":{"@type":"ImageObject","inLanguage":"de","@id":"https:\/\/grupo-aligator.com\/de\/#\/schema\/logo\/image\/","url":"http:\/\/grupo-aligator.com\/wp-content\/uploads\/2019\/11\/aligator-logo-de.png","contentUrl":"http:\/\/grupo-aligator.com\/wp-content\/uploads\/2019\/11\/aligator-logo-de.png","width":150,"height":160,"caption":"Cristaleria Aligator S.L."},"image":{"@id":"https:\/\/grupo-aligator.com\/de\/#\/schema\/logo\/image\/"}}]}},"_links":{"self":[{"href":"https:\/\/grupo-aligator.com\/de\/wp-json\/wp\/v2\/pages\/2240"}],"collection":[{"href":"https:\/\/grupo-aligator.com\/de\/wp-json\/wp\/v2\/pages"}],"about":[{"href":"https:\/\/grupo-aligator.com\/de\/wp-json\/wp\/v2\/types\/page"}],"author":[{"embeddable":true,"href":"https:\/\/grupo-aligator.com\/de\/wp-json\/wp\/v2\/users\/1"}],"replies":[{"embeddable":true,"href":"https:\/\/grupo-aligator.com\/de\/wp-json\/wp\/v2\/comments?post=2240"}],"version-history":[{"count":4,"href":"https:\/\/grupo-aligator.com\/de\/wp-json\/wp\/v2\/pages\/2240\/revisions"}],"predecessor-version":[{"id":2814,"href":"https:\/\/grupo-aligator.com\/de\/wp-json\/wp\/v2\/pages\/2240\/revisions\/2814"}],"wp:attachment":[{"href":"https:\/\/grupo-aligator.com\/de\/wp-json\/wp\/v2\/media?parent=2240"}],"curies":[{"name":"wp","href":"https:\/\/api.w.org\/{rel}","templated":true}]}}