{"id":2204,"date":"2014-07-15T15:09:47","date_gmt":"2014-07-15T15:09:47","guid":{"rendered":"http:\/\/aligator.cristaleria-aligator.com\/?page_id=2204"},"modified":"2019-11-21T19:22:05","modified_gmt":"2019-11-21T17:22:05","slug":"rollladen-marbella","status":"publish","type":"page","link":"https:\/\/grupo-aligator.com\/de\/rollladen-marbella\/","title":{"rendered":"Rolll\u00e4den"},"content":{"rendered":"<div id=\"aligator-logo-de\"><\/div>\n<div class=\"toldos-top-logo\"><img decoding=\"async\" src=\"\/wp-content\/uploads\/2013\/09\/warema-logo.png\" alt=\"\" \/><\/div>\n<div id=\"toldos-aligator-description\">\n<p>Rollladen Marbella sind der Klassiker f\u00fcr\u2019s Eigenheim und Wohnung. Sie sind einfach zu montieren und f\u00fcgen sich je nach Wunsch als gestalterisches Element oder nahezu unsichtbar in die Fassade ein. Setzen Sie Ihren Standard selbst und stellen Sie sich Ihren Rollladen Marbella individuell zusammen.<\/p>\n<p>&nbsp;<\/p>\n<p>Daf\u00fcr stehen Ihnen diverse Profile und eine gro\u00dfe Farbauswahl zur Verf\u00fcgung. Moderne Rolll\u00e4den sorgen f\u00fcr Sicherheit, Ruhe und sparen dabei noch Energie. Wir verarbeiten nur Rolll\u00e4den vom deutschen Qualit\u00e4tshersteller Warema!<\/p>\n<\/div>\n<div id=\"toldos-menu-content\">\n<div id=\"toldos-menu-line-1\">\n<div class=\"toldos-menu\"><a id=\"toldos-rollladen-menu-item-1\" href=\"http:\/\/grupo-aligator.com\/de\/aufsetz-rollladen\/\">Aufsetz-Rollladen<\/a><\/div>\n<div class=\"toldos-menu\"><a id=\"toldos-rollladen-menu-item-2\" href=\"http:\/\/grupo-aligator.com\/de\/schrag-rollladen-s6\/\">Schr\u00e4g-Rollladen<\/a><\/div>\n<\/div>\n<div id=\"toldos-menu-line-2\">\n<div class=\"toldos-menu\"><a id=\"toldos-rollladen-menu-item-3\" href=\"http:\/\/grupo-aligator.com\/de\/sicherheits-rollladen-fr23-fr24\/\">Sicherheits-Rollladen<\/a><\/div>\n<div class=\"toldos-menu\"><a id=\"toldos-rollladen-menu-item-4\" href=\"http:\/\/grupo-aligator.com\/de\/vorbau-rollladen\/\">Vorbau-Rollladen<\/a><\/div>\n<\/div>\n<div id=\"toldos-menu-line-3\">\n<div class=\"toldos-menu\"><a id=\"toldos-rollladen-menu-item-5\" href=\"http:\/\/grupo-aligator.com\/de\/rollladen-sonderausstattung\/\">Sonderausstattung<\/a><\/div>\n<\/div>\n<\/div>\n<div class=\"toldos-menu-images\">\n<p><img decoding=\"async\" id=\"toldos-rollladen-menu-item-1-img\" src=\"\/wp-content\/uploads\/2013\/09\/rolladen-cat.jpg\" alt=\"\" \/><\/p>\n<p><img decoding=\"async\" id=\"toldos-rollladen-menu-item-2-img\" src=\"\/wp-content\/uploads\/2014\/07\/schrag-rollladen-cat.jpg\" alt=\"\" \/><\/p>\n<p><img decoding=\"async\" id=\"toldos-rollladen-menu-item-3-img\" src=\"\/wp-content\/uploads\/2014\/07\/sicherheits-rollladen-cat.jpg\" alt=\"\" \/><\/p>\n<p><img decoding=\"async\" id=\"toldos-rollladen-menu-item-4-img\" src=\"\/wp-content\/uploads\/2014\/07\/vorbau-rollladen-cat.jpg\" alt=\"\" \/><\/p>\n<p><img decoding=\"async\" id=\"toldos-rollladen-menu-item-5-img\" src=\"\/wp-content\/uploads\/2014\/07\/vorbau-rollladen-cat.jpg\" alt=\"\" \/><\/p>\n<\/div>\n<p><script type=\"text\/javascript\">\n$(function() {\n    $('#toldos-rollladen-menu-item-1').hover(function() { \n        $('#toldos-rollladen-menu-item-1-img').show(); \n    }, function() { \n        $('#toldos-rollladen-menu-item-1-img').hide(); \n    });\n    $('#toldos-rollladen-menu-item-2').hover(function() { \n        $('#toldos-rollladen-menu-item-2-img').show(); \n    }, function() { \n        $('#toldos-rollladen-menu-item-2-img').hide(); \n    });\n    $('#toldos-rollladen-menu-item-3').hover(function() { \n        $('#toldos-rollladen-menu-item-3-img').show(); \n    }, function() { \n        $('#toldos-rollladen-menu-item-3-img').hide(); \n    });\n    $('#toldos-rollladen-menu-item-4').hover(function() { \n        $('#toldos-rollladen-menu-item-4-img').show(); \n    }, function() { \n        $('#toldos-rollladen-menu-item-4-img').hide(); \n    });\n    $('#toldos-rollladen-menu-item-5').hover(function() { \n        $('#toldos-rollladen-menu-item-5-img').show(); \n    }, function() { \n        $('#toldos-rollladen-menu-item-5-img').hide(); \n    });\n});\n<\/script><\/p>\n","protected":false},"excerpt":{"rendered":"<p>Rollladen Marbella sind der Klassiker f\u00fcr\u2019s Eigenheim und Wohnung. Sie sind einfach zu montieren und f\u00fcgen sich je nach Wunsch als gestalterisches Element oder nahezu unsichtbar in die Fassade ein. Setzen Sie Ihren Standard selbst und stellen Sie sich Ihren Rollladen Marbella individuell zusammen. &nbsp; Daf\u00fcr stehen Ihnen diverse Profile und eine gro\u00dfe Farbauswahl zur Verf\u00fcgung. Moderne Rolll\u00e4den sorgen f\u00fcr Sicherheit, Ruhe und sparen dabei noch Energie. Wir verarbeiten<span class=\"ellipsis\">&hellip;<\/span><\/p>\n<div class=\"read-more\"><a href=\"https:\/\/grupo-aligator.com\/de\/rollladen-marbella\/\">Read More&#8230;<\/a><\/div>\n<p><!-- end of .read-more --><\/p>\n","protected":false},"author":1,"featured_media":0,"parent":0,"menu_order":0,"comment_status":"closed","ping_status":"closed","template":"category-page.php","meta":[],"yoast_head":"<!-- This site is optimized with the Yoast SEO plugin v19.11 - https:\/\/yoast.com\/wordpress\/plugins\/seo\/ -->\n<title>Rollladen Marbella Sicherheit und Ruhe mit Roll\u00e4den Mijas -Toldos Aligator<\/title>\n<meta name=\"description\" content=\"Rollladen Marbella Sicherheit und Ruhe mit Roll\u00e4den Mijas Fuengirola Toldos Aligator verarbeitet nur Rolll\u00e4den vom deutschen Rolladen Qualit\u00e4tshersteller...\" \/>\n<meta name=\"robots\" content=\"index, follow, max-snippet:-1, max-image-preview:large, max-video-preview:-1\" \/>\n<link rel=\"canonical\" href=\"https:\/\/grupo-aligator.com\/de\/rollladen-marbella\/\" \/>\n<meta property=\"og:locale\" content=\"de_DE\" \/>\n<meta property=\"og:type\" content=\"article\" \/>\n<meta property=\"og:title\" content=\"Rollladen Marbella Sicherheit und Ruhe mit Roll\u00e4den Mijas -Toldos Aligator\" \/>\n<meta property=\"og:description\" content=\"Rollladen Marbella Sicherheit und Ruhe mit Roll\u00e4den Mijas Fuengirola Toldos Aligator verarbeitet nur Rolll\u00e4den vom deutschen Rolladen Qualit\u00e4tshersteller...\" \/>\n<meta property=\"og:url\" content=\"https:\/\/grupo-aligator.com\/de\/rollladen-marbella\/\" \/>\n<meta property=\"article:modified_time\" content=\"2019-11-21T17:22:05+00:00\" \/>\n<meta name=\"twitter:card\" content=\"summary_large_image\" \/>\n<script type=\"application\/ld+json\" class=\"yoast-schema-graph\">{\"@context\":\"https:\/\/schema.org\",\"@graph\":[{\"@type\":\"WebPage\",\"@id\":\"https:\/\/grupo-aligator.com\/de\/rollladen-marbella\/\",\"url\":\"https:\/\/grupo-aligator.com\/de\/rollladen-marbella\/\",\"name\":\"Rollladen Marbella Sicherheit und Ruhe mit Roll\u00e4den Mijas -Toldos Aligator\",\"isPartOf\":{\"@id\":\"https:\/\/grupo-aligator.com\/de\/#website\"},\"datePublished\":\"2014-07-15T15:09:47+00:00\",\"dateModified\":\"2019-11-21T17:22:05+00:00\",\"description\":\"Rollladen Marbella Sicherheit und Ruhe mit Roll\u00e4den Mijas Fuengirola Toldos Aligator verarbeitet nur Rolll\u00e4den vom deutschen Rolladen Qualit\u00e4tshersteller...\",\"breadcrumb\":{\"@id\":\"https:\/\/grupo-aligator.com\/de\/rollladen-marbella\/#breadcrumb\"},\"inLanguage\":\"de\",\"potentialAction\":[{\"@type\":\"ReadAction\",\"target\":[\"https:\/\/grupo-aligator.com\/de\/rollladen-marbella\/\"]}]},{\"@type\":\"BreadcrumbList\",\"@id\":\"https:\/\/grupo-aligator.com\/de\/rollladen-marbella\/#breadcrumb\",\"itemListElement\":[{\"@type\":\"ListItem\",\"position\":1,\"name\":\"Home\",\"item\":\"https:\/\/grupo-aligator.com\/de\/\"},{\"@type\":\"ListItem\",\"position\":2,\"name\":\"Rolll\u00e4den\"}]},{\"@type\":\"WebSite\",\"@id\":\"https:\/\/grupo-aligator.com\/de\/#website\",\"url\":\"https:\/\/grupo-aligator.com\/de\/\",\"name\":\"\",\"description\":\"\",\"publisher\":{\"@id\":\"https:\/\/grupo-aligator.com\/de\/#organization\"},\"potentialAction\":[{\"@type\":\"SearchAction\",\"target\":{\"@type\":\"EntryPoint\",\"urlTemplate\":\"https:\/\/grupo-aligator.com\/de\/?s={search_term_string}\"},\"query-input\":\"required name=search_term_string\"}],\"inLanguage\":\"de\"},{\"@type\":\"Organization\",\"@id\":\"https:\/\/grupo-aligator.com\/de\/#organization\",\"name\":\"Cristaleria Aligator S.L.\",\"url\":\"https:\/\/grupo-aligator.com\/de\/\",\"logo\":{\"@type\":\"ImageObject\",\"inLanguage\":\"de\",\"@id\":\"https:\/\/grupo-aligator.com\/de\/#\/schema\/logo\/image\/\",\"url\":\"http:\/\/grupo-aligator.com\/wp-content\/uploads\/2019\/11\/aligator-logo-de.png\",\"contentUrl\":\"http:\/\/grupo-aligator.com\/wp-content\/uploads\/2019\/11\/aligator-logo-de.png\",\"width\":150,\"height\":160,\"caption\":\"Cristaleria Aligator S.L.\"},\"image\":{\"@id\":\"https:\/\/grupo-aligator.com\/de\/#\/schema\/logo\/image\/\"}}]}<\/script>\n<!-- \/ Yoast SEO plugin. -->","yoast_head_json":{"title":"Rollladen Marbella Sicherheit und Ruhe mit Roll\u00e4den Mijas -Toldos Aligator","description":"Rollladen Marbella Sicherheit und Ruhe mit Roll\u00e4den Mijas Fuengirola Toldos Aligator verarbeitet nur Rolll\u00e4den vom deutschen Rolladen Qualit\u00e4tshersteller...","robots":{"index":"index","follow":"follow","max-snippet":"max-snippet:-1","max-image-preview":"max-image-preview:large","max-video-preview":"max-video-preview:-1"},"canonical":"https:\/\/grupo-aligator.com\/de\/rollladen-marbella\/","og_locale":"de_DE","og_type":"article","og_title":"Rollladen Marbella Sicherheit und Ruhe mit Roll\u00e4den Mijas -Toldos Aligator","og_description":"Rollladen Marbella Sicherheit und Ruhe mit Roll\u00e4den Mijas Fuengirola Toldos Aligator verarbeitet nur Rolll\u00e4den vom deutschen Rolladen Qualit\u00e4tshersteller...","og_url":"https:\/\/grupo-aligator.com\/de\/rollladen-marbella\/","article_modified_time":"2019-11-21T17:22:05+00:00","twitter_card":"summary_large_image","schema":{"@context":"https:\/\/schema.org","@graph":[{"@type":"WebPage","@id":"https:\/\/grupo-aligator.com\/de\/rollladen-marbella\/","url":"https:\/\/grupo-aligator.com\/de\/rollladen-marbella\/","name":"Rollladen Marbella Sicherheit und Ruhe mit Roll\u00e4den Mijas -Toldos Aligator","isPartOf":{"@id":"https:\/\/grupo-aligator.com\/de\/#website"},"datePublished":"2014-07-15T15:09:47+00:00","dateModified":"2019-11-21T17:22:05+00:00","description":"Rollladen Marbella Sicherheit und Ruhe mit Roll\u00e4den Mijas Fuengirola Toldos Aligator verarbeitet nur Rolll\u00e4den vom deutschen Rolladen Qualit\u00e4tshersteller...","breadcrumb":{"@id":"https:\/\/grupo-aligator.com\/de\/rollladen-marbella\/#breadcrumb"},"inLanguage":"de","potentialAction":[{"@type":"ReadAction","target":["https:\/\/grupo-aligator.com\/de\/rollladen-marbella\/"]}]},{"@type":"BreadcrumbList","@id":"https:\/\/grupo-aligator.com\/de\/rollladen-marbella\/#breadcrumb","itemListElement":[{"@type":"ListItem","position":1,"name":"Home","item":"https:\/\/grupo-aligator.com\/de\/"},{"@type":"ListItem","position":2,"name":"Rolll\u00e4den"}]},{"@type":"WebSite","@id":"https:\/\/grupo-aligator.com\/de\/#website","url":"https:\/\/grupo-aligator.com\/de\/","name":"","description":"","publisher":{"@id":"https:\/\/grupo-aligator.com\/de\/#organization"},"potentialAction":[{"@type":"SearchAction","target":{"@type":"EntryPoint","urlTemplate":"https:\/\/grupo-aligator.com\/de\/?s={search_term_string}"},"query-input":"required name=search_term_string"}],"inLanguage":"de"},{"@type":"Organization","@id":"https:\/\/grupo-aligator.com\/de\/#organization","name":"Cristaleria Aligator S.L.","url":"https:\/\/grupo-aligator.com\/de\/","logo":{"@type":"ImageObject","inLanguage":"de","@id":"https:\/\/grupo-aligator.com\/de\/#\/schema\/logo\/image\/","url":"http:\/\/grupo-aligator.com\/wp-content\/uploads\/2019\/11\/aligator-logo-de.png","contentUrl":"http:\/\/grupo-aligator.com\/wp-content\/uploads\/2019\/11\/aligator-logo-de.png","width":150,"height":160,"caption":"Cristaleria Aligator S.L."},"image":{"@id":"https:\/\/grupo-aligator.com\/de\/#\/schema\/logo\/image\/"}}]}},"_links":{"self":[{"href":"https:\/\/grupo-aligator.com\/de\/wp-json\/wp\/v2\/pages\/2204"}],"collection":[{"href":"https:\/\/grupo-aligator.com\/de\/wp-json\/wp\/v2\/pages"}],"about":[{"href":"https:\/\/grupo-aligator.com\/de\/wp-json\/wp\/v2\/types\/page"}],"author":[{"embeddable":true,"href":"https:\/\/grupo-aligator.com\/de\/wp-json\/wp\/v2\/users\/1"}],"replies":[{"embeddable":true,"href":"https:\/\/grupo-aligator.com\/de\/wp-json\/wp\/v2\/comments?post=2204"}],"version-history":[{"count":20,"href":"https:\/\/grupo-aligator.com\/de\/wp-json\/wp\/v2\/pages\/2204\/revisions"}],"predecessor-version":[{"id":5838,"href":"https:\/\/grupo-aligator.com\/de\/wp-json\/wp\/v2\/pages\/2204\/revisions\/5838"}],"wp:attachment":[{"href":"https:\/\/grupo-aligator.com\/de\/wp-json\/wp\/v2\/media?parent=2204"}],"curies":[{"name":"wp","href":"https:\/\/api.w.org\/{rel}","templated":true}]}}